{"id":1884,"date":"2021-08-25T17:30:24","date_gmt":"2021-08-25T09:30:24","guid":{"rendered":"http:\/\/201230ip92c2.adwebcloud.com\/?post_type=product&#038;p=1884"},"modified":"2021-10-12T14:27:24","modified_gmt":"2021-10-12T06:27:24","slug":"hg12d-c-conductivity-electrode","status":"publish","type":"product","link":"https:\/\/www.hginstrument.com\/pt\/analysis-instrument\/hg12d-c-conductivity-electrode\/","title":{"rendered":"El\u00e9trodo de condutividade HG12D-C"},"content":{"rendered":"<p><strong>Caracter\u00edstica:<\/strong><br \/>\nA sonda de condutividade \u00e9 constitu\u00edda por dois an\u00e9is de liga redondos com uma bobina, que \u00e9 encerrada no anel de pl\u00e1stico, pelo que a sonda de condutividade n\u00e3o entra em contacto com o l\u00edquido medido, n\u00e3o necessitando de manuten\u00e7\u00e3o frequente.<br \/>\nEvitar o problema de deposi\u00e7\u00e3o de i\u00f5es, cobertura ou polariza\u00e7\u00e3o. A contamina\u00e7\u00e3o ou polui\u00e7\u00e3o por \u00f3leo n\u00e3o afecta o desempenho do el\u00e9trodo do tipo indut\u00e2ncia.<br \/>\nA vida \u00fatil pode atingir cerca de 10 anos.<br \/>\nCircuito integrado especial incorporado, tens\u00e3o de sa\u00edda direta, sinal digital 4-20mA e RS485.<br \/>\nPode ser utilizado para combinar com o transmissor de condutividade ou ligar diretamente ao PLC ou DCS<\/p>\n<p>&nbsp;<\/p>\n<p><strong>Dados t\u00e9cnicos:<\/strong><\/p>\n<table width=\"697\">\n<tbody>\n<tr>\n<td style=\"background-color: #d8d8d8; vertical-align: middle;\" width=\"277\">Princ\u00edpio de medi\u00e7\u00e3o<\/td>\n<td width=\"420\">Tipo de indut\u00e2ncia<\/td>\n<\/tr>\n<tr>\n<td style=\"background-color: #d8d8d8; vertical-align: middle;\">Material h\u00famido<\/td>\n<td width=\"420\">PP, PFA (opcional)<\/td>\n<\/tr>\n<tr>\n<td style=\"background-color: #d8d8d8; vertical-align: middle;\">Gama de medi\u00e7\u00e3o<\/td>\n<td width=\"420\">0 ~ 2 mS\/cm; 0 ~ 20 mS\/cm;<br \/>\n0 ~ 200 mS\/cm; 0 ~ 2000 mS\/cm (opcional)<\/td>\n<\/tr>\n<tr>\n<td style=\"background-color: #d8d8d8; vertical-align: middle;\">Temperatura de funcionamento<\/td>\n<td>100\u2103<\/td>\n<\/tr>\n<tr>\n<td style=\"background-color: #d8d8d8; vertical-align: middle;\">Press\u00e3o de funcionamento<\/td>\n<td>1,0 Mpa, 2,5Mpa<\/td>\n<\/tr>\n<tr>\n<td style=\"background-color: #d8d8d8; vertical-align: middle;\">Op\u00e7\u00e3o de compensa\u00e7\u00e3o de temperatura<\/td>\n<td>Pt100 ou personalizado<\/td>\n<\/tr>\n<tr>\n<td style=\"background-color: #d8d8d8; vertical-align: middle;\">Sinal de sa\u00edda<\/td>\n<td>0 ~ 2000 mV, 4 ~ 20mA ( Carga \u2264 500\u03a9 ), RS485 (opcional)<\/td>\n<\/tr>\n<\/tbody>\n<\/table>\n<p>&nbsp;<\/p>\n<p><strong>Aspeto e dimens\u00e3o:\u00a0<\/strong><\/p>\n<table width=\"729\">\n<tbody>\n<tr style=\"background-color: #d8d8d8;\">\n<td style=\"text-align: center;\" width=\"218\">Tipo<\/td>\n<td style=\"text-align: center;\" width=\"254\">Imagem<\/td>\n<td style=\"text-align: center;\" width=\"257\">Dimens\u00e3o<\/td>\n<\/tr>\n<tr>\n<td style=\"text-align: center; vertical-align: middle;\">Tipo 1<\/td>\n<td>\u3000<img class=\"wp-image-1878 aligncenter\" src=\"http:\/\/www.hginstrument.com\/wp-content\/uploads\/2021\/08\/hg12d-c-02.jpg\" alt=\"hg12d c 02\" width=\"172\" height=\"407\" srcset=\"https:\/\/www.hginstrument.com\/wp-content\/uploads\/2021\/08\/hg12d-c-02.jpg 227w, https:\/\/www.hginstrument.com\/wp-content\/uploads\/2021\/08\/hg12d-c-02-127x300.jpg 127w\" sizes=\"(max-width: 172px) 100vw, 172px\" \/><\/td>\n<td>\u3000<img class=\"wp-image-1875 size-full aligncenter\" src=\"http:\/\/www.hginstrument.com\/wp-content\/uploads\/2021\/08\/dimension-01-3.jpg\" alt=\"dimens\u00e3o 01 3\" width=\"407\" height=\"404\" srcset=\"https:\/\/www.hginstrument.com\/wp-content\/uploads\/2021\/08\/dimension-01-3.jpg 407w, https:\/\/www.hginstrument.com\/wp-content\/uploads\/2021\/08\/dimension-01-3-150x150.jpg 150w, https:\/\/www.hginstrument.com\/wp-content\/uploads\/2021\/08\/dimension-01-3-300x298.jpg 300w, https:\/\/www.hginstrument.com\/wp-content\/uploads\/2021\/08\/dimension-01-3-100x100.jpg 100w\" sizes=\"(max-width: 407px) 100vw, 407px\" \/><\/td>\n<\/tr>\n<tr>\n<td style=\"text-align: center; vertical-align: middle;\">Tipo 2<\/td>\n<td>\u3000<img class=\"wp-image-1879 aligncenter\" src=\"http:\/\/www.hginstrument.com\/wp-content\/uploads\/2021\/08\/hg12d-c-03.jpg\" alt=\"hg12d c 03\" width=\"137\" height=\"414\" srcset=\"https:\/\/www.hginstrument.com\/wp-content\/uploads\/2021\/08\/hg12d-c-03.jpg 200w, https:\/\/www.hginstrument.com\/wp-content\/uploads\/2021\/08\/hg12d-c-03-99x300.jpg 99w\" sizes=\"(max-width: 137px) 100vw, 137px\" \/><\/td>\n<td>\u3000<img class=\"wp-image-1876 size-full aligncenter\" src=\"http:\/\/www.hginstrument.com\/wp-content\/uploads\/2021\/08\/dimension-02-3.jpg\" alt=\"dimens\u00e3o 02 3\" width=\"422\" height=\"444\" srcset=\"https:\/\/www.hginstrument.com\/wp-content\/uploads\/2021\/08\/dimension-02-3.jpg 422w, https:\/\/www.hginstrument.com\/wp-content\/uploads\/2021\/08\/dimension-02-3-285x300.jpg 285w\" sizes=\"(max-width: 422px) 100vw, 422px\" \/><\/td>\n<\/tr>\n<\/tbody>\n<\/table>\n<p>&nbsp;<\/p>\n<p><strong>Cablagem:<\/strong><\/p>\n<table width=\"472\">\n<tbody>\n<tr style=\"background-color: #d8d8d8;\">\n<td width=\"218\">Modo de cablagem<\/td>\n<td width=\"254\">Esquema el\u00e9trico<\/td>\n<\/tr>\n<tr>\n<td>Cablagem de tipo de tens\u00e3o<\/td>\n<td><img class=\"alignnone wp-image-1881 size-full\" src=\"http:\/\/www.hginstrument.com\/wp-content\/uploads\/2021\/08\/wiring-01.jpg\" alt=\"cablagem 01\" width=\"311\" height=\"146\" srcset=\"https:\/\/www.hginstrument.com\/wp-content\/uploads\/2021\/08\/wiring-01.jpg 311w, https:\/\/www.hginstrument.com\/wp-content\/uploads\/2021\/08\/wiring-01-300x141.jpg 300w\" sizes=\"(max-width: 311px) 100vw, 311px\" \/><\/td>\n<\/tr>\n<tr>\n<td>Cablagem de tipo corrente<\/td>\n<td><img class=\"alignnone wp-image-1882 size-full\" src=\"http:\/\/www.hginstrument.com\/wp-content\/uploads\/2021\/08\/wiring-02.jpg\" alt=\"cablagem 02\" width=\"455\" height=\"146\" srcset=\"https:\/\/www.hginstrument.com\/wp-content\/uploads\/2021\/08\/wiring-02.jpg 455w, https:\/\/www.hginstrument.com\/wp-content\/uploads\/2021\/08\/wiring-02-300x96.jpg 300w\" sizes=\"(max-width: 455px) 100vw, 455px\" \/><\/td>\n<\/tr>\n<tr>\n<td>Cablagem de tipo digital<\/td>\n<td><img class=\"alignnone wp-image-1883 size-full\" src=\"http:\/\/www.hginstrument.com\/wp-content\/uploads\/2021\/08\/wiring-03.jpg\" alt=\"cablagem 03\" width=\"285\" height=\"146\" \/><\/td>\n<\/tr>\n<\/tbody>\n<\/table>\n<p>&nbsp;<\/p>\n<p><strong>Aten\u00e7\u00e3o \u00e0 instala\u00e7\u00e3o:<\/strong><\/p>\n<p><strong>&gt; Se o sensor de condutividade estiver instalado na tubagem, tenha em aten\u00e7\u00e3o o seguinte<\/strong><br \/>\n1. O fluido deve passar atrav\u00e9s do orif\u00edcio circular do sensor de condutividade, ver o diagrama seguinte<\/p>\n<p><img class=\"alignnone wp-image-1880\" src=\"http:\/\/www.hginstrument.com\/wp-content\/uploads\/2021\/08\/installation-diagram-2.jpg\" alt=\"esquema de instala\u00e7\u00e3o 2\" width=\"286\" height=\"275\" srcset=\"https:\/\/www.hginstrument.com\/wp-content\/uploads\/2021\/08\/installation-diagram-2.jpg 392w, https:\/\/www.hginstrument.com\/wp-content\/uploads\/2021\/08\/installation-diagram-2-300x289.jpg 300w\" sizes=\"(max-width: 286px) 100vw, 286px\" \/><br \/>\n2. Deixar pelo menos 20 mm de espa\u00e7o \u00e0 volta do sensor de condutividade<\/p>\n<p><strong>\u00a0&gt; Se o sensor de condutividade for instalado num lago ou num tanque aberto, tenha em aten\u00e7\u00e3o o seguinte<\/strong><br \/>\n1. Manter-se afastado da entrada de alimenta\u00e7\u00e3o.<br \/>\n2. O orif\u00edcio circular do sensor de condutividade deve estar inclinado em rela\u00e7\u00e3o \u00e0 superf\u00edcie do l\u00edquido, para evitar a perman\u00eancia ocasional de bolhas de ar \u00e0 volta do sensor de condutividade.<\/p>\n<p>&nbsp;<\/p>\n<p>&nbsp;<\/p>\n<p>&nbsp;<\/p>","protected":false},"excerpt":{"rendered":"<p>O el\u00e9trodo de condutividade da s\u00e9rie HG12D-C \u00e9 um el\u00e9trodo do tipo indut\u00e2ncia, K \u2248 2, aplic\u00e1vel a solu\u00e7\u00f5es com elevada condutividade e forte corros\u00e3o.  Tem uma sa\u00edda direta de tens\u00e3o, 4-20mA e sinal digital RS485, pode ser utilizado para combinar com o transmissor de condutividade ou ligar diretamente ao PLC ou DCS.<\/p>","protected":false},"featured_media":1877,"comment_status":"closed","ping_status":"closed","template":"","meta":[],"product_cat":[1600,1755],"product_tag":[],"acf":[],"_links":{"self":[{"href":"https:\/\/www.hginstrument.com\/pt\/wp-json\/wp\/v2\/product\/1884"}],"collection":[{"href":"https:\/\/www.hginstrument.com\/pt\/wp-json\/wp\/v2\/product"}],"about":[{"href":"https:\/\/www.hginstrument.com\/pt\/wp-json\/wp\/v2\/types\/product"}],"replies":[{"embeddable":true,"href":"https:\/\/www.hginstrument.com\/pt\/wp-json\/wp\/v2\/comments?post=1884"}],"wp:featuredmedia":[{"embeddable":true,"href":"https:\/\/www.hginstrument.com\/pt\/wp-json\/wp\/v2\/media\/1877"}],"wp:attachment":[{"href":"https:\/\/www.hginstrument.com\/pt\/wp-json\/wp\/v2\/media?parent=1884"}],"wp:term":[{"taxonomy":"product_cat","embeddable":true,"href":"https:\/\/www.hginstrument.com\/pt\/wp-json\/wp\/v2\/product_cat?post=1884"},{"taxonomy":"product_tag","embeddable":true,"href":"https:\/\/www.hginstrument.com\/pt\/wp-json\/wp\/v2\/product_tag?post=1884"}],"curies":[{"name":"wp","href":"https:\/\/api.w.org\/{rel}","templated":true}]}}