{"id":1902,"date":"2021-08-26T14:23:06","date_gmt":"2021-08-26T06:23:06","guid":{"rendered":"http:\/\/201230ip92c2.adwebcloud.com\/?post_type=product&#038;p=1902"},"modified":"2021-10-12T14:34:14","modified_gmt":"2021-10-12T06:34:14","slug":"hgs-a2-floating-mounting-bracket-for-electrode","status":"publish","type":"product","link":"https:\/\/www.hginstrument.com\/pt\/installation-fittings-for-ph-sensor-conductivity-sensor\/hgs-a2-floating-mounting-bracket-for-electrode\/","title":{"rendered":"Suporte de montagem flutuante HGS-A2 para el\u00e9trodo"},"content":{"rendered":"<p><strong>Esquema de instala\u00e7\u00e3o:<\/strong><\/p>\n<p><img class=\"alignnone wp-image-1901 size-full\" src=\"http:\/\/www.hginstrument.com\/wp-content\/uploads\/2021\/08\/hgs-a2-02.jpg\" alt=\"hgs a2 02\" width=\"704\" height=\"590\" srcset=\"https:\/\/www.hginstrument.com\/wp-content\/uploads\/2021\/08\/hgs-a2-02.jpg 704w, https:\/\/www.hginstrument.com\/wp-content\/uploads\/2021\/08\/hgs-a2-02-300x251.jpg 300w, https:\/\/www.hginstrument.com\/wp-content\/uploads\/2021\/08\/hgs-a2-02-600x503.jpg 600w\" sizes=\"(max-width: 704px) 100vw, 704px\" \/><\/p>\n<p>Connetion between electrode and floating device:\u00a0 \u00a03\/4&#8243; NPT,\u00a0 \u00a0G1&#8243;\u00a0 (optional),\u00a0 \u00a0 \u00a0 \u00a0 Lifting rope length is customized according the pond&#8217;s depth.<\/p>\n<p>&nbsp;<\/p>\n<p>&nbsp;<\/p>\n<p>&nbsp;<\/p>\n<p>&nbsp;<\/p>\n<p>&nbsp;<\/p>","protected":false},"excerpt":{"rendered":"<p>O suporte de montagem do tipo flutuante HGS-A2 \u00e9 aplic\u00e1vel a lagos profundos onde o n\u00edvel da \u00e1gua muda frequentemente e onde o n\u00edvel da \u00e1gua tem grandes varia\u00e7\u00f5es.<\/p>","protected":false},"featured_media":1900,"comment_status":"closed","ping_status":"closed","template":"","meta":[],"product_cat":[1756,1785],"product_tag":[],"acf":[],"_links":{"self":[{"href":"https:\/\/www.hginstrument.com\/pt\/wp-json\/wp\/v2\/product\/1902"}],"collection":[{"href":"https:\/\/www.hginstrument.com\/pt\/wp-json\/wp\/v2\/product"}],"about":[{"href":"https:\/\/www.hginstrument.com\/pt\/wp-json\/wp\/v2\/types\/product"}],"replies":[{"embeddable":true,"href":"https:\/\/www.hginstrument.com\/pt\/wp-json\/wp\/v2\/comments?post=1902"}],"wp:featuredmedia":[{"embeddable":true,"href":"https:\/\/www.hginstrument.com\/pt\/wp-json\/wp\/v2\/media\/1900"}],"wp:attachment":[{"href":"https:\/\/www.hginstrument.com\/pt\/wp-json\/wp\/v2\/media?parent=1902"}],"wp:term":[{"taxonomy":"product_cat","embeddable":true,"href":"https:\/\/www.hginstrument.com\/pt\/wp-json\/wp\/v2\/product_cat?post=1902"},{"taxonomy":"product_tag","embeddable":true,"href":"https:\/\/www.hginstrument.com\/pt\/wp-json\/wp\/v2\/product_tag?post=1902"}],"curies":[{"name":"wp","href":"https:\/\/api.w.org\/{rel}","templated":true}]}}