{"id":1982,"date":"2021-09-02T15:26:57","date_gmt":"2021-09-02T07:26:57","guid":{"rendered":"http:\/\/201230ip92c2.adwebcloud.com\/?post_type=product&#038;p=1982"},"modified":"2021-10-12T14:44:18","modified_gmt":"2021-10-12T06:44:18","slug":"hgppc-68-portable-pressure-calibrator-pneumatic","status":"publish","type":"product","link":"https:\/\/www.hginstrument.com\/pt\/calibration-instrument\/hgppc-68-portable-pressure-calibrator-pneumatic\/","title":{"rendered":"HGPPC-68 Calibrador de press\u00e3o port\u00e1til (pneum\u00e1tico)"},"content":{"rendered":"<p><strong>Dados t\u00e9cnicos:<\/strong><\/p>\n<p>O meio da fonte de press\u00e3o no sistema de produ\u00e7\u00e3o de press\u00e3o \u00e9 o ar<br \/>\nGama da fonte de press\u00e3o: -100 Kpa ~ 2,5 Mpa<br \/>\nResolu\u00e7\u00e3o: press\u00e3o 1 Pa, corrente 1 \u03bcA<br \/>\nGama de corrente: 0 - 22 mA<br \/>\nSa\u00edda de pot\u00eancia de feedback: 24VDC<br \/>\nPrecis\u00e3o: 0,1%FS, 0,05%FS (press\u00e3o), 0,05% (corrente)<br \/>\nVisualiza\u00e7\u00e3o simult\u00e2nea da press\u00e3o e da corrente<br \/>\nCapacidade de ultrapassar o intervalo: 1,2 - 1,5 vezes F.S.<br \/>\nCom bateria recarreg\u00e1vel incorporada: 6V DC, muito conveniente para operar no local onde a fonte de alimenta\u00e7\u00e3o n\u00e3o est\u00e1 dispon\u00edvel. O tempo de carga total \u00e9 de cerca de 12 horas se a bateria estiver desligada.<br \/>\nTempo de funcionamento da bateria<br \/>\n- Funcionamento cont\u00ednuo sem fornecimento de energia 24VDC: 16 horas<br \/>\n- Trabalho cont\u00ednuo e alimenta\u00e7\u00e3o 24VDC: 8 horas<br \/>\n- Funcionamento intermitente: cerca de 18 horas<br \/>\n\u25cf Temperatura ambiente: 5 - 55 Deg. C<br \/>\nHumidade: \u226480%RH<br \/>\nO calibrador tem um circuito de cablagem de 2 fios no painel traseiro para entrada de corrente 4 -20mA<br \/>\nPeso l\u00edquido: 2,5 kg<br \/>\nDissipa\u00e7\u00e3o de energia: 2 - 3VA<\/p>\n<p>&nbsp;<\/p>\n<p><strong>Apresenta\u00e7\u00e3o da apar\u00eancia:<\/strong><\/p>\n<p><img class=\"alignnone wp-image-1984 size-full\" src=\"http:\/\/www.hginstrument.com\/wp-content\/uploads\/2021\/09\/hgppc-68p-05.jpg\" alt=\"hgppc 68p 05\" width=\"843\" height=\"421\" srcset=\"https:\/\/www.hginstrument.com\/wp-content\/uploads\/2021\/09\/hgppc-68p-05.jpg 843w, https:\/\/www.hginstrument.com\/wp-content\/uploads\/2021\/09\/hgppc-68p-05-300x150.jpg 300w, https:\/\/www.hginstrument.com\/wp-content\/uploads\/2021\/09\/hgppc-68p-05-768x384.jpg 768w, https:\/\/www.hginstrument.com\/wp-content\/uploads\/2021\/09\/hgppc-68p-05-600x300.jpg 600w\" sizes=\"(max-width: 843px) 100vw, 843px\" \/><\/p>\n<p>1. V\u00e1lvula de al\u00edvio<br \/>\n2. Bot\u00e3o de comuta\u00e7\u00e3o<br \/>\n- Premir este bot\u00e3o: a bomba manual pode produzir press\u00e3o negativa.<br \/>\n- Puxar este bot\u00e3o do interrutor: a bomba manual pode produzir press\u00e3o positiva.<br \/>\n3. Afina\u00e7\u00e3o fina (para obter exatamente a press\u00e3o desejada)<br \/>\n4. Bomba manual (para produzir press\u00e3o)<br \/>\n5. Interface de sa\u00edda de press\u00e3o (para liga\u00e7\u00e3o do instrumento de press\u00e3o)<br \/>\n6. Interruptor da alimenta\u00e7\u00e3o el\u00e9ctrica<br \/>\n7. Interface de carregamento da bateria (ligar o adaptador de corrente)<\/p>\n<p>&nbsp;<\/p>\n<p>&nbsp;<\/p>\n<p>&nbsp;<\/p>","protected":false},"excerpt":{"rendered":"<p>O calibrador de press\u00e3o pneum\u00e1tico port\u00e1til HGPPC-68 \u00e9 utilizado para calibrar transmissores de press\u00e3o e man\u00f3metros.<\/p>\n<p>Gama: -100 Kpa ~ 2,5 Mpa<\/p>","protected":false},"featured_media":1978,"comment_status":"closed","ping_status":"closed","template":"","meta":[],"product_cat":[1806,1834],"product_tag":[],"acf":[],"_links":{"self":[{"href":"https:\/\/www.hginstrument.com\/pt\/wp-json\/wp\/v2\/product\/1982"}],"collection":[{"href":"https:\/\/www.hginstrument.com\/pt\/wp-json\/wp\/v2\/product"}],"about":[{"href":"https:\/\/www.hginstrument.com\/pt\/wp-json\/wp\/v2\/types\/product"}],"replies":[{"embeddable":true,"href":"https:\/\/www.hginstrument.com\/pt\/wp-json\/wp\/v2\/comments?post=1982"}],"wp:featuredmedia":[{"embeddable":true,"href":"https:\/\/www.hginstrument.com\/pt\/wp-json\/wp\/v2\/media\/1978"}],"wp:attachment":[{"href":"https:\/\/www.hginstrument.com\/pt\/wp-json\/wp\/v2\/media?parent=1982"}],"wp:term":[{"taxonomy":"product_cat","embeddable":true,"href":"https:\/\/www.hginstrument.com\/pt\/wp-json\/wp\/v2\/product_cat?post=1982"},{"taxonomy":"product_tag","embeddable":true,"href":"https:\/\/www.hginstrument.com\/pt\/wp-json\/wp\/v2\/product_tag?post=1982"}],"curies":[{"name":"wp","href":"https:\/\/api.w.org\/{rel}","templated":true}]}}