{"id":2000,"date":"2021-09-02T17:21:07","date_gmt":"2021-09-02T09:21:07","guid":{"rendered":"http:\/\/201230ip92c2.adwebcloud.com\/?post_type=product&#038;p=2000"},"modified":"2021-10-12T10:09:34","modified_gmt":"2021-10-12T02:09:34","slug":"hg-pptb-pneumatic-pressure-test-bench","status":"publish","type":"product","link":"https:\/\/www.hginstrument.com\/pt\/calibration-instrument\/hg-pptb-pneumatic-pressure-test-bench\/","title":{"rendered":"Banco de ensaio de press\u00e3o pneum\u00e1tica HG-PPTB"},"content":{"rendered":"<p><strong>Dados t\u00e9cnicos:<\/strong><\/p>\n<p>Gama de fontes de press\u00e3o: - 95 Kpa ~ 2,5 Mpa<br \/>\nRegula\u00e7\u00e3o m\u00ednima da afina\u00e7\u00e3o fina: 0,01 Kpa<\/p>\n<p>&nbsp;<\/p>\n<p><strong>Estrutura Introdu\u00e7\u00e3o:<\/strong><\/p>\n<p><img class=\"alignnone wp-image-1996 size-full\" src=\"http:\/\/www.hginstrument.com\/wp-content\/uploads\/2021\/09\/hg-pptb-02.jpg\" alt=\"hg pptb 02\" width=\"585\" height=\"481\" \/><\/p>\n<p>Puxar a v\u00e1lvula de comuta\u00e7\u00e3o para fora, utilizar a bomba para produzir press\u00e3o positiva; pressionar a v\u00e1lvula de comuta\u00e7\u00e3o para baixo, utilizar a bomba para produzir press\u00e3o negativa.<\/p>\n<p>&nbsp;<\/p>\n<p>&nbsp;<\/p>\n<p>&nbsp;<\/p>","protected":false},"excerpt":{"rendered":"<p>O banco de ensaio de press\u00e3o pneum\u00e1tica HG-PPTB \u00e9 utilizado para produzir press\u00e3o para calibrar instrumentos de press\u00e3o<\/p>","protected":false},"featured_media":1995,"comment_status":"closed","ping_status":"closed","template":"","meta":[],"product_cat":[1806,1871],"product_tag":[],"acf":[],"_links":{"self":[{"href":"https:\/\/www.hginstrument.com\/pt\/wp-json\/wp\/v2\/product\/2000"}],"collection":[{"href":"https:\/\/www.hginstrument.com\/pt\/wp-json\/wp\/v2\/product"}],"about":[{"href":"https:\/\/www.hginstrument.com\/pt\/wp-json\/wp\/v2\/types\/product"}],"replies":[{"embeddable":true,"href":"https:\/\/www.hginstrument.com\/pt\/wp-json\/wp\/v2\/comments?post=2000"}],"wp:featuredmedia":[{"embeddable":true,"href":"https:\/\/www.hginstrument.com\/pt\/wp-json\/wp\/v2\/media\/1995"}],"wp:attachment":[{"href":"https:\/\/www.hginstrument.com\/pt\/wp-json\/wp\/v2\/media?parent=2000"}],"wp:term":[{"taxonomy":"product_cat","embeddable":true,"href":"https:\/\/www.hginstrument.com\/pt\/wp-json\/wp\/v2\/product_cat?post=2000"},{"taxonomy":"product_tag","embeddable":true,"href":"https:\/\/www.hginstrument.com\/pt\/wp-json\/wp\/v2\/product_tag?post=2000"}],"curies":[{"name":"wp","href":"https:\/\/api.w.org\/{rel}","templated":true}]}}