{"id":2457,"date":"2021-10-04T16:15:32","date_gmt":"2021-10-04T08:15:32","guid":{"rendered":"http:\/\/201230ip92c2.adwebcloud.com\/?post_type=product&#038;p=2457"},"modified":"2021-12-03T13:49:02","modified_gmt":"2021-12-03T05:49:02","slug":"pressure-transmitter-model-sypm-24","status":"publish","type":"product","link":"https:\/\/www.hginstrument.com\/pt\/pressure-differencial-pressure-transmitter\/pressure-transmitter-model-sypm-24\/","title":{"rendered":"Transmissor de press\u00e3o ( Modelo: SYPM-24 )"},"content":{"rendered":"<p><strong>Dados t\u00e9cnicos:<\/strong><\/p>\n<p>\u25cf Applicable medium: liquid, gas, steam<br \/>\n\u25cf Measuring range:<\/p>\n<table width=\"504\">\n<tbody>\n<tr style=\"background-color: #d8d8d8; text-align: center; vertical-align: middle;\">\n<td style=\"text-align: center;\" width=\"104\">C\u00f3digo de intervalo<\/td>\n<td style=\"text-align: center;\" width=\"148\">Gama<\/td>\n<td style=\"text-align: center;\" width=\"252\">Pressure type<\/td>\n<\/tr>\n<tr>\n<td style=\"text-align: center;\">A<\/td>\n<td style=\"text-align: center;\">0 &#8211; 1 ~ 7 Kpa<\/td>\n<td style=\"vertical-align: middle; text-align: center;\" rowspan=\"7\">Press\u00e3o manom\u00e9trica<\/td>\n<\/tr>\n<tr>\n<td style=\"text-align: center;\">B<\/td>\n<td style=\"text-align: center;\">0 &#8211; 5 ~ 40 Kpa<\/td>\n<\/tr>\n<tr>\n<td style=\"text-align: center;\">C<\/td>\n<td style=\"text-align: center;\">0 &#8211; 40 ~ 250 Kpa<\/td>\n<\/tr>\n<tr>\n<td style=\"text-align: center;\">D<\/td>\n<td style=\"text-align: center;\">0 &#8211; 0.16 ~ 1 Mpa<\/td>\n<\/tr>\n<tr>\n<td style=\"text-align: center;\">E<\/td>\n<td style=\"text-align: center;\">0 &#8211; 4 ~ 25 Mpa<\/td>\n<\/tr>\n<tr>\n<td style=\"text-align: center;\">F<\/td>\n<td style=\"text-align: center;\">0 &#8211; 7 ~ 35 Mpa<\/td>\n<\/tr>\n<tr>\n<td style=\"text-align: center;\">G<\/td>\n<td style=\"text-align: center;\">0 &#8211; 12 ~ 60 Mpa<\/td>\n<\/tr>\n<tr>\n<td style=\"text-align: center;\">I<\/td>\n<td style=\"text-align: center;\">0 ~ 40 Kpa<\/td>\n<td style=\"vertical-align: middle; text-align: center;\" rowspan=\"4\">Absolute pressure<\/td>\n<\/tr>\n<tr>\n<td style=\"text-align: center;\">J<\/td>\n<td style=\"text-align: center;\">0 ~ 250 Kpa<\/td>\n<\/tr>\n<tr>\n<td style=\"text-align: center;\">K<\/td>\n<td style=\"text-align: center;\">0 ~ 1 Mpa<\/td>\n<\/tr>\n<tr>\n<td style=\"text-align: center;\">L<\/td>\n<td style=\"text-align: center;\">0 ~ 10 Mpa<\/td>\n<\/tr>\n<\/tbody>\n<\/table>\n<p>\u25cf Accuracy: \u00b10.1%, \u00b10.2%<br \/>\n\u25cf Transient Overload: 1.5 times instrument range<br \/>\n\u25cf Turndown ratio: 10 : 1<br \/>\n\u25cf Process connection: M20*1.5 thread, 1\/2\u201d NPT thread, Flange<br \/>\n\u25cf Stability: &lt; 0.5% \/ year<br \/>\n\u25cf Dynamic response: 100 ms<br \/>\n\u25cf Temperature effect: 2 x 10-4 \/ \u2103 FS<br \/>\n\u25cf Power supply effect: 0.05% \/ FS<br \/>\n\u25cf Operation temperature: -25 ~ 80 \u2103<br \/>\n\u25cf Ambient temperature: -10 ~ 90 \u2103<br \/>\n\u25cf Output signal: 4-20mA+HART ( belong to HART Communication Foundation )<br \/>\n\u25cf Current-limit: \u2264 26mA<br \/>\nFonte de alimenta\u00e7\u00e3o: 24VDC<br \/>\n\u25cf Load characteristic (see the following figure):<\/p>\n<p><img class=\"alignnone wp-image-2459 size-full\" src=\"http:\/\/www.hginstrument.com\/wp-content\/uploads\/2021\/10\/sypm24-resistance-load.jpg\" alt=\"sypm24 resistance load\" width=\"283\" height=\"189\" \/><br \/>\n\u25cf Explosion-proof: Exia IICT4 \u2013 CT6<br \/>\n\u25cf Electrical housing material: Aluminum alloy<\/p>\n<p>&nbsp;<\/p>\n<p><strong>Calibration equipment:<\/strong><\/p>\n<table width=\"867\">\n<tbody>\n<tr style=\"background-color: #d8d8d8;\">\n<td width=\"172\">Equipamento<\/td>\n<td width=\"177\">fabricante<\/td>\n<td width=\"153\">Precis\u00e3o do controlo<\/td>\n<td width=\"365\">Aplica\u00e7\u00e3o<\/td>\n<\/tr>\n<tr>\n<td>Mensor CPC6050<\/td>\n<td>Alemanha WIKA<\/td>\n<td>Classe 0.01<\/td>\n<td>Calibrar o transmissor de press\u00e3o \/ press\u00e3o diferencial<\/td>\n<\/tr>\n<tr>\n<td>Mensor CPC4000<\/td>\n<td>Alemanha WIKA<\/td>\n<td>Classe 0,02<\/td>\n<td>Calibrar o transmissor de press\u00e3o \/ press\u00e3o diferencial<\/td>\n<\/tr>\n<tr>\n<td style=\"vertical-align: middle;\">GE PACE60000<\/td>\n<td style=\"vertical-align: middle;\">EUA DRUCK<\/td>\n<td style=\"vertical-align: middle;\">Classe 0,02<\/td>\n<td>Calibrar transmissor de press\u00e3o \/ press\u00e3o diferencial com veda\u00e7\u00e3o remota tipo flange<\/td>\n<\/tr>\n<tr>\n<td>ConST836<\/td>\n<td>China.Beijing ConsT<\/td>\n<td>Classe 0,02<\/td>\n<td>Calibrar transmissor de press\u00e3o de grande gama<\/td>\n<\/tr>\n<\/tbody>\n<\/table>\n<p>&nbsp;<\/p>\n<p><strong>Op\u00e7\u00e3o de acess\u00f3rio:<\/strong><\/p>\n<p><img class=\"alignnone wp-image-1620 size-full\" src=\"http:\/\/www.hginstrument.com\/wp-content\/uploads\/2021\/08\/accessary-for-2088-1.jpg\" alt=\"acess\u00f3rio para 2088 1\" width=\"696\" height=\"361\" srcset=\"https:\/\/www.hginstrument.com\/wp-content\/uploads\/2021\/08\/accessary-for-2088-1.jpg 696w, https:\/\/www.hginstrument.com\/wp-content\/uploads\/2021\/08\/accessary-for-2088-1-300x156.jpg 300w, https:\/\/www.hginstrument.com\/wp-content\/uploads\/2021\/08\/accessary-for-2088-1-600x311.jpg 600w\" sizes=\"(max-width: 696px) 100vw, 696px\" \/><\/p>\n<p>Sif\u00e3o Dissipador de calor Coletor de v\u00e1lvulas de 2 vias<\/p>\n<p>&nbsp;<\/p>\n<p>&nbsp;<\/p>\n<p>&nbsp;<\/p>","protected":false},"excerpt":{"rendered":"<p>SYPM-24 series pressure transmitter adopts the high performance diaphragm capsule, integrates specialized amplifying circuit to convert the sensor signal into the standard analog current signal. Smart type SYPM-24 is with temperature &amp; pressure automatic compensation, and output 4-20mA + HART ( belong to HART Communication Foundation ).\u00a0 If some industry has high requirement, core components can adopt Endress+Hauser&#8217;s ceramic sensor and Manufacture technology.<br \/>\nAluminum housing protection: IP65; Zero point and full span adjustable; integral LCD indicator.<\/p>\n<p>CE certificate, SIL certificate, CNEX certificate<\/p>","protected":false},"featured_media":2464,"comment_status":"closed","ping_status":"closed","template":"","meta":[],"product_cat":[1406,2209],"product_tag":[],"acf":[],"_links":{"self":[{"href":"https:\/\/www.hginstrument.com\/pt\/wp-json\/wp\/v2\/product\/2457"}],"collection":[{"href":"https:\/\/www.hginstrument.com\/pt\/wp-json\/wp\/v2\/product"}],"about":[{"href":"https:\/\/www.hginstrument.com\/pt\/wp-json\/wp\/v2\/types\/product"}],"replies":[{"embeddable":true,"href":"https:\/\/www.hginstrument.com\/pt\/wp-json\/wp\/v2\/comments?post=2457"}],"wp:featuredmedia":[{"embeddable":true,"href":"https:\/\/www.hginstrument.com\/pt\/wp-json\/wp\/v2\/media\/2464"}],"wp:attachment":[{"href":"https:\/\/www.hginstrument.com\/pt\/wp-json\/wp\/v2\/media?parent=2457"}],"wp:term":[{"taxonomy":"product_cat","embeddable":true,"href":"https:\/\/www.hginstrument.com\/pt\/wp-json\/wp\/v2\/product_cat?post=2457"},{"taxonomy":"product_tag","embeddable":true,"href":"https:\/\/www.hginstrument.com\/pt\/wp-json\/wp\/v2\/product_tag?post=2457"}],"curies":[{"name":"wp","href":"https:\/\/api.w.org\/{rel}","templated":true}]}}