{"id":2943,"date":"2021-10-29T17:29:09","date_gmt":"2021-10-29T09:29:09","guid":{"rendered":"https:\/\/www.hginstrument.com\/?post_type=product&#038;p=2943"},"modified":"2021-10-29T17:44:55","modified_gmt":"2021-10-29T09:44:55","slug":"explosion-proof-electric-contact-temperature-gauge","status":"publish","type":"product","link":"https:\/\/www.hginstrument.com\/pt\/temperature-instrument\/explosion-proof-electric-contact-temperature-gauge\/","title":{"rendered":"Medidor de temperatura de contacto el\u00e9trico \u00e0 prova de explos\u00e3o"},"content":{"rendered":"<p><strong>Principle\uff1a<\/strong><br \/>\nWhen the temperature reading pointer reach to the setting limit, it will trigger the electrical contact action to open or close the circuit to control the other equipment stopping or running.<\/p>\n<p>&nbsp;<\/p>\n<p><strong>Electric parameter and control type:<\/strong><\/p>\n<table>\n<tbody>\n<tr style=\"background-color: #d8d8d8;\">\n<td>Taxa de contacto<\/td>\n<td>Alimenta\u00e7\u00e3o el\u00e9ctrica<\/td>\n<td width=\"102\">Max. working<br \/>\ncurrent<\/td>\n<td width=\"301\">Control type<\/td>\n<\/tr>\n<tr>\n<td>30VA<\/td>\n<td>DC: 24V<br \/>\nAC: 220V or 380V<\/td>\n<td width=\"102\">1A<\/td>\n<td width=\"301\">Lower-limit and Upper limit<br \/>\nDouble Lower-limit and Double Upper-limit<\/td>\n<\/tr>\n<tr>\n<td colspan=\"4\" width=\"621\"><strong>Nota:<\/strong><br \/>\n1.\u00a0\u00a0\u00a0 When the working current is 1 A, the working voltage must be lower than 40V<br \/>\n2.\u00a0\u00a0\u00a0 Please confirm the power supply (either DC or AC) and control type( either Lower-limit \/ Upper limit or Double Lower-limit \/ Double Upper-limit.<br \/>\n3.\u00a0\u00a0\u00a0 The electrical contact is normal open, when the temperature reach to the setting limit temperature, the electrical contact will close.<br \/>\n4.\u00a0\u00a0\u00a0 If the marked power supply on gauge dial is 380VAC, user can use 220VAC or 380VAC.<\/td>\n<\/tr>\n<\/tbody>\n<\/table>\n<p>&nbsp;<\/p>\n<p><strong>Structure:<\/strong><\/p>\n<p>Loosen and remove the nut of adjust knob, you will see the following:<\/p>\n<p><img class=\"alignnone wp-image-2941 size-full\" src=\"http:\/\/www.hginstrument.com\/wp-content\/uploads\/2021\/10\/ex-e-tg-04.jpg\" alt=\"ex e tg 04\" width=\"567\" height=\"340\" srcset=\"https:\/\/www.hginstrument.com\/wp-content\/uploads\/2021\/10\/ex-e-tg-04.jpg 567w, https:\/\/www.hginstrument.com\/wp-content\/uploads\/2021\/10\/ex-e-tg-04-300x180.jpg 300w\" sizes=\"(max-width: 567px) 100vw, 567px\" \/><\/p>\n<p>&nbsp;<\/p>\n<p><strong>Cablagem:<\/strong><\/p>\n<p><img class=\"alignnone wp-image-2942 size-full\" src=\"http:\/\/www.hginstrument.com\/wp-content\/uploads\/2021\/10\/ex-e-tg-05.jpg\" alt=\"ex e tg 05\" width=\"539\" height=\"255\" srcset=\"https:\/\/www.hginstrument.com\/wp-content\/uploads\/2021\/10\/ex-e-tg-05.jpg 539w, https:\/\/www.hginstrument.com\/wp-content\/uploads\/2021\/10\/ex-e-tg-05-300x142.jpg 300w\" sizes=\"(max-width: 539px) 100vw, 539px\" \/><\/p>\n<p>&nbsp;<\/p>\n<p>&nbsp;<\/p>\n<p>&nbsp;<\/p>\n<p>&nbsp;<\/p>","protected":false},"excerpt":{"rendered":"<p>Electric contact Temperature gauge is widely used in petroleum, chemical, metallurgical, power plants and other industrial departments or service mechanical and electrical equipment for measuring the temperature of various medium. Usually the electric contact temperature gauge is connected to some electrical devices such as relay, AC contactor, etc. to implement automatic control and alarm.<\/p>","protected":false},"featured_media":2938,"comment_status":"closed","ping_status":"closed","template":"","meta":[],"product_cat":[1540,2342],"product_tag":[],"acf":[],"_links":{"self":[{"href":"https:\/\/www.hginstrument.com\/pt\/wp-json\/wp\/v2\/product\/2943"}],"collection":[{"href":"https:\/\/www.hginstrument.com\/pt\/wp-json\/wp\/v2\/product"}],"about":[{"href":"https:\/\/www.hginstrument.com\/pt\/wp-json\/wp\/v2\/types\/product"}],"replies":[{"embeddable":true,"href":"https:\/\/www.hginstrument.com\/pt\/wp-json\/wp\/v2\/comments?post=2943"}],"wp:featuredmedia":[{"embeddable":true,"href":"https:\/\/www.hginstrument.com\/pt\/wp-json\/wp\/v2\/media\/2938"}],"wp:attachment":[{"href":"https:\/\/www.hginstrument.com\/pt\/wp-json\/wp\/v2\/media?parent=2943"}],"wp:term":[{"taxonomy":"product_cat","embeddable":true,"href":"https:\/\/www.hginstrument.com\/pt\/wp-json\/wp\/v2\/product_cat?post=2943"},{"taxonomy":"product_tag","embeddable":true,"href":"https:\/\/www.hginstrument.com\/pt\/wp-json\/wp\/v2\/product_tag?post=2943"}],"curies":[{"name":"wp","href":"https:\/\/api.w.org\/{rel}","templated":true}]}}