{"id":2951,"date":"2021-11-03T14:49:20","date_gmt":"2021-11-03T06:49:20","guid":{"rendered":"https:\/\/www.hginstrument.com\/?post_type=product&#038;p=2951"},"modified":"2021-11-03T14:49:21","modified_gmt":"2021-11-03T06:49:21","slug":"electric-contact-differential-pressure-gauge","status":"publish","type":"product","link":"https:\/\/www.hginstrument.com\/pt\/differential-pressure-gauge\/electric-contact-differential-pressure-gauge\/","title":{"rendered":"Man\u00f3metro de press\u00e3o diferencial de contacto el\u00e9trico"},"content":{"rendered":"<h5><strong>Princ\u00edpio<\/strong><\/h5>\n<p>Electrical contact differential pressure meter adopts spring tube as pressure sensing element. The differential pressure calculation mechanism calculate the difference value of the two pressures, which is accurately indicated by the pointer on the dial. When the indicated value reaches the given upper limit and lower limit, the relay acts to close the external circuit for alarm or trigger other forms of automatic control.<\/p>\n<p>&nbsp;<\/p>\n<h5><strong>Main Technical data<\/strong><\/h5>\n<p>\u25cf Measure range (Mpa): 0 \uff5e0.25, 0 \uff5e0.4, 0 \uff5e0.6, 0 \uff5e1, 0 \uff5e1.6, 0~2.5, 0~4, 0~6, 0~10, 0~16, 0~25, 0~40, 0~60<br \/>\n\u25cf Ambient temperature: -20 ~ 50\u2103<br \/>\n\u25cf Relative humidity: 85%<br \/>\n\u25cf Accuracy class: 2.5% FS<br \/>\n\u25cf Contact capacity: 10W \/ 0.7A<br \/>\n\u25cf Process connection: 2 &#8211; M20 x 1.5<br \/>\n\u25cf Gauge dial size: \u03a6100 mm<br \/>\n\u25cf Overload pressure: equal to range&#8217;s up limit<\/p>\n<p>&nbsp;<\/p>\n<h5><strong>Appearance and dimension<\/strong><\/h5>\n<p><img class=\"alignnone wp-image-2950 size-full\" src=\"http:\/\/www.hginstrument.com\/wp-content\/uploads\/2021\/11\/e-dp-gauge-drawing.jpg\" alt=\"e dp gauge drawing\" width=\"683\" height=\"587\" srcset=\"https:\/\/www.hginstrument.com\/wp-content\/uploads\/2021\/11\/e-dp-gauge-drawing.jpg 683w, https:\/\/www.hginstrument.com\/wp-content\/uploads\/2021\/11\/e-dp-gauge-drawing-300x258.jpg 300w, https:\/\/www.hginstrument.com\/wp-content\/uploads\/2021\/11\/e-dp-gauge-drawing-600x516.jpg 600w\" sizes=\"(max-width: 683px) 100vw, 683px\" \/><\/p>\n<p>Unit: \u00a0mm<\/p>\n<table>\n<tbody>\n<tr style=\"background-color: #d8d8d8;\">\n<td width=\"84\">\n<p style=\"text-align: center;\">Modelo<\/p>\n<\/td>\n<td style=\"text-align: center;\" width=\"56\">D<\/td>\n<td style=\"text-align: center;\" width=\"52\">B<\/td>\n<td style=\"text-align: center;\" width=\"53\">B1<\/td>\n<td style=\"text-align: center;\" width=\"54\">B2<\/td>\n<td style=\"text-align: center;\" width=\"54\">H1<\/td>\n<td style=\"text-align: center;\" width=\"53\">H2<\/td>\n<td style=\"text-align: center;\" width=\"56\">d0<\/td>\n<td style=\"text-align: center;\" width=\"64\">d<\/td>\n<td style=\"text-align: center;\" width=\"53\">d1<\/td>\n<td style=\"text-align: center;\" width=\"55\">d2<\/td>\n<td style=\"text-align: center;\" width=\"52\">L<\/td>\n<\/tr>\n<tr>\n<td style=\"text-align: center;\" width=\"84\">MDP-E-100<\/td>\n<td style=\"text-align: center;\" width=\"56\">\u03a6100<\/td>\n<td style=\"text-align: center;\" width=\"52\">80<\/td>\n<td style=\"text-align: center;\" width=\"53\">34<\/td>\n<td style=\"text-align: center;\" width=\"54\">123<\/td>\n<td style=\"text-align: center;\" width=\"54\">106<\/td>\n<td style=\"text-align: center;\" width=\"53\">20<\/td>\n<td style=\"text-align: center;\" width=\"56\">\u03a6134<\/td>\n<td style=\"text-align: center;\" width=\"64\">M20*1.5<\/td>\n<td style=\"text-align: center;\" width=\"53\">\u03a66<\/td>\n<td style=\"text-align: center;\" width=\"55\">\u03a6117<\/td>\n<td width=\"52\">\n<p style=\"text-align: center;\">50<\/p>\n<\/td>\n<\/tr>\n<tr>\n<td colspan=\"12\" width=\"685\"><strong>Observa\u00e7\u00e3o: <\/strong>Some dimension for the special customized will be a bit different.<\/td>\n<\/tr>\n<\/tbody>\n<\/table>\n<p>&nbsp;<\/p>\n<p>&nbsp;<\/p>\n<p>&nbsp;<\/p>","protected":false},"excerpt":{"rendered":"<p>O man\u00f3metro diferencial de contacto el\u00e9trico \u00e9 adequado para medir a diferen\u00e7a de press\u00e3o sob a mesma fonte de press\u00e3o. O meio aplic\u00e1vel pode ser um meio amorfo, l\u00edquido n\u00e3o solidificado e gasoso.<\/p>","protected":false},"featured_media":2949,"comment_status":"closed","ping_status":"closed","template":"","meta":[],"product_cat":[1506,2343],"product_tag":[],"acf":[],"_links":{"self":[{"href":"https:\/\/www.hginstrument.com\/pt\/wp-json\/wp\/v2\/product\/2951"}],"collection":[{"href":"https:\/\/www.hginstrument.com\/pt\/wp-json\/wp\/v2\/product"}],"about":[{"href":"https:\/\/www.hginstrument.com\/pt\/wp-json\/wp\/v2\/types\/product"}],"replies":[{"embeddable":true,"href":"https:\/\/www.hginstrument.com\/pt\/wp-json\/wp\/v2\/comments?post=2951"}],"wp:featuredmedia":[{"embeddable":true,"href":"https:\/\/www.hginstrument.com\/pt\/wp-json\/wp\/v2\/media\/2949"}],"wp:attachment":[{"href":"https:\/\/www.hginstrument.com\/pt\/wp-json\/wp\/v2\/media?parent=2951"}],"wp:term":[{"taxonomy":"product_cat","embeddable":true,"href":"https:\/\/www.hginstrument.com\/pt\/wp-json\/wp\/v2\/product_cat?post=2951"},{"taxonomy":"product_tag","embeddable":true,"href":"https:\/\/www.hginstrument.com\/pt\/wp-json\/wp\/v2\/product_tag?post=2951"}],"curies":[{"name":"wp","href":"https:\/\/api.w.org\/{rel}","templated":true}]}}