{"id":3289,"date":"2023-04-26T11:13:14","date_gmt":"2023-04-26T03:13:14","guid":{"rendered":"https:\/\/www.hginstrument.com\/?post_type=product&#038;p=3289"},"modified":"2023-04-26T11:18:02","modified_gmt":"2023-04-26T03:18:02","slug":"diaphragm-type-pressure-switch","status":"publish","type":"product","link":"https:\/\/www.hginstrument.com\/pt\/pressure-switch\/diaphragm-type-pressure-switch\/","title":{"rendered":"Interruptor de press\u00e3o do tipo membrana"},"content":{"rendered":"<p><strong>Caracter\u00edstica do interrutor de press\u00e3o do tipo diafragma:<\/strong><\/p>\n<ul>\n<li>O interrutor de press\u00e3o do tipo diafragma \u00e9 adequado para todos os tipos de instala\u00e7\u00f5es industriais, pode substituir os produtos similares estrangeiros<\/li>\n<li>Adotar sensor de diafragma\/pist\u00e3o de borracha importada\/316L de a\u00e7o inoxid\u00e1vel, desempenho est\u00e1vel e fi\u00e1vel<\/li>\n<li>Sa\u00edda SPDT ou DPDT; Corpo em alum\u00ednio fundido, opcional \u00e0 prova de explos\u00e3o; Uma variedade de interfaces el\u00e9ctricas e de press\u00e3o s\u00e3o opcionais<\/li>\n<li>Estrutura simples, sem pe\u00e7as de desmontagem<\/li>\n<li>Precis\u00e3o: 0,5 n\u00edvel; Repetibilidade: \u00b11%;<\/li>\n<li>Gama: 30Pa-40 Mpa Opcional<\/li>\n<\/ul>\n<p><strong>Par\u00e2metro b\u00e1sico do interrutor de press\u00e3o do tipo diafragma:<\/strong><\/p>\n<table>\n<tbody>\n<tr>\n<td width=\"168\">Meio aplic\u00e1vel<\/td>\n<td width=\"454\">G\u00e1s ou l\u00edquido que n\u00e3o seja corrosivo para a borracha de nitrilo butadieno ou para o a\u00e7o inoxid\u00e1vel 316L<\/td>\n<\/tr>\n<tr>\n<td width=\"168\">Material da caixa<\/td>\n<td width=\"454\">Alum\u00ednio fundido sob press\u00e3o com revestimento epox\u00eddico e anilha de veda\u00e7\u00e3o<\/td>\n<\/tr>\n<tr>\n<td width=\"168\">Classe de habita\u00e7\u00e3o<\/td>\n<td width=\"454\">Cumpre os requisitos da norma IEC60529, \u00e0 prova de intemp\u00e9ries IP67<\/td>\n<\/tr>\n<tr>\n<td width=\"168\">Precis\u00e3o da defini\u00e7\u00e3o<\/td>\n<td width=\"454\">\u00b11%<\/td>\n<\/tr>\n<tr>\n<td width=\"168\">Zona morta<\/td>\n<td width=\"454\">N\u00e3o ajust\u00e1vel (consultar os dados da tabela de sele\u00e7\u00e3o)<\/td>\n<\/tr>\n<tr>\n<td width=\"168\">Erro de repetibilidade<\/td>\n<td width=\"454\">\u00a0&lt;1%<\/td>\n<\/tr>\n<tr>\n<td width=\"168\">Liga\u00e7\u00e3o el\u00e9ctrica<\/td>\n<td width=\"454\">M20*1,5 F\u00eamea, pode ser a pedido<\/td>\n<\/tr>\n<tr>\n<td width=\"168\">Temperatura ambiente<\/td>\n<td width=\"454\">-40\u2103 \uff5e +85\u2103<\/td>\n<\/tr>\n<tr>\n<td width=\"168\">Humidade ambiente<\/td>\n<td width=\"454\">5%\uff5e95%<\/td>\n<\/tr>\n<tr>\n<td width=\"168\">Vida \u00fatil<\/td>\n<td width=\"454\">10^5 circula\u00e7\u00e3o<\/td>\n<\/tr>\n<tr>\n<td width=\"168\">Anti-bloqueio<\/td>\n<td width=\"454\">&lt; Max . 2g<\/td>\n<\/tr>\n<tr>\n<td width=\"168\">Grau de prote\u00e7\u00e3o contra explos\u00f5es<\/td>\n<td width=\"454\">ExedIICT6<\/td>\n<\/tr>\n<tr>\n<td width=\"168\">Taxa de contacto<\/td>\n<td width=\"454\">Vmax=380V\uff0cImax=15A<\/p>\n<p>Se tiver necessidades especiais, contacte-nos<\/td>\n<\/tr>\n<tr>\n<td width=\"168\">Sa\u00edda<\/td>\n<td width=\"454\">SPDT (NO,COM, NC)<\/td>\n<\/tr>\n<\/tbody>\n<\/table>\n<p><strong>Informa\u00e7\u00f5es sobre a encomenda do interrutor de press\u00e3o do tipo diafragma<\/strong><\/p>\n<p><strong>Interruptor de press\u00e3o da s\u00e9rie KGSP-K:<\/strong> Diafragma de borracha nitr\u00edlica e O-ring, liga\u00e7\u00e3o ao processo: G 1\/4F (pode personalizar outro tipo de liga\u00e7\u00e3o ao processo)<\/p>\n<table>\n<tbody>\n<tr>\n<td width=\"102\">Modelo<\/td>\n<td width=\"104\">Gama<\/td>\n<td width=\"113\">Zona morta<\/td>\n<td width=\"161\">Frequ\u00eancia de comuta\u00e7\u00e3o<\/td>\n<td width=\"142\">Material do sensor<\/td>\n<\/tr>\n<tr>\n<td width=\"102\">KGSP-K -K0010<\/td>\n<td width=\"104\">30\uff5e1000Pa<\/td>\n<td width=\"113\">\u226430Pa<\/td>\n<td width=\"161\">10 vezes por minuto<\/td>\n<td width=\"142\">Borracha nitr\u00edlica<\/td>\n<\/tr>\n<tr>\n<td width=\"102\">KGSP-K -K0060<\/td>\n<td width=\"104\">0,5\uff5e6KPa<\/td>\n<td width=\"113\">\u22640,2KPa<\/td>\n<td width=\"161\">10 vezes por minuto<\/td>\n<td width=\"142\">Borracha nitr\u00edlica<\/td>\n<\/tr>\n<tr>\n<td width=\"102\">KGSP-K -K0150<\/td>\n<td width=\"104\">1\uff5e50KPa<\/td>\n<td width=\"113\">\u22640,5KPa<\/td>\n<td width=\"161\">10 vezes por minuto<\/td>\n<td width=\"142\">Borracha nitr\u00edlica<\/td>\n<\/tr>\n<\/tbody>\n<\/table>\n<p>&nbsp;<\/p>\n<p><strong>KGSP- Interruptor de press\u00e3o da s\u00e9rie G:<\/strong> Diafragma em a\u00e7o inoxid\u00e1vel 316L soldado, liga\u00e7\u00e3o ao processo: G 1\/4F (pode personalizar outro tipo de liga\u00e7\u00e3o ao processo)<\/p>\n<table>\n<tbody>\n<tr>\n<td width=\"114\">Modelo<\/td>\n<td width=\"114\">Gama<\/td>\n<td width=\"114\">Zona morta<\/td>\n<td width=\"139\">Frequ\u00eancia de comuta\u00e7\u00e3o<\/td>\n<td width=\"142\">Material do sensor<\/td>\n<\/tr>\n<tr>\n<td width=\"114\">KGSP-G0010<\/td>\n<td width=\"114\">30\uff5e1000Pa<\/td>\n<td width=\"114\">\u226430Pa<\/td>\n<td width=\"139\">10 vezes por minuto<\/td>\n<td width=\"142\">316L<\/td>\n<\/tr>\n<tr>\n<td width=\"114\">KGSP-G0060<\/td>\n<td width=\"114\">0,5\uff5e6KPa<\/td>\n<td width=\"114\">\u22640,2KPa<\/td>\n<td width=\"139\">10 vezes por minuto<\/td>\n<td width=\"142\">316L<\/td>\n<\/tr>\n<tr>\n<td width=\"114\">KGSP-G0150<\/td>\n<td width=\"114\">1\uff5e50KPa<\/td>\n<td width=\"114\">\u22640,5KPa<\/td>\n<td width=\"139\">10 vezes por minuto<\/td>\n<td width=\"142\">316L<\/td>\n<\/tr>\n<\/tbody>\n<\/table>\n<p>&nbsp;<\/p>\n<p><strong>Interruptor de press\u00e3o da s\u00e9rie KGSP-KM:<\/strong> Diafragma de borracha nitr\u00edlica e O-ring, liga\u00e7\u00e3o ao processo: 1\/2 NPTF (pode personalizar outro tipo de liga\u00e7\u00e3o ao processo)<\/p>\n<table>\n<tbody>\n<tr>\n<td width=\"114\">Modelo<\/td>\n<td width=\"118\">Gama<\/td>\n<td width=\"109\">Zona morta<\/td>\n<td width=\"139\">Frequ\u00eancia de comuta\u00e7\u00e3o<\/td>\n<td width=\"142\">Material do sensor<\/td>\n<\/tr>\n<tr>\n<td width=\"114\">KGSP-KM 0160<\/td>\n<td width=\"118\">0.006\uff5e0.16MPa<\/td>\n<td width=\"109\">\u22640,004MPa<\/td>\n<td width=\"139\">20 vezes por minuto<\/td>\n<td width=\"142\">Borracha nitr\u00edlica<\/td>\n<\/tr>\n<tr>\n<td width=\"114\">KGSP-KM 0400<\/td>\n<td width=\"118\">0.01\uff5e0.4MPa<\/td>\n<td width=\"109\">\u22640,02MPa<\/td>\n<td width=\"139\">20 vezes por minuto<\/td>\n<td width=\"142\">Borracha nitr\u00edlica<\/td>\n<\/tr>\n<tr>\n<td width=\"114\">KGSP-KM 1000<\/td>\n<td width=\"118\">0.02\uff5e1.0MPa<\/td>\n<td width=\"109\">\u22640,025MPa<\/td>\n<td width=\"139\">20 vezes por minuto<\/td>\n<td width=\"142\">Borracha nitr\u00edlica<\/td>\n<\/tr>\n<tr>\n<td width=\"114\">KGSP-KM1600<\/td>\n<td width=\"118\">0.05\uff5e1.6MPa<\/td>\n<td width=\"109\">\u22640,25MPa<\/td>\n<td width=\"139\">20 vezes por minuto<\/td>\n<td width=\"142\">Borracha nitr\u00edlica<\/td>\n<\/tr>\n<tr>\n<td width=\"114\">KGSP-KM2500<\/td>\n<td width=\"118\">0.05\uff5e2.5MPa<\/td>\n<td width=\"109\">\u22640,25MPa<\/td>\n<td width=\"139\">20 vezes por minuto<\/td>\n<td width=\"142\">Borracha nitr\u00edlica<\/td>\n<\/tr>\n<tr>\n<td width=\"114\">KGSP-KM6000<\/td>\n<td width=\"118\">0.3\uff5e6MPa<\/td>\n<td width=\"109\">\u22640,3MPa<\/td>\n<td width=\"139\">20 vezes por minuto<\/td>\n<td width=\"142\">Borracha nitr\u00edlica<\/td>\n<\/tr>\n<tr>\n<td width=\"114\">KGSP-KMG100<\/td>\n<td width=\"118\">0.6\uff5e10MPa<\/td>\n<td width=\"109\">\u22640,4MPa<\/td>\n<td width=\"139\">20 vezes por minuto<\/td>\n<td width=\"142\">Borracha nitr\u00edlica<\/td>\n<\/tr>\n<\/tbody>\n<\/table>\n<p>&nbsp;<\/p>\n<p><strong>Interruptor de press\u00e3o da s\u00e9rie KGSP-GM:<\/strong> Diafragma de a\u00e7o inoxid\u00e1vel 316L soldado, liga\u00e7\u00e3o ao processo: 1\/2 NPTF (pode personalizar outro tipo de liga\u00e7\u00e3o ao processo)<\/p>\n<table>\n<tbody>\n<tr>\n<td width=\"114\">Modelo<\/td>\n<td width=\"118\">Gama<\/td>\n<td width=\"109\">Zona morta<\/td>\n<td width=\"139\">Frequ\u00eancia de comuta\u00e7\u00e3o<\/td>\n<td width=\"142\">Material do sensor<\/td>\n<\/tr>\n<tr>\n<td width=\"114\">KGSP -GM0160<\/td>\n<td width=\"118\">0.006\uff5e0.16MPa<\/td>\n<td width=\"109\">\u22640,004MPa<\/td>\n<td width=\"139\">20 vezes por minuto<\/td>\n<td width=\"142\">316L<\/td>\n<\/tr>\n<tr>\n<td width=\"114\">KGSP -GM0400<\/td>\n<td width=\"118\">0.01\uff5e0.4MPa<\/td>\n<td width=\"109\">\u22640,02MPa<\/td>\n<td width=\"139\">20 vezes por minuto<\/td>\n<td width=\"142\">316L<\/td>\n<\/tr>\n<tr>\n<td width=\"114\">KGSP -GM1000<\/td>\n<td width=\"118\">0.02\uff5e1.0MPa<\/td>\n<td width=\"109\">\u22640,025MPa<\/td>\n<td width=\"139\">20 vezes por minuto<\/td>\n<td width=\"142\">316L<\/td>\n<\/tr>\n<tr>\n<td width=\"114\">KGSP -GM1600<\/td>\n<td width=\"118\">0.05\uff5e1.6MPa<\/td>\n<td width=\"109\">\u22640,25MPa<\/td>\n<td width=\"139\">20 vezes por minuto<\/td>\n<td width=\"142\">316L<\/td>\n<\/tr>\n<tr>\n<td width=\"114\">KGSP -GM2500<\/td>\n<td width=\"118\">0.05\uff5e2.5MPa<\/td>\n<td width=\"109\">\u22640,25MPa<\/td>\n<td width=\"139\">20 vezes por minuto<\/td>\n<td width=\"142\">316L<\/td>\n<\/tr>\n<tr>\n<td width=\"114\">KGSP -GM6000<\/td>\n<td width=\"118\">0.3\uff5e6MPa<\/td>\n<td width=\"109\">\u22640,3MPa<\/td>\n<td width=\"139\">20 vezes por minuto<\/td>\n<td width=\"142\">316L<\/td>\n<\/tr>\n<tr>\n<td width=\"114\">KGSP -GMG100<\/td>\n<td width=\"118\">0.6\uff5e10MPa<\/td>\n<td width=\"109\">\u22640,4MPa<\/td>\n<td width=\"139\">20 vezes por minuto<\/td>\n<td width=\"142\">316L<\/td>\n<\/tr>\n<\/tbody>\n<\/table>\n<p>&nbsp;<\/p>\n<p><strong>Interruptor de press\u00e3o da s\u00e9rie KGSP-GH:<\/strong> Pist\u00e3o em a\u00e7o inoxid\u00e1vel 304, liga\u00e7\u00e3o ao processo: 1\/2 NPTF (pode personalizar outro tipo de liga\u00e7\u00e3o ao processo)<\/p>\n<table>\n<tbody>\n<tr>\n<td width=\"122\">Modelo<\/td>\n<td width=\"110\">Gama<\/td>\n<td width=\"109\">Zona morta<\/td>\n<td width=\"139\">Frequ\u00eancia de comuta\u00e7\u00e3o<\/td>\n<td width=\"142\">Material do sensor<\/td>\n<\/tr>\n<tr>\n<td width=\"122\">KGSP -GH100<\/td>\n<td width=\"110\">1\uff5e10MPa<\/td>\n<td width=\"109\">\u22640,4MPa<\/td>\n<td width=\"139\">20 vezes por minuto<\/td>\n<td width=\"142\">304<\/td>\n<\/tr>\n<tr>\n<td width=\"122\">KGSP -GH160<\/td>\n<td width=\"110\">1\uff5e16MPa<\/td>\n<td width=\"109\">\u22640,5MPa<\/td>\n<td width=\"139\">20 vezes por minuto<\/td>\n<td width=\"142\">304<\/td>\n<\/tr>\n<tr>\n<td width=\"122\">KGSP -GH250<\/td>\n<td width=\"110\">2\uff5e25MPa<\/td>\n<td width=\"109\">\u22640,6MPa<\/td>\n<td width=\"139\">20 vezes por minuto<\/td>\n<td width=\"142\">304<\/td>\n<\/tr>\n<tr>\n<td width=\"122\">KGSP -GH400<\/td>\n<td width=\"110\">2\uff5e40MPa<\/td>\n<td width=\"109\">\u22640,8MPa<\/td>\n<td width=\"139\">20 vezes por minuto<\/td>\n<td width=\"142\">304<\/td>\n<\/tr>\n<\/tbody>\n<\/table>\n<p>&nbsp;<\/p>\n<p><strong>Interruptor de press\u00e3o da s\u00e9rie KGSP-KG:<\/strong> Diafragma de borracha nitr\u00edlica e O-ring, liga\u00e7\u00e3o ao processo: 1\/2 NPTF (pode personalizar outro tipo de liga\u00e7\u00e3o ao processo)<\/p>\n<table>\n<tbody>\n<tr>\n<td width=\"122\">Modelo<\/td>\n<td width=\"110\">Gama<\/td>\n<td width=\"109\">Zona morta<\/td>\n<td width=\"139\">Frequ\u00eancia de comuta\u00e7\u00e3o<\/td>\n<td width=\"142\">Material do sensor<\/td>\n<\/tr>\n<tr>\n<td width=\"122\">KGSP-KG100<\/td>\n<td width=\"110\">1\uff5e10MPa<\/td>\n<td width=\"109\">\u22640,4MPa<\/td>\n<td width=\"139\">20 vezes por minuto<\/td>\n<td width=\"142\">Borracha nitr\u00edlica<\/td>\n<\/tr>\n<tr>\n<td width=\"122\">KGSP -KG160<\/td>\n<td width=\"110\">1\uff5e16MPa<\/td>\n<td width=\"109\">\u22640,5MPa<\/td>\n<td width=\"139\">20 vezes por minuto<\/td>\n<td width=\"142\">Borracha nitr\u00edlica<\/td>\n<\/tr>\n<tr>\n<td width=\"122\">KGSP -KG250<\/td>\n<td width=\"110\">2\uff5e25MPa<\/td>\n<td width=\"109\">\u22640,6MPa<\/td>\n<td width=\"139\">20 vezes por minuto<\/td>\n<td width=\"142\">Borracha nitr\u00edlica<\/td>\n<\/tr>\n<tr>\n<td width=\"122\">KGSP -KG400<\/td>\n<td width=\"110\">2\uff5e40MPa<\/td>\n<td width=\"109\">\u22640,8MPa<\/td>\n<td width=\"139\">20 vezes por minuto<\/td>\n<td width=\"142\">Borracha nitr\u00edlica<\/td>\n<\/tr>\n<\/tbody>\n<\/table>\n<p>&nbsp;<\/p>\n<p><strong>Interruptor de press\u00e3o do tipo vedante de membrana<\/strong><\/p>\n<p><strong>Informa\u00e7\u00f5es sobre a encomenda do interrutor de press\u00e3o do tipo vedante da membrana<\/strong><\/p>\n<p><strong>Interruptor de press\u00e3o da s\u00e9rie KGSP-GM:<\/strong> Diafragma de a\u00e7o inoxid\u00e1vel 316L soldado, pode personalizar a liga\u00e7\u00e3o do processo)<\/p>\n<table>\n<tbody>\n<tr>\n<td width=\"131\">Modelo<\/td>\n<td width=\"115\">Gama<\/td>\n<td width=\"110\">Zona morta<\/td>\n<td width=\"133\">Frequ\u00eancia de comuta\u00e7\u00e3o<\/td>\n<td width=\"132\">Material do sensor<\/td>\n<\/tr>\n<tr>\n<td width=\"131\">KGSP-GM0160GL<\/td>\n<td width=\"115\">0.006\uff5e0.16MPa<\/td>\n<td width=\"110\">\u22640,004MPa<\/td>\n<td width=\"133\">20 vezes por minuto<\/td>\n<td width=\"132\">316L<\/td>\n<\/tr>\n<tr>\n<td width=\"131\">KGSP -GM1000GL<\/td>\n<td width=\"115\">0.02\uff5e1.0MPa<\/td>\n<td width=\"110\">\u22640,02MPa<\/td>\n<td width=\"133\">20 vezes por minuto<\/td>\n<td width=\"132\">316L<\/td>\n<\/tr>\n<tr>\n<td width=\"131\">KGSP -GM2500GL<\/td>\n<td width=\"115\">0.05\uff5e2.5MPa<\/td>\n<td width=\"110\">\u22640,03MPa<\/td>\n<td width=\"133\">20 vezes por minuto<\/td>\n<td width=\"132\">316L<\/td>\n<\/tr>\n<tr>\n<td width=\"131\">KGSP -GM6000GL<\/td>\n<td width=\"115\">0.3\uff5e6MPa<\/td>\n<td width=\"110\">\u22640,035MPa<\/td>\n<td width=\"133\">20 vezes por minuto<\/td>\n<td width=\"132\">316L<\/td>\n<\/tr>\n<tr>\n<td width=\"131\">KGSP -GMG100GL<\/td>\n<td width=\"115\">1\uff5e10MPa<\/td>\n<td width=\"110\">\u22640,35MPa<\/td>\n<td width=\"133\">20 vezes por minuto<\/td>\n<td width=\"132\">316L<\/td>\n<\/tr>\n<tr>\n<td width=\"131\">KGSP -GMG160GL<\/td>\n<td width=\"115\">1\uff5e16MPa<\/td>\n<td width=\"110\">\u22640,35MPa<\/td>\n<td width=\"133\">20 vezes por minuto<\/td>\n<td width=\"132\">316L<\/td>\n<\/tr>\n<tr>\n<td width=\"131\">KGSP -GMG250GL<\/td>\n<td width=\"115\">2\uff5e25MPa<\/td>\n<td width=\"110\">\u22640,6MPa<\/td>\n<td width=\"133\">20 vezes por minuto<\/td>\n<td width=\"132\">316L<\/td>\n<\/tr>\n<\/tbody>\n<\/table>\n<p><strong>Nota:<\/strong> Se necessitar de uma liga\u00e7\u00e3o capilar, indique o comprimento do capilar; o material do sensor pode ser personalizado; o elemento de press\u00e3o pode selecionar o vedante do diafragma.<\/p>\n<p>&nbsp;<\/p>\n<p><strong>Tipo de membrana Interruptor de press\u00e3o negativa<\/strong><\/p>\n<p><strong>Informa\u00e7\u00f5es para encomenda de Interruptor de press\u00e3o negativa tipo membrana<\/strong><\/p>\n<p><strong>Interruptor de press\u00e3o da s\u00e9rie KGSV-K:<\/strong> Diafragma de borracha nitr\u00edlica e O-ring, liga\u00e7\u00e3o ao processo: G 1\/4 F (pode personalizar outro tipo de liga\u00e7\u00e3o ao processo)<\/p>\n<table>\n<tbody>\n<tr>\n<td width=\"114\">Modelo<\/td>\n<td width=\"130\">Gama<\/td>\n<td width=\"97\">Zona morta<\/td>\n<td width=\"139\">Frequ\u00eancia de comuta\u00e7\u00e3o<\/td>\n<td width=\"132\">Material do sensor<\/td>\n<\/tr>\n<tr>\n<td width=\"114\">KGSV-KK0020<\/td>\n<td width=\"130\">2\uff5e0\uff5e2KPa<\/td>\n<td width=\"97\">\u226430Pa<\/td>\n<td width=\"139\">10 vezes por minuto<\/td>\n<td width=\"132\">Borracha nitr\u00edlica<\/td>\n<\/tr>\n<tr>\n<td width=\"114\">KGSV-KK0100<\/td>\n<td width=\"130\">10\uff5e0\uff5e10KPa<\/td>\n<td width=\"97\">\u22640,2KPa<\/td>\n<td width=\"139\">10 vezes por minuto<\/td>\n<td width=\"132\">Borracha nitr\u00edlica<\/td>\n<\/tr>\n<tr>\n<td width=\"114\">KGSV-KM0100<\/td>\n<td width=\"130\">-0.1\uff5e0\uff5e0.1MPa<\/td>\n<td width=\"97\">\u22640,004MPa<\/td>\n<td width=\"139\">20 vezes por minuto<\/td>\n<td width=\"132\">Borracha nitr\u00edlica<\/td>\n<\/tr>\n<\/tbody>\n<\/table>\n<p>&nbsp;<\/p>\n<p><strong>Interruptor de press\u00e3o da s\u00e9rie KGSV-GK:<\/strong> Diafragma em a\u00e7o inoxid\u00e1vel 316L soldado, liga\u00e7\u00e3o ao processo: G 1\/4F (pode personalizar outro tipo de liga\u00e7\u00e3o ao processo)<\/p>\n<table>\n<tbody>\n<tr>\n<td width=\"114\">Modelo<\/td>\n<td width=\"118\">Gama<\/td>\n<td width=\"109\">Zona morta<\/td>\n<td width=\"139\">Frequ\u00eancia de comuta\u00e7\u00e3o<\/td>\n<td width=\"132\">Material do sensor<\/td>\n<\/tr>\n<tr>\n<td width=\"114\">KGSV-GK0020<\/td>\n<td width=\"118\">2\uff5e0\uff5e2KPa<\/td>\n<td width=\"109\">\u226430Pa<\/td>\n<td width=\"139\">10 vezes por minuto<\/td>\n<td width=\"132\">316L<\/td>\n<\/tr>\n<tr>\n<td width=\"114\">KGSV-GK0100<\/td>\n<td width=\"118\">10\uff5e0\uff5e10KPa<\/td>\n<td width=\"109\">\u22640,2KPa<\/td>\n<td width=\"139\">10 vezes por minuto<\/td>\n<td width=\"132\">316L<\/td>\n<\/tr>\n<\/tbody>\n<\/table>\n<p>&nbsp;<\/p>\n<p><strong>Interruptor de press\u00e3o da s\u00e9rie KGSV-GM:<\/strong> Diafragma de a\u00e7o inoxid\u00e1vel 316L soldado, liga\u00e7\u00e3o ao processo: 1\/2 NPTF (pode personalizar outro tipo de liga\u00e7\u00e3o ao processo)<\/p>\n<table>\n<tbody>\n<tr>\n<td width=\"113\">Modelo<\/td>\n<td width=\"119\">Gama<\/td>\n<td width=\"109\">Zona morta<\/td>\n<td width=\"139\">Frequ\u00eancia de comuta\u00e7\u00e3o<\/td>\n<td width=\"132\">Material do sensor<\/td>\n<\/tr>\n<tr>\n<td width=\"113\">KGSV-GM0100<\/td>\n<td width=\"119\">-0.1\uff5e0\uff5e0.1MPa<\/td>\n<td width=\"109\">\u22640,004MPa<\/td>\n<td width=\"139\">20 vezes por minuto<\/td>\n<td width=\"132\">316L<\/td>\n<\/tr>\n<\/tbody>\n<\/table>\n<p>&nbsp;<\/p>\n<p><strong>A<\/strong><strong>c\u00f3digo de op\u00e7\u00e3o adicional do press\u00f3stato<\/strong><\/p>\n<table>\n<tbody>\n<tr>\n<td width=\"87\">E<\/td>\n<td width=\"525\">\u00c0 prova de explos\u00e3o: Exd IICT6, Temp = -40 ~71\u2103<\/td>\n<\/tr>\n<tr>\n<td width=\"87\">D1<\/td>\n<td width=\"525\">Op\u00e7\u00e3o de sincroniza\u00e7\u00e3o DPDT<\/td>\n<\/tr>\n<tr>\n<td width=\"87\">D2<\/td>\n<td width=\"525\">Op\u00e7\u00e3o de assincronismo DPDT<\/td>\n<\/tr>\n<tr>\n<td width=\"87\">A<\/td>\n<td width=\"525\">Elevada capacidade de contacto<\/td>\n<\/tr>\n<tr>\n<td width=\"87\">B<\/td>\n<td width=\"525\">N\u00famero de etiqueta chapa de a\u00e7o inoxid\u00e1vel<\/td>\n<\/tr>\n<tr>\n<td width=\"87\">N<\/td>\n<td width=\"525\">Interface especial de liga\u00e7\u00e3o ao processo (indicar a especifica\u00e7\u00e3o)<\/td>\n<\/tr>\n<tr>\n<td width=\"87\">M1<\/td>\n<td width=\"525\">Define de f\u00e1brica um ponto de alarme para o interrutor<\/td>\n<\/tr>\n<tr>\n<td width=\"87\">M2<\/td>\n<td width=\"525\">A f\u00e1brica define dois pontos de alarme para o interrutor<\/td>\n<\/tr>\n<tr>\n<td width=\"87\">Z1<\/td>\n<td width=\"525\">Suporte de montagem plana<\/td>\n<\/tr>\n<tr>\n<td width=\"87\">Z2<\/td>\n<td width=\"525\">Suporte de montagem do tubo em \"U<\/td>\n<\/tr>\n<\/tbody>\n<\/table>","protected":false},"excerpt":{"rendered":"<p>O interrutor de press\u00e3o do tipo diafragma \u00e9 um interrutor que \u00e9 controlado por press\u00e3o, \u00e9 normalmente utilizado no sistema de controlo autom\u00e1tico. Quando o valor da press\u00e3o atinge o ponto de regula\u00e7\u00e3o, abre-se ou fecha-se automaticamente. O interrutor de press\u00e3o recupera o estado original quando o valor da press\u00e3o \u00e9 inferior ao ponto de regula\u00e7\u00e3o.<\/p>","protected":false},"featured_media":3282,"comment_status":"closed","ping_status":"closed","template":"","meta":[],"product_cat":[2360],"product_tag":[],"acf":[],"_links":{"self":[{"href":"https:\/\/www.hginstrument.com\/pt\/wp-json\/wp\/v2\/product\/3289"}],"collection":[{"href":"https:\/\/www.hginstrument.com\/pt\/wp-json\/wp\/v2\/product"}],"about":[{"href":"https:\/\/www.hginstrument.com\/pt\/wp-json\/wp\/v2\/types\/product"}],"replies":[{"embeddable":true,"href":"https:\/\/www.hginstrument.com\/pt\/wp-json\/wp\/v2\/comments?post=3289"}],"wp:featuredmedia":[{"embeddable":true,"href":"https:\/\/www.hginstrument.com\/pt\/wp-json\/wp\/v2\/media\/3282"}],"wp:attachment":[{"href":"https:\/\/www.hginstrument.com\/pt\/wp-json\/wp\/v2\/media?parent=3289"}],"wp:term":[{"taxonomy":"product_cat","embeddable":true,"href":"https:\/\/www.hginstrument.com\/pt\/wp-json\/wp\/v2\/product_cat?post=3289"},{"taxonomy":"product_tag","embeddable":true,"href":"https:\/\/www.hginstrument.com\/pt\/wp-json\/wp\/v2\/product_tag?post=3289"}],"curies":[{"name":"wp","href":"https:\/\/api.w.org\/{rel}","templated":true}]}}