{"id":3291,"date":"2023-04-26T14:12:25","date_gmt":"2023-04-26T06:12:25","guid":{"rendered":"https:\/\/www.hginstrument.com\/?post_type=product&#038;p=3291"},"modified":"2023-04-26T14:12:25","modified_gmt":"2023-04-26T06:12:25","slug":"differential-pressure-switch","status":"publish","type":"product","link":"https:\/\/www.hginstrument.com\/pt\/pressure-switch\/differential-pressure-switch\/","title":{"rendered":"Interruptor de press\u00e3o diferencial"},"content":{"rendered":"<p><strong>Differential pressure switch (Diaphragm type )<\/strong><\/p>\n<p><strong>\u00a0Order information of differential pressure switch<\/strong><\/p>\n<p><strong>KGSC- GM series differential pressure switch: <\/strong>Weld 316L stainless steel diaphragm, process connection: G 1\/4F (can customize other type process connection), if request explosion proof, the model number shall be add &#8220;<strong>-E<\/strong>&#8221; as suffix.<\/p>\n<table>\n<tbody>\n<tr>\n<td width=\"114\">Modelo<\/td>\n<td width=\"118\">Gama<\/td>\n<td width=\"109\">Zona morta<\/td>\n<td width=\"139\">Frequ\u00eancia de comuta\u00e7\u00e3o<\/td>\n<td width=\"142\">Material do sensor<\/td>\n<\/tr>\n<tr>\n<td width=\"114\">KGSC-GM0400<\/td>\n<td width=\"118\">0.02\uff5e0.4MPa<\/td>\n<td width=\"109\">\u00a0\u22640,03MPa<\/td>\n<td width=\"139\">20 vezes por minuto<\/td>\n<td width=\"142\">316L<\/td>\n<\/tr>\n<tr>\n<td width=\"114\">KGSC-GM1600<\/td>\n<td width=\"118\">0.05\uff5e1.6MPa<\/td>\n<td width=\"109\">\u22640.2MPa<\/td>\n<td width=\"139\">20 vezes por minuto<\/td>\n<td width=\"142\">316L<\/td>\n<\/tr>\n<tr>\n<td width=\"114\">KGSC-GM2500<\/td>\n<td width=\"118\">0.05\uff5e2.5MPa<\/td>\n<td width=\"109\">\u00a0\u22640,25MPa<\/td>\n<td width=\"139\">20 vezes por minuto<\/td>\n<td width=\"142\">316L<\/td>\n<\/tr>\n<\/tbody>\n<\/table>\n<p>&nbsp;<\/p>\n<p><strong>KGSC-K series<\/strong> <strong>differential pressure switch:<\/strong> Nitrile rubber diaphragm and O-ring, process connection: G 1\/4F (can customize other type process connection), if request explosion proof, the model number shall be add &#8220;<strong>-E<\/strong>&#8221; as suffix. The wetted parts is aluminum alloy for Micro differential pressure.<\/p>\n<table>\n<tbody>\n<tr>\n<td width=\"114\">Modelo<\/td>\n<td width=\"118\">Gama<\/td>\n<td width=\"109\">Zona morta<\/td>\n<td width=\"139\">Frequ\u00eancia de comuta\u00e7\u00e3o<\/td>\n<td width=\"142\">Material do sensor<\/td>\n<\/tr>\n<tr>\n<td width=\"114\">KGSC-K0020<\/td>\n<td width=\"118\">0\uff5e2KPa<\/td>\n<td width=\"109\">\u226430Pa<\/td>\n<td width=\"139\">10 vezes por minuto<\/td>\n<td width=\"142\">Borracha nitr\u00edlica<\/td>\n<\/tr>\n<tr>\n<td width=\"114\">KGSC -K0060<\/td>\n<td width=\"118\">0,5\uff5e6KPa<\/td>\n<td width=\"109\">\u22640,2KPa<\/td>\n<td width=\"139\">10 vezes por minuto<\/td>\n<td width=\"142\">Borracha nitr\u00edlica<\/td>\n<\/tr>\n<tr>\n<td width=\"114\">KGSC -K0250<\/td>\n<td width=\"118\">1\uff5e25KPa<\/td>\n<td width=\"109\">\u22640.3KPa<\/td>\n<td width=\"139\">10 vezes por minuto<\/td>\n<td width=\"142\">Borracha nitr\u00edlica<\/td>\n<\/tr>\n<\/tbody>\n<\/table>\n<p>&nbsp;<\/p>\n<p><strong>KGSC- G series differential pressure switch: <\/strong>Weld 316L stainless steel diaphragm, process connection: G 1\/4F (can customize other type process connection), if request explosion proof, the model number shall be add &#8220;<strong>-E<\/strong>&#8221; as suffix. The wetted parts is aluminum alloy for Micro differential pressure.<\/p>\n<table>\n<tbody>\n<tr>\n<td width=\"114\">Modelo<\/td>\n<td width=\"118\">Gama<\/td>\n<td width=\"109\">Zona morta<\/td>\n<td width=\"139\">Frequ\u00eancia de comuta\u00e7\u00e3o<\/td>\n<td width=\"142\">Material do sensor<\/td>\n<\/tr>\n<tr>\n<td width=\"114\">KGSC-G0020<\/td>\n<td width=\"118\">0\uff5e2KPa<\/td>\n<td width=\"109\">\u226430Pa<\/td>\n<td width=\"139\">10 vezes por minuto<\/td>\n<td width=\"142\">316L<\/td>\n<\/tr>\n<tr>\n<td width=\"114\">KGSC-G0060<\/td>\n<td width=\"118\">0,5\uff5e6KPa<\/td>\n<td width=\"109\">\u22640,2KPa<\/td>\n<td width=\"139\">10 vezes por minuto<\/td>\n<td width=\"142\">316L<\/td>\n<\/tr>\n<tr>\n<td width=\"114\">KGSC -G0250<\/td>\n<td width=\"118\">1\uff5e25KPa<\/td>\n<td width=\"109\">\u22640.3KPa<\/td>\n<td width=\"139\">10 vezes por minuto<\/td>\n<td width=\"142\">316L<\/td>\n<\/tr>\n<\/tbody>\n<\/table>","protected":false},"excerpt":{"rendered":"<p>O interrutor de press\u00e3o diferencial \u00e9 um interrutor mec\u00e2nico, existe um diafragma ou fole na c\u00e2mara de press\u00e3o que divide a c\u00e2mara em duas c\u00e2maras, uma para ligar a extremidade de baixa press\u00e3o e outra para ligar a extremidade de alta press\u00e3o. (n\u00e3o inverter a liga\u00e7\u00e3o; caso contr\u00e1rio, a membrana ou o fole ficar\u00e3o danificados), a press\u00e3o alta e a press\u00e3o baixa anulam-se mutuamente para formar o valor da press\u00e3o diferencial. O valor da press\u00e3o diferencial provocar\u00e1 a altera\u00e7\u00e3o el\u00e1stica do elemento sensor de press\u00e3o mec\u00e2nica, quando o valor da press\u00e3o diferencial atingir o ponto de regula\u00e7\u00e3o, o interrutor de press\u00e3o diferencial emitir\u00e1 o sinal de comuta\u00e7\u00e3o. Quando os contactos NO e NC do interrutor de press\u00e3o diferencial est\u00e3o ligados ao rel\u00e9 ou ao PLC, isso significa que o interrutor de press\u00e3o diferencial entrou no sistema de controlo.<\/p>","protected":false},"featured_media":3284,"comment_status":"closed","ping_status":"closed","template":"","meta":[],"product_cat":[2360],"product_tag":[],"acf":[],"_links":{"self":[{"href":"https:\/\/www.hginstrument.com\/pt\/wp-json\/wp\/v2\/product\/3291"}],"collection":[{"href":"https:\/\/www.hginstrument.com\/pt\/wp-json\/wp\/v2\/product"}],"about":[{"href":"https:\/\/www.hginstrument.com\/pt\/wp-json\/wp\/v2\/types\/product"}],"replies":[{"embeddable":true,"href":"https:\/\/www.hginstrument.com\/pt\/wp-json\/wp\/v2\/comments?post=3291"}],"wp:featuredmedia":[{"embeddable":true,"href":"https:\/\/www.hginstrument.com\/pt\/wp-json\/wp\/v2\/media\/3284"}],"wp:attachment":[{"href":"https:\/\/www.hginstrument.com\/pt\/wp-json\/wp\/v2\/media?parent=3291"}],"wp:term":[{"taxonomy":"product_cat","embeddable":true,"href":"https:\/\/www.hginstrument.com\/pt\/wp-json\/wp\/v2\/product_cat?post=3291"},{"taxonomy":"product_tag","embeddable":true,"href":"https:\/\/www.hginstrument.com\/pt\/wp-json\/wp\/v2\/product_tag?post=3291"}],"curies":[{"name":"wp","href":"https:\/\/api.w.org\/{rel}","templated":true}]}}