{"id":3322,"date":"2023-05-19T15:03:07","date_gmt":"2023-05-19T07:03:07","guid":{"rendered":"https:\/\/www.hginstrument.com\/?post_type=product&#038;p=3322"},"modified":"2024-09-26T14:46:56","modified_gmt":"2024-09-26T06:46:56","slug":"sypm-23-pressure-transmitter-very-competitive-price","status":"publish","type":"product","link":"https:\/\/www.hginstrument.com\/pt\/pressure-differencial-pressure-transmitter\/sypm-23-pressure-transmitter-very-competitive-price\/","title":{"rendered":"SYPM-23 Transmissor de press\u00e3o pre\u00e7o muito competitivo"},"content":{"rendered":"<p>SYPM-23 Pressure Transmitter adopts the high performance silicon pressure sensors, integrate specialized amplifying circuit of low power consumption to convert the sensor signal into the standard analog signal.<\/p>\n<p><strong>Technical data of SYPM-23 Pressure Transmitter:\u00a0<\/strong><\/p>\n<ul>\n<li><strong>Meio aplic\u00e1vel:<\/strong> liquid, gas, steam<\/li>\n<li><strong>Measure range:<\/strong><br \/>\n<table width=\"504\">\n<tbody>\n<tr style=\"background-color: #d8d8d8\">\n<td width=\"104\">C\u00f3digo de intervalo<\/td>\n<td width=\"148\">Gama<\/td>\n<td width=\"252\">Pressure type<\/td>\n<\/tr>\n<tr>\n<td width=\"104\">A<\/td>\n<td width=\"148\">0 &#8211; 1 ~ 7 Kpa<\/td>\n<td rowspan=\"7\" width=\"252\">Press\u00e3o manom\u00e9trica<\/td>\n<\/tr>\n<tr>\n<td width=\"104\">B<\/td>\n<td width=\"148\">0 &#8211; 5 ~ 40 Kpa<\/td>\n<\/tr>\n<tr>\n<td width=\"104\">C<\/td>\n<td width=\"148\">0 &#8211; 40 ~ 250 Kpa<\/td>\n<\/tr>\n<tr>\n<td width=\"104\">D<\/td>\n<td width=\"148\">0 &#8211; 0<strong>.<\/strong>16 ~ 1 Mpa<\/td>\n<\/tr>\n<tr>\n<td width=\"104\">E<\/td>\n<td width=\"148\">0 &#8211; 4 ~ 25 Mpa<\/td>\n<\/tr>\n<tr>\n<td width=\"104\">F<\/td>\n<td width=\"148\">0 &#8211; 7 ~ 35 Mpa<\/td>\n<\/tr>\n<tr>\n<td width=\"104\">G<\/td>\n<td width=\"148\">0 &#8211; 12 ~ 60 Mpa<\/td>\n<\/tr>\n<tr>\n<td width=\"104\">I<\/td>\n<td width=\"148\">0 ~ 40 Kpa<\/td>\n<td rowspan=\"4\" width=\"252\">Absolute pressure<\/td>\n<\/tr>\n<tr>\n<td width=\"104\">J<\/td>\n<td width=\"148\">0 ~ 250 Kpa<\/td>\n<\/tr>\n<tr>\n<td width=\"104\">K<\/td>\n<td width=\"148\">0 ~ 1 Mpa<\/td>\n<\/tr>\n<tr>\n<td width=\"104\">L<\/td>\n<td width=\"148\">0 ~ 10 Mpa<\/td>\n<\/tr>\n<\/tbody>\n<\/table>\n<ul>\n<li><strong>Transient overload capacity: <\/strong>5 times instrument range<\/li>\n<li><strong>Pressure type:<\/strong> Gauge pressure, Absolute pressure<\/li>\n<li><strong>Exatid\u00e3o:<\/strong> Typical 1%FS, Normal: 0.2%FS, Maximum \u00b10.5%FS (include nonlinearity, hysteresis and repeatability)<\/li>\n<li><strong>Stability: <\/strong>&lt; 0.1% FS \/ year<\/li>\n<li><strong>Working temperature:<\/strong> -30 ~ 80 \u2103<\/li>\n<li><strong>Process connection option:<\/strong> Thread (Flush membrane), Flange or Tri-clamp (Sanitary type)<\/li>\n<li><strong>Alimenta\u00e7\u00e3o el\u00e9ctrica: <\/strong>24VDC<\/li>\n<li><strong>Indicator option:<\/strong> LED,\u00a0 LCD<\/li>\n<li><strong>Display: <\/strong>5 digits and one decimal point<\/li>\n<li><strong>Output signal and Load resistance:<\/strong><\/li>\n<\/ul>\n<table>\n<tbody>\n<tr style=\"background-color: #d8d8d8\">\n<td width=\"134\">Sinal de sa\u00edda<\/td>\n<td width=\"151\">4 \u2013 20mA (2-wire)<\/td>\n<td width=\"161\">0 \u2013 10 \/ 20mA (3-wire)<\/td>\n<td width=\"170\">0\/1 ~ 5 \/ 10 V (3-wire)<\/td>\n<\/tr>\n<tr>\n<td width=\"134\">Load resistance<\/td>\n<td width=\"151\">\u2264 (U-15) \/ 0.02 \u03a9<\/td>\n<td width=\"161\">\u2264 (U-15) \/ 0.02 \u03a9<\/td>\n<td width=\"170\">\uff1e 5 K\u03a9<\/td>\n<\/tr>\n<\/tbody>\n<\/table>\n<ul>\n<li><strong>Communication: <\/strong>RS485, Modbus protocol ( Optional )<\/li>\n<li><strong>Material: <\/strong><\/li>\n<\/ul>\n<table>\n<tbody>\n<tr style=\"background-color: #d8d8d8\">\n<td width=\"132\">Sensor body<\/td>\n<td width=\"113\">Diafragma<\/td>\n<td width=\"198\">Sealing type<\/td>\n<td width=\"161\">Electrical housing<\/td>\n<\/tr>\n<tr>\n<td width=\"132\">SS 1Gr18Ni9Ti<\/td>\n<td width=\"113\">SS316L<\/td>\n<td width=\"198\">Viton \u201cO\u201d ring or all-welded<\/td>\n<td width=\"161\">Aluminum<\/td>\n<\/tr>\n<\/tbody>\n<\/table>\n<ul>\n<li><strong>\u00c0 prova de intemp\u00e9ries:<\/strong> IP65<\/li>\n<li><strong>Explosion-proof:<\/strong> Exib II CT6<\/li>\n<\/ul>\n<\/li>\n<\/ul>\n<p><strong>Accessory option of\u00a0 SYPM-23 Pressure Transmitter<\/strong><\/p>\n<p><img class=\"alignnone wp-image-1614 size-full\" src=\"http:\/\/www.hginstrument.com\/wp-content\/uploads\/2021\/08\/accessary-for-2088.jpg\" alt=\"accessary for 2088\" width=\"696\" height=\"361\" srcset=\"https:\/\/www.hginstrument.com\/wp-content\/uploads\/2021\/08\/accessary-for-2088.jpg 696w, https:\/\/www.hginstrument.com\/wp-content\/uploads\/2021\/08\/accessary-for-2088-300x156.jpg 300w, https:\/\/www.hginstrument.com\/wp-content\/uploads\/2021\/08\/accessary-for-2088-600x311.jpg 600w\" sizes=\"(max-width: 696px) 100vw, 696px\" \/><\/p>\n<p>Syphon\u00a0 \u00a0 \u00a0 \u00a0 \u00a0 \u00a0 \u00a0 \u00a0 \u00a0 \u00a0 \u00a0 \u00a0 \u00a0 \u00a0 \u00a0 \u00a0 \u00a0 \u00a0 \u00a0 \u00a0 \u00a0 \u00a0 Heat sink\u00a0 \u00a0 \u00a0 \u00a0 \u00a0 \u00a0 \u00a0 \u00a0 \u00a0 \u00a0 \u00a0 \u00a0 \u00a0 \u00a0 \u00a0 \u00a0 \u00a0 \u00a0 \u00a0 \u00a0 \u00a0 \u00a0 \u00a0 \u00a0 \u00a0 \u00a0 \u00a0 \u00a0 \u00a0 \u00a0 \u00a02-way valve manifold<\/p>\n<p>&nbsp;<\/p>\n<p><strong>Buttons function of\u00a0 SYPM-23 Pressure Transmitter:\u00a0<\/strong><\/p>\n<table>\n<tbody>\n<tr style=\"background-color: #d8d8d8\">\n<td width=\"102\">Button name<\/td>\n<td width=\"574\">Function description<\/td>\n<\/tr>\n<tr>\n<td width=\"102\">S<\/td>\n<td width=\"574\">\u25cf At menu interface, press S button can return measuring status.<\/p>\n<p>\u25cf At parameter setting interface (Select setting), press S button can return menu interface.<\/p>\n<p>\u25cf At parameter setting interface (Input setting), press S button can shift cursor.<\/td>\n<\/tr>\n<tr>\n<td width=\"102\">M<\/td>\n<td width=\"574\">\u25cf At measuring status, press M button for about 5 seconds, screen will appear the first menu interface &#8220;POINT&#8221; ( menu name &#8220;POINT&#8221; is flickering).<\/p>\n<p>\u25cf At menu interface, press M button can enter parameter setting interface of this menu.<\/p>\n<p>\u25cf At parameter setting interface, press M button to save the current parameters.<\/td>\n<\/tr>\n<tr>\n<td width=\"102\">Z<\/td>\n<td width=\"574\">\u25cf At menu interface, press Z button can switch to next menu interface.<\/p>\n<p>\u25cf At parameter setting interface (Select setting), press Z button can select parameter.<\/p>\n<p>\u25cf At parameter setting interface (Input setting), press Z button can change value.<\/td>\n<\/tr>\n<\/tbody>\n<\/table>\n<p>&nbsp;<\/p>\n<p><strong>How to enter menu interface of SYPM-23 Pressure Transmitter ?\u00a0 \u00a0And which menus are there ?<\/strong><\/p>\n<p>Answer:\u00a0 At measuring status, press M button for about 5 seconds, screen will appear the menu &#8220;POINT&#8221; ( at this time, menu name &#8220;POINT&#8221; flickers), then press Z button can cycle switch among the menus<strong>:<\/strong><\/p>\n<p><strong>POINT<\/strong>,\u00a0 <strong>UNIT<\/strong>,\u00a0 <strong>LOWER<\/strong>,\u00a0 <strong>UPPER<\/strong>,\u00a0 <strong>DAMP<\/strong>,\u00a0 <strong>LOOP Fix<\/strong>,\u00a0 <strong>CLR ZERO<\/strong>,\u00a0 <strong>DENSITY<\/strong>,\u00a0 <strong>ALARM <\/strong>( The first menu is <strong>POINT<\/strong>, the last menu is <strong>ALARM<\/strong>. )<\/p>\n<p>&nbsp;<\/p>\n<p><strong>Zero point calibration for SYPM-23 Pressure Transmitter<\/strong><\/p>\n<p>Make sure the pressure transmitter is powered on and under the condition of zero pressure, then press S\u00a0 + Z for more than 5 seconds, then release this two buttons at the same time, then press S + Z for 3 seconds, the pressure transmitter zero point calibration is completed.<\/p>\n<p>&nbsp;<\/p>\n<p><strong>Range\u2019s lower limit calibration for SYPM-23 Pressure Transmitter<\/strong><\/p>\n<p>Make sure the pressure transmitter is powered on and under the condition of the pressure which is equal to the range\u2019s lower limit, then press S + Z for more than 5 seconds, then release this two buttons at the same time, then press Z for 3 seconds, the pressure transmitter will regard the current pressure value as the range\u2019s lower limit, but the pressure transmitter\u2019s sensor span does not change.<\/p>\n<p>&nbsp;<\/p>\n<p><strong>Range\u2019s upper limit calibration for SYPM-23 Pressure Transmitter<\/strong><\/p>\n<p>Make sure the pressure transmitter is powered on and under the condition of the pressure which is equal to the range\u2019s upper limit, then press S + Z for more than 5 seconds, then release this two keys at the same time, then press S for 3 seconds, the pressure transmitter will regard the current pressure value as the range\u2019s upper limit, but the range\u2019s lower limit does not change.<\/p>\n<p><a href=\"https:\/\/www.hginstrument.com\/pt\/menu-function-and-operation-introduction-for-sypm-23-pressure-transmitter\/\" data-schema-attribute=\"\"><strong>Menu function and operation introduction of SYPM-23 Pressure Transmitter<\/strong><\/a><\/p>\n<p>&nbsp;<\/p>\n<p>&nbsp;<\/p>\n<p>&nbsp;<\/p>","protected":false},"excerpt":{"rendered":"<p><strong>Transmissor de press\u00e3o SYPM-23<\/strong> is economical pressure transmitter, price is very competitive,\u00a0 small volume, <strong>Transmissor de press\u00e3o SYPM-23<\/strong> can be configured with RS485 communication to acess Iot net.<\/p>","protected":false},"featured_media":3045,"comment_status":"closed","ping_status":"closed","template":"","meta":[],"product_cat":[1406,2348],"product_tag":[],"acf":[],"_links":{"self":[{"href":"https:\/\/www.hginstrument.com\/pt\/wp-json\/wp\/v2\/product\/3322"}],"collection":[{"href":"https:\/\/www.hginstrument.com\/pt\/wp-json\/wp\/v2\/product"}],"about":[{"href":"https:\/\/www.hginstrument.com\/pt\/wp-json\/wp\/v2\/types\/product"}],"replies":[{"embeddable":true,"href":"https:\/\/www.hginstrument.com\/pt\/wp-json\/wp\/v2\/comments?post=3322"}],"wp:featuredmedia":[{"embeddable":true,"href":"https:\/\/www.hginstrument.com\/pt\/wp-json\/wp\/v2\/media\/3045"}],"wp:attachment":[{"href":"https:\/\/www.hginstrument.com\/pt\/wp-json\/wp\/v2\/media?parent=3322"}],"wp:term":[{"taxonomy":"product_cat","embeddable":true,"href":"https:\/\/www.hginstrument.com\/pt\/wp-json\/wp\/v2\/product_cat?post=3322"},{"taxonomy":"product_tag","embeddable":true,"href":"https:\/\/www.hginstrument.com\/pt\/wp-json\/wp\/v2\/product_tag?post=3322"}],"curies":[{"name":"wp","href":"https:\/\/api.w.org\/{rel}","templated":true}]}}