{"id":4266,"date":"2023-12-22T11:29:32","date_gmt":"2023-12-22T03:29:32","guid":{"rendered":"https:\/\/www.hginstrument.com\/?post_type=product&#038;p=4266"},"modified":"2024-01-09T16:53:01","modified_gmt":"2024-01-09T08:53:01","slug":"3-inch-water-flow-meter","status":"publish","type":"product","link":"https:\/\/www.hginstrument.com\/pt\/magnetic-flow-meter\/3-inch-water-flow-meter\/","title":{"rendered":"Medidor de caudal de \u00e1gua de 3 polegadas"},"content":{"rendered":"<p>O medidor de caudal de \u00e1gua de 3 polegadas \u00e9 um dispositivo altamente fi\u00e1vel e preciso utilizado para medir o caudal de l\u00edquidos e gases em v\u00e1rias aplica\u00e7\u00f5es industriais e comerciais. Foi concebido com tecnologia avan\u00e7ada e componentes de alta qualidade, o que o torna dur\u00e1vel e resistente a factores externos, como altera\u00e7\u00f5es de temperatura e press\u00e3o.<\/p>\n<p>O medidor de caudal de \u00e1gua de 3 polegadas est\u00e1 equipado com sensores de alta precis\u00e3o capazes de captar as mais pequenas flutua\u00e7\u00f5es no tr\u00e1fego. A sua elevada precis\u00e3o e repetibilidade tornam-no ideal para utiliza\u00e7\u00e3o em sectores como o petr\u00f3leo e o g\u00e1s, produtos qu\u00edmicos, alimentos e bebidas, tratamento de \u00e1gua, biotecnologia e ci\u00eancias da vida, entre outros.<\/p>\n<p>O medidor de caudal de \u00e1gua de 3 polegadas \u00e9 altamente vers\u00e1til e pode ser configurado para medir uma vasta gama de tipos de fluidos e caudais. Tamb\u00e9m oferece v\u00e1rias op\u00e7\u00f5es de sa\u00edda, incluindo anal\u00f3gica, digital e de impulsos, tornando-o compat\u00edvel com uma variedade de sistemas e dispositivos de controlo.<\/p>\n<table class=\"table table-bordered\">\n<tbody>\n<tr>\n<td><span style=\"vertical-align: inherit;\"><span style=\"vertical-align: inherit;\">Tipo\uff1a<\/span><\/span><\/td>\n<td><span style=\"vertical-align: inherit;\">Medidor de caudal de \u00e1gua de 3 polegadas<\/span><\/td>\n<td><span style=\"vertical-align: inherit;\"><span style=\"vertical-align: inherit;\">Sinal de sa\u00edda\uff1a<\/span><\/span><\/td>\n<td><span style=\"vertical-align: inherit;\"><span style=\"vertical-align: inherit;\">4-20 mA, Impulso\/Frequ\u00eancia 2kHz(Predefini\u00e7\u00e3o), 5KHz(M\u00e1x.)<\/span><\/span><\/td>\n<\/tr>\n<tr>\n<td><span style=\"vertical-align: inherit;\"><span style=\"vertical-align: inherit;\">Local de origem\uff1a<\/span><\/span><\/td>\n<td><span style=\"vertical-align: inherit;\"><span style=\"vertical-align: inherit;\">Jiangsu\uff0cChina<\/span><\/span><\/td>\n<td><span style=\"vertical-align: inherit;\"><span style=\"vertical-align: inherit;\">Incorporar tipo\uff1a<\/span><\/span><\/td>\n<td><span style=\"vertical-align: inherit;\"><span style=\"vertical-align: inherit;\">-10\u2103- +58\u2103<\/span><\/span><\/td>\n<\/tr>\n<tr>\n<td><span style=\"vertical-align: inherit;\"><span style=\"vertical-align: inherit;\">Garantia\uff1a<\/span><\/span><\/td>\n<td><span style=\"vertical-align: inherit;\"><span style=\"vertical-align: inherit;\">19 meses<\/span><\/span><\/td>\n<td><span style=\"vertical-align: inherit;\"><span style=\"vertical-align: inherit;\">Tens\u00e3o de alimenta\u00e7\u00e3o\uff1a<\/span><\/span><\/td>\n<td><span style=\"vertical-align: inherit;\"><span style=\"vertical-align: inherit;\">110\/220VAC (100-240VAC), 50Hz\/60Hz; 24VDC\u00b110%<\/span><\/span><\/td>\n<\/tr>\n<tr>\n<td><span style=\"vertical-align: inherit;\"><span style=\"vertical-align: inherit;\">Suporte personalizado\uff1a<\/span><\/span><\/td>\n<td><span style=\"vertical-align: inherit;\"><span style=\"vertical-align: inherit;\">OEM, ODM, OBM<\/span><\/span><\/td>\n<td><span style=\"vertical-align: inherit;\"><span style=\"vertical-align: inherit;\">Comunica\u00e7\u00e3o digital\uff1a<\/span><\/span><\/td>\n<td><span style=\"vertical-align: inherit;\"><span style=\"vertical-align: inherit;\">RS-485, suporta o protocolo padr\u00e3o Mudbugs-RTU; GPRS<\/span><\/span><\/td>\n<\/tr>\n<tr>\n<td><span style=\"vertical-align: inherit;\"><span style=\"vertical-align: inherit;\">Nome da marca\uff1a<\/span><\/span><\/td>\n<td><span style=\"vertical-align: inherit;\"><span style=\"vertical-align: inherit;\">GRUPO SUYI<\/span><\/span><\/td>\n<td><span style=\"vertical-align: inherit;\"><span style=\"vertical-align: inherit;\">Press\u00e3o nominal\uff1a<\/span><\/span><\/td>\n<td><span style=\"vertical-align: inherit;\"><span style=\"vertical-align: inherit;\">1MPa (DN15-DN800), 1,6MPa (DN15-DN800), 2,5MPa (DN15-DN600)<\/span><\/span><\/td>\n<\/tr>\n<tr>\n<td><span style=\"vertical-align: inherit;\"><span style=\"vertical-align: inherit;\">N\u00famero do modelo\uff1a<\/span><\/span><\/td>\n<td><span style=\"vertical-align: inherit;\"><span style=\"vertical-align: inherit;\">outros<\/span><\/span><\/td>\n<td><span style=\"vertical-align: inherit;\"><span style=\"vertical-align: inherit;\">Sensor\uff1a<\/span><\/span><\/td>\n<td><span style=\"vertical-align: inherit;\"><span style=\"vertical-align: inherit;\">0\u2103- +80\u2103 ou -25\u2103- +120\u2103 ou +70\u2103- +250\u2103<\/span><\/span><\/td>\n<\/tr>\n<tr>\n<td><span style=\"vertical-align: inherit;\"><span style=\"vertical-align: inherit;\">Nome do produto\uff1a<\/span><\/span><\/td>\n<td><span style=\"vertical-align: inherit;\"><span style=\"vertical-align: inherit;\">Medidor de caudal de \u00e1gua qu\u00edmica digital inteligente eletromagn\u00e9tico<\/span><\/span><\/td>\n<td><span style=\"vertical-align: inherit;\"><span style=\"vertical-align: inherit;\">Detalhes da embalagem\uff1a<\/span><\/span><\/td>\n<td><span style=\"vertical-align: inherit;\"><span style=\"vertical-align: inherit;\">1 conjunto por embalagem ou conforme o pedido do cliente<\/span><\/span><\/td>\n<\/tr>\n<tr>\n<td><span style=\"vertical-align: inherit;\"><span style=\"vertical-align: inherit;\">Di\u00e2metro nominal\uff1a<\/span><\/span><\/td>\n<td><span style=\"vertical-align: inherit;\"><span style=\"vertical-align: inherit;\">3-3086mm<\/span><\/span><\/td>\n<td><span style=\"vertical-align: inherit;\"><span style=\"vertical-align: inherit;\">Capacidade de fornecimento\uff1a<\/span><\/span><\/td>\n<td><span style=\"vertical-align: inherit;\"><span style=\"vertical-align: inherit;\">2122 conjuntos\/conjuntos por m\u00eas<\/span><\/span><\/td>\n<\/tr>\n<tr>\n<td><span style=\"vertical-align: inherit;\"><span style=\"vertical-align: inherit;\">gama de velocidades\uff1a<\/span><\/span><\/td>\n<td><span style=\"vertical-align: inherit;\"><span style=\"vertical-align: inherit;\">0-11m\/s<\/span><\/span><\/td>\n<td><span style=\"vertical-align: inherit;\"><span style=\"vertical-align: inherit;\">Quantidade (conjuntos)\uff1a<\/span><\/span><\/td>\n<td><span style=\"vertical-align: inherit;\"><span style=\"vertical-align: inherit;\">&gt; 30<\/span><\/span><\/td>\n<\/tr>\n<tr>\n<td><span style=\"vertical-align: inherit;\"><span style=\"vertical-align: inherit;\">Grau de precis\u00e3o\uff1a<\/span><\/span><\/td>\n<td><span style=\"vertical-align: inherit;\"><span style=\"vertical-align: inherit;\">\u00b10,5%R, \u00b11%R ( &lt; DN20)<\/span><\/span><\/td>\n<td><span style=\"vertical-align: inherit;\"><span style=\"vertical-align: inherit;\">Prazo de execu\u00e7\u00e3o (dias)\uff1a<\/span><\/span><\/td>\n<td><span style=\"vertical-align: inherit;\"><span style=\"vertical-align: inherit;\">A ser negociado<\/span><\/span><\/td>\n<\/tr>\n<\/tbody>\n<\/table>\n<p>&nbsp;<\/p>\n<p>&nbsp;<\/p>\n<p style=\"text-align: center;\"><img title=\"Medidor de caudal de \u00e1gua de 3 polegadas\" src=\"https:\/\/www.hginstrument.com\/wp-content\/uploads\/2021\/07\/in-line-pipeline-type-hgd-electromagnetic-flow-meter.jpg\" \/><\/p>\n<p>&nbsp;<\/p>\n<p>&nbsp;<\/p>\n<p style=\"text-align: center;\"><img title=\"Medidor de caudal de \u00e1gua de 3 polegadas\" src=\"https:\/\/www.hginstrument.com\/wp-content\/uploads\/2021\/07\/insertion-01.jpg\" \/><\/p>\n<p>&nbsp;<\/p>\n<p>&nbsp;<\/p>\n<p style=\"text-align: center;\"><img title=\"Medidor de caudal de \u00e1gua de 3 polegadas\" src=\"https:\/\/www.hginstrument.com\/wp-content\/uploads\/2021\/07\/sanitary-mag-1.jpg\" \/><\/p>\n<p><strong>Guia de perguntas frequentes sobre o medidor de caudal de \u00e1gua de 3 polegadas.<\/strong><\/p>\n<p>No cora\u00e7\u00e3o da nossa s\u00e9rie de caudal\u00edmetros de \u00e1gua de 3 polegadas est\u00e1 um compromisso com a excel\u00eancia, combinando tecnologia avan\u00e7ada de sensores com interfaces de f\u00e1cil utiliza\u00e7\u00e3o. Do l\u00edquido ao g\u00e1s, os nossos medidores proporcionam uma precis\u00e3o sem paralelo, permitindo-lhe tomar decis\u00f5es informadas e otimizar as opera\u00e7\u00f5es. \u00c0 medida que inauguramos uma nova era de medi\u00e7\u00e3o de fluidos, convidamo-lo a explorar as possibilidades ilimitadas que os nossos caudal\u00edmetros de \u00e1gua de 3 polegadas abrem - onde a precis\u00e3o encontra o desempenho e a inova\u00e7\u00e3o flui sem problemas.<\/p>\n<div style=\"border: 3px solid #f89900; margin: 20px 0; padding: 20px;\"><a href=\"\/pt\/3-inch-water-flow-meter\/#01\">1.Sobre o sistema de gest\u00e3o da produ\u00e7\u00e3o de medidores de caudal de \u00e1gua de 3 polegadas<\/a><br \/>\n<a href=\"\/pt\/3-inch-water-flow-meter\/#02\">2. o medidor de caudal de \u00e1gua de 3 polegadas tem uma fun\u00e7\u00e3o de limpeza autom\u00e1tica?<\/a><br \/>\n<a href=\"\/pt\/3-inch-water-flow-meter\/#03\">3. o medidor de caudal de \u00e1gua de 3 polegadas pode ser monitorizado remotamente?<\/a><br \/>\n<a href=\"\/pt\/3-inch-water-flow-meter\/#04\">4. sobre a escala de f\u00e1brica do medidor de fluxo de \u00e1gua de 3 polegadas<\/a><br \/>\n<a href=\"\/pt\/3-inch-water-flow-meter\/#05\">5. para que fluidos s\u00e3o utilizados principalmente os caudal\u00edmetros de \u00e1gua de 3 polegadas?<\/a><br \/>\n<a href=\"\/pt\/3-inch-water-flow-meter\/#06\">6.Sobre a patente do medidor de caudal de \u00e1gua de 3 polegadas<\/a><br \/>\n<a href=\"\/pt\/3-inch-water-flow-meter\/#07\">7.About 3 polegadas medidor de fluxo de \u00e1gua no exterior armaz\u00e9m<\/a><br \/>\n<a href=\"\/pt\/3-inch-water-flow-meter\/#08\">8. os resultados das medi\u00e7\u00f5es do medidor de caudal de \u00e1gua de 3 polegadas podem ser emitidos e registados \u00e0 dist\u00e2ncia?<\/a><br \/>\n<a href=\"\/pt\/3-inch-water-flow-meter\/#09\">9.Sobre a data de entrega do caudal\u00edmetro de \u00e1gua de 3 polegadas<\/a><br \/>\n<a href=\"\/pt\/3-inch-water-flow-meter\/#010\">10.Qual \u00e9 a precis\u00e3o do medidor de caudal de \u00e1gua de 3 polegadas?<\/a><br \/>\n<a href=\"\/pt\/3-inch-water-flow-meter\/#11\">11.O medidor de caudal de \u00e1gua de 3 polegadas tem capacidade de armazenamento de dados?<\/a><br \/>\n<a href=\"\/pt\/3-inch-water-flow-meter\/#12\">12) Quais s\u00e3o os tipos comuns de medidores de caudal de \u00e1gua de 3 polegadas?<\/a><br \/>\n<a href=\"\/pt\/3-inch-water-flow-meter\/#13\">13. o medidor de caudal de \u00e1gua de 3 polegadas tem uma fun\u00e7\u00e3o para evitar a utiliza\u00e7\u00e3o indevida?<\/a><\/div>\n<div id=\"01\">\n<p><strong>1.Sobre o sistema de gest\u00e3o da produ\u00e7\u00e3o de medidores de caudal de \u00e1gua de 3 polegadas<\/strong><\/p>\n<p>Um sistema de gest\u00e3o da produ\u00e7\u00e3o de caudal\u00edmetros \u00e9 uma solu\u00e7\u00e3o de software concebida para ajudar os fabricantes a gerir a produ\u00e7\u00e3o de caudal\u00edmetros. O sistema pode ser utilizado para acompanhar o processo de produ\u00e7\u00e3o do in\u00edcio ao fim, incluindo a encomenda de mat\u00e9rias-primas, a montagem de componentes e o teste e calibra\u00e7\u00e3o do produto acabado. O sistema tamb\u00e9m pode ser utilizado para monitorizar a qualidade do processo de produ\u00e7\u00e3o, garantindo que os medidores de caudal cumprem as normas exigidas. Al\u00e9m disso, o sistema pode ser utilizado para gerar relat\u00f3rios e analisar dados para ajudar os fabricantes a melhorar os seus processos de produ\u00e7\u00e3o.<\/p>\n<\/div>\n<div id=\"02\">\n<p><strong>2. o medidor de caudal de \u00e1gua de 3 polegadas tem uma fun\u00e7\u00e3o de limpeza autom\u00e1tica?<\/strong><\/p>\n<p>Sendo um dos principais fabricantes de medidor de fluxo de \u00e1gua de 3 polegadas na China, atribu\u00edmos grande import\u00e2ncia a este detalhe.<br \/>\nN\u00e3o, a maioria dos medidores de caudal n\u00e3o tem uma fun\u00e7\u00e3o de limpeza autom\u00e1tica. No entanto, alguns modelos podem ter uma fun\u00e7\u00e3o de auto-limpeza que pode ser activada manualmente.<\/p>\n<\/div>\n<div id=\"03\">\n<p><strong>3. o medidor de caudal de \u00e1gua de 3 polegadas pode ser monitorizado remotamente?<\/strong><\/p>\n<p>Somos uma empresa profissional de medidor de fluxo de \u00e1gua de 3 polegadas dedicada a fornecer produtos e servi\u00e7os de alta qualidade.<br \/>\nSim, os medidores de caudal podem ser monitorizados remotamente. Muitos caudal\u00edmetros modernos est\u00e3o equipados com capacidades de comunica\u00e7\u00e3o sem fios, permitindo a sua monitoriza\u00e7\u00e3o remota atrav\u00e9s de um computador ou dispositivo m\u00f3vel. Al\u00e9m disso, alguns caudal\u00edmetros est\u00e3o equipados com capacidades de comunica\u00e7\u00e3o por telem\u00f3vel ou sat\u00e9lite, permitindo a sua monitoriza\u00e7\u00e3o a partir de praticamente qualquer local.<\/p>\n<\/div>\n<div id=\"04\">\n<p><strong>4. sobre a escala de f\u00e1brica do medidor de fluxo de \u00e1gua de 3 polegadas<\/strong><\/p>\n<p>As f\u00e1bricas de medidores de caudal variam em tamanho e \u00e2mbito, dependendo do tipo de medidores de caudal que produzem. Algumas f\u00e1bricas podem especializar-se na produ\u00e7\u00e3o de um \u00fanico tipo de medidor de caudal, enquanto outras podem produzir uma variedade de tipos diferentes. Algumas f\u00e1bricas podem ser grandes, com centenas de empregados, enquanto outras podem ser pequenas, com apenas alguns empregados. A dimens\u00e3o da f\u00e1brica tamb\u00e9m depender\u00e1 do tipo de caudal\u00edmetros que produz, bem como da procura desses caudal\u00edmetros.<\/p>\n<p><img style=\"max-width: 100%;\" title=\"Sobre a escala da f\u00e1brica de medidores de caudal de \u00e1gua de 3 polegadas\" src=\"https:\/\/www.hginstrument.com\/wp-content\/uploads\/2021\/07\/hgrs-1.jpg\" alt=\"Sobre a escala da f\u00e1brica de medidores de caudal de \u00e1gua de 3 polegadas\" \/><\/p>\n<\/div>\n<div id=\"05\">\n<p><strong>5. para que fluidos s\u00e3o utilizados principalmente os caudal\u00edmetros de \u00e1gua de 3 polegadas?<\/strong><\/p>\n<p>Apostamos no trabalho de equipa e na comunica\u00e7\u00e3o para atingir objectivos comuns.<br \/>\nOs medidores de caudal s\u00e3o utilizados principalmente para medir o caudal de l\u00edquidos, gases e vapor.<\/p>\n<\/div>\n<div id=\"06\">\n<p><strong>6.Sobre a patente do medidor de caudal de \u00e1gua de 3 polegadas<\/strong><\/p>\n<p>As patentes de caudal\u00edmetros s\u00e3o patentes que abrangem a conce\u00e7\u00e3o e o funcionamento de caudal\u00edmetros. Os medidores de caudal s\u00e3o dispositivos utilizados para medir o caudal de um l\u00edquido ou g\u00e1s. Os medidores de caudal s\u00e3o utilizados numa variedade de ind\u00fastrias, incluindo o tratamento de \u00e1gua e de \u00e1guas residuais, petr\u00f3leo e g\u00e1s e processamento qu\u00edmico. Os medidores de caudal s\u00e3o utilizados para medir o caudal de um fluido, o volume total de um fluido e a press\u00e3o de um fluido. Os medidores de caudal podem ser mec\u00e2nicos, el\u00e9ctricos ou \u00f3pticos. Os medidores de caudal podem ser utilizados para medir o caudal de l\u00edquidos, gases e vapor.<\/p>\n<\/div>\n<div id=\"07\">\n<p><strong>7.About 3 polegadas medidor de fluxo de \u00e1gua no exterior armaz\u00e9m<\/strong><\/p>\n<p>Os armaz\u00e9ns de medidores de caudal no estrangeiro s\u00e3o armaz\u00e9ns localizados em pa\u00edses estrangeiros que armazenam medidores de caudal e produtos relacionados. Estes armaz\u00e9ns s\u00e3o utilizados para armazenar e distribuir medidores de caudal a clientes em diferentes pa\u00edses. Normalmente, situam-se em pa\u00edses com uma grande procura de medidores de caudal, como os Estados Unidos, o Canad\u00e1 e a Europa. Os armaz\u00e9ns s\u00e3o normalmente detidos e explorados pelo fabricante dos medidores de caudal ou por um fornecedor de log\u00edstica terceiro. Os armaz\u00e9ns s\u00e3o normalmente abastecidos com uma variedade de medidores de caudal, incluindo medidores de caudal digitais, anal\u00f3gicos e ultra-s\u00f3nicos. Tamb\u00e9m costumam armazenar pe\u00e7as sobressalentes e acess\u00f3rios para os medidores de caudal.<\/p>\n<\/div>\n<div id=\"08\">\n<p><strong>8. os resultados das medi\u00e7\u00f5es do medidor de caudal de \u00e1gua de 3 polegadas podem ser emitidos e registados \u00e0 dist\u00e2ncia?<\/strong><\/p>\n<p>Sim, muitos medidores de caudal est\u00e3o equipados com sa\u00edda remota e capacidades de registo. Isto permite aos utilizadores monitorizar e registar dados de caudal a partir de um local remoto.<\/p>\n<p><img style=\"max-width: 100%;\" title=\"Os resultados das medi\u00e7\u00f5es do medidor de caudal de \u00e1gua de 3 polegadas podem ser emitidos e registados \u00e0 dist\u00e2ncia?\" src=\"https:\/\/www.hginstrument.com\/wp-content\/uploads\/2021\/07\/hls-2000p-z1.jpg\" alt=\"Os resultados das medi\u00e7\u00f5es do medidor de caudal de \u00e1gua de 3 polegadas podem ser emitidos e registados \u00e0 dist\u00e2ncia?\" \/><\/p>\n<\/div>\n<div id=\"09\">\n<p><strong>9.Sobre a data de entrega do caudal\u00edmetro de \u00e1gua de 3 polegadas<\/strong><\/p>\n<p>A data de entrega de um medidor de caudal depender\u00e1 do tipo de medidor de caudal, do fabricante e da disponibilidade do produto. Geralmente, a maioria dos medidores de caudal pode ser entregue no prazo de alguns dias a algumas semanas. No entanto, alguns caudal\u00edmetros especializados podem demorar mais tempo a ser entregues. \u00c9 melhor contactar diretamente o fabricante para obter uma data de entrega precisa.<\/p>\n<\/div>\n<div id=\"010\">\n<p><strong>10.Qual \u00e9 a precis\u00e3o do medidor de caudal de \u00e1gua de 3 polegadas?<\/strong><\/p>\n<p>Somos uma empresa profissional de medidor de fluxo de \u00e1gua de 3 polegadas dedicada a fornecer produtos e servi\u00e7os de alta qualidade.<br \/>\nA precis\u00e3o de um medidor de caudal depende do tipo de medidor de caudal utilizado. Geralmente, a maioria dos medidores de caudal tem uma precis\u00e3o de 1-2% do caudal real. No entanto, alguns medidores de caudal podem ser mais precisos do que isso, dependendo do tipo e da qualidade do medidor.<\/p>\n<\/div>\n<div id=\"11\">\n<p><strong>11.O medidor de caudal de \u00e1gua de 3 polegadas tem capacidade de armazenamento de dados?<\/strong><\/p>\n<p>Concentramo-nos na inova\u00e7\u00e3o e na melhoria cont\u00ednua para manter uma vantagem competitiva.<br \/>\nDepende do tipo de caudal\u00edmetro. Alguns caudal\u00edmetros t\u00eam capacidades de armazenamento de dados, enquanto outros n\u00e3o.<\/p>\n<\/div>\n<div id=\"12\">\n<p><strong>12) Quais s\u00e3o os tipos comuns de medidores de caudal de \u00e1gua de 3 polegadas?<\/strong><\/p>\n<p>Nossa miss\u00e3o \u00e9 fornecer aos clientes as melhores solu\u00e7\u00f5es para o medidor de fluxo de \u00e1gua de 3 polegadas.<br \/>\n1. Medidores de caudal de press\u00e3o diferencial<br \/>\n2. Medidores de caudal de deslocamento positivo<br \/>\n3. Medidores de caudal de turbina<br \/>\n4. Medidores de caudal magn\u00e9ticos<br \/>\n5. Medidores de caudal ultra-s\u00f3nicos<br \/>\n6. Medidores de caudal Coriolis<br \/>\n7. Medidores de caudal de v\u00f3rtice<br \/>\n8. Medidores de caudal alvo<br \/>\n9. Medidores de caudal de \u00e1rea vari\u00e1vel<br \/>\n10. Medidores de caudal m\u00e1ssico<\/p>\n<p><img style=\"max-width: 100%;\" title=\"Quais s\u00e3o os tipos comuns de medidores de caudal de \u00e1gua de 3 polegadas?\" src=\"https:\/\/www.hginstrument.com\/wp-content\/uploads\/2021\/07\/hguoc-1.jpg\" alt=\"Quais s\u00e3o os tipos comuns de medidores de caudal de \u00e1gua de 3 polegadas?\" \/><\/p>\n<\/div>\n<div id=\"13\">\n<p><strong>13. o medidor de caudal de \u00e1gua de 3 polegadas tem uma fun\u00e7\u00e3o para evitar a utiliza\u00e7\u00e3o indevida?<\/strong><\/p>\n<p>Como um dos l\u00edderes do mercado de medidores de caudal de \u00e1gua de 3 polegadas, somos conhecidos pela inova\u00e7\u00e3o e fiabilidade.<br \/>\nA maioria dos medidores de vaz\u00e3o n\u00e3o tem uma fun\u00e7\u00e3o para evitar o uso indevido, mas alguns modelos podem ter recursos que podem ajudar a reduzir o risco de uso indevido. Por exemplo, alguns caudal\u00edmetros podem ter uma fun\u00e7\u00e3o de bloqueio que impede que utilizadores n\u00e3o autorizados alterem as defini\u00e7\u00f5es ou acedam aos dados. Al\u00e9m disso, alguns caudal\u00edmetros podem ter uma fun\u00e7\u00e3o de prote\u00e7\u00e3o por palavra-passe que exige que o utilizador introduza uma palavra-passe antes de poder aceder aos dados ou \u00e0s defini\u00e7\u00f5es.<\/p>\n<\/div>\n<p>&nbsp;<\/p>\n<p>Etiqueta\uff1a<a href=\"\/pt\/magnetic-flow-meter\/mechanical-water-flow-meter\/\">caudal\u00edmetro mec\u00e2nico de \u00e1gua<\/a>,<a href=\"\/pt\/magnetic-flow-meter\/nitrous-flow-meter\/\">medidor de caudal de nitrog\u00e9nio<\/a>,<a href=\"\/pt\/magnetic-flow-meter\/hersey-flow-meter\/\">medidor de caudal hersey<\/a><\/p>\n<p>&nbsp;<\/p>","protected":false},"excerpt":{"rendered":"<p><strong>Dados t\u00e9cnicos<\/strong><br \/>\nPode servir fluidos l\u00edquidos ou gasosos, sendo normalmente utilizado para medir o caudal de vapor, vapor, ar e g\u00e1s natural.<br \/>\nTamanho do contador: Tipo em linha: DN25 - DN300<br \/>\nOp\u00e7\u00e3o de material h\u00famido: SS304, SS316<br \/>\nTemperatura de funcionamento: \u2264250\u2103<br \/>\nLiga\u00e7\u00e3o ao processo: Wafer \/ Flange \/ Tri-clamp para o tipo In-line<br \/>\nPrecis\u00e3o de medi\u00e7\u00e3o: 1,0 % - 1,5% do intervalo de calibra\u00e7\u00e3o<br \/>\nIndicador digital: apresenta o caudal instant\u00e2neo e o caudal total<br \/>\nFonte de alimenta\u00e7\u00e3o: 24VDC, Sa\u00edda: 4-20mA<\/p>\n<p><strong>caracter\u00edsticas<\/strong><br \/>\n1. pontos de regula\u00e7\u00e3o ON\/OFF ajust\u00e1veis<br \/>\n2. modo de alarme de caudal alto ou baixo<br \/>\n3. tempo de atraso ajust\u00e1vel<br \/>\n4. LED de estado do rel\u00e9<\/p>","protected":false},"featured_media":3691,"comment_status":"closed","ping_status":"closed","template":"","meta":[],"product_cat":[2372],"product_tag":[],"acf":[],"_links":{"self":[{"href":"https:\/\/www.hginstrument.com\/pt\/wp-json\/wp\/v2\/product\/4266"}],"collection":[{"href":"https:\/\/www.hginstrument.com\/pt\/wp-json\/wp\/v2\/product"}],"about":[{"href":"https:\/\/www.hginstrument.com\/pt\/wp-json\/wp\/v2\/types\/product"}],"replies":[{"embeddable":true,"href":"https:\/\/www.hginstrument.com\/pt\/wp-json\/wp\/v2\/comments?post=4266"}],"wp:featuredmedia":[{"embeddable":true,"href":"https:\/\/www.hginstrument.com\/pt\/wp-json\/wp\/v2\/media\/3691"}],"wp:attachment":[{"href":"https:\/\/www.hginstrument.com\/pt\/wp-json\/wp\/v2\/media?parent=4266"}],"wp:term":[{"taxonomy":"product_cat","embeddable":true,"href":"https:\/\/www.hginstrument.com\/pt\/wp-json\/wp\/v2\/product_cat?post=4266"},{"taxonomy":"product_tag","embeddable":true,"href":"https:\/\/www.hginstrument.com\/pt\/wp-json\/wp\/v2\/product_tag?post=4266"}],"curies":[{"name":"wp","href":"https:\/\/api.w.org\/{rel}","templated":true}]}}