{"id":4272,"date":"2023-12-22T11:39:19","date_gmt":"2023-12-22T03:39:19","guid":{"rendered":"https:\/\/www.hginstrument.com\/?post_type=product&#038;p=4272"},"modified":"2024-01-09T16:51:32","modified_gmt":"2024-01-09T08:51:32","slug":"4-20-ma-flow-meter","status":"publish","type":"product","link":"https:\/\/www.hginstrument.com\/pt\/magnetic-flow-meter\/4-20-ma-flow-meter\/","title":{"rendered":"Medidor de caudal 4-20 ma"},"content":{"rendered":"<p>This cutting-edge product combines accuracy, durability, and efficiency to provide the ultimate solution for all your 4-20 ma flow metering needs. Designed with advanced features and state-of-the-art materials, 4-20 ma flow meter guarantees precise and reliable flow measurements for a wide range of liquids. Its intuitive interface and compact design make it user-friendly and easy to install in any industrial or commercial setting.<\/p>\n<p>4-20 ma flow meter is an advanced flow measurement device designed to accurately measure and monitor the flow of various liquids and gases. With its cutting-edge technology and reliable performance, it has become the solution of choice in oil and gas, chemical processing, Textile production, water treatment and many other industries.<\/p>\n<p>Our 4-20 ma flow meter utilizes a state-of-the-art flow sensing technology that provides precise measurements with exceptional accuracy. It can accurately measure the flow rate of liquids and gases with flow rates ranging from 0.2 to 4764 m3\/h. This high level of accuracy makes it an ideal solution for critical applications that require precise flow measurement.<\/p>\n<table class=\"table table-bordered\">\n<tbody>\n<tr>\n<td><span style=\"vertical-align: inherit;\"><span style=\"vertical-align: inherit;\">Tipo\uff1a<\/span><\/span><\/td>\n<td><span style=\"vertical-align: inherit;\">Medidor de caudal 4-20 ma<\/span><\/td>\n<td><span style=\"vertical-align: inherit;\"><span style=\"vertical-align: inherit;\">Sinal de sa\u00edda\uff1a<\/span><\/span><\/td>\n<td><span style=\"vertical-align: inherit;\"><span style=\"vertical-align: inherit;\">4-20 mA, Impulso\/Frequ\u00eancia 2kHz(Predefini\u00e7\u00e3o), 5KHz(M\u00e1x.)<\/span><\/span><\/td>\n<\/tr>\n<tr>\n<td><span style=\"vertical-align: inherit;\"><span style=\"vertical-align: inherit;\">Local de origem\uff1a<\/span><\/span><\/td>\n<td><span style=\"vertical-align: inherit;\"><span style=\"vertical-align: inherit;\">Jiangsu, China<\/span><\/span><\/td>\n<td><span style=\"vertical-align: inherit;\"><span style=\"vertical-align: inherit;\">Incorporar tipo\uff1a<\/span><\/span><\/td>\n<td><span style=\"vertical-align: inherit;\"><span style=\"vertical-align: inherit;\">-10\u2103- +55\u2103<\/span><\/span><\/td>\n<\/tr>\n<tr>\n<td><span style=\"vertical-align: inherit;\"><span style=\"vertical-align: inherit;\">Garantia\uff1a<\/span><\/span><\/td>\n<td><span style=\"vertical-align: inherit;\"><span style=\"vertical-align: inherit;\">23 meses<\/span><\/span><\/td>\n<td><span style=\"vertical-align: inherit;\"><span style=\"vertical-align: inherit;\">Tens\u00e3o de alimenta\u00e7\u00e3o\uff1a<\/span><\/span><\/td>\n<td><span style=\"vertical-align: inherit;\"><span style=\"vertical-align: inherit;\">110\/220VAC (100-240VAC), 50Hz\/60Hz; 24VDC\u00b110%<\/span><\/span><\/td>\n<\/tr>\n<tr>\n<td><span style=\"vertical-align: inherit;\"><span style=\"vertical-align: inherit;\">Suporte personalizado\uff1a<\/span><\/span><\/td>\n<td><span style=\"vertical-align: inherit;\"><span style=\"vertical-align: inherit;\">OEM, ODM, OBM<\/span><\/span><\/td>\n<td><span style=\"vertical-align: inherit;\"><span style=\"vertical-align: inherit;\">Comunica\u00e7\u00e3o digital\uff1a<\/span><\/span><\/td>\n<td><span style=\"vertical-align: inherit;\"><span style=\"vertical-align: inherit;\">RS-485, suporta o protocolo padr\u00e3o Mudbugs-RTU; GPRS<\/span><\/span><\/td>\n<\/tr>\n<tr>\n<td><span style=\"vertical-align: inherit;\"><span style=\"vertical-align: inherit;\">Nome da marca\uff1a<\/span><\/span><\/td>\n<td><span style=\"vertical-align: inherit;\"><span style=\"vertical-align: inherit;\">GRUPO SUYI<\/span><\/span><\/td>\n<td><span style=\"vertical-align: inherit;\"><span style=\"vertical-align: inherit;\">Press\u00e3o nominal\uff1a<\/span><\/span><\/td>\n<td><span style=\"vertical-align: inherit;\"><span style=\"vertical-align: inherit;\">1MPa (DN15-DN800), 1,6MPa (DN15-DN800), 2,5MPa (DN15-DN600)<\/span><\/span><\/td>\n<\/tr>\n<tr>\n<td><span style=\"vertical-align: inherit;\"><span style=\"vertical-align: inherit;\">N\u00famero do modelo\uff1a<\/span><\/span><\/td>\n<td><span style=\"vertical-align: inherit;\"><span style=\"vertical-align: inherit;\">outros<\/span><\/span><\/td>\n<td><span style=\"vertical-align: inherit;\"><span style=\"vertical-align: inherit;\">Sensor\uff1a<\/span><\/span><\/td>\n<td><span style=\"vertical-align: inherit;\"><span style=\"vertical-align: inherit;\">0\u2103- +80\u2103 ou -25\u2103- +120\u2103 ou +70\u2103- +250\u2103<\/span><\/span><\/td>\n<\/tr>\n<tr>\n<td><span style=\"vertical-align: inherit;\"><span style=\"vertical-align: inherit;\">Nome do produto\uff1a<\/span><\/span><\/td>\n<td><span style=\"vertical-align: inherit;\"><span style=\"vertical-align: inherit;\">Medidor de caudal de \u00e1gua qu\u00edmica digital inteligente eletromagn\u00e9tico<\/span><\/span><\/td>\n<td><span style=\"vertical-align: inherit;\"><span style=\"vertical-align: inherit;\">Detalhes da embalagem\uff1a<\/span><\/span><\/td>\n<td><span style=\"vertical-align: inherit;\"><span style=\"vertical-align: inherit;\">1 conjunto por embalagem ou conforme o pedido do cliente<\/span><\/span><\/td>\n<\/tr>\n<tr>\n<td><span style=\"vertical-align: inherit;\"><span style=\"vertical-align: inherit;\">Di\u00e2metro nominal\uff1a<\/span><\/span><\/td>\n<td><span style=\"vertical-align: inherit;\"><span style=\"vertical-align: inherit;\">3-2687mm<\/span><\/span><\/td>\n<td><span style=\"vertical-align: inherit;\"><span style=\"vertical-align: inherit;\">Capacidade de fornecimento\uff1a<\/span><\/span><\/td>\n<td><span style=\"vertical-align: inherit;\"><span style=\"vertical-align: inherit;\">2359 conjuntos\/conjuntos por m\u00eas<\/span><\/span><\/td>\n<\/tr>\n<tr>\n<td><span style=\"vertical-align: inherit;\"><span style=\"vertical-align: inherit;\">gama de velocidades\uff1a<\/span><\/span><\/td>\n<td><span style=\"vertical-align: inherit;\"><span style=\"vertical-align: inherit;\">0-13m\/s<\/span><\/span><\/td>\n<td><span style=\"vertical-align: inherit;\"><span style=\"vertical-align: inherit;\">Quantidade (conjuntos)\uff1a<\/span><\/span><\/td>\n<td><span style=\"vertical-align: inherit;\"><span style=\"vertical-align: inherit;\">&gt; 30<\/span><\/span><\/td>\n<\/tr>\n<tr>\n<td><span style=\"vertical-align: inherit;\"><span style=\"vertical-align: inherit;\">Grau de precis\u00e3o\uff1a<\/span><\/span><\/td>\n<td><span style=\"vertical-align: inherit;\"><span style=\"vertical-align: inherit;\">\u00b10,5%R, \u00b11%R ( &lt; DN20)<\/span><\/span><\/td>\n<td><span style=\"vertical-align: inherit;\"><span style=\"vertical-align: inherit;\">Prazo de execu\u00e7\u00e3o (dias)\uff1a<\/span><\/span><\/td>\n<td><span style=\"vertical-align: inherit;\"><span style=\"vertical-align: inherit;\">A ser negociado<\/span><\/span><\/td>\n<\/tr>\n<\/tbody>\n<\/table>\n<p>&nbsp;<\/p>\n<p>&nbsp;<\/p>\n<p style=\"text-align: center;\"><img title=\"Medidor de caudal 4-20 ma\" src=\"https:\/\/www.hginstrument.com\/wp-content\/uploads\/2021\/07\/in-line-pipeline-type-hgd-electromagnetic-flow-meter.jpg\" \/><\/p>\n<p>&nbsp;<\/p>\n<p>&nbsp;<\/p>\n<p style=\"text-align: center;\"><img title=\"Medidor de caudal 4-20 ma\" src=\"https:\/\/www.hginstrument.com\/wp-content\/uploads\/2021\/07\/insertion-01.jpg\" \/><\/p>\n<p>&nbsp;<\/p>\n<p>&nbsp;<\/p>\n<p style=\"text-align: center;\"><img title=\"Medidor de caudal 4-20 ma\" src=\"https:\/\/www.hginstrument.com\/wp-content\/uploads\/2021\/07\/sanitary-mag-1.jpg\" \/><\/p>\n<p><strong>4-20 ma flow meter FAQs Guide.<\/strong><\/p>\n<p>At the heart of our 4-20 ma flow meter series lies a commitment to excellence, blending advanced sensor technology with user-friendly interfaces. From liquid to gas, our meters deliver unparalleled accuracy, empowering you to make informed decisions and streamline operations. As we usher in a new era of fluid measurement, we invite you to explore the limitless possibilities that our 4-20 ma flow meters unlock \u2013 where precision meets performance, and innovation flows seamlessly.<\/p>\n<div style=\"border: 3px solid #f89900; margin: 20px 0; padding: 20px;\"><a href=\"\/pt\/4-20-ma-flow-meter\/#01\">1.About 4-20 ma flow meter R&amp;D capabilities<\/a><br \/>\n<a href=\"\/pt\/4-20-ma-flow-meter\/#02\">2.About 4-20 ma flow meter delivery date<\/a><br \/>\n<a href=\"\/pt\/4-20-ma-flow-meter\/#03\">3.How does the 4-20 ma flow meter connect with other devices and transmit data?<\/a><br \/>\n<a href=\"\/pt\/4-20-ma-flow-meter\/#04\">4.About 4-20 ma flow meter patent<\/a><br \/>\n<a href=\"\/pt\/4-20-ma-flow-meter\/#05\">5.What is the difference between 4-20 ma flow meter SUYI group vs 4-20 ma flow meter Siemens vs 4-20 ma flow meter GE<\/a><br \/>\n<a href=\"\/pt\/4-20-ma-flow-meter\/#06\">6.Is the 4-20 ma flow meter anti-corrosion?<\/a><br \/>\n<a href=\"\/pt\/4-20-ma-flow-meter\/#07\">7.About 4-20 ma flow meter production capacity<\/a><br \/>\n<a href=\"\/pt\/4-20-ma-flow-meter\/#08\">8.Does the 4-20 ma flow meter have remote control capabilities?<\/a><br \/>\n<a href=\"\/pt\/4-20-ma-flow-meter\/#09\">9.About 4-20 ma flow meter raw materials<\/a><br \/>\n<a href=\"\/pt\/4-20-ma-flow-meter\/#010\">10.What is the operating temperature range of the 4-20 ma flow meter?<\/a><br \/>\n<a href=\"\/pt\/4-20-ma-flow-meter\/#11\">11.What is the applicable pressure range of 4-20 ma flow meter?<\/a><br \/>\n<a href=\"\/pt\/4-20-ma-flow-meter\/#12\">12.Does the explosion-proof performance of 4-20 ma flow meter meet relevant standards?<\/a><br \/>\n<a href=\"\/pt\/4-20-ma-flow-meter\/#13\">13.Does the 4-20 ma flow meter have data storage capabilities?<\/a><br \/>\n<a href=\"\/pt\/4-20-ma-flow-meter\/#14\">14.What is the response time of the 4-20 ma flow meter?<\/a><br \/>\n<a href=\"\/pt\/4-20-ma-flow-meter\/#15\">15.Are 4-20 ma flow meter measurement results traceable?<\/a><br \/>\n<a href=\"\/pt\/4-20-ma-flow-meter\/#16\">16.About the development history of 4-20 ma flow meter factory<\/a><\/div>\n<div id=\"01\">\n<p><strong>1.About 4-20 ma flow meter R&amp;D capabilities<\/strong><\/p>\n<p>As capacidades de I&amp;D de caudal\u00edmetros referem-se \u00e0 capacidade de uma empresa ou organiza\u00e7\u00e3o para investigar, desenvolver e fabricar caudal\u00edmetros. Isto inclui a capacidade de conceber, testar e fabricar caudal\u00edmetros que satisfa\u00e7am os requisitos dos clientes e as normas da ind\u00fastria. Inclui tamb\u00e9m a capacidade de desenvolver novas tecnologias e produtos para satisfazer as necessidades em constante mudan\u00e7a da ind\u00fastria. As empresas com fortes capacidades de I&amp;D s\u00e3o capazes de se manter \u00e0 frente da concorr\u00eancia e fornecer aos clientes os caudal\u00edmetros mais avan\u00e7ados e fi\u00e1veis.<\/p>\n<\/div>\n<div id=\"02\">\n<p><strong>2.About 4-20 ma flow meter delivery date<\/strong><\/p>\n<p>A data de entrega de um medidor de caudal depender\u00e1 do tipo de medidor de caudal, do fabricante e da disponibilidade do produto. Geralmente, a maioria dos medidores de caudal pode ser entregue no prazo de alguns dias a algumas semanas. No entanto, alguns caudal\u00edmetros especializados podem demorar mais tempo a ser entregues. \u00c9 melhor contactar diretamente o fabricante para obter uma data de entrega precisa.<\/p>\n<\/div>\n<div id=\"03\">\n<p><strong>3.How does the 4-20 ma flow meter connect with other devices and transmit data?<\/strong><\/p>\n<p>4-20 ma flow meter is not a product only, but also can help you comes to money-making.<br \/>\nOs medidores de caudal podem ligar-se a outros dispositivos e transmitir dados atrav\u00e9s de uma variedade de m\u00e9todos, incluindo liga\u00e7\u00f5es com fios, liga\u00e7\u00f5es sem fios e protocolos de comunica\u00e7\u00e3o em s\u00e9rie. As liga\u00e7\u00f5es com fios podem incluir RS-232, RS-485 e USB. As liga\u00e7\u00f5es sem fios podem incluir Bluetooth, Wi-Fi e redes celulares. Os protocolos de comunica\u00e7\u00e3o em s\u00e9rie podem incluir Modbus, HART e Profibus.<\/p>\n<\/div>\n<div id=\"04\">\n<p><strong>4.About 4-20 ma flow meter patent<\/strong><\/p>\n<p>As patentes de caudal\u00edmetros s\u00e3o patentes que abrangem a conce\u00e7\u00e3o e o funcionamento de caudal\u00edmetros. Os medidores de caudal s\u00e3o dispositivos utilizados para medir o caudal de um l\u00edquido ou g\u00e1s. Os medidores de caudal s\u00e3o utilizados numa variedade de ind\u00fastrias, incluindo o tratamento de \u00e1gua e de \u00e1guas residuais, petr\u00f3leo e g\u00e1s e processamento qu\u00edmico. Os medidores de caudal s\u00e3o utilizados para medir o caudal de um fluido, o volume total de um fluido e a press\u00e3o de um fluido. Os medidores de caudal podem ser mec\u00e2nicos, el\u00e9ctricos ou \u00f3pticos. Os medidores de caudal podem ser utilizados para medir o caudal de l\u00edquidos, gases e vapor.<\/p>\n<p><img style=\"max-width: 100%;\" title=\"About 4-20 ma flow meter patent\" src=\"https:\/\/www.hginstrument.com\/wp-content\/uploads\/2021\/07\/ltb-1.jpg\" alt=\"About 4-20 ma flow meter patent\" \/><\/p>\n<\/div>\n<div id=\"05\">\n<p><strong>5.What is the difference between 4-20 ma flow meter SUYI group vs 4-20 ma flow meter Siemens vs 4-20 ma flow meter GE<\/strong><\/p>\n<p>Os medidores de caudal do SUYI Group s\u00e3o normalmente utilizados para medir o caudal de l\u00edquidos, gases e vapor. S\u00e3o concebidos para serem precisos, fi\u00e1veis e f\u00e1ceis de instalar e manter. Os medidores de caudal SUYI est\u00e3o dispon\u00edveis numa variedade de tamanhos e materiais, e podem ser utilizados numa variedade de aplica\u00e7\u00f5es.<\/p>\n<p>Os medidores de caudal da Siemens foram concebidos para medir o caudal de l\u00edquidos, gases e vapor. Foram concebidos para serem precisos, fi\u00e1veis e f\u00e1ceis de instalar e manter. Os medidores de caudal da Siemens est\u00e3o dispon\u00edveis numa variedade de tamanhos e materiais e podem ser utilizados numa variedade de aplica\u00e7\u00f5es.<\/p>\n<p>Os medidores de caudal da GE foram concebidos para medir o caudal de l\u00edquidos, gases e vapor. Foram concebidos para serem precisos, fi\u00e1veis e f\u00e1ceis de instalar e manter. Os medidores de caudal da GE est\u00e3o dispon\u00edveis numa grande variedade de tamanhos e materiais e podem ser utilizados numa grande variedade de aplica\u00e7\u00f5es. Oferecem tamb\u00e9m uma vasta gama de funcionalidades, tais como ecr\u00e3s digitais, alarmes e capacidades de registo de dados.<\/p>\n<\/div>\n<div id=\"06\">\n<p><strong>6.Is the 4-20 ma flow meter anti-corrosion?<\/strong><\/p>\n<p>We have established a good reputation and reliable partnerships within the 4-20 ma flow meter industry.<br \/>\nSim, a maioria dos medidores de caudal s\u00e3o concebidos para serem resistentes \u00e0 corros\u00e3o. No entanto, o tipo espec\u00edfico de caudal\u00edmetro e o ambiente em que \u00e9 utilizado determinar\u00e3o o grau de resist\u00eancia \u00e0 corros\u00e3o.<\/p>\n<\/div>\n<div id=\"07\">\n<p><strong>7.About 4-20 ma flow meter production capacity<\/strong><\/p>\n<p>A capacidade de produ\u00e7\u00e3o de medidores de caudal depende do tipo de medidor de caudal que est\u00e1 a ser produzido. Geralmente, a capacidade de produ\u00e7\u00e3o \u00e9 determinada pela dimens\u00e3o da instala\u00e7\u00e3o de produ\u00e7\u00e3o, pelo n\u00famero de m\u00e1quinas e pessoal dispon\u00edvel e pelo tipo de medidor de caudal que est\u00e1 a ser produzido. Por exemplo, uma instala\u00e7\u00e3o de produ\u00e7\u00e3o especializada na produ\u00e7\u00e3o de caudal\u00edmetros de turbina pode ter uma capacidade de produ\u00e7\u00e3o superior \u00e0 de uma instala\u00e7\u00e3o que produz caudal\u00edmetros ultra-s\u00f3nicos. Al\u00e9m disso, a capacidade de produ\u00e7\u00e3o de uma instala\u00e7\u00e3o pode ser afetada pela complexidade do medidor de caudal que est\u00e1 a ser produzido, bem como pela disponibilidade de mat\u00e9rias-primas e componentes.<\/p>\n<\/div>\n<div id=\"08\">\n<p><strong>8.Does the 4-20 ma flow meter have remote control capabilities?<\/strong><\/p>\n<p>Concentramo-nos nas necessidades dos nossos clientes e esfor\u00e7amo-nos por satisfazer as suas expectativas, pelo que levamos isto muito a s\u00e9rio.<br \/>\nDepende do modelo espec\u00edfico do medidor de caudal. Alguns modelos podem ter capacidades de controlo remoto, enquanto outros n\u00e3o.<\/p>\n<p><img style=\"max-width: 100%;\" title=\"Does the 4-20 ma flow meter have remote control capabilities?\" src=\"https:\/\/www.hginstrument.com\/wp-content\/uploads\/2021\/07\/hgvf-1.jpg\" alt=\"Does the 4-20 ma flow meter have remote control capabilities?\" \/><\/p>\n<\/div>\n<div id=\"09\">\n<p><strong>9.About 4-20 ma flow meter raw materials<\/strong><\/p>\n<p>As mat\u00e9rias-primas dos medidores de caudal s\u00e3o normalmente fabricadas a partir de uma variedade de metais, pl\u00e1sticos e compostos. Os materiais mais comuns utilizados nos medidores de caudal incluem o a\u00e7o inoxid\u00e1vel, o lat\u00e3o, o alum\u00ednio, o cloreto de polivinilo (PVC), o polipropileno (PP) e o politetrafluoroetileno (PTFE). O material utilizado num medidor de caudal depende da aplica\u00e7\u00e3o e do tipo de fluido que est\u00e1 a ser medido. Por exemplo, o a\u00e7o inoxid\u00e1vel \u00e9 frequentemente utilizado para medir fluidos corrosivos, enquanto o PVC \u00e9 frequentemente utilizado para medir \u00e1gua.<\/p>\n<\/div>\n<div id=\"010\">\n<p><strong>10.What is the operating temperature range of the 4-20 ma flow meter?<\/strong><\/p>\n<p>We have established a good reputation and reliable partnerships within the 4-20 ma flow meter industry.<br \/>\nA gama de temperaturas de funcionamento do medidor de caudal \u00e9 de -40\u00b0C a 60\u00b0C (-40\u00b0F a 140\u00b0F).<\/p>\n<\/div>\n<div id=\"11\">\n<p><strong>11.What is the applicable pressure range of 4-20 ma flow meter?<\/strong><\/p>\n<p>Os nossos produtos e servi\u00e7os abrangem uma vasta gama de \u00e1reas e satisfazem as necessidades de diferentes dom\u00ednios.<br \/>\nO intervalo de press\u00e3o aplic\u00e1vel a um medidor de caudal depende do tipo de medidor de caudal que est\u00e1 a ser utilizado. Geralmente, os caudal\u00edmetros podem medir press\u00f5es que variam entre 0,1 bar e 1000 bar.<\/p>\n<\/div>\n<div id=\"12\">\n<p><strong>12.Does the explosion-proof performance of 4-20 ma flow meter meet relevant standards?<\/strong><\/p>\n<p>Sim, o desempenho \u00e0 prova de explos\u00e3o do medidor de caudal cumpre as normas relevantes. O medidor de caudal deve ser certificado por um organismo de certifica\u00e7\u00e3o reconhecido para garantir que cumpre os requisitos das normas relevantes.<\/p>\n<p><img style=\"max-width: 100%;\" title=\"Does the explosion-proof performance of 4-20 ma flow meter meet relevant standards?\" src=\"https:\/\/www.hginstrument.com\/wp-content\/uploads\/2021\/07\/hls-2000p-z1.jpg\" alt=\"Does the explosion-proof performance of 4-20 ma flow meter meet relevant standards?\" \/><\/p>\n<\/div>\n<div id=\"13\">\n<p><strong>13.Does the 4-20 ma flow meter have data storage capabilities?<\/strong><\/p>\n<p>Concentramo-nos na inova\u00e7\u00e3o e na melhoria cont\u00ednua para manter uma vantagem competitiva.<br \/>\nDepende do tipo de caudal\u00edmetro. Alguns caudal\u00edmetros t\u00eam capacidades de armazenamento de dados, enquanto outros n\u00e3o.<\/p>\n<\/div>\n<div id=\"14\">\n<p><strong>14.What is the response time of the 4-20 ma flow meter?<\/strong><\/p>\n<p>Estabelecemos parcerias est\u00e1veis e de longo prazo com os nossos fornecedores, pelo que temos grandes vantagens em termos de pre\u00e7o, custo e garantia de qualidade.<br \/>\nO tempo de resposta de um medidor de caudal pode variar consoante o tipo de medidor de caudal utilizado. Geralmente, o tempo de resposta de um medidor de caudal situa-se entre 0,1 e 1 segundo.<\/p>\n<\/div>\n<div id=\"15\">\n<p><strong>15.Are 4-20 ma flow meter measurement results traceable?<\/strong><\/p>\n<p>Our company has many years of 4-20 ma flow meter experience and expertise.<br \/>\nSim, os resultados da medi\u00e7\u00e3o do medidor de caudal podem ser rastre\u00e1veis. A rastreabilidade \u00e9 a capacidade de rastrear o hist\u00f3rico, a aplica\u00e7\u00e3o ou a localiza\u00e7\u00e3o de um item por meio de uma identifica\u00e7\u00e3o documentada e registada. Os caudal\u00edmetros s\u00e3o tipicamente calibrados utilizando um padr\u00e3o rastre\u00e1vel, tal como um padr\u00e3o de calibra\u00e7\u00e3o rastre\u00e1vel NIST. Isto assegura que os resultados das medi\u00e7\u00f5es do caudal\u00edmetro s\u00e3o rastre\u00e1veis a um padr\u00e3o conhecido.<\/p>\n<\/div>\n<div id=\"16\">\n<p><strong>16.About the development history of 4-20 ma flow meter factory<\/strong><\/p>\n<p>A f\u00e1brica de medidores de caudal foi criada no in\u00edcio da d\u00e9cada de 1990. Foi fundada por um grupo de engenheiros e t\u00e9cnicos com uma vasta experi\u00eancia na conce\u00e7\u00e3o e fabrico de medidores de caudal. A empresa concentrou-se inicialmente na produ\u00e7\u00e3o de medidores de caudal mec\u00e2nicos, mas depressa expandiu a sua gama de produtos para incluir medidores de caudal electr\u00f3nicos. Ao longo dos anos, a empresa desenvolveu uma vasta gama de medidores de caudal para v\u00e1rias aplica\u00e7\u00f5es, incluindo industriais, comerciais e residenciais. A empresa tamb\u00e9m desenvolveu uma gama de solu\u00e7\u00f5es de software e hardware para medi\u00e7\u00e3o e controlo de caudal. Atualmente, a empresa \u00e9 um dos principais fabricantes de medidores de caudal e produtos relacionados, sendo reconhecida como l\u00edder no sector.<\/p>\n<p><img style=\"max-width: 100%;\" title=\"About the development history of 4-20 ma flow meter factory\" src=\"https:\/\/www.hginstrument.com\/wp-content\/uploads\/2021\/07\/hgrs-1.jpg\" alt=\"About the development history of 4-20 ma flow meter factory\" \/><\/p>\n<\/div>\n<p>&nbsp;<\/p>\n<p>Etiqueta\uff1a<a href=\"\/pt\/magnetic-flow-meter\/flow-meter-transmitter\/\">flow meter transmitter<\/a>,<a href=\"\/pt\/magnetic-flow-meter\/residential-natural-gas-flow-meter\/\">contador de caudal de g\u00e1s natural residencial<\/a>,<a href=\"\/pt\/magnetic-flow-meter\/pt878-flow-meter\/\">pt878 flow meter<\/a><\/p>\n<p>&nbsp;<\/p>","protected":false},"excerpt":{"rendered":"<p><strong>Dados t\u00e9cnicos<\/strong><br \/>\nPode servir fluidos l\u00edquidos ou gasosos, sendo normalmente utilizado para medir o caudal de vapor, vapor, ar e g\u00e1s natural.<br \/>\nTamanho do contador: Tipo em linha: DN25 - DN300<br \/>\nOp\u00e7\u00e3o de material h\u00famido: SS304, SS316<br \/>\nTemperatura de funcionamento: \u2264250\u2103<br \/>\nLiga\u00e7\u00e3o ao processo: Wafer \/ Flange \/ Tri-clamp para o tipo In-line<br \/>\nPrecis\u00e3o de medi\u00e7\u00e3o: 1,0 % - 1,5% do intervalo de calibra\u00e7\u00e3o<br \/>\nIndicador digital: apresenta o caudal instant\u00e2neo e o caudal total<br \/>\nFonte de alimenta\u00e7\u00e3o: 24VDC, Sa\u00edda: 4-20mA<\/p>\n<p><strong>caracter\u00edsticas<\/strong><br \/>\n1. pontos de regula\u00e7\u00e3o ON\/OFF ajust\u00e1veis<br \/>\n2. modo de alarme de caudal alto ou baixo<br \/>\n3. tempo de atraso ajust\u00e1vel<br \/>\n4. LED de estado do rel\u00e9<\/p>","protected":false},"featured_media":3691,"comment_status":"closed","ping_status":"closed","template":"","meta":[],"product_cat":[2372],"product_tag":[],"acf":[],"_links":{"self":[{"href":"https:\/\/www.hginstrument.com\/pt\/wp-json\/wp\/v2\/product\/4272"}],"collection":[{"href":"https:\/\/www.hginstrument.com\/pt\/wp-json\/wp\/v2\/product"}],"about":[{"href":"https:\/\/www.hginstrument.com\/pt\/wp-json\/wp\/v2\/types\/product"}],"replies":[{"embeddable":true,"href":"https:\/\/www.hginstrument.com\/pt\/wp-json\/wp\/v2\/comments?post=4272"}],"wp:featuredmedia":[{"embeddable":true,"href":"https:\/\/www.hginstrument.com\/pt\/wp-json\/wp\/v2\/media\/3691"}],"wp:attachment":[{"href":"https:\/\/www.hginstrument.com\/pt\/wp-json\/wp\/v2\/media?parent=4272"}],"wp:term":[{"taxonomy":"product_cat","embeddable":true,"href":"https:\/\/www.hginstrument.com\/pt\/wp-json\/wp\/v2\/product_cat?post=4272"},{"taxonomy":"product_tag","embeddable":true,"href":"https:\/\/www.hginstrument.com\/pt\/wp-json\/wp\/v2\/product_tag?post=4272"}],"curies":[{"name":"wp","href":"https:\/\/api.w.org\/{rel}","templated":true}]}}