{"id":4278,"date":"2023-12-22T11:49:08","date_gmt":"2023-12-22T03:49:08","guid":{"rendered":"https:\/\/www.hginstrument.com\/?post_type=product&#038;p=4278"},"modified":"2024-01-09T16:42:25","modified_gmt":"2024-01-09T08:42:25","slug":"6-inch-flow-meter-price","status":"publish","type":"product","link":"https:\/\/www.hginstrument.com\/pt\/magnetic-flow-meter\/6-inch-flow-meter-price\/","title":{"rendered":"Medidor de caudal de 6 polegadas pre\u00e7o"},"content":{"rendered":"<p>6 inch flow meter price is a precise and reliable technology used to measure the flow rate of a fluid. It accurately measures the volume, mass or velocity of the fluid passing through a specific point in a given period of time. 6 inch flow meter price is designed with advanced features such as a high-resolution display, digital signal processing, and real-time data logging.<\/p>\n<p>One of the key features of 6 inch flow meter price is its high accuracy, with a margin of error of less than 1%. This makes it ideal for precise measurements and critical processes. Additionally, the device has a wide measurement range and can handle both low and high flow rates, making it suitable for a variety of industrial needs.<\/p>\n<p>Installation and maintenance of 6 inch flow meter price are quick and easy, thanks to its simple design and intuitive interface. With its reliable performance and cost-effective price, 6 inch flow meter price is an essential tool for any fluid measurement application. It is a trusted and preferred choice for customers worldwide and has a proven track record of delivering accurate<\/p>\n<table class=\"table table-bordered\">\n<tbody>\n<tr>\n<td><span style=\"vertical-align: inherit;\"><span style=\"vertical-align: inherit;\">Tipo\uff1a<\/span><\/span><\/td>\n<td><span style=\"vertical-align: inherit;\">Medidor de caudal de 6 polegadas pre\u00e7o<\/span><\/td>\n<td><span style=\"vertical-align: inherit;\"><span style=\"vertical-align: inherit;\">Sinal de sa\u00edda\uff1a<\/span><\/span><\/td>\n<td><span style=\"vertical-align: inherit;\"><span style=\"vertical-align: inherit;\">4-20 mA, Impulso\/Frequ\u00eancia 2kHz(Predefini\u00e7\u00e3o), 5KHz(M\u00e1x.)<\/span><\/span><\/td>\n<\/tr>\n<tr>\n<td><span style=\"vertical-align: inherit;\"><span style=\"vertical-align: inherit;\">Local de origem\uff1a<\/span><\/span><\/td>\n<td><span style=\"vertical-align: inherit;\"><span style=\"vertical-align: inherit;\">Jiangsu\uff0cChina<\/span><\/span><\/td>\n<td><span style=\"vertical-align: inherit;\"><span style=\"vertical-align: inherit;\">Incorporar tipo\uff1a<\/span><\/span><\/td>\n<td><span style=\"vertical-align: inherit;\"><span style=\"vertical-align: inherit;\">-10\u2103- +53\u2103<\/span><\/span><\/td>\n<\/tr>\n<tr>\n<td><span style=\"vertical-align: inherit;\"><span style=\"vertical-align: inherit;\">Garantia\uff1a<\/span><\/span><\/td>\n<td><span style=\"vertical-align: inherit;\"><span style=\"vertical-align: inherit;\">11 meses<\/span><\/span><\/td>\n<td><span style=\"vertical-align: inherit;\"><span style=\"vertical-align: inherit;\">Tens\u00e3o de alimenta\u00e7\u00e3o\uff1a<\/span><\/span><\/td>\n<td><span style=\"vertical-align: inherit;\"><span style=\"vertical-align: inherit;\">110\/220VAC (100-240VAC), 50Hz\/60Hz; 24VDC\u00b110%<\/span><\/span><\/td>\n<\/tr>\n<tr>\n<td><span style=\"vertical-align: inherit;\"><span style=\"vertical-align: inherit;\">Suporte personalizado\uff1a<\/span><\/span><\/td>\n<td><span style=\"vertical-align: inherit;\"><span style=\"vertical-align: inherit;\">OEM, ODM, OBM<\/span><\/span><\/td>\n<td><span style=\"vertical-align: inherit;\"><span style=\"vertical-align: inherit;\">Comunica\u00e7\u00e3o digital\uff1a<\/span><\/span><\/td>\n<td><span style=\"vertical-align: inherit;\"><span style=\"vertical-align: inherit;\">RS-485, suporta o protocolo padr\u00e3o Mudbugs-RTU; GPRS<\/span><\/span><\/td>\n<\/tr>\n<tr>\n<td><span style=\"vertical-align: inherit;\"><span style=\"vertical-align: inherit;\">Nome da marca\uff1a<\/span><\/span><\/td>\n<td><span style=\"vertical-align: inherit;\"><span style=\"vertical-align: inherit;\">GRUPO SUYI<\/span><\/span><\/td>\n<td><span style=\"vertical-align: inherit;\"><span style=\"vertical-align: inherit;\">Press\u00e3o nominal\uff1a<\/span><\/span><\/td>\n<td><span style=\"vertical-align: inherit;\"><span style=\"vertical-align: inherit;\">1MPa (DN15-DN800), 1,6MPa (DN15-DN800), 2,5MPa (DN15-DN600)<\/span><\/span><\/td>\n<\/tr>\n<tr>\n<td><span style=\"vertical-align: inherit;\"><span style=\"vertical-align: inherit;\">N\u00famero do modelo\uff1a<\/span><\/span><\/td>\n<td><span style=\"vertical-align: inherit;\"><span style=\"vertical-align: inherit;\">outros<\/span><\/span><\/td>\n<td><span style=\"vertical-align: inherit;\"><span style=\"vertical-align: inherit;\">Sensor\uff1a<\/span><\/span><\/td>\n<td><span style=\"vertical-align: inherit;\"><span style=\"vertical-align: inherit;\">0\u2103- +80\u2103 ou -25\u2103- +120\u2103 ou +70\u2103- +250\u2103<\/span><\/span><\/td>\n<\/tr>\n<tr>\n<td><span style=\"vertical-align: inherit;\"><span style=\"vertical-align: inherit;\">Nome do produto\uff1a<\/span><\/span><\/td>\n<td><span style=\"vertical-align: inherit;\"><span style=\"vertical-align: inherit;\">Medidor de caudal de \u00e1gua qu\u00edmica digital inteligente eletromagn\u00e9tico<\/span><\/span><\/td>\n<td><span style=\"vertical-align: inherit;\"><span style=\"vertical-align: inherit;\">Detalhes da embalagem\uff1a<\/span><\/span><\/td>\n<td><span style=\"vertical-align: inherit;\"><span style=\"vertical-align: inherit;\">1 conjunto por embalagem ou conforme o pedido do cliente<\/span><\/span><\/td>\n<\/tr>\n<tr>\n<td><span style=\"vertical-align: inherit;\"><span style=\"vertical-align: inherit;\">Di\u00e2metro nominal\uff1a<\/span><\/span><\/td>\n<td><span style=\"vertical-align: inherit;\"><span style=\"vertical-align: inherit;\">3-3035mm<\/span><\/span><\/td>\n<td><span style=\"vertical-align: inherit;\"><span style=\"vertical-align: inherit;\">Capacidade de fornecimento\uff1a<\/span><\/span><\/td>\n<td><span style=\"vertical-align: inherit;\"><span style=\"vertical-align: inherit;\">2270 Set\/Sets per Month<\/span><\/span><\/td>\n<\/tr>\n<tr>\n<td><span style=\"vertical-align: inherit;\"><span style=\"vertical-align: inherit;\">gama de velocidades\uff1a<\/span><\/span><\/td>\n<td><span style=\"vertical-align: inherit;\"><span style=\"vertical-align: inherit;\">0-15m\/s<\/span><\/span><\/td>\n<td><span style=\"vertical-align: inherit;\"><span style=\"vertical-align: inherit;\">Quantidade (conjuntos)\uff1a<\/span><\/span><\/td>\n<td><span style=\"vertical-align: inherit;\"><span style=\"vertical-align: inherit;\">&gt; 30<\/span><\/span><\/td>\n<\/tr>\n<tr>\n<td><span style=\"vertical-align: inherit;\"><span style=\"vertical-align: inherit;\">Grau de precis\u00e3o\uff1a<\/span><\/span><\/td>\n<td><span style=\"vertical-align: inherit;\"><span style=\"vertical-align: inherit;\">\u00b10,5%R, \u00b11%R ( &lt; DN20)<\/span><\/span><\/td>\n<td><span style=\"vertical-align: inherit;\"><span style=\"vertical-align: inherit;\">Prazo de execu\u00e7\u00e3o (dias)\uff1a<\/span><\/span><\/td>\n<td><span style=\"vertical-align: inherit;\"><span style=\"vertical-align: inherit;\">A ser negociado<\/span><\/span><\/td>\n<\/tr>\n<\/tbody>\n<\/table>\n<p>&nbsp;<\/p>\n<p>&nbsp;<\/p>\n<p style=\"text-align: center;\"><img title=\"Medidor de caudal de 6 polegadas pre\u00e7o\" src=\"https:\/\/www.hginstrument.com\/wp-content\/uploads\/2021\/07\/in-line-pipeline-type-hgd-electromagnetic-flow-meter.jpg\" \/><\/p>\n<p>&nbsp;<\/p>\n<p>&nbsp;<\/p>\n<p style=\"text-align: center;\"><img title=\"Medidor de caudal de 6 polegadas pre\u00e7o\" src=\"https:\/\/www.hginstrument.com\/wp-content\/uploads\/2021\/07\/insertion-01.jpg\" \/><\/p>\n<p>&nbsp;<\/p>\n<p>&nbsp;<\/p>\n<p style=\"text-align: center;\"><img title=\"Medidor de caudal de 6 polegadas pre\u00e7o\" src=\"https:\/\/www.hginstrument.com\/wp-content\/uploads\/2021\/07\/sanitary-mag-1.jpg\" \/><\/p>\n<p><strong>6 inch flow meter price FAQs Guide.<\/strong><\/p>\n<p>At the heart of our 6 inch flow meter price series lies a commitment to excellence, blending advanced sensor technology with user-friendly interfaces. From liquid to gas, our meters deliver unparalleled accuracy, empowering you to make informed decisions and streamline operations. As we usher in a new era of fluid measurement, we invite you to explore the limitless possibilities that our 6 inch flow meter prices unlock \u2013 where precision meets performance, and innovation flows seamlessly.<\/p>\n<div style=\"border: 3px solid #f89900; margin: 20px 0; padding: 20px;\"><a href=\"\/pt\/6-inch-flow-meter-price\/#01\">1.What are the installation methods of 6 inch flow meter price?<\/a><br \/>\n<a href=\"\/pt\/6-inch-flow-meter-price\/#02\">2.About 6 inch flow meter price patent<\/a><br \/>\n<a href=\"\/pt\/6-inch-flow-meter-price\/#03\">3.About 6 inch flow meter price payment method<\/a><br \/>\n<a href=\"\/pt\/6-inch-flow-meter-price\/#04\">4.What fluids are 6 inch flow meter prices mainly used for measuring?<\/a><br \/>\n<a href=\"\/pt\/6-inch-flow-meter-price\/#05\">5.Does the 6 inch flow meter price require an external power source?<\/a><br \/>\n<a href=\"\/pt\/6-inch-flow-meter-price\/#06\">6.What is the difference between 6 inch flow meter price SUYI group vs 6 inch flow meter price Schneider Electric vs 6 inch flow meter price Badger Meter<\/a><br \/>\n<a href=\"\/pt\/6-inch-flow-meter-price\/#07\">7.Does the 6 inch flow meter price have remote control capabilities?<\/a><br \/>\n<a href=\"\/pt\/6-inch-flow-meter-price\/#08\">8.About 6 inch flow meter price payment method<\/a><br \/>\n<a href=\"\/pt\/6-inch-flow-meter-price\/#09\">9.About 6 inch flow meter price R&amp;D capabilities<\/a><br \/>\n<a href=\"\/pt\/6-inch-flow-meter-price\/#010\">10.About 6 inch flow meter price customization services<\/a><br \/>\n<a href=\"\/pt\/6-inch-flow-meter-price\/#11\">11.What is the function of 6 inch flow meter price?<\/a><br \/>\n<a href=\"\/pt\/6-inch-flow-meter-price\/#12\">12.What are the requirements for the specific installation location of the 6 inch flow meter price?<\/a><br \/>\n<a href=\"\/pt\/6-inch-flow-meter-price\/#13\">13.Can the 6 inch flow meter price be equipped with sensors of different accuracy?<\/a><br \/>\n<a href=\"\/pt\/6-inch-flow-meter-price\/#14\">14.Is the 6 inch flow meter price anti-corrosion?<\/a><br \/>\n<a href=\"\/pt\/6-inch-flow-meter-price\/#15\">15.About 6 inch flow meter price quality system<\/a><br \/>\n<a href=\"\/pt\/6-inch-flow-meter-price\/#16\">16.About 6 inch flow meter price production management system<\/a><br \/>\n<a href=\"\/pt\/6-inch-flow-meter-price\/#17\">17.About 6 inch flow meter price delivery date<\/a><\/div>\n<div id=\"01\">\n<p><strong>1.What are the installation methods of 6 inch flow meter price?<\/strong><\/p>\n<p>Our mission is to provide customers with the best solutions for 6 inch flow meter price.<br \/>\n1. Instala\u00e7\u00e3o em linha: Este \u00e9 o tipo mais comum de instala\u00e7\u00e3o de medidores de caudal. Envolve a coloca\u00e7\u00e3o do medidor de vaz\u00e3o diretamente no tubo ou duto onde o fluido est\u00e1 fluindo.<\/p>\n<p>2. Instala\u00e7\u00e3o de inser\u00e7\u00e3o: Este tipo de instala\u00e7\u00e3o envolve a inser\u00e7\u00e3o do medidor de caudal no tubo ou conduta. Isto \u00e9 normalmente feito com uma flange ou um encaixe.<\/p>\n<p>3. Instala\u00e7\u00e3o em canal aberto: Este tipo de instala\u00e7\u00e3o \u00e9 utilizado quando o caudal se encontra num canal aberto, como um rio ou ribeiro. O medidor de caudal \u00e9 colocado no canal e mede o caudal.<\/p>\n<p>4. Instala\u00e7\u00e3o submers\u00edvel: Este tipo de instala\u00e7\u00e3o \u00e9 usado quando o fluxo est\u00e1 num ambiente submerso, como um po\u00e7o ou reservat\u00f3rio. O medidor de caudal \u00e9 colocado na \u00e1gua e mede o caudal.<\/p>\n<\/div>\n<div id=\"02\">\n<p><strong>2.About 6 inch flow meter price patent<\/strong><\/p>\n<p>As patentes de caudal\u00edmetros s\u00e3o patentes que abrangem a conce\u00e7\u00e3o e o funcionamento de caudal\u00edmetros. Os medidores de caudal s\u00e3o dispositivos utilizados para medir o caudal de um l\u00edquido ou g\u00e1s. Os medidores de caudal s\u00e3o utilizados numa variedade de ind\u00fastrias, incluindo o tratamento de \u00e1gua e de \u00e1guas residuais, petr\u00f3leo e g\u00e1s e processamento qu\u00edmico. Os medidores de caudal s\u00e3o utilizados para medir o caudal de um fluido, o volume total de um fluido e a press\u00e3o de um fluido. Os medidores de caudal podem ser mec\u00e2nicos, el\u00e9ctricos ou \u00f3pticos. Os medidores de caudal podem ser utilizados para medir o caudal de l\u00edquidos, gases e vapor.<\/p>\n<\/div>\n<div id=\"03\">\n<p><strong>3.About 6 inch flow meter price payment method<\/strong><\/p>\n<p>O pagamento com caudal\u00edmetro \u00e9 um m\u00e9todo de pagamento que utiliza um caudal\u00edmetro para medir a quantidade de energia utilizada por um cliente. O cliente paga a energia utilizada com base na quantidade de energia medida pelo medidor de caudal. Este m\u00e9todo de pagamento \u00e9 frequentemente utilizado em ambientes comerciais e industriais, onde o consumo de energia \u00e9 elevado e precisa de ser controlado com precis\u00e3o. O pagamento por caudal\u00edmetro tamb\u00e9m \u00e9 utilizado em alguns contextos residenciais, onde os clientes podem pagar a sua utiliza\u00e7\u00e3o de energia com base na quantidade de energia que utilizam.<\/p>\n<p><img style=\"max-width: 100%;\" title=\"About 6 inch flow meter price payment method\" src=\"https:\/\/www.hginstrument.com\/wp-content\/uploads\/2021\/07\/ltb-1.jpg\" alt=\"About 6 inch flow meter price payment method\" \/><\/p>\n<\/div>\n<div id=\"04\">\n<p><strong>4.What fluids are 6 inch flow meter prices mainly used for measuring?<\/strong><\/p>\n<p>Apostamos no trabalho de equipa e na comunica\u00e7\u00e3o para atingir objectivos comuns.<br \/>\nOs medidores de caudal s\u00e3o utilizados principalmente para medir o caudal de l\u00edquidos, gases e vapor.<\/p>\n<\/div>\n<div id=\"05\">\n<p><strong>5.Does the 6 inch flow meter price require an external power source?<\/strong><\/p>\n<p>Aderimos ao princ\u00edpio da qualidade em primeiro lugar e temos um sistema completo de gest\u00e3o da qualidade da produ\u00e7\u00e3o e um processo de inspe\u00e7\u00e3o da qualidade.<br \/>\nDepende do tipo de medidor de caudal. Alguns caudal\u00edmetros s\u00e3o alimentados por uma fonte de energia externa, enquanto outros s\u00e3o alimentados pelo caudal do l\u00edquido ou g\u00e1s que est\u00e1 a ser medido.<\/p>\n<\/div>\n<div id=\"06\">\n<p><strong>6.What is the difference between 6 inch flow meter price SUYI group vs 6 inch flow meter price Schneider Electric vs 6 inch flow meter price Badger Meter<\/strong><\/p>\n<p>Os medidores de caudal do SUYI Group s\u00e3o normalmente utilizados em aplica\u00e7\u00f5es industriais, tais como a medi\u00e7\u00e3o do caudal de l\u00edquidos, gases e vapor. S\u00e3o concebidos para serem fi\u00e1veis e precisos, e est\u00e3o dispon\u00edveis numa variedade de tamanhos e materiais.<\/p>\n<p>Os medidores de caudal da Schneider Electric s\u00e3o concebidos para aplica\u00e7\u00f5es industriais e comerciais e est\u00e3o dispon\u00edveis numa variedade de tamanhos e materiais. Foram concebidos para serem fi\u00e1veis e precisos, e s\u00e3o adequados para uma vasta gama de aplica\u00e7\u00f5es.<\/p>\n<p>Os medidores de caudal da Badger Meter s\u00e3o concebidos para aplica\u00e7\u00f5es industriais e comerciais e est\u00e3o dispon\u00edveis numa variedade de tamanhos e materiais. Foram concebidos para serem fi\u00e1veis e precisos, e s\u00e3o adequados para uma vasta gama de aplica\u00e7\u00f5es. Oferecem tamb\u00e9m uma variedade de caracter\u00edsticas, como a monitoriza\u00e7\u00e3o remota e o registo de dados.<\/p>\n<p><img style=\"max-width: 100%;\" title=\"What is the difference between 6 inch flow meter price SUYI group vs 6 inch flow meter price Schneider Electric vs 6 inch flow meter price Badger Meter\" src=\"https:\/\/www.hginstrument.com\/wp-content\/uploads\/2021\/07\/hgdu600-p-1.jpg\" alt=\"What is the difference between 6 inch flow meter price SUYI group vs 6 inch flow meter price Schneider Electric vs 6 inch flow meter price Badger Meter\" \/><\/p>\n<\/div>\n<div id=\"07\">\n<p><strong>7.Does the 6 inch flow meter price have remote control capabilities?<\/strong><\/p>\n<p>Concentramo-nos nas necessidades dos nossos clientes e esfor\u00e7amo-nos por satisfazer as suas expectativas, pelo que levamos isto muito a s\u00e9rio.<br \/>\nDepende do modelo espec\u00edfico do medidor de caudal. Alguns modelos podem ter capacidades de controlo remoto, enquanto outros n\u00e3o.<\/p>\n<\/div>\n<div id=\"08\">\n<p><strong>8.About 6 inch flow meter price payment method<\/strong><\/p>\n<p>O pagamento com caudal\u00edmetro \u00e9 um m\u00e9todo de pagamento que utiliza um caudal\u00edmetro para medir a quantidade de energia utilizada por um cliente. O cliente paga a energia utilizada com base na quantidade de energia medida pelo medidor de caudal. Este m\u00e9todo de pagamento \u00e9 frequentemente utilizado em ambientes comerciais e industriais, onde o consumo de energia \u00e9 elevado e precisa de ser controlado com precis\u00e3o. O pagamento por caudal\u00edmetro tamb\u00e9m \u00e9 utilizado em alguns contextos residenciais, onde os clientes podem pagar a sua utiliza\u00e7\u00e3o de energia com base na quantidade de energia que utilizam.<\/p>\n<\/div>\n<div id=\"09\">\n<p><strong>9.About 6 inch flow meter price R&amp;D capabilities<\/strong><\/p>\n<p>As capacidades de I&amp;D de caudal\u00edmetros referem-se \u00e0 capacidade de uma empresa ou organiza\u00e7\u00e3o para investigar, desenvolver e fabricar caudal\u00edmetros. Isto inclui a capacidade de conceber, testar e fabricar caudal\u00edmetros que satisfa\u00e7am os requisitos dos clientes e as normas da ind\u00fastria. Inclui tamb\u00e9m a capacidade de desenvolver novas tecnologias e produtos para satisfazer as necessidades em constante mudan\u00e7a da ind\u00fastria. As empresas com fortes capacidades de I&amp;D s\u00e3o capazes de se manter \u00e0 frente da concorr\u00eancia e fornecer aos clientes os caudal\u00edmetros mais avan\u00e7ados e fi\u00e1veis.<\/p>\n<p><img style=\"max-width: 100%;\" title=\"About 6 inch flow meter price R&amp;D capabilities\" src=\"https:\/\/www.hginstrument.com\/wp-content\/uploads\/2021\/07\/dsrt-1.jpg\" alt=\"About 6 inch flow meter price R&amp;D capabilities\" \/><\/p>\n<\/div>\n<div id=\"010\">\n<p><strong>10.About 6 inch flow meter price customization services<\/strong><\/p>\n<p>Os servi\u00e7os de personaliza\u00e7\u00e3o de caudal\u00edmetros s\u00e3o concebidos para fornecer aos clientes uma solu\u00e7\u00e3o \u00e0 medida das suas necessidades espec\u00edficas de medi\u00e7\u00e3o de caudal. Estes servi\u00e7os podem incluir a personaliza\u00e7\u00e3o do medidor de caudal para se adequar a uma aplica\u00e7\u00e3o espec\u00edfica, como um tamanho de tubo ou caudal espec\u00edfico, ou para cumprir um determinado requisito de precis\u00e3o. Os servi\u00e7os de personaliza\u00e7\u00e3o tamb\u00e9m podem incluir a modifica\u00e7\u00e3o do medidor de caudal para incluir caracter\u00edsticas adicionais, tais como um visor ou capacidades de registo de dados. Os servi\u00e7os de personaliza\u00e7\u00e3o de caudal\u00edmetros podem tamb\u00e9m incluir a instala\u00e7\u00e3o do caudal\u00edmetro, bem como o fornecimento de apoio t\u00e9cnico e manuten\u00e7\u00e3o.<\/p>\n<\/div>\n<div id=\"11\">\n<p><strong>11.What is the function of 6 inch flow meter price?<\/strong><\/p>\n<p>Our company has many years of 6 inch flow meter price experience and expertise.<br \/>\nUm medidor de caudal \u00e9 um dispositivo utilizado para medir o caudal ou a quantidade de um g\u00e1s ou l\u00edquido que se desloca atrav\u00e9s de um tubo. \u00c9 utilizado para medir o caudal de um l\u00edquido ou g\u00e1s numa conduta fechada. Os medidores de caudal s\u00e3o utilizados numa variedade de ind\u00fastrias, incluindo o tratamento de \u00e1gua e \u00e1guas residuais, petr\u00f3leo e g\u00e1s e processamento qu\u00edmico.<\/p>\n<\/div>\n<div id=\"12\">\n<p><strong>12.What are the requirements for the specific installation location of the 6 inch flow meter price?<\/strong><\/p>\n<p>We operate our 6 inch flow meter price business with integrity and honesty.<br \/>\n1. O medidor de caudal deve ser instalado num local isento de vibra\u00e7\u00f5es, choques e outras for\u00e7as externas.<\/p>\n<p>2. O medidor de caudal deve ser instalado num local isento de gases corrosivos, l\u00edquidos e outros contaminantes.<\/p>\n<p>3. O medidor de caudal deve ser instalado num local acess\u00edvel para manuten\u00e7\u00e3o e calibra\u00e7\u00e3o.<\/p>\n<p>4. O medidor de caudal deve ser instalado num local isento de temperaturas e humidade extremas.<\/p>\n<p>5. O medidor de caudal deve ser instalado num local isento de interfer\u00eancias el\u00e9ctricas.<\/p>\n<p><img style=\"max-width: 100%;\" title=\"What are the requirements for the specific installation location of the 6 inch flow meter price?\" src=\"https:\/\/www.hginstrument.com\/wp-content\/uploads\/2021\/07\/hg-50-7.jpg\" alt=\"What are the requirements for the specific installation location of the 6 inch flow meter price?\" \/><\/p>\n<\/div>\n<div id=\"13\">\n<p><strong>13.Can the 6 inch flow meter price be equipped with sensors of different accuracy?<\/strong><\/p>\n<p>Sim, os medidores de caudal podem ser equipados com sensores de precis\u00e3o diferente. Est\u00e3o dispon\u00edveis diferentes tipos de caudal\u00edmetros com diferentes n\u00edveis de precis\u00e3o, dependendo da aplica\u00e7\u00e3o. Por exemplo, os caudal\u00edmetros de turbina s\u00e3o normalmente mais precisos do que os caudal\u00edmetros de roda de p\u00e1s.<\/p>\n<\/div>\n<div id=\"14\">\n<p><strong>14.Is the 6 inch flow meter price anti-corrosion?<\/strong><\/p>\n<p>We have established a good reputation and reliable partnerships within the 6 inch flow meter price industry.<br \/>\nSim, a maioria dos medidores de caudal s\u00e3o concebidos para serem resistentes \u00e0 corros\u00e3o. No entanto, o tipo espec\u00edfico de caudal\u00edmetro e o ambiente em que \u00e9 utilizado determinar\u00e3o o grau de resist\u00eancia \u00e0 corros\u00e3o.<\/p>\n<\/div>\n<div id=\"15\">\n<p><strong>15.About 6 inch flow meter price quality system<\/strong><\/p>\n<p>Um sistema de qualidade de medidores de caudal \u00e9 um conjunto de processos e procedimentos que s\u00e3o utilizados para garantir que os medidores de caudal s\u00e3o fabricados e testados de forma a cumprirem os mais elevados padr\u00f5es de precis\u00e3o e fiabilidade. O sistema inclui medidas de controlo de qualidade, como a inspe\u00e7\u00e3o do material recebido, a inspe\u00e7\u00e3o durante o processo e o teste do produto final. Inclui tamb\u00e9m documenta\u00e7\u00e3o e manuten\u00e7\u00e3o de registos para garantir que todos os processos s\u00e3o seguidos e que quaisquer problemas s\u00e3o tratados de forma r\u00e1pida e eficaz. O sistema foi concebido para garantir que os medidores de caudal produzidos s\u00e3o da mais elevada qualidade e cumprem os requisitos do cliente.<\/p>\n<p><img style=\"max-width: 100%;\" title=\"About 6 inch flow meter price quality system\" src=\"https:\/\/www.hginstrument.com\/wp-content\/uploads\/2021\/07\/hls-2000p-z1.jpg\" alt=\"About 6 inch flow meter price quality system\" \/><\/p>\n<\/div>\n<div id=\"16\">\n<p><strong>16.About 6 inch flow meter price production management system<\/strong><\/p>\n<p>Um sistema de gest\u00e3o da produ\u00e7\u00e3o de caudal\u00edmetros \u00e9 uma solu\u00e7\u00e3o de software concebida para ajudar os fabricantes a gerir a produ\u00e7\u00e3o de caudal\u00edmetros. O sistema pode ser utilizado para acompanhar o processo de produ\u00e7\u00e3o do in\u00edcio ao fim, incluindo a encomenda de mat\u00e9rias-primas, a montagem de componentes e o teste e calibra\u00e7\u00e3o do produto acabado. O sistema tamb\u00e9m pode ser utilizado para monitorizar a qualidade do processo de produ\u00e7\u00e3o, garantindo que os medidores de caudal cumprem as normas exigidas. Al\u00e9m disso, o sistema pode ser utilizado para gerar relat\u00f3rios e analisar dados para ajudar os fabricantes a melhorar os seus processos de produ\u00e7\u00e3o.<\/p>\n<\/div>\n<div id=\"17\">\n<p><strong>17.About 6 inch flow meter price delivery date<\/strong><\/p>\n<p>A data de entrega de um medidor de caudal depender\u00e1 do tipo de medidor de caudal, do fabricante e da disponibilidade do produto. Geralmente, a maioria dos medidores de caudal pode ser entregue no prazo de alguns dias a algumas semanas. No entanto, alguns caudal\u00edmetros especializados podem demorar mais tempo a ser entregues. \u00c9 melhor contactar diretamente o fabricante para obter uma data de entrega precisa.<\/p>\n<\/div>\n<p>&nbsp;<\/p>\n<p>Etiqueta\uff1a<a href=\"\/pt\/magnetic-flow-meter\/waste-water-flow-meter\/\">medidor de caudal de \u00e1guas residuais<\/a>,<a href=\"\/pt\/magnetic-flow-meter\/in-line-air-flow-meter\/\">caudal\u00edmetro de ar em linha<\/a>,<a href=\"\/pt\/magnetic-flow-meter\/ag-chemical-flow-meter\/\">medidor de caudal de produtos qu\u00edmicos ag<\/a>,<a href=\"\/pt\/magnetic-flow-meter\/4-inch-flow-meter\/\">Medidor de caudal de 4 polegadas<\/a><\/p>\n<p>&nbsp;<\/p>","protected":false},"excerpt":{"rendered":"<p><strong>Dados t\u00e9cnicos<\/strong><br \/>\nPode servir fluidos l\u00edquidos ou gasosos, sendo normalmente utilizado para medir o caudal de vapor, vapor, ar e g\u00e1s natural.<br \/>\nTamanho do contador: Tipo em linha: DN25 - DN300<br \/>\nOp\u00e7\u00e3o de material h\u00famido: SS304, SS316<br \/>\nTemperatura de funcionamento: \u2264250\u2103<br \/>\nLiga\u00e7\u00e3o ao processo: Wafer \/ Flange \/ Tri-clamp para o tipo In-line<br \/>\nPrecis\u00e3o de medi\u00e7\u00e3o: 1,0 % - 1,5% do intervalo de calibra\u00e7\u00e3o<br \/>\nIndicador digital: apresenta o caudal instant\u00e2neo e o caudal total<br \/>\nFonte de alimenta\u00e7\u00e3o: 24VDC, Sa\u00edda: 4-20mA<\/p>\n<p><strong>caracter\u00edsticas<\/strong><br \/>\n1. pontos de regula\u00e7\u00e3o ON\/OFF ajust\u00e1veis<br \/>\n2. modo de alarme de caudal alto ou baixo<br \/>\n3. tempo de atraso ajust\u00e1vel<br \/>\n4. LED de estado do rel\u00e9<\/p>","protected":false},"featured_media":3691,"comment_status":"closed","ping_status":"closed","template":"","meta":[],"product_cat":[2372],"product_tag":[],"acf":[],"_links":{"self":[{"href":"https:\/\/www.hginstrument.com\/pt\/wp-json\/wp\/v2\/product\/4278"}],"collection":[{"href":"https:\/\/www.hginstrument.com\/pt\/wp-json\/wp\/v2\/product"}],"about":[{"href":"https:\/\/www.hginstrument.com\/pt\/wp-json\/wp\/v2\/types\/product"}],"replies":[{"embeddable":true,"href":"https:\/\/www.hginstrument.com\/pt\/wp-json\/wp\/v2\/comments?post=4278"}],"wp:featuredmedia":[{"embeddable":true,"href":"https:\/\/www.hginstrument.com\/pt\/wp-json\/wp\/v2\/media\/3691"}],"wp:attachment":[{"href":"https:\/\/www.hginstrument.com\/pt\/wp-json\/wp\/v2\/media?parent=4278"}],"wp:term":[{"taxonomy":"product_cat","embeddable":true,"href":"https:\/\/www.hginstrument.com\/pt\/wp-json\/wp\/v2\/product_cat?post=4278"},{"taxonomy":"product_tag","embeddable":true,"href":"https:\/\/www.hginstrument.com\/pt\/wp-json\/wp\/v2\/product_tag?post=4278"}],"curies":[{"name":"wp","href":"https:\/\/api.w.org\/{rel}","templated":true}]}}