{"id":489,"date":"2021-01-15T15:32:49","date_gmt":"2021-01-15T07:32:49","guid":{"rendered":"http:\/\/201230ip92c2.adwebcloud.com\/?post_type=product&#038;p=489"},"modified":"2023-07-05T14:49:39","modified_gmt":"2023-07-05T06:49:39","slug":"hgd-sanitary-electromagnetic-flow-meter","status":"publish","type":"product","link":"https:\/\/www.hginstrument.com\/pt\/flow-instrument\/hgd-sanitary-electromagnetic-flow-meter\/","title":{"rendered":"Medidor de caudal eletromagn\u00e9tico sanit\u00e1rio HGD"},"content":{"rendered":"<h5>Technical data of HGD Sanitary Electromagnetic Flow Meter<\/h5>\n<p>\u25cf Applications: Drinking water, fruit juice, milk, Wine, etc.<br \/>\n\u25cf Meter size: DN15 &#8211; DN150<br \/>\n\u25cf Process connection: Tri-clamp<br \/>\n\u25cf Tube material: SS304, SS316<br \/>\n\u25cf Electrode: SS316L, Hastelloy B, Hastelloy C, Titanium, Tantalum, Pt\/Iridium Alloy, SS with Painting Tungsten Carbide<br \/>\n\u25cf Liner: PTFE, FEP, Neoprene, Polyurethane, Hard Rubber, PFA<br \/>\n\u25cf Measure accuracy : 1.0%, 0.5%, 0.3%;<br \/>\n\u25cf Digital display: instantaneous flow and accumulative flow<br \/>\n\u25cf Power supply: 24VDC \/ 220VAC \/ 3.6V battery<br \/>\n\u25cf Output: 4-20mA, pulse, frequency (RS485, HART, Profibus-DP optional)<\/p>\n<p>&nbsp;<\/p>\n<p><strong>Wiring Terminal instruction of HGD Sanitary Electromagnetic Flow Meter&#8217;s compact converter as follow:<\/strong><\/p>\n<table>\n<tbody>\n<tr style=\"background-color: #d8d8d8;\">\n<td width=\"84\"><strong>Terminal de cablagem<\/strong><\/td>\n<td width=\"324\"><strong>Descri\u00e7\u00e3o<\/strong><\/td>\n<td width=\"252\"><strong>Observa\u00e7\u00e3o<\/strong><\/td>\n<\/tr>\n<tr>\n<td width=\"84\">L 2<\/td>\n<td width=\"324\">Ligar 220VAC \/ 24VDC -<\/td>\n<td width=\"252\"><\/td>\n<\/tr>\n<tr>\n<td width=\"84\">L 1<\/td>\n<td width=\"324\">Ligar 220VAC \/ 24VDC +<\/td>\n<td width=\"252\"><\/td>\n<\/tr>\n<tr>\n<td width=\"84\">COM<\/td>\n<td width=\"324\">Terra de sa\u00edda de corrente para medi\u00e7\u00e3o de caudal<\/td>\n<td rowspan=\"2\" width=\"252\">Utilizar para a cablagem da sa\u00edda de corrente anal\u00f3gica<\/td>\n<\/tr>\n<tr>\n<td width=\"84\">I +<\/td>\n<td width=\"324\">Sa\u00edda de corrente para medi\u00e7\u00e3o de caudal<\/td>\n<\/tr>\n<tr>\n<td width=\"84\">COM<\/td>\n<td width=\"324\">Frequ\u00eancia \/ Sa\u00edda de impulsos Terra<\/td>\n<td rowspan=\"2\" width=\"252\">Utilizar para a cablagem da frequ\u00eancia \/ sa\u00edda de impulsos<\/td>\n<\/tr>\n<tr>\n<td width=\"84\">P+<\/td>\n<td width=\"324\">Frequ\u00eancia \/ Sa\u00edda de impulsos para fluxo bidirecional<\/td>\n<\/tr>\n<tr>\n<td width=\"84\">AH<\/td>\n<td width=\"324\">Sa\u00edda de alarme para limite superior<\/td>\n<td rowspan=\"3\" width=\"252\">Utilizar para a cablagem da sa\u00edda de alarme<\/td>\n<\/tr>\n<tr>\n<td width=\"84\">AL<\/td>\n<td width=\"324\">Sa\u00edda de alarme para limite inferior<\/td>\n<\/tr>\n<tr>\n<td width=\"84\">COM<\/td>\n<td width=\"324\">Terra da sa\u00edda de alarme (ligar \u00e0 terra da sa\u00edda de corrente ou \u00e0 terra da sa\u00edda de frequ\u00eancia\/pulso)<\/td>\n<\/tr>\n<tr>\n<td width=\"84\">FUS\u00cdVEL<\/td>\n<td width=\"324\">Fus\u00edvel para a fonte de alimenta\u00e7\u00e3o<\/td>\n<td width=\"252\"><\/td>\n<\/tr>\n<tr>\n<td width=\"84\">T +<\/td>\n<td width=\"324\">Terminal de comunica\u00e7\u00e3o (RS485 A+)<\/td>\n<td rowspan=\"3\" width=\"252\">Utiliza\u00e7\u00e3o para cablagem de comunica\u00e7\u00e3o<\/td>\n<\/tr>\n<tr>\n<td width=\"84\">G<\/td>\n<td width=\"324\">Terra de comunica\u00e7\u00e3o RS232<\/td>\n<\/tr>\n<tr>\n<td width=\"84\">T -<\/td>\n<td width=\"324\">Terminal de comunica\u00e7\u00e3o (RS485 B-)<\/td>\n<\/tr>\n<\/tbody>\n<\/table>\n<h5><\/h5>\n<h5>Wiring Terminal instruction of HGD Sanitary Electromagnetic Flow Meter&#8217;s remote converter as follow:<\/h5>\n<table>\n<tbody>\n<tr style=\"background-color: #d8d8d8;\">\n<td width=\"84\"><strong>Terminal de cablagem<\/strong><\/td>\n<td width=\"300\"><strong>Descri\u00e7\u00e3o<\/strong><\/td>\n<td width=\"288\"><strong>Observa\u00e7\u00e3o<\/strong><\/td>\n<\/tr>\n<tr>\n<td width=\"84\">SIG1<\/td>\n<td width=\"300\">Sinal l<\/td>\n<td rowspan=\"7\" width=\"288\">Para transdutor de tipo remoto<\/td>\n<\/tr>\n<tr>\n<td width=\"84\">SGND<\/td>\n<td width=\"300\">Sinal de terra<\/td>\n<\/tr>\n<tr>\n<td width=\"84\">SIG2<\/td>\n<td width=\"300\">Sinal 2<\/td>\n<\/tr>\n<tr>\n<td width=\"84\">DS1<\/td>\n<td width=\"300\">Excitante blindado 1<\/td>\n<\/tr>\n<tr>\n<td width=\"84\">DS2<\/td>\n<td width=\"300\">Blindado Excitante 2<\/td>\n<\/tr>\n<tr>\n<td width=\"84\">EXT +<\/td>\n<td width=\"300\">Emocionante corrente \"+\"<\/td>\n<\/tr>\n<tr>\n<td width=\"84\">EXT -<\/td>\n<td width=\"300\">Corrente excitante \"-\"<\/td>\n<\/tr>\n<tr>\n<td width=\"84\">VDIN<\/td>\n<td width=\"300\">24VDC Ponto de liga\u00e7\u00e3o (para sa\u00edda de corrente de 2 fios)<\/td>\n<td rowspan=\"3\" width=\"288\">Utilizar para a cablagem da sa\u00edda de corrente anal\u00f3gica<\/td>\n<\/tr>\n<tr>\n<td width=\"84\">IOUT<\/td>\n<td width=\"300\">Sa\u00edda de corrente anal\u00f3gica<\/td>\n<\/tr>\n<tr>\n<td width=\"84\">ICOM<\/td>\n<td width=\"300\">Terra da sa\u00edda de corrente anal\u00f3gica<\/td>\n<\/tr>\n<tr>\n<td width=\"84\">POUT<\/td>\n<td width=\"300\">Frequ\u00eancia de caudal (impulsos) Sa\u00edda<\/td>\n<td rowspan=\"2\" width=\"288\">Utilizar para a cablagem da frequ\u00eancia (impulso) Sa\u00edda<\/td>\n<\/tr>\n<tr>\n<td width=\"84\">PCOM<\/td>\n<td width=\"300\">Frequ\u00eancia (impulso) Sa\u00edda Terra<\/td>\n<\/tr>\n<tr>\n<td width=\"84\">ALMH<\/td>\n<td width=\"300\">Sa\u00edda de alarme de limite superior<\/td>\n<td rowspan=\"3\" width=\"288\">Utilizar para a cablagem da sa\u00edda de alarme<\/td>\n<\/tr>\n<tr>\n<td width=\"84\">ALML<\/td>\n<td width=\"300\">Sa\u00edda de alarme de limite inferior<\/td>\n<\/tr>\n<tr>\n<td width=\"84\">ACOM<\/td>\n<td width=\"300\">Terra da sa\u00edda de alarme<\/td>\n<\/tr>\n<tr>\n<td width=\"84\">TRX+<\/td>\n<td width=\"300\">Terminal de comunica\u00e7\u00e3o (RS485 A+)<\/td>\n<td rowspan=\"3\" width=\"288\">Utiliza\u00e7\u00e3o para cablagem de comunica\u00e7\u00e3o<\/td>\n<\/tr>\n<tr>\n<td width=\"84\">TRX-<\/td>\n<td width=\"300\">Terminal de comunica\u00e7\u00e3o (RS485 B-)<\/td>\n<\/tr>\n<tr>\n<td width=\"84\">TCOM<\/td>\n<td width=\"300\">Terra de comunica\u00e7\u00e3o RS232<\/td>\n<\/tr>\n<tr>\n<td width=\"84\">L<\/td>\n<td width=\"300\">Ligar 220VAC \/ 24VDC +<\/td>\n<td width=\"288\"><\/td>\n<\/tr>\n<tr>\n<td width=\"84\">N<\/td>\n<td width=\"300\">Ligar 220VAC \/ 24VDC -<\/td>\n<td width=\"288\"><\/td>\n<\/tr>\n<\/tbody>\n<\/table>\n<h5><\/h5>\n<h5>Parameters list of HGD Sanitary Electromagnetic Flow Meter<\/h5>\n<table width=\"648\">\n<tbody>\n<tr style=\"background-color: #d8d8d8;\">\n<td width=\"60\">Item<\/td>\n<td width=\"120\">Parameter words<\/td>\n<td width=\"156\">Function description<\/td>\n<td width=\"108\">Setting way<\/td>\n<td width=\"132\">Gama<\/td>\n<td width=\"72\">Password Grade<\/td>\n<\/tr>\n<tr>\n<td width=\"60\">1<\/td>\n<td width=\"120\">Language<\/td>\n<td width=\"156\">Display language<\/td>\n<td width=\"108\">Select<\/td>\n<td width=\"132\">Chinese \/ English<\/td>\n<td width=\"72\">2<\/td>\n<\/tr>\n<tr>\n<td width=\"60\">2<\/td>\n<td width=\"120\">Comm Addres<\/td>\n<td width=\"156\">Instrument Communication Address<\/td>\n<td width=\"108\">Setting Value<\/td>\n<td width=\"132\">0 ~ 99<\/td>\n<td width=\"72\">2<\/td>\n<\/tr>\n<tr>\n<td width=\"60\">3<\/td>\n<td width=\"120\">Baud Rate<\/td>\n<td width=\"156\">Instrument Communication Speed<\/td>\n<td width=\"108\">Select<\/td>\n<td width=\"132\">300 ~ 38400<\/td>\n<td width=\"72\">2<\/td>\n<\/tr>\n<tr>\n<td width=\"60\">4<\/td>\n<td width=\"120\">Snsr Size<\/td>\n<td width=\"156\">Pipe line Size<\/td>\n<td width=\"108\">Select<\/td>\n<td width=\"132\">3 ~ 3000<\/td>\n<td width=\"72\">2<\/td>\n<\/tr>\n<tr>\n<td width=\"60\">5<\/td>\n<td width=\"120\">Flow Unit<\/td>\n<td width=\"156\">Measuring Unit<\/td>\n<td width=\"108\">Select<\/td>\n<td width=\"132\">L\/h, L\/m, L\/s, m<sup>3<\/sup>\/h\u00a0 m<sup>3<\/sup>\/min,m<sup>3<\/sup>\/s<\/td>\n<td width=\"72\">2<\/td>\n<\/tr>\n<tr>\n<td width=\"60\">6<\/td>\n<td width=\"120\">Flow Range<\/td>\n<td width=\"156\">Measure range Setting<\/td>\n<td width=\"108\">Setting Value<\/td>\n<td width=\"132\">0 ~ 99999<\/td>\n<td width=\"72\">2<\/td>\n<\/tr>\n<tr>\n<td width=\"60\">7<\/td>\n<td width=\"120\">Flow Rspns<\/td>\n<td width=\"156\">Measure Damping Time<\/td>\n<td width=\"108\">Select<\/td>\n<td width=\"132\">1 ~ 50<\/td>\n<td width=\"72\">2<\/td>\n<\/tr>\n<tr>\n<td width=\"60\">8<\/td>\n<td width=\"120\">Flow Direct<\/td>\n<td width=\"156\">Measuring Direction Selection<\/td>\n<td width=\"108\">Select<\/td>\n<td width=\"132\">Forward \/ Reverse<\/td>\n<td width=\"72\">2<\/td>\n<\/tr>\n<tr>\n<td width=\"60\">9<\/td>\n<td width=\"120\">Flow Zero<\/td>\n<td width=\"156\">Flow Zero Amendment<\/td>\n<td width=\"108\">Setting Value<\/td>\n<td width=\"132\">0 ~ \u00b19999<\/td>\n<td width=\"72\">2<\/td>\n<\/tr>\n<tr>\n<td width=\"60\">10<\/td>\n<td width=\"120\">Flow Cutoff<\/td>\n<td width=\"156\">Small Signal Resection Point<\/td>\n<td width=\"108\">Setting Value<\/td>\n<td width=\"132\">0 ~ 599.99%<\/td>\n<td width=\"72\">2<\/td>\n<\/tr>\n<tr>\n<td width=\"60\">11<\/td>\n<td width=\"120\">Cutoff Ena<\/td>\n<td width=\"156\">Resection Point Indication<\/p>\n<p>Permission<\/td>\n<td width=\"108\">Select<\/td>\n<td width=\"132\">Permit \uff0fProhibit<\/td>\n<td width=\"72\">2<\/td>\n<\/tr>\n<tr>\n<td width=\"60\">12<\/td>\n<td width=\"120\">Total Unit<\/td>\n<td width=\"156\">Flow Totalize Unit<\/td>\n<td width=\"108\">Select<\/td>\n<td width=\"132\">0.001m3 ~ 1 m3<\/p>\n<p>0.001 L ~ 1 L<\/td>\n<td width=\"72\">2<\/td>\n<\/tr>\n<tr>\n<td width=\"60\">13<\/td>\n<td width=\"120\">SegmaN Ena<\/td>\n<td width=\"156\">Reverse Output Permission<\/td>\n<td width=\"108\">Select<\/td>\n<td width=\"132\">Permit \uff0fProhibit<\/td>\n<td width=\"72\">2<\/td>\n<\/tr>\n<tr>\n<td width=\"60\">14<\/td>\n<td width=\"120\">Analog Type<\/td>\n<td width=\"156\">Current Output Type<\/td>\n<td width=\"108\">Select<\/td>\n<td width=\"132\">0 ~ 10 mA \/ 4 ~ 20mA<\/td>\n<td width=\"72\">2<\/td>\n<\/tr>\n<tr>\n<td width=\"60\">15<\/td>\n<td width=\"120\">Pulse Type<\/td>\n<td width=\"156\">Pulse Output Mode<\/td>\n<td width=\"108\">Select<\/td>\n<td width=\"132\">Frequency\uff0fPulse<\/td>\n<td width=\"72\">2<\/td>\n<\/tr>\n<tr>\n<td width=\"60\">16<\/td>\n<td width=\"120\">Pulse Fact<\/td>\n<td width=\"156\">Pulse<\/p>\n<p>Unit equivalent<\/td>\n<td width=\"108\">Select<\/td>\n<td width=\"132\">0.001m3 ~ 1 m3<\/p>\n<p>0.001 L ~ 1 L<\/td>\n<td width=\"72\">2<\/td>\n<\/tr>\n<tr>\n<td width=\"60\">17<\/td>\n<td width=\"120\">Freque Max<\/td>\n<td width=\"156\">Frequency Output Range<\/td>\n<td width=\"108\">Select<\/td>\n<td width=\"132\">1 ~ 5999 Hz<\/td>\n<td width=\"72\">2<\/td>\n<\/tr>\n<tr>\n<td width=\"60\">18<\/td>\n<td width=\"120\">Mtsnsr Ena<\/td>\n<td width=\"156\">Empty pipe Alarm Permission<\/td>\n<td width=\"108\">Select<\/td>\n<td width=\"132\">Permit\uff0fProhibit<\/td>\n<td width=\"72\">2<\/td>\n<\/tr>\n<tr>\n<td width=\"60\">19<\/td>\n<td width=\"120\">Mtsnsr Trip<\/td>\n<td width=\"156\">Empty pipe Alarm Threshold<\/td>\n<td width=\"108\">Setting Value<\/td>\n<td width=\"132\">59999%<\/td>\n<td width=\"72\">2<\/td>\n<\/tr>\n<tr>\n<td width=\"60\">20<\/td>\n<td width=\"120\">Alm Hi Ena<\/td>\n<td width=\"156\">Upper Limit Alarm Permission<\/td>\n<td width=\"108\">Select<\/td>\n<td width=\"132\">Permit\uff0fProhibit<\/td>\n<td width=\"72\">2<\/td>\n<\/tr>\n<tr>\n<td width=\"60\">21<\/td>\n<td width=\"120\">Alm Hi Val<\/td>\n<td width=\"156\">Upper Limit Alarm Value<\/td>\n<td width=\"108\">Setting Value<\/td>\n<td width=\"132\">000.0 ~ 599.99%<\/td>\n<td width=\"72\">2<\/td>\n<\/tr>\n<tr>\n<td width=\"60\">22<\/td>\n<td width=\"120\">Alm Lo Ena<\/td>\n<td width=\"156\">Lower Limit Alarm Permission<\/td>\n<td width=\"108\">Select<\/td>\n<td width=\"132\">Permit\uff0fProhibit<\/td>\n<td width=\"72\">2<\/td>\n<\/tr>\n<tr>\n<td width=\"60\">23<\/td>\n<td width=\"120\">Alm Lo Val<\/td>\n<td width=\"156\">Lower Limit Alarm Value<\/td>\n<td width=\"108\">Setting Value<\/td>\n<td width=\"132\">000.0 ~ 599.99%<\/td>\n<td width=\"72\">2<\/td>\n<\/tr>\n<tr>\n<td width=\"60\">24<\/td>\n<td width=\"120\">Sys Alm Ena<\/td>\n<td width=\"156\">Excitation Alarm Permission<\/td>\n<td width=\"108\">Select<\/td>\n<td width=\"132\">Permit\uff0fProhibit<\/td>\n<td width=\"72\">2<\/td>\n<\/tr>\n<tr>\n<td width=\"60\">25<\/td>\n<td width=\"120\">Clr Sum Key<\/td>\n<td width=\"156\">Total Flow Zero Password<\/td>\n<td width=\"108\">Setting Value<\/td>\n<td width=\"132\">0 ~ 99999<\/td>\n<td width=\"72\">3<\/td>\n<\/tr>\n<tr>\n<td width=\"60\">26<\/td>\n<td width=\"120\">Snsr Code1<\/td>\n<td width=\"156\">Sensor Code 1<\/td>\n<td width=\"108\">User Setting<\/td>\n<td width=\"132\">Factory Year Month (0 ~ 99999)<\/td>\n<td width=\"72\">4<\/td>\n<\/tr>\n<tr>\n<td width=\"60\">27<\/td>\n<td width=\"120\">Snsr Code2<\/td>\n<td width=\"156\">Sensor Code 2<\/td>\n<td width=\"108\">User Setting<\/td>\n<td width=\"132\">Product Serial No ( 0 ~ 99999)<\/td>\n<td width=\"72\">4<\/td>\n<\/tr>\n<tr>\n<td width=\"60\">28<\/td>\n<td width=\"120\">Field Type<\/td>\n<td width=\"156\">Exciting frequency type<\/td>\n<td width=\"108\">Select<\/td>\n<td width=\"132\">Type 1, 2, 3<\/td>\n<td width=\"72\">4<\/td>\n<\/tr>\n<tr>\n<td width=\"60\">29<\/td>\n<td width=\"120\">Sensor Fact<\/td>\n<td width=\"156\">Sensor Factor Value<\/td>\n<td width=\"108\">Setting Value<\/td>\n<td width=\"132\">0.0000 ~ 5.9999<\/td>\n<td width=\"72\">4<\/td>\n<\/tr>\n<tr>\n<td width=\"60\">30<\/td>\n<td width=\"120\">Total Point<\/td>\n<td width=\"156\">Batch control volume set<\/td>\n<td width=\"108\">Setting Value<\/td>\n<td width=\"132\">00000\uff5e59999<\/td>\n<td width=\"72\">4<\/td>\n<\/tr>\n<tr>\n<td width=\"60\">31<\/td>\n<td width=\"120\">Line CRC Ena<\/td>\n<td width=\"156\">Flow amend permission<\/td>\n<td width=\"108\">Select<\/td>\n<td width=\"132\">Permit\uff0fProhibit<\/td>\n<td width=\"72\">5<\/td>\n<\/tr>\n<tr>\n<td width=\"60\">32<\/td>\n<td width=\"120\">Lineary CRC1<\/td>\n<td width=\"156\">Flow amend point 1<\/td>\n<td width=\"108\">User Setting<\/td>\n<td width=\"132\">setting according to the velocity<\/td>\n<td width=\"72\">5<\/td>\n<\/tr>\n<tr>\n<td width=\"60\">33<\/td>\n<td width=\"120\">Lineary Fact 1<\/td>\n<td width=\"156\">Flow amend value 1<\/td>\n<td width=\"108\">User Setting<\/td>\n<td width=\"132\">0.0000\uff5e1.9999<\/td>\n<td width=\"72\">5<\/td>\n<\/tr>\n<tr>\n<td width=\"60\">34<\/td>\n<td width=\"120\">Lineary CRC2<\/td>\n<td width=\"156\">Flow amend point 2<\/td>\n<td width=\"108\">User Setting<\/td>\n<td width=\"132\">setting according to the velocity<\/td>\n<td width=\"72\">5<\/td>\n<\/tr>\n<tr>\n<td width=\"60\">35<\/td>\n<td width=\"120\">Lineary Fact 2<\/td>\n<td width=\"156\">Flow amend value 2<\/td>\n<td width=\"108\">User Setting<\/td>\n<td width=\"132\">0.0000\uff5e1.9999<\/td>\n<td width=\"72\">5<\/td>\n<\/tr>\n<tr>\n<td width=\"60\">36<\/td>\n<td width=\"120\">Lineary CRC3<\/td>\n<td width=\"156\">Flow amend point 3<\/td>\n<td width=\"108\">User Setting<\/td>\n<td width=\"132\">setting according to the velocity<\/td>\n<td width=\"72\">5<\/td>\n<\/tr>\n<tr>\n<td width=\"60\">37<\/td>\n<td width=\"120\">Lineary Fact 3<\/td>\n<td width=\"156\">Flow amend value 3<\/td>\n<td width=\"108\">User Setting<\/td>\n<td width=\"132\">0.0000\uff5e1.9999<\/td>\n<td width=\"72\">5<\/td>\n<\/tr>\n<tr>\n<td width=\"60\">38<\/td>\n<td width=\"120\">Lineary CRC4<\/td>\n<td width=\"156\">Flow amend point 4<\/td>\n<td width=\"108\">User Setting<\/td>\n<td width=\"132\">setting according to the velocity<\/td>\n<td width=\"72\">5<\/td>\n<\/tr>\n<tr>\n<td width=\"60\">39<\/td>\n<td width=\"120\">Lineary Fact4<\/td>\n<td width=\"156\">Flow amend value 4<\/td>\n<td width=\"108\">User Setting<\/td>\n<td width=\"132\">0.0000\uff5e1.9999<\/td>\n<td width=\"72\">5<\/td>\n<\/tr>\n<tr>\n<td width=\"60\">40<\/td>\n<td width=\"120\">FwdTotal Lo<\/td>\n<td width=\"156\">Forward Total Flow Low Level<\/td>\n<td width=\"108\">Revisable<\/td>\n<td width=\"132\">00000 ~ 99999<\/td>\n<td width=\"72\">5<\/td>\n<\/tr>\n<tr>\n<td width=\"60\">41<\/td>\n<td width=\"120\">FwdTotal Hi<\/td>\n<td width=\"156\">Forward Total Flow High Level<\/td>\n<td width=\"108\">Revisable<\/td>\n<td width=\"132\">0000 ~ 9999<\/td>\n<td width=\"72\">5<\/td>\n<\/tr>\n<tr>\n<td width=\"60\">42<\/td>\n<td width=\"120\">RevTotal Lo<\/td>\n<td width=\"156\">Reverse Total Flow Low Level<\/td>\n<td width=\"108\">Revisable<\/td>\n<td width=\"132\">00000 ~ 99999<\/td>\n<td width=\"72\">5<\/td>\n<\/tr>\n<tr>\n<td width=\"60\">43<\/td>\n<td width=\"120\">RevTotal Hi<\/td>\n<td width=\"156\">Reverse Total Flow High Level<\/td>\n<td width=\"108\">Revisable<\/td>\n<td width=\"132\">0000 ~ 9999<\/td>\n<td width=\"72\">5<\/td>\n<\/tr>\n<tr>\n<td width=\"60\">44<\/td>\n<td width=\"120\">PlsntLmtEna<\/td>\n<td width=\"156\">Peak Restriction Permission<\/td>\n<td width=\"108\">Select<\/td>\n<td width=\"132\">Permit\uff0fProhibit<\/td>\n<td width=\"72\">5<\/td>\n<\/tr>\n<tr>\n<td width=\"60\">45<\/td>\n<td width=\"120\">PlsntLmtVal<\/td>\n<td width=\"156\">Peak Restriction Factor<\/td>\n<td width=\"108\">Select<\/td>\n<td width=\"132\">0.010 ~ 0.800 m\/s<\/td>\n<td width=\"72\">5<\/td>\n<\/tr>\n<tr>\n<td width=\"60\">46<\/td>\n<td width=\"120\">Plsnt Delay<\/td>\n<td width=\"156\">Peak Restriction Time<\/td>\n<td width=\"108\">Select<\/td>\n<td width=\"132\">400 ~ 2500 ms<\/td>\n<td width=\"72\">5<\/td>\n<\/tr>\n<tr>\n<td width=\"60\">47<\/td>\n<td width=\"120\">Pass Word 1<\/td>\n<td width=\"156\">Password grade 1<\/td>\n<td width=\"108\">Use Revisable<\/td>\n<td width=\"132\">00000 ~ 99999<\/td>\n<td width=\"72\">5<\/td>\n<\/tr>\n<tr>\n<td width=\"60\">48<\/td>\n<td width=\"120\">Pass Word 2<\/td>\n<td width=\"156\">Password grade 2<\/td>\n<td width=\"108\">Use Revisable<\/td>\n<td width=\"132\">00000 ~ 99999<\/td>\n<td width=\"72\">5<\/td>\n<\/tr>\n<tr>\n<td width=\"60\">49<\/td>\n<td width=\"120\">Pass Word 3<\/td>\n<td width=\"156\">Password grade 3<\/td>\n<td width=\"108\">Use Revisable<\/td>\n<td width=\"132\">00000 ~ 99999<\/td>\n<td width=\"72\">5<\/td>\n<\/tr>\n<tr>\n<td width=\"60\">50<\/td>\n<td width=\"120\">Pass Word 4<\/td>\n<td width=\"156\">Password grade 4<\/td>\n<td width=\"108\">Use Revisable<\/td>\n<td width=\"132\">00000 ~ 99999<\/td>\n<td width=\"72\">5<\/td>\n<\/tr>\n<tr>\n<td width=\"60\">51<\/td>\n<td width=\"120\">Analog Zero<\/td>\n<td width=\"156\">Current Zero Amendment<\/td>\n<td width=\"108\">Setting Value<\/td>\n<td width=\"132\">0.0000 ~ 1.9999<\/td>\n<td width=\"72\">5<\/td>\n<\/tr>\n<tr>\n<td width=\"60\">52<\/td>\n<td width=\"120\">Anlg Range<\/td>\n<td width=\"156\">Current Full Span Amendment<\/td>\n<td width=\"108\">Setting Value<\/td>\n<td width=\"132\">0.0000 ~ 3.9999<\/td>\n<td width=\"72\">5<\/td>\n<\/tr>\n<tr>\n<td width=\"60\">53<\/td>\n<td width=\"120\">Meter Fact<\/td>\n<td width=\"156\">Calibration Factor<\/td>\n<td width=\"108\">Setting Value<\/td>\n<td width=\"132\">0.0000 ~ 5.9999<\/td>\n<td width=\"72\">5<\/td>\n<\/tr>\n<tr>\n<td width=\"60\">54<\/td>\n<td width=\"120\">MeterCode 1<\/td>\n<td width=\"156\">Instrument Code 1<\/td>\n<td width=\"108\">Factory Setting<\/td>\n<td width=\"132\">Factory Year Month (0 ~ 99999)<\/td>\n<td width=\"72\">6<\/td>\n<\/tr>\n<tr>\n<td width=\"60\">55<\/td>\n<td width=\"120\">MeterCode 2<\/td>\n<td width=\"156\">Instrument Code 2<\/td>\n<td width=\"108\">Factory Setting<\/td>\n<td width=\"132\">Product Serial No. (0~99999)<\/td>\n<td width=\"72\">6<\/td>\n<\/tr>\n<\/tbody>\n<\/table>\n<h5>Oficina Linha de montagem<\/h5>\n<h5>\u00a0 \u00a0<img class=\"alignnone wp-image-465 size-full\" title=\"linha de montagem em oficina\" src=\"http:\/\/www.hginstrument.com\/wp-content\/uploads\/2021\/01\/workshop-assembly-line.jpg\" alt=\"linha de montagem em oficina\" width=\"843\" height=\"564\" srcset=\"https:\/\/www.hginstrument.com\/wp-content\/uploads\/2021\/01\/workshop-assembly-line.jpg 843w, https:\/\/www.hginstrument.com\/wp-content\/uploads\/2021\/01\/workshop-assembly-line-300x201.jpg 300w, https:\/\/www.hginstrument.com\/wp-content\/uploads\/2021\/01\/workshop-assembly-line-768x514.jpg 768w, https:\/\/www.hginstrument.com\/wp-content\/uploads\/2021\/01\/workshop-assembly-line-600x401.jpg 600w\" sizes=\"(max-width: 843px) 100vw, 843px\" \/><\/h5>\n<h5><\/h5>\n<p>&nbsp;<\/p>\n<h5>Oficina Linha de calibra\u00e7\u00e3o<\/h5>\n<p><img class=\"alignnone wp-image-467 size-full\" title=\"linha de calibra\u00e7\u00e3o 1\" src=\"http:\/\/www.hginstrument.com\/wp-content\/uploads\/2021\/01\/calibration-line-1.jpg\" alt=\"\" width=\"1200\" height=\"675\" srcset=\"https:\/\/www.hginstrument.com\/wp-content\/uploads\/2021\/01\/calibration-line-1.jpg 1200w, https:\/\/www.hginstrument.com\/wp-content\/uploads\/2021\/01\/calibration-line-1-300x169.jpg 300w, https:\/\/www.hginstrument.com\/wp-content\/uploads\/2021\/01\/calibration-line-1-768x432.jpg 768w, https:\/\/www.hginstrument.com\/wp-content\/uploads\/2021\/01\/calibration-line-1-1024x576.jpg 1024w, https:\/\/www.hginstrument.com\/wp-content\/uploads\/2021\/01\/calibration-line-1-600x338.jpg 600w\" sizes=\"(max-width: 1200px) 100vw, 1200px\" \/><\/p>\n<p>&nbsp;<\/p>\n<h5>Armaz\u00e9m<\/h5>\n<p><img class=\"alignnone wp-image-464 size-full\" src=\"http:\/\/www.hginstrument.com\/wp-content\/uploads\/2021\/01\/warehouse.jpg\" alt=\"armaz\u00e9m\" width=\"1091\" height=\"553\" srcset=\"https:\/\/www.hginstrument.com\/wp-content\/uploads\/2021\/01\/warehouse.jpg 1091w, https:\/\/www.hginstrument.com\/wp-content\/uploads\/2021\/01\/warehouse-300x152.jpg 300w, https:\/\/www.hginstrument.com\/wp-content\/uploads\/2021\/01\/warehouse-768x389.jpg 768w, https:\/\/www.hginstrument.com\/wp-content\/uploads\/2021\/01\/warehouse-1024x519.jpg 1024w, https:\/\/www.hginstrument.com\/wp-content\/uploads\/2021\/01\/warehouse-600x304.jpg 600w\" sizes=\"(max-width: 1091px) 100vw, 1091px\" \/><\/p>\n<p>&nbsp;<\/p>","protected":false},"excerpt":{"rendered":"<p>Product name: <a href=\"https:\/\/www.hginstrument.com\/pt\/what-are-the-key-features-and-benefits-of-hgd-sanitary-electromagnetic-flow-meter-for-sanitary-process-industries\/\"><span style=\"color: #ff0000;\">Medidor de caudal eletromagn\u00e9tico sanit\u00e1rio HGD<\/span><\/a><br \/>\nThe operation temperature of HGD Sanitary Electromagnetic Flow Meter usually not more than 120\u2103, fluid&#8217;s conductivity not less than 5\u03bcS\/cm.<br \/>\nHGD Sanitary Electromagnetic Flow Meter is applicable for the industry of high health level requirement, such as pharmaceutical, food industry etc.<br \/>\n<strong>Hot Tags:<\/strong> <a href=\"https:\/\/www.hginstrument.com\/pt\/about\/\"><span style=\"color: #ff0000;\">Sobre o Grupo Suyi<\/span><\/a>\uff0c<span style=\"color: #ff0000;\"><a style=\"color: #ff0000;\" href=\"https:\/\/www.hginstrument.com\/pt\/flow-instrument\/\">Instrumento de caudal<\/a><\/span>\uff0c<span style=\"color: #ff0000;\"><a style=\"color: #ff0000;\" href=\"ttps:\/\/www.hginstrument.com\/level-transmitter\/\">Transmissor de n\u00edvel<\/a><\/span>\uff0c<span style=\"color: #ff0000;\"><a style=\"color: #ff0000;\" href=\"https:\/\/www.hginstrument.com\/pt\/water-flow-meter\/\">medidor de caudal de \u00e1gua<\/a><\/span><\/p>","protected":false},"featured_media":1446,"comment_status":"closed","ping_status":"closed","template":"","meta":[],"product_cat":[75,220],"product_tag":[],"acf":[],"_links":{"self":[{"href":"https:\/\/www.hginstrument.com\/pt\/wp-json\/wp\/v2\/product\/489"}],"collection":[{"href":"https:\/\/www.hginstrument.com\/pt\/wp-json\/wp\/v2\/product"}],"about":[{"href":"https:\/\/www.hginstrument.com\/pt\/wp-json\/wp\/v2\/types\/product"}],"replies":[{"embeddable":true,"href":"https:\/\/www.hginstrument.com\/pt\/wp-json\/wp\/v2\/comments?post=489"}],"wp:featuredmedia":[{"embeddable":true,"href":"https:\/\/www.hginstrument.com\/pt\/wp-json\/wp\/v2\/media\/1446"}],"wp:attachment":[{"href":"https:\/\/www.hginstrument.com\/pt\/wp-json\/wp\/v2\/media?parent=489"}],"wp:term":[{"taxonomy":"product_cat","embeddable":true,"href":"https:\/\/www.hginstrument.com\/pt\/wp-json\/wp\/v2\/product_cat?post=489"},{"taxonomy":"product_tag","embeddable":true,"href":"https:\/\/www.hginstrument.com\/pt\/wp-json\/wp\/v2\/product_tag?post=489"}],"curies":[{"name":"wp","href":"https:\/\/api.w.org\/{rel}","templated":true}]}}