{"id":4950,"date":"2023-12-23T12:43:46","date_gmt":"2023-12-23T04:43:46","guid":{"rendered":"https:\/\/www.hginstrument.com\/?post_type=product&#038;p=4950"},"modified":"2024-01-10T09:20:20","modified_gmt":"2024-01-10T01:20:20","slug":"apex-flow-meter","status":"publish","type":"product","link":"https:\/\/www.hginstrument.com\/pt\/magnetic-flow-meter\/apex-flow-meter\/","title":{"rendered":"apex flow meter"},"content":{"rendered":"<p>This cutting-edge product combines accuracy, durability, and efficiency to provide the ultimate solution for all your apex flow metering needs. Designed with advanced features and state-of-the-art materials, apex flow meter guarantees precise and reliable flow measurements for a wide range of liquids. Its intuitive interface and compact design make it user-friendly and easy to install in any industrial or commercial setting.<\/p>\n<p>One of the key features of apex flow meter is its ability to accurately measure the flow rate of various fluids, including liquids, gases, and steam. This is made possible by its unique differential pressure flow measurement method, which ensures minimal pressure loss and high measurement accuracy. Moreover, the instrument is capable of measuring flow rates over a wide range, making it suitable for both low and high flow applications.<\/p>\n<p>Another advantage of using apex flow meter is its low maintenance requirements. The instrument is designed to be resistant to harsh environments and can operate continuously without the need for frequent cleaning and calibration. This not only reduces downtime but also helps in cost-saving for industries that require constant flow monitoring.<\/p>\n<table class=\"table table-bordered\">\n<tbody>\n<tr>\n<td><span style=\"vertical-align: inherit;\"><span style=\"vertical-align: inherit;\">Tipo\uff1a<\/span><\/span><\/td>\n<td><span style=\"vertical-align: inherit;\">apex flow meter<\/span><\/td>\n<td><span style=\"vertical-align: inherit;\"><span style=\"vertical-align: inherit;\">Sinal de sa\u00edda\uff1a<\/span><\/span><\/td>\n<td><span style=\"vertical-align: inherit;\"><span style=\"vertical-align: inherit;\">4-20 mA, Impulso\/Frequ\u00eancia 2kHz(Predefini\u00e7\u00e3o), 5KHz(M\u00e1x.)<\/span><\/span><\/td>\n<\/tr>\n<tr>\n<td><span style=\"vertical-align: inherit;\"><span style=\"vertical-align: inherit;\">Local de origem\uff1a<\/span><\/span><\/td>\n<td><span style=\"vertical-align: inherit;\"><span style=\"vertical-align: inherit;\">Jiangsu\uff0cChina<\/span><\/span><\/td>\n<td><span style=\"vertical-align: inherit;\"><span style=\"vertical-align: inherit;\">Incorporar tipo\uff1a<\/span><\/span><\/td>\n<td><span style=\"vertical-align: inherit;\"><span style=\"vertical-align: inherit;\">-10\u2103- +57\u2103<\/span><\/span><\/td>\n<\/tr>\n<tr>\n<td><span style=\"vertical-align: inherit;\"><span style=\"vertical-align: inherit;\">Garantia\uff1a<\/span><\/span><\/td>\n<td><span style=\"vertical-align: inherit;\"><span style=\"vertical-align: inherit;\">16 meses<\/span><\/span><\/td>\n<td><span style=\"vertical-align: inherit;\"><span style=\"vertical-align: inherit;\">Tens\u00e3o de alimenta\u00e7\u00e3o\uff1a<\/span><\/span><\/td>\n<td><span style=\"vertical-align: inherit;\"><span style=\"vertical-align: inherit;\">110\/220VAC (100-240VAC), 50Hz\/60Hz; 24VDC\u00b110%<\/span><\/span><\/td>\n<\/tr>\n<tr>\n<td><span style=\"vertical-align: inherit;\"><span style=\"vertical-align: inherit;\">Suporte personalizado\uff1a<\/span><\/span><\/td>\n<td><span style=\"vertical-align: inherit;\"><span style=\"vertical-align: inherit;\">OEM, ODM, OBM<\/span><\/span><\/td>\n<td><span style=\"vertical-align: inherit;\"><span style=\"vertical-align: inherit;\">Comunica\u00e7\u00e3o digital\uff1a<\/span><\/span><\/td>\n<td><span style=\"vertical-align: inherit;\"><span style=\"vertical-align: inherit;\">RS-485, suporta o protocolo padr\u00e3o Mudbugs-RTU; GPRS<\/span><\/span><\/td>\n<\/tr>\n<tr>\n<td><span style=\"vertical-align: inherit;\"><span style=\"vertical-align: inherit;\">Nome da marca\uff1a<\/span><\/span><\/td>\n<td><span style=\"vertical-align: inherit;\"><span style=\"vertical-align: inherit;\">GRUPO SUYI<\/span><\/span><\/td>\n<td><span style=\"vertical-align: inherit;\"><span style=\"vertical-align: inherit;\">Press\u00e3o nominal\uff1a<\/span><\/span><\/td>\n<td><span style=\"vertical-align: inherit;\"><span style=\"vertical-align: inherit;\">1MPa (DN15-DN800), 1,6MPa (DN15-DN800), 2,5MPa (DN15-DN600)<\/span><\/span><\/td>\n<\/tr>\n<tr>\n<td><span style=\"vertical-align: inherit;\"><span style=\"vertical-align: inherit;\">N\u00famero do modelo\uff1a<\/span><\/span><\/td>\n<td><span style=\"vertical-align: inherit;\"><span style=\"vertical-align: inherit;\">outros<\/span><\/span><\/td>\n<td><span style=\"vertical-align: inherit;\"><span style=\"vertical-align: inherit;\">Sensor\uff1a<\/span><\/span><\/td>\n<td><span style=\"vertical-align: inherit;\"><span style=\"vertical-align: inherit;\">0\u2103- +80\u2103 ou -25\u2103- +120\u2103 ou +70\u2103- +250\u2103<\/span><\/span><\/td>\n<\/tr>\n<tr>\n<td><span style=\"vertical-align: inherit;\"><span style=\"vertical-align: inherit;\">Nome do produto\uff1a<\/span><\/span><\/td>\n<td><span style=\"vertical-align: inherit;\"><span style=\"vertical-align: inherit;\">Medidor de caudal de \u00e1gua qu\u00edmica digital inteligente eletromagn\u00e9tico<\/span><\/span><\/td>\n<td><span style=\"vertical-align: inherit;\"><span style=\"vertical-align: inherit;\">Detalhes da embalagem\uff1a<\/span><\/span><\/td>\n<td><span style=\"vertical-align: inherit;\"><span style=\"vertical-align: inherit;\">1 conjunto por embalagem ou conforme o pedido do cliente<\/span><\/span><\/td>\n<\/tr>\n<tr>\n<td><span style=\"vertical-align: inherit;\"><span style=\"vertical-align: inherit;\">Di\u00e2metro nominal\uff1a<\/span><\/span><\/td>\n<td><span style=\"vertical-align: inherit;\"><span style=\"vertical-align: inherit;\">3-2787mm<\/span><\/span><\/td>\n<td><span style=\"vertical-align: inherit;\"><span style=\"vertical-align: inherit;\">Capacidade de fornecimento\uff1a<\/span><\/span><\/td>\n<td><span style=\"vertical-align: inherit;\"><span style=\"vertical-align: inherit;\">1561 Set\/Sets per Month<\/span><\/span><\/td>\n<\/tr>\n<tr>\n<td><span style=\"vertical-align: inherit;\"><span style=\"vertical-align: inherit;\">gama de velocidades\uff1a<\/span><\/span><\/td>\n<td><span style=\"vertical-align: inherit;\"><span style=\"vertical-align: inherit;\">0-8m\/s<\/span><\/span><\/td>\n<td><span style=\"vertical-align: inherit;\"><span style=\"vertical-align: inherit;\">Quantidade (conjuntos)\uff1a<\/span><\/span><\/td>\n<td><span style=\"vertical-align: inherit;\"><span style=\"vertical-align: inherit;\">&gt; 30<\/span><\/span><\/td>\n<\/tr>\n<tr>\n<td><span style=\"vertical-align: inherit;\"><span style=\"vertical-align: inherit;\">Grau de precis\u00e3o\uff1a<\/span><\/span><\/td>\n<td><span style=\"vertical-align: inherit;\"><span style=\"vertical-align: inherit;\">\u00b10,5%R, \u00b11%R ( &lt; DN20)<\/span><\/span><\/td>\n<td><span style=\"vertical-align: inherit;\"><span style=\"vertical-align: inherit;\">Prazo de execu\u00e7\u00e3o (dias)\uff1a<\/span><\/span><\/td>\n<td><span style=\"vertical-align: inherit;\"><span style=\"vertical-align: inherit;\">A ser negociado<\/span><\/span><\/td>\n<\/tr>\n<\/tbody>\n<\/table>\n<p>&nbsp;<\/p>\n<p>&nbsp;<\/p>\n<p style=\"text-align: center;\"><img title=\"apex flow meter\" src=\"https:\/\/www.hginstrument.com\/wp-content\/uploads\/2021\/07\/in-line-pipeline-type-hgd-electromagnetic-flow-meter.jpg\" \/><\/p>\n<p>&nbsp;<\/p>\n<p>&nbsp;<\/p>\n<p style=\"text-align: center;\"><img title=\"apex flow meter\" src=\"https:\/\/www.hginstrument.com\/wp-content\/uploads\/2021\/07\/insertion-01.jpg\" \/><\/p>\n<p>&nbsp;<\/p>\n<p>&nbsp;<\/p>\n<p style=\"text-align: center;\"><img title=\"apex flow meter\" src=\"https:\/\/www.hginstrument.com\/wp-content\/uploads\/2021\/07\/sanitary-mag-1.jpg\" \/><\/p>\n<p><strong>apex flow meter FAQs Guide.<\/strong><\/p>\n<p>At the heart of our apex flow meter series lies a commitment to excellence, blending advanced sensor technology with user-friendly interfaces. From liquid to gas, our meters deliver unparalleled accuracy, empowering you to make informed decisions and streamline operations. As we usher in a new era of fluid measurement, we invite you to explore the limitless possibilities that our apex flow meters unlock \u2013 where precision meets performance, and innovation flows seamlessly.<\/p>\n<div style=\"border: 3px solid #f89900; margin: 20px 0; padding: 20px;\"><a href=\"\/pt\/apex-flow-meter\/#01\">1.Does the apex flow meter have an automatic alarm function?<\/a><br \/>\n<a href=\"\/pt\/apex-flow-meter\/#02\">2.Does the explosion-proof performance of apex flow meter meet relevant standards?<\/a><br \/>\n<a href=\"\/pt\/apex-flow-meter\/#03\">3.Is the apex flow meter waterproof?<\/a><br \/>\n<a href=\"\/pt\/apex-flow-meter\/#04\">4.How does the apex flow meter connect with other devices and transmit data?<\/a><br \/>\n<a href=\"\/pt\/apex-flow-meter\/#05\">5.Does apex flow meter have real-time monitoring function?<\/a><br \/>\n<a href=\"\/pt\/apex-flow-meter\/#06\">6.About the development history of apex flow meter factory<\/a><br \/>\n<a href=\"\/pt\/apex-flow-meter\/#07\">7.About apex flow meter payment method<\/a><br \/>\n<a href=\"\/pt\/apex-flow-meter\/#08\">8.About apex flow meter R&amp;D capabilities<\/a><br \/>\n<a href=\"\/pt\/apex-flow-meter\/#09\">9.About apex flow meter production capacity<\/a><br \/>\n<a href=\"\/pt\/apex-flow-meter\/#010\">10.What fluids are apex flow meters mainly used for measuring?<\/a><br \/>\n<a href=\"\/pt\/apex-flow-meter\/#11\">11.What are the common types of apex flow meters?<\/a><br \/>\n<a href=\"\/pt\/apex-flow-meter\/#12\">12.Does the apex flow meter have multi-language display capabilities?<\/a><br \/>\n<a href=\"\/pt\/apex-flow-meter\/#13\">13.Does the apex flow meter have data storage capabilities?<\/a><br \/>\n<a href=\"\/pt\/apex-flow-meter\/#14\">14.About apex flow meter technology<\/a><br \/>\n<a href=\"\/pt\/apex-flow-meter\/#15\">15.What is the main principle of apex flow meter?<\/a><br \/>\n<a href=\"\/pt\/apex-flow-meter\/#16\">16.What are the maintenance methods for apex flow meter?<\/a><\/div>\n<div id=\"01\">\n<p><strong>1.Does the apex flow meter have an automatic alarm function?<\/strong><\/p>\n<p>Aderimos ao princ\u00edpio da qualidade em primeiro lugar e temos um sistema completo de gest\u00e3o da qualidade da produ\u00e7\u00e3o e um processo de inspe\u00e7\u00e3o da qualidade.<br \/>\nMuitos medidores de caudal t\u00eam uma fun\u00e7\u00e3o de alarme autom\u00e1tico, mas isso depende do modelo espec\u00edfico. \u00c9 melhor verificar as especifica\u00e7\u00f5es do produto para determinar se o medidor de caudal que est\u00e1 a considerar tem esta fun\u00e7\u00e3o.<\/p>\n<\/div>\n<div id=\"02\">\n<p><strong>2.Does the explosion-proof performance of apex flow meter meet relevant standards?<\/strong><\/p>\n<p>Sim, o desempenho \u00e0 prova de explos\u00e3o do medidor de caudal cumpre as normas relevantes. O medidor de caudal deve ser certificado por um organismo de certifica\u00e7\u00e3o reconhecido para garantir que cumpre os requisitos das normas relevantes.<\/p>\n<p><img style=\"max-width: 100%;\" title=\"Does the explosion-proof performance of apex flow meter meet relevant standards?\" src=\"https:\/\/www.hginstrument.com\/wp-content\/uploads\/2021\/07\/v-cone-5.jpg\" alt=\"Does the explosion-proof performance of apex flow meter meet relevant standards?\" \/><\/p>\n<\/div>\n<div id=\"03\">\n<p><strong>3.Is the apex flow meter waterproof?<\/strong><\/p>\n<p>Concentramo-nos nas necessidades dos nossos clientes e esfor\u00e7amo-nos por satisfazer as suas expectativas, pelo que levamos isto muito a s\u00e9rio.<br \/>\nN\u00e3o, a maioria dos medidores de caudal n\u00e3o s\u00e3o \u00e0 prova de \u00e1gua. No entanto, alguns modelos podem ser concebidos para serem resistentes \u00e0 \u00e1gua ou \u00e0 prova de \u00e1gua. \u00c9 importante verificar as especifica\u00e7\u00f5es do medidor de caudal para determinar se \u00e9 adequado para utiliza\u00e7\u00e3o em ambientes h\u00famidos ou molhados.<\/p>\n<\/div>\n<div id=\"04\">\n<p><strong>4.How does the apex flow meter connect with other devices and transmit data?<\/strong><\/p>\n<p>apex flow meter is not a product only, but also can help you comes to money-making.<br \/>\nOs medidores de caudal podem ligar-se a outros dispositivos e transmitir dados atrav\u00e9s de uma variedade de m\u00e9todos, incluindo liga\u00e7\u00f5es com fios, liga\u00e7\u00f5es sem fios e protocolos de comunica\u00e7\u00e3o em s\u00e9rie. As liga\u00e7\u00f5es com fios podem incluir RS-232, RS-485 e USB. As liga\u00e7\u00f5es sem fios podem incluir Bluetooth, Wi-Fi e redes celulares. Os protocolos de comunica\u00e7\u00e3o em s\u00e9rie podem incluir Modbus, HART e Profibus.<\/p>\n<p><img style=\"max-width: 100%;\" title=\"How does the apex flow meter connect with other devices and transmit data?\" src=\"https:\/\/www.hginstrument.com\/wp-content\/uploads\/2021\/07\/dsrt-1.jpg\" alt=\"How does the apex flow meter connect with other devices and transmit data?\" \/><\/p>\n<\/div>\n<div id=\"05\">\n<p><strong>5.Does apex flow meter have real-time monitoring function?<\/strong><\/p>\n<p>Sim, alguns medidores de caudal t\u00eam fun\u00e7\u00f5es de monitoriza\u00e7\u00e3o em tempo real. Estes medidores est\u00e3o normalmente equipados com sensores que medem o caudal e transmitem os dados para um sistema de monitoriza\u00e7\u00e3o. Isto permite a monitoriza\u00e7\u00e3o em tempo real do caudal e de outros par\u00e2metros.<\/p>\n<\/div>\n<div id=\"06\">\n<p><strong>6.About the development history of apex flow meter factory<\/strong><\/p>\n<p>A f\u00e1brica de medidores de caudal foi criada no in\u00edcio da d\u00e9cada de 1990. Foi fundada por um grupo de engenheiros e t\u00e9cnicos com uma vasta experi\u00eancia na conce\u00e7\u00e3o e fabrico de medidores de caudal. A empresa concentrou-se inicialmente na produ\u00e7\u00e3o de medidores de caudal mec\u00e2nicos, mas depressa expandiu a sua gama de produtos para incluir medidores de caudal electr\u00f3nicos. Ao longo dos anos, a empresa desenvolveu uma vasta gama de medidores de caudal para v\u00e1rias aplica\u00e7\u00f5es, incluindo industriais, comerciais e residenciais. A empresa tamb\u00e9m desenvolveu uma gama de solu\u00e7\u00f5es de software e hardware para medi\u00e7\u00e3o e controlo de caudal. Atualmente, a empresa \u00e9 um dos principais fabricantes de medidores de caudal e produtos relacionados, sendo reconhecida como l\u00edder no sector.<\/p>\n<p><img style=\"max-width: 100%;\" title=\"About the development history of apex flow meter factory\" src=\"https:\/\/www.hginstrument.com\/wp-content\/uploads\/2021\/07\/hgdu600-p-1.jpg\" alt=\"About the development history of apex flow meter factory\" \/><\/p>\n<\/div>\n<div id=\"07\">\n<p><strong>7.About apex flow meter payment method<\/strong><\/p>\n<p>O pagamento com caudal\u00edmetro \u00e9 um m\u00e9todo de pagamento que utiliza um caudal\u00edmetro para medir a quantidade de energia utilizada por um cliente. O cliente paga a energia utilizada com base na quantidade de energia medida pelo medidor de caudal. Este m\u00e9todo de pagamento \u00e9 frequentemente utilizado em ambientes comerciais e industriais, onde o consumo de energia \u00e9 elevado e precisa de ser controlado com precis\u00e3o. O pagamento por caudal\u00edmetro tamb\u00e9m \u00e9 utilizado em alguns contextos residenciais, onde os clientes podem pagar a sua utiliza\u00e7\u00e3o de energia com base na quantidade de energia que utilizam.<\/p>\n<\/div>\n<div id=\"08\">\n<p><strong>8.About apex flow meter R&amp;D capabilities<\/strong><\/p>\n<p>As capacidades de I&amp;D de caudal\u00edmetros referem-se \u00e0 capacidade de uma empresa ou organiza\u00e7\u00e3o para investigar, desenvolver e fabricar caudal\u00edmetros. Isto inclui a capacidade de conceber, testar e fabricar caudal\u00edmetros que satisfa\u00e7am os requisitos dos clientes e as normas da ind\u00fastria. Inclui tamb\u00e9m a capacidade de desenvolver novas tecnologias e produtos para satisfazer as necessidades em constante mudan\u00e7a da ind\u00fastria. As empresas com fortes capacidades de I&amp;D s\u00e3o capazes de se manter \u00e0 frente da concorr\u00eancia e fornecer aos clientes os caudal\u00edmetros mais avan\u00e7ados e fi\u00e1veis.<\/p>\n<p><img style=\"max-width: 100%;\" title=\"About apex flow meter R&amp;D capabilities\" src=\"https:\/\/www.hginstrument.com\/wp-content\/uploads\/2021\/10\/w803e-f3.jpg\" alt=\"About apex flow meter R&amp;D capabilities\" \/><\/p>\n<\/div>\n<div id=\"09\">\n<p><strong>9.About apex flow meter production capacity<\/strong><\/p>\n<p>A capacidade de produ\u00e7\u00e3o de medidores de caudal depende do tipo de medidor de caudal que est\u00e1 a ser produzido. Geralmente, a capacidade de produ\u00e7\u00e3o \u00e9 determinada pela dimens\u00e3o da instala\u00e7\u00e3o de produ\u00e7\u00e3o, pelo n\u00famero de m\u00e1quinas e pessoal dispon\u00edvel e pelo tipo de medidor de caudal que est\u00e1 a ser produzido. Por exemplo, uma instala\u00e7\u00e3o de produ\u00e7\u00e3o especializada na produ\u00e7\u00e3o de caudal\u00edmetros de turbina pode ter uma capacidade de produ\u00e7\u00e3o superior \u00e0 de uma instala\u00e7\u00e3o que produz caudal\u00edmetros ultra-s\u00f3nicos. Al\u00e9m disso, a capacidade de produ\u00e7\u00e3o de uma instala\u00e7\u00e3o pode ser afetada pela complexidade do medidor de caudal que est\u00e1 a ser produzido, bem como pela disponibilidade de mat\u00e9rias-primas e componentes.<\/p>\n<\/div>\n<div id=\"010\">\n<p><strong>10.What fluids are apex flow meters mainly used for measuring?<\/strong><\/p>\n<p>Apostamos no trabalho de equipa e na comunica\u00e7\u00e3o para atingir objectivos comuns.<br \/>\nOs medidores de caudal s\u00e3o utilizados principalmente para medir o caudal de l\u00edquidos, gases e vapor.<\/p>\n<p><img style=\"max-width: 100%;\" title=\"What fluids are apex flow meters mainly used for measuring?\" src=\"https:\/\/www.hginstrument.com\/wp-content\/uploads\/2021\/07\/hgvf-1.jpg\" alt=\"What fluids are apex flow meters mainly used for measuring?\" \/><\/p>\n<\/div>\n<div id=\"11\">\n<p><strong>11.What are the common types of apex flow meters?<\/strong><\/p>\n<p>Our mission is to provide customers with the best solutions for apex flow meter.<br \/>\n1. Medidores de caudal de press\u00e3o diferencial<br \/>\n2. Medidores de caudal de deslocamento positivo<br \/>\n3. Medidores de caudal de turbina<br \/>\n4. Medidores de caudal magn\u00e9ticos<br \/>\n5. Medidores de caudal ultra-s\u00f3nicos<br \/>\n6. Medidores de caudal Coriolis<br \/>\n7. Medidores de caudal de v\u00f3rtice<br \/>\n8. Medidores de caudal alvo<br \/>\n9. Medidores de caudal de \u00e1rea vari\u00e1vel<br \/>\n10. Medidores de caudal m\u00e1ssico<\/p>\n<\/div>\n<div id=\"12\">\n<p><strong>12.Does the apex flow meter have multi-language display capabilities?<\/strong><\/p>\n<p>As one of the top apex flow meter manufacturers in China, we take this very seriously.<br \/>\nSim, alguns medidores de caudal t\u00eam capacidades de visualiza\u00e7\u00e3o em v\u00e1rios idiomas. No entanto, esta funcionalidade n\u00e3o est\u00e1 dispon\u00edvel em todos os modelos. \u00c9 melhor verificar com o fabricante para ver se o modelo espec\u00edfico em que est\u00e1 interessado tem esta funcionalidade.<\/p>\n<p><img style=\"max-width: 100%;\" title=\"Does the apex flow meter have multi-language display capabilities?\" src=\"https:\/\/www.hginstrument.com\/wp-content\/uploads\/2021\/07\/hls-2000h-m2.jpg\" alt=\"Does the apex flow meter have multi-language display capabilities?\" \/><\/p>\n<\/div>\n<div id=\"13\">\n<p><strong>13.Does the apex flow meter have data storage capabilities?<\/strong><\/p>\n<p>Concentramo-nos na inova\u00e7\u00e3o e na melhoria cont\u00ednua para manter uma vantagem competitiva.<br \/>\nDepende do tipo de caudal\u00edmetro. Alguns caudal\u00edmetros t\u00eam capacidades de armazenamento de dados, enquanto outros n\u00e3o.<\/p>\n<\/div>\n<div id=\"14\">\n<p><strong>14.About apex flow meter technology<\/strong><\/p>\n<p>A tecnologia de medidores de caudal \u00e9 um tipo de tecnologia de medi\u00e7\u00e3o utilizada para medir o caudal de um fluido ou g\u00e1s. \u00c9 utilizada numa variedade de ind\u00fastrias, incluindo petr\u00f3leo e g\u00e1s, \u00e1gua e \u00e1guas residuais, e processamento qu\u00edmico. Os medidores de caudal medem o caudal de um fluido ou g\u00e1s atrav\u00e9s da medi\u00e7\u00e3o da press\u00e3o, velocidade ou outras propriedades f\u00edsicas do fluido ou g\u00e1s. Os medidores de caudal podem ser utilizados para medir o caudal de l\u00edquidos, gases e vapor. S\u00e3o utilizados para medir o caudal de uma variedade de fluidos, incluindo \u00e1gua, \u00f3leo e produtos qu\u00edmicos. Os medidores de caudal s\u00e3o utilizados numa variedade de aplica\u00e7\u00f5es, incluindo o controlo de processos, a gest\u00e3o de energia e a monitoriza\u00e7\u00e3o da seguran\u00e7a.<\/p>\n<p><img style=\"max-width: 100%;\" title=\"About apex flow meter technology\" src=\"https:\/\/www.hginstrument.com\/wp-content\/uploads\/2021\/07\/hguoc-1.jpg\" alt=\"About apex flow meter technology\" \/><\/p>\n<\/div>\n<div id=\"15\">\n<p><strong>15.What is the main principle of apex flow meter?<\/strong><\/p>\n<p>Our apex flow meter products undergo strict quality control to ensure customer satisfaction.<br \/>\nO princ\u00edpio principal de um medidor de caudal \u00e9 medir o caudal de um fluido ou g\u00e1s atrav\u00e9s de um tubo ou outro recipiente. Normalmente, isto \u00e9 feito medindo a queda de press\u00e3o atrav\u00e9s de uma restri\u00e7\u00e3o conhecida no tubo, ou medindo a velocidade do fluido ou g\u00e1s \u00e0 medida que passa pelo tubo.<\/p>\n<\/div>\n<div id=\"16\">\n<p><strong>16.What are the maintenance methods for apex flow meter?<\/strong><\/p>\n<p>Concentramo-nos na inova\u00e7\u00e3o e na melhoria cont\u00ednua para manter uma vantagem competitiva.<br \/>\n1. Verificar regularmente se o medidor de caudal apresenta sinais de desgaste ou danos.<\/p>\n<p>2. Limpe o medidor de caudal regularmente para garantir leituras precisas.<\/p>\n<p>3. Verificar a precis\u00e3o do medidor de caudal atrav\u00e9s de ensaios de calibra\u00e7\u00e3o.<\/p>\n<p>4. Substituir o mais rapidamente poss\u00edvel as pe\u00e7as gastas ou danificadas.<\/p>\n<p>5. Certifique-se de que o medidor de caudal est\u00e1 corretamente instalado e ligado ao sistema.<\/p>\n<p>6. Verificar se o medidor de caudal apresenta sinais de corros\u00e3o ou de bloqueio.<\/p>\n<p>7. Certifique-se de que o medidor de caudal est\u00e1 devidamente vedado para evitar fugas.<\/p>\n<p>8. Verificar regularmente se o medidor de caudal apresenta sinais de vibra\u00e7\u00e3o ou ru\u00eddo.<\/p>\n<p>9. Assegurar-se de que o medidor de caudal est\u00e1 corretamente calibrado e ajustado.<\/p>\n<p>10. Verificar regularmente se o medidor de caudal apresenta sinais de fuga ou de obstru\u00e7\u00e3o.<\/p>\n<p><img style=\"max-width: 100%;\" title=\"What are the maintenance methods for apex flow meter?\" src=\"https:\/\/www.hginstrument.com\/wp-content\/uploads\/2021\/07\/sanitary-mag-1.jpg\" alt=\"What are the maintenance methods for apex flow meter?\" \/><\/p>\n<\/div>\n<p>&nbsp;<\/p>\n<p>Etiqueta\uff1a<a href=\"\/pt\/magnetic-flow-meter\/elster-flow-meter\/\">medidor de caudal elster<\/a>,<a href=\"\/pt\/magnetic-flow-meter\/dura-mag-flow-meter\/\">caudal\u00edmetro dura mag<\/a>,<a href=\"\/pt\/magnetic-flow-meter\/air-flow-meter-cfm\/\">caudal\u00edmetro de ar cfm<\/a>,<a href=\"\/pt\/magnetic-flow-meter\/inline-flow-meter-for-water\/\">medidor de caudal em linha para \u00e1gua<\/a>,<a href=\"\/pt\/magnetic-flow-meter\/glycol-flow-meter\/\">medidor de caudal de glicol<\/a><\/p>\n<p>&nbsp;<\/p>","protected":false},"excerpt":{"rendered":"<p><strong>Dados t\u00e9cnicos<\/strong><br \/>\nPode servir fluidos l\u00edquidos ou gasosos, sendo normalmente utilizado para medir o caudal de vapor, vapor, ar e g\u00e1s natural.<br \/>\nTamanho do contador: Tipo em linha: DN25 - DN300<br \/>\nOp\u00e7\u00e3o de material h\u00famido: SS304, SS316<br \/>\nTemperatura de funcionamento: \u2264250\u2103<br \/>\nLiga\u00e7\u00e3o ao processo: Wafer \/ Flange \/ Tri-clamp para o tipo In-line<br \/>\nPrecis\u00e3o de medi\u00e7\u00e3o: 1,0 % - 1,5% do intervalo de calibra\u00e7\u00e3o<br \/>\nIndicador digital: apresenta o caudal instant\u00e2neo e o caudal total<br \/>\nFonte de alimenta\u00e7\u00e3o: 24VDC, Sa\u00edda: 4-20mA<\/p>\n<p><strong>caracter\u00edsticas<\/strong><br \/>\n1. pontos de regula\u00e7\u00e3o ON\/OFF ajust\u00e1veis<br \/>\n2. modo de alarme de caudal alto ou baixo<br \/>\n3. tempo de atraso ajust\u00e1vel<br \/>\n4. LED de estado do rel\u00e9<\/p>","protected":false},"featured_media":3691,"comment_status":"closed","ping_status":"closed","template":"","meta":[],"product_cat":[2372],"product_tag":[],"acf":[],"_links":{"self":[{"href":"https:\/\/www.hginstrument.com\/pt\/wp-json\/wp\/v2\/product\/4950"}],"collection":[{"href":"https:\/\/www.hginstrument.com\/pt\/wp-json\/wp\/v2\/product"}],"about":[{"href":"https:\/\/www.hginstrument.com\/pt\/wp-json\/wp\/v2\/types\/product"}],"replies":[{"embeddable":true,"href":"https:\/\/www.hginstrument.com\/pt\/wp-json\/wp\/v2\/comments?post=4950"}],"wp:featuredmedia":[{"embeddable":true,"href":"https:\/\/www.hginstrument.com\/pt\/wp-json\/wp\/v2\/media\/3691"}],"wp:attachment":[{"href":"https:\/\/www.hginstrument.com\/pt\/wp-json\/wp\/v2\/media?parent=4950"}],"wp:term":[{"taxonomy":"product_cat","embeddable":true,"href":"https:\/\/www.hginstrument.com\/pt\/wp-json\/wp\/v2\/product_cat?post=4950"},{"taxonomy":"product_tag","embeddable":true,"href":"https:\/\/www.hginstrument.com\/pt\/wp-json\/wp\/v2\/product_tag?post=4950"}],"curies":[{"name":"wp","href":"https:\/\/api.w.org\/{rel}","templated":true}]}}