{"id":4958,"date":"2023-12-23T13:00:54","date_gmt":"2023-12-23T05:00:54","guid":{"rendered":"https:\/\/www.hginstrument.com\/?post_type=product&#038;p=4958"},"modified":"2023-12-23T13:03:02","modified_gmt":"2023-12-23T05:03:02","slug":"argon-flow-meter-for-tig-welding","status":"publish","type":"product","link":"https:\/\/www.hginstrument.com\/pt\/magnetic-flow-meter\/argon-flow-meter-for-tig-welding\/","title":{"rendered":"medidor de fluxo de \u00e1rgon para soldadura tig"},"content":{"rendered":"<p>argon flow meter for tig welding is a precise and reliable technology used to measure the flow rate of a fluid. It accurately measures the volume, mass or velocity of the fluid passing through a specific point in a given period of time. argon flow meter for tig welding is designed with advanced features such as a high-resolution display, digital signal processing, and real-time data logging. <\/p>\n<p>argon flow meter for tig welding is an advanced flow measurement device designed to accurately measure and monitor the flow of various liquids and gases. With its cutting-edge technology and reliable performance, it has become the solution of choice in oil and gas, chemical processing, HVAC systems, water treatment and many other industries.<\/p>\n<p>Our argon flow meter for tig welding utilizes a state-of-the-art flow sensing technology that provides precise measurements with exceptional accuracy. It can accurately measure the flow rate of liquids and gases with flow rates ranging from 0.8 to 5481 m3\/h. This high level of accuracy makes it an ideal solution for critical applications that require precise flow measurement.<\/p>\n<p>&nbsp;<\/p>\n<table class=\"table table-bordered\">\n<tbody>\n<tr>\n<td><span style=\"vertical-align: inherit;\"><span style=\"vertical-align: inherit;\">Tipo\uff1a<\/span><\/span><\/td>\n<td><span style=\"vertical-align: inherit;\">medidor de fluxo de \u00e1rgon para soldadura tig<\/span><\/td>\n<td><span style=\"vertical-align: inherit;\"><span style=\"vertical-align: inherit;\">Sinal de sa\u00edda\uff1a<\/span><\/span><\/td>\n<td><span style=\"vertical-align: inherit;\"><span style=\"vertical-align: inherit;\">4-29mA, Impulso\/Frequ\u00eancia 2kHz(Predefini\u00e7\u00e3o), 5KHz(M\u00e1x.)<\/span><\/span><\/td>\n<\/tr>\n<tr>\n<td><span style=\"vertical-align: inherit;\"><span style=\"vertical-align: inherit;\">Local de origem\uff1a<\/span><\/span><\/td>\n<td><span style=\"vertical-align: inherit;\"><span style=\"vertical-align: inherit;\">Jiangsu\uff0cChina<\/span><\/span><\/td>\n<td><span style=\"vertical-align: inherit;\"><span style=\"vertical-align: inherit;\">Incorporar tipo\uff1a<\/span><\/span><\/td>\n<td><span style=\"vertical-align: inherit;\"><span style=\"vertical-align: inherit;\">-10\u2103- +53\u2103<\/span><\/span><\/td>\n<\/tr>\n<tr>\n<td><span style=\"vertical-align: inherit;\"><span style=\"vertical-align: inherit;\">Garantia\uff1a<\/span><\/span><\/td>\n<td><span style=\"vertical-align: inherit;\"><span style=\"vertical-align: inherit;\">24 meses<\/span><\/span><\/td>\n<td><span style=\"vertical-align: inherit;\"><span style=\"vertical-align: inherit;\">Tens\u00e3o de alimenta\u00e7\u00e3o\uff1a<\/span><\/span><\/td>\n<td><span style=\"vertical-align: inherit;\"><span style=\"vertical-align: inherit;\">110\/220VAC (100-240VAC), 50Hz\/60Hz; 24VDC\u00b110%<\/span><\/span><\/td>\n<\/tr>\n<tr>\n<td><span style=\"vertical-align: inherit;\"><span style=\"vertical-align: inherit;\">Suporte personalizado\uff1a<\/span><\/span><\/td>\n<td><span style=\"vertical-align: inherit;\"><span style=\"vertical-align: inherit;\">OEM, ODM, OBM<\/span><\/span><\/td>\n<td><span style=\"vertical-align: inherit;\"><span style=\"vertical-align: inherit;\">Comunica\u00e7\u00e3o digital\uff1a<\/span><\/span><\/td>\n<td><span style=\"vertical-align: inherit;\"><span style=\"vertical-align: inherit;\">RS-485, suporta o protocolo padr\u00e3o Mudbugs-RTU; GPRS<\/span><\/span><\/td>\n<\/tr>\n<tr>\n<td><span style=\"vertical-align: inherit;\"><span style=\"vertical-align: inherit;\">Nome da marca\uff1a<\/span><\/span><\/td>\n<td><span style=\"vertical-align: inherit;\"><span style=\"vertical-align: inherit;\">GRUPO SUYI<\/span><\/span><\/td>\n<td><span style=\"vertical-align: inherit;\"><span style=\"vertical-align: inherit;\">Press\u00e3o nominal\uff1a<\/span><\/span><\/td>\n<td><span style=\"vertical-align: inherit;\"><span style=\"vertical-align: inherit;\">1MPa (DN15-DN800), 1,6MPa (DN15-DN800), 2,5MPa (DN15-DN600)<\/span><\/span><\/td>\n<\/tr>\n<tr>\n<td><span style=\"vertical-align: inherit;\"><span style=\"vertical-align: inherit;\">N\u00famero do modelo\uff1a<\/span><\/span><\/td>\n<td><span style=\"vertical-align: inherit;\"><span style=\"vertical-align: inherit;\">outros<\/span><\/span><\/td>\n<td><span style=\"vertical-align: inherit;\"><span style=\"vertical-align: inherit;\">Sensor\uff1a<\/span><\/span><\/td>\n<td><span style=\"vertical-align: inherit;\"><span style=\"vertical-align: inherit;\">0\u2103- +80\u2103 ou -25\u2103- +120\u2103 ou +70\u2103- +250\u2103<\/span><\/span><\/td>\n<\/tr>\n<tr>\n<td><span style=\"vertical-align: inherit;\"><span style=\"vertical-align: inherit;\">Nome do produto\uff1a<\/span><\/span><\/td>\n<td><span style=\"vertical-align: inherit;\"><span style=\"vertical-align: inherit;\">Medidor de caudal de \u00e1gua qu\u00edmica digital inteligente eletromagn\u00e9tico<\/span><\/span><\/td>\n<td><span style=\"vertical-align: inherit;\"><span style=\"vertical-align: inherit;\">Detalhes da embalagem\uff1a<\/span><\/span><\/td>\n<td><span style=\"vertical-align: inherit;\"><span style=\"vertical-align: inherit;\">1 conjunto por embalagem ou conforme o pedido do cliente<\/span><\/span><\/td>\n<\/tr>\n<tr>\n<td><span style=\"vertical-align: inherit;\"><span style=\"vertical-align: inherit;\">Di\u00e2metro nominal\uff1a<\/span><\/span><\/td>\n<td><span style=\"vertical-align: inherit;\"><span style=\"vertical-align: inherit;\">3-3214mm<\/span><\/span><\/td>\n<td><span style=\"vertical-align: inherit;\"><span style=\"vertical-align: inherit;\">Capacidade de fornecimento\uff1a<\/span><\/span><\/td>\n<td><span style=\"vertical-align: inherit;\"><span style=\"vertical-align: inherit;\">1943 Set\/Sets per Month<\/span><\/span><\/td>\n<\/tr>\n<tr>\n<td><span style=\"vertical-align: inherit;\"><span style=\"vertical-align: inherit;\">gama de velocidades\uff1a<\/span><\/span><\/td>\n<td><span style=\"vertical-align: inherit;\"><span style=\"vertical-align: inherit;\">0-13m\/s<\/span><\/span><\/td>\n<td><span style=\"vertical-align: inherit;\"><span style=\"vertical-align: inherit;\">Quantidade (conjuntos)\uff1a<\/span><\/span><\/td>\n<td><span style=\"vertical-align: inherit;\"><span style=\"vertical-align: inherit;\">&gt; 30<\/span><\/span><\/td>\n<\/tr>\n<tr>\n<td><span style=\"vertical-align: inherit;\"><span style=\"vertical-align: inherit;\">Grau de precis\u00e3o\uff1a<\/span><\/span><\/td>\n<td><span style=\"vertical-align: inherit;\"><span style=\"vertical-align: inherit;\">\u00b10,5%R, \u00b11%R ( &lt; DN20)<\/span><\/span><\/td>\n<td><span style=\"vertical-align: inherit;\"><span style=\"vertical-align: inherit;\">Prazo de execu\u00e7\u00e3o (dias)\uff1a<\/span><\/span><\/td>\n<td><span style=\"vertical-align: inherit;\"><span style=\"vertical-align: inherit;\">A ser negociado<\/span><\/span><\/td>\n<\/tr>\n<\/tbody>\n<\/table>\n<p>&nbsp;<\/p>\n<p><strong><\/strong><\/p>\n<p style=\"text-align:center;\"><img src=\"https:\/\/www.hginstrument.com\/wp-content\/uploads\/2021\/07\/in-line-pipeline-type-hgd-electromagnetic-flow-meter.jpg\" atl=\"argon flow meter for tig welding\" title=\"medidor de fluxo de \u00e1rgon para soldadura tig\"><\/p>\n<p><strong><\/strong><\/p>\n<p style=\"text-align:center;\"><img src=\"https:\/\/www.hginstrument.com\/wp-content\/uploads\/2021\/07\/insertion-01.jpg\" atl=\"argon flow meter for tig welding\" title=\"medidor de fluxo de \u00e1rgon para soldadura tig\"><\/p>\n<p><strong><\/strong><\/p>\n<p style=\"text-align:center;\"><img src=\"https:\/\/www.hginstrument.com\/wp-content\/uploads\/2021\/07\/sanitary-mag-1.jpg\" atl=\"argon flow meter for tig welding\" title=\"medidor de fluxo de \u00e1rgon para soldadura tig\"><\/p>\n<p><strong>argon flow meter for tig welding FAQs Guide.<\/p>\n<p>At the heart of our argon flow meter for tig welding series lies a commitment to excellence, blending advanced sensor technology with user-friendly interfaces. From liquid to gas, our meters deliver unparalleled accuracy, empowering you to make informed decisions and streamline operations. As we usher in a new era of fluid measurement, we invite you to explore the limitless possibilities that our argon flow meter for tig weldings unlock \u2013 where precision meets performance, and innovation flows seamlessly.<\/strong><\/p>\n<div style=\"border:3px solid #f89900;margin:20px 0;padding:20px;\"><a href=\"\/pt\/argon-flow-meter-for-tig-welding\/#01\">1.What is the function of argon flow meter for tig welding?<\/a><br \/><a href=\"\/pt\/argon-flow-meter-for-tig-welding\/#02\">2.Does the argon flow meter for tig welding have multi-language display capabilities?<\/a><br \/><a href=\"\/pt\/argon-flow-meter-for-tig-welding\/#03\">3.Does the argon flow meter for tig welding require an external power source?<\/a><br \/><a href=\"\/pt\/argon-flow-meter-for-tig-welding\/#04\">4.About argon flow meter for tig welding quality system<\/a><br \/><a href=\"\/pt\/argon-flow-meter-for-tig-welding\/#05\">5.Does the argon flow meter for tig welding have a function to prevent misuse?<\/a><br \/><a href=\"\/pt\/argon-flow-meter-for-tig-welding\/#06\">6.About argon flow meter for tig welding inventory<\/a><br \/><a href=\"\/pt\/argon-flow-meter-for-tig-welding\/#07\">7.Does the explosion-proof performance of argon flow meter for tig welding meet relevant standards?<\/a><br \/><a href=\"\/pt\/argon-flow-meter-for-tig-welding\/#08\">8.How to calibrate a argon flow meter for tig welding?<\/a><br \/><a href=\"\/pt\/argon-flow-meter-for-tig-welding\/#09\">9.About argon flow meter for tig welding delivery date<\/a><br \/><a href=\"\/pt\/argon-flow-meter-for-tig-welding\/#010\">10.About argon flow meter for tig welding payment method<\/a><br \/><a href=\"\/pt\/argon-flow-meter-for-tig-welding\/#11\">11.About argon flow meter for tig welding production skills training<\/a><br \/><a href=\"\/pt\/argon-flow-meter-for-tig-welding\/#12\">12.About argon flow meter for tig welding technology<\/a><br \/><a href=\"\/pt\/argon-flow-meter-for-tig-welding\/#13\">13.What is the response time of the argon flow meter for tig welding?<\/a><br \/><a href=\"\/pt\/argon-flow-meter-for-tig-welding\/#14\">14.Does the argon flow meter for tig welding have remote control capabilities?<\/a><\/div>\n<div name=\"01\" id=\"01\">\n<p><strong>1.What is the function of argon flow meter for tig welding?<\/strong><\/p>\n<p>Our company has many years of argon flow meter for tig welding experience and expertise.<br \/>\nUm medidor de caudal \u00e9 um dispositivo utilizado para medir o caudal ou a quantidade de um g\u00e1s ou l\u00edquido que se desloca atrav\u00e9s de um tubo. \u00c9 utilizado para medir o caudal de um l\u00edquido ou g\u00e1s numa conduta fechada. Os medidores de caudal s\u00e3o utilizados numa variedade de ind\u00fastrias, incluindo o tratamento de \u00e1gua e \u00e1guas residuais, petr\u00f3leo e g\u00e1s e processamento qu\u00edmico.<\/p>\n<\/div>\n<div name=\"02\" id=\"02\">\n<p><strong>2.Does the argon flow meter for tig welding have multi-language display capabilities?<\/strong><\/p>\n<p>As one of the top argon flow meter for tig welding manufacturers in China, we take this very seriously.<br \/>\nSim, alguns medidores de caudal t\u00eam capacidades de visualiza\u00e7\u00e3o em v\u00e1rios idiomas. No entanto, esta funcionalidade n\u00e3o est\u00e1 dispon\u00edvel em todos os modelos. \u00c9 melhor verificar com o fabricante para ver se o modelo espec\u00edfico em que est\u00e1 interessado tem esta funcionalidade.<\/p>\n<p><img src=\"https:\/\/www.hginstrument.com\/wp-content\/uploads\/2021\/07\/verabar-1.jpg\" alt=\"Does the argon flow meter for tig welding have multi-language display capabilities?\" title=\"Does the argon flow meter for tig welding have multi-language display capabilities?\" style=\"max-width: 100%;\"><\/div>\n<div name=\"03\" id=\"03\">\n<p><strong>3.Does the argon flow meter for tig welding require an external power source?<\/strong><\/p>\n<p>Aderimos ao princ\u00edpio da qualidade em primeiro lugar e temos um sistema completo de gest\u00e3o da qualidade da produ\u00e7\u00e3o e um processo de inspe\u00e7\u00e3o da qualidade.<br \/>\nDepende do tipo de medidor de caudal. Alguns caudal\u00edmetros s\u00e3o alimentados por uma fonte de energia externa, enquanto outros s\u00e3o alimentados pelo caudal do l\u00edquido ou g\u00e1s que est\u00e1 a ser medido.<\/p>\n<\/div>\n<div name=\"04\" id=\"04\">\n<p><strong>4.About argon flow meter for tig welding quality system<\/strong><\/p>\n<p>Um sistema de qualidade de medidores de caudal \u00e9 um conjunto de processos e procedimentos que s\u00e3o utilizados para garantir que os medidores de caudal s\u00e3o fabricados e testados de forma a cumprirem os mais elevados padr\u00f5es de precis\u00e3o e fiabilidade. O sistema inclui medidas de controlo de qualidade, como a inspe\u00e7\u00e3o do material recebido, a inspe\u00e7\u00e3o durante o processo e o teste do produto final. Inclui tamb\u00e9m documenta\u00e7\u00e3o e manuten\u00e7\u00e3o de registos para garantir que todos os processos s\u00e3o seguidos e que quaisquer problemas s\u00e3o tratados de forma r\u00e1pida e eficaz. O sistema foi concebido para garantir que os medidores de caudal produzidos s\u00e3o da mais elevada qualidade e cumprem os requisitos do cliente.<\/p>\n<p><img src=\"https:\/\/www.hginstrument.com\/wp-content\/uploads\/2021\/07\/wedge-1.jpg\" alt=\"About argon flow meter for tig welding quality system\" title=\"About argon flow meter for tig welding quality system\" style=\"max-width: 100%;\"><\/div>\n<div name=\"05\" id=\"05\">\n<p><strong>5.Does the argon flow meter for tig welding have a function to prevent misuse?<\/strong><\/p>\n<p>As one of the argon flow meter for tig welding market leaders, we are known for innovation and reliability.<br \/>\nA maioria dos medidores de vaz\u00e3o n\u00e3o tem uma fun\u00e7\u00e3o para evitar o uso indevido, mas alguns modelos podem ter recursos que podem ajudar a reduzir o risco de uso indevido. Por exemplo, alguns caudal\u00edmetros podem ter uma fun\u00e7\u00e3o de bloqueio que impede que utilizadores n\u00e3o autorizados alterem as defini\u00e7\u00f5es ou acedam aos dados. Al\u00e9m disso, alguns caudal\u00edmetros podem ter uma fun\u00e7\u00e3o de prote\u00e7\u00e3o por palavra-passe que exige que o utilizador introduza uma palavra-passe antes de poder aceder aos dados ou \u00e0s defini\u00e7\u00f5es.<\/p>\n<\/div>\n<div name=\"06\" id=\"06\">\n<p><strong>6.About argon flow meter for tig welding inventory<\/strong><\/p>\n<p>O invent\u00e1rio de caudal\u00edmetros \u00e9 um sistema utilizado para controlar e gerir os caudal\u00edmetros utilizados em aplica\u00e7\u00f5es industriais e comerciais. \u00c9 utilizado para monitorizar o desempenho dos medidores de caudal, bem como para garantir que s\u00e3o devidamente mantidos e calibrados. O sistema de invent\u00e1rio tamb\u00e9m pode ser utilizado para controlar o custo dos medidores de caudal, bem como para identificar quaisquer problemas ou quest\u00f5es potenciais com os medidores de caudal.<\/p>\n<p><img src=\"https:\/\/www.hginstrument.com\/wp-content\/uploads\/2021\/07\/hls-2000h-m2.jpg\" alt=\"About argon flow meter for tig welding inventory\" title=\"About argon flow meter for tig welding inventory\" style=\"max-width: 100%;\"><\/div>\n<div name=\"07\" id=\"07\">\n<p><strong>7.Does the explosion-proof performance of argon flow meter for tig welding meet relevant standards?<\/strong><\/p>\n<p>Sim, o desempenho \u00e0 prova de explos\u00e3o do medidor de caudal cumpre as normas relevantes. O medidor de caudal deve ser certificado por um organismo de certifica\u00e7\u00e3o reconhecido para garantir que cumpre os requisitos das normas relevantes.<\/p>\n<\/div>\n<div name=\"08\" id=\"08\">\n<p><strong>8.How to calibrate a argon flow meter for tig welding?<\/strong><\/p>\n<p>Being one of the top argon flow meter for tig welding manufacturers in China, We attach great importance to this detail.<br \/>\n1. Verifique as instru\u00e7\u00f5es do fabricante para o medidor de caudal espec\u00edfico que est\u00e1 a utilizar.<\/p>\n<p>2. Certifique-se de que o medidor de caudal est\u00e1 corretamente instalado e de que todas as liga\u00e7\u00f5es est\u00e3o seguras.<\/p>\n<p>3. Ligar o medidor de caudal a um dispositivo de calibra\u00e7\u00e3o, como um dispositivo de calibra\u00e7\u00e3o de caudal ou um circuito de calibra\u00e7\u00e3o de caudal.<\/p>\n<p>4. Regular o dispositivo de calibra\u00e7\u00e3o para o caudal pretendido.<\/p>\n<p>5. Ligar o medidor de caudal e deix\u00e1-lo funcionar durante alguns minutos para garantir a sua estabilidade.<\/p>\n<p>6. Comparar a leitura do medidor de caudal com a leitura do dispositivo de calibra\u00e7\u00e3o.<\/p>\n<p>7. Ajustar as defini\u00e7\u00f5es do medidor de caudal conforme necess\u00e1rio para corresponder \u00e0 leitura do dispositivo de calibra\u00e7\u00e3o.<\/p>\n<p>8. Repetir os passos 4-7 at\u00e9 que a leitura do medidor de caudal coincida com a leitura do dispositivo de calibra\u00e7\u00e3o.<\/p>\n<p>9. Registar as defini\u00e7\u00f5es do medidor de caudal e a leitura do dispositivo de calibra\u00e7\u00e3o para refer\u00eancia futura.<\/p>\n<p><img src=\"https:\/\/www.hginstrument.com\/wp-content\/uploads\/2021\/07\/sanitary-mag-1.jpg\" alt=\"How to calibrate a argon flow meter for tig welding?\" title=\"How to calibrate a argon flow meter for tig welding?\" style=\"max-width: 100%;\"><\/div>\n<div name=\"09\" id=\"09\">\n<p><strong>9.About argon flow meter for tig welding delivery date<\/strong><\/p>\n<p>A data de entrega de um medidor de caudal depender\u00e1 do tipo de medidor de caudal, do fabricante e da disponibilidade do produto. Geralmente, a maioria dos medidores de caudal pode ser entregue no prazo de alguns dias a algumas semanas. No entanto, alguns caudal\u00edmetros especializados podem demorar mais tempo a ser entregues. \u00c9 melhor contactar diretamente o fabricante para obter uma data de entrega precisa.<\/p>\n<\/div>\n<div name=\"010\" id=\"010\">\n<p><strong>10.About argon flow meter for tig welding payment method<\/strong><\/p>\n<p>O pagamento com caudal\u00edmetro \u00e9 um m\u00e9todo de pagamento que utiliza um caudal\u00edmetro para medir a quantidade de energia utilizada por um cliente. O cliente paga a energia utilizada com base na quantidade de energia medida pelo medidor de caudal. Este m\u00e9todo de pagamento \u00e9 frequentemente utilizado em ambientes comerciais e industriais, onde o consumo de energia \u00e9 elevado e precisa de ser controlado com precis\u00e3o. O pagamento por caudal\u00edmetro tamb\u00e9m \u00e9 utilizado em alguns contextos residenciais, onde os clientes podem pagar a sua utiliza\u00e7\u00e3o de energia com base na quantidade de energia que utilizam.<\/p>\n<p><img src=\"https:\/\/www.hginstrument.com\/wp-content\/uploads\/2021\/07\/hls-2000uf-1.jpg\" alt=\"About argon flow meter for tig welding payment method\" title=\"About argon flow meter for tig welding payment method\" style=\"max-width: 100%;\"><\/div>\n<div name=\"11\" id=\"11\">\n<p><strong>11.About argon flow meter for tig welding production skills training<\/strong><\/p>\n<p>A forma\u00e7\u00e3o em compet\u00eancias de produ\u00e7\u00e3o de caudal\u00edmetros foi concebida para ensinar aos t\u00e9cnicos e engenheiros as compet\u00eancias necess\u00e1rias para produzir e manter caudal\u00edmetros. A forma\u00e7\u00e3o abrange t\u00f3picos como os princ\u00edpios da medi\u00e7\u00e3o de caudal, os tipos de caudal\u00edmetros dispon\u00edveis, a instala\u00e7\u00e3o e manuten\u00e7\u00e3o de caudal\u00edmetros e t\u00e9cnicas de resolu\u00e7\u00e3o de problemas. A forma\u00e7\u00e3o tamb\u00e9m abrange a utiliza\u00e7\u00e3o de software inform\u00e1tico para analisar e interpretar dados de caudal. A forma\u00e7\u00e3o \u00e9 normalmente realizada em sala de aula e pode incluir actividades pr\u00e1ticas.<\/p>\n<\/div>\n<div name=\"12\" id=\"12\">\n<p><strong>12.About argon flow meter for tig welding technology<\/strong><\/p>\n<p>A tecnologia de medidores de caudal \u00e9 um tipo de tecnologia de medi\u00e7\u00e3o utilizada para medir o caudal de um fluido ou g\u00e1s. \u00c9 utilizada numa variedade de ind\u00fastrias, incluindo petr\u00f3leo e g\u00e1s, \u00e1gua e \u00e1guas residuais, e processamento qu\u00edmico. Os medidores de caudal medem o caudal de um fluido ou g\u00e1s atrav\u00e9s da medi\u00e7\u00e3o da press\u00e3o, velocidade ou outras propriedades f\u00edsicas do fluido ou g\u00e1s. Os medidores de caudal podem ser utilizados para medir o caudal de l\u00edquidos, gases e vapor. S\u00e3o utilizados para medir o caudal de uma variedade de fluidos, incluindo \u00e1gua, \u00f3leo e produtos qu\u00edmicos. Os medidores de caudal s\u00e3o utilizados numa variedade de aplica\u00e7\u00f5es, incluindo o controlo de processos, a gest\u00e3o de energia e a monitoriza\u00e7\u00e3o da seguran\u00e7a.<\/p>\n<p><img src=\"https:\/\/www.hginstrument.com\/wp-content\/uploads\/2021\/07\/nozzle-1.jpg\" alt=\"About argon flow meter for tig welding technology\" title=\"About argon flow meter for tig welding technology\" style=\"max-width: 100%;\"><\/div>\n<div name=\"13\" id=\"13\">\n<p><strong>13.What is the response time of the argon flow meter for tig welding?<\/strong><\/p>\n<p>Estabelecemos parcerias est\u00e1veis e de longo prazo com os nossos fornecedores, pelo que temos grandes vantagens em termos de pre\u00e7o, custo e garantia de qualidade.<br \/>\nO tempo de resposta de um medidor de caudal pode variar consoante o tipo de medidor de caudal utilizado. Geralmente, o tempo de resposta de um medidor de caudal situa-se entre 0,1 e 1 segundo.<\/p>\n<\/div>\n<div name=\"14\" id=\"14\">\n<p><strong>14.Does the argon flow meter for tig welding have remote control capabilities?<\/strong><\/p>\n<p>Concentramo-nos nas necessidades dos nossos clientes e esfor\u00e7amo-nos por satisfazer as suas expectativas, pelo que levamos isto muito a s\u00e9rio.<br \/>\nDepende do modelo espec\u00edfico do medidor de caudal. Alguns modelos podem ter capacidades de controlo remoto, enquanto outros n\u00e3o.<\/p>\n<p><img src=\"https:\/\/www.hginstrument.com\/wp-content\/uploads\/2021\/07\/hgrs-1.jpg\" alt=\"Does the argon flow meter for tig welding have remote control capabilities?\" title=\"Does the argon flow meter for tig welding have remote control capabilities?\" style=\"max-width: 100%;\"><\/div>\n<p>Etiqueta\uff1a<a href=\"\/pt\/magnetic-flow-meter\/yokogawa-magnetic-flow-meter\/\">medidor de caudal magn\u00e9tico yokogawa<\/a>,<a href=\"\/pt\/magnetic-flow-meter\/compressed-air-flow-meter-cfm\/\">caudal\u00edmetro de ar comprimido cfm<\/a>,<a href=\"\/pt\/magnetic-flow-meter\/flow-meter-sensors\/\">sensores de caudal\u00edmetros<\/a><\/p>\n<p><\/p>","protected":false},"excerpt":{"rendered":"<p><strong>Dados t\u00e9cnicos<\/strong><br \/>\nPode servir fluidos l\u00edquidos ou gasosos, sendo normalmente utilizado para medir o caudal de vapor, vapor, ar e g\u00e1s natural.<br \/>\nTamanho do contador: Tipo em linha: DN25 - DN300<br \/>\nOp\u00e7\u00e3o de material h\u00famido: SS304, SS316<br \/>\nTemperatura de funcionamento: \u2264250\u2103<br \/>\nLiga\u00e7\u00e3o ao processo: Wafer \/ Flange \/ Tri-clamp para o tipo In-line<br \/>\nPrecis\u00e3o de medi\u00e7\u00e3o: 1,0 % - 1,5% do intervalo de calibra\u00e7\u00e3o<br \/>\nIndicador digital: apresenta o caudal instant\u00e2neo e o caudal total<br \/>\nFonte de alimenta\u00e7\u00e3o: 24VDC, Sa\u00edda: 4-20mA<\/p>\n<p><strong>caracter\u00edsticas<\/strong><br \/>\n1. pontos de regula\u00e7\u00e3o ON\/OFF ajust\u00e1veis<br \/>\n2. modo de alarme de caudal alto ou baixo<br \/>\n3. tempo de atraso ajust\u00e1vel<br \/>\n4. LED de estado do rel\u00e9<\/p>","protected":false},"featured_media":3691,"comment_status":"closed","ping_status":"closed","template":"","meta":[],"product_cat":[2372],"product_tag":[],"acf":[],"_links":{"self":[{"href":"https:\/\/www.hginstrument.com\/pt\/wp-json\/wp\/v2\/product\/4958"}],"collection":[{"href":"https:\/\/www.hginstrument.com\/pt\/wp-json\/wp\/v2\/product"}],"about":[{"href":"https:\/\/www.hginstrument.com\/pt\/wp-json\/wp\/v2\/types\/product"}],"replies":[{"embeddable":true,"href":"https:\/\/www.hginstrument.com\/pt\/wp-json\/wp\/v2\/comments?post=4958"}],"wp:featuredmedia":[{"embeddable":true,"href":"https:\/\/www.hginstrument.com\/pt\/wp-json\/wp\/v2\/media\/3691"}],"wp:attachment":[{"href":"https:\/\/www.hginstrument.com\/pt\/wp-json\/wp\/v2\/media?parent=4958"}],"wp:term":[{"taxonomy":"product_cat","embeddable":true,"href":"https:\/\/www.hginstrument.com\/pt\/wp-json\/wp\/v2\/product_cat?post=4958"},{"taxonomy":"product_tag","embeddable":true,"href":"https:\/\/www.hginstrument.com\/pt\/wp-json\/wp\/v2\/product_tag?post=4958"}],"curies":[{"name":"wp","href":"https:\/\/api.w.org\/{rel}","templated":true}]}}