{"id":497,"date":"2021-01-15T16:37:16","date_gmt":"2021-01-15T08:37:16","guid":{"rendered":"http:\/\/201230ip92c2.adwebcloud.com\/?post_type=product&#038;p=497"},"modified":"2021-10-11T13:50:40","modified_gmt":"2021-10-11T05:50:40","slug":"hgls-2000b-wall-mounted-ultrasonic-flow-meter","status":"publish","type":"product","link":"https:\/\/www.hginstrument.com\/pt\/flow-instrument\/hgls-2000b-wall-mounted-ultrasonic-flow-meter\/","title":{"rendered":"Medidor de caudal ultrass\u00f3nico de parede HGLS-2000B"},"content":{"rendered":"<h5><strong>Especifica\u00e7\u00f5es t\u00e9cnicas<\/strong><\/h5>\n<table>\n<tbody>\n<tr style=\"background-color: #d8d8d8;\">\n<td colspan=\"2\" width=\"236\"><strong>Item<\/strong><\/td>\n<td width=\"474\"><strong>descri\u00e7\u00e3o<\/strong><\/td>\n<\/tr>\n<tr>\n<td style=\"vertical-align: middle;\" rowspan=\"12\" width=\"105\"><strong>Unidade principal<\/strong><\/td>\n<td width=\"131\">Exatid\u00e3o<\/td>\n<td width=\"474\">Melhor que \u00b1 1%<\/td>\n<\/tr>\n<tr>\n<td width=\"131\">Repetibilidade<\/td>\n<td width=\"474\">Melhor que 0,2%<\/td>\n<\/tr>\n<tr>\n<td width=\"131\">Princ\u00edpio<\/td>\n<td width=\"474\">Princ\u00edpio de medi\u00e7\u00e3o do tempo de tr\u00e2nsito<\/td>\n<\/tr>\n<tr>\n<td width=\"131\">Per\u00edodo de medi\u00e7\u00e3o<\/td>\n<td style=\"vertical-align: middle;\" width=\"474\">500ms<\/td>\n<\/tr>\n<tr>\n<td style=\"vertical-align: middle;\" width=\"131\">Ecr\u00e3<\/td>\n<td style=\"vertical-align: middle;\" width=\"474\">LCD com retroilumina\u00e7\u00e3o, visualiza\u00e7\u00e3o do caudal\/calor acumulado, instant\u00e2neo<br \/>\nCaudal \/ calor, velocidade, tempo, etc.<\/td>\n<\/tr>\n<tr>\n<td style=\"vertical-align: middle;\" rowspan=\"4\" width=\"131\">Sa\u00edda<\/td>\n<td width=\"474\">Sa\u00edda anal\u00f3gica: Sa\u00edda de corrente 4-20mA ou 0-20mA. Imped\u00e2ncia 0 -1k \u03a9. Precis\u00e3o 0,1%.<\/td>\n<\/tr>\n<tr>\n<td width=\"474\">Sa\u00edda OCT: Sinal de frequ\u00eancia (1~9999HZ)<\/td>\n<\/tr>\n<tr>\n<td width=\"474\">Sa\u00edda de rel\u00e9: mais de 20 fontes de sinal (sem sinal, fluxo inverso, etc.)<\/td>\n<\/tr>\n<tr>\n<td width=\"474\">Porta s\u00e9rie RS485<\/td>\n<\/tr>\n<tr>\n<td style=\"vertical-align: middle;\" rowspan=\"2\" width=\"131\">Entrada<\/td>\n<td width=\"474\">Tr\u00eas entradas anal\u00f3gicas<\/td>\n<\/tr>\n<tr>\n<td width=\"474\">Entrada de resist\u00eancia PT100 de tr\u00eas fios (opcional)<\/td>\n<\/tr>\n<tr>\n<td style=\"vertical-align: middle;\" width=\"131\">Outras fun\u00e7\u00f5es<\/td>\n<td width=\"474\">Registar automaticamente os dados do totalizador dos \u00faltimos 64 dias \/ 64 meses \/ 5 anos. A hora de liga\u00e7\u00e3o e o caudal correspondente dos \u00faltimos 64 eventos de liga\u00e7\u00e3o e desligamento. Permite a compensa\u00e7\u00e3o manual ou autom\u00e1tica da perda de caudal. O estado de funcionamento do instrumento nos \u00faltimos 64 dias.<\/td>\n<\/tr>\n<tr>\n<td style=\"vertical-align: middle;\" rowspan=\"3\" width=\"105\"><strong>Tubo<\/strong><\/td>\n<td style=\"vertical-align: middle;\" width=\"131\">Material<\/td>\n<td width=\"474\">A\u00e7o, a\u00e7o inoxid\u00e1vel, ferro fundido, tubo de cimento, cobre, PVC, alum\u00ednio, FRP, etc. O revestimento \u00e9 permitido<\/td>\n<\/tr>\n<tr>\n<td width=\"131\">Tamanho<\/td>\n<td width=\"474\">DN 32 -6000mm<\/td>\n<\/tr>\n<tr>\n<td style=\"vertical-align: middle;\" width=\"131\">Tubo reto<br \/>\nsec\u00e7\u00e3o<\/td>\n<td style=\"vertical-align: middle;\" width=\"474\">A montante \u226510D, a jusante \u2265 5D, dist\u00e2ncia da descarga da bomba \u2265 30D. (D representa o di\u00e2metro do tubo)<\/td>\n<\/tr>\n<tr>\n<td style=\"vertical-align: middle;\" rowspan=\"5\" width=\"105\"><strong>Fluido<\/strong><br \/>\n(deve encher completamente a conduta)<\/td>\n<td style=\"vertical-align: middle;\" width=\"131\">Tipo<\/td>\n<td width=\"474\">L\u00edquido, sem forte corrosividade, fluido de uso comum: \u00c1gua, \u00e1gua do mar, esgotos, \u00e1lcool, cerveja.<\/td>\n<\/tr>\n<tr>\n<td width=\"131\">Temperatura<\/td>\n<td width=\"474\">Padr\u00e3o: -30 \u02da C - 90 \u02da C \uff0c Alta temperatura \uff1a -30 \u02da C - 160 \u02da C<\/td>\n<\/tr>\n<tr>\n<td width=\"131\">Gama de medi\u00e7\u00e3o da velocidade do caudal<\/td>\n<td style=\"vertical-align: middle;\" width=\"474\">0<strong> .<\/strong>03 ~ 7 m\/s<\/td>\n<\/tr>\n<tr>\n<td width=\"131\">Turbidez<\/td>\n<td width=\"474\">O teor de impurezas em part\u00edculas e bolhas deve ser inferior a 10000ppm.<\/td>\n<\/tr>\n<tr>\n<td width=\"131\">Dire\u00e7\u00e3o do fluxo<\/td>\n<td width=\"474\">Medi\u00e7\u00e3o bidirecional, medi\u00e7\u00e3o de caudal l\u00edquido\/calor<\/td>\n<\/tr>\n<tr>\n<td style=\"vertical-align: middle;\" rowspan=\"4\" width=\"105\"><strong>Ambiente<\/strong><\/td>\n<td style=\"vertical-align: middle;\" rowspan=\"2\" width=\"131\">Temperatura<\/td>\n<td width=\"474\">Unidade principal: -30 \u02da C - 80 \u02da C<\/td>\n<\/tr>\n<tr>\n<td width=\"474\">Transdutor: -40 \u2103-160 \u2103, Transdutor de temperatura: selecionar a pedido<\/td>\n<\/tr>\n<tr>\n<td style=\"vertical-align: middle;\" rowspan=\"2\" width=\"131\">Humidade<\/td>\n<td width=\"474\">Unidade principal: 85% RH<\/td>\n<\/tr>\n<tr>\n<td width=\"474\">Transdutor: imers\u00edvel na \u00e1gua, profundidade da \u00e1gua inferior a 3 m<\/td>\n<\/tr>\n<tr>\n<td style=\"vertical-align: middle;\" colspan=\"2\" width=\"236\"><strong>Cabo<\/strong><\/td>\n<td width=\"474\">Linha de par tran\u00e7ado, comprimento padr\u00e3o de 10m, pode ser estendido at\u00e9 500m (mas esse comprimento n\u00e3o \u00e9 recomendado); contacte o fabricante para obter um cabo mais longo, se necess\u00e1rio.<br \/>\nInterface RS-485, dist\u00e2ncia de transmiss\u00e3o at\u00e9 1000m<\/td>\n<\/tr>\n<tr>\n<td colspan=\"2\" width=\"236\"><strong>Fonte de alimenta\u00e7\u00e3o<\/strong><\/td>\n<td width=\"474\">AC220V ou DC24V<\/td>\n<\/tr>\n<tr>\n<td colspan=\"2\" width=\"236\"><strong>Consumo de energia<\/strong><\/td>\n<td width=\"474\">Menos de 1,5 W<\/td>\n<\/tr>\n<tr>\n<td colspan=\"2\" width=\"236\"><strong>Protocolos<\/strong><\/td>\n<td width=\"474\">MODBUS, M-BUS, protocolo alargado Fuji e outro protocolo de f\u00e1brica<\/td>\n<\/tr>\n<tr>\n<td colspan=\"2\" width=\"236\"><strong>Configura\u00e7\u00e3o opcional<\/strong><\/td>\n<td width=\"474\">Cart\u00e3o SD, capacidade 2G, o tempo de armazenamento depende da defini\u00e7\u00e3o do intervalo de armazenamento.<\/td>\n<\/tr>\n<\/tbody>\n<\/table>\n<h5><\/h5>\n<p>&nbsp;<\/p>\n<h5><strong>Diagrama de aplica\u00e7\u00e3o<\/strong><\/h5>\n<table>\n<tbody>\n<tr style=\"background-color: #d8d8d8;\">\n<td width=\"83\"><strong>Tipo de sensor<\/strong><\/td>\n<td width=\"166\"><strong>Medida de caudal<\/strong><\/td>\n<td width=\"253\"><strong>Medida de caudal e medida de calor<\/strong><\/td>\n<td width=\"208\"><strong>Caracter\u00edsticas<\/strong><\/td>\n<\/tr>\n<tr>\n<td style=\"vertical-align: middle;\" width=\"83\"><strong>Fixa\u00e7\u00e3o<\/strong><br \/>\n<strong>tipo<\/strong><\/td>\n<td style=\"vertical-align: middle;\" width=\"166\"><img class=\"alignnone size-full wp-image-501\" title=\"\" src=\"http:\/\/www.hginstrument.com\/wp-content\/uploads\/2021\/01\/ad-1.jpg\" alt=\"an\u00fancio 1\" width=\"198\" height=\"225\" \/><\/td>\n<td style=\"text-align: left; vertical-align: middle;\" width=\"253\"><img class=\"alignnone size-full wp-image-502\" title=\"\" src=\"http:\/\/www.hginstrument.com\/wp-content\/uploads\/2021\/01\/ad-2.jpg\" alt=\"an\u00fancio 2\" width=\"240\" height=\"221\" \/><\/td>\n<td style=\"vertical-align: middle;\" width=\"208\">\n<p style=\"text-align: left;\">1&gt;. N\u00e3o \u00e9 necess\u00e1rio parar o processo durante a instala\u00e7\u00e3o<br \/>\n2&gt;. F\u00e1cil instala\u00e7\u00e3o e manuten\u00e7\u00e3o<br \/>\n3&gt;. Pode ser equipado com um sensor de temperatura do tipo pin\u00e7a para medir o calor<\/p>\n<\/td>\n<\/tr>\n<tr>\n<td width=\"83\"><strong>Inser\u00e7\u00e3o<\/strong><br \/>\n<strong>tipo<\/strong><\/td>\n<td width=\"166\"><img class=\"alignnone size-full wp-image-503\" title=\"\" src=\"http:\/\/www.hginstrument.com\/wp-content\/uploads\/2021\/01\/ad-3.jpg\" alt=\"an\u00fancio 3\" width=\"144\" height=\"186\" \/><\/td>\n<td width=\"253\"><img class=\"alignnone size-full wp-image-504\" title=\"\" src=\"http:\/\/www.hginstrument.com\/wp-content\/uploads\/2021\/01\/ad-4.jpg\" alt=\"an\u00fancio 4\" width=\"221\" height=\"208\" \/><\/td>\n<td style=\"vertical-align: middle;\" width=\"208\">1&gt;. N\u00e3o \u00e9 necess\u00e1rio parar o processo durante a instala\u00e7\u00e3o<br \/>\n2&gt;. Est\u00e1vel e fi\u00e1vel<br \/>\n3&gt;. Pode ser equipado com um sensor de temperatura de tipo inser\u00e7\u00e3o para medir o calor<\/td>\n<\/tr>\n<tr>\n<td style=\"text-align: left;\" width=\"83\"><strong>Tipo em linha<\/strong><\/td>\n<td style=\"text-align: center;\" width=\"166\"><img class=\"size-full wp-image-505 alignnone\" title=\"\" src=\"http:\/\/www.hginstrument.com\/wp-content\/uploads\/2021\/01\/ad-5.jpg\" alt=\"an\u00fancio 5\" width=\"144\" height=\"186\" \/><\/td>\n<td width=\"253\"><img class=\"size-full wp-image-506 alignnone\" title=\"\" src=\"http:\/\/www.hginstrument.com\/wp-content\/uploads\/2021\/01\/ad-6.jpg\" alt=\"ad 6\" width=\"237\" height=\"220\" \/><\/td>\n<td style=\"vertical-align: middle;\" width=\"208\">\n<p style=\"text-align: left;\">1&gt;. N\u00e3o \u00e9 necess\u00e1rio parar o processo durante a instala\u00e7\u00e3o<br \/>\n2&gt;. Elevada precis\u00e3o<br \/>\n3&gt;. Pode ser equipado com um sensor de temperatura de tipo inser\u00e7\u00e3o para medir o calor<\/p>\n<\/td>\n<\/tr>\n<\/tbody>\n<\/table>\n<p>&nbsp;<\/p>\n<h5><strong>Sensor de caudal opcional<\/strong><\/h5>\n<table>\n<tbody>\n<tr style=\"background-color: #d8d8d8;\">\n<td width=\"139\"><strong>Aspeto do sensor<\/strong><\/td>\n<td width=\"95\"><strong>c\u00f3digo<\/strong><\/td>\n<td width=\"265\"><strong>Descri\u00e7\u00e3o<\/strong><\/td>\n<td width=\"108\"><strong>Temperatura<\/strong><\/td>\n<td width=\"84\"><strong>Exatid\u00e3o<\/strong><\/td>\n<\/tr>\n<tr>\n<td width=\"139\"><img class=\"alignnone size-full wp-image-515\" title=\"\" src=\"http:\/\/www.hginstrument.com\/wp-content\/uploads\/2021\/01\/s1.jpg\" alt=\"s1\" width=\"155\" height=\"115\" \/><\/td>\n<td width=\"95\">TS-2<\/td>\n<td style=\"vertical-align: middle;\" width=\"265\">Tipo de fixa\u00e7\u00e3o de tamanho pequeno<br \/>\n(Magn\u00e9tico)<br \/>\npara DN15\uff5eDN100mm<\/td>\n<td width=\"108\">-30\u2103\uff5e90\u2103<\/td>\n<td width=\"84\">\u00b11%FS<\/td>\n<\/tr>\n<tr>\n<td width=\"139\"><img class=\"alignnone size-full wp-image-515\" title=\"\" src=\"http:\/\/www.hginstrument.com\/wp-content\/uploads\/2021\/01\/s1.jpg\" alt=\"s1\" width=\"155\" height=\"115\" \/><\/td>\n<td width=\"95\">TM-1<\/td>\n<td style=\"vertical-align: middle;\" width=\"265\">Tipo de fixa\u00e7\u00e3o de tamanho m\u00e9dio<br \/>\n(Magn\u00e9tico)<br \/>\npara DN50\uff5eDN700mm<\/td>\n<td width=\"108\">-30\u2103\uff5e90\u2103<\/td>\n<td width=\"84\">\u00b11%FS<\/td>\n<\/tr>\n<tr>\n<td width=\"139\"><img class=\"alignnone size-full wp-image-515\" title=\"\" src=\"http:\/\/www.hginstrument.com\/wp-content\/uploads\/2021\/01\/s1.jpg\" alt=\"s1\" width=\"155\" height=\"115\" \/><\/td>\n<td width=\"95\">TL-1<\/td>\n<td style=\"vertical-align: middle;\" width=\"265\">Tipo de fixa\u00e7\u00e3o de grandes dimens\u00f5es<br \/>\n(Magn\u00e9tico)<br \/>\npara DN300\uff5eDN6000mm<\/td>\n<td width=\"108\">-30\u2103\uff5e90\u2103<\/td>\n<td width=\"84\">\u00b11%FS<\/td>\n<\/tr>\n<tr>\n<td width=\"139\"><img class=\"alignnone size-full wp-image-516\" title=\"\" src=\"http:\/\/www.hginstrument.com\/wp-content\/uploads\/2021\/01\/s2.jpg\" alt=\"s2\" width=\"155\" height=\"115\" \/><\/td>\n<td width=\"95\">TS-2-HT<\/td>\n<td style=\"vertical-align: middle;\" width=\"265\">Tamanho pequeno Alta temperatura<br \/>\ntipo de fixa\u00e7\u00e3o<br \/>\npara DN15\uff5eDN100mm<\/td>\n<td width=\"108\">-30\u2103\uff5e160\u2103<\/td>\n<td width=\"84\">\u00b11%FS<\/td>\n<\/tr>\n<tr>\n<td width=\"139\"><img class=\"alignnone size-full wp-image-516\" title=\"\" src=\"http:\/\/www.hginstrument.com\/wp-content\/uploads\/2021\/01\/s2.jpg\" alt=\"s2\" width=\"155\" height=\"115\" \/><\/td>\n<td width=\"95\">TM-1-HT<\/td>\n<td style=\"vertical-align: middle;\" width=\"265\">Tamanho m\u00e9dio Alta temperatura<br \/>\ntipo de fixa\u00e7\u00e3o<br \/>\npara DN50\uff5eDN700mm<\/td>\n<td width=\"108\">-30\u2103\uff5e160\u2103<\/td>\n<td width=\"84\">\u00b11%FS<\/td>\n<\/tr>\n<tr>\n<td width=\"139\"><img class=\"alignnone size-full wp-image-516\" title=\"\" src=\"http:\/\/www.hginstrument.com\/wp-content\/uploads\/2021\/01\/s2.jpg\" alt=\"s2\" width=\"155\" height=\"115\" \/><\/td>\n<td width=\"95\">TL-1-HT<\/td>\n<td style=\"vertical-align: middle;\" width=\"265\">Tamanho grande Alta temperatura<br \/>\ntipo de fixa\u00e7\u00e3o<br \/>\npara DN300\uff5eDN6000mm<\/td>\n<td width=\"108\">-30\u2103\uff5e160\u2103<\/td>\n<td width=\"84\">\u00b11%FS<\/td>\n<\/tr>\n<tr>\n<td width=\"139\"><img class=\"alignnone size-full wp-image-509\" title=\"\" src=\"http:\/\/www.hginstrument.com\/wp-content\/uploads\/2021\/01\/s3.jpg\" alt=\"s3\" width=\"129\" height=\"70\" \/><\/td>\n<td width=\"95\">TC-1<\/td>\n<td style=\"vertical-align: middle;\" width=\"265\">Padr\u00e3o Tipo de inser\u00e7\u00e3o<br \/>\nPara espessura da parede da tubagem \u226420 mm<\/td>\n<td width=\"108\">-30\u2103\uff5e160\u2103<\/td>\n<td width=\"84\">\u00b12~ 3%FS<\/td>\n<\/tr>\n<tr>\n<td width=\"139\"><img class=\"alignnone size-full wp-image-510\" title=\"\" src=\"http:\/\/www.hginstrument.com\/wp-content\/uploads\/2021\/01\/s4.jpg\" alt=\"s4\" width=\"129\" height=\"60\" \/><\/td>\n<td width=\"95\">TC-2<\/td>\n<td style=\"vertical-align: middle;\" width=\"265\">Tipo de inser\u00e7\u00e3o alargado<br \/>\nPara espessura da parede da tubagem \u226470 mm<\/td>\n<td width=\"108\">-30\u2103\uff5e160\u2103<\/td>\n<td width=\"84\">\u00b12~ 3%FS<\/td>\n<\/tr>\n<tr>\n<td width=\"139\"><img class=\"alignnone size-full wp-image-511\" title=\"\" src=\"http:\/\/www.hginstrument.com\/wp-content\/uploads\/2021\/01\/s5.jpg\" alt=\"s5\" width=\"129\" height=\"60\" \/><\/td>\n<td style=\"vertical-align: middle;\" width=\"95\">TC-3<\/td>\n<td style=\"vertical-align: middle;\" width=\"265\">Paralelo Tipo de inser\u00e7\u00e3o<br \/>\nN\u00e3o \u00e9 necess\u00e1rio ter em conta a espessura da parede da tubagem, sendo adequado o m\u00e9todo de montagem em \"V\".<\/td>\n<td width=\"108\">-30\u2103\uff5e160\u2103<\/td>\n<td width=\"84\">\u00b13~ 5%FS<\/td>\n<\/tr>\n<tr>\n<td width=\"139\"><img class=\"alignnone size-full wp-image-517\" title=\"\" src=\"http:\/\/www.hginstrument.com\/wp-content\/uploads\/2021\/01\/s6.jpg\" alt=\"s6\" width=\"180\" height=\"101\" \/><\/td>\n<td width=\"95\">G3<\/td>\n<td style=\"vertical-align: middle;\" width=\"265\">Transdutor tubular em forma de \"\u03c0<br \/>\npara DN15\uff5eDN32mm<\/td>\n<td width=\"108\">-30\u2103\uff5e160\u2103<\/td>\n<td width=\"84\">\u00b10,5%FS<\/td>\n<\/tr>\n<tr>\n<td width=\"139\"><img class=\"alignnone size-full wp-image-518\" title=\"\" src=\"http:\/\/www.hginstrument.com\/wp-content\/uploads\/2021\/01\/s7.jpg\" alt=\"s7\" width=\"155\" height=\"148\" \/><\/td>\n<td width=\"95\">G1<\/td>\n<td style=\"vertical-align: middle;\" width=\"265\">Transdutor de tubo padr\u00e3o<br \/>\npara DN40\uff5eDN6000mm<\/td>\n<td width=\"108\">-30\u2103\uff5e160\u2103<\/td>\n<td width=\"84\">\u00b10,5%FS<\/td>\n<\/tr>\n<\/tbody>\n<\/table>\n<h5><\/h5>\n<p>&nbsp;<\/p>\n<h5>Instala\u00e7\u00e3o de Feild<\/h5>\n<p><img class=\"alignnone wp-image-514 size-full\" src=\"http:\/\/www.hginstrument.com\/wp-content\/uploads\/2021\/01\/feild-installation-1.jpg\" alt=\"instala\u00e7\u00e3o do campo 1\" width=\"849\" height=\"342\" srcset=\"https:\/\/www.hginstrument.com\/wp-content\/uploads\/2021\/01\/feild-installation-1.jpg 849w, https:\/\/www.hginstrument.com\/wp-content\/uploads\/2021\/01\/feild-installation-1-300x121.jpg 300w, https:\/\/www.hginstrument.com\/wp-content\/uploads\/2021\/01\/feild-installation-1-768x309.jpg 768w, https:\/\/www.hginstrument.com\/wp-content\/uploads\/2021\/01\/feild-installation-1-600x242.jpg 600w\" sizes=\"(max-width: 849px) 100vw, 849px\" \/><\/p>\n<p>&nbsp;<\/p>\n<p>&nbsp;<\/p>","protected":false},"excerpt":{"rendered":"<p>O medidor de caudal ultrass\u00f3nico de montagem na parede HGLS-2000B foi concebido para ser instalado num local fixo para medi\u00e7\u00e3o de caudal a longo prazo.\u00a0 <strong>As caracter\u00edsticas s\u00e3o as seguintes:<\/strong><br \/>\n\u25cf Princ\u00edpio: medi\u00e7\u00e3o do tempo de tr\u00e2nsito, \u00e0 prova de intemp\u00e9ries: IP67<br \/>\nVelocidade de fluxo mensur\u00e1vel: 0,03 - 7m\/s, Precis\u00e3o: melhor que 1% para fluxo<br \/>\nEcr\u00e3 LCD, apresenta o caudal\/calor total, o caudal\/calor instant\u00e2neo, a velocidade, o tempo, etc.<br \/>\nOp\u00e7\u00e3o de sa\u00edda: 4-20mA \/ impulso OCT, RS485, protocolo Modbus (configura\u00e7\u00e3o padr\u00e3o), alarme de rel\u00e9 (opcional)<br \/>\nEntrada de resist\u00eancia Pt100 (opcional, para medi\u00e7\u00e3o de calor)<br \/>\nOp\u00e7\u00e3o de fonte de alimenta\u00e7\u00e3o: 24VDC, 220VAC<br \/>\nComprimento do cabo de sinal: 5m * 2 (configura\u00e7\u00e3o padr\u00e3o), ou personalizar o comprimento do cabo<br \/>\nMontagem em calha de guia (opcional)<\/p>\n<p>&nbsp;<\/p>","protected":false},"featured_media":1430,"comment_status":"closed","ping_status":"closed","template":"","meta":[],"product_cat":[75,218],"product_tag":[],"acf":[],"_links":{"self":[{"href":"https:\/\/www.hginstrument.com\/pt\/wp-json\/wp\/v2\/product\/497"}],"collection":[{"href":"https:\/\/www.hginstrument.com\/pt\/wp-json\/wp\/v2\/product"}],"about":[{"href":"https:\/\/www.hginstrument.com\/pt\/wp-json\/wp\/v2\/types\/product"}],"replies":[{"embeddable":true,"href":"https:\/\/www.hginstrument.com\/pt\/wp-json\/wp\/v2\/comments?post=497"}],"wp:featuredmedia":[{"embeddable":true,"href":"https:\/\/www.hginstrument.com\/pt\/wp-json\/wp\/v2\/media\/1430"}],"wp:attachment":[{"href":"https:\/\/www.hginstrument.com\/pt\/wp-json\/wp\/v2\/media?parent=497"}],"wp:term":[{"taxonomy":"product_cat","embeddable":true,"href":"https:\/\/www.hginstrument.com\/pt\/wp-json\/wp\/v2\/product_cat?post=497"},{"taxonomy":"product_tag","embeddable":true,"href":"https:\/\/www.hginstrument.com\/pt\/wp-json\/wp\/v2\/product_tag?post=497"}],"curies":[{"name":"wp","href":"https:\/\/api.w.org\/{rel}","templated":true}]}}