{"id":5026,"date":"2023-12-23T15:28:45","date_gmt":"2023-12-23T07:28:45","guid":{"rendered":"https:\/\/www.hginstrument.com\/?post_type=product&#038;p=5026"},"modified":"2024-01-09T09:08:59","modified_gmt":"2024-01-09T01:08:59","slug":"cfm-flow-meter","status":"publish","type":"product","link":"https:\/\/www.hginstrument.com\/pt\/magnetic-flow-meter\/cfm-flow-meter\/","title":{"rendered":"cfm flow meter"},"content":{"rendered":"<p>This cutting-edge product combines accuracy, durability, and efficiency to provide the ultimate solution for all your cfm flow metering needs. Designed with advanced features and state-of-the-art materials, cfm flow meter guarantees precise and reliable flow measurements for a wide range of liquids. Its intuitive interface and compact design make it user-friendly and easy to install in any industrial or commercial setting.<\/p>\n<p>cfm flow meter is equipped with a user-friendly interface that allows for easy operation and monitoring. It also offers a variety of installation options, including inline, insertion, and clamp-on, making it suitable for a wide range of pipelines and systems. Additionally, it is compatible with various communication protocols and can be integrated into existing systems seamlessly.<\/p>\n<p>Our cfm flow meter comes with advanced data logging capabilities, allowing you to store and analyze flow data in real-time. It also has the ability to generate detailed reports and charts for better data visualization and analysis. With these features, you can track and optimize your flow processes for improved efficiency and cost-effectiveness.<\/p>\n<table class=\"table table-bordered\">\n<tbody>\n<tr>\n<td><span style=\"vertical-align: inherit;\"><span style=\"vertical-align: inherit;\">Tipo\uff1a<\/span><\/span><\/td>\n<td><span style=\"vertical-align: inherit;\">cfm flow meter<\/span><\/td>\n<td><span style=\"vertical-align: inherit;\"><span style=\"vertical-align: inherit;\">Sinal de sa\u00edda\uff1a<\/span><\/span><\/td>\n<td><span style=\"vertical-align: inherit;\"><span style=\"vertical-align: inherit;\">4-20 mA, Impulso\/Frequ\u00eancia 2kHz(Predefini\u00e7\u00e3o), 5KHz(M\u00e1x.)<\/span><\/span><\/td>\n<\/tr>\n<tr>\n<td><span style=\"vertical-align: inherit;\"><span style=\"vertical-align: inherit;\">Local de origem\uff1a<\/span><\/span><\/td>\n<td><span style=\"vertical-align: inherit;\"><span style=\"vertical-align: inherit;\">Jiangsu\uff0cChina<\/span><\/span><\/td>\n<td><span style=\"vertical-align: inherit;\"><span style=\"vertical-align: inherit;\">Incorporar tipo\uff1a<\/span><\/span><\/td>\n<td><span style=\"vertical-align: inherit;\"><span style=\"vertical-align: inherit;\">-10\u2103- +55\u2103<\/span><\/span><\/td>\n<\/tr>\n<tr>\n<td><span style=\"vertical-align: inherit;\"><span style=\"vertical-align: inherit;\">Garantia\uff1a<\/span><\/span><\/td>\n<td><span style=\"vertical-align: inherit;\"><span style=\"vertical-align: inherit;\">16 meses<\/span><\/span><\/td>\n<td><span style=\"vertical-align: inherit;\"><span style=\"vertical-align: inherit;\">Tens\u00e3o de alimenta\u00e7\u00e3o\uff1a<\/span><\/span><\/td>\n<td><span style=\"vertical-align: inherit;\"><span style=\"vertical-align: inherit;\">110\/220VAC (100-240VAC), 50Hz\/60Hz; 24VDC\u00b110%<\/span><\/span><\/td>\n<\/tr>\n<tr>\n<td><span style=\"vertical-align: inherit;\"><span style=\"vertical-align: inherit;\">Suporte personalizado\uff1a<\/span><\/span><\/td>\n<td><span style=\"vertical-align: inherit;\"><span style=\"vertical-align: inherit;\">OEM, ODM, OBM<\/span><\/span><\/td>\n<td><span style=\"vertical-align: inherit;\"><span style=\"vertical-align: inherit;\">Comunica\u00e7\u00e3o digital\uff1a<\/span><\/span><\/td>\n<td><span style=\"vertical-align: inherit;\"><span style=\"vertical-align: inherit;\">RS-485, suporta o protocolo padr\u00e3o Mudbugs-RTU; GPRS<\/span><\/span><\/td>\n<\/tr>\n<tr>\n<td><span style=\"vertical-align: inherit;\"><span style=\"vertical-align: inherit;\">Nome da marca\uff1a<\/span><\/span><\/td>\n<td><span style=\"vertical-align: inherit;\"><span style=\"vertical-align: inherit;\">GRUPO SUYI<\/span><\/span><\/td>\n<td><span style=\"vertical-align: inherit;\"><span style=\"vertical-align: inherit;\">Press\u00e3o nominal\uff1a<\/span><\/span><\/td>\n<td><span style=\"vertical-align: inherit;\"><span style=\"vertical-align: inherit;\">1MPa (DN15-DN800), 1,6MPa (DN15-DN800), 2,5MPa (DN15-DN600)<\/span><\/span><\/td>\n<\/tr>\n<tr>\n<td><span style=\"vertical-align: inherit;\"><span style=\"vertical-align: inherit;\">N\u00famero do modelo\uff1a<\/span><\/span><\/td>\n<td><span style=\"vertical-align: inherit;\"><span style=\"vertical-align: inherit;\">outros<\/span><\/span><\/td>\n<td><span style=\"vertical-align: inherit;\"><span style=\"vertical-align: inherit;\">Sensor\uff1a<\/span><\/span><\/td>\n<td><span style=\"vertical-align: inherit;\"><span style=\"vertical-align: inherit;\">0\u2103- +80\u2103 ou -25\u2103- +120\u2103 ou +70\u2103- +250\u2103<\/span><\/span><\/td>\n<\/tr>\n<tr>\n<td><span style=\"vertical-align: inherit;\"><span style=\"vertical-align: inherit;\">Nome do produto\uff1a<\/span><\/span><\/td>\n<td><span style=\"vertical-align: inherit;\"><span style=\"vertical-align: inherit;\">Medidor de caudal de \u00e1gua qu\u00edmica digital inteligente eletromagn\u00e9tico<\/span><\/span><\/td>\n<td><span style=\"vertical-align: inherit;\"><span style=\"vertical-align: inherit;\">Detalhes da embalagem\uff1a<\/span><\/span><\/td>\n<td><span style=\"vertical-align: inherit;\"><span style=\"vertical-align: inherit;\">1 conjunto por embalagem ou conforme o pedido do cliente<\/span><\/span><\/td>\n<\/tr>\n<tr>\n<td><span style=\"vertical-align: inherit;\"><span style=\"vertical-align: inherit;\">Di\u00e2metro nominal\uff1a<\/span><\/span><\/td>\n<td><span style=\"vertical-align: inherit;\"><span style=\"vertical-align: inherit;\">3-2788mm<\/span><\/span><\/td>\n<td><span style=\"vertical-align: inherit;\"><span style=\"vertical-align: inherit;\">Capacidade de fornecimento\uff1a<\/span><\/span><\/td>\n<td><span style=\"vertical-align: inherit;\"><span style=\"vertical-align: inherit;\">2225 Set\/Sets per Month<\/span><\/span><\/td>\n<\/tr>\n<tr>\n<td><span style=\"vertical-align: inherit;\"><span style=\"vertical-align: inherit;\">gama de velocidades\uff1a<\/span><\/span><\/td>\n<td><span style=\"vertical-align: inherit;\"><span style=\"vertical-align: inherit;\">0-7m\/s<\/span><\/span><\/td>\n<td><span style=\"vertical-align: inherit;\"><span style=\"vertical-align: inherit;\">Quantidade (conjuntos)\uff1a<\/span><\/span><\/td>\n<td><span style=\"vertical-align: inherit;\"><span style=\"vertical-align: inherit;\">&gt; 30<\/span><\/span><\/td>\n<\/tr>\n<tr>\n<td><span style=\"vertical-align: inherit;\"><span style=\"vertical-align: inherit;\">Grau de precis\u00e3o\uff1a<\/span><\/span><\/td>\n<td><span style=\"vertical-align: inherit;\"><span style=\"vertical-align: inherit;\">\u00b10,5%R, \u00b11%R ( &lt; DN20)<\/span><\/span><\/td>\n<td><span style=\"vertical-align: inherit;\"><span style=\"vertical-align: inherit;\">Prazo de execu\u00e7\u00e3o (dias)\uff1a<\/span><\/span><\/td>\n<td><span style=\"vertical-align: inherit;\"><span style=\"vertical-align: inherit;\">A ser negociado<\/span><\/span><\/td>\n<\/tr>\n<\/tbody>\n<\/table>\n<p>&nbsp;<\/p>\n<p>&nbsp;<\/p>\n<p style=\"text-align: center;\"><img title=\"cfm flow meter\" src=\"https:\/\/www.hginstrument.com\/wp-content\/uploads\/2021\/07\/in-line-pipeline-type-hgd-electromagnetic-flow-meter.jpg\" \/><\/p>\n<p>&nbsp;<\/p>\n<p>&nbsp;<\/p>\n<p style=\"text-align: center;\"><img title=\"cfm flow meter\" src=\"https:\/\/www.hginstrument.com\/wp-content\/uploads\/2021\/07\/insertion-01.jpg\" \/><\/p>\n<p>&nbsp;<\/p>\n<p>&nbsp;<\/p>\n<p style=\"text-align: center;\"><img title=\"cfm flow meter\" src=\"https:\/\/www.hginstrument.com\/wp-content\/uploads\/2021\/07\/sanitary-mag-1.jpg\" \/><\/p>\n<p><strong>cfm flow meter FAQs Guide.<\/strong><\/p>\n<p>At the heart of our cfm flow meter series lies a commitment to excellence, blending advanced sensor technology with user-friendly interfaces. From liquid to gas, our meters deliver unparalleled accuracy, empowering you to make informed decisions and streamline operations. As we usher in a new era of fluid measurement, we invite you to explore the limitless possibilities that our cfm flow meters unlock \u2013 where precision meets performance, and innovation flows seamlessly.<\/p>\n<div style=\"border: 3px solid #f89900; margin: 20px 0; padding: 20px;\"><a href=\"\/pt\/cfm-flow-meter\/#01\">1.How to calibrate a cfm flow meter?<\/a><br \/>\n<a href=\"\/pt\/cfm-flow-meter\/#02\">2.About cfm flow meter customization services<\/a><br \/>\n<a href=\"\/pt\/cfm-flow-meter\/#03\">3.About cfm flow meter warranty<\/a><br \/>\n<a href=\"\/pt\/cfm-flow-meter\/#04\">4.What is the difference between cfm flow meter SUYI group vs cfm flow meter Siemens vs cfm flow meter GE<\/a><br \/>\n<a href=\"\/pt\/cfm-flow-meter\/#05\">5.About cfm flow meter origin<\/a><br \/>\n<a href=\"\/pt\/cfm-flow-meter\/#06\">6.What is the weight and dimensions of the cfm flow meter?<\/a><br \/>\n<a href=\"\/pt\/cfm-flow-meter\/#07\">7.About cfm flow meter production skills training<\/a><br \/>\n<a href=\"\/pt\/cfm-flow-meter\/#08\">8.How does the cfm flow meter detect the properties of the target fluid?<\/a><br \/>\n<a href=\"\/pt\/cfm-flow-meter\/#09\">9.About cfm flow meter quality system<\/a><br \/>\n<a href=\"\/pt\/cfm-flow-meter\/#010\">10.What is the difference between cfm flow meter SUYI group vs cfm flow meter Yokogawa vs cfm flow meter ABB<\/a><br \/>\n<a href=\"\/pt\/cfm-flow-meter\/#11\">11.About the scale of cfm flow meter factory<\/a><br \/>\n<a href=\"\/pt\/cfm-flow-meter\/#12\">12.What fluids are cfm flow meters mainly used for measuring?<\/a><br \/>\n<a href=\"\/pt\/cfm-flow-meter\/#13\">13.About cfm flow meter production management system<\/a><br \/>\n<a href=\"\/pt\/cfm-flow-meter\/#14\">14.How does a cfm flow meter measure flow?<\/a><br \/>\n<a href=\"\/pt\/cfm-flow-meter\/#15\">15.About cfm flow meter technology<\/a><br \/>\n<a href=\"\/pt\/cfm-flow-meter\/#16\">16.About cfm flow meter origin<\/a><\/div>\n<div id=\"01\">\n<p><strong>1.How to calibrate a cfm flow meter?<\/strong><\/p>\n<p>Being one of the top cfm flow meter manufacturers in China, We attach great importance to this detail.<br \/>\n1. Verifique as instru\u00e7\u00f5es do fabricante para o medidor de caudal espec\u00edfico que est\u00e1 a utilizar.<\/p>\n<p>2. Certifique-se de que o medidor de caudal est\u00e1 corretamente instalado e de que todas as liga\u00e7\u00f5es est\u00e3o seguras.<\/p>\n<p>3. Ligar o medidor de caudal a um dispositivo de calibra\u00e7\u00e3o, como um dispositivo de calibra\u00e7\u00e3o de caudal ou um circuito de calibra\u00e7\u00e3o de caudal.<\/p>\n<p>4. Regular o dispositivo de calibra\u00e7\u00e3o para o caudal pretendido.<\/p>\n<p>5. Ligar o medidor de caudal e deix\u00e1-lo funcionar durante alguns minutos para garantir a sua estabilidade.<\/p>\n<p>6. Comparar a leitura do medidor de caudal com a leitura do dispositivo de calibra\u00e7\u00e3o.<\/p>\n<p>7. Ajustar as defini\u00e7\u00f5es do medidor de caudal conforme necess\u00e1rio para corresponder \u00e0 leitura do dispositivo de calibra\u00e7\u00e3o.<\/p>\n<p>8. Repetir os passos 4-7 at\u00e9 que a leitura do medidor de caudal coincida com a leitura do dispositivo de calibra\u00e7\u00e3o.<\/p>\n<p>9. Registar as defini\u00e7\u00f5es do medidor de caudal e a leitura do dispositivo de calibra\u00e7\u00e3o para refer\u00eancia futura.<\/p>\n<\/div>\n<div id=\"02\">\n<p><strong>2.About cfm flow meter customization services<\/strong><\/p>\n<p>Os servi\u00e7os de personaliza\u00e7\u00e3o de caudal\u00edmetros s\u00e3o concebidos para fornecer aos clientes uma solu\u00e7\u00e3o \u00e0 medida das suas necessidades espec\u00edficas de medi\u00e7\u00e3o de caudal. Estes servi\u00e7os podem incluir a personaliza\u00e7\u00e3o do medidor de caudal para se adequar a uma aplica\u00e7\u00e3o espec\u00edfica, como um tamanho de tubo ou caudal espec\u00edfico, ou para cumprir um determinado requisito de precis\u00e3o. Os servi\u00e7os de personaliza\u00e7\u00e3o tamb\u00e9m podem incluir a modifica\u00e7\u00e3o do medidor de caudal para incluir caracter\u00edsticas adicionais, tais como um visor ou capacidades de registo de dados. Os servi\u00e7os de personaliza\u00e7\u00e3o de caudal\u00edmetros podem tamb\u00e9m incluir a instala\u00e7\u00e3o do caudal\u00edmetro, bem como o fornecimento de apoio t\u00e9cnico e manuten\u00e7\u00e3o.<\/p>\n<\/div>\n<div id=\"03\">\n<p><strong>3.About cfm flow meter warranty<\/strong><\/p>\n<p>As garantias dos caudal\u00edmetros variam consoante o fabricante e o tipo de caudal\u00edmetro. Geralmente, as garantias cobrem defeitos de materiais e de fabrico, e podem tamb\u00e9m cobrir certos tipos de danos causados pela utiliza\u00e7\u00e3o normal. Algumas garantias podem tamb\u00e9m cobrir danos causados por instala\u00e7\u00e3o ou utiliza\u00e7\u00e3o incorrecta. \u00c9 importante ler as informa\u00e7\u00f5es de garantia fornecidas pelo fabricante para entender a cobertura espec\u00edfica e as limita\u00e7\u00f5es da garantia.<\/p>\n<\/div>\n<div id=\"04\">\n<p><strong>4.What is the difference between cfm flow meter SUYI group vs cfm flow meter Siemens vs cfm flow meter GE<\/strong><\/p>\n<p>Os medidores de caudal do SUYI Group s\u00e3o normalmente utilizados para medir o caudal de l\u00edquidos, gases e vapor. S\u00e3o concebidos para serem precisos, fi\u00e1veis e f\u00e1ceis de instalar e manter. Os medidores de caudal SUYI est\u00e3o dispon\u00edveis numa variedade de tamanhos e materiais, e podem ser utilizados numa variedade de aplica\u00e7\u00f5es.<\/p>\n<p>Os medidores de caudal da Siemens foram concebidos para medir o caudal de l\u00edquidos, gases e vapor. Foram concebidos para serem precisos, fi\u00e1veis e f\u00e1ceis de instalar e manter. Os medidores de caudal da Siemens est\u00e3o dispon\u00edveis numa variedade de tamanhos e materiais e podem ser utilizados numa variedade de aplica\u00e7\u00f5es.<\/p>\n<p>Os medidores de caudal da GE foram concebidos para medir o caudal de l\u00edquidos, gases e vapor. Foram concebidos para serem precisos, fi\u00e1veis e f\u00e1ceis de instalar e manter. Os medidores de caudal da GE est\u00e3o dispon\u00edveis numa grande variedade de tamanhos e materiais e podem ser utilizados numa grande variedade de aplica\u00e7\u00f5es. Oferecem tamb\u00e9m uma vasta gama de funcionalidades, tais como ecr\u00e3s digitais, alarmes e capacidades de registo de dados.<\/p>\n<\/div>\n<div id=\"05\">\n<p><strong>5.About cfm flow meter origin<\/strong><\/p>\n<p>O primeiro medidor de caudal foi inventado em 1832 por um ingl\u00eas chamado William Henry. Ele desenvolveu um dispositivo que utilizava um flutuador para medir o caudal de \u00e1gua num tubo. Este dispositivo foi o primeiro do seu g\u00e9nero e foi o precursor dos medidores de caudal modernos. Desde ent\u00e3o, os medidores de caudal t\u00eam sido utilizados numa variedade de ind\u00fastrias para medir o caudal de l\u00edquidos, gases e outros materiais. Atualmente, os medidores de caudal s\u00e3o utilizados numa variedade de aplica\u00e7\u00f5es, desde a medi\u00e7\u00e3o do caudal de \u00e1gua num tubo at\u00e9 \u00e0 medi\u00e7\u00e3o do caudal de petr\u00f3leo numa refinaria.<\/p>\n<p><img style=\"max-width: 100%;\" title=\"About cfm flow meter origin\" src=\"https:\/\/www.hginstrument.com\/wp-content\/uploads\/2021\/10\/w803e-f3.jpg\" alt=\"About cfm flow meter origin\" \/><\/p>\n<\/div>\n<div id=\"06\">\n<p><strong>6.What is the weight and dimensions of the cfm flow meter?<\/strong><\/p>\n<p>Os nossos produtos e servi\u00e7os abrangem uma vasta gama de \u00e1reas e satisfazem as necessidades de diferentes dom\u00ednios.<br \/>\nO peso e as dimens\u00f5es do medidor de caudal dependem do modelo espec\u00edfico e do fabricante. Geralmente, os caudal\u00edmetros variam em tamanho, desde pequenos dispositivos port\u00e1teis a grandes unidades industriais. O peso de um caudal\u00edmetro pode variar entre algumas on\u00e7as e v\u00e1rias centenas de libras.<\/p>\n<\/div>\n<div id=\"07\">\n<p><strong>7.About cfm flow meter production skills training<\/strong><\/p>\n<p>A forma\u00e7\u00e3o em compet\u00eancias de produ\u00e7\u00e3o de caudal\u00edmetros foi concebida para ensinar aos t\u00e9cnicos e engenheiros as compet\u00eancias necess\u00e1rias para produzir e manter caudal\u00edmetros. A forma\u00e7\u00e3o abrange t\u00f3picos como os princ\u00edpios da medi\u00e7\u00e3o de caudal, os tipos de caudal\u00edmetros dispon\u00edveis, a instala\u00e7\u00e3o e manuten\u00e7\u00e3o de caudal\u00edmetros e t\u00e9cnicas de resolu\u00e7\u00e3o de problemas. A forma\u00e7\u00e3o tamb\u00e9m abrange a utiliza\u00e7\u00e3o de software inform\u00e1tico para analisar e interpretar dados de caudal. A forma\u00e7\u00e3o \u00e9 normalmente realizada em sala de aula e pode incluir actividades pr\u00e1ticas.<\/p>\n<\/div>\n<div id=\"08\">\n<p><strong>8.How does the cfm flow meter detect the properties of the target fluid?<\/strong><\/p>\n<p>As one of the cfm flow meter market leaders, we are known for innovation and reliability.<br \/>\nOs medidores de caudal medem o caudal de um fluido atrav\u00e9s da dete\u00e7\u00e3o da velocidade do fluido. Normalmente, isto \u00e9 feito medindo a queda de press\u00e3o atrav\u00e9s de uma restri\u00e7\u00e3o conhecida no percurso do caudal, ou medindo a velocidade do fluido utilizando uma variedade de tecnologias como a ultra-s\u00f3nica, magn\u00e9tica ou t\u00e9rmica. O caudal pode ent\u00e3o ser utilizado para calcular as propriedades do fluido, como a densidade, a viscosidade e o caudal volum\u00e9trico.<\/p>\n<\/div>\n<div id=\"09\">\n<p><strong>9.About cfm flow meter quality system<\/strong><\/p>\n<p>Um sistema de qualidade de medidores de caudal \u00e9 um conjunto de processos e procedimentos que s\u00e3o utilizados para garantir que os medidores de caudal s\u00e3o fabricados e testados de forma a cumprirem os mais elevados padr\u00f5es de precis\u00e3o e fiabilidade. O sistema inclui medidas de controlo de qualidade, como a inspe\u00e7\u00e3o do material recebido, a inspe\u00e7\u00e3o durante o processo e o teste do produto final. Inclui tamb\u00e9m documenta\u00e7\u00e3o e manuten\u00e7\u00e3o de registos para garantir que todos os processos s\u00e3o seguidos e que quaisquer problemas s\u00e3o tratados de forma r\u00e1pida e eficaz. O sistema foi concebido para garantir que os medidores de caudal produzidos s\u00e3o da mais elevada qualidade e cumprem os requisitos do cliente.<\/p>\n<\/div>\n<div id=\"010\">\n<p><strong>10.What is the difference between cfm flow meter SUYI group vs cfm flow meter Yokogawa vs cfm flow meter ABB<\/strong><\/p>\n<p>Os medidores de caudal do Grupo SUYI, Yokogawa e ABB medem todos o caudal de um fluido, mas diferem em termos de precis\u00e3o, caracter\u00edsticas e custo. Os medidores de caudal do Grupo SUYI s\u00e3o normalmente mais acess\u00edveis do que os medidores de caudal da Yokogawa e da ABB, mas podem n\u00e3o ter tantas caracter\u00edsticas ou uma precis\u00e3o t\u00e3o elevada. Os caudal\u00edmetros Yokogawa s\u00e3o conhecidos pela sua precis\u00e3o e fiabilidade, mas tendem a ser mais caros do que os caudal\u00edmetros do Grupo SUYI e da ABB. Os caudal\u00edmetros ABB s\u00e3o conhecidos pela sua robustez e durabilidade, mas tamb\u00e9m s\u00e3o mais caros do que as outras duas marcas.<\/p>\n<p><img style=\"max-width: 100%;\" title=\"What is the difference between cfm flow meter SUYI group vs cfm flow meter Yokogawa vs cfm flow meter ABB\" src=\"https:\/\/www.hginstrument.com\/wp-content\/uploads\/2021\/07\/ltb-1.jpg\" alt=\"What is the difference between cfm flow meter SUYI group vs cfm flow meter Yokogawa vs cfm flow meter ABB\" \/><\/p>\n<\/div>\n<div id=\"11\">\n<p><strong>11.About the scale of cfm flow meter factory<\/strong><\/p>\n<p>As f\u00e1bricas de medidores de caudal variam em tamanho e \u00e2mbito, dependendo do tipo de medidores de caudal que produzem. Algumas f\u00e1bricas podem especializar-se na produ\u00e7\u00e3o de um \u00fanico tipo de medidor de caudal, enquanto outras podem produzir uma variedade de tipos diferentes. Algumas f\u00e1bricas podem ser grandes, com centenas de empregados, enquanto outras podem ser pequenas, com apenas alguns empregados. A dimens\u00e3o da f\u00e1brica tamb\u00e9m depender\u00e1 do tipo de caudal\u00edmetros que produz, bem como da procura desses caudal\u00edmetros.<\/p>\n<\/div>\n<div id=\"12\">\n<p><strong>12.What fluids are cfm flow meters mainly used for measuring?<\/strong><\/p>\n<p>Apostamos no trabalho de equipa e na comunica\u00e7\u00e3o para atingir objectivos comuns.<br \/>\nOs medidores de caudal s\u00e3o utilizados principalmente para medir o caudal de l\u00edquidos, gases e vapor.<\/p>\n<\/div>\n<div id=\"13\">\n<p><strong>13.About cfm flow meter production management system<\/strong><\/p>\n<p>Um sistema de gest\u00e3o da produ\u00e7\u00e3o de caudal\u00edmetros \u00e9 uma solu\u00e7\u00e3o de software concebida para ajudar os fabricantes a gerir a produ\u00e7\u00e3o de caudal\u00edmetros. O sistema pode ser utilizado para acompanhar o processo de produ\u00e7\u00e3o do in\u00edcio ao fim, incluindo a encomenda de mat\u00e9rias-primas, a montagem de componentes e o teste e calibra\u00e7\u00e3o do produto acabado. O sistema tamb\u00e9m pode ser utilizado para monitorizar a qualidade do processo de produ\u00e7\u00e3o, garantindo que os medidores de caudal cumprem as normas exigidas. Al\u00e9m disso, o sistema pode ser utilizado para gerar relat\u00f3rios e analisar dados para ajudar os fabricantes a melhorar os seus processos de produ\u00e7\u00e3o.<\/p>\n<\/div>\n<div id=\"14\">\n<p><strong>14.How does a cfm flow meter measure flow?<\/strong><\/p>\n<p>We operate our cfm flow meter business with integrity and honesty.<br \/>\nUm medidor de caudal mede o caudal atrav\u00e9s da medi\u00e7\u00e3o da velocidade de um fluido \u00e0 medida que este passa atrav\u00e9s de um tubo ou outra conduta. Normalmente, isto \u00e9 feito medindo a queda de press\u00e3o numa \u00e1rea conhecida, ou medindo o tempo que demora um volume de fluido a passar por uma \u00e1rea conhecida. Outros m\u00e9todos incluem a utiliza\u00e7\u00e3o de uma turbina, roda de p\u00e1s ou transdutor ultrass\u00f3nico para medir a velocidade do fluido.<\/p>\n<\/div>\n<div id=\"15\">\n<p><strong>15.About cfm flow meter technology<\/strong><\/p>\n<p>A tecnologia de medidores de caudal \u00e9 um tipo de tecnologia de medi\u00e7\u00e3o utilizada para medir o caudal de um fluido ou g\u00e1s. \u00c9 utilizada numa variedade de ind\u00fastrias, incluindo petr\u00f3leo e g\u00e1s, \u00e1gua e \u00e1guas residuais, e processamento qu\u00edmico. Os medidores de caudal medem o caudal de um fluido ou g\u00e1s atrav\u00e9s da medi\u00e7\u00e3o da press\u00e3o, velocidade ou outras propriedades f\u00edsicas do fluido ou g\u00e1s. Os medidores de caudal podem ser utilizados para medir o caudal de l\u00edquidos, gases e vapor. S\u00e3o utilizados para medir o caudal de uma variedade de fluidos, incluindo \u00e1gua, \u00f3leo e produtos qu\u00edmicos. Os medidores de caudal s\u00e3o utilizados numa variedade de aplica\u00e7\u00f5es, incluindo o controlo de processos, a gest\u00e3o de energia e a monitoriza\u00e7\u00e3o da seguran\u00e7a.<\/p>\n<p><img style=\"max-width: 100%;\" title=\"About cfm flow meter technology\" src=\"https:\/\/www.hginstrument.com\/wp-content\/uploads\/2021\/07\/oval-gear-4.jpg\" alt=\"About cfm flow meter technology\" \/><\/p>\n<\/div>\n<div id=\"16\">\n<p><strong>16.About cfm flow meter origin<\/strong><\/p>\n<p>O primeiro medidor de caudal foi inventado em 1832 por um ingl\u00eas chamado William Henry. Ele desenvolveu um dispositivo que utilizava um flutuador para medir o caudal de \u00e1gua num tubo. Este dispositivo foi o primeiro do seu g\u00e9nero e foi o precursor dos medidores de caudal modernos. Desde ent\u00e3o, os medidores de caudal t\u00eam sido utilizados numa variedade de ind\u00fastrias para medir o caudal de l\u00edquidos, gases e outros materiais. Atualmente, os medidores de caudal s\u00e3o utilizados numa variedade de aplica\u00e7\u00f5es, desde a medi\u00e7\u00e3o do caudal de \u00e1gua num tubo at\u00e9 \u00e0 medi\u00e7\u00e3o do caudal de petr\u00f3leo numa refinaria.<\/p>\n<\/div>\n<p>&nbsp;<\/p>\n<p>Etiqueta\uff1a<a href=\"\/pt\/magnetic-flow-meter\/ultrasonic-flow-meter\/\">medidor de caudal ultrass\u00f3nico<\/a>,<a href=\"\/pt\/magnetic-flow-meter\/abb-flow-meter\/\">abb flow meter<\/a>,<a href=\"\/pt\/magnetic-flow-meter\/well-flow-meter\/\">medidor de caudal de po\u00e7o<\/a>,<a href=\"\/pt\/magnetic-flow-meter\/sierra-instruments-flow-meter\/\">sierra instruments flow meter<\/a>,<a href=\"\/pt\/magnetic-flow-meter\/mechanical-air-flow-meter\/\">caudal\u00edmetro mec\u00e2nico de ar<\/a><\/p>\n<p>&nbsp;<\/p>","protected":false},"excerpt":{"rendered":"<p><strong>Dados t\u00e9cnicos<\/strong><br \/>\nPode servir fluidos l\u00edquidos ou gasosos, sendo normalmente utilizado para medir o caudal de vapor, vapor, ar e g\u00e1s natural.<br \/>\nTamanho do contador: Tipo em linha: DN25 - DN300<br \/>\nOp\u00e7\u00e3o de material h\u00famido: SS304, SS316<br \/>\nTemperatura de funcionamento: \u2264250\u2103<br \/>\nLiga\u00e7\u00e3o ao processo: Wafer \/ Flange \/ Tri-clamp para o tipo In-line<br \/>\nPrecis\u00e3o de medi\u00e7\u00e3o: 1,0 % - 1,5% do intervalo de calibra\u00e7\u00e3o<br \/>\nIndicador digital: apresenta o caudal instant\u00e2neo e o caudal total<br \/>\nFonte de alimenta\u00e7\u00e3o: 24VDC, Sa\u00edda: 4-20mA<\/p>\n<p><strong>caracter\u00edsticas<\/strong><br \/>\n1. pontos de regula\u00e7\u00e3o ON\/OFF ajust\u00e1veis<br \/>\n2. modo de alarme de caudal alto ou baixo<br \/>\n3. tempo de atraso ajust\u00e1vel<br \/>\n4. LED de estado do rel\u00e9<\/p>","protected":false},"featured_media":3691,"comment_status":"closed","ping_status":"closed","template":"","meta":[],"product_cat":[2372],"product_tag":[],"acf":[],"_links":{"self":[{"href":"https:\/\/www.hginstrument.com\/pt\/wp-json\/wp\/v2\/product\/5026"}],"collection":[{"href":"https:\/\/www.hginstrument.com\/pt\/wp-json\/wp\/v2\/product"}],"about":[{"href":"https:\/\/www.hginstrument.com\/pt\/wp-json\/wp\/v2\/types\/product"}],"replies":[{"embeddable":true,"href":"https:\/\/www.hginstrument.com\/pt\/wp-json\/wp\/v2\/comments?post=5026"}],"wp:featuredmedia":[{"embeddable":true,"href":"https:\/\/www.hginstrument.com\/pt\/wp-json\/wp\/v2\/media\/3691"}],"wp:attachment":[{"href":"https:\/\/www.hginstrument.com\/pt\/wp-json\/wp\/v2\/media?parent=5026"}],"wp:term":[{"taxonomy":"product_cat","embeddable":true,"href":"https:\/\/www.hginstrument.com\/pt\/wp-json\/wp\/v2\/product_cat?post=5026"},{"taxonomy":"product_tag","embeddable":true,"href":"https:\/\/www.hginstrument.com\/pt\/wp-json\/wp\/v2\/product_tag?post=5026"}],"curies":[{"name":"wp","href":"https:\/\/api.w.org\/{rel}","templated":true}]}}