{"id":5036,"date":"2023-12-23T15:50:07","date_gmt":"2023-12-23T07:50:07","guid":{"rendered":"https:\/\/www.hginstrument.com\/?post_type=product&#038;p=5036"},"modified":"2024-01-08T16:34:20","modified_gmt":"2024-01-08T08:34:20","slug":"chilled-water-flow-meter","status":"publish","type":"product","link":"https:\/\/www.hginstrument.com\/pt\/magnetic-flow-meter\/chilled-water-flow-meter\/","title":{"rendered":"caudal\u00edmetro de \u00e1gua refrigerada"},"content":{"rendered":"<p>Utilizing advanced technology and high-quality components, chilled water flow meter offers unparalleled accuracy and reliability. Its compact design allows for easy installation, making it suitable for both new and existing piping systems. With a wide variety of sizes and configurations available, chilled water flow meter can cater to the diverse needs of different industries.<\/p>\n<p>The chilled water flow meter is equipped with a digital display, making it easy to read and interpret the flow rate in various units. Its user-friendly interface allows for quick and simple calibration and adjustments.<\/p>\n<p>In addition, chilled water flow meter offers various models for different applications, including electromagnetic, ultrasonic, and thermal dispersion. Each model is designed with specific features to cater to the unique needs of its users.<\/p>\n<table class=\"table table-bordered\">\n<tbody>\n<tr>\n<td><span style=\"vertical-align: inherit;\"><span style=\"vertical-align: inherit;\">Tipo\uff1a<\/span><\/span><\/td>\n<td><span style=\"vertical-align: inherit;\">caudal\u00edmetro de \u00e1gua refrigerada<\/span><\/td>\n<td><span style=\"vertical-align: inherit;\"><span style=\"vertical-align: inherit;\">Sinal de sa\u00edda\uff1a<\/span><\/span><\/td>\n<td><span style=\"vertical-align: inherit;\"><span style=\"vertical-align: inherit;\">4-20 mA, Impulso\/Frequ\u00eancia 2kHz(Predefini\u00e7\u00e3o), 5KHz(M\u00e1x.)<\/span><\/span><\/td>\n<\/tr>\n<tr>\n<td><span style=\"vertical-align: inherit;\"><span style=\"vertical-align: inherit;\">Local de origem\uff1a<\/span><\/span><\/td>\n<td><span style=\"vertical-align: inherit;\"><span style=\"vertical-align: inherit;\">Jiangsu\uff0cChina<\/span><\/span><\/td>\n<td><span style=\"vertical-align: inherit;\"><span style=\"vertical-align: inherit;\">Incorporar tipo\uff1a<\/span><\/span><\/td>\n<td><span style=\"vertical-align: inherit;\"><span style=\"vertical-align: inherit;\">-10\u2103- +51\u2103<\/span><\/span><\/td>\n<\/tr>\n<tr>\n<td><span style=\"vertical-align: inherit;\"><span style=\"vertical-align: inherit;\">Garantia\uff1a<\/span><\/span><\/td>\n<td><span style=\"vertical-align: inherit;\"><span style=\"vertical-align: inherit;\">13 meses<\/span><\/span><\/td>\n<td><span style=\"vertical-align: inherit;\"><span style=\"vertical-align: inherit;\">Tens\u00e3o de alimenta\u00e7\u00e3o\uff1a<\/span><\/span><\/td>\n<td><span style=\"vertical-align: inherit;\"><span style=\"vertical-align: inherit;\">110\/220VAC (100-240VAC), 50Hz\/60Hz; 24VDC\u00b110%<\/span><\/span><\/td>\n<\/tr>\n<tr>\n<td><span style=\"vertical-align: inherit;\"><span style=\"vertical-align: inherit;\">Suporte personalizado\uff1a<\/span><\/span><\/td>\n<td><span style=\"vertical-align: inherit;\"><span style=\"vertical-align: inherit;\">OEM, ODM, OBM<\/span><\/span><\/td>\n<td><span style=\"vertical-align: inherit;\"><span style=\"vertical-align: inherit;\">Comunica\u00e7\u00e3o digital\uff1a<\/span><\/span><\/td>\n<td><span style=\"vertical-align: inherit;\"><span style=\"vertical-align: inherit;\">RS-485, suporta o protocolo padr\u00e3o Mudbugs-RTU; GPRS<\/span><\/span><\/td>\n<\/tr>\n<tr>\n<td><span style=\"vertical-align: inherit;\"><span style=\"vertical-align: inherit;\">Nome da marca\uff1a<\/span><\/span><\/td>\n<td><span style=\"vertical-align: inherit;\"><span style=\"vertical-align: inherit;\">GRUPO SUYI<\/span><\/span><\/td>\n<td><span style=\"vertical-align: inherit;\"><span style=\"vertical-align: inherit;\">Press\u00e3o nominal\uff1a<\/span><\/span><\/td>\n<td><span style=\"vertical-align: inherit;\"><span style=\"vertical-align: inherit;\">1MPa (DN15-DN800), 1,6MPa (DN15-DN800), 2,5MPa (DN15-DN600)<\/span><\/span><\/td>\n<\/tr>\n<tr>\n<td><span style=\"vertical-align: inherit;\"><span style=\"vertical-align: inherit;\">N\u00famero do modelo\uff1a<\/span><\/span><\/td>\n<td><span style=\"vertical-align: inherit;\"><span style=\"vertical-align: inherit;\">outros<\/span><\/span><\/td>\n<td><span style=\"vertical-align: inherit;\"><span style=\"vertical-align: inherit;\">Sensor\uff1a<\/span><\/span><\/td>\n<td><span style=\"vertical-align: inherit;\"><span style=\"vertical-align: inherit;\">0\u2103- +80\u2103 ou -25\u2103- +120\u2103 ou +70\u2103- +250\u2103<\/span><\/span><\/td>\n<\/tr>\n<tr>\n<td><span style=\"vertical-align: inherit;\"><span style=\"vertical-align: inherit;\">Nome do produto\uff1a<\/span><\/span><\/td>\n<td><span style=\"vertical-align: inherit;\"><span style=\"vertical-align: inherit;\">Medidor de caudal de \u00e1gua qu\u00edmica digital inteligente eletromagn\u00e9tico<\/span><\/span><\/td>\n<td><span style=\"vertical-align: inherit;\"><span style=\"vertical-align: inherit;\">Detalhes da embalagem\uff1a<\/span><\/span><\/td>\n<td><span style=\"vertical-align: inherit;\"><span style=\"vertical-align: inherit;\">1 conjunto por embalagem ou conforme o pedido do cliente<\/span><\/span><\/td>\n<\/tr>\n<tr>\n<td><span style=\"vertical-align: inherit;\"><span style=\"vertical-align: inherit;\">Di\u00e2metro nominal\uff1a<\/span><\/span><\/td>\n<td><span style=\"vertical-align: inherit;\"><span style=\"vertical-align: inherit;\">3-2520mm<\/span><\/span><\/td>\n<td><span style=\"vertical-align: inherit;\"><span style=\"vertical-align: inherit;\">Capacidade de fornecimento\uff1a<\/span><\/span><\/td>\n<td><span style=\"vertical-align: inherit;\"><span style=\"vertical-align: inherit;\">1945 Set\/Sets per Month<\/span><\/span><\/td>\n<\/tr>\n<tr>\n<td><span style=\"vertical-align: inherit;\"><span style=\"vertical-align: inherit;\">gama de velocidades\uff1a<\/span><\/span><\/td>\n<td><span style=\"vertical-align: inherit;\"><span style=\"vertical-align: inherit;\">0-11m\/s<\/span><\/span><\/td>\n<td><span style=\"vertical-align: inherit;\"><span style=\"vertical-align: inherit;\">Quantidade (conjuntos)\uff1a<\/span><\/span><\/td>\n<td><span style=\"vertical-align: inherit;\"><span style=\"vertical-align: inherit;\">&gt; 30<\/span><\/span><\/td>\n<\/tr>\n<tr>\n<td><span style=\"vertical-align: inherit;\"><span style=\"vertical-align: inherit;\">Grau de precis\u00e3o\uff1a<\/span><\/span><\/td>\n<td><span style=\"vertical-align: inherit;\"><span style=\"vertical-align: inherit;\">\u00b10,5%R, \u00b11%R ( &lt; DN20)<\/span><\/span><\/td>\n<td><span style=\"vertical-align: inherit;\"><span style=\"vertical-align: inherit;\">Prazo de execu\u00e7\u00e3o (dias)\uff1a<\/span><\/span><\/td>\n<td><span style=\"vertical-align: inherit;\"><span style=\"vertical-align: inherit;\">A ser negociado<\/span><\/span><\/td>\n<\/tr>\n<\/tbody>\n<\/table>\n<p>&nbsp;<\/p>\n<p>&nbsp;<\/p>\n<p style=\"text-align: center;\"><img title=\"caudal\u00edmetro de \u00e1gua refrigerada\" src=\"https:\/\/www.hginstrument.com\/wp-content\/uploads\/2021\/07\/in-line-pipeline-type-hgd-electromagnetic-flow-meter.jpg\" \/><\/p>\n<p>&nbsp;<\/p>\n<p>&nbsp;<\/p>\n<p style=\"text-align: center;\"><img title=\"caudal\u00edmetro de \u00e1gua refrigerada\" src=\"https:\/\/www.hginstrument.com\/wp-content\/uploads\/2021\/07\/insertion-01.jpg\" \/><\/p>\n<p>&nbsp;<\/p>\n<p>&nbsp;<\/p>\n<p style=\"text-align: center;\"><img title=\"caudal\u00edmetro de \u00e1gua refrigerada\" src=\"https:\/\/www.hginstrument.com\/wp-content\/uploads\/2021\/07\/sanitary-mag-1.jpg\" \/><\/p>\n<p><strong>chilled water flow meter FAQs Guide.<\/strong><\/p>\n<p>At the heart of our chilled water flow meter series lies a commitment to excellence, blending advanced sensor technology with user-friendly interfaces. From liquid to gas, our meters deliver unparalleled accuracy, empowering you to make informed decisions and streamline operations. As we usher in a new era of fluid measurement, we invite you to explore the limitless possibilities that our chilled water flow meters unlock \u2013 where precision meets performance, and innovation flows seamlessly.<\/p>\n<div style=\"border: 3px solid #f89900; margin: 20px 0; padding: 20px;\"><a href=\"\/pt\/chilled-water-flow-meter\/#01\">1.About chilled water flow meter production management system<\/a><br \/>\n<a href=\"\/pt\/chilled-water-flow-meter\/#02\">2.What is the difference between chilled water flow meter SUYI group vs chilled water flow meter Siemens vs chilled water flow meter GE<\/a><br \/>\n<a href=\"\/pt\/chilled-water-flow-meter\/#03\">3.About chilled water flow meter delivery date<\/a><br \/>\n<a href=\"\/pt\/chilled-water-flow-meter\/#04\">4.Does the chilled water flow meter have an automatic cleaning function?<\/a><br \/>\n<a href=\"\/pt\/chilled-water-flow-meter\/#05\">5.What is the main principle of chilled water flow meter?<\/a><br \/>\n<a href=\"\/pt\/chilled-water-flow-meter\/#06\">6.Is the chilled water flow meter waterproof?<\/a><br \/>\n<a href=\"\/pt\/chilled-water-flow-meter\/#07\">7.About chilled water flow meter inventory<\/a><br \/>\n<a href=\"\/pt\/chilled-water-flow-meter\/#08\">8.About chilled water flow meter quality system<\/a><br \/>\n<a href=\"\/pt\/chilled-water-flow-meter\/#09\">9.Does the chilled water flow meter have an automatic alarm function?<\/a><br \/>\n<a href=\"\/pt\/chilled-water-flow-meter\/#010\">10.About chilled water flow meter production equipment<\/a><br \/>\n<a href=\"\/pt\/chilled-water-flow-meter\/#11\">11.About chilled water flow meter production capacity<\/a><br \/>\n<a href=\"\/pt\/chilled-water-flow-meter\/#12\">12.How accurate is the chilled water flow meter?<\/a><br \/>\n<a href=\"\/pt\/chilled-water-flow-meter\/#13\">13.Does the explosion-proof performance of chilled water flow meter meet relevant standards?<\/a><\/div>\n<div id=\"01\">\n<p><strong>1.About chilled water flow meter production management system<\/strong><\/p>\n<p>Um sistema de gest\u00e3o da produ\u00e7\u00e3o de caudal\u00edmetros \u00e9 uma solu\u00e7\u00e3o de software concebida para ajudar os fabricantes a gerir a produ\u00e7\u00e3o de caudal\u00edmetros. O sistema pode ser utilizado para acompanhar o processo de produ\u00e7\u00e3o do in\u00edcio ao fim, incluindo a encomenda de mat\u00e9rias-primas, a montagem de componentes e o teste e calibra\u00e7\u00e3o do produto acabado. O sistema tamb\u00e9m pode ser utilizado para monitorizar a qualidade do processo de produ\u00e7\u00e3o, garantindo que os medidores de caudal cumprem as normas exigidas. Al\u00e9m disso, o sistema pode ser utilizado para gerar relat\u00f3rios e analisar dados para ajudar os fabricantes a melhorar os seus processos de produ\u00e7\u00e3o.<\/p>\n<\/div>\n<div id=\"02\">\n<p><strong>2.What is the difference between chilled water flow meter SUYI group vs chilled water flow meter Siemens vs chilled water flow meter GE<\/strong><\/p>\n<p>Os medidores de caudal do SUYI Group s\u00e3o normalmente utilizados para medir o caudal de l\u00edquidos, gases e vapor. S\u00e3o concebidos para serem precisos, fi\u00e1veis e f\u00e1ceis de instalar e manter. Os medidores de caudal SUYI est\u00e3o dispon\u00edveis numa variedade de tamanhos e materiais, e podem ser utilizados numa variedade de aplica\u00e7\u00f5es.<\/p>\n<p>Os medidores de caudal da Siemens foram concebidos para medir o caudal de l\u00edquidos, gases e vapor. Foram concebidos para serem precisos, fi\u00e1veis e f\u00e1ceis de instalar e manter. Os medidores de caudal da Siemens est\u00e3o dispon\u00edveis numa variedade de tamanhos e materiais e podem ser utilizados numa variedade de aplica\u00e7\u00f5es.<\/p>\n<p>Os medidores de caudal da GE foram concebidos para medir o caudal de l\u00edquidos, gases e vapor. Foram concebidos para serem precisos, fi\u00e1veis e f\u00e1ceis de instalar e manter. Os medidores de caudal da GE est\u00e3o dispon\u00edveis numa grande variedade de tamanhos e materiais e podem ser utilizados numa grande variedade de aplica\u00e7\u00f5es. Oferecem tamb\u00e9m uma vasta gama de funcionalidades, tais como ecr\u00e3s digitais, alarmes e capacidades de registo de dados.<\/p>\n<\/div>\n<div id=\"03\">\n<p><strong>3.About chilled water flow meter delivery date<\/strong><\/p>\n<p>A data de entrega de um medidor de caudal depender\u00e1 do tipo de medidor de caudal, do fabricante e da disponibilidade do produto. Geralmente, a maioria dos medidores de caudal pode ser entregue no prazo de alguns dias a algumas semanas. No entanto, alguns caudal\u00edmetros especializados podem demorar mais tempo a ser entregues. \u00c9 melhor contactar diretamente o fabricante para obter uma data de entrega precisa.<\/p>\n<\/div>\n<div id=\"04\">\n<p><strong>4.Does the chilled water flow meter have an automatic cleaning function?<\/strong><\/p>\n<p>Being one of the top chilled water flow meter manufacturers in China, We attach great importance to this detail.<br \/>\nN\u00e3o, a maioria dos medidores de caudal n\u00e3o tem uma fun\u00e7\u00e3o de limpeza autom\u00e1tica. No entanto, alguns modelos podem ter uma fun\u00e7\u00e3o de auto-limpeza que pode ser activada manualmente.<\/p>\n<p><img style=\"max-width: 100%;\" title=\"Does the chilled water flow meter have an automatic cleaning function?\" src=\"https:\/\/www.hginstrument.com\/wp-content\/uploads\/2021\/07\/hls-2000h-m2.jpg\" alt=\"Does the chilled water flow meter have an automatic cleaning function?\" \/><\/p>\n<\/div>\n<div id=\"05\">\n<p><strong>5.What is the main principle of chilled water flow meter?<\/strong><\/p>\n<p>Our chilled water flow meter products undergo strict quality control to ensure customer satisfaction.<br \/>\nO princ\u00edpio principal de um medidor de caudal \u00e9 medir o caudal de um fluido ou g\u00e1s atrav\u00e9s de um tubo ou outro recipiente. Normalmente, isto \u00e9 feito medindo a queda de press\u00e3o atrav\u00e9s de uma restri\u00e7\u00e3o conhecida no tubo, ou medindo a velocidade do fluido ou g\u00e1s \u00e0 medida que passa pelo tubo.<\/p>\n<\/div>\n<div id=\"06\">\n<p><strong>6.Is the chilled water flow meter waterproof?<\/strong><\/p>\n<p>Concentramo-nos nas necessidades dos nossos clientes e esfor\u00e7amo-nos por satisfazer as suas expectativas, pelo que levamos isto muito a s\u00e9rio.<br \/>\nN\u00e3o, a maioria dos medidores de caudal n\u00e3o s\u00e3o \u00e0 prova de \u00e1gua. No entanto, alguns modelos podem ser concebidos para serem resistentes \u00e0 \u00e1gua ou \u00e0 prova de \u00e1gua. \u00c9 importante verificar as especifica\u00e7\u00f5es do medidor de caudal para determinar se \u00e9 adequado para utiliza\u00e7\u00e3o em ambientes h\u00famidos ou molhados.<\/p>\n<\/div>\n<div id=\"07\">\n<p><strong>7.About chilled water flow meter inventory<\/strong><\/p>\n<p>O invent\u00e1rio de caudal\u00edmetros \u00e9 um sistema utilizado para controlar e gerir os caudal\u00edmetros utilizados em aplica\u00e7\u00f5es industriais e comerciais. \u00c9 utilizado para monitorizar o desempenho dos medidores de caudal, bem como para garantir que s\u00e3o devidamente mantidos e calibrados. O sistema de invent\u00e1rio tamb\u00e9m pode ser utilizado para controlar o custo dos medidores de caudal, bem como para identificar quaisquer problemas ou quest\u00f5es potenciais com os medidores de caudal.<\/p>\n<\/div>\n<div id=\"08\">\n<p><strong>8.About chilled water flow meter quality system<\/strong><\/p>\n<p>Um sistema de qualidade de medidores de caudal \u00e9 um conjunto de processos e procedimentos que s\u00e3o utilizados para garantir que os medidores de caudal s\u00e3o fabricados e testados de forma a cumprirem os mais elevados padr\u00f5es de precis\u00e3o e fiabilidade. O sistema inclui medidas de controlo de qualidade, como a inspe\u00e7\u00e3o do material recebido, a inspe\u00e7\u00e3o durante o processo e o teste do produto final. Inclui tamb\u00e9m documenta\u00e7\u00e3o e manuten\u00e7\u00e3o de registos para garantir que todos os processos s\u00e3o seguidos e que quaisquer problemas s\u00e3o tratados de forma r\u00e1pida e eficaz. O sistema foi concebido para garantir que os medidores de caudal produzidos s\u00e3o da mais elevada qualidade e cumprem os requisitos do cliente.<\/p>\n<p><img style=\"max-width: 100%;\" title=\"About chilled water flow meter quality system\" src=\"https:\/\/www.hginstrument.com\/wp-content\/uploads\/2021\/07\/dsrt-1.jpg\" alt=\"About chilled water flow meter quality system\" \/><\/p>\n<\/div>\n<div id=\"09\">\n<p><strong>9.Does the chilled water flow meter have an automatic alarm function?<\/strong><\/p>\n<p>Aderimos ao princ\u00edpio da qualidade em primeiro lugar e temos um sistema completo de gest\u00e3o da qualidade da produ\u00e7\u00e3o e um processo de inspe\u00e7\u00e3o da qualidade.<br \/>\nMuitos medidores de caudal t\u00eam uma fun\u00e7\u00e3o de alarme autom\u00e1tico, mas isso depende do modelo espec\u00edfico. \u00c9 melhor verificar as especifica\u00e7\u00f5es do produto para determinar se o medidor de caudal que est\u00e1 a considerar tem esta fun\u00e7\u00e3o.<\/p>\n<\/div>\n<div id=\"010\">\n<p><strong>10.About chilled water flow meter production equipment<\/strong><\/p>\n<p>O equipamento de produ\u00e7\u00e3o de flux\u00f3metros \u00e9 utilizado para fabricar flux\u00f3metros, que s\u00e3o dispositivos utilizados para medir a taxa de fluxo de um l\u00edquido ou g\u00e1s. Este equipamento inclui normalmente uma variedade de m\u00e1quinas e ferramentas, tais como tornos, fresadoras, prensas de perfura\u00e7\u00e3o e m\u00e1quinas CNC. Inclui tamb\u00e9m ferramentas especializadas para montar e testar medidores de caudal. O equipamento utilizado para produzir medidores de caudal \u00e9 altamente especializado e deve ser capaz de produzir resultados precisos e fi\u00e1veis.<\/p>\n<\/div>\n<div id=\"11\">\n<p><strong>11.About chilled water flow meter production capacity<\/strong><\/p>\n<p>A capacidade de produ\u00e7\u00e3o de medidores de caudal depende do tipo de medidor de caudal que est\u00e1 a ser produzido. Geralmente, a capacidade de produ\u00e7\u00e3o \u00e9 determinada pela dimens\u00e3o da instala\u00e7\u00e3o de produ\u00e7\u00e3o, pelo n\u00famero de m\u00e1quinas e pessoal dispon\u00edvel e pelo tipo de medidor de caudal que est\u00e1 a ser produzido. Por exemplo, uma instala\u00e7\u00e3o de produ\u00e7\u00e3o especializada na produ\u00e7\u00e3o de caudal\u00edmetros de turbina pode ter uma capacidade de produ\u00e7\u00e3o superior \u00e0 de uma instala\u00e7\u00e3o que produz caudal\u00edmetros ultra-s\u00f3nicos. Al\u00e9m disso, a capacidade de produ\u00e7\u00e3o de uma instala\u00e7\u00e3o pode ser afetada pela complexidade do medidor de caudal que est\u00e1 a ser produzido, bem como pela disponibilidade de mat\u00e9rias-primas e componentes.<\/p>\n<\/div>\n<div id=\"12\">\n<p><strong>12.How accurate is the chilled water flow meter?<\/strong><\/p>\n<p>We are a professional chilled water flow meter company dedicated to providing high quality products and services.<br \/>\nA precis\u00e3o de um medidor de caudal depende do tipo de medidor de caudal utilizado. Geralmente, a maioria dos medidores de caudal tem uma precis\u00e3o de 1-2% do caudal real. No entanto, alguns medidores de caudal podem ser mais precisos do que isso, dependendo do tipo e da qualidade do medidor.<\/p>\n<p><img style=\"max-width: 100%;\" title=\"How accurate is the chilled water flow meter?\" src=\"https:\/\/www.hginstrument.com\/wp-content\/uploads\/2021\/07\/insertion-01.jpg\" alt=\"How accurate is the chilled water flow meter?\" \/><\/p>\n<\/div>\n<div id=\"13\">\n<p><strong>13.Does the explosion-proof performance of chilled water flow meter meet relevant standards?<\/strong><\/p>\n<p>Sim, o desempenho \u00e0 prova de explos\u00e3o do medidor de caudal cumpre as normas relevantes. O medidor de caudal deve ser certificado por um organismo de certifica\u00e7\u00e3o reconhecido para garantir que cumpre os requisitos das normas relevantes.<\/p>\n<\/div>\n<p>&nbsp;<\/p>\n<p>Etiqueta\uff1a<a href=\"\/pt\/magnetic-flow-meter\/victor-nitrogen-flow-meter\/\">victor nitrogen flow meter<\/a>,<a href=\"\/pt\/magnetic-flow-meter\/gas-flow-meter-calibration\/\">calibra\u00e7\u00e3o de caudal\u00edmetros de g\u00e1s<\/a>,<a href=\"\/pt\/magnetic-flow-meter\/z-wave-flow-meter\/\">z wave flow meter<\/a><\/p>\n<p>&nbsp;<\/p>","protected":false},"excerpt":{"rendered":"<p><strong>Dados t\u00e9cnicos<\/strong><br \/>\nPode servir fluidos l\u00edquidos ou gasosos, sendo normalmente utilizado para medir o caudal de vapor, vapor, ar e g\u00e1s natural.<br \/>\nTamanho do contador: Tipo em linha: DN25 - DN300<br \/>\nOp\u00e7\u00e3o de material h\u00famido: SS304, SS316<br \/>\nTemperatura de funcionamento: \u2264250\u2103<br \/>\nLiga\u00e7\u00e3o ao processo: Wafer \/ Flange \/ Tri-clamp para o tipo In-line<br \/>\nPrecis\u00e3o de medi\u00e7\u00e3o: 1,0 % - 1,5% do intervalo de calibra\u00e7\u00e3o<br \/>\nIndicador digital: apresenta o caudal instant\u00e2neo e o caudal total<br \/>\nFonte de alimenta\u00e7\u00e3o: 24VDC, Sa\u00edda: 4-20mA<\/p>\n<p><strong>caracter\u00edsticas<\/strong><br \/>\n1. pontos de regula\u00e7\u00e3o ON\/OFF ajust\u00e1veis<br \/>\n2. modo de alarme de caudal alto ou baixo<br \/>\n3. tempo de atraso ajust\u00e1vel<br \/>\n4. LED de estado do rel\u00e9<\/p>","protected":false},"featured_media":3691,"comment_status":"closed","ping_status":"closed","template":"","meta":[],"product_cat":[2372],"product_tag":[],"acf":[],"_links":{"self":[{"href":"https:\/\/www.hginstrument.com\/pt\/wp-json\/wp\/v2\/product\/5036"}],"collection":[{"href":"https:\/\/www.hginstrument.com\/pt\/wp-json\/wp\/v2\/product"}],"about":[{"href":"https:\/\/www.hginstrument.com\/pt\/wp-json\/wp\/v2\/types\/product"}],"replies":[{"embeddable":true,"href":"https:\/\/www.hginstrument.com\/pt\/wp-json\/wp\/v2\/comments?post=5036"}],"wp:featuredmedia":[{"embeddable":true,"href":"https:\/\/www.hginstrument.com\/pt\/wp-json\/wp\/v2\/media\/3691"}],"wp:attachment":[{"href":"https:\/\/www.hginstrument.com\/pt\/wp-json\/wp\/v2\/media?parent=5036"}],"wp:term":[{"taxonomy":"product_cat","embeddable":true,"href":"https:\/\/www.hginstrument.com\/pt\/wp-json\/wp\/v2\/product_cat?post=5036"},{"taxonomy":"product_tag","embeddable":true,"href":"https:\/\/www.hginstrument.com\/pt\/wp-json\/wp\/v2\/product_tag?post=5036"}],"curies":[{"name":"wp","href":"https:\/\/api.w.org\/{rel}","templated":true}]}}