{"id":5076,"date":"2023-12-23T17:15:51","date_gmt":"2023-12-23T09:15:51","guid":{"rendered":"https:\/\/www.hginstrument.com\/?post_type=product&#038;p=5076"},"modified":"2024-01-08T16:16:08","modified_gmt":"2024-01-08T08:16:08","slug":"compressed-air-flow-meter-cfm","status":"publish","type":"product","link":"https:\/\/www.hginstrument.com\/pt\/magnetic-flow-meter\/compressed-air-flow-meter-cfm\/","title":{"rendered":"caudal\u00edmetro de ar comprimido cfm"},"content":{"rendered":"<p>O medidor de caudal de ar comprimido cfm \u00e9 um dispositivo de medi\u00e7\u00e3o de caudal altamente avan\u00e7ado e personaliz\u00e1vel, concebido para uma vasta gama de aplica\u00e7\u00f5es industriais e comerciais. Este dispositivo utiliza tecnologia de ponta, incluindo sensores de precis\u00e3o e algoritmos avan\u00e7ados, para medir e monitorizar com precis\u00e3o os caudais de v\u00e1rios l\u00edquidos e gases.<\/p>\n<p>Uma das principais caracter\u00edsticas do medidor de caudal de ar comprimido cfm \u00e9 a sua elevada precis\u00e3o, com uma margem de erro inferior a 1%. Isto torna-o ideal para medi\u00e7\u00f5es precisas e processos cr\u00edticos. Al\u00e9m disso, o dispositivo tem uma ampla gama de medi\u00e7\u00e3o e pode lidar com caudais baixos e altos, tornando-o adequado para uma variedade de necessidades industriais.<\/p>\n<p>A instala\u00e7\u00e3o e a manuten\u00e7\u00e3o do caudal\u00edmetro de ar comprimido cfm s\u00e3o r\u00e1pidas e f\u00e1ceis, gra\u00e7as ao seu design simples e \u00e0 sua interface intuitiva. Com o seu desempenho fi\u00e1vel e pre\u00e7o econ\u00f3mico, o caudal\u00edmetro de ar comprimido cfm \u00e9 uma ferramenta essencial para qualquer aplica\u00e7\u00e3o de medi\u00e7\u00e3o de fluidos. \u00c9 uma escolha de confian\u00e7a e preferida para clientes em todo o mundo e tem um historial comprovado de fornecer medi\u00e7\u00f5es precisas de caudal de ar comprimido.<\/p>\n<table class=\"table table-bordered\">\n<tbody>\n<tr>\n<td><span style=\"vertical-align: inherit;\"><span style=\"vertical-align: inherit;\">Tipo\uff1a<\/span><\/span><\/td>\n<td><span style=\"vertical-align: inherit;\">caudal\u00edmetro de ar comprimido cfm<\/span><\/td>\n<td><span style=\"vertical-align: inherit;\"><span style=\"vertical-align: inherit;\">Sinal de sa\u00edda\uff1a<\/span><\/span><\/td>\n<td><span style=\"vertical-align: inherit;\"><span style=\"vertical-align: inherit;\">4-20 mA, Impulso\/Frequ\u00eancia 2kHz(Predefini\u00e7\u00e3o), 5KHz(M\u00e1x.)<\/span><\/span><\/td>\n<\/tr>\n<tr>\n<td><span style=\"vertical-align: inherit;\"><span style=\"vertical-align: inherit;\">Local de origem\uff1a<\/span><\/span><\/td>\n<td><span style=\"vertical-align: inherit;\"><span style=\"vertical-align: inherit;\">Jiangsu, China<\/span><\/span><\/td>\n<td><span style=\"vertical-align: inherit;\"><span style=\"vertical-align: inherit;\">Incorporar tipo\uff1a<\/span><\/span><\/td>\n<td><span style=\"vertical-align: inherit;\"><span style=\"vertical-align: inherit;\">-10\u2103- +54\u2103<\/span><\/span><\/td>\n<\/tr>\n<tr>\n<td><span style=\"vertical-align: inherit;\"><span style=\"vertical-align: inherit;\">Garantia\uff1a<\/span><\/span><\/td>\n<td><span style=\"vertical-align: inherit;\"><span style=\"vertical-align: inherit;\">24 meses<\/span><\/span><\/td>\n<td><span style=\"vertical-align: inherit;\"><span style=\"vertical-align: inherit;\">Tens\u00e3o de alimenta\u00e7\u00e3o\uff1a<\/span><\/span><\/td>\n<td><span style=\"vertical-align: inherit;\"><span style=\"vertical-align: inherit;\">110\/220VAC (100-240VAC), 50Hz\/60Hz; 24VDC\u00b110%<\/span><\/span><\/td>\n<\/tr>\n<tr>\n<td><span style=\"vertical-align: inherit;\"><span style=\"vertical-align: inherit;\">Suporte personalizado\uff1a<\/span><\/span><\/td>\n<td><span style=\"vertical-align: inherit;\"><span style=\"vertical-align: inherit;\">OEM, ODM, OBM<\/span><\/span><\/td>\n<td><span style=\"vertical-align: inherit;\"><span style=\"vertical-align: inherit;\">Comunica\u00e7\u00e3o digital\uff1a<\/span><\/span><\/td>\n<td><span style=\"vertical-align: inherit;\"><span style=\"vertical-align: inherit;\">RS-485, suporta o protocolo padr\u00e3o Mudbugs-RTU; GPRS<\/span><\/span><\/td>\n<\/tr>\n<tr>\n<td><span style=\"vertical-align: inherit;\"><span style=\"vertical-align: inherit;\">Nome da marca\uff1a<\/span><\/span><\/td>\n<td><span style=\"vertical-align: inherit;\"><span style=\"vertical-align: inherit;\">GRUPO SUYI<\/span><\/span><\/td>\n<td><span style=\"vertical-align: inherit;\"><span style=\"vertical-align: inherit;\">Press\u00e3o nominal\uff1a<\/span><\/span><\/td>\n<td><span style=\"vertical-align: inherit;\"><span style=\"vertical-align: inherit;\">1MPa (DN15-DN800), 1,6MPa (DN15-DN800), 2,5MPa (DN15-DN600)<\/span><\/span><\/td>\n<\/tr>\n<tr>\n<td><span style=\"vertical-align: inherit;\"><span style=\"vertical-align: inherit;\">N\u00famero do modelo\uff1a<\/span><\/span><\/td>\n<td><span style=\"vertical-align: inherit;\"><span style=\"vertical-align: inherit;\">outros<\/span><\/span><\/td>\n<td><span style=\"vertical-align: inherit;\"><span style=\"vertical-align: inherit;\">Sensor\uff1a<\/span><\/span><\/td>\n<td><span style=\"vertical-align: inherit;\"><span style=\"vertical-align: inherit;\">0\u2103- +80\u2103 ou -25\u2103- +120\u2103 ou +70\u2103- +250\u2103<\/span><\/span><\/td>\n<\/tr>\n<tr>\n<td><span style=\"vertical-align: inherit;\"><span style=\"vertical-align: inherit;\">Nome do produto\uff1a<\/span><\/span><\/td>\n<td><span style=\"vertical-align: inherit;\"><span style=\"vertical-align: inherit;\">Medidor de caudal de \u00e1gua qu\u00edmica digital inteligente eletromagn\u00e9tico<\/span><\/span><\/td>\n<td><span style=\"vertical-align: inherit;\"><span style=\"vertical-align: inherit;\">Detalhes da embalagem\uff1a<\/span><\/span><\/td>\n<td><span style=\"vertical-align: inherit;\"><span style=\"vertical-align: inherit;\">1 conjunto por embalagem ou conforme o pedido do cliente<\/span><\/span><\/td>\n<\/tr>\n<tr>\n<td><span style=\"vertical-align: inherit;\"><span style=\"vertical-align: inherit;\">Di\u00e2metro nominal\uff1a<\/span><\/span><\/td>\n<td><span style=\"vertical-align: inherit;\"><span style=\"vertical-align: inherit;\">3-3271mm<\/span><\/span><\/td>\n<td><span style=\"vertical-align: inherit;\"><span style=\"vertical-align: inherit;\">Capacidade de fornecimento\uff1a<\/span><\/span><\/td>\n<td><span style=\"vertical-align: inherit;\"><span style=\"vertical-align: inherit;\">2081 conjuntos\/conjuntos por m\u00eas<\/span><\/span><\/td>\n<\/tr>\n<tr>\n<td><span style=\"vertical-align: inherit;\"><span style=\"vertical-align: inherit;\">gama de velocidades\uff1a<\/span><\/span><\/td>\n<td><span style=\"vertical-align: inherit;\"><span style=\"vertical-align: inherit;\">0-8m\/s<\/span><\/span><\/td>\n<td><span style=\"vertical-align: inherit;\"><span style=\"vertical-align: inherit;\">Quantidade (conjuntos)\uff1a<\/span><\/span><\/td>\n<td><span style=\"vertical-align: inherit;\"><span style=\"vertical-align: inherit;\">&gt; 30<\/span><\/span><\/td>\n<\/tr>\n<tr>\n<td><span style=\"vertical-align: inherit;\"><span style=\"vertical-align: inherit;\">Grau de precis\u00e3o\uff1a<\/span><\/span><\/td>\n<td><span style=\"vertical-align: inherit;\"><span style=\"vertical-align: inherit;\">\u00b10,5%R, \u00b11%R ( &lt; DN20)<\/span><\/span><\/td>\n<td><span style=\"vertical-align: inherit;\"><span style=\"vertical-align: inherit;\">Prazo de execu\u00e7\u00e3o (dias)\uff1a<\/span><\/span><\/td>\n<td><span style=\"vertical-align: inherit;\"><span style=\"vertical-align: inherit;\">A ser negociado<\/span><\/span><\/td>\n<\/tr>\n<\/tbody>\n<\/table>\n<p>&nbsp;<\/p>\n<p>&nbsp;<\/p>\n<p style=\"text-align: center;\"><img title=\"caudal\u00edmetro de ar comprimido cfm\" src=\"https:\/\/www.hginstrument.com\/wp-content\/uploads\/2021\/07\/in-line-pipeline-type-hgd-electromagnetic-flow-meter.jpg\" \/><\/p>\n<p>&nbsp;<\/p>\n<p>&nbsp;<\/p>\n<p style=\"text-align: center;\"><img title=\"caudal\u00edmetro de ar comprimido cfm\" src=\"https:\/\/www.hginstrument.com\/wp-content\/uploads\/2021\/07\/insertion-01.jpg\" \/><\/p>\n<p>&nbsp;<\/p>\n<p>&nbsp;<\/p>\n<p style=\"text-align: center;\"><img title=\"caudal\u00edmetro de ar comprimido cfm\" src=\"https:\/\/www.hginstrument.com\/wp-content\/uploads\/2021\/07\/sanitary-mag-1.jpg\" \/><\/p>\n<p><strong>medidor de caudal de ar comprimido cfm Guia de perguntas frequentes.<\/strong><\/p>\n<p>No cora\u00e7\u00e3o da nossa s\u00e9rie de caudal\u00edmetros de ar comprimido cfm est\u00e1 um compromisso com a excel\u00eancia, combinando tecnologia avan\u00e7ada de sensores com interfaces de f\u00e1cil utiliza\u00e7\u00e3o. Do l\u00edquido ao g\u00e1s, os nossos medidores proporcionam uma precis\u00e3o sem paralelo, permitindo-lhe tomar decis\u00f5es informadas e otimizar as opera\u00e7\u00f5es. \u00c0 medida que iniciamos uma nova era de medi\u00e7\u00e3o de fluidos, convidamo-lo a explorar as possibilidades ilimitadas que os nossos caudal\u00edmetros de ar comprimido cfms abrem - onde a precis\u00e3o se encontra com o desempenho e a inova\u00e7\u00e3o flui sem problemas.<\/p>\n<div style=\"border: 3px solid #f89900; margin: 20px 0; padding: 20px;\"><a href=\"\/pt\/compressed-air-flow-meter-cfm\/#01\">1. o medidor de caudal de ar comprimido cfm \u00e9 \u00e0 prova de \u00e1gua?<\/a><br \/>\n<a href=\"\/pt\/compressed-air-flow-meter-cfm\/#02\">2. qual \u00e9 a diferen\u00e7a entre o medidor de caudal de ar comprimido cfm grupo SUYI vs medidor de caudal de ar comprimido cfm Siemens vs medidor de caudal de ar comprimido cfm GE<\/a><br \/>\n<a href=\"\/pt\/compressed-air-flow-meter-cfm\/#03\">3. como \u00e9 que o caudal\u00edmetro de ar comprimido cfm detecta as propriedades do fluido alvo?<\/a><br \/>\n<a href=\"\/pt\/compressed-air-flow-meter-cfm\/#04\">4. qual \u00e9 a classifica\u00e7\u00e3o \u00e0 prova de explos\u00e3o do medidor de fluxo de ar comprimido cfm?<\/a><br \/>\n<a href=\"\/pt\/compressed-air-flow-meter-cfm\/#05\">5. o medidor de caudal de ar comprimido cfm tem fun\u00e7\u00e3o de monitoriza\u00e7\u00e3o em tempo real?<\/a><br \/>\n<a href=\"\/pt\/compressed-air-flow-meter-cfm\/#06\">6) O caudal\u00edmetro de ar comprimido cfm pode ser equipado com sensores de precis\u00e3o diferente?<\/a><br \/>\n<a href=\"\/pt\/compressed-air-flow-meter-cfm\/#07\">7.Sobre o sistema de gest\u00e3o da produ\u00e7\u00e3o de caudal\u00edmetro de ar comprimido cfm<\/a><br \/>\n<a href=\"\/pt\/compressed-air-flow-meter-cfm\/#08\">8. o medidor de fluxo de ar comprimido cfm \u00e9 anti-corros\u00e3o?<\/a><br \/>\n<a href=\"\/pt\/compressed-air-flow-meter-cfm\/#09\">9.Quais s\u00e3o as op\u00e7\u00f5es para os materiais exteriores do medidor de caudal de ar comprimido cfm?<\/a><br \/>\n<a href=\"\/pt\/compressed-air-flow-meter-cfm\/#010\">10.Sobre a tecnologia de caudal\u00edmetro de ar comprimido cfm<\/a><br \/>\n<a href=\"\/pt\/compressed-air-flow-meter-cfm\/#11\">11.A unidade de medi\u00e7\u00e3o do caudal\u00edmetro de ar comprimido cfm \u00e9 substitu\u00edvel?<\/a><br \/>\n<a href=\"\/pt\/compressed-air-flow-meter-cfm\/#12\">12.Acerca do caudal\u00edmetro de ar comprimido cfm data de entrega<\/a><br \/>\n<a href=\"\/pt\/compressed-air-flow-meter-cfm\/#13\">13) Os resultados das medi\u00e7\u00f5es do caudal\u00edmetro de ar comprimido em cfm s\u00e3o rastre\u00e1veis?<\/a><br \/>\n<a href=\"\/pt\/compressed-air-flow-meter-cfm\/#14\">14) Qual \u00e9 a gama de medi\u00e7\u00e3o do caudal\u00edmetro de ar comprimido cfm?<\/a><br \/>\n<a href=\"\/pt\/compressed-air-flow-meter-cfm\/#15\">15.Sobre o caudal\u00edmetro de ar comprimido cfm garantia<\/a><\/div>\n<div id=\"01\">\n<p><strong>1. o medidor de caudal de ar comprimido cfm \u00e9 \u00e0 prova de \u00e1gua?<\/strong><\/p>\n<p>Concentramo-nos nas necessidades dos nossos clientes e esfor\u00e7amo-nos por satisfazer as suas expectativas, pelo que levamos isto muito a s\u00e9rio.<br \/>\nN\u00e3o, a maioria dos medidores de caudal n\u00e3o s\u00e3o \u00e0 prova de \u00e1gua. No entanto, alguns modelos podem ser concebidos para serem resistentes \u00e0 \u00e1gua ou \u00e0 prova de \u00e1gua. \u00c9 importante verificar as especifica\u00e7\u00f5es do medidor de caudal para determinar se \u00e9 adequado para utiliza\u00e7\u00e3o em ambientes h\u00famidos ou molhados.<\/p>\n<\/div>\n<div id=\"02\">\n<p><strong>2. qual \u00e9 a diferen\u00e7a entre o medidor de caudal de ar comprimido cfm grupo SUYI vs medidor de caudal de ar comprimido cfm Siemens vs medidor de caudal de ar comprimido cfm GE<\/strong><\/p>\n<p>Os medidores de caudal do SUYI Group s\u00e3o normalmente utilizados para medir o caudal de l\u00edquidos, gases e vapor. S\u00e3o concebidos para serem precisos, fi\u00e1veis e f\u00e1ceis de instalar e manter. Os medidores de caudal SUYI est\u00e3o dispon\u00edveis numa variedade de tamanhos e materiais, e podem ser utilizados numa variedade de aplica\u00e7\u00f5es.<\/p>\n<p>Os medidores de caudal da Siemens foram concebidos para medir o caudal de l\u00edquidos, gases e vapor. Foram concebidos para serem precisos, fi\u00e1veis e f\u00e1ceis de instalar e manter. Os medidores de caudal da Siemens est\u00e3o dispon\u00edveis numa variedade de tamanhos e materiais e podem ser utilizados numa variedade de aplica\u00e7\u00f5es.<\/p>\n<p>Os medidores de caudal da GE foram concebidos para medir o caudal de l\u00edquidos, gases e vapor. Foram concebidos para serem precisos, fi\u00e1veis e f\u00e1ceis de instalar e manter. Os medidores de caudal da GE est\u00e3o dispon\u00edveis numa grande variedade de tamanhos e materiais e podem ser utilizados numa grande variedade de aplica\u00e7\u00f5es. Oferecem tamb\u00e9m uma vasta gama de funcionalidades, tais como ecr\u00e3s digitais, alarmes e capacidades de registo de dados.<\/p>\n<\/div>\n<div id=\"03\">\n<p><strong>3. como \u00e9 que o caudal\u00edmetro de ar comprimido cfm detecta as propriedades do fluido alvo?<\/strong><\/p>\n<p>Como um dos l\u00edderes do mercado de medidores de caudal de ar comprimido cfm, somos conhecidos pela inova\u00e7\u00e3o e fiabilidade.<br \/>\nOs medidores de caudal medem o caudal de um fluido atrav\u00e9s da dete\u00e7\u00e3o da velocidade do fluido. Normalmente, isto \u00e9 feito medindo a queda de press\u00e3o atrav\u00e9s de uma restri\u00e7\u00e3o conhecida no percurso do caudal, ou medindo a velocidade do fluido utilizando uma variedade de tecnologias como a ultra-s\u00f3nica, magn\u00e9tica ou t\u00e9rmica. O caudal pode ent\u00e3o ser utilizado para calcular as propriedades do fluido, como a densidade, a viscosidade e o caudal volum\u00e9trico.<\/p>\n<\/div>\n<div id=\"04\">\n<p><strong>4. qual \u00e9 a classifica\u00e7\u00e3o \u00e0 prova de explos\u00e3o do medidor de fluxo de ar comprimido cfm?<\/strong><\/p>\n<p>Os nossos produtos de medidor de fluxo de ar comprimido cfm s\u00e3o submetidos a um rigoroso controlo de qualidade para garantir a satisfa\u00e7\u00e3o do cliente.<br \/>\nAs classifica\u00e7\u00f5es \u00e0 prova de explos\u00e3o para medidores de caudal variam consoante o tipo de medidor e a aplica\u00e7\u00e3o. Geralmente, os caudal\u00edmetros s\u00e3o classificados para a Classe I, Divis\u00e3o 1, Grupos C e D, ou Classe II, Divis\u00e3o 1, Grupos E, F e G.<\/p>\n<p><img style=\"max-width: 100%;\" title=\"Qual \u00e9 a classifica\u00e7\u00e3o \u00e0 prova de explos\u00e3o do medidor de caudal de ar comprimido cfm?\" src=\"https:\/\/www.hginstrument.com\/wp-content\/uploads\/2021\/07\/nozzle-1.jpg\" alt=\"Qual \u00e9 a classifica\u00e7\u00e3o \u00e0 prova de explos\u00e3o do medidor de caudal de ar comprimido cfm?\" \/><\/p>\n<\/div>\n<div id=\"05\">\n<p><strong>5. o medidor de caudal de ar comprimido cfm tem fun\u00e7\u00e3o de monitoriza\u00e7\u00e3o em tempo real?<\/strong><\/p>\n<p>Sim, alguns medidores de caudal t\u00eam fun\u00e7\u00f5es de monitoriza\u00e7\u00e3o em tempo real. Estes medidores est\u00e3o normalmente equipados com sensores que medem o caudal e transmitem os dados para um sistema de monitoriza\u00e7\u00e3o. Isto permite a monitoriza\u00e7\u00e3o em tempo real do caudal e de outros par\u00e2metros.<\/p>\n<\/div>\n<div id=\"06\">\n<p><strong>6) O caudal\u00edmetro de ar comprimido cfm pode ser equipado com sensores de precis\u00e3o diferente?<\/strong><\/p>\n<p>Sim, os medidores de caudal podem ser equipados com sensores de precis\u00e3o diferente. Est\u00e3o dispon\u00edveis diferentes tipos de caudal\u00edmetros com diferentes n\u00edveis de precis\u00e3o, dependendo da aplica\u00e7\u00e3o. Por exemplo, os caudal\u00edmetros de turbina s\u00e3o normalmente mais precisos do que os caudal\u00edmetros de roda de p\u00e1s.<\/p>\n<\/div>\n<div id=\"07\">\n<p><strong>7.Sobre o sistema de gest\u00e3o da produ\u00e7\u00e3o de caudal\u00edmetro de ar comprimido cfm<\/strong><\/p>\n<p>Um sistema de gest\u00e3o da produ\u00e7\u00e3o de caudal\u00edmetros \u00e9 uma solu\u00e7\u00e3o de software concebida para ajudar os fabricantes a gerir a produ\u00e7\u00e3o de caudal\u00edmetros. O sistema pode ser utilizado para acompanhar o processo de produ\u00e7\u00e3o do in\u00edcio ao fim, incluindo a encomenda de mat\u00e9rias-primas, a montagem de componentes e o teste e calibra\u00e7\u00e3o do produto acabado. O sistema tamb\u00e9m pode ser utilizado para monitorizar a qualidade do processo de produ\u00e7\u00e3o, garantindo que os medidores de caudal cumprem as normas exigidas. Al\u00e9m disso, o sistema pode ser utilizado para gerar relat\u00f3rios e analisar dados para ajudar os fabricantes a melhorar os seus processos de produ\u00e7\u00e3o.<\/p>\n<\/div>\n<div id=\"08\">\n<p><strong>8. o medidor de fluxo de ar comprimido cfm \u00e9 anti-corros\u00e3o?<\/strong><\/p>\n<p>Estabelecemos uma boa reputa\u00e7\u00e3o e parcerias fi\u00e1veis no sector do medidor de caudal de ar comprimido cfm.<br \/>\nSim, a maioria dos medidores de caudal s\u00e3o concebidos para serem resistentes \u00e0 corros\u00e3o. No entanto, o tipo espec\u00edfico de caudal\u00edmetro e o ambiente em que \u00e9 utilizado determinar\u00e3o o grau de resist\u00eancia \u00e0 corros\u00e3o.<\/p>\n<p><img style=\"max-width: 100%;\" title=\"O caudal\u00edmetro de ar comprimido cfm \u00e9 anti-corros\u00e3o?\" src=\"https:\/\/www.hginstrument.com\/wp-content\/uploads\/2021\/07\/hgtf-6.jpg\" alt=\"O caudal\u00edmetro de ar comprimido cfm \u00e9 anti-corros\u00e3o?\" \/><\/p>\n<\/div>\n<div id=\"09\">\n<p><strong>9.Quais s\u00e3o as op\u00e7\u00f5es para os materiais exteriores do medidor de caudal de ar comprimido cfm?<\/strong><\/p>\n<p>O medidor de caudal de ar comprimido cfm n\u00e3o \u00e9 apenas um produto, mas tamb\u00e9m pode ajud\u00e1-lo a ganhar dinheiro.<br \/>\n1. Alum\u00ednio<br \/>\n2. A\u00e7o inoxid\u00e1vel<br \/>\n3. Lat\u00e3o<br \/>\n4. Pl\u00e1stico<br \/>\n5. Polipropileno<br \/>\n6. PVC<br \/>\n7. Policarbonato<br \/>\n8. Fibra de vidro<br \/>\n9. Tit\u00e2nio<br \/>\n10. Cobre<\/p>\n<\/div>\n<div id=\"010\">\n<p><strong>10.Sobre a tecnologia de caudal\u00edmetro de ar comprimido cfm<\/strong><\/p>\n<p>A tecnologia de medidores de caudal \u00e9 um tipo de tecnologia de medi\u00e7\u00e3o utilizada para medir o caudal de um fluido ou g\u00e1s. \u00c9 utilizada numa variedade de ind\u00fastrias, incluindo petr\u00f3leo e g\u00e1s, \u00e1gua e \u00e1guas residuais, e processamento qu\u00edmico. Os medidores de caudal medem o caudal de um fluido ou g\u00e1s atrav\u00e9s da medi\u00e7\u00e3o da press\u00e3o, velocidade ou outras propriedades f\u00edsicas do fluido ou g\u00e1s. Os medidores de caudal podem ser utilizados para medir o caudal de l\u00edquidos, gases e vapor. S\u00e3o utilizados para medir o caudal de uma variedade de fluidos, incluindo \u00e1gua, \u00f3leo e produtos qu\u00edmicos. Os medidores de caudal s\u00e3o utilizados numa variedade de aplica\u00e7\u00f5es, incluindo o controlo de processos, a gest\u00e3o de energia e a monitoriza\u00e7\u00e3o da seguran\u00e7a.<\/p>\n<\/div>\n<div id=\"11\">\n<p><strong>11.A unidade de medi\u00e7\u00e3o do caudal\u00edmetro de ar comprimido cfm \u00e9 substitu\u00edvel?<\/strong><\/p>\n<p>Como um dos principais fabricantes de medidor de fluxo de ar comprimido cfm na China, levamos isso muito a s\u00e9rio.<br \/>\nSim, a unidade de medi\u00e7\u00e3o de um medidor de caudal \u00e9 substitu\u00edvel.<\/p>\n<\/div>\n<div id=\"12\">\n<p><strong>12.Acerca do caudal\u00edmetro de ar comprimido cfm data de entrega<\/strong><\/p>\n<p>A data de entrega de um medidor de caudal depender\u00e1 do tipo de medidor de caudal, do fabricante e da disponibilidade do produto. Geralmente, a maioria dos medidores de caudal pode ser entregue no prazo de alguns dias a algumas semanas. No entanto, alguns caudal\u00edmetros especializados podem demorar mais tempo a ser entregues. \u00c9 melhor contactar diretamente o fabricante para obter uma data de entrega precisa.<\/p>\n<p><img style=\"max-width: 100%;\" title=\"Sobre o caudal\u00edmetro de ar comprimido cfm data de entrega\" src=\"https:\/\/www.hginstrument.com\/wp-content\/uploads\/2021\/07\/wedge-1.jpg\" alt=\"Sobre o caudal\u00edmetro de ar comprimido cfm data de entrega\" \/><\/p>\n<\/div>\n<div id=\"13\">\n<p><strong>13) Os resultados das medi\u00e7\u00f5es do caudal\u00edmetro de ar comprimido em cfm s\u00e3o rastre\u00e1veis?<\/strong><\/p>\n<p>Nossa empresa tem muitos anos de experi\u00eancia e conhecimento do medidor de fluxo de ar comprimido cfm.<br \/>\nSim, os resultados da medi\u00e7\u00e3o do medidor de caudal podem ser rastre\u00e1veis. A rastreabilidade \u00e9 a capacidade de rastrear o hist\u00f3rico, a aplica\u00e7\u00e3o ou a localiza\u00e7\u00e3o de um item por meio de uma identifica\u00e7\u00e3o documentada e registada. Os caudal\u00edmetros s\u00e3o tipicamente calibrados utilizando um padr\u00e3o rastre\u00e1vel, tal como um padr\u00e3o de calibra\u00e7\u00e3o rastre\u00e1vel NIST. Isto assegura que os resultados das medi\u00e7\u00f5es do caudal\u00edmetro s\u00e3o rastre\u00e1veis a um padr\u00e3o conhecido.<\/p>\n<\/div>\n<div id=\"14\">\n<p><strong>14) Qual \u00e9 a gama de medi\u00e7\u00e3o do caudal\u00edmetro de ar comprimido cfm?<\/strong><\/p>\n<p>Actualizamos continuamente as nossas compet\u00eancias e conhecimentos para nos adaptarmos \u00e0 evolu\u00e7\u00e3o das necessidades do mercado de medidores de caudal de ar comprimido cfm.<br \/>\nA gama de medi\u00e7\u00e3o de um medidor de caudal depende do tipo de medidor de caudal utilizado. Geralmente, a gama de medi\u00e7\u00e3o de um medidor de caudal pode variar entre 0,01 e 1000 litros por minuto.<\/p>\n<\/div>\n<div id=\"15\">\n<p><strong>15.Sobre o caudal\u00edmetro de ar comprimido cfm garantia<\/strong><\/p>\n<p>As garantias dos caudal\u00edmetros variam consoante o fabricante e o tipo de caudal\u00edmetro. Geralmente, as garantias cobrem defeitos de materiais e de fabrico, e podem tamb\u00e9m cobrir certos tipos de danos causados pela utiliza\u00e7\u00e3o normal. Algumas garantias podem tamb\u00e9m cobrir danos causados por instala\u00e7\u00e3o ou utiliza\u00e7\u00e3o incorrecta. \u00c9 importante ler as informa\u00e7\u00f5es de garantia fornecidas pelo fabricante para entender a cobertura espec\u00edfica e as limita\u00e7\u00f5es da garantia.<\/p>\n<\/div>\n<p>&nbsp;<\/p>\n<p>Etiqueta\uff1a<a href=\"\/pt\/magnetic-flow-meter\/flow-meter-for-compressed-air\/\">medidor de caudal para ar comprimido<\/a>,<a href=\"\/pt\/magnetic-flow-meter\/air-flow-meter-inline\/\">caudal\u00edmetro de ar em linha<\/a>,<a href=\"\/pt\/magnetic-flow-meter\/flow-meter-sensor\/\">sensor de caudal\u00edmetro<\/a>,<a href=\"\/pt\/magnetic-flow-meter\/non-invasive-flow-meter\/\">medidor de caudal n\u00e3o invasivo<\/a><\/p>\n<p>&nbsp;<\/p>","protected":false},"excerpt":{"rendered":"<p><strong>Dados t\u00e9cnicos<\/strong><br \/>\nPode servir fluidos l\u00edquidos ou gasosos, sendo normalmente utilizado para medir o caudal de vapor, vapor, ar e g\u00e1s natural.<br \/>\nTamanho do contador: Tipo em linha: DN25 - DN300<br \/>\nOp\u00e7\u00e3o de material h\u00famido: SS304, SS316<br \/>\nTemperatura de funcionamento: \u2264250\u2103<br \/>\nLiga\u00e7\u00e3o ao processo: Wafer \/ Flange \/ Tri-clamp para o tipo In-line<br \/>\nPrecis\u00e3o de medi\u00e7\u00e3o: 1,0 % - 1,5% do intervalo de calibra\u00e7\u00e3o<br \/>\nIndicador digital: apresenta o caudal instant\u00e2neo e o caudal total<br \/>\nFonte de alimenta\u00e7\u00e3o: 24VDC, Sa\u00edda: 4-20mA<\/p>\n<p><strong>caracter\u00edsticas<\/strong><br \/>\n1. pontos de regula\u00e7\u00e3o ON\/OFF ajust\u00e1veis<br \/>\n2. modo de alarme de caudal alto ou baixo<br \/>\n3. tempo de atraso ajust\u00e1vel<br \/>\n4. LED de estado do rel\u00e9<\/p>","protected":false},"featured_media":3691,"comment_status":"closed","ping_status":"closed","template":"","meta":[],"product_cat":[2372],"product_tag":[],"acf":[],"_links":{"self":[{"href":"https:\/\/www.hginstrument.com\/pt\/wp-json\/wp\/v2\/product\/5076"}],"collection":[{"href":"https:\/\/www.hginstrument.com\/pt\/wp-json\/wp\/v2\/product"}],"about":[{"href":"https:\/\/www.hginstrument.com\/pt\/wp-json\/wp\/v2\/types\/product"}],"replies":[{"embeddable":true,"href":"https:\/\/www.hginstrument.com\/pt\/wp-json\/wp\/v2\/comments?post=5076"}],"wp:featuredmedia":[{"embeddable":true,"href":"https:\/\/www.hginstrument.com\/pt\/wp-json\/wp\/v2\/media\/3691"}],"wp:attachment":[{"href":"https:\/\/www.hginstrument.com\/pt\/wp-json\/wp\/v2\/media?parent=5076"}],"wp:term":[{"taxonomy":"product_cat","embeddable":true,"href":"https:\/\/www.hginstrument.com\/pt\/wp-json\/wp\/v2\/product_cat?post=5076"},{"taxonomy":"product_tag","embeddable":true,"href":"https:\/\/www.hginstrument.com\/pt\/wp-json\/wp\/v2\/product_tag?post=5076"}],"curies":[{"name":"wp","href":"https:\/\/api.w.org\/{rel}","templated":true}]}}