{"id":5110,"date":"2023-12-23T18:28:40","date_gmt":"2023-12-23T10:28:40","guid":{"rendered":"https:\/\/www.hginstrument.com\/?post_type=product&#038;p=5110"},"modified":"2024-01-08T15:08:40","modified_gmt":"2024-01-08T07:08:40","slug":"digital-hot-water-flow-meter","status":"publish","type":"product","link":"https:\/\/www.hginstrument.com\/pt\/magnetic-flow-meter\/digital-hot-water-flow-meter\/","title":{"rendered":"caudal\u00edmetro digital de \u00e1gua quente"},"content":{"rendered":"<p>Designed for ease of use, our digital hot water flow meter is simple to install and operate, suitable for both professional and non-professional users. It is also extremely durable and able to withstand harsh environments, ensuring long-lasting performance. digital hot water flow meter also provides a user-friendly interface that makes it easy to monitor and log traffic data. Additionally, digital hot water flow meter offers high accuracy, durability, and user-friendliness, making it the perfect choice for your flow measurement needs.<\/p>\n<p>At the heart of digital hot water flow meter is technology that measures and records flow, providing accurate and reliable readings. There are different types of digital hot water flow meter including magnetic, ultrasonic, Doppler wire flow meter, Coriolis and turbine, each designed for specific applications and fluid types.<\/p>\n<p>One of the most advanced and widely used digital hot water flow meter is the electromagnetic digital hot water flow meter. It works on Faraday&#8217;s law of electromagnetic induction and is able to measure the flow of conducting fluids with incredible accuracy and repeatability. It is suitable for use with a variety of fluids, including water, chemicals, Plastics and rubber production and mud.<\/p>\n<table class=\"table table-bordered\">\n<tbody>\n<tr>\n<td><span style=\"vertical-align: inherit;\"><span style=\"vertical-align: inherit;\">Tipo\uff1a<\/span><\/span><\/td>\n<td><span style=\"vertical-align: inherit;\">caudal\u00edmetro digital de \u00e1gua quente<\/span><\/td>\n<td><span style=\"vertical-align: inherit;\"><span style=\"vertical-align: inherit;\">Sinal de sa\u00edda\uff1a<\/span><\/span><\/td>\n<td><span style=\"vertical-align: inherit;\"><span style=\"vertical-align: inherit;\">4-20 mA, Impulso\/Frequ\u00eancia 2kHz(Predefini\u00e7\u00e3o), 5KHz(M\u00e1x.)<\/span><\/span><\/td>\n<\/tr>\n<tr>\n<td><span style=\"vertical-align: inherit;\"><span style=\"vertical-align: inherit;\">Local de origem\uff1a<\/span><\/span><\/td>\n<td><span style=\"vertical-align: inherit;\"><span style=\"vertical-align: inherit;\">Jiangsu\uff0cChina<\/span><\/span><\/td>\n<td><span style=\"vertical-align: inherit;\"><span style=\"vertical-align: inherit;\">Incorporar tipo\uff1a<\/span><\/span><\/td>\n<td><span style=\"vertical-align: inherit;\"><span style=\"vertical-align: inherit;\">-10\u2103- +60\u2103<\/span><\/span><\/td>\n<\/tr>\n<tr>\n<td><span style=\"vertical-align: inherit;\"><span style=\"vertical-align: inherit;\">Garantia\uff1a<\/span><\/span><\/td>\n<td><span style=\"vertical-align: inherit;\"><span style=\"vertical-align: inherit;\">26 meses<\/span><\/span><\/td>\n<td><span style=\"vertical-align: inherit;\"><span style=\"vertical-align: inherit;\">Tens\u00e3o de alimenta\u00e7\u00e3o\uff1a<\/span><\/span><\/td>\n<td><span style=\"vertical-align: inherit;\"><span style=\"vertical-align: inherit;\">110\/220VAC (100-240VAC), 50Hz\/60Hz; 24VDC\u00b110%<\/span><\/span><\/td>\n<\/tr>\n<tr>\n<td><span style=\"vertical-align: inherit;\"><span style=\"vertical-align: inherit;\">Suporte personalizado\uff1a<\/span><\/span><\/td>\n<td><span style=\"vertical-align: inherit;\"><span style=\"vertical-align: inherit;\">OEM, ODM, OBM<\/span><\/span><\/td>\n<td><span style=\"vertical-align: inherit;\"><span style=\"vertical-align: inherit;\">Comunica\u00e7\u00e3o digital\uff1a<\/span><\/span><\/td>\n<td><span style=\"vertical-align: inherit;\"><span style=\"vertical-align: inherit;\">RS-485, suporta o protocolo padr\u00e3o Mudbugs-RTU; GPRS<\/span><\/span><\/td>\n<\/tr>\n<tr>\n<td><span style=\"vertical-align: inherit;\"><span style=\"vertical-align: inherit;\">Nome da marca\uff1a<\/span><\/span><\/td>\n<td><span style=\"vertical-align: inherit;\"><span style=\"vertical-align: inherit;\">GRUPO SUYI<\/span><\/span><\/td>\n<td><span style=\"vertical-align: inherit;\"><span style=\"vertical-align: inherit;\">Press\u00e3o nominal\uff1a<\/span><\/span><\/td>\n<td><span style=\"vertical-align: inherit;\"><span style=\"vertical-align: inherit;\">1MPa (DN15-DN800), 1,6MPa (DN15-DN800), 2,5MPa (DN15-DN600)<\/span><\/span><\/td>\n<\/tr>\n<tr>\n<td><span style=\"vertical-align: inherit;\"><span style=\"vertical-align: inherit;\">N\u00famero do modelo\uff1a<\/span><\/span><\/td>\n<td><span style=\"vertical-align: inherit;\"><span style=\"vertical-align: inherit;\">outros<\/span><\/span><\/td>\n<td><span style=\"vertical-align: inherit;\"><span style=\"vertical-align: inherit;\">Sensor\uff1a<\/span><\/span><\/td>\n<td><span style=\"vertical-align: inherit;\"><span style=\"vertical-align: inherit;\">0\u2103- +80\u2103 ou -25\u2103- +120\u2103 ou +70\u2103- +250\u2103<\/span><\/span><\/td>\n<\/tr>\n<tr>\n<td><span style=\"vertical-align: inherit;\"><span style=\"vertical-align: inherit;\">Nome do produto\uff1a<\/span><\/span><\/td>\n<td><span style=\"vertical-align: inherit;\"><span style=\"vertical-align: inherit;\">Medidor de caudal de \u00e1gua qu\u00edmica digital inteligente eletromagn\u00e9tico<\/span><\/span><\/td>\n<td><span style=\"vertical-align: inherit;\"><span style=\"vertical-align: inherit;\">Detalhes da embalagem\uff1a<\/span><\/span><\/td>\n<td><span style=\"vertical-align: inherit;\"><span style=\"vertical-align: inherit;\">1 conjunto por embalagem ou conforme o pedido do cliente<\/span><\/span><\/td>\n<\/tr>\n<tr>\n<td><span style=\"vertical-align: inherit;\"><span style=\"vertical-align: inherit;\">Di\u00e2metro nominal\uff1a<\/span><\/span><\/td>\n<td><span style=\"vertical-align: inherit;\"><span style=\"vertical-align: inherit;\">3-3441mm<\/span><\/span><\/td>\n<td><span style=\"vertical-align: inherit;\"><span style=\"vertical-align: inherit;\">Capacidade de fornecimento\uff1a<\/span><\/span><\/td>\n<td><span style=\"vertical-align: inherit;\"><span style=\"vertical-align: inherit;\">2168 Set\/Sets per Month<\/span><\/span><\/td>\n<\/tr>\n<tr>\n<td><span style=\"vertical-align: inherit;\"><span style=\"vertical-align: inherit;\">gama de velocidades\uff1a<\/span><\/span><\/td>\n<td><span style=\"vertical-align: inherit;\"><span style=\"vertical-align: inherit;\">0-13m\/s<\/span><\/span><\/td>\n<td><span style=\"vertical-align: inherit;\"><span style=\"vertical-align: inherit;\">Quantidade (conjuntos)\uff1a<\/span><\/span><\/td>\n<td><span style=\"vertical-align: inherit;\"><span style=\"vertical-align: inherit;\">&gt; 30<\/span><\/span><\/td>\n<\/tr>\n<tr>\n<td><span style=\"vertical-align: inherit;\"><span style=\"vertical-align: inherit;\">Grau de precis\u00e3o\uff1a<\/span><\/span><\/td>\n<td><span style=\"vertical-align: inherit;\"><span style=\"vertical-align: inherit;\">\u00b10,5%R, \u00b11%R ( &lt; DN20)<\/span><\/span><\/td>\n<td><span style=\"vertical-align: inherit;\"><span style=\"vertical-align: inherit;\">Prazo de execu\u00e7\u00e3o (dias)\uff1a<\/span><\/span><\/td>\n<td><span style=\"vertical-align: inherit;\"><span style=\"vertical-align: inherit;\">A ser negociado<\/span><\/span><\/td>\n<\/tr>\n<\/tbody>\n<\/table>\n<p>&nbsp;<\/p>\n<p>&nbsp;<\/p>\n<p style=\"text-align: center;\"><img title=\"caudal\u00edmetro digital de \u00e1gua quente\" src=\"https:\/\/www.hginstrument.com\/wp-content\/uploads\/2021\/07\/in-line-pipeline-type-hgd-electromagnetic-flow-meter.jpg\" \/><\/p>\n<p>&nbsp;<\/p>\n<p>&nbsp;<\/p>\n<p style=\"text-align: center;\"><img title=\"caudal\u00edmetro digital de \u00e1gua quente\" src=\"https:\/\/www.hginstrument.com\/wp-content\/uploads\/2021\/07\/insertion-01.jpg\" \/><\/p>\n<p>&nbsp;<\/p>\n<p>&nbsp;<\/p>\n<p style=\"text-align: center;\"><img title=\"caudal\u00edmetro digital de \u00e1gua quente\" src=\"https:\/\/www.hginstrument.com\/wp-content\/uploads\/2021\/07\/sanitary-mag-1.jpg\" \/><\/p>\n<p><strong>digital hot water flow meter FAQs Guide.<\/strong><\/p>\n<p>At the heart of our digital hot water flow meter series lies a commitment to excellence, blending advanced sensor technology with user-friendly interfaces. From liquid to gas, our meters deliver unparalleled accuracy, empowering you to make informed decisions and streamline operations. As we usher in a new era of fluid measurement, we invite you to explore the limitless possibilities that our digital hot water flow meters unlock \u2013 where precision meets performance, and innovation flows seamlessly.<\/p>\n<div style=\"border: 3px solid #f89900; margin: 20px 0; padding: 20px;\"><a href=\"\/pt\/digital-hot-water-flow-meter\/#01\">1.Does the digital hot water flow meter have multi-language display capabilities?<\/a><br \/>\n<a href=\"\/pt\/digital-hot-water-flow-meter\/#02\">2.About digital hot water flow meter delivery date<\/a><br \/>\n<a href=\"\/pt\/digital-hot-water-flow-meter\/#03\">3.About digital hot water flow meter origin<\/a><br \/>\n<a href=\"\/pt\/digital-hot-water-flow-meter\/#04\">4.About digital hot water flow meter production skills training<\/a><br \/>\n<a href=\"\/pt\/digital-hot-water-flow-meter\/#05\">5.How does a digital hot water flow meter measure flow?<\/a><br \/>\n<a href=\"\/pt\/digital-hot-water-flow-meter\/#06\">6.What is the weight and dimensions of the digital hot water flow meter?<\/a><br \/>\n<a href=\"\/pt\/digital-hot-water-flow-meter\/#07\">7.What are the characteristics of digital hot water flow meter?<\/a><br \/>\n<a href=\"\/pt\/digital-hot-water-flow-meter\/#08\">8.About digital hot water flow meter raw materials<\/a><br \/>\n<a href=\"\/pt\/digital-hot-water-flow-meter\/#09\">9.About digital hot water flow meter inventory<\/a><br \/>\n<a href=\"\/pt\/digital-hot-water-flow-meter\/#010\">10.Does the digital hot water flow meter have data storage capabilities?<\/a><br \/>\n<a href=\"\/pt\/digital-hot-water-flow-meter\/#11\">11.About digital hot water flow meter quality system<\/a><br \/>\n<a href=\"\/pt\/digital-hot-water-flow-meter\/#12\">12.About digital hot water flow meter payment method<\/a><br \/>\n<a href=\"\/pt\/digital-hot-water-flow-meter\/#13\">13.About digital hot water flow meter MOQ<\/a><br \/>\n<a href=\"\/pt\/digital-hot-water-flow-meter\/#14\">14.What is the main principle of digital hot water flow meter?<\/a><br \/>\n<a href=\"\/pt\/digital-hot-water-flow-meter\/#15\">15.Does the digital hot water flow meter have remote control capabilities?<\/a><br \/>\n<a href=\"\/pt\/digital-hot-water-flow-meter\/#16\">16.About digital hot water flow meter overseas warehouse<\/a><br \/>\n<a href=\"\/pt\/digital-hot-water-flow-meter\/#17\">17.Is the measuring unit of the digital hot water flow meter replaceable?<\/a><\/div>\n<div id=\"01\">\n<p><strong>1.Does the digital hot water flow meter have multi-language display capabilities?<\/strong><\/p>\n<p>As one of the top digital hot water flow meter manufacturers in China, we take this very seriously.<br \/>\nSim, alguns medidores de caudal t\u00eam capacidades de visualiza\u00e7\u00e3o em v\u00e1rios idiomas. No entanto, esta funcionalidade n\u00e3o est\u00e1 dispon\u00edvel em todos os modelos. \u00c9 melhor verificar com o fabricante para ver se o modelo espec\u00edfico em que est\u00e1 interessado tem esta funcionalidade.<\/p>\n<\/div>\n<div id=\"02\">\n<p><strong>2.About digital hot water flow meter delivery date<\/strong><\/p>\n<p>A data de entrega de um medidor de caudal depender\u00e1 do tipo de medidor de caudal, do fabricante e da disponibilidade do produto. Geralmente, a maioria dos medidores de caudal pode ser entregue no prazo de alguns dias a algumas semanas. No entanto, alguns caudal\u00edmetros especializados podem demorar mais tempo a ser entregues. \u00c9 melhor contactar diretamente o fabricante para obter uma data de entrega precisa.<\/p>\n<\/div>\n<div id=\"03\">\n<p><strong>3.About digital hot water flow meter origin<\/strong><\/p>\n<p>O primeiro medidor de caudal foi inventado em 1832 por um ingl\u00eas chamado William Henry. Ele desenvolveu um dispositivo que utilizava um flutuador para medir o caudal de \u00e1gua num tubo. Este dispositivo foi o primeiro do seu g\u00e9nero e foi o precursor dos medidores de caudal modernos. Desde ent\u00e3o, os medidores de caudal t\u00eam sido utilizados numa variedade de ind\u00fastrias para medir o caudal de l\u00edquidos, gases e outros materiais. Atualmente, os medidores de caudal s\u00e3o utilizados numa variedade de aplica\u00e7\u00f5es, desde a medi\u00e7\u00e3o do caudal de \u00e1gua num tubo at\u00e9 \u00e0 medi\u00e7\u00e3o do caudal de petr\u00f3leo numa refinaria.<\/p>\n<\/div>\n<div id=\"04\">\n<p><strong>4.About digital hot water flow meter production skills training<\/strong><\/p>\n<p>A forma\u00e7\u00e3o em compet\u00eancias de produ\u00e7\u00e3o de caudal\u00edmetros foi concebida para ensinar aos t\u00e9cnicos e engenheiros as compet\u00eancias necess\u00e1rias para produzir e manter caudal\u00edmetros. A forma\u00e7\u00e3o abrange t\u00f3picos como os princ\u00edpios da medi\u00e7\u00e3o de caudal, os tipos de caudal\u00edmetros dispon\u00edveis, a instala\u00e7\u00e3o e manuten\u00e7\u00e3o de caudal\u00edmetros e t\u00e9cnicas de resolu\u00e7\u00e3o de problemas. A forma\u00e7\u00e3o tamb\u00e9m abrange a utiliza\u00e7\u00e3o de software inform\u00e1tico para analisar e interpretar dados de caudal. A forma\u00e7\u00e3o \u00e9 normalmente realizada em sala de aula e pode incluir actividades pr\u00e1ticas.<\/p>\n<\/div>\n<div id=\"05\">\n<p><strong>5.How does a digital hot water flow meter measure flow?<\/strong><\/p>\n<p>We operate our digital hot water flow meter business with integrity and honesty.<br \/>\nUm medidor de caudal mede o caudal atrav\u00e9s da medi\u00e7\u00e3o da velocidade de um fluido \u00e0 medida que este passa atrav\u00e9s de um tubo ou outra conduta. Normalmente, isto \u00e9 feito medindo a queda de press\u00e3o numa \u00e1rea conhecida, ou medindo o tempo que demora um volume de fluido a passar por uma \u00e1rea conhecida. Outros m\u00e9todos incluem a utiliza\u00e7\u00e3o de uma turbina, roda de p\u00e1s ou transdutor ultrass\u00f3nico para medir a velocidade do fluido.<\/p>\n<p><img style=\"max-width: 100%;\" title=\"How does a digital hot water flow meter measure flow?\" src=\"https:\/\/www.hginstrument.com\/wp-content\/uploads\/2021\/10\/w803e-f3.jpg\" alt=\"How does a digital hot water flow meter measure flow?\" \/><\/p>\n<\/div>\n<div id=\"06\">\n<p><strong>6.What is the weight and dimensions of the digital hot water flow meter?<\/strong><\/p>\n<p>Os nossos produtos e servi\u00e7os abrangem uma vasta gama de \u00e1reas e satisfazem as necessidades de diferentes dom\u00ednios.<br \/>\nO peso e as dimens\u00f5es do medidor de caudal dependem do modelo espec\u00edfico e do fabricante. Geralmente, os caudal\u00edmetros variam em tamanho, desde pequenos dispositivos port\u00e1teis a grandes unidades industriais. O peso de um caudal\u00edmetro pode variar entre algumas on\u00e7as e v\u00e1rias centenas de libras.<\/p>\n<\/div>\n<div id=\"07\">\n<p><strong>7.What are the characteristics of digital hot water flow meter?<\/strong><\/p>\n<p>Estabelecemos parcerias est\u00e1veis e de longo prazo com os nossos fornecedores, pelo que temos grandes vantagens em termos de pre\u00e7o, custo e garantia de qualidade.<br \/>\n1. Precis\u00e3o: Os medidores de caudal devem ser capazes de medir com precis\u00e3o o caudal de um fluido.<\/p>\n<p>2. Gama: Os medidores de caudal devem ser capazes de medir uma vasta gama de caudais.<\/p>\n<p>3. Repetibilidade: Os medidores de caudal devem ser capazes de medir consistentemente o mesmo caudal ao longo do tempo.<\/p>\n<p>4. Tempo de resposta: Os medidores de caudal devem ser capazes de responder rapidamente a altera\u00e7\u00f5es no caudal.<\/p>\n<p>5. Durabilidade: Os caudal\u00edmetros devem ser capazes de suportar as condi\u00e7\u00f5es adversas do ambiente em que s\u00e3o utilizados.<\/p>\n<p>6. Custo: Os caudal\u00edmetros devem ser econ\u00f3micos para a aplica\u00e7\u00e3o.<\/p>\n<\/div>\n<div id=\"08\">\n<p><strong>8.About digital hot water flow meter raw materials<\/strong><\/p>\n<p>As mat\u00e9rias-primas dos medidores de caudal s\u00e3o normalmente fabricadas a partir de uma variedade de metais, pl\u00e1sticos e compostos. Os materiais mais comuns utilizados nos medidores de caudal incluem o a\u00e7o inoxid\u00e1vel, o lat\u00e3o, o alum\u00ednio, o cloreto de polivinilo (PVC), o polipropileno (PP) e o politetrafluoroetileno (PTFE). O material utilizado num medidor de caudal depende da aplica\u00e7\u00e3o e do tipo de fluido que est\u00e1 a ser medido. Por exemplo, o a\u00e7o inoxid\u00e1vel \u00e9 frequentemente utilizado para medir fluidos corrosivos, enquanto o PVC \u00e9 frequentemente utilizado para medir \u00e1gua.<\/p>\n<\/div>\n<div id=\"09\">\n<p><strong>9.About digital hot water flow meter inventory<\/strong><\/p>\n<p>O invent\u00e1rio de caudal\u00edmetros \u00e9 um sistema utilizado para controlar e gerir os caudal\u00edmetros utilizados em aplica\u00e7\u00f5es industriais e comerciais. \u00c9 utilizado para monitorizar o desempenho dos medidores de caudal, bem como para garantir que s\u00e3o devidamente mantidos e calibrados. O sistema de invent\u00e1rio tamb\u00e9m pode ser utilizado para controlar o custo dos medidores de caudal, bem como para identificar quaisquer problemas ou quest\u00f5es potenciais com os medidores de caudal.<\/p>\n<\/div>\n<div id=\"010\">\n<p><strong>10.Does the digital hot water flow meter have data storage capabilities?<\/strong><\/p>\n<p>Concentramo-nos na inova\u00e7\u00e3o e na melhoria cont\u00ednua para manter uma vantagem competitiva.<br \/>\nDepende do tipo de caudal\u00edmetro. Alguns caudal\u00edmetros t\u00eam capacidades de armazenamento de dados, enquanto outros n\u00e3o.<\/p>\n<p><img style=\"max-width: 100%;\" title=\"Does the digital hot water flow meter have data storage capabilities?\" src=\"https:\/\/www.hginstrument.com\/wp-content\/uploads\/2021\/07\/oval-gear-4.jpg\" alt=\"Does the digital hot water flow meter have data storage capabilities?\" \/><\/p>\n<\/div>\n<div id=\"11\">\n<p><strong>11.About digital hot water flow meter quality system<\/strong><\/p>\n<p>Um sistema de qualidade de medidores de caudal \u00e9 um conjunto de processos e procedimentos que s\u00e3o utilizados para garantir que os medidores de caudal s\u00e3o fabricados e testados de forma a cumprirem os mais elevados padr\u00f5es de precis\u00e3o e fiabilidade. O sistema inclui medidas de controlo de qualidade, como a inspe\u00e7\u00e3o do material recebido, a inspe\u00e7\u00e3o durante o processo e o teste do produto final. Inclui tamb\u00e9m documenta\u00e7\u00e3o e manuten\u00e7\u00e3o de registos para garantir que todos os processos s\u00e3o seguidos e que quaisquer problemas s\u00e3o tratados de forma r\u00e1pida e eficaz. O sistema foi concebido para garantir que os medidores de caudal produzidos s\u00e3o da mais elevada qualidade e cumprem os requisitos do cliente.<\/p>\n<\/div>\n<div id=\"12\">\n<p><strong>12.About digital hot water flow meter payment method<\/strong><\/p>\n<p>O pagamento com caudal\u00edmetro \u00e9 um m\u00e9todo de pagamento que utiliza um caudal\u00edmetro para medir a quantidade de energia utilizada por um cliente. O cliente paga a energia utilizada com base na quantidade de energia medida pelo medidor de caudal. Este m\u00e9todo de pagamento \u00e9 frequentemente utilizado em ambientes comerciais e industriais, onde o consumo de energia \u00e9 elevado e precisa de ser controlado com precis\u00e3o. O pagamento por caudal\u00edmetro tamb\u00e9m \u00e9 utilizado em alguns contextos residenciais, onde os clientes podem pagar a sua utiliza\u00e7\u00e3o de energia com base na quantidade de energia que utilizam.<\/p>\n<\/div>\n<div id=\"13\">\n<p><strong>13.About digital hot water flow meter MOQ<\/strong><\/p>\n<p>A quantidade m\u00ednima de encomenda (MOQ) para um medidor de caudal depender\u00e1 do tipo de medidor de caudal e do fabricante. Geralmente, a MOQ para um medidor de caudal situa-se entre 1 e 10 unidades, mas pode variar consoante o fabricante e o tipo de medidor de caudal.<\/p>\n<\/div>\n<div id=\"14\">\n<p><strong>14.What is the main principle of digital hot water flow meter?<\/strong><\/p>\n<p>Our digital hot water flow meter products undergo strict quality control to ensure customer satisfaction.<br \/>\nO princ\u00edpio principal de um medidor de caudal \u00e9 medir o caudal de um fluido ou g\u00e1s atrav\u00e9s de um tubo ou outro recipiente. Normalmente, isto \u00e9 feito medindo a queda de press\u00e3o atrav\u00e9s de uma restri\u00e7\u00e3o conhecida no tubo, ou medindo a velocidade do fluido ou g\u00e1s \u00e0 medida que passa pelo tubo.<\/p>\n<\/div>\n<div id=\"15\">\n<p><strong>15.Does the digital hot water flow meter have remote control capabilities?<\/strong><\/p>\n<p>Concentramo-nos nas necessidades dos nossos clientes e esfor\u00e7amo-nos por satisfazer as suas expectativas, pelo que levamos isto muito a s\u00e9rio.<br \/>\nDepende do modelo espec\u00edfico do medidor de caudal. Alguns modelos podem ter capacidades de controlo remoto, enquanto outros n\u00e3o.<\/p>\n<p><img style=\"max-width: 100%;\" title=\"Does the digital hot water flow meter have remote control capabilities?\" src=\"https:\/\/www.hginstrument.com\/wp-content\/uploads\/2021\/07\/hls-2000h-m2.jpg\" alt=\"Does the digital hot water flow meter have remote control capabilities?\" \/><\/p>\n<\/div>\n<div id=\"16\">\n<p><strong>16.About digital hot water flow meter overseas warehouse<\/strong><\/p>\n<p>Os armaz\u00e9ns de medidores de caudal no estrangeiro s\u00e3o armaz\u00e9ns localizados em pa\u00edses estrangeiros que armazenam medidores de caudal e produtos relacionados. Estes armaz\u00e9ns s\u00e3o utilizados para armazenar e distribuir medidores de caudal a clientes em diferentes pa\u00edses. Normalmente, situam-se em pa\u00edses com uma grande procura de medidores de caudal, como os Estados Unidos, o Canad\u00e1 e a Europa. Os armaz\u00e9ns s\u00e3o normalmente detidos e explorados pelo fabricante dos medidores de caudal ou por um fornecedor de log\u00edstica terceiro. Os armaz\u00e9ns s\u00e3o normalmente abastecidos com uma variedade de medidores de caudal, incluindo medidores de caudal digitais, anal\u00f3gicos e ultra-s\u00f3nicos. Tamb\u00e9m costumam armazenar pe\u00e7as sobressalentes e acess\u00f3rios para os medidores de caudal.<\/p>\n<\/div>\n<div id=\"17\">\n<p><strong>17.Is the measuring unit of the digital hot water flow meter replaceable?<\/strong><\/p>\n<p>As one of the top digital hot water flow meter manufacturers in China, we take this very seriously.<br \/>\nSim, a unidade de medi\u00e7\u00e3o de um medidor de caudal \u00e9 substitu\u00edvel.<\/p>\n<\/div>\n<p>&nbsp;<\/p>\n<p>Etiqueta\uff1a<a href=\"\/pt\/magnetic-flow-meter\/spirometer-peak-flow-meter\/\">spirometer peak flow meter<\/a>,<a href=\"\/pt\/magnetic-flow-meter\/ultrasonic-gas-flow-meter-clamp-on\/\">ultrasonic gas flow meter clamp on<\/a>,<a href=\"\/pt\/magnetic-flow-meter\/inline-nitrogen-flow-meter\/\">medidor de caudal de azoto em linha<\/a>,<a href=\"\/pt\/magnetic-flow-meter\/oil-flow-meter-digital\/\">oil flow meter digital<\/a>,<a href=\"\/pt\/magnetic-flow-meter\/magnetic-flow-meter-manufacturers\/\">fabricantes de caudal\u00edmetros magn\u00e9ticos<\/a><\/p>\n<p>&nbsp;<\/p>","protected":false},"excerpt":{"rendered":"<p><strong>Dados t\u00e9cnicos<\/strong><br \/>\nPode servir fluidos l\u00edquidos ou gasosos, sendo normalmente utilizado para medir o caudal de vapor, vapor, ar e g\u00e1s natural.<br \/>\nTamanho do contador: Tipo em linha: DN25 - DN300<br \/>\nOp\u00e7\u00e3o de material h\u00famido: SS304, SS316<br \/>\nTemperatura de funcionamento: \u2264250\u2103<br \/>\nLiga\u00e7\u00e3o ao processo: Wafer \/ Flange \/ Tri-clamp para o tipo In-line<br \/>\nPrecis\u00e3o de medi\u00e7\u00e3o: 1,0 % - 1,5% do intervalo de calibra\u00e7\u00e3o<br \/>\nIndicador digital: apresenta o caudal instant\u00e2neo e o caudal total<br \/>\nFonte de alimenta\u00e7\u00e3o: 24VDC, Sa\u00edda: 4-20mA<\/p>\n<p><strong>caracter\u00edsticas<\/strong><br \/>\n1. pontos de regula\u00e7\u00e3o ON\/OFF ajust\u00e1veis<br \/>\n2. modo de alarme de caudal alto ou baixo<br \/>\n3. tempo de atraso ajust\u00e1vel<br \/>\n4. LED de estado do rel\u00e9<\/p>","protected":false},"featured_media":3691,"comment_status":"closed","ping_status":"closed","template":"","meta":[],"product_cat":[2372],"product_tag":[],"acf":[],"_links":{"self":[{"href":"https:\/\/www.hginstrument.com\/pt\/wp-json\/wp\/v2\/product\/5110"}],"collection":[{"href":"https:\/\/www.hginstrument.com\/pt\/wp-json\/wp\/v2\/product"}],"about":[{"href":"https:\/\/www.hginstrument.com\/pt\/wp-json\/wp\/v2\/types\/product"}],"replies":[{"embeddable":true,"href":"https:\/\/www.hginstrument.com\/pt\/wp-json\/wp\/v2\/comments?post=5110"}],"wp:featuredmedia":[{"embeddable":true,"href":"https:\/\/www.hginstrument.com\/pt\/wp-json\/wp\/v2\/media\/3691"}],"wp:attachment":[{"href":"https:\/\/www.hginstrument.com\/pt\/wp-json\/wp\/v2\/media?parent=5110"}],"wp:term":[{"taxonomy":"product_cat","embeddable":true,"href":"https:\/\/www.hginstrument.com\/pt\/wp-json\/wp\/v2\/product_cat?post=5110"},{"taxonomy":"product_tag","embeddable":true,"href":"https:\/\/www.hginstrument.com\/pt\/wp-json\/wp\/v2\/product_tag?post=5110"}],"curies":[{"name":"wp","href":"https:\/\/api.w.org\/{rel}","templated":true}]}}