{"id":5134,"date":"2023-12-23T19:20:05","date_gmt":"2023-12-23T11:20:05","guid":{"rendered":"https:\/\/www.hginstrument.com\/?post_type=product&#038;p=5134"},"modified":"2023-12-23T19:22:14","modified_gmt":"2023-12-23T11:22:14","slug":"drycal-flow-meter","status":"publish","type":"product","link":"https:\/\/www.hginstrument.com\/pt\/magnetic-flow-meter\/drycal-flow-meter\/","title":{"rendered":"drycal flow meter"},"content":{"rendered":"<p>Whether it&#8217;s for industrial process control, environmental monitoring, or energy management, the drycal flow meter is a top-performing product that guarantees precise and reliable flow measurement. With its advanced technology and versatile capabilities, this device is an essential tool for any industry seeking accurate and efficient flow monitoring solutions.<\/p>\n<p>drycal flow meter is a precision instrument designed to measure the flow of liquid or gas in a pipe. It is an important tool in oil and gas, chemical, Aerospace industry, water treatment and many other industries.<\/p>\n<p>With its advanced technology and high accuracy, drycal flow meter offers users the ability to monitor and control the flow of their processes with precision and efficiency. With its durable construction, it can withstand harsh operating conditions and provide long-term reliability.<\/p>\n<p>&nbsp;<\/p>\n<table class=\"table table-bordered\">\n<tbody>\n<tr>\n<td><span style=\"vertical-align: inherit;\"><span style=\"vertical-align: inherit;\">Tipo\uff1a<\/span><\/span><\/td>\n<td><span style=\"vertical-align: inherit;\">drycal flow meter<\/span><\/td>\n<td><span style=\"vertical-align: inherit;\"><span style=\"vertical-align: inherit;\">Sinal de sa\u00edda\uff1a<\/span><\/span><\/td>\n<td><span style=\"vertical-align: inherit;\"><span style=\"vertical-align: inherit;\">4-28mA, Impulso\/Frequ\u00eancia 2kHz(Predefini\u00e7\u00e3o), 5KHz(M\u00e1x.)<\/span><\/span><\/td>\n<\/tr>\n<tr>\n<td><span style=\"vertical-align: inherit;\"><span style=\"vertical-align: inherit;\">Local de origem\uff1a<\/span><\/span><\/td>\n<td><span style=\"vertical-align: inherit;\"><span style=\"vertical-align: inherit;\">Jiangsu\uff0cChina<\/span><\/span><\/td>\n<td><span style=\"vertical-align: inherit;\"><span style=\"vertical-align: inherit;\">Incorporar tipo\uff1a<\/span><\/span><\/td>\n<td><span style=\"vertical-align: inherit;\"><span style=\"vertical-align: inherit;\">-10\u2103- +50\u2103<\/span><\/span><\/td>\n<\/tr>\n<tr>\n<td><span style=\"vertical-align: inherit;\"><span style=\"vertical-align: inherit;\">Garantia\uff1a<\/span><\/span><\/td>\n<td><span style=\"vertical-align: inherit;\"><span style=\"vertical-align: inherit;\">24 meses<\/span><\/span><\/td>\n<td><span style=\"vertical-align: inherit;\"><span style=\"vertical-align: inherit;\">Tens\u00e3o de alimenta\u00e7\u00e3o\uff1a<\/span><\/span><\/td>\n<td><span style=\"vertical-align: inherit;\"><span style=\"vertical-align: inherit;\">110\/220VAC (100-240VAC), 50Hz\/60Hz; 24VDC\u00b110%<\/span><\/span><\/td>\n<\/tr>\n<tr>\n<td><span style=\"vertical-align: inherit;\"><span style=\"vertical-align: inherit;\">Suporte personalizado\uff1a<\/span><\/span><\/td>\n<td><span style=\"vertical-align: inherit;\"><span style=\"vertical-align: inherit;\">OEM, ODM, OBM<\/span><\/span><\/td>\n<td><span style=\"vertical-align: inherit;\"><span style=\"vertical-align: inherit;\">Comunica\u00e7\u00e3o digital\uff1a<\/span><\/span><\/td>\n<td><span style=\"vertical-align: inherit;\"><span style=\"vertical-align: inherit;\">RS-485, suporta o protocolo padr\u00e3o Mudbugs-RTU; GPRS<\/span><\/span><\/td>\n<\/tr>\n<tr>\n<td><span style=\"vertical-align: inherit;\"><span style=\"vertical-align: inherit;\">Nome da marca\uff1a<\/span><\/span><\/td>\n<td><span style=\"vertical-align: inherit;\"><span style=\"vertical-align: inherit;\">GRUPO SUYI<\/span><\/span><\/td>\n<td><span style=\"vertical-align: inherit;\"><span style=\"vertical-align: inherit;\">Press\u00e3o nominal\uff1a<\/span><\/span><\/td>\n<td><span style=\"vertical-align: inherit;\"><span style=\"vertical-align: inherit;\">1MPa (DN15-DN800), 1,6MPa (DN15-DN800), 2,5MPa (DN15-DN600)<\/span><\/span><\/td>\n<\/tr>\n<tr>\n<td><span style=\"vertical-align: inherit;\"><span style=\"vertical-align: inherit;\">N\u00famero do modelo\uff1a<\/span><\/span><\/td>\n<td><span style=\"vertical-align: inherit;\"><span style=\"vertical-align: inherit;\">outros<\/span><\/span><\/td>\n<td><span style=\"vertical-align: inherit;\"><span style=\"vertical-align: inherit;\">Sensor\uff1a<\/span><\/span><\/td>\n<td><span style=\"vertical-align: inherit;\"><span style=\"vertical-align: inherit;\">0\u2103- +80\u2103 ou -25\u2103- +120\u2103 ou +70\u2103- +250\u2103<\/span><\/span><\/td>\n<\/tr>\n<tr>\n<td><span style=\"vertical-align: inherit;\"><span style=\"vertical-align: inherit;\">Nome do produto\uff1a<\/span><\/span><\/td>\n<td><span style=\"vertical-align: inherit;\"><span style=\"vertical-align: inherit;\">Medidor de caudal de \u00e1gua qu\u00edmica digital inteligente eletromagn\u00e9tico<\/span><\/span><\/td>\n<td><span style=\"vertical-align: inherit;\"><span style=\"vertical-align: inherit;\">Detalhes da embalagem\uff1a<\/span><\/span><\/td>\n<td><span style=\"vertical-align: inherit;\"><span style=\"vertical-align: inherit;\">1 conjunto por embalagem ou conforme o pedido do cliente<\/span><\/span><\/td>\n<\/tr>\n<tr>\n<td><span style=\"vertical-align: inherit;\"><span style=\"vertical-align: inherit;\">Di\u00e2metro nominal\uff1a<\/span><\/span><\/td>\n<td><span style=\"vertical-align: inherit;\"><span style=\"vertical-align: inherit;\">3-2511mm<\/span><\/span><\/td>\n<td><span style=\"vertical-align: inherit;\"><span style=\"vertical-align: inherit;\">Capacidade de fornecimento\uff1a<\/span><\/span><\/td>\n<td><span style=\"vertical-align: inherit;\"><span style=\"vertical-align: inherit;\">1868 Set\/Sets per Month<\/span><\/span><\/td>\n<\/tr>\n<tr>\n<td><span style=\"vertical-align: inherit;\"><span style=\"vertical-align: inherit;\">gama de velocidades\uff1a<\/span><\/span><\/td>\n<td><span style=\"vertical-align: inherit;\"><span style=\"vertical-align: inherit;\">0-10m\/s<\/span><\/span><\/td>\n<td><span style=\"vertical-align: inherit;\"><span style=\"vertical-align: inherit;\">Quantidade (conjuntos)\uff1a<\/span><\/span><\/td>\n<td><span style=\"vertical-align: inherit;\"><span style=\"vertical-align: inherit;\">&gt; 30<\/span><\/span><\/td>\n<\/tr>\n<tr>\n<td><span style=\"vertical-align: inherit;\"><span style=\"vertical-align: inherit;\">Grau de precis\u00e3o\uff1a<\/span><\/span><\/td>\n<td><span style=\"vertical-align: inherit;\"><span style=\"vertical-align: inherit;\">\u00b10,5%R, \u00b11%R ( &lt; DN20)<\/span><\/span><\/td>\n<td><span style=\"vertical-align: inherit;\"><span style=\"vertical-align: inherit;\">Prazo de execu\u00e7\u00e3o (dias)\uff1a<\/span><\/span><\/td>\n<td><span style=\"vertical-align: inherit;\"><span style=\"vertical-align: inherit;\">A ser negociado<\/span><\/span><\/td>\n<\/tr>\n<\/tbody>\n<\/table>\n<p>&nbsp;<\/p>\n<p><strong><\/strong><\/p>\n<p style=\"text-align:center;\"><img src=\"https:\/\/www.hginstrument.com\/wp-content\/uploads\/2021\/07\/in-line-pipeline-type-hgd-electromagnetic-flow-meter.jpg\" atl=\"drycal flow meter\" title=\"drycal flow meter\"><\/p>\n<p><strong><\/strong><\/p>\n<p style=\"text-align:center;\"><img src=\"https:\/\/www.hginstrument.com\/wp-content\/uploads\/2021\/07\/insertion-01.jpg\" atl=\"drycal flow meter\" title=\"drycal flow meter\"><\/p>\n<p><strong><\/strong><\/p>\n<p style=\"text-align:center;\"><img src=\"https:\/\/www.hginstrument.com\/wp-content\/uploads\/2021\/07\/sanitary-mag-1.jpg\" atl=\"drycal flow meter\" title=\"drycal flow meter\"><\/p>\n<p><strong>drycal flow meter FAQs Guide.<\/p>\n<p>At the heart of our drycal flow meter series lies a commitment to excellence, blending advanced sensor technology with user-friendly interfaces. From liquid to gas, our meters deliver unparalleled accuracy, empowering you to make informed decisions and streamline operations. As we usher in a new era of fluid measurement, we invite you to explore the limitless possibilities that our drycal flow meters unlock \u2013 where precision meets performance, and innovation flows seamlessly.<\/strong><\/p>\n<div style=\"border:3px solid #f89900;margin:20px 0;padding:20px;\"><a href=\"\/pt\/drycal-flow-meter\/#01\">1.How does the drycal flow meter detect the properties of the target fluid?<\/a><br \/><a href=\"\/pt\/drycal-flow-meter\/#02\">2.What is the difference between drycal flow meter SUYI group vs drycal flow meter Endress+Hauser vs drycal flow meter KROHNE<\/a><br \/><a href=\"\/pt\/drycal-flow-meter\/#03\">3.Does the drycal flow meter have a function to prevent misuse?<\/a><br \/><a href=\"\/pt\/drycal-flow-meter\/#04\">4.What is the format of the drycal flow meter\u2019s output signal?<\/a><br \/><a href=\"\/pt\/drycal-flow-meter\/#05\">5.What are the options for the exterior materials of the drycal flow meter?<\/a><br \/><a href=\"\/pt\/drycal-flow-meter\/#06\">6.About drycal flow meter raw material procurement system<\/a><br \/><a href=\"\/pt\/drycal-flow-meter\/#07\">7.About drycal flow meter delivery date<\/a><br \/><a href=\"\/pt\/drycal-flow-meter\/#08\">8.Is the drycal flow meter anti-corrosion?<\/a><br \/><a href=\"\/pt\/drycal-flow-meter\/#09\">9.About drycal flow meter delivery date<\/a><br \/><a href=\"\/pt\/drycal-flow-meter\/#010\">10.About drycal flow meter overseas warehouse<\/a><br \/><a href=\"\/pt\/drycal-flow-meter\/#11\">11.About drycal flow meter raw material procurement system<\/a><br \/><a href=\"\/pt\/drycal-flow-meter\/#12\">12.What is the function of drycal flow meter?<\/a><br \/><a href=\"\/pt\/drycal-flow-meter\/#13\">13.About drycal flow meter production equipment<\/a><br \/><a href=\"\/pt\/drycal-flow-meter\/#14\">14.How does a drycal flow meter measure flow?<\/a><\/div>\n<div name=\"01\" id=\"01\">\n<p><strong>1.How does the drycal flow meter detect the properties of the target fluid?<\/strong><\/p>\n<p>As one of the drycal flow meter market leaders, we are known for innovation and reliability.<br \/>\nOs medidores de caudal medem o caudal de um fluido atrav\u00e9s da dete\u00e7\u00e3o da velocidade do fluido. Normalmente, isto \u00e9 feito medindo a queda de press\u00e3o atrav\u00e9s de uma restri\u00e7\u00e3o conhecida no percurso do caudal, ou medindo a velocidade do fluido utilizando uma variedade de tecnologias como a ultra-s\u00f3nica, magn\u00e9tica ou t\u00e9rmica. O caudal pode ent\u00e3o ser utilizado para calcular as propriedades do fluido, como a densidade, a viscosidade e o caudal volum\u00e9trico.<\/p>\n<\/div>\n<div name=\"02\" id=\"02\">\n<p><strong>2.What is the difference between drycal flow meter SUYI group vs drycal flow meter Endress+Hauser vs drycal flow meter KROHNE<\/strong><\/p>\n<p>Os medidores de caudal do Grupo SUYI, Endress+Hauser e KROHNE medem todos o caudal de um l\u00edquido ou g\u00e1s. No entanto, cada fabricante oferece diferentes tipos de medidores de caudal com diferentes caracter\u00edsticas e capacidades. <\/p>\n<p>O Grupo SUYI oferece uma variedade de medidores de caudal, incluindo medidores de caudal electromagn\u00e9ticos, ultra-s\u00f3nicos e de v\u00f3rtice. Esses medidores s\u00e3o projetados para uma ampla gama de aplica\u00e7\u00f5es, incluindo \u00e1gua, \u00f3leo e g\u00e1s.<\/p>\n<p>A Endress+Hauser oferece uma gama de medidores de vaz\u00e3o, incluindo medidores Coriolis, vortex e ultra-s\u00f4nicos. Esses medidores s\u00e3o projetados para uma variedade de aplica\u00e7\u00f5es, incluindo \u00e1gua, \u00f3leo e g\u00e1s.<\/p>\n<p>A KROHNE oferece uma gama de medidores de fluxo, incluindo Coriolis, v\u00f3rtice e medidores ultra-s\u00f3nicos. Esses medidores s\u00e3o projetados para uma variedade de aplica\u00e7\u00f5es, incluindo \u00e1gua, \u00f3leo e g\u00e1s. A KROHNE tamb\u00e9m oferece uma gama de medidores de vaz\u00e3o especializados, como o OPTIFLUX e o OPTISWIRL, que s\u00e3o projetados para aplica\u00e7\u00f5es espec\u00edficas.<\/p>\n<\/div>\n<div name=\"03\" id=\"03\">\n<p><strong>3.Does the drycal flow meter have a function to prevent misuse?<\/strong><\/p>\n<p>As one of the drycal flow meter market leaders, we are known for innovation and reliability.<br \/>\nA maioria dos medidores de vaz\u00e3o n\u00e3o tem uma fun\u00e7\u00e3o para evitar o uso indevido, mas alguns modelos podem ter recursos que podem ajudar a reduzir o risco de uso indevido. Por exemplo, alguns caudal\u00edmetros podem ter uma fun\u00e7\u00e3o de bloqueio que impede que utilizadores n\u00e3o autorizados alterem as defini\u00e7\u00f5es ou acedam aos dados. Al\u00e9m disso, alguns caudal\u00edmetros podem ter uma fun\u00e7\u00e3o de prote\u00e7\u00e3o por palavra-passe que exige que o utilizador introduza uma palavra-passe antes de poder aceder aos dados ou \u00e0s defini\u00e7\u00f5es.<\/p>\n<\/div>\n<div name=\"04\" id=\"04\">\n<p><strong>4.What is the format of the drycal flow meter\u2019s output signal?<\/strong><\/p>\n<p>We continuously upgrade our skills and knowledge to adapt to changing drycal flow meter market needs.<br \/>\nO formato do sinal de sa\u00edda do medidor de caudal depende do tipo de medidor de caudal que est\u00e1 a ser utilizado. Os formatos de sinal de sa\u00edda comuns incluem impulsos, frequ\u00eancia, tens\u00e3o e corrente.<\/p>\n<p><img src=\"https:\/\/www.hginstrument.com\/wp-content\/uploads\/2021\/07\/mdp310-fc3-3.jpg\" alt=\"What is the format of the drycal flow meter\u2019s output signal?\" title=\"What is the format of the drycal flow meter\u2019s output signal?\" style=\"max-width: 100%;\"><\/div>\n<div name=\"05\" id=\"05\">\n<p><strong>5.What are the options for the exterior materials of the drycal flow meter?<\/strong><\/p>\n<p>drycal flow meter is not a product only,  but also can help you comes to money-making.<br \/>\n1. Alum\u00ednio<br \/>\n2. A\u00e7o inoxid\u00e1vel<br \/>\n3. Lat\u00e3o<br \/>\n4. Pl\u00e1stico<br \/>\n5. Polipropileno<br \/>\n6. PVC<br \/>\n7. Policarbonato<br \/>\n8. Fibra de vidro<br \/>\n9. Tit\u00e2nio<br \/>\n10. Cobre<\/p>\n<\/div>\n<div name=\"06\" id=\"06\">\n<p><strong>6.About drycal flow meter raw material procurement system<\/strong><\/p>\n<p>Um sistema de aquisi\u00e7\u00e3o de mat\u00e9rias-primas para caudal\u00edmetros \u00e9 uma solu\u00e7\u00e3o de software concebida para simplificar o processo de aquisi\u00e7\u00e3o de mat\u00e9rias-primas para a produ\u00e7\u00e3o de caudal\u00edmetros. O sistema permite que os utilizadores pesquisem e comprem r\u00e1pida e facilmente os componentes necess\u00e1rios para a produ\u00e7\u00e3o de medidores de caudal. Tamb\u00e9m fornece informa\u00e7\u00f5es detalhadas sobre os componentes, incluindo pre\u00e7os, disponibilidade e prazos de entrega. O sistema tamb\u00e9m permite aos utilizadores acompanhar as suas encomendas e gerir o seu invent\u00e1rio. Isto ajuda a garantir que os componentes certos est\u00e3o sempre dispon\u00edveis quando necess\u00e1rio.<\/p>\n<\/div>\n<div name=\"07\" id=\"07\">\n<p><strong>7.About drycal flow meter delivery date<\/strong><\/p>\n<p>A data de entrega de um medidor de caudal depender\u00e1 do tipo de medidor de caudal, do fabricante e da disponibilidade do produto. Geralmente, a maioria dos medidores de caudal pode ser entregue no prazo de alguns dias a algumas semanas. No entanto, alguns caudal\u00edmetros especializados podem demorar mais tempo a ser entregues. \u00c9 melhor contactar diretamente o fabricante para obter uma data de entrega precisa.<\/p>\n<\/div>\n<div name=\"08\" id=\"08\">\n<p><strong>8.Is the drycal flow meter anti-corrosion?<\/strong><\/p>\n<p>We have established a good reputation and reliable partnerships within the drycal flow meter industry.<br \/>\nSim, a maioria dos medidores de caudal s\u00e3o concebidos para serem resistentes \u00e0 corros\u00e3o. No entanto, o tipo espec\u00edfico de caudal\u00edmetro e o ambiente em que \u00e9 utilizado determinar\u00e3o o grau de resist\u00eancia \u00e0 corros\u00e3o.<\/p>\n<p><img src=\"https:\/\/www.hginstrument.com\/wp-content\/uploads\/2021\/07\/hgdu600-p-1.jpg\" alt=\"Is the drycal flow meter anti-corrosion?\" title=\"Is the drycal flow meter anti-corrosion?\" style=\"max-width: 100%;\"><\/div>\n<div name=\"09\" id=\"09\">\n<p><strong>9.About drycal flow meter delivery date<\/strong><\/p>\n<p>A data de entrega de um medidor de caudal depender\u00e1 do tipo de medidor de caudal, do fabricante e da disponibilidade do produto. Geralmente, a maioria dos medidores de caudal pode ser entregue no prazo de alguns dias a algumas semanas. No entanto, alguns caudal\u00edmetros especializados podem demorar mais tempo a ser entregues. \u00c9 melhor contactar diretamente o fabricante para obter uma data de entrega precisa.<\/p>\n<\/div>\n<div name=\"010\" id=\"010\">\n<p><strong>10.About drycal flow meter overseas warehouse<\/strong><\/p>\n<p>Os armaz\u00e9ns de medidores de caudal no estrangeiro s\u00e3o armaz\u00e9ns localizados em pa\u00edses estrangeiros que armazenam medidores de caudal e produtos relacionados. Estes armaz\u00e9ns s\u00e3o utilizados para armazenar e distribuir medidores de caudal a clientes em diferentes pa\u00edses. Normalmente, situam-se em pa\u00edses com uma grande procura de medidores de caudal, como os Estados Unidos, o Canad\u00e1 e a Europa. Os armaz\u00e9ns s\u00e3o normalmente detidos e explorados pelo fabricante dos medidores de caudal ou por um fornecedor de log\u00edstica terceiro. Os armaz\u00e9ns s\u00e3o normalmente abastecidos com uma variedade de medidores de caudal, incluindo medidores de caudal digitais, anal\u00f3gicos e ultra-s\u00f3nicos. Tamb\u00e9m costumam armazenar pe\u00e7as sobressalentes e acess\u00f3rios para os medidores de caudal.<\/p>\n<\/div>\n<div name=\"11\" id=\"11\">\n<p><strong>11.About drycal flow meter raw material procurement system<\/strong><\/p>\n<p>Um sistema de aquisi\u00e7\u00e3o de mat\u00e9rias-primas para caudal\u00edmetros \u00e9 uma solu\u00e7\u00e3o de software concebida para simplificar o processo de aquisi\u00e7\u00e3o de mat\u00e9rias-primas para a produ\u00e7\u00e3o de caudal\u00edmetros. O sistema permite que os utilizadores pesquisem e comprem r\u00e1pida e facilmente os componentes necess\u00e1rios para a produ\u00e7\u00e3o de medidores de caudal. Tamb\u00e9m fornece informa\u00e7\u00f5es detalhadas sobre os componentes, incluindo pre\u00e7os, disponibilidade e prazos de entrega. O sistema tamb\u00e9m permite aos utilizadores acompanhar as suas encomendas e gerir o seu invent\u00e1rio. Isto ajuda a garantir que os componentes certos est\u00e3o sempre dispon\u00edveis quando necess\u00e1rio.<\/p>\n<\/div>\n<div name=\"12\" id=\"12\">\n<p><strong>12.What is the function of drycal flow meter?<\/strong><\/p>\n<p>Our company has many years of drycal flow meter experience and expertise.<br \/>\nUm medidor de caudal \u00e9 um dispositivo utilizado para medir o caudal ou a quantidade de um g\u00e1s ou l\u00edquido que se desloca atrav\u00e9s de um tubo. \u00c9 utilizado para medir o caudal de um l\u00edquido ou g\u00e1s numa conduta fechada. Os medidores de caudal s\u00e3o utilizados numa variedade de ind\u00fastrias, incluindo o tratamento de \u00e1gua e \u00e1guas residuais, petr\u00f3leo e g\u00e1s e processamento qu\u00edmico.<\/p>\n<p><img src=\"https:\/\/www.hginstrument.com\/wp-content\/uploads\/2021\/07\/sanitary-mag-1.jpg\" alt=\"What is the function of drycal flow meter?\" title=\"What is the function of drycal flow meter?\" style=\"max-width: 100%;\"><\/div>\n<div name=\"13\" id=\"13\">\n<p><strong>13.About drycal flow meter production equipment<\/strong><\/p>\n<p>O equipamento de produ\u00e7\u00e3o de flux\u00f3metros \u00e9 utilizado para fabricar flux\u00f3metros, que s\u00e3o dispositivos utilizados para medir a taxa de fluxo de um l\u00edquido ou g\u00e1s. Este equipamento inclui normalmente uma variedade de m\u00e1quinas e ferramentas, tais como tornos, fresadoras, prensas de perfura\u00e7\u00e3o e m\u00e1quinas CNC. Inclui tamb\u00e9m ferramentas especializadas para montar e testar medidores de caudal. O equipamento utilizado para produzir medidores de caudal \u00e9 altamente especializado e deve ser capaz de produzir resultados precisos e fi\u00e1veis.<\/p>\n<\/div>\n<div name=\"14\" id=\"14\">\n<p><strong>14.How does a drycal flow meter measure flow?<\/strong><\/p>\n<p>We operate our drycal flow meter business with integrity and honesty.<br \/>\nUm medidor de caudal mede o caudal atrav\u00e9s da medi\u00e7\u00e3o da velocidade de um fluido \u00e0 medida que este passa atrav\u00e9s de um tubo ou outra conduta. Normalmente, isto \u00e9 feito medindo a queda de press\u00e3o numa \u00e1rea conhecida, ou medindo o tempo que demora um volume de fluido a passar por uma \u00e1rea conhecida. Outros m\u00e9todos incluem a utiliza\u00e7\u00e3o de uma turbina, roda de p\u00e1s ou transdutor ultrass\u00f3nico para medir a velocidade do fluido.<\/p>\n<\/div>\n<p>Etiqueta\uff1a<a href=\"\/pt\/magnetic-flow-meter\/low-flow-flow-meter\/\">medidor de caudal baixo<\/a>,<a href=\"\/pt\/magnetic-flow-meter\/digital-water-flow-meter-gpm\/\">caudal\u00edmetro digital de \u00e1gua gpm<\/a>,<a href=\"\/pt\/magnetic-flow-meter\/tig-gas-flow-meter\/\">medidor de caudal de g\u00e1s tig<\/a>,<a href=\"\/pt\/magnetic-flow-meter\/clamp-on-water-flow-meter\/\">caudal\u00edmetro de \u00e1gua com pin\u00e7a<\/a><\/p>\n<p><\/p>","protected":false},"excerpt":{"rendered":"<p><strong>Dados t\u00e9cnicos<\/strong><br \/>\nPode servir fluidos l\u00edquidos ou gasosos, sendo normalmente utilizado para medir o caudal de vapor, vapor, ar e g\u00e1s natural.<br \/>\nTamanho do contador: Tipo em linha: DN25 - DN300<br \/>\nOp\u00e7\u00e3o de material h\u00famido: SS304, SS316<br \/>\nTemperatura de funcionamento: \u2264250\u2103<br \/>\nLiga\u00e7\u00e3o ao processo: Wafer \/ Flange \/ Tri-clamp para o tipo In-line<br \/>\nPrecis\u00e3o de medi\u00e7\u00e3o: 1,0 % - 1,5% do intervalo de calibra\u00e7\u00e3o<br \/>\nIndicador digital: apresenta o caudal instant\u00e2neo e o caudal total<br \/>\nFonte de alimenta\u00e7\u00e3o: 24VDC, Sa\u00edda: 4-20mA<\/p>\n<p><strong>caracter\u00edsticas<\/strong><br \/>\n1. pontos de regula\u00e7\u00e3o ON\/OFF ajust\u00e1veis<br \/>\n2. modo de alarme de caudal alto ou baixo<br \/>\n3. tempo de atraso ajust\u00e1vel<br \/>\n4. LED de estado do rel\u00e9<\/p>","protected":false},"featured_media":3691,"comment_status":"closed","ping_status":"closed","template":"","meta":[],"product_cat":[2372],"product_tag":[],"acf":[],"_links":{"self":[{"href":"https:\/\/www.hginstrument.com\/pt\/wp-json\/wp\/v2\/product\/5134"}],"collection":[{"href":"https:\/\/www.hginstrument.com\/pt\/wp-json\/wp\/v2\/product"}],"about":[{"href":"https:\/\/www.hginstrument.com\/pt\/wp-json\/wp\/v2\/types\/product"}],"replies":[{"embeddable":true,"href":"https:\/\/www.hginstrument.com\/pt\/wp-json\/wp\/v2\/comments?post=5134"}],"wp:featuredmedia":[{"embeddable":true,"href":"https:\/\/www.hginstrument.com\/pt\/wp-json\/wp\/v2\/media\/3691"}],"wp:attachment":[{"href":"https:\/\/www.hginstrument.com\/pt\/wp-json\/wp\/v2\/media?parent=5134"}],"wp:term":[{"taxonomy":"product_cat","embeddable":true,"href":"https:\/\/www.hginstrument.com\/pt\/wp-json\/wp\/v2\/product_cat?post=5134"},{"taxonomy":"product_tag","embeddable":true,"href":"https:\/\/www.hginstrument.com\/pt\/wp-json\/wp\/v2\/product_tag?post=5134"}],"curies":[{"name":"wp","href":"https:\/\/api.w.org\/{rel}","templated":true}]}}