{"id":5208,"date":"2023-12-23T22:02:55","date_gmt":"2023-12-23T14:02:55","guid":{"rendered":"https:\/\/www.hginstrument.com\/?post_type=product&#038;p=5208"},"modified":"2024-01-09T17:07:21","modified_gmt":"2024-01-09T09:07:21","slug":"flare-gas-flow-meter","status":"publish","type":"product","link":"https:\/\/www.hginstrument.com\/pt\/magnetic-flow-meter\/flare-gas-flow-meter\/","title":{"rendered":"medidor de caudal de g\u00e1s de flare"},"content":{"rendered":"<p>Whether it&#8217;s for industrial process control, environmental monitoring, or energy management, the flare gas flow meter is a top-performing product that guarantees precise and reliable flow measurement. With its advanced technology and versatile capabilities, this device is an essential tool for any industry seeking accurate and efficient flow monitoring solutions.<\/p>\n<p>flare gas flow meter is a precision instrument designed to measure the flow of liquid or gas in a pipe. It is an important tool in oil and gas, chemical, Analytical and laboratory instruments, water treatment and many other industries.<\/p>\n<p>With its advanced technology and high accuracy, flare gas flow meter offers users the ability to monitor and control the flow of their processes with precision and efficiency. With its durable construction, it can withstand harsh operating conditions and provide long-term reliability.<\/p>\n<table class=\"table table-bordered\">\n<tbody>\n<tr>\n<td><span style=\"vertical-align: inherit;\"><span style=\"vertical-align: inherit;\">Tipo\uff1a<\/span><\/span><\/td>\n<td><span style=\"vertical-align: inherit;\">medidor de caudal de g\u00e1s de flare<\/span><\/td>\n<td><span style=\"vertical-align: inherit;\"><span style=\"vertical-align: inherit;\">Sinal de sa\u00edda\uff1a<\/span><\/span><\/td>\n<td><span style=\"vertical-align: inherit;\"><span style=\"vertical-align: inherit;\">4-20 mA, Impulso\/Frequ\u00eancia 2kHz(Predefini\u00e7\u00e3o), 5KHz(M\u00e1x.)<\/span><\/span><\/td>\n<\/tr>\n<tr>\n<td><span style=\"vertical-align: inherit;\"><span style=\"vertical-align: inherit;\">Local de origem\uff1a<\/span><\/span><\/td>\n<td><span style=\"vertical-align: inherit;\"><span style=\"vertical-align: inherit;\">Jiangsu\uff0cChina<\/span><\/span><\/td>\n<td><span style=\"vertical-align: inherit;\"><span style=\"vertical-align: inherit;\">Incorporar tipo\uff1a<\/span><\/span><\/td>\n<td><span style=\"vertical-align: inherit;\"><span style=\"vertical-align: inherit;\">-10\u2103- +51\u2103<\/span><\/span><\/td>\n<\/tr>\n<tr>\n<td><span style=\"vertical-align: inherit;\"><span style=\"vertical-align: inherit;\">Garantia\uff1a<\/span><\/span><\/td>\n<td><span style=\"vertical-align: inherit;\"><span style=\"vertical-align: inherit;\">12 meses<\/span><\/span><\/td>\n<td><span style=\"vertical-align: inherit;\"><span style=\"vertical-align: inherit;\">Tens\u00e3o de alimenta\u00e7\u00e3o\uff1a<\/span><\/span><\/td>\n<td><span style=\"vertical-align: inherit;\"><span style=\"vertical-align: inherit;\">110\/220VAC (100-240VAC), 50Hz\/60Hz; 24VDC\u00b110%<\/span><\/span><\/td>\n<\/tr>\n<tr>\n<td><span style=\"vertical-align: inherit;\"><span style=\"vertical-align: inherit;\">Suporte personalizado\uff1a<\/span><\/span><\/td>\n<td><span style=\"vertical-align: inherit;\"><span style=\"vertical-align: inherit;\">OEM, ODM, OBM<\/span><\/span><\/td>\n<td><span style=\"vertical-align: inherit;\"><span style=\"vertical-align: inherit;\">Comunica\u00e7\u00e3o digital\uff1a<\/span><\/span><\/td>\n<td><span style=\"vertical-align: inherit;\"><span style=\"vertical-align: inherit;\">RS-485, suporta o protocolo padr\u00e3o Mudbugs-RTU; GPRS<\/span><\/span><\/td>\n<\/tr>\n<tr>\n<td><span style=\"vertical-align: inherit;\"><span style=\"vertical-align: inherit;\">Nome da marca\uff1a<\/span><\/span><\/td>\n<td><span style=\"vertical-align: inherit;\"><span style=\"vertical-align: inherit;\">GRUPO SUYI<\/span><\/span><\/td>\n<td><span style=\"vertical-align: inherit;\"><span style=\"vertical-align: inherit;\">Press\u00e3o nominal\uff1a<\/span><\/span><\/td>\n<td><span style=\"vertical-align: inherit;\"><span style=\"vertical-align: inherit;\">1MPa (DN15-DN800), 1,6MPa (DN15-DN800), 2,5MPa (DN15-DN600)<\/span><\/span><\/td>\n<\/tr>\n<tr>\n<td><span style=\"vertical-align: inherit;\"><span style=\"vertical-align: inherit;\">N\u00famero do modelo\uff1a<\/span><\/span><\/td>\n<td><span style=\"vertical-align: inherit;\"><span style=\"vertical-align: inherit;\">outros<\/span><\/span><\/td>\n<td><span style=\"vertical-align: inherit;\"><span style=\"vertical-align: inherit;\">Sensor\uff1a<\/span><\/span><\/td>\n<td><span style=\"vertical-align: inherit;\"><span style=\"vertical-align: inherit;\">0\u2103- +80\u2103 ou -25\u2103- +120\u2103 ou +70\u2103- +250\u2103<\/span><\/span><\/td>\n<\/tr>\n<tr>\n<td><span style=\"vertical-align: inherit;\"><span style=\"vertical-align: inherit;\">Nome do produto\uff1a<\/span><\/span><\/td>\n<td><span style=\"vertical-align: inherit;\"><span style=\"vertical-align: inherit;\">Medidor de caudal de \u00e1gua qu\u00edmica digital inteligente eletromagn\u00e9tico<\/span><\/span><\/td>\n<td><span style=\"vertical-align: inherit;\"><span style=\"vertical-align: inherit;\">Detalhes da embalagem\uff1a<\/span><\/span><\/td>\n<td><span style=\"vertical-align: inherit;\"><span style=\"vertical-align: inherit;\">1 conjunto por embalagem ou conforme o pedido do cliente<\/span><\/span><\/td>\n<\/tr>\n<tr>\n<td><span style=\"vertical-align: inherit;\"><span style=\"vertical-align: inherit;\">Di\u00e2metro nominal\uff1a<\/span><\/span><\/td>\n<td><span style=\"vertical-align: inherit;\"><span style=\"vertical-align: inherit;\">3-2965mm<\/span><\/span><\/td>\n<td><span style=\"vertical-align: inherit;\"><span style=\"vertical-align: inherit;\">Capacidade de fornecimento\uff1a<\/span><\/span><\/td>\n<td><span style=\"vertical-align: inherit;\"><span style=\"vertical-align: inherit;\">1716 Set\/Sets per Month<\/span><\/span><\/td>\n<\/tr>\n<tr>\n<td><span style=\"vertical-align: inherit;\"><span style=\"vertical-align: inherit;\">gama de velocidades\uff1a<\/span><\/span><\/td>\n<td><span style=\"vertical-align: inherit;\"><span style=\"vertical-align: inherit;\">0-7m\/s<\/span><\/span><\/td>\n<td><span style=\"vertical-align: inherit;\"><span style=\"vertical-align: inherit;\">Quantidade (conjuntos)\uff1a<\/span><\/span><\/td>\n<td><span style=\"vertical-align: inherit;\"><span style=\"vertical-align: inherit;\">&gt; 30<\/span><\/span><\/td>\n<\/tr>\n<tr>\n<td><span style=\"vertical-align: inherit;\"><span style=\"vertical-align: inherit;\">Grau de precis\u00e3o\uff1a<\/span><\/span><\/td>\n<td><span style=\"vertical-align: inherit;\"><span style=\"vertical-align: inherit;\">\u00b10,5%R, \u00b11%R ( &lt; DN20)<\/span><\/span><\/td>\n<td><span style=\"vertical-align: inherit;\"><span style=\"vertical-align: inherit;\">Prazo de execu\u00e7\u00e3o (dias)\uff1a<\/span><\/span><\/td>\n<td><span style=\"vertical-align: inherit;\"><span style=\"vertical-align: inherit;\">A ser negociado<\/span><\/span><\/td>\n<\/tr>\n<\/tbody>\n<\/table>\n<p>&nbsp;<\/p>\n<p>&nbsp;<\/p>\n<p style=\"text-align: center;\"><img title=\"medidor de caudal de g\u00e1s de flare\" src=\"https:\/\/www.hginstrument.com\/wp-content\/uploads\/2021\/07\/in-line-pipeline-type-hgd-electromagnetic-flow-meter.jpg\" \/><\/p>\n<p>&nbsp;<\/p>\n<p>&nbsp;<\/p>\n<p style=\"text-align: center;\"><img title=\"medidor de caudal de g\u00e1s de flare\" src=\"https:\/\/www.hginstrument.com\/wp-content\/uploads\/2021\/07\/insertion-01.jpg\" \/><\/p>\n<p>&nbsp;<\/p>\n<p>&nbsp;<\/p>\n<p style=\"text-align: center;\"><img title=\"medidor de caudal de g\u00e1s de flare\" src=\"https:\/\/www.hginstrument.com\/wp-content\/uploads\/2021\/07\/sanitary-mag-1.jpg\" \/><\/p>\n<p><strong>flare gas flow meter FAQs Guide.<\/strong><\/p>\n<p>At the heart of our flare gas flow meter series lies a commitment to excellence, blending advanced sensor technology with user-friendly interfaces. From liquid to gas, our meters deliver unparalleled accuracy, empowering you to make informed decisions and streamline operations. As we usher in a new era of fluid measurement, we invite you to explore the limitless possibilities that our flare gas flow meters unlock \u2013 where precision meets performance, and innovation flows seamlessly.<\/p>\n<div style=\"border: 3px solid #f89900; margin: 20px 0; padding: 20px;\"><a href=\"\/pt\/flare-gas-flow-meter\/#01\">1.Does flare gas flow meter have real-time monitoring function?<\/a><br \/>\n<a href=\"\/pt\/flare-gas-flow-meter\/#02\">2.What is the difference between flare gas flow meter SUYI group vs flare gas flow meter Emerson vs flare gas flow meter Honeywell<\/a><br \/>\n<a href=\"\/pt\/flare-gas-flow-meter\/#03\">3.About flare gas flow meter origin<\/a><br \/>\n<a href=\"\/pt\/flare-gas-flow-meter\/#04\">4.About flare gas flow meter raw materials<\/a><br \/>\n<a href=\"\/pt\/flare-gas-flow-meter\/#05\">5.What are the common types of flare gas flow meters?<\/a><br \/>\n<a href=\"\/pt\/flare-gas-flow-meter\/#06\">6.About flare gas flow meter MOQ<\/a><br \/>\n<a href=\"\/pt\/flare-gas-flow-meter\/#07\">7.What is the operating temperature range of the flare gas flow meter?<\/a><br \/>\n<a href=\"\/pt\/flare-gas-flow-meter\/#08\">8.What is the measuring range of flare gas flow meter?<\/a><br \/>\n<a href=\"\/pt\/flare-gas-flow-meter\/#09\">9.About flare gas flow meter quality system<\/a><br \/>\n<a href=\"\/pt\/flare-gas-flow-meter\/#010\">10.About flare gas flow meter production skills training<\/a><br \/>\n<a href=\"\/pt\/flare-gas-flow-meter\/#11\">11.About flare gas flow meter inventory<\/a><br \/>\n<a href=\"\/pt\/flare-gas-flow-meter\/#12\">12.About flare gas flow meter production capacity<\/a><br \/>\n<a href=\"\/pt\/flare-gas-flow-meter\/#13\">13.About the scale of flare gas flow meter factory<\/a><br \/>\n<a href=\"\/pt\/flare-gas-flow-meter\/#14\">14.What is the explosion-proof rating of flare gas flow meter?<\/a><\/div>\n<div id=\"01\">\n<p><strong>1.Does flare gas flow meter have real-time monitoring function?<\/strong><\/p>\n<p>Sim, alguns medidores de caudal t\u00eam fun\u00e7\u00f5es de monitoriza\u00e7\u00e3o em tempo real. Estes medidores est\u00e3o normalmente equipados com sensores que medem o caudal e transmitem os dados para um sistema de monitoriza\u00e7\u00e3o. Isto permite a monitoriza\u00e7\u00e3o em tempo real do caudal e de outros par\u00e2metros.<\/p>\n<\/div>\n<div id=\"02\">\n<p><strong>2.What is the difference between flare gas flow meter SUYI group vs flare gas flow meter Emerson vs flare gas flow meter Honeywell<\/strong><\/p>\n<p>Os medidores de caudal do Grupo SUYI, Emerson e Honeywell medem todos o caudal de l\u00edquidos e gases, mas diferem em termos de precis\u00e3o, caracter\u00edsticas e custo. Os medidores de caudal do Grupo SUYI s\u00e3o normalmente os mais econ\u00f3micos, mas podem n\u00e3o ter a mesma precis\u00e3o ou caracter\u00edsticas que os modelos mais caros da Emerson e da Honeywell. Os medidores de caudal da Emerson s\u00e3o conhecidos pela sua precis\u00e3o e fiabilidade, mas podem ser mais caros do que os de outras marcas. Os caudal\u00edmetros Honeywell s\u00e3o conhecidos pelas suas caracter\u00edsticas avan\u00e7adas e precis\u00e3o, mas podem ser os mais caros dos tr\u00eas.<\/p>\n<\/div>\n<div id=\"03\">\n<p><strong>3.About flare gas flow meter origin<\/strong><\/p>\n<p>O primeiro medidor de caudal foi inventado em 1832 por um ingl\u00eas chamado William Henry. Ele desenvolveu um dispositivo que utilizava um flutuador para medir o caudal de \u00e1gua num tubo. Este dispositivo foi o primeiro do seu g\u00e9nero e foi o precursor dos medidores de caudal modernos. Desde ent\u00e3o, os medidores de caudal t\u00eam sido utilizados numa variedade de ind\u00fastrias para medir o caudal de l\u00edquidos, gases e outros materiais. Atualmente, os medidores de caudal s\u00e3o utilizados numa variedade de aplica\u00e7\u00f5es, desde a medi\u00e7\u00e3o do caudal de \u00e1gua num tubo at\u00e9 \u00e0 medi\u00e7\u00e3o do caudal de petr\u00f3leo numa refinaria.<\/p>\n<p><img style=\"max-width: 100%;\" title=\"About flare gas flow meter origin\" src=\"https:\/\/www.hginstrument.com\/wp-content\/uploads\/2021\/07\/v-cone-5.jpg\" alt=\"About flare gas flow meter origin\" \/><\/p>\n<\/div>\n<div id=\"04\">\n<p><strong>4.About flare gas flow meter raw materials<\/strong><\/p>\n<p>As mat\u00e9rias-primas dos medidores de caudal s\u00e3o normalmente fabricadas a partir de uma variedade de metais, pl\u00e1sticos e compostos. Os materiais mais comuns utilizados nos medidores de caudal incluem o a\u00e7o inoxid\u00e1vel, o lat\u00e3o, o alum\u00ednio, o cloreto de polivinilo (PVC), o polipropileno (PP) e o politetrafluoroetileno (PTFE). O material utilizado num medidor de caudal depende da aplica\u00e7\u00e3o e do tipo de fluido que est\u00e1 a ser medido. Por exemplo, o a\u00e7o inoxid\u00e1vel \u00e9 frequentemente utilizado para medir fluidos corrosivos, enquanto o PVC \u00e9 frequentemente utilizado para medir \u00e1gua.<\/p>\n<\/div>\n<div id=\"05\">\n<p><strong>5.What are the common types of flare gas flow meters?<\/strong><\/p>\n<p>Our mission is to provide customers with the best solutions for flare gas flow meter.<br \/>\n1. Medidores de caudal de press\u00e3o diferencial<br \/>\n2. Medidores de caudal de deslocamento positivo<br \/>\n3. Medidores de caudal de turbina<br \/>\n4. Medidores de caudal magn\u00e9ticos<br \/>\n5. Medidores de caudal ultra-s\u00f3nicos<br \/>\n6. Medidores de caudal Coriolis<br \/>\n7. Medidores de caudal de v\u00f3rtice<br \/>\n8. Medidores de caudal alvo<br \/>\n9. Medidores de caudal de \u00e1rea vari\u00e1vel<br \/>\n10. Medidores de caudal m\u00e1ssico<\/p>\n<\/div>\n<div id=\"06\">\n<p><strong>6.About flare gas flow meter MOQ<\/strong><\/p>\n<p>A quantidade m\u00ednima de encomenda (MOQ) para um medidor de caudal depender\u00e1 do tipo de medidor de caudal e do fabricante. Geralmente, a MOQ para um medidor de caudal situa-se entre 1 e 10 unidades, mas pode variar consoante o fabricante e o tipo de medidor de caudal.<\/p>\n<p><img style=\"max-width: 100%;\" title=\"About flare gas flow meter MOQ\" src=\"https:\/\/www.hginstrument.com\/wp-content\/uploads\/2021\/07\/wedge-1.jpg\" alt=\"About flare gas flow meter MOQ\" \/><\/p>\n<\/div>\n<div id=\"07\">\n<p><strong>7.What is the operating temperature range of the flare gas flow meter?<\/strong><\/p>\n<p>We have established a good reputation and reliable partnerships within the flare gas flow meter industry.<br \/>\nA gama de temperaturas de funcionamento do medidor de caudal \u00e9 de -40\u00b0C a 60\u00b0C (-40\u00b0F a 140\u00b0F).<\/p>\n<\/div>\n<div id=\"08\">\n<p><strong>8.What is the measuring range of flare gas flow meter?<\/strong><\/p>\n<p>We continuously upgrade our skills and knowledge to adapt to changing flare gas flow meter market needs.<br \/>\nA gama de medi\u00e7\u00e3o de um medidor de caudal depende do tipo de medidor de caudal utilizado. Geralmente, a gama de medi\u00e7\u00e3o de um medidor de caudal pode variar entre 0,01 e 1000 litros por minuto.<\/p>\n<\/div>\n<div id=\"09\">\n<p><strong>9.About flare gas flow meter quality system<\/strong><\/p>\n<p>Um sistema de qualidade de medidores de caudal \u00e9 um conjunto de processos e procedimentos que s\u00e3o utilizados para garantir que os medidores de caudal s\u00e3o fabricados e testados de forma a cumprirem os mais elevados padr\u00f5es de precis\u00e3o e fiabilidade. O sistema inclui medidas de controlo de qualidade, como a inspe\u00e7\u00e3o do material recebido, a inspe\u00e7\u00e3o durante o processo e o teste do produto final. Inclui tamb\u00e9m documenta\u00e7\u00e3o e manuten\u00e7\u00e3o de registos para garantir que todos os processos s\u00e3o seguidos e que quaisquer problemas s\u00e3o tratados de forma r\u00e1pida e eficaz. O sistema foi concebido para garantir que os medidores de caudal produzidos s\u00e3o da mais elevada qualidade e cumprem os requisitos do cliente.<\/p>\n<p><img style=\"max-width: 100%;\" title=\"About flare gas flow meter quality system\" src=\"https:\/\/www.hginstrument.com\/wp-content\/uploads\/2021\/10\/w803e-f3.jpg\" alt=\"About flare gas flow meter quality system\" \/><\/p>\n<\/div>\n<div id=\"010\">\n<p><strong>10.About flare gas flow meter production skills training<\/strong><\/p>\n<p>A forma\u00e7\u00e3o em compet\u00eancias de produ\u00e7\u00e3o de caudal\u00edmetros foi concebida para ensinar aos t\u00e9cnicos e engenheiros as compet\u00eancias necess\u00e1rias para produzir e manter caudal\u00edmetros. A forma\u00e7\u00e3o abrange t\u00f3picos como os princ\u00edpios da medi\u00e7\u00e3o de caudal, os tipos de caudal\u00edmetros dispon\u00edveis, a instala\u00e7\u00e3o e manuten\u00e7\u00e3o de caudal\u00edmetros e t\u00e9cnicas de resolu\u00e7\u00e3o de problemas. A forma\u00e7\u00e3o tamb\u00e9m abrange a utiliza\u00e7\u00e3o de software inform\u00e1tico para analisar e interpretar dados de caudal. A forma\u00e7\u00e3o \u00e9 normalmente realizada em sala de aula e pode incluir actividades pr\u00e1ticas.<\/p>\n<\/div>\n<div id=\"11\">\n<p><strong>11.About flare gas flow meter inventory<\/strong><\/p>\n<p>O invent\u00e1rio de caudal\u00edmetros \u00e9 um sistema utilizado para controlar e gerir os caudal\u00edmetros utilizados em aplica\u00e7\u00f5es industriais e comerciais. \u00c9 utilizado para monitorizar o desempenho dos medidores de caudal, bem como para garantir que s\u00e3o devidamente mantidos e calibrados. O sistema de invent\u00e1rio tamb\u00e9m pode ser utilizado para controlar o custo dos medidores de caudal, bem como para identificar quaisquer problemas ou quest\u00f5es potenciais com os medidores de caudal.<\/p>\n<\/div>\n<div id=\"12\">\n<p><strong>12.About flare gas flow meter production capacity<\/strong><\/p>\n<p>A capacidade de produ\u00e7\u00e3o de medidores de caudal depende do tipo de medidor de caudal que est\u00e1 a ser produzido. Geralmente, a capacidade de produ\u00e7\u00e3o \u00e9 determinada pela dimens\u00e3o da instala\u00e7\u00e3o de produ\u00e7\u00e3o, pelo n\u00famero de m\u00e1quinas e pessoal dispon\u00edvel e pelo tipo de medidor de caudal que est\u00e1 a ser produzido. Por exemplo, uma instala\u00e7\u00e3o de produ\u00e7\u00e3o especializada na produ\u00e7\u00e3o de caudal\u00edmetros de turbina pode ter uma capacidade de produ\u00e7\u00e3o superior \u00e0 de uma instala\u00e7\u00e3o que produz caudal\u00edmetros ultra-s\u00f3nicos. Al\u00e9m disso, a capacidade de produ\u00e7\u00e3o de uma instala\u00e7\u00e3o pode ser afetada pela complexidade do medidor de caudal que est\u00e1 a ser produzido, bem como pela disponibilidade de mat\u00e9rias-primas e componentes.<\/p>\n<p><img style=\"max-width: 100%;\" title=\"About flare gas flow meter production capacity\" src=\"https:\/\/www.hginstrument.com\/wp-content\/uploads\/2021\/07\/hgcmf-c1-1.jpg\" alt=\"About flare gas flow meter production capacity\" \/><\/p>\n<\/div>\n<div id=\"13\">\n<p><strong>13.About the scale of flare gas flow meter factory<\/strong><\/p>\n<p>As f\u00e1bricas de medidores de caudal variam em tamanho e \u00e2mbito, dependendo do tipo de medidores de caudal que produzem. Algumas f\u00e1bricas podem especializar-se na produ\u00e7\u00e3o de um \u00fanico tipo de medidor de caudal, enquanto outras podem produzir uma variedade de tipos diferentes. Algumas f\u00e1bricas podem ser grandes, com centenas de empregados, enquanto outras podem ser pequenas, com apenas alguns empregados. A dimens\u00e3o da f\u00e1brica tamb\u00e9m depender\u00e1 do tipo de caudal\u00edmetros que produz, bem como da procura desses caudal\u00edmetros.<\/p>\n<\/div>\n<div id=\"14\">\n<p><strong>14.What is the explosion-proof rating of flare gas flow meter?<\/strong><\/p>\n<p>Our flare gas flow meter products undergo strict quality control to ensure customer satisfaction.<br \/>\nAs classifica\u00e7\u00f5es \u00e0 prova de explos\u00e3o para medidores de caudal variam consoante o tipo de medidor e a aplica\u00e7\u00e3o. Geralmente, os caudal\u00edmetros s\u00e3o classificados para a Classe I, Divis\u00e3o 1, Grupos C e D, ou Classe II, Divis\u00e3o 1, Grupos E, F e G.<\/p>\n<\/div>\n<p>&nbsp;<\/p>\n<p>Etiqueta\uff1a<a href=\"\/pt\/magnetic-flow-meter\/carbon-dioxide-flow-meter\/\">carbon dioxide flow meter<\/a>,<a href=\"\/pt\/magnetic-flow-meter\/blue-white-flow-meter-distributors\/\">blue-white flow meter distributors<\/a>,<a href=\"\/pt\/magnetic-flow-meter\/turbine-flow-meter\/\">caudal\u00edmetro de turbina<\/a>,<a href=\"\/pt\/magnetic-flow-meter\/abb-flow-meter-distributors\/\">abb flow meter distributors<\/a><\/p>\n<p>&nbsp;<\/p>","protected":false},"excerpt":{"rendered":"<p><strong>Dados t\u00e9cnicos<\/strong><br \/>\nPode servir fluidos l\u00edquidos ou gasosos, sendo normalmente utilizado para medir o caudal de vapor, vapor, ar e g\u00e1s natural.<br \/>\nTamanho do contador: Tipo em linha: DN25 - DN300<br \/>\nOp\u00e7\u00e3o de material h\u00famido: SS304, SS316<br \/>\nTemperatura de funcionamento: \u2264250\u2103<br \/>\nLiga\u00e7\u00e3o ao processo: Wafer \/ Flange \/ Tri-clamp para o tipo In-line<br \/>\nPrecis\u00e3o de medi\u00e7\u00e3o: 1,0 % - 1,5% do intervalo de calibra\u00e7\u00e3o<br \/>\nIndicador digital: apresenta o caudal instant\u00e2neo e o caudal total<br \/>\nFonte de alimenta\u00e7\u00e3o: 24VDC, Sa\u00edda: 4-20mA<\/p>\n<p><strong>caracter\u00edsticas<\/strong><br \/>\n1. pontos de regula\u00e7\u00e3o ON\/OFF ajust\u00e1veis<br \/>\n2. modo de alarme de caudal alto ou baixo<br \/>\n3. tempo de atraso ajust\u00e1vel<br \/>\n4. LED de estado do rel\u00e9<\/p>","protected":false},"featured_media":3691,"comment_status":"closed","ping_status":"closed","template":"","meta":[],"product_cat":[2372],"product_tag":[],"acf":[],"_links":{"self":[{"href":"https:\/\/www.hginstrument.com\/pt\/wp-json\/wp\/v2\/product\/5208"}],"collection":[{"href":"https:\/\/www.hginstrument.com\/pt\/wp-json\/wp\/v2\/product"}],"about":[{"href":"https:\/\/www.hginstrument.com\/pt\/wp-json\/wp\/v2\/types\/product"}],"replies":[{"embeddable":true,"href":"https:\/\/www.hginstrument.com\/pt\/wp-json\/wp\/v2\/comments?post=5208"}],"wp:featuredmedia":[{"embeddable":true,"href":"https:\/\/www.hginstrument.com\/pt\/wp-json\/wp\/v2\/media\/3691"}],"wp:attachment":[{"href":"https:\/\/www.hginstrument.com\/pt\/wp-json\/wp\/v2\/media?parent=5208"}],"wp:term":[{"taxonomy":"product_cat","embeddable":true,"href":"https:\/\/www.hginstrument.com\/pt\/wp-json\/wp\/v2\/product_cat?post=5208"},{"taxonomy":"product_tag","embeddable":true,"href":"https:\/\/www.hginstrument.com\/pt\/wp-json\/wp\/v2\/product_tag?post=5208"}],"curies":[{"name":"wp","href":"https:\/\/api.w.org\/{rel}","templated":true}]}}