{"id":5254,"date":"2023-12-23T23:41:25","date_gmt":"2023-12-23T15:41:25","guid":{"rendered":"https:\/\/www.hginstrument.com\/?post_type=product&#038;p=5254"},"modified":"2024-01-03T14:19:35","modified_gmt":"2024-01-03T06:19:35","slug":"flow-meter-for-irrigation-system","status":"publish","type":"product","link":"https:\/\/www.hginstrument.com\/pt\/magnetic-flow-meter\/flow-meter-for-irrigation-system\/","title":{"rendered":"medidor de caudal para sistema de irriga\u00e7\u00e3o"},"content":{"rendered":"<p>Our flow meter for irrigation system is a cutting-edge product that is guaranteed to provide accurate and reliable flow measurement for a wide range of industrial applications. Equipped with advanced technology and precise sensors, it ensures precise and consistent measurement of liquid and gas flow rates.<\/p>\n<p>flow meter for irrigation system is an advanced flow measurement device designed to accurately measure and monitor the flow of various liquids and gases. With its cutting-edge technology and reliable performance, it has become the solution of choice in oil and gas, chemical processing, Biotechnology and life sciences, water treatment and many other industries.<\/p>\n<p>Our flow meter for irrigation system utilizes a state-of-the-art flow sensing technology that provides precise measurements with exceptional accuracy. It can accurately measure the flow rate of liquids and gases with flow rates ranging from 0.6 to 4724 m3\/h. This high level of accuracy makes it an ideal solution for critical applications that require precise flow measurement.<\/p>\n<table class=\"table table-bordered\">\n<tbody>\n<tr>\n<td><span style=\"vertical-align: inherit;\"><span style=\"vertical-align: inherit;\">Tipo\uff1a<\/span><\/span><\/td>\n<td><span style=\"vertical-align: inherit;\">medidor de caudal para sistema de irriga\u00e7\u00e3o<\/span><\/td>\n<td><span style=\"vertical-align: inherit;\"><span style=\"vertical-align: inherit;\">Sinal de sa\u00edda\uff1a<\/span><\/span><\/td>\n<td><span style=\"vertical-align: inherit;\"><span style=\"vertical-align: inherit;\">4-20 mA, Impulso\/Frequ\u00eancia 2kHz(Predefini\u00e7\u00e3o), 5KHz(M\u00e1x.)<\/span><\/span><\/td>\n<\/tr>\n<tr>\n<td><span style=\"vertical-align: inherit;\"><span style=\"vertical-align: inherit;\">Local de origem\uff1a<\/span><\/span><\/td>\n<td><span style=\"vertical-align: inherit;\"><span style=\"vertical-align: inherit;\">Jiangsu, China<\/span><\/span><\/td>\n<td><span style=\"vertical-align: inherit;\"><span style=\"vertical-align: inherit;\">Incorporar tipo\uff1a<\/span><\/span><\/td>\n<td><span style=\"vertical-align: inherit;\"><span style=\"vertical-align: inherit;\">-10\u2103- +60\u2103<\/span><\/span><\/td>\n<\/tr>\n<tr>\n<td><span style=\"vertical-align: inherit;\"><span style=\"vertical-align: inherit;\">Garantia\uff1a<\/span><\/span><\/td>\n<td><span style=\"vertical-align: inherit;\"><span style=\"vertical-align: inherit;\">27 meses<\/span><\/span><\/td>\n<td><span style=\"vertical-align: inherit;\"><span style=\"vertical-align: inherit;\">Tens\u00e3o de alimenta\u00e7\u00e3o\uff1a<\/span><\/span><\/td>\n<td><span style=\"vertical-align: inherit;\"><span style=\"vertical-align: inherit;\">110\/220VAC (100-240VAC), 50Hz\/60Hz; 24VDC\u00b110%<\/span><\/span><\/td>\n<\/tr>\n<tr>\n<td><span style=\"vertical-align: inherit;\"><span style=\"vertical-align: inherit;\">Suporte personalizado\uff1a<\/span><\/span><\/td>\n<td><span style=\"vertical-align: inherit;\"><span style=\"vertical-align: inherit;\">OEM, ODM, OBM<\/span><\/span><\/td>\n<td><span style=\"vertical-align: inherit;\"><span style=\"vertical-align: inherit;\">Comunica\u00e7\u00e3o digital\uff1a<\/span><\/span><\/td>\n<td><span style=\"vertical-align: inherit;\"><span style=\"vertical-align: inherit;\">RS-485, suporta o protocolo padr\u00e3o Mudbugs-RTU; GPRS<\/span><\/span><\/td>\n<\/tr>\n<tr>\n<td><span style=\"vertical-align: inherit;\"><span style=\"vertical-align: inherit;\">Nome da marca\uff1a<\/span><\/span><\/td>\n<td><span style=\"vertical-align: inherit;\"><span style=\"vertical-align: inherit;\">GRUPO SUYI<\/span><\/span><\/td>\n<td><span style=\"vertical-align: inherit;\"><span style=\"vertical-align: inherit;\">Press\u00e3o nominal\uff1a<\/span><\/span><\/td>\n<td><span style=\"vertical-align: inherit;\"><span style=\"vertical-align: inherit;\">1MPa (DN15-DN800), 1,6MPa (DN15-DN800), 2,5MPa (DN15-DN600)<\/span><\/span><\/td>\n<\/tr>\n<tr>\n<td><span style=\"vertical-align: inherit;\"><span style=\"vertical-align: inherit;\">N\u00famero do modelo\uff1a<\/span><\/span><\/td>\n<td><span style=\"vertical-align: inherit;\"><span style=\"vertical-align: inherit;\">outros<\/span><\/span><\/td>\n<td><span style=\"vertical-align: inherit;\"><span style=\"vertical-align: inherit;\">Sensor\uff1a<\/span><\/span><\/td>\n<td><span style=\"vertical-align: inherit;\"><span style=\"vertical-align: inherit;\">0\u2103- +80\u2103 ou -25\u2103- +120\u2103 ou +70\u2103- +250\u2103<\/span><\/span><\/td>\n<\/tr>\n<tr>\n<td><span style=\"vertical-align: inherit;\"><span style=\"vertical-align: inherit;\">Nome do produto\uff1a<\/span><\/span><\/td>\n<td><span style=\"vertical-align: inherit;\"><span style=\"vertical-align: inherit;\">Medidor de caudal de \u00e1gua qu\u00edmica digital inteligente eletromagn\u00e9tico<\/span><\/span><\/td>\n<td><span style=\"vertical-align: inherit;\"><span style=\"vertical-align: inherit;\">Detalhes da embalagem\uff1a<\/span><\/span><\/td>\n<td><span style=\"vertical-align: inherit;\"><span style=\"vertical-align: inherit;\">1 conjunto por embalagem ou conforme o pedido do cliente<\/span><\/span><\/td>\n<\/tr>\n<tr>\n<td><span style=\"vertical-align: inherit;\"><span style=\"vertical-align: inherit;\">Di\u00e2metro nominal\uff1a<\/span><\/span><\/td>\n<td><span style=\"vertical-align: inherit;\"><span style=\"vertical-align: inherit;\">3-2997mm<\/span><\/span><\/td>\n<td><span style=\"vertical-align: inherit;\"><span style=\"vertical-align: inherit;\">Capacidade de fornecimento\uff1a<\/span><\/span><\/td>\n<td><span style=\"vertical-align: inherit;\"><span style=\"vertical-align: inherit;\">2364 Set\/Sets per Month<\/span><\/span><\/td>\n<\/tr>\n<tr>\n<td><span style=\"vertical-align: inherit;\"><span style=\"vertical-align: inherit;\">gama de velocidades\uff1a<\/span><\/span><\/td>\n<td><span style=\"vertical-align: inherit;\"><span style=\"vertical-align: inherit;\">0-14m\/s<\/span><\/span><\/td>\n<td><span style=\"vertical-align: inherit;\"><span style=\"vertical-align: inherit;\">Quantidade (conjuntos)\uff1a<\/span><\/span><\/td>\n<td><span style=\"vertical-align: inherit;\"><span style=\"vertical-align: inherit;\">&gt; 1<\/span><\/span><\/td>\n<\/tr>\n<tr>\n<td><span style=\"vertical-align: inherit;\"><span style=\"vertical-align: inherit;\">Grau de precis\u00e3o\uff1a<\/span><\/span><\/td>\n<td><span style=\"vertical-align: inherit;\"><span style=\"vertical-align: inherit;\">\u00b10,5%R, \u00b11%R ( &lt; DN20)<\/span><\/span><\/td>\n<td><span style=\"vertical-align: inherit;\"><span style=\"vertical-align: inherit;\">Prazo de execu\u00e7\u00e3o (dias)\uff1a<\/span><\/span><\/td>\n<td><span style=\"vertical-align: inherit;\"><span style=\"vertical-align: inherit;\">A ser negociado<\/span><\/span><\/td>\n<\/tr>\n<\/tbody>\n<\/table>\n<p>&nbsp;<\/p>\n<p>&nbsp;<\/p>\n<p style=\"text-align: center;\"><img title=\"medidor de caudal para sistema de irriga\u00e7\u00e3o\" src=\"https:\/\/www.hginstrument.com\/wp-content\/uploads\/2021\/07\/in-line-pipeline-type-hgd-electromagnetic-flow-meter.jpg\" \/><\/p>\n<p>&nbsp;<\/p>\n<p>&nbsp;<\/p>\n<p style=\"text-align: center;\"><img title=\"medidor de caudal para sistema de irriga\u00e7\u00e3o\" src=\"https:\/\/www.hginstrument.com\/wp-content\/uploads\/2021\/07\/insertion-01.jpg\" \/><\/p>\n<p>&nbsp;<\/p>\n<p>&nbsp;<\/p>\n<p style=\"text-align: center;\"><img title=\"medidor de caudal para sistema de irriga\u00e7\u00e3o\" src=\"https:\/\/www.hginstrument.com\/wp-content\/uploads\/2021\/07\/sanitary-mag-1.jpg\" \/><\/p>\n<p><strong>flow meter for irrigation system FAQs Guide.<\/strong><\/p>\n<p>At the heart of our flow meter for irrigation system series lies a commitment to excellence, blending advanced sensor technology with user-friendly interfaces. From liquid to gas, our meters deliver unparalleled accuracy, empowering you to make informed decisions and streamline operations. As we usher in a new era of fluid measurement, we invite you to explore the limitless possibilities that our flow meter for irrigation systems unlock \u2013 where precision meets performance, and innovation flows seamlessly.<\/p>\n<div style=\"border: 3px solid #f89900; margin: 20px 0; padding: 20px;\"><a href=\"\/pt\/flow-meter-for-irrigation-system\/#01\">1.About flow meter for irrigation system warranty<\/a><br \/>\n<a href=\"\/pt\/flow-meter-for-irrigation-system\/#02\">2.About flow meter for irrigation system payment method<\/a><br \/>\n<a href=\"\/pt\/flow-meter-for-irrigation-system\/#03\">3.What are the common faults and solutions of flow meter for irrigation systems?<\/a><br \/>\n<a href=\"\/pt\/flow-meter-for-irrigation-system\/#04\">4.About flow meter for irrigation system raw material procurement system<\/a><br \/>\n<a href=\"\/pt\/flow-meter-for-irrigation-system\/#05\">5.About flow meter for irrigation system production management system<\/a><br \/>\n<a href=\"\/pt\/flow-meter-for-irrigation-system\/#06\">6.About flow meter for irrigation system production capacity<\/a><br \/>\n<a href=\"\/pt\/flow-meter-for-irrigation-system\/#07\">7.About the scale of flow meter for irrigation system factory<\/a><br \/>\n<a href=\"\/pt\/flow-meter-for-irrigation-system\/#08\">8.Does the explosion-proof performance of flow meter for irrigation system meet relevant standards?<\/a><br \/>\n<a href=\"\/pt\/flow-meter-for-irrigation-system\/#09\">9.About flow meter for irrigation system warranty<\/a><br \/>\n<a href=\"\/pt\/flow-meter-for-irrigation-system\/#010\">10.Are flow meter for irrigation system measurement results traceable?<\/a><br \/>\n<a href=\"\/pt\/flow-meter-for-irrigation-system\/#11\">11.About flow meter for irrigation system quality system<\/a><br \/>\n<a href=\"\/pt\/flow-meter-for-irrigation-system\/#12\">12.How to calibrate a flow meter for irrigation system?<\/a><br \/>\n<a href=\"\/pt\/flow-meter-for-irrigation-system\/#13\">13.Can the flow meter for irrigation system be equipped with sensors of different accuracy?<\/a><br \/>\n<a href=\"\/pt\/flow-meter-for-irrigation-system\/#14\">14.About flow meter for irrigation system production equipment<\/a><\/div>\n<div id=\"01\">\n<p><strong>1.About flow meter for irrigation system warranty<\/strong><\/p>\n<p>As garantias dos caudal\u00edmetros variam consoante o fabricante e o tipo de caudal\u00edmetro. Geralmente, as garantias cobrem defeitos de materiais e de fabrico, e podem tamb\u00e9m cobrir certos tipos de danos causados pela utiliza\u00e7\u00e3o normal. Algumas garantias podem tamb\u00e9m cobrir danos causados por instala\u00e7\u00e3o ou utiliza\u00e7\u00e3o incorrecta. \u00c9 importante ler as informa\u00e7\u00f5es de garantia fornecidas pelo fabricante para entender a cobertura espec\u00edfica e as limita\u00e7\u00f5es da garantia.<\/p>\n<\/div>\n<div id=\"02\">\n<p><strong>2.About flow meter for irrigation system payment method<\/strong><\/p>\n<p>O pagamento com caudal\u00edmetro \u00e9 um m\u00e9todo de pagamento que utiliza um caudal\u00edmetro para medir a quantidade de energia utilizada por um cliente. O cliente paga a energia utilizada com base na quantidade de energia medida pelo medidor de caudal. Este m\u00e9todo de pagamento \u00e9 frequentemente utilizado em ambientes comerciais e industriais, onde o consumo de energia \u00e9 elevado e precisa de ser controlado com precis\u00e3o. O pagamento por caudal\u00edmetro tamb\u00e9m \u00e9 utilizado em alguns contextos residenciais, onde os clientes podem pagar a sua utiliza\u00e7\u00e3o de energia com base na quantidade de energia que utilizam.<\/p>\n<\/div>\n<div id=\"03\">\n<p><strong>3.What are the common faults and solutions of flow meter for irrigation systems?<\/strong><\/p>\n<p>Mantemos um certo montante de investimento em I&amp;D todos os anos e melhoramos continuamente a efici\u00eancia operacional para prestar melhores servi\u00e7os aos nossos clientes cooperativos.<br \/>\nAs falhas e solu\u00e7\u00f5es comuns dos medidores de caudal incluem:<\/p>\n<p>1. Baixa precis\u00e3o: Esta situa\u00e7\u00e3o \u00e9 normalmente causada por uma instala\u00e7\u00e3o ou calibra\u00e7\u00e3o incorrecta. Para resolver este problema, verifique a instala\u00e7\u00e3o e a calibra\u00e7\u00e3o do medidor de caudal e certifique-se de que est\u00e3o correctas.<\/p>\n<p>2. Fugas: Esta situa\u00e7\u00e3o \u00e9 normalmente causada por um vedante gasto ou danificado. Para resolver este problema, substitua a junta por uma nova.<\/p>\n<p>3. Entupimento: Isto \u00e9 normalmente causado por detritos ou outras part\u00edculas que bloqueiam o medidor de caudal. Para resolver este problema, limpe o medidor de caudal e remova quaisquer detritos ou part\u00edculas.<\/p>\n<p>4. Corros\u00e3o: Geralmente \u00e9 causada pela exposi\u00e7\u00e3o a l\u00edquidos ou gases corrosivos. Para resolver este problema, substitua todas as pe\u00e7as corro\u00eddas e utilize um material resistente \u00e0 corros\u00e3o para o medidor de caudal.<\/p>\n<p><img style=\"max-width: 100%;\" title=\"What are the common faults and solutions of flow meter for irrigation systems?\" src=\"https:\/\/www.hginstrument.com\/wp-content\/uploads\/2021\/07\/hgvf-1.jpg\" alt=\"What are the common faults and solutions of flow meter for irrigation systems?\" \/><\/p>\n<\/div>\n<div id=\"04\">\n<p><strong>4.About flow meter for irrigation system raw material procurement system<\/strong><\/p>\n<p>Um sistema de aquisi\u00e7\u00e3o de mat\u00e9rias-primas para caudal\u00edmetros \u00e9 uma solu\u00e7\u00e3o de software concebida para simplificar o processo de aquisi\u00e7\u00e3o de mat\u00e9rias-primas para a produ\u00e7\u00e3o de caudal\u00edmetros. O sistema permite que os utilizadores pesquisem e comprem r\u00e1pida e facilmente os componentes necess\u00e1rios para a produ\u00e7\u00e3o de medidores de caudal. Tamb\u00e9m fornece informa\u00e7\u00f5es detalhadas sobre os componentes, incluindo pre\u00e7os, disponibilidade e prazos de entrega. O sistema tamb\u00e9m permite aos utilizadores acompanhar as suas encomendas e gerir o seu invent\u00e1rio. Isto ajuda a garantir que os componentes certos est\u00e3o sempre dispon\u00edveis quando necess\u00e1rio.<\/p>\n<\/div>\n<div id=\"05\">\n<p><strong>5.About flow meter for irrigation system production management system<\/strong><\/p>\n<p>Um sistema de gest\u00e3o da produ\u00e7\u00e3o de caudal\u00edmetros \u00e9 uma solu\u00e7\u00e3o de software concebida para ajudar os fabricantes a gerir a produ\u00e7\u00e3o de caudal\u00edmetros. O sistema pode ser utilizado para acompanhar o processo de produ\u00e7\u00e3o do in\u00edcio ao fim, incluindo a encomenda de mat\u00e9rias-primas, a montagem de componentes e o teste e calibra\u00e7\u00e3o do produto acabado. O sistema tamb\u00e9m pode ser utilizado para monitorizar a qualidade do processo de produ\u00e7\u00e3o, garantindo que os medidores de caudal cumprem as normas exigidas. Al\u00e9m disso, o sistema pode ser utilizado para gerar relat\u00f3rios e analisar dados para ajudar os fabricantes a melhorar os seus processos de produ\u00e7\u00e3o.<\/p>\n<\/div>\n<div id=\"06\">\n<p><strong>6.About flow meter for irrigation system production capacity<\/strong><\/p>\n<p>A capacidade de produ\u00e7\u00e3o de medidores de caudal depende do tipo de medidor de caudal que est\u00e1 a ser produzido. Geralmente, a capacidade de produ\u00e7\u00e3o \u00e9 determinada pela dimens\u00e3o da instala\u00e7\u00e3o de produ\u00e7\u00e3o, pelo n\u00famero de m\u00e1quinas e pessoal dispon\u00edvel e pelo tipo de medidor de caudal que est\u00e1 a ser produzido. Por exemplo, uma instala\u00e7\u00e3o de produ\u00e7\u00e3o especializada na produ\u00e7\u00e3o de caudal\u00edmetros de turbina pode ter uma capacidade de produ\u00e7\u00e3o superior \u00e0 de uma instala\u00e7\u00e3o que produz caudal\u00edmetros ultra-s\u00f3nicos. Al\u00e9m disso, a capacidade de produ\u00e7\u00e3o de uma instala\u00e7\u00e3o pode ser afetada pela complexidade do medidor de caudal que est\u00e1 a ser produzido, bem como pela disponibilidade de mat\u00e9rias-primas e componentes.<\/p>\n<p><img style=\"max-width: 100%;\" title=\"About flow meter for irrigation system production capacity\" src=\"https:\/\/www.hginstrument.com\/wp-content\/uploads\/2021\/07\/insertion-01.jpg\" alt=\"About flow meter for irrigation system production capacity\" \/><\/p>\n<\/div>\n<div id=\"07\">\n<p><strong>7.About the scale of flow meter for irrigation system factory<\/strong><\/p>\n<p>As f\u00e1bricas de medidores de caudal variam em tamanho e \u00e2mbito, dependendo do tipo de medidores de caudal que produzem. Algumas f\u00e1bricas podem especializar-se na produ\u00e7\u00e3o de um \u00fanico tipo de medidor de caudal, enquanto outras podem produzir uma variedade de tipos diferentes. Algumas f\u00e1bricas podem ser grandes, com centenas de empregados, enquanto outras podem ser pequenas, com apenas alguns empregados. A dimens\u00e3o da f\u00e1brica tamb\u00e9m depender\u00e1 do tipo de caudal\u00edmetros que produz, bem como da procura desses caudal\u00edmetros.<\/p>\n<\/div>\n<div id=\"08\">\n<p><strong>8.Does the explosion-proof performance of flow meter for irrigation system meet relevant standards?<\/strong><\/p>\n<p>Sim, o desempenho \u00e0 prova de explos\u00e3o do medidor de caudal cumpre as normas relevantes. O medidor de caudal deve ser certificado por um organismo de certifica\u00e7\u00e3o reconhecido para garantir que cumpre os requisitos das normas relevantes.<\/p>\n<\/div>\n<div id=\"09\">\n<p><strong>9.About flow meter for irrigation system warranty<\/strong><\/p>\n<p>As garantias dos caudal\u00edmetros variam consoante o fabricante e o tipo de caudal\u00edmetro. Geralmente, as garantias cobrem defeitos de materiais e de fabrico, e podem tamb\u00e9m cobrir certos tipos de danos causados pela utiliza\u00e7\u00e3o normal. Algumas garantias podem tamb\u00e9m cobrir danos causados por instala\u00e7\u00e3o ou utiliza\u00e7\u00e3o incorrecta. \u00c9 importante ler as informa\u00e7\u00f5es de garantia fornecidas pelo fabricante para entender a cobertura espec\u00edfica e as limita\u00e7\u00f5es da garantia.<\/p>\n<p><img style=\"max-width: 100%;\" title=\"About flow meter for irrigation system warranty\" src=\"https:\/\/www.hginstrument.com\/wp-content\/uploads\/2021\/07\/hgtf-6.jpg\" alt=\"About flow meter for irrigation system warranty\" \/><\/p>\n<\/div>\n<div id=\"010\">\n<p><strong>10.Are flow meter for irrigation system measurement results traceable?<\/strong><\/p>\n<p>Our company has many years of flow meter for irrigation system experience and expertise.<br \/>\nSim, os resultados da medi\u00e7\u00e3o do medidor de caudal podem ser rastre\u00e1veis. A rastreabilidade \u00e9 a capacidade de rastrear o hist\u00f3rico, a aplica\u00e7\u00e3o ou a localiza\u00e7\u00e3o de um item por meio de uma identifica\u00e7\u00e3o documentada e registada. Os caudal\u00edmetros s\u00e3o tipicamente calibrados utilizando um padr\u00e3o rastre\u00e1vel, tal como um padr\u00e3o de calibra\u00e7\u00e3o rastre\u00e1vel NIST. Isto assegura que os resultados das medi\u00e7\u00f5es do caudal\u00edmetro s\u00e3o rastre\u00e1veis a um padr\u00e3o conhecido.<\/p>\n<\/div>\n<div id=\"11\">\n<p><strong>11.About flow meter for irrigation system quality system<\/strong><\/p>\n<p>Um sistema de qualidade de medidores de caudal \u00e9 um conjunto de processos e procedimentos que s\u00e3o utilizados para garantir que os medidores de caudal s\u00e3o fabricados e testados de forma a cumprirem os mais elevados padr\u00f5es de precis\u00e3o e fiabilidade. O sistema inclui medidas de controlo de qualidade, como a inspe\u00e7\u00e3o do material recebido, a inspe\u00e7\u00e3o durante o processo e o teste do produto final. Inclui tamb\u00e9m documenta\u00e7\u00e3o e manuten\u00e7\u00e3o de registos para garantir que todos os processos s\u00e3o seguidos e que quaisquer problemas s\u00e3o tratados de forma r\u00e1pida e eficaz. O sistema foi concebido para garantir que os medidores de caudal produzidos s\u00e3o da mais elevada qualidade e cumprem os requisitos do cliente.<\/p>\n<\/div>\n<div id=\"12\">\n<p><strong>12.How to calibrate a flow meter for irrigation system?<\/strong><\/p>\n<p>Being one of the top flow meter for irrigation system manufacturers in China, We attach great importance to this detail.<br \/>\n1. Verifique as instru\u00e7\u00f5es do fabricante para o medidor de caudal espec\u00edfico que est\u00e1 a utilizar.<\/p>\n<p>2. Certifique-se de que o medidor de caudal est\u00e1 corretamente instalado e de que todas as liga\u00e7\u00f5es est\u00e3o seguras.<\/p>\n<p>3. Ligar o medidor de caudal a um dispositivo de calibra\u00e7\u00e3o, como um dispositivo de calibra\u00e7\u00e3o de caudal ou um circuito de calibra\u00e7\u00e3o de caudal.<\/p>\n<p>4. Regular o dispositivo de calibra\u00e7\u00e3o para o caudal pretendido.<\/p>\n<p>5. Ligar o medidor de caudal e deix\u00e1-lo funcionar durante alguns minutos para garantir a sua estabilidade.<\/p>\n<p>6. Comparar a leitura do medidor de caudal com a leitura do dispositivo de calibra\u00e7\u00e3o.<\/p>\n<p>7. Ajustar as defini\u00e7\u00f5es do medidor de caudal conforme necess\u00e1rio para corresponder \u00e0 leitura do dispositivo de calibra\u00e7\u00e3o.<\/p>\n<p>8. Repetir os passos 4-7 at\u00e9 que a leitura do medidor de caudal coincida com a leitura do dispositivo de calibra\u00e7\u00e3o.<\/p>\n<p>9. Registar as defini\u00e7\u00f5es do medidor de caudal e a leitura do dispositivo de calibra\u00e7\u00e3o para refer\u00eancia futura.<\/p>\n<p><img style=\"max-width: 100%;\" title=\"How to calibrate a flow meter for irrigation system?\" src=\"https:\/\/www.hginstrument.com\/wp-content\/uploads\/2021\/07\/dsrt-1.jpg\" alt=\"How to calibrate a flow meter for irrigation system?\" \/><\/p>\n<\/div>\n<div id=\"13\">\n<p><strong>13.Can the flow meter for irrigation system be equipped with sensors of different accuracy?<\/strong><\/p>\n<p>Sim, os medidores de caudal podem ser equipados com sensores de precis\u00e3o diferente. Est\u00e3o dispon\u00edveis diferentes tipos de caudal\u00edmetros com diferentes n\u00edveis de precis\u00e3o, dependendo da aplica\u00e7\u00e3o. Por exemplo, os caudal\u00edmetros de turbina s\u00e3o normalmente mais precisos do que os caudal\u00edmetros de roda de p\u00e1s.<\/p>\n<\/div>\n<div id=\"14\">\n<p><strong>14.About flow meter for irrigation system production equipment<\/strong><\/p>\n<p>O equipamento de produ\u00e7\u00e3o de flux\u00f3metros \u00e9 utilizado para fabricar flux\u00f3metros, que s\u00e3o dispositivos utilizados para medir a taxa de fluxo de um l\u00edquido ou g\u00e1s. Este equipamento inclui normalmente uma variedade de m\u00e1quinas e ferramentas, tais como tornos, fresadoras, prensas de perfura\u00e7\u00e3o e m\u00e1quinas CNC. Inclui tamb\u00e9m ferramentas especializadas para montar e testar medidores de caudal. O equipamento utilizado para produzir medidores de caudal \u00e9 altamente especializado e deve ser capaz de produzir resultados precisos e fi\u00e1veis.<\/p>\n<\/div>\n<p>&nbsp;<\/p>\n<p>Etiqueta\uff1a<a href=\"\/pt\/magnetic-flow-meter\/home-water-flow-meter\/\">home water flow meter<\/a>,<a href=\"\/pt\/magnetic-flow-meter\/flow-meter-with-valve\/\">medidor de caudal com v\u00e1lvula<\/a>,<a href=\"\/pt\/magnetic-flow-meter\/gas-mass-flow-meter\/\">gas mass flow meter<\/a><\/p>\n<p>&nbsp;<\/p>","protected":false},"excerpt":{"rendered":"<p><strong>Dados t\u00e9cnicos<\/strong><br \/>\nPode servir fluidos l\u00edquidos ou gasosos, sendo normalmente utilizado para medir o caudal de vapor, vapor, ar e g\u00e1s natural.<br \/>\nTamanho do contador: Tipo em linha: DN25 - DN300<br \/>\nOp\u00e7\u00e3o de material h\u00famido: SS304, SS316<br \/>\nTemperatura de funcionamento: \u2264250\u2103<br \/>\nLiga\u00e7\u00e3o ao processo: Wafer \/ Flange \/ Tri-clamp para o tipo In-line<br \/>\nPrecis\u00e3o de medi\u00e7\u00e3o: 1,0 % - 1,5% do intervalo de calibra\u00e7\u00e3o<br \/>\nIndicador digital: apresenta o caudal instant\u00e2neo e o caudal total<br \/>\nFonte de alimenta\u00e7\u00e3o: 24VDC, Sa\u00edda: 4-20mA<\/p>\n<p><strong>caracter\u00edsticas<\/strong><br \/>\n1. pontos de regula\u00e7\u00e3o ON\/OFF ajust\u00e1veis<br \/>\n2. modo de alarme de caudal alto ou baixo<br \/>\n3. tempo de atraso ajust\u00e1vel<br \/>\n4. LED de estado do rel\u00e9<\/p>","protected":false},"featured_media":3691,"comment_status":"closed","ping_status":"closed","template":"","meta":[],"product_cat":[2372],"product_tag":[],"acf":[],"_links":{"self":[{"href":"https:\/\/www.hginstrument.com\/pt\/wp-json\/wp\/v2\/product\/5254"}],"collection":[{"href":"https:\/\/www.hginstrument.com\/pt\/wp-json\/wp\/v2\/product"}],"about":[{"href":"https:\/\/www.hginstrument.com\/pt\/wp-json\/wp\/v2\/types\/product"}],"replies":[{"embeddable":true,"href":"https:\/\/www.hginstrument.com\/pt\/wp-json\/wp\/v2\/comments?post=5254"}],"wp:featuredmedia":[{"embeddable":true,"href":"https:\/\/www.hginstrument.com\/pt\/wp-json\/wp\/v2\/media\/3691"}],"wp:attachment":[{"href":"https:\/\/www.hginstrument.com\/pt\/wp-json\/wp\/v2\/media?parent=5254"}],"wp:term":[{"taxonomy":"product_cat","embeddable":true,"href":"https:\/\/www.hginstrument.com\/pt\/wp-json\/wp\/v2\/product_cat?post=5254"},{"taxonomy":"product_tag","embeddable":true,"href":"https:\/\/www.hginstrument.com\/pt\/wp-json\/wp\/v2\/product_tag?post=5254"}],"curies":[{"name":"wp","href":"https:\/\/api.w.org\/{rel}","templated":true}]}}