{"id":5352,"date":"2023-12-24T03:26:16","date_gmt":"2023-12-23T19:26:16","guid":{"rendered":"https:\/\/www.hginstrument.com\/?post_type=product&#038;p=5352"},"modified":"2024-01-09T16:57:59","modified_gmt":"2024-01-09T08:57:59","slug":"fuel-tank-flow-meter","status":"publish","type":"product","link":"https:\/\/www.hginstrument.com\/pt\/magnetic-flow-meter\/fuel-tank-flow-meter\/","title":{"rendered":"medidor de caudal do dep\u00f3sito de combust\u00edvel"},"content":{"rendered":"<p>O medidor de caudal do dep\u00f3sito de combust\u00edvel \u00e9 um dispositivo altamente fi\u00e1vel e preciso utilizado para medir o caudal de l\u00edquidos e gases em v\u00e1rias aplica\u00e7\u00f5es industriais e comerciais. Foi concebido com tecnologia avan\u00e7ada e componentes de alta qualidade, o que o torna dur\u00e1vel e resistente a factores externos, como altera\u00e7\u00f5es de temperatura e press\u00e3o.<\/p>\n<p>Uma das principais caracter\u00edsticas do medidor de caudal do dep\u00f3sito de combust\u00edvel \u00e9 a sua capacidade de medir com precis\u00e3o o caudal de v\u00e1rios fluidos, incluindo l\u00edquidos, gases e vapor. Isto \u00e9 poss\u00edvel gra\u00e7as ao seu m\u00e9todo \u00fanico de medi\u00e7\u00e3o do caudal por press\u00e3o diferencial, que assegura uma perda de press\u00e3o m\u00ednima e uma elevada precis\u00e3o de medi\u00e7\u00e3o. Al\u00e9m disso, o instrumento \u00e9 capaz de medir caudais numa vasta gama, tornando-o adequado para aplica\u00e7\u00f5es de caudal baixo e elevado.<\/p>\n<p>Outra vantagem da utiliza\u00e7\u00e3o do medidor de caudal do dep\u00f3sito de combust\u00edvel \u00e9 a sua baixa necessidade de manuten\u00e7\u00e3o. O instrumento foi concebido para ser resistente a ambientes agressivos e pode funcionar continuamente sem necessidade de limpeza e calibra\u00e7\u00e3o frequentes. Isto n\u00e3o s\u00f3 reduz o tempo de inatividade, como tamb\u00e9m ajuda a reduzir os custos das ind\u00fastrias que exigem uma monitoriza\u00e7\u00e3o constante do caudal.<\/p>\n<table class=\"table table-bordered\">\n<tbody>\n<tr>\n<td><span style=\"vertical-align: inherit;\"><span style=\"vertical-align: inherit;\">Tipo\uff1a<\/span><\/span><\/td>\n<td><span style=\"vertical-align: inherit;\">medidor de caudal do dep\u00f3sito de combust\u00edvel<\/span><\/td>\n<td><span style=\"vertical-align: inherit;\"><span style=\"vertical-align: inherit;\">Sinal de sa\u00edda\uff1a<\/span><\/span><\/td>\n<td><span style=\"vertical-align: inherit;\"><span style=\"vertical-align: inherit;\">4-20 mA, Impulso\/Frequ\u00eancia 2kHz(Predefini\u00e7\u00e3o), 5KHz(M\u00e1x.)<\/span><\/span><\/td>\n<\/tr>\n<tr>\n<td><span style=\"vertical-align: inherit;\"><span style=\"vertical-align: inherit;\">Local de origem\uff1a<\/span><\/span><\/td>\n<td><span style=\"vertical-align: inherit;\"><span style=\"vertical-align: inherit;\">Jiangsu\uff0cChina<\/span><\/span><\/td>\n<td><span style=\"vertical-align: inherit;\"><span style=\"vertical-align: inherit;\">Incorporar tipo\uff1a<\/span><\/span><\/td>\n<td><span style=\"vertical-align: inherit;\"><span style=\"vertical-align: inherit;\">-10\u2103- +57\u2103<\/span><\/span><\/td>\n<\/tr>\n<tr>\n<td><span style=\"vertical-align: inherit;\"><span style=\"vertical-align: inherit;\">Garantia\uff1a<\/span><\/span><\/td>\n<td><span style=\"vertical-align: inherit;\"><span style=\"vertical-align: inherit;\">28 meses<\/span><\/span><\/td>\n<td><span style=\"vertical-align: inherit;\"><span style=\"vertical-align: inherit;\">Tens\u00e3o de alimenta\u00e7\u00e3o\uff1a<\/span><\/span><\/td>\n<td><span style=\"vertical-align: inherit;\"><span style=\"vertical-align: inherit;\">110\/220VAC (100-240VAC), 50Hz\/60Hz; 24VDC\u00b110%<\/span><\/span><\/td>\n<\/tr>\n<tr>\n<td><span style=\"vertical-align: inherit;\"><span style=\"vertical-align: inherit;\">Suporte personalizado\uff1a<\/span><\/span><\/td>\n<td><span style=\"vertical-align: inherit;\"><span style=\"vertical-align: inherit;\">OEM, ODM, OBM<\/span><\/span><\/td>\n<td><span style=\"vertical-align: inherit;\"><span style=\"vertical-align: inherit;\">Comunica\u00e7\u00e3o digital\uff1a<\/span><\/span><\/td>\n<td><span style=\"vertical-align: inherit;\"><span style=\"vertical-align: inherit;\">RS-485, suporta o protocolo padr\u00e3o Mudbugs-RTU; GPRS<\/span><\/span><\/td>\n<\/tr>\n<tr>\n<td><span style=\"vertical-align: inherit;\"><span style=\"vertical-align: inherit;\">Nome da marca\uff1a<\/span><\/span><\/td>\n<td><span style=\"vertical-align: inherit;\"><span style=\"vertical-align: inherit;\">GRUPO SUYI<\/span><\/span><\/td>\n<td><span style=\"vertical-align: inherit;\"><span style=\"vertical-align: inherit;\">Press\u00e3o nominal\uff1a<\/span><\/span><\/td>\n<td><span style=\"vertical-align: inherit;\"><span style=\"vertical-align: inherit;\">1MPa (DN15-DN800), 1,6MPa (DN15-DN800), 2,5MPa (DN15-DN600)<\/span><\/span><\/td>\n<\/tr>\n<tr>\n<td><span style=\"vertical-align: inherit;\"><span style=\"vertical-align: inherit;\">N\u00famero do modelo\uff1a<\/span><\/span><\/td>\n<td><span style=\"vertical-align: inherit;\"><span style=\"vertical-align: inherit;\">outros<\/span><\/span><\/td>\n<td><span style=\"vertical-align: inherit;\"><span style=\"vertical-align: inherit;\">Sensor\uff1a<\/span><\/span><\/td>\n<td><span style=\"vertical-align: inherit;\"><span style=\"vertical-align: inherit;\">0\u2103- +80\u2103 ou -25\u2103- +120\u2103 ou +70\u2103- +250\u2103<\/span><\/span><\/td>\n<\/tr>\n<tr>\n<td><span style=\"vertical-align: inherit;\"><span style=\"vertical-align: inherit;\">Nome do produto\uff1a<\/span><\/span><\/td>\n<td><span style=\"vertical-align: inherit;\"><span style=\"vertical-align: inherit;\">Medidor de caudal de \u00e1gua qu\u00edmica digital inteligente eletromagn\u00e9tico<\/span><\/span><\/td>\n<td><span style=\"vertical-align: inherit;\"><span style=\"vertical-align: inherit;\">Detalhes da embalagem\uff1a<\/span><\/span><\/td>\n<td><span style=\"vertical-align: inherit;\"><span style=\"vertical-align: inherit;\">1 conjunto por embalagem ou conforme o pedido do cliente<\/span><\/span><\/td>\n<\/tr>\n<tr>\n<td><span style=\"vertical-align: inherit;\"><span style=\"vertical-align: inherit;\">Di\u00e2metro nominal\uff1a<\/span><\/span><\/td>\n<td><span style=\"vertical-align: inherit;\"><span style=\"vertical-align: inherit;\">3-3391mm<\/span><\/span><\/td>\n<td><span style=\"vertical-align: inherit;\"><span style=\"vertical-align: inherit;\">Capacidade de fornecimento\uff1a<\/span><\/span><\/td>\n<td><span style=\"vertical-align: inherit;\"><span style=\"vertical-align: inherit;\">2434 conjuntos\/conjuntos por m\u00eas<\/span><\/span><\/td>\n<\/tr>\n<tr>\n<td><span style=\"vertical-align: inherit;\"><span style=\"vertical-align: inherit;\">gama de velocidades\uff1a<\/span><\/span><\/td>\n<td><span style=\"vertical-align: inherit;\"><span style=\"vertical-align: inherit;\">0-7m\/s<\/span><\/span><\/td>\n<td><span style=\"vertical-align: inherit;\"><span style=\"vertical-align: inherit;\">Quantidade (conjuntos)\uff1a<\/span><\/span><\/td>\n<td><span style=\"vertical-align: inherit;\"><span style=\"vertical-align: inherit;\">&gt; 30<\/span><\/span><\/td>\n<\/tr>\n<tr>\n<td><span style=\"vertical-align: inherit;\"><span style=\"vertical-align: inherit;\">Grau de precis\u00e3o\uff1a<\/span><\/span><\/td>\n<td><span style=\"vertical-align: inherit;\"><span style=\"vertical-align: inherit;\">\u00b10,5%R, \u00b11%R ( &lt; DN20)<\/span><\/span><\/td>\n<td><span style=\"vertical-align: inherit;\"><span style=\"vertical-align: inherit;\">Prazo de execu\u00e7\u00e3o (dias)\uff1a<\/span><\/span><\/td>\n<td><span style=\"vertical-align: inherit;\"><span style=\"vertical-align: inherit;\">A ser negociado<\/span><\/span><\/td>\n<\/tr>\n<\/tbody>\n<\/table>\n<p>&nbsp;<\/p>\n<p>&nbsp;<\/p>\n<p style=\"text-align: center;\"><img title=\"medidor de caudal do dep\u00f3sito de combust\u00edvel\" src=\"https:\/\/www.hginstrument.com\/wp-content\/uploads\/2021\/07\/in-line-pipeline-type-hgd-electromagnetic-flow-meter.jpg\" \/><\/p>\n<p>&nbsp;<\/p>\n<p>&nbsp;<\/p>\n<p style=\"text-align: center;\"><img title=\"medidor de caudal do dep\u00f3sito de combust\u00edvel\" src=\"https:\/\/www.hginstrument.com\/wp-content\/uploads\/2021\/07\/insertion-01.jpg\" \/><\/p>\n<p>&nbsp;<\/p>\n<p>&nbsp;<\/p>\n<p style=\"text-align: center;\"><img title=\"medidor de caudal do dep\u00f3sito de combust\u00edvel\" src=\"https:\/\/www.hginstrument.com\/wp-content\/uploads\/2021\/07\/sanitary-mag-1.jpg\" \/><\/p>\n<p><strong>Guia de perguntas frequentes sobre o medidor de caudal do dep\u00f3sito de combust\u00edvel.<\/strong><\/p>\n<p>No cora\u00e7\u00e3o da nossa s\u00e9rie de medidores de caudal para dep\u00f3sitos de combust\u00edvel est\u00e1 um compromisso com a excel\u00eancia, combinando tecnologia avan\u00e7ada de sensores com interfaces de f\u00e1cil utiliza\u00e7\u00e3o. Do l\u00edquido ao g\u00e1s, os nossos medidores proporcionam uma precis\u00e3o sem paralelo, permitindo-lhe tomar decis\u00f5es informadas e otimizar as opera\u00e7\u00f5es. Ao inaugurarmos uma nova era de medi\u00e7\u00e3o de fluidos, convidamo-lo a explorar as possibilidades ilimitadas que os nossos medidores de caudal para reservat\u00f3rios de combust\u00edvel abrem - onde a precis\u00e3o encontra o desempenho e a inova\u00e7\u00e3o flui sem problemas.<\/p>\n<div style=\"border: 3px solid #f89900; margin: 20px 0; padding: 20px;\"><a href=\"\/pt\/fuel-tank-flow-meter\/#01\">1.Sobre o equipamento de produ\u00e7\u00e3o do medidor de caudal do dep\u00f3sito de combust\u00edvel<\/a><br \/>\n<a href=\"\/pt\/fuel-tank-flow-meter\/#02\">2. o medidor de caudal do dep\u00f3sito de combust\u00edvel pode ser equipado com sensores de precis\u00e3o diferente?<\/a><br \/>\n<a href=\"\/pt\/fuel-tank-flow-meter\/#03\">3.Sobre a garantia do medidor de caudal do dep\u00f3sito de combust\u00edvel<\/a><br \/>\n<a href=\"\/pt\/fuel-tank-flow-meter\/#04\">4. o medidor de caudal do dep\u00f3sito de combust\u00edvel tem fun\u00e7\u00e3o de monitoriza\u00e7\u00e3o em tempo real?<\/a><br \/>\n<a href=\"\/pt\/fuel-tank-flow-meter\/#05\">5.Sobre o medidor de fluxo do tanque de combust\u00edvel MOQ<\/a><br \/>\n<a href=\"\/pt\/fuel-tank-flow-meter\/#06\">6) Qual \u00e9 a gama de press\u00e3o aplic\u00e1vel ao medidor de caudal do dep\u00f3sito de combust\u00edvel?<\/a><br \/>\n<a href=\"\/pt\/fuel-tank-flow-meter\/#07\">7. o medidor de caudal do dep\u00f3sito de combust\u00edvel necessita de uma fonte de alimenta\u00e7\u00e3o externa?<\/a><br \/>\n<a href=\"\/pt\/fuel-tank-flow-meter\/#08\">8.Sobre a garantia do medidor de caudal do dep\u00f3sito de combust\u00edvel<\/a><br \/>\n<a href=\"\/pt\/fuel-tank-flow-meter\/#09\">9.Sobre as capacidades de I&amp;D do medidor de caudal do reservat\u00f3rio de combust\u00edvel<\/a><br \/>\n<a href=\"\/pt\/fuel-tank-flow-meter\/#010\">10. qual \u00e9 a diferen\u00e7a entre o medidor de caudal do reservat\u00f3rio de combust\u00edvel do grupo SUYI e o medidor de caudal do reservat\u00f3rio de combust\u00edvel Endress+Hauser e o medidor de caudal do reservat\u00f3rio de combust\u00edvel KROHNE<\/a><br \/>\n<a href=\"\/pt\/fuel-tank-flow-meter\/#11\">11.Sobre o sistema de aquisi\u00e7\u00e3o de mat\u00e9rias-primas para o medidor de caudal do reservat\u00f3rio de combust\u00edvel<\/a><br \/>\n<a href=\"\/pt\/fuel-tank-flow-meter\/#12\">12. quais s\u00e3o os m\u00e9todos de instala\u00e7\u00e3o do medidor de caudal do dep\u00f3sito de combust\u00edvel?<\/a><br \/>\n<a href=\"\/pt\/fuel-tank-flow-meter\/#13\">13. qual \u00e9 a diferen\u00e7a entre o medidor de fluxo do tanque de combust\u00edvel do grupo SUYI e o medidor de fluxo do tanque de combust\u00edvel Yokogawa e o medidor de fluxo do tanque de combust\u00edvel ABB<\/a><\/div>\n<div id=\"01\">\n<p><strong>1.Sobre o equipamento de produ\u00e7\u00e3o do medidor de caudal do dep\u00f3sito de combust\u00edvel<\/strong><\/p>\n<p>O equipamento de produ\u00e7\u00e3o de flux\u00f3metros \u00e9 utilizado para fabricar flux\u00f3metros, que s\u00e3o dispositivos utilizados para medir a taxa de fluxo de um l\u00edquido ou g\u00e1s. Este equipamento inclui normalmente uma variedade de m\u00e1quinas e ferramentas, tais como tornos, fresadoras, prensas de perfura\u00e7\u00e3o e m\u00e1quinas CNC. Inclui tamb\u00e9m ferramentas especializadas para montar e testar medidores de caudal. O equipamento utilizado para produzir medidores de caudal \u00e9 altamente especializado e deve ser capaz de produzir resultados precisos e fi\u00e1veis.<\/p>\n<\/div>\n<div id=\"02\">\n<p><strong>2. o medidor de caudal do dep\u00f3sito de combust\u00edvel pode ser equipado com sensores de precis\u00e3o diferente?<\/strong><\/p>\n<p>Sim, os medidores de caudal podem ser equipados com sensores de precis\u00e3o diferente. Est\u00e3o dispon\u00edveis diferentes tipos de caudal\u00edmetros com diferentes n\u00edveis de precis\u00e3o, dependendo da aplica\u00e7\u00e3o. Por exemplo, os caudal\u00edmetros de turbina s\u00e3o normalmente mais precisos do que os caudal\u00edmetros de roda de p\u00e1s.<\/p>\n<\/div>\n<div id=\"03\">\n<p><strong>3.Sobre a garantia do medidor de caudal do dep\u00f3sito de combust\u00edvel<\/strong><\/p>\n<p>As garantias dos caudal\u00edmetros variam consoante o fabricante e o tipo de caudal\u00edmetro. Geralmente, as garantias cobrem defeitos de materiais e de fabrico, e podem tamb\u00e9m cobrir certos tipos de danos causados pela utiliza\u00e7\u00e3o normal. Algumas garantias podem tamb\u00e9m cobrir danos causados por instala\u00e7\u00e3o ou utiliza\u00e7\u00e3o incorrecta. \u00c9 importante ler as informa\u00e7\u00f5es de garantia fornecidas pelo fabricante para entender a cobertura espec\u00edfica e as limita\u00e7\u00f5es da garantia.<\/p>\n<\/div>\n<div id=\"04\">\n<p><strong>4. o medidor de caudal do dep\u00f3sito de combust\u00edvel tem fun\u00e7\u00e3o de monitoriza\u00e7\u00e3o em tempo real?<\/strong><\/p>\n<p>Sim, alguns medidores de caudal t\u00eam fun\u00e7\u00f5es de monitoriza\u00e7\u00e3o em tempo real. Estes medidores est\u00e3o normalmente equipados com sensores que medem o caudal e transmitem os dados para um sistema de monitoriza\u00e7\u00e3o. Isto permite a monitoriza\u00e7\u00e3o em tempo real do caudal e de outros par\u00e2metros.<\/p>\n<\/div>\n<div id=\"05\">\n<p><strong>5.Sobre o medidor de fluxo do tanque de combust\u00edvel MOQ<\/strong><\/p>\n<p>A quantidade m\u00ednima de encomenda (MOQ) para um medidor de caudal depender\u00e1 do tipo de medidor de caudal e do fabricante. Geralmente, a MOQ para um medidor de caudal situa-se entre 1 e 10 unidades, mas pode variar consoante o fabricante e o tipo de medidor de caudal.<\/p>\n<p><img style=\"max-width: 100%;\" title=\"Sobre o medidor de fluxo do tanque de combust\u00edvel MOQ\" src=\"https:\/\/www.hginstrument.com\/wp-content\/uploads\/2021\/07\/hgtf-6.jpg\" alt=\"Sobre o medidor de fluxo do tanque de combust\u00edvel MOQ\" \/><\/p>\n<\/div>\n<div id=\"06\">\n<p><strong>6) Qual \u00e9 a gama de press\u00e3o aplic\u00e1vel ao medidor de caudal do dep\u00f3sito de combust\u00edvel?<\/strong><\/p>\n<p>Os nossos produtos e servi\u00e7os abrangem uma vasta gama de \u00e1reas e satisfazem as necessidades de diferentes dom\u00ednios.<br \/>\nO intervalo de press\u00e3o aplic\u00e1vel a um medidor de caudal depende do tipo de medidor de caudal que est\u00e1 a ser utilizado. Geralmente, os caudal\u00edmetros podem medir press\u00f5es que variam entre 0,1 bar e 1000 bar.<\/p>\n<\/div>\n<div id=\"07\">\n<p><strong>7. o medidor de caudal do dep\u00f3sito de combust\u00edvel necessita de uma fonte de alimenta\u00e7\u00e3o externa?<\/strong><\/p>\n<p>Aderimos ao princ\u00edpio da qualidade em primeiro lugar e temos um sistema completo de gest\u00e3o da qualidade da produ\u00e7\u00e3o e um processo de inspe\u00e7\u00e3o da qualidade.<br \/>\nDepende do tipo de medidor de caudal. Alguns caudal\u00edmetros s\u00e3o alimentados por uma fonte de energia externa, enquanto outros s\u00e3o alimentados pelo caudal do l\u00edquido ou g\u00e1s que est\u00e1 a ser medido.<\/p>\n<\/div>\n<div id=\"08\">\n<p><strong>8.Sobre a garantia do medidor de caudal do dep\u00f3sito de combust\u00edvel<\/strong><\/p>\n<p>As garantias dos caudal\u00edmetros variam consoante o fabricante e o tipo de caudal\u00edmetro. Geralmente, as garantias cobrem defeitos de materiais e de fabrico, e podem tamb\u00e9m cobrir certos tipos de danos causados pela utiliza\u00e7\u00e3o normal. Algumas garantias podem tamb\u00e9m cobrir danos causados por instala\u00e7\u00e3o ou utiliza\u00e7\u00e3o incorrecta. \u00c9 importante ler as informa\u00e7\u00f5es de garantia fornecidas pelo fabricante para entender a cobertura espec\u00edfica e as limita\u00e7\u00f5es da garantia.<\/p>\n<\/div>\n<div id=\"09\">\n<p><strong>9.Sobre as capacidades de I&amp;D do medidor de caudal do reservat\u00f3rio de combust\u00edvel<\/strong><\/p>\n<p>As capacidades de I&amp;D de caudal\u00edmetros referem-se \u00e0 capacidade de uma empresa ou organiza\u00e7\u00e3o para investigar, desenvolver e fabricar caudal\u00edmetros. Isto inclui a capacidade de conceber, testar e fabricar caudal\u00edmetros que satisfa\u00e7am os requisitos dos clientes e as normas da ind\u00fastria. Inclui tamb\u00e9m a capacidade de desenvolver novas tecnologias e produtos para satisfazer as necessidades em constante mudan\u00e7a da ind\u00fastria. As empresas com fortes capacidades de I&amp;D s\u00e3o capazes de se manter \u00e0 frente da concorr\u00eancia e fornecer aos clientes os caudal\u00edmetros mais avan\u00e7ados e fi\u00e1veis.<\/p>\n<\/div>\n<div id=\"010\">\n<p><strong>10. qual \u00e9 a diferen\u00e7a entre o medidor de caudal do reservat\u00f3rio de combust\u00edvel do grupo SUYI e o medidor de caudal do reservat\u00f3rio de combust\u00edvel Endress+Hauser e o medidor de caudal do reservat\u00f3rio de combust\u00edvel KROHNE<\/strong><\/p>\n<p>Os medidores de caudal do Grupo SUYI, Endress+Hauser e KROHNE medem todos o caudal de um l\u00edquido ou g\u00e1s. No entanto, cada fabricante oferece diferentes tipos de medidores de caudal com diferentes caracter\u00edsticas e capacidades.<\/p>\n<p>O Grupo SUYI oferece uma variedade de medidores de caudal, incluindo medidores de caudal electromagn\u00e9ticos, ultra-s\u00f3nicos e de v\u00f3rtice. Esses medidores s\u00e3o projetados para uma ampla gama de aplica\u00e7\u00f5es, incluindo \u00e1gua, \u00f3leo e g\u00e1s.<\/p>\n<p>A Endress+Hauser oferece uma gama de medidores de vaz\u00e3o, incluindo medidores Coriolis, vortex e ultra-s\u00f4nicos. Esses medidores s\u00e3o projetados para uma variedade de aplica\u00e7\u00f5es, incluindo \u00e1gua, \u00f3leo e g\u00e1s.<\/p>\n<p>A KROHNE oferece uma gama de medidores de fluxo, incluindo Coriolis, v\u00f3rtice e medidores ultra-s\u00f3nicos. Esses medidores s\u00e3o projetados para uma variedade de aplica\u00e7\u00f5es, incluindo \u00e1gua, \u00f3leo e g\u00e1s. A KROHNE tamb\u00e9m oferece uma gama de medidores de vaz\u00e3o especializados, como o OPTIFLUX e o OPTISWIRL, que s\u00e3o projetados para aplica\u00e7\u00f5es espec\u00edficas.<\/p>\n<p><img style=\"max-width: 100%;\" title=\"Qual \u00e9 a diferen\u00e7a entre o medidor de d\u00e9bito do dep\u00f3sito de combust\u00edvel do grupo SUYI e o medidor de d\u00e9bito do dep\u00f3sito de combust\u00edvel da Endress+Hauser e o medidor de d\u00e9bito do dep\u00f3sito de combust\u00edvel da KROHNE?\" src=\"https:\/\/www.hginstrument.com\/wp-content\/uploads\/2021\/07\/hgdu600-p-1.jpg\" alt=\"Qual \u00e9 a diferen\u00e7a entre o medidor de d\u00e9bito do dep\u00f3sito de combust\u00edvel do grupo SUYI e o medidor de d\u00e9bito do dep\u00f3sito de combust\u00edvel da Endress+Hauser e o medidor de d\u00e9bito do dep\u00f3sito de combust\u00edvel da KROHNE?\" \/><\/p>\n<\/div>\n<div id=\"11\">\n<p><strong>11.Sobre o sistema de aquisi\u00e7\u00e3o de mat\u00e9rias-primas para o medidor de caudal do reservat\u00f3rio de combust\u00edvel<\/strong><\/p>\n<p>Um sistema de aquisi\u00e7\u00e3o de mat\u00e9rias-primas para caudal\u00edmetros \u00e9 uma solu\u00e7\u00e3o de software concebida para simplificar o processo de aquisi\u00e7\u00e3o de mat\u00e9rias-primas para a produ\u00e7\u00e3o de caudal\u00edmetros. O sistema permite que os utilizadores pesquisem e comprem r\u00e1pida e facilmente os componentes necess\u00e1rios para a produ\u00e7\u00e3o de medidores de caudal. Tamb\u00e9m fornece informa\u00e7\u00f5es detalhadas sobre os componentes, incluindo pre\u00e7os, disponibilidade e prazos de entrega. O sistema tamb\u00e9m permite aos utilizadores acompanhar as suas encomendas e gerir o seu invent\u00e1rio. Isto ajuda a garantir que os componentes certos est\u00e3o sempre dispon\u00edveis quando necess\u00e1rio.<\/p>\n<\/div>\n<div id=\"12\">\n<p><strong>12. quais s\u00e3o os m\u00e9todos de instala\u00e7\u00e3o do medidor de caudal do dep\u00f3sito de combust\u00edvel?<\/strong><\/p>\n<p>A nossa miss\u00e3o \u00e9 fornecer aos clientes as melhores solu\u00e7\u00f5es para o medidor de caudal do dep\u00f3sito de combust\u00edvel.<br \/>\n1. Instala\u00e7\u00e3o em linha: Este \u00e9 o tipo mais comum de instala\u00e7\u00e3o de medidores de caudal. Envolve a coloca\u00e7\u00e3o do medidor de vaz\u00e3o diretamente no tubo ou duto onde o fluido est\u00e1 fluindo.<\/p>\n<p>2. Instala\u00e7\u00e3o de inser\u00e7\u00e3o: Este tipo de instala\u00e7\u00e3o envolve a inser\u00e7\u00e3o do medidor de caudal no tubo ou conduta. Isto \u00e9 normalmente feito com uma flange ou um encaixe.<\/p>\n<p>3. Instala\u00e7\u00e3o em canal aberto: Este tipo de instala\u00e7\u00e3o \u00e9 utilizado quando o caudal se encontra num canal aberto, como um rio ou ribeiro. O medidor de caudal \u00e9 colocado no canal e mede o caudal.<\/p>\n<p>4. Instala\u00e7\u00e3o submers\u00edvel: Este tipo de instala\u00e7\u00e3o \u00e9 usado quando o fluxo est\u00e1 num ambiente submerso, como um po\u00e7o ou reservat\u00f3rio. O medidor de caudal \u00e9 colocado na \u00e1gua e mede o caudal.<\/p>\n<\/div>\n<div id=\"13\">\n<p><strong>13. qual \u00e9 a diferen\u00e7a entre o medidor de fluxo do tanque de combust\u00edvel do grupo SUYI e o medidor de fluxo do tanque de combust\u00edvel Yokogawa e o medidor de fluxo do tanque de combust\u00edvel ABB<\/strong><\/p>\n<p>Os medidores de caudal do Grupo SUYI, Yokogawa e ABB medem todos o caudal de um fluido, mas diferem em termos de precis\u00e3o, caracter\u00edsticas e custo. Os medidores de caudal do Grupo SUYI s\u00e3o normalmente mais acess\u00edveis do que os medidores de caudal da Yokogawa e da ABB, mas podem n\u00e3o ter tantas caracter\u00edsticas ou uma precis\u00e3o t\u00e3o elevada. Os caudal\u00edmetros Yokogawa s\u00e3o conhecidos pela sua precis\u00e3o e fiabilidade, mas tendem a ser mais caros do que os caudal\u00edmetros do Grupo SUYI e da ABB. Os caudal\u00edmetros ABB s\u00e3o conhecidos pela sua robustez e durabilidade, mas tamb\u00e9m s\u00e3o mais caros do que as outras duas marcas.<\/p>\n<\/div>\n<p>&nbsp;<\/p>\n<p>Etiqueta\uff1a<a href=\"\/pt\/magnetic-flow-meter\/flo-tech-hydraulic-flow-meter\/\">caudal\u00edmetro hidr\u00e1ulico flo-tech<\/a>,<a href=\"\/pt\/magnetic-flow-meter\/flume-flow-meter\/\">caudal\u00edmetro de calha<\/a>,<a href=\"\/pt\/magnetic-flow-meter\/ender-hauser-flow-meter\/\">medidor de caudal ender hauser<\/a>,<a href=\"\/pt\/magnetic-flow-meter\/sierra-mass-flow-meter\/\">caudal\u00edmetro m\u00e1ssico sierra<\/a>,<a href=\"\/pt\/magnetic-flow-meter\/doppler-flow-meter\/\">medidor de caudal doppler<\/a><\/p>\n<p>&nbsp;<\/p>","protected":false},"excerpt":{"rendered":"<p><strong>Dados t\u00e9cnicos<\/strong><br \/>\nPode servir fluidos l\u00edquidos ou gasosos, sendo normalmente utilizado para medir o caudal de vapor, vapor, ar e g\u00e1s natural.<br \/>\nTamanho do contador: Tipo em linha: DN25 - DN300<br \/>\nOp\u00e7\u00e3o de material h\u00famido: SS304, SS316<br \/>\nTemperatura de funcionamento: \u2264250\u2103<br \/>\nLiga\u00e7\u00e3o ao processo: Wafer \/ Flange \/ Tri-clamp para o tipo In-line<br \/>\nPrecis\u00e3o de medi\u00e7\u00e3o: 1,0 % - 1,5% do intervalo de calibra\u00e7\u00e3o<br \/>\nIndicador digital: apresenta o caudal instant\u00e2neo e o caudal total<br \/>\nFonte de alimenta\u00e7\u00e3o: 24VDC, Sa\u00edda: 4-20mA<\/p>\n<p><strong>caracter\u00edsticas<\/strong><br \/>\n1. pontos de regula\u00e7\u00e3o ON\/OFF ajust\u00e1veis<br \/>\n2. modo de alarme de caudal alto ou baixo<br \/>\n3. tempo de atraso ajust\u00e1vel<br \/>\n4. LED de estado do rel\u00e9<\/p>","protected":false},"featured_media":3691,"comment_status":"closed","ping_status":"closed","template":"","meta":[],"product_cat":[2372],"product_tag":[],"acf":[],"_links":{"self":[{"href":"https:\/\/www.hginstrument.com\/pt\/wp-json\/wp\/v2\/product\/5352"}],"collection":[{"href":"https:\/\/www.hginstrument.com\/pt\/wp-json\/wp\/v2\/product"}],"about":[{"href":"https:\/\/www.hginstrument.com\/pt\/wp-json\/wp\/v2\/types\/product"}],"replies":[{"embeddable":true,"href":"https:\/\/www.hginstrument.com\/pt\/wp-json\/wp\/v2\/comments?post=5352"}],"wp:featuredmedia":[{"embeddable":true,"href":"https:\/\/www.hginstrument.com\/pt\/wp-json\/wp\/v2\/media\/3691"}],"wp:attachment":[{"href":"https:\/\/www.hginstrument.com\/pt\/wp-json\/wp\/v2\/media?parent=5352"}],"wp:term":[{"taxonomy":"product_cat","embeddable":true,"href":"https:\/\/www.hginstrument.com\/pt\/wp-json\/wp\/v2\/product_cat?post=5352"},{"taxonomy":"product_tag","embeddable":true,"href":"https:\/\/www.hginstrument.com\/pt\/wp-json\/wp\/v2\/product_tag?post=5352"}],"curies":[{"name":"wp","href":"https:\/\/api.w.org\/{rel}","templated":true}]}}