{"id":5362,"date":"2023-12-24T03:47:46","date_gmt":"2023-12-23T19:47:46","guid":{"rendered":"https:\/\/www.hginstrument.com\/?post_type=product&#038;p=5362"},"modified":"2024-01-03T14:34:31","modified_gmt":"2024-01-03T06:34:31","slug":"gas-flow-meter-types","status":"publish","type":"product","link":"https:\/\/www.hginstrument.com\/pt\/magnetic-flow-meter\/gas-flow-meter-types\/","title":{"rendered":"tipos de caudal\u00edmetros de g\u00e1s"},"content":{"rendered":"<p>Os nossos tipos de medidores de caudal de g\u00e1s s\u00e3o um produto de ponta que garante uma medi\u00e7\u00e3o de caudal precisa e fi\u00e1vel para uma vasta gama de aplica\u00e7\u00f5es industriais. Equipado com tecnologia avan\u00e7ada e sensores precisos, garante uma medi\u00e7\u00e3o precisa e consistente dos caudais de l\u00edquidos e gases.<\/p>\n<p>Uma das principais carater\u00edsticas dos tipos de medidores de caudal de g\u00e1s \u00e9 a sua capacidade de medir com precis\u00e3o o caudal de v\u00e1rios fluidos, incluindo l\u00edquidos, gases e vapor. Isto \u00e9 poss\u00edvel gra\u00e7as ao seu m\u00e9todo \u00fanico de medi\u00e7\u00e3o do caudal por press\u00e3o diferencial, que assegura uma perda de press\u00e3o m\u00ednima e uma elevada precis\u00e3o de medi\u00e7\u00e3o. Al\u00e9m disso, o instrumento \u00e9 capaz de medir caudais numa vasta gama, tornando-o adequado para aplica\u00e7\u00f5es de caudal baixo e elevado.<\/p>\n<p>Outra vantagem da utiliza\u00e7\u00e3o de tipos de caudal\u00edmetros de g\u00e1s \u00e9 a sua baixa necessidade de manuten\u00e7\u00e3o. O instrumento foi concebido para ser resistente a ambientes agressivos e pode funcionar continuamente sem necessidade de limpeza e calibra\u00e7\u00e3o frequentes. Isto n\u00e3o s\u00f3 reduz o tempo de inatividade, como tamb\u00e9m ajuda a reduzir os custos das ind\u00fastrias que exigem uma monitoriza\u00e7\u00e3o constante do caudal.<\/p>\n<table class=\"table table-bordered\">\n<tbody>\n<tr>\n<td><span style=\"vertical-align: inherit;\"><span style=\"vertical-align: inherit;\">Tipo\uff1a<\/span><\/span><\/td>\n<td><span style=\"vertical-align: inherit;\">tipos de caudal\u00edmetros de g\u00e1s<\/span><\/td>\n<td><span style=\"vertical-align: inherit;\"><span style=\"vertical-align: inherit;\">Sinal de sa\u00edda\uff1a<\/span><\/span><\/td>\n<td><span style=\"vertical-align: inherit;\"><span style=\"vertical-align: inherit;\">4-20 mA, Impulso\/Frequ\u00eancia 2kHz(Predefini\u00e7\u00e3o), 5KHz(M\u00e1x.)<\/span><\/span><\/td>\n<\/tr>\n<tr>\n<td><span style=\"vertical-align: inherit;\"><span style=\"vertical-align: inherit;\">Local de origem\uff1a<\/span><\/span><\/td>\n<td><span style=\"vertical-align: inherit;\"><span style=\"vertical-align: inherit;\">Jiangsu, China<\/span><\/span><\/td>\n<td><span style=\"vertical-align: inherit;\"><span style=\"vertical-align: inherit;\">Incorporar tipo\uff1a<\/span><\/span><\/td>\n<td><span style=\"vertical-align: inherit;\"><span style=\"vertical-align: inherit;\">-10\u2103- +56\u2103<\/span><\/span><\/td>\n<\/tr>\n<tr>\n<td><span style=\"vertical-align: inherit;\"><span style=\"vertical-align: inherit;\">Garantia\uff1a<\/span><\/span><\/td>\n<td><span style=\"vertical-align: inherit;\"><span style=\"vertical-align: inherit;\">24 meses<\/span><\/span><\/td>\n<td><span style=\"vertical-align: inherit;\"><span style=\"vertical-align: inherit;\">Tens\u00e3o de alimenta\u00e7\u00e3o\uff1a<\/span><\/span><\/td>\n<td><span style=\"vertical-align: inherit;\"><span style=\"vertical-align: inherit;\">110\/220VAC (100-240VAC), 50Hz\/60Hz; 24VDC\u00b110%<\/span><\/span><\/td>\n<\/tr>\n<tr>\n<td><span style=\"vertical-align: inherit;\"><span style=\"vertical-align: inherit;\">Suporte personalizado\uff1a<\/span><\/span><\/td>\n<td><span style=\"vertical-align: inherit;\"><span style=\"vertical-align: inherit;\">OEM, ODM, OBM<\/span><\/span><\/td>\n<td><span style=\"vertical-align: inherit;\"><span style=\"vertical-align: inherit;\">Comunica\u00e7\u00e3o digital\uff1a<\/span><\/span><\/td>\n<td><span style=\"vertical-align: inherit;\"><span style=\"vertical-align: inherit;\">RS-485, suporta o protocolo Modbus-RTU padr\u00e3o; GPRS<\/span><\/span><\/td>\n<\/tr>\n<tr>\n<td><span style=\"vertical-align: inherit;\"><span style=\"vertical-align: inherit;\">Nome da marca\uff1a<\/span><\/span><\/td>\n<td><span style=\"vertical-align: inherit;\"><span style=\"vertical-align: inherit;\">GRUPO SUYI<\/span><\/span><\/td>\n<td><span style=\"vertical-align: inherit;\"><span style=\"vertical-align: inherit;\">Press\u00e3o nominal\uff1a<\/span><\/span><\/td>\n<td><span style=\"vertical-align: inherit;\"><span style=\"vertical-align: inherit;\">1MPa (DN15-DN800), 1,6MPa (DN15-DN800), 2,5MPa (DN15-DN600)<\/span><\/span><\/td>\n<\/tr>\n<tr>\n<td><span style=\"vertical-align: inherit;\"><span style=\"vertical-align: inherit;\">N\u00famero do modelo\uff1a<\/span><\/span><\/td>\n<td><span style=\"vertical-align: inherit;\"><span style=\"vertical-align: inherit;\">outros<\/span><\/span><\/td>\n<td><span style=\"vertical-align: inherit;\"><span style=\"vertical-align: inherit;\">Sensor\uff1a<\/span><\/span><\/td>\n<td><span style=\"vertical-align: inherit;\"><span style=\"vertical-align: inherit;\">0\u2103- +80\u2103 ou -25\u2103- +120\u2103 ou +70\u2103- +250\u2103<\/span><\/span><\/td>\n<\/tr>\n<tr>\n<td><span style=\"vertical-align: inherit;\"><span style=\"vertical-align: inherit;\">Nome do produto\uff1a<\/span><\/span><\/td>\n<td><span style=\"vertical-align: inherit;\"><span style=\"vertical-align: inherit;\">Medidor de caudal de \u00e1gua qu\u00edmica digital inteligente eletromagn\u00e9tico<\/span><\/span><\/td>\n<td><span style=\"vertical-align: inherit;\"><span style=\"vertical-align: inherit;\">Detalhes da embalagem\uff1a<\/span><\/span><\/td>\n<td><span style=\"vertical-align: inherit;\"><span style=\"vertical-align: inherit;\">1 conjunto por embalagem ou conforme o pedido do cliente<\/span><\/span><\/td>\n<\/tr>\n<tr>\n<td><span style=\"vertical-align: inherit;\"><span style=\"vertical-align: inherit;\">Di\u00e2metro nominal\uff1a<\/span><\/span><\/td>\n<td><span style=\"vertical-align: inherit;\"><span style=\"vertical-align: inherit;\">3-3323mm<\/span><\/span><\/td>\n<td><span style=\"vertical-align: inherit;\"><span style=\"vertical-align: inherit;\">Capacidade de fornecimento\uff1a<\/span><\/span><\/td>\n<td><span style=\"vertical-align: inherit;\"><span style=\"vertical-align: inherit;\">2148 conjuntos\/conjuntos por m\u00eas<\/span><\/span><\/td>\n<\/tr>\n<tr>\n<td><span style=\"vertical-align: inherit;\"><span style=\"vertical-align: inherit;\">gama de velocidades\uff1a<\/span><\/span><\/td>\n<td><span style=\"vertical-align: inherit;\"><span style=\"vertical-align: inherit;\">0-5m\/s<\/span><\/span><\/td>\n<td><span style=\"vertical-align: inherit;\"><span style=\"vertical-align: inherit;\">Quantidade (conjuntos)\uff1a<\/span><\/span><\/td>\n<td><span style=\"vertical-align: inherit;\"><span style=\"vertical-align: inherit;\">&gt; 1<\/span><\/span><\/td>\n<\/tr>\n<tr>\n<td><span style=\"vertical-align: inherit;\"><span style=\"vertical-align: inherit;\">Grau de precis\u00e3o\uff1a<\/span><\/span><\/td>\n<td><span style=\"vertical-align: inherit;\"><span style=\"vertical-align: inherit;\">\u00b10,5%R, \u00b11%R ( &lt; DN20)<\/span><\/span><\/td>\n<td><span style=\"vertical-align: inherit;\"><span style=\"vertical-align: inherit;\">Prazo de execu\u00e7\u00e3o (dias)\uff1a<\/span><\/span><\/td>\n<td><span style=\"vertical-align: inherit;\"><span style=\"vertical-align: inherit;\">A ser negociado<\/span><\/span><\/td>\n<\/tr>\n<\/tbody>\n<\/table>\n<p>&nbsp;<\/p>\n<p>&nbsp;<\/p>\n<p style=\"text-align: center;\"><img title=\"tipos de caudal\u00edmetros de g\u00e1s\" src=\"https:\/\/www.hginstrument.com\/wp-content\/uploads\/2021\/07\/in-line-pipeline-type-hgd-electromagnetic-flow-meter.jpg\" \/><\/p>\n<p>&nbsp;<\/p>\n<p>&nbsp;<\/p>\n<p style=\"text-align: center;\"><img title=\"tipos de caudal\u00edmetros de g\u00e1s\" src=\"https:\/\/www.hginstrument.com\/wp-content\/uploads\/2021\/07\/insertion-01.jpg\" \/><\/p>\n<p>&nbsp;<\/p>\n<p>&nbsp;<\/p>\n<p style=\"text-align: center;\"><img title=\"tipos de caudal\u00edmetros de g\u00e1s\" src=\"https:\/\/www.hginstrument.com\/wp-content\/uploads\/2021\/07\/sanitary-mag-1.jpg\" \/><\/p>\n<p><strong>tipos de caudal\u00edmetros de g\u00e1s Guia de perguntas frequentes.<\/strong><\/p>\n<p>No cora\u00e7\u00e3o da nossa s\u00e9rie de tipos de medidores de caudal de g\u00e1s est\u00e1 um compromisso com a excel\u00eancia, combinando tecnologia avan\u00e7ada de sensores com interfaces f\u00e1ceis de utilizar. Do l\u00edquido ao g\u00e1s, os nossos medidores proporcionam uma precis\u00e3o sem paralelo, permitindo-lhe tomar decis\u00f5es informadas e otimizar as opera\u00e7\u00f5es. Ao inaugurarmos uma nova era de medi\u00e7\u00e3o de fluidos, convidamo-lo a explorar as possibilidades ilimitadas que os nossos tipos de medidores de caudal de g\u00e1s abrem - onde a precis\u00e3o encontra o desempenho e a inova\u00e7\u00e3o flui sem problemas.<\/p>\n<div style=\"border: 3px solid #f89900; margin: 20px 0; padding: 20px;\"><a href=\"\/pt\/gas-flow-meter-types\/#01\">1. qual \u00e9 a diferen\u00e7a entre os tipos de medidores de fluxo de g\u00e1s grupo SUYI vs tipos de medidores de fluxo de g\u00e1s Endress + Hauser vs tipos de medidores de fluxo de g\u00e1s KROHNE<\/a><br \/>\n<a href=\"\/pt\/gas-flow-meter-types\/#02\">2. os tipos de medidores de caudal de g\u00e1s t\u00eam uma fun\u00e7\u00e3o para impedir a utiliza\u00e7\u00e3o indevida?<\/a><br \/>\n<a href=\"\/pt\/gas-flow-meter-types\/#03\">3. qual \u00e9 a gama de medi\u00e7\u00e3o dos tipos de medidores de caudal de g\u00e1s?<\/a><br \/>\n<a href=\"\/pt\/gas-flow-meter-types\/#04\">4. os tipos de caudal\u00edmetros de g\u00e1s requerem uma fonte de alimenta\u00e7\u00e3o externa?<\/a><br \/>\n<a href=\"\/pt\/gas-flow-meter-types\/#05\">5.Sobre os tipos de medidores de caudal de g\u00e1s equipamento de produ\u00e7\u00e3o<\/a><br \/>\n<a href=\"\/pt\/gas-flow-meter-types\/#06\">6) Quais s\u00e3o as falhas e solu\u00e7\u00f5es comuns dos tipos de caudal\u00edmetros de g\u00e1s?<\/a><br \/>\n<a href=\"\/pt\/gas-flow-meter-types\/#07\">7) Quais s\u00e3o as op\u00e7\u00f5es para os materiais exteriores dos tipos de caudal\u00edmetros de g\u00e1s?<\/a><br \/>\n<a href=\"\/pt\/gas-flow-meter-types\/#08\">8) Quais s\u00e3o os tipos comuns de medidores de caudal de g\u00e1s?<\/a><br \/>\n<a href=\"\/pt\/gas-flow-meter-types\/#09\">9. os resultados das medi\u00e7\u00f5es dos tipos de caudal\u00edmetros de g\u00e1s s\u00e3o rastre\u00e1veis?<\/a><br \/>\n<a href=\"\/pt\/gas-flow-meter-types\/#010\">10.Sobre os tipos de medidores de caudal de g\u00e1s Capacidades de I&amp;D<\/a><br \/>\n<a href=\"\/pt\/gas-flow-meter-types\/#11\">11.Sobre os tipos de medidores de caudal de g\u00e1s mat\u00e9rias-primas<\/a><br \/>\n<a href=\"\/pt\/gas-flow-meter-types\/#12\">12. os tipos de caudal\u00edmetros de g\u00e1s podem ser equipados com sensores de precis\u00e3o diferente?<\/a><br \/>\n<a href=\"\/pt\/gas-flow-meter-types\/#13\">13. o medidor de fluxo de g\u00e1s \u00e9 do tipo anti-corros\u00e3o?<\/a><\/div>\n<div id=\"01\">\n<p><strong>1. qual \u00e9 a diferen\u00e7a entre os tipos de medidores de fluxo de g\u00e1s grupo SUYI vs tipos de medidores de fluxo de g\u00e1s Endress + Hauser vs tipos de medidores de fluxo de g\u00e1s KROHNE<\/strong><\/p>\n<p>Os medidores de caudal do Grupo SUYI, Endress+Hauser e KROHNE medem todos o caudal de um l\u00edquido ou g\u00e1s. No entanto, cada fabricante oferece diferentes tipos de medidores de caudal com diferentes caracter\u00edsticas e capacidades.<\/p>\n<p>O Grupo SUYI oferece uma variedade de medidores de caudal, incluindo medidores de caudal electromagn\u00e9ticos, ultra-s\u00f3nicos e de v\u00f3rtice. Esses medidores s\u00e3o projetados para uma ampla gama de aplica\u00e7\u00f5es, incluindo \u00e1gua, \u00f3leo e g\u00e1s.<\/p>\n<p>A Endress+Hauser oferece uma gama de medidores de vaz\u00e3o, incluindo medidores Coriolis, vortex e ultra-s\u00f4nicos. Esses medidores s\u00e3o projetados para uma variedade de aplica\u00e7\u00f5es, incluindo \u00e1gua, \u00f3leo e g\u00e1s.<\/p>\n<p>A KROHNE oferece uma gama de medidores de fluxo, incluindo Coriolis, v\u00f3rtice e medidores ultra-s\u00f3nicos. Esses medidores s\u00e3o projetados para uma variedade de aplica\u00e7\u00f5es, incluindo \u00e1gua, \u00f3leo e g\u00e1s. A KROHNE tamb\u00e9m oferece uma gama de medidores de vaz\u00e3o especializados, como o OPTIFLUX e o OPTISWIRL, que s\u00e3o projetados para aplica\u00e7\u00f5es espec\u00edficas.<\/p>\n<\/div>\n<div id=\"02\">\n<p><strong>2. os tipos de medidores de caudal de g\u00e1s t\u00eam uma fun\u00e7\u00e3o para impedir a utiliza\u00e7\u00e3o indevida?<\/strong><\/p>\n<p>Como um dos l\u00edderes de mercado dos tipos de medidores de caudal de g\u00e1s, somos conhecidos pela inova\u00e7\u00e3o e fiabilidade.<br \/>\nA maioria dos medidores de vaz\u00e3o n\u00e3o tem uma fun\u00e7\u00e3o para evitar o uso indevido, mas alguns modelos podem ter recursos que podem ajudar a reduzir o risco de uso indevido. Por exemplo, alguns caudal\u00edmetros podem ter uma fun\u00e7\u00e3o de bloqueio que impede que utilizadores n\u00e3o autorizados alterem as defini\u00e7\u00f5es ou acedam aos dados. Al\u00e9m disso, alguns caudal\u00edmetros podem ter uma fun\u00e7\u00e3o de prote\u00e7\u00e3o por palavra-passe que exige que o utilizador introduza uma palavra-passe antes de poder aceder aos dados ou \u00e0s defini\u00e7\u00f5es.<\/p>\n<\/div>\n<div id=\"03\">\n<p><strong>3. qual \u00e9 a gama de medi\u00e7\u00e3o dos tipos de medidores de caudal de g\u00e1s?<\/strong><\/p>\n<p>Actualizamos continuamente as nossas compet\u00eancias e conhecimentos para nos adaptarmos \u00e0 evolu\u00e7\u00e3o das necessidades do mercado dos tipos de medidores de caudal de g\u00e1s.<br \/>\nA gama de medi\u00e7\u00e3o de um medidor de caudal depende do tipo de medidor de caudal utilizado. Geralmente, a gama de medi\u00e7\u00e3o de um medidor de caudal pode variar entre 0,01 e 1000 litros por minuto.<\/p>\n<\/div>\n<div id=\"04\">\n<p><strong>4. os tipos de caudal\u00edmetros de g\u00e1s requerem uma fonte de alimenta\u00e7\u00e3o externa?<\/strong><\/p>\n<p>Aderimos ao princ\u00edpio da qualidade em primeiro lugar e temos um sistema completo de gest\u00e3o da qualidade da produ\u00e7\u00e3o e um processo de inspe\u00e7\u00e3o da qualidade.<br \/>\nDepende do tipo de medidor de caudal. Alguns caudal\u00edmetros s\u00e3o alimentados por uma fonte de energia externa, enquanto outros s\u00e3o alimentados pelo caudal do l\u00edquido ou g\u00e1s que est\u00e1 a ser medido.<\/p>\n<p><img style=\"max-width: 100%;\" title=\"Os tipos de flux\u00f3metros de g\u00e1s requerem uma fonte de alimenta\u00e7\u00e3o externa?\" src=\"https:\/\/www.hginstrument.com\/wp-content\/uploads\/2021\/07\/hgtf-6.jpg\" alt=\"Os tipos de flux\u00f3metros de g\u00e1s requerem uma fonte de alimenta\u00e7\u00e3o externa?\" \/><\/p>\n<\/div>\n<div id=\"05\">\n<p><strong>5.Sobre os tipos de medidores de caudal de g\u00e1s equipamento de produ\u00e7\u00e3o<\/strong><\/p>\n<p>O equipamento de produ\u00e7\u00e3o de flux\u00f3metros \u00e9 utilizado para fabricar flux\u00f3metros, que s\u00e3o dispositivos utilizados para medir a taxa de fluxo de um l\u00edquido ou g\u00e1s. Este equipamento inclui normalmente uma variedade de m\u00e1quinas e ferramentas, tais como tornos, fresadoras, prensas de perfura\u00e7\u00e3o e m\u00e1quinas CNC. Inclui tamb\u00e9m ferramentas especializadas para montar e testar medidores de caudal. O equipamento utilizado para produzir medidores de caudal \u00e9 altamente especializado e deve ser capaz de produzir resultados precisos e fi\u00e1veis.<\/p>\n<\/div>\n<div id=\"06\">\n<p><strong>6) Quais s\u00e3o as falhas e solu\u00e7\u00f5es comuns dos tipos de caudal\u00edmetros de g\u00e1s?<\/strong><\/p>\n<p>Mantemos um certo montante de investimento em I&amp;D todos os anos e melhoramos continuamente a efici\u00eancia operacional para prestar melhores servi\u00e7os aos nossos clientes cooperativos.<br \/>\nAs falhas e solu\u00e7\u00f5es comuns dos medidores de caudal incluem:<\/p>\n<p>1. Baixa precis\u00e3o: Esta situa\u00e7\u00e3o \u00e9 normalmente causada por uma instala\u00e7\u00e3o ou calibra\u00e7\u00e3o incorrecta. Para resolver este problema, verifique a instala\u00e7\u00e3o e a calibra\u00e7\u00e3o do medidor de caudal e certifique-se de que est\u00e3o correctas.<\/p>\n<p>2. Fugas: Esta situa\u00e7\u00e3o \u00e9 normalmente causada por um vedante gasto ou danificado. Para resolver este problema, substitua a junta por uma nova.<\/p>\n<p>3. Entupimento: Isto \u00e9 normalmente causado por detritos ou outras part\u00edculas que bloqueiam o medidor de caudal. Para resolver este problema, limpe o medidor de caudal e remova quaisquer detritos ou part\u00edculas.<\/p>\n<p>4. Corros\u00e3o: Geralmente \u00e9 causada pela exposi\u00e7\u00e3o a l\u00edquidos ou gases corrosivos. Para resolver este problema, substitua todas as pe\u00e7as corro\u00eddas e utilize um material resistente \u00e0 corros\u00e3o para o medidor de caudal.<\/p>\n<\/div>\n<div id=\"07\">\n<p><strong>7) Quais s\u00e3o as op\u00e7\u00f5es para os materiais exteriores dos tipos de caudal\u00edmetros de g\u00e1s?<\/strong><\/p>\n<p>os tipos de medidores de fluxo de g\u00e1s n\u00e3o s\u00e3o apenas um produto, mas tamb\u00e9m podem ajud\u00e1-lo a ganhar dinheiro.<br \/>\n1. Alum\u00ednio<br \/>\n2. A\u00e7o inoxid\u00e1vel<br \/>\n3. Lat\u00e3o<br \/>\n4. Pl\u00e1stico<br \/>\n5. Polipropileno<br \/>\n6. PVC<br \/>\n7. Policarbonato<br \/>\n8. Fibra de vidro<br \/>\n9. Tit\u00e2nio<br \/>\n10. Cobre<\/p>\n<\/div>\n<div id=\"08\">\n<p><strong>8) Quais s\u00e3o os tipos comuns de medidores de caudal de g\u00e1s?<\/strong><\/p>\n<p>A nossa miss\u00e3o \u00e9 fornecer aos clientes as melhores solu\u00e7\u00f5es para os tipos de medidores de caudal de g\u00e1s.<br \/>\n1. Medidores de caudal de press\u00e3o diferencial<br \/>\n2. Medidores de caudal de deslocamento positivo<br \/>\n3. Medidores de caudal de turbina<br \/>\n4. Medidores de caudal magn\u00e9ticos<br \/>\n5. Medidores de caudal ultra-s\u00f3nicos<br \/>\n6. Medidores de caudal Coriolis<br \/>\n7. Medidores de caudal de v\u00f3rtice<br \/>\n8. Medidores de caudal alvo<br \/>\n9. Medidores de caudal de \u00e1rea vari\u00e1vel<br \/>\n10. Medidores de caudal m\u00e1ssico<\/p>\n<p><img style=\"max-width: 100%;\" title=\"Quais s\u00e3o os tipos comuns de medidores de caudal de g\u00e1s?\" src=\"https:\/\/www.hginstrument.com\/wp-content\/uploads\/2021\/07\/hgrs-1.jpg\" alt=\"Quais s\u00e3o os tipos comuns de medidores de caudal de g\u00e1s?\" \/><\/p>\n<\/div>\n<div id=\"09\">\n<p><strong>9. os resultados das medi\u00e7\u00f5es dos tipos de caudal\u00edmetros de g\u00e1s s\u00e3o rastre\u00e1veis?<\/strong><\/p>\n<p>A nossa empresa tem muitos anos de experi\u00eancia e conhecimento de tipos de medidores de fluxo de g\u00e1s.<br \/>\nSim, os resultados da medi\u00e7\u00e3o do medidor de caudal podem ser rastre\u00e1veis. A rastreabilidade \u00e9 a capacidade de rastrear o hist\u00f3rico, a aplica\u00e7\u00e3o ou a localiza\u00e7\u00e3o de um item por meio de uma identifica\u00e7\u00e3o documentada e registada. Os caudal\u00edmetros s\u00e3o tipicamente calibrados utilizando um padr\u00e3o rastre\u00e1vel, tal como um padr\u00e3o de calibra\u00e7\u00e3o rastre\u00e1vel NIST. Isto assegura que os resultados das medi\u00e7\u00f5es do caudal\u00edmetro s\u00e3o rastre\u00e1veis a um padr\u00e3o conhecido.<\/p>\n<\/div>\n<div id=\"010\">\n<p><strong>10.Sobre os tipos de medidores de caudal de g\u00e1s Capacidades de I&amp;D<\/strong><\/p>\n<p>As capacidades de I&amp;D de caudal\u00edmetros referem-se \u00e0 capacidade de uma empresa ou organiza\u00e7\u00e3o para investigar, desenvolver e fabricar caudal\u00edmetros. Isto inclui a capacidade de conceber, testar e fabricar caudal\u00edmetros que satisfa\u00e7am os requisitos dos clientes e as normas da ind\u00fastria. Inclui tamb\u00e9m a capacidade de desenvolver novas tecnologias e produtos para satisfazer as necessidades em constante mudan\u00e7a da ind\u00fastria. As empresas com fortes capacidades de I&amp;D s\u00e3o capazes de se manter \u00e0 frente da concorr\u00eancia e fornecer aos clientes os caudal\u00edmetros mais avan\u00e7ados e fi\u00e1veis.<\/p>\n<\/div>\n<div id=\"11\">\n<p><strong>11.Sobre os tipos de medidores de caudal de g\u00e1s mat\u00e9rias-primas<\/strong><\/p>\n<p>As mat\u00e9rias-primas dos medidores de caudal s\u00e3o normalmente fabricadas a partir de uma variedade de metais, pl\u00e1sticos e compostos. Os materiais mais comuns utilizados nos medidores de caudal incluem o a\u00e7o inoxid\u00e1vel, o lat\u00e3o, o alum\u00ednio, o cloreto de polivinilo (PVC), o polipropileno (PP) e o politetrafluoroetileno (PTFE). O material utilizado num medidor de caudal depende da aplica\u00e7\u00e3o e do tipo de fluido que est\u00e1 a ser medido. Por exemplo, o a\u00e7o inoxid\u00e1vel \u00e9 frequentemente utilizado para medir fluidos corrosivos, enquanto o PVC \u00e9 frequentemente utilizado para medir \u00e1gua.<\/p>\n<\/div>\n<div id=\"12\">\n<p><strong>12. os tipos de caudal\u00edmetros de g\u00e1s podem ser equipados com sensores de precis\u00e3o diferente?<\/strong><\/p>\n<p>Sim, os medidores de caudal podem ser equipados com sensores de precis\u00e3o diferente. Est\u00e3o dispon\u00edveis diferentes tipos de caudal\u00edmetros com diferentes n\u00edveis de precis\u00e3o, dependendo da aplica\u00e7\u00e3o. Por exemplo, os caudal\u00edmetros de turbina s\u00e3o normalmente mais precisos do que os caudal\u00edmetros de roda de p\u00e1s.<\/p>\n<p><img style=\"max-width: 100%;\" title=\"Os tipos de caudal\u00edmetros de g\u00e1s podem ser equipados com sensores de precis\u00e3o diferente?\" src=\"https:\/\/www.hginstrument.com\/wp-content\/uploads\/2021\/07\/hluc-1.jpg\" alt=\"Os tipos de caudal\u00edmetros de g\u00e1s podem ser equipados com sensores de precis\u00e3o diferente?\" \/><\/p>\n<\/div>\n<div id=\"13\">\n<p><strong>13. o medidor de fluxo de g\u00e1s \u00e9 do tipo anti-corros\u00e3o?<\/strong><\/p>\n<p>Estabelecemos uma boa reputa\u00e7\u00e3o e parcerias fi\u00e1veis no sector dos tipos de medidores de caudal de g\u00e1s.<br \/>\nSim, a maioria dos medidores de caudal s\u00e3o concebidos para serem resistentes \u00e0 corros\u00e3o. No entanto, o tipo espec\u00edfico de caudal\u00edmetro e o ambiente em que \u00e9 utilizado determinar\u00e3o o grau de resist\u00eancia \u00e0 corros\u00e3o.<\/p>\n<\/div>\n<p>&nbsp;<\/p>\n<p>Etiqueta\uff1a<a href=\"\/pt\/magnetic-flow-meter\/flow-meter-fluid\/\">medidor de caudal de fluido<\/a>,<a href=\"\/pt\/magnetic-flow-meter\/argon-flow-meter-for-tig-welding\/\">medidor de fluxo de \u00e1rgon para soldadura tig<\/a>,<a href=\"\/pt\/magnetic-flow-meter\/in-line-fuel-flow-meter\/\">caudal\u00edmetro de combust\u00edvel em linha<\/a><\/p>\n<p>&nbsp;<\/p>","protected":false},"excerpt":{"rendered":"<p><strong>Dados t\u00e9cnicos<\/strong><br \/>\nPode servir fluidos l\u00edquidos ou gasosos, sendo normalmente utilizado para medir o caudal de vapor, vapor, ar e g\u00e1s natural.<br \/>\nTamanho do contador: Tipo em linha: DN25 - DN300<br \/>\nOp\u00e7\u00e3o de material h\u00famido: SS304, SS316<br \/>\nTemperatura de funcionamento: \u2264250\u2103<br \/>\nLiga\u00e7\u00e3o ao processo: Wafer \/ Flange \/ Tri-clamp para o tipo In-line<br \/>\nPrecis\u00e3o de medi\u00e7\u00e3o: 1,0 % - 1,5% do intervalo de calibra\u00e7\u00e3o<br \/>\nIndicador digital: apresenta o caudal instant\u00e2neo e o caudal total<br \/>\nFonte de alimenta\u00e7\u00e3o: 24VDC, Sa\u00edda: 4-20mA<\/p>\n<p><strong>caracter\u00edsticas<\/strong><br \/>\n1. pontos de regula\u00e7\u00e3o ON\/OFF ajust\u00e1veis<br \/>\n2. modo de alarme de caudal alto ou baixo<br \/>\n3. tempo de atraso ajust\u00e1vel<br \/>\n4. LED de estado do rel\u00e9<\/p>","protected":false},"featured_media":3691,"comment_status":"closed","ping_status":"closed","template":"","meta":[],"product_cat":[2372],"product_tag":[],"acf":[],"_links":{"self":[{"href":"https:\/\/www.hginstrument.com\/pt\/wp-json\/wp\/v2\/product\/5362"}],"collection":[{"href":"https:\/\/www.hginstrument.com\/pt\/wp-json\/wp\/v2\/product"}],"about":[{"href":"https:\/\/www.hginstrument.com\/pt\/wp-json\/wp\/v2\/types\/product"}],"replies":[{"embeddable":true,"href":"https:\/\/www.hginstrument.com\/pt\/wp-json\/wp\/v2\/comments?post=5362"}],"wp:featuredmedia":[{"embeddable":true,"href":"https:\/\/www.hginstrument.com\/pt\/wp-json\/wp\/v2\/media\/3691"}],"wp:attachment":[{"href":"https:\/\/www.hginstrument.com\/pt\/wp-json\/wp\/v2\/media?parent=5362"}],"wp:term":[{"taxonomy":"product_cat","embeddable":true,"href":"https:\/\/www.hginstrument.com\/pt\/wp-json\/wp\/v2\/product_cat?post=5362"},{"taxonomy":"product_tag","embeddable":true,"href":"https:\/\/www.hginstrument.com\/pt\/wp-json\/wp\/v2\/product_tag?post=5362"}],"curies":[{"name":"wp","href":"https:\/\/api.w.org\/{rel}","templated":true}]}}