{"id":5392,"date":"2023-12-24T04:52:07","date_gmt":"2023-12-23T20:52:07","guid":{"rendered":"https:\/\/www.hginstrument.com\/?post_type=product&#038;p=5392"},"modified":"2024-01-09T09:30:02","modified_gmt":"2024-01-09T01:30:02","slug":"gpi-fuel-flow-meter","status":"publish","type":"product","link":"https:\/\/www.hginstrument.com\/pt\/magnetic-flow-meter\/gpi-fuel-flow-meter\/","title":{"rendered":"medidor de caudal de combust\u00edvel gpi"},"content":{"rendered":"<p>The gpi fuel flow meter is a highly advanced and customizable flow measurement device designed for a wide range of industrial and commercial applications. This device utilizes cutting-edge technology, including precision sensors and advanced algorithms, to accurately measure and monitor flow rates of various liquids and gases.<\/p>\n<p>gpi fuel flow meter is equipped with high-precision sensors capable of capturing the smallest fluctuations in traffic. Its high accuracy and repeatability make it ideal for use in industries such as oil and gas, chemicals, food and beverage, water treatment, Aviation fueling systems and more.<\/p>\n<p>The gpi fuel flow meter is highly versatile and can be configured to measure a wide range of fluid types and flow rates. It also offers various output options, including analog, digital, and pulse, making it compatible with a variety of control systems and devices.<\/p>\n<table class=\"table table-bordered\">\n<tbody>\n<tr>\n<td><span style=\"vertical-align: inherit;\"><span style=\"vertical-align: inherit;\">Tipo\uff1a<\/span><\/span><\/td>\n<td><span style=\"vertical-align: inherit;\">medidor de caudal de combust\u00edvel gpi<\/span><\/td>\n<td><span style=\"vertical-align: inherit;\"><span style=\"vertical-align: inherit;\">Sinal de sa\u00edda\uff1a<\/span><\/span><\/td>\n<td><span style=\"vertical-align: inherit;\"><span style=\"vertical-align: inherit;\">4-20 mA, Impulso\/Frequ\u00eancia 2kHz(Predefini\u00e7\u00e3o), 5KHz(M\u00e1x.)<\/span><\/span><\/td>\n<\/tr>\n<tr>\n<td><span style=\"vertical-align: inherit;\"><span style=\"vertical-align: inherit;\">Local de origem\uff1a<\/span><\/span><\/td>\n<td><span style=\"vertical-align: inherit;\"><span style=\"vertical-align: inherit;\">Jiangsu\uff0cChina<\/span><\/span><\/td>\n<td><span style=\"vertical-align: inherit;\"><span style=\"vertical-align: inherit;\">Incorporar tipo\uff1a<\/span><\/span><\/td>\n<td><span style=\"vertical-align: inherit;\"><span style=\"vertical-align: inherit;\">-10\u2103- +52\u2103<\/span><\/span><\/td>\n<\/tr>\n<tr>\n<td><span style=\"vertical-align: inherit;\"><span style=\"vertical-align: inherit;\">Garantia\uff1a<\/span><\/span><\/td>\n<td><span style=\"vertical-align: inherit;\"><span style=\"vertical-align: inherit;\">12 meses<\/span><\/span><\/td>\n<td><span style=\"vertical-align: inherit;\"><span style=\"vertical-align: inherit;\">Tens\u00e3o de alimenta\u00e7\u00e3o\uff1a<\/span><\/span><\/td>\n<td><span style=\"vertical-align: inherit;\"><span style=\"vertical-align: inherit;\">110\/220VAC (100-240VAC), 50Hz\/60Hz; 24VDC\u00b110%<\/span><\/span><\/td>\n<\/tr>\n<tr>\n<td><span style=\"vertical-align: inherit;\"><span style=\"vertical-align: inherit;\">Suporte personalizado\uff1a<\/span><\/span><\/td>\n<td><span style=\"vertical-align: inherit;\"><span style=\"vertical-align: inherit;\">OEM, ODM, OBM<\/span><\/span><\/td>\n<td><span style=\"vertical-align: inherit;\"><span style=\"vertical-align: inherit;\">Comunica\u00e7\u00e3o digital\uff1a<\/span><\/span><\/td>\n<td><span style=\"vertical-align: inherit;\"><span style=\"vertical-align: inherit;\">RS-485, suporta o protocolo padr\u00e3o Mudbugs-RTU; GPRS<\/span><\/span><\/td>\n<\/tr>\n<tr>\n<td><span style=\"vertical-align: inherit;\"><span style=\"vertical-align: inherit;\">Nome da marca\uff1a<\/span><\/span><\/td>\n<td><span style=\"vertical-align: inherit;\"><span style=\"vertical-align: inherit;\">GRUPO SUYI<\/span><\/span><\/td>\n<td><span style=\"vertical-align: inherit;\"><span style=\"vertical-align: inherit;\">Press\u00e3o nominal\uff1a<\/span><\/span><\/td>\n<td><span style=\"vertical-align: inherit;\"><span style=\"vertical-align: inherit;\">1MPa (DN15-DN800), 1,6MPa (DN15-DN800), 2,5MPa (DN15-DN600)<\/span><\/span><\/td>\n<\/tr>\n<tr>\n<td><span style=\"vertical-align: inherit;\"><span style=\"vertical-align: inherit;\">N\u00famero do modelo\uff1a<\/span><\/span><\/td>\n<td><span style=\"vertical-align: inherit;\"><span style=\"vertical-align: inherit;\">outros<\/span><\/span><\/td>\n<td><span style=\"vertical-align: inherit;\"><span style=\"vertical-align: inherit;\">Sensor\uff1a<\/span><\/span><\/td>\n<td><span style=\"vertical-align: inherit;\"><span style=\"vertical-align: inherit;\">0\u2103- +80\u2103 ou -25\u2103- +120\u2103 ou +70\u2103- +250\u2103<\/span><\/span><\/td>\n<\/tr>\n<tr>\n<td><span style=\"vertical-align: inherit;\"><span style=\"vertical-align: inherit;\">Nome do produto\uff1a<\/span><\/span><\/td>\n<td><span style=\"vertical-align: inherit;\"><span style=\"vertical-align: inherit;\">Medidor de caudal de \u00e1gua qu\u00edmica digital inteligente eletromagn\u00e9tico<\/span><\/span><\/td>\n<td><span style=\"vertical-align: inherit;\"><span style=\"vertical-align: inherit;\">Detalhes da embalagem\uff1a<\/span><\/span><\/td>\n<td><span style=\"vertical-align: inherit;\"><span style=\"vertical-align: inherit;\">1 conjunto por embalagem ou conforme o pedido do cliente<\/span><\/span><\/td>\n<\/tr>\n<tr>\n<td><span style=\"vertical-align: inherit;\"><span style=\"vertical-align: inherit;\">Di\u00e2metro nominal\uff1a<\/span><\/span><\/td>\n<td><span style=\"vertical-align: inherit;\"><span style=\"vertical-align: inherit;\">3-2939mm<\/span><\/span><\/td>\n<td><span style=\"vertical-align: inherit;\"><span style=\"vertical-align: inherit;\">Capacidade de fornecimento\uff1a<\/span><\/span><\/td>\n<td><span style=\"vertical-align: inherit;\"><span style=\"vertical-align: inherit;\">2371 Set\/Sets per Month<\/span><\/span><\/td>\n<\/tr>\n<tr>\n<td><span style=\"vertical-align: inherit;\"><span style=\"vertical-align: inherit;\">gama de velocidades\uff1a<\/span><\/span><\/td>\n<td><span style=\"vertical-align: inherit;\"><span style=\"vertical-align: inherit;\">0-8m\/s<\/span><\/span><\/td>\n<td><span style=\"vertical-align: inherit;\"><span style=\"vertical-align: inherit;\">Quantidade (conjuntos)\uff1a<\/span><\/span><\/td>\n<td><span style=\"vertical-align: inherit;\"><span style=\"vertical-align: inherit;\">&gt; 30<\/span><\/span><\/td>\n<\/tr>\n<tr>\n<td><span style=\"vertical-align: inherit;\"><span style=\"vertical-align: inherit;\">Grau de precis\u00e3o\uff1a<\/span><\/span><\/td>\n<td><span style=\"vertical-align: inherit;\"><span style=\"vertical-align: inherit;\">\u00b10,5%R, \u00b11%R ( &lt; DN20)<\/span><\/span><\/td>\n<td><span style=\"vertical-align: inherit;\"><span style=\"vertical-align: inherit;\">Prazo de execu\u00e7\u00e3o (dias)\uff1a<\/span><\/span><\/td>\n<td><span style=\"vertical-align: inherit;\"><span style=\"vertical-align: inherit;\">A ser negociado<\/span><\/span><\/td>\n<\/tr>\n<\/tbody>\n<\/table>\n<p>&nbsp;<\/p>\n<p>&nbsp;<\/p>\n<p style=\"text-align: center;\"><img title=\"medidor de caudal de combust\u00edvel gpi\" src=\"https:\/\/www.hginstrument.com\/wp-content\/uploads\/2021\/07\/in-line-pipeline-type-hgd-electromagnetic-flow-meter.jpg\" \/><\/p>\n<p>&nbsp;<\/p>\n<p>&nbsp;<\/p>\n<p style=\"text-align: center;\"><img title=\"medidor de caudal de combust\u00edvel gpi\" src=\"https:\/\/www.hginstrument.com\/wp-content\/uploads\/2021\/07\/insertion-01.jpg\" \/><\/p>\n<p>&nbsp;<\/p>\n<p>&nbsp;<\/p>\n<p style=\"text-align: center;\"><img title=\"medidor de caudal de combust\u00edvel gpi\" src=\"https:\/\/www.hginstrument.com\/wp-content\/uploads\/2021\/07\/sanitary-mag-1.jpg\" \/><\/p>\n<p><strong>gpi fuel flow meter FAQs Guide.<\/strong><\/p>\n<p>At the heart of our gpi fuel flow meter series lies a commitment to excellence, blending advanced sensor technology with user-friendly interfaces. From liquid to gas, our meters deliver unparalleled accuracy, empowering you to make informed decisions and streamline operations. As we usher in a new era of fluid measurement, we invite you to explore the limitless possibilities that our gpi fuel flow meters unlock \u2013 where precision meets performance, and innovation flows seamlessly.<\/p>\n<div style=\"border: 3px solid #f89900; margin: 20px 0; padding: 20px;\"><a href=\"\/pt\/gpi-fuel-flow-meter\/#01\">1.About gpi fuel flow meter inventory<\/a><br \/>\n<a href=\"\/pt\/gpi-fuel-flow-meter\/#02\">2.About the development history of gpi fuel flow meter factory<\/a><br \/>\n<a href=\"\/pt\/gpi-fuel-flow-meter\/#03\">3.Does the gpi fuel flow meter have an automatic alarm function?<\/a><br \/>\n<a href=\"\/pt\/gpi-fuel-flow-meter\/#04\">4.What is the difference between gpi fuel flow meter SUYI group vs gpi fuel flow meter Yokogawa vs gpi fuel flow meter ABB<\/a><br \/>\n<a href=\"\/pt\/gpi-fuel-flow-meter\/#05\">5.Does gpi fuel flow meter have real-time monitoring function?<\/a><br \/>\n<a href=\"\/pt\/gpi-fuel-flow-meter\/#06\">6.About gpi fuel flow meter origin<\/a><br \/>\n<a href=\"\/pt\/gpi-fuel-flow-meter\/#07\">7.How accurate is the gpi fuel flow meter?<\/a><br \/>\n<a href=\"\/pt\/gpi-fuel-flow-meter\/#08\">8.What is the main principle of gpi fuel flow meter?<\/a><br \/>\n<a href=\"\/pt\/gpi-fuel-flow-meter\/#09\">9.About gpi fuel flow meter delivery date<\/a><br \/>\n<a href=\"\/pt\/gpi-fuel-flow-meter\/#010\">10.Does the gpi fuel flow meter have data storage capabilities?<\/a><br \/>\n<a href=\"\/pt\/gpi-fuel-flow-meter\/#11\">11.About gpi fuel flow meter production capacity<\/a><br \/>\n<a href=\"\/pt\/gpi-fuel-flow-meter\/#12\">12.About gpi fuel flow meter production skills training<\/a><br \/>\n<a href=\"\/pt\/gpi-fuel-flow-meter\/#13\">13.Are gpi fuel flow meter measurement results traceable?<\/a><br \/>\n<a href=\"\/pt\/gpi-fuel-flow-meter\/#14\">14.What is the format of the gpi fuel flow meter\u2019s output signal?<\/a><br \/>\n<a href=\"\/pt\/gpi-fuel-flow-meter\/#15\">15.About gpi fuel flow meter patent<\/a><br \/>\n<a href=\"\/pt\/gpi-fuel-flow-meter\/#16\">16.What are the characteristics of gpi fuel flow meter?<\/a><br \/>\n<a href=\"\/pt\/gpi-fuel-flow-meter\/#17\">17.About gpi fuel flow meter quality system<\/a><br \/>\n<a href=\"\/pt\/gpi-fuel-flow-meter\/#18\">18.About the scale of gpi fuel flow meter factory<\/a><\/div>\n<div id=\"01\">\n<p><strong>1.About gpi fuel flow meter inventory<\/strong><\/p>\n<p>O invent\u00e1rio de caudal\u00edmetros \u00e9 um sistema utilizado para controlar e gerir os caudal\u00edmetros utilizados em aplica\u00e7\u00f5es industriais e comerciais. \u00c9 utilizado para monitorizar o desempenho dos medidores de caudal, bem como para garantir que s\u00e3o devidamente mantidos e calibrados. O sistema de invent\u00e1rio tamb\u00e9m pode ser utilizado para controlar o custo dos medidores de caudal, bem como para identificar quaisquer problemas ou quest\u00f5es potenciais com os medidores de caudal.<\/p>\n<\/div>\n<div id=\"02\">\n<p><strong>2.About the development history of gpi fuel flow meter factory<\/strong><\/p>\n<p>A f\u00e1brica de medidores de caudal foi criada no in\u00edcio da d\u00e9cada de 1990. Foi fundada por um grupo de engenheiros e t\u00e9cnicos com uma vasta experi\u00eancia na conce\u00e7\u00e3o e fabrico de medidores de caudal. A empresa concentrou-se inicialmente na produ\u00e7\u00e3o de medidores de caudal mec\u00e2nicos, mas depressa expandiu a sua gama de produtos para incluir medidores de caudal electr\u00f3nicos. Ao longo dos anos, a empresa desenvolveu uma vasta gama de medidores de caudal para v\u00e1rias aplica\u00e7\u00f5es, incluindo industriais, comerciais e residenciais. A empresa tamb\u00e9m desenvolveu uma gama de solu\u00e7\u00f5es de software e hardware para medi\u00e7\u00e3o e controlo de caudal. Atualmente, a empresa \u00e9 um dos principais fabricantes de medidores de caudal e produtos relacionados, sendo reconhecida como l\u00edder no sector.<\/p>\n<\/div>\n<div id=\"03\">\n<p><strong>3.Does the gpi fuel flow meter have an automatic alarm function?<\/strong><\/p>\n<p>Aderimos ao princ\u00edpio da qualidade em primeiro lugar e temos um sistema completo de gest\u00e3o da qualidade da produ\u00e7\u00e3o e um processo de inspe\u00e7\u00e3o da qualidade.<br \/>\nMuitos medidores de caudal t\u00eam uma fun\u00e7\u00e3o de alarme autom\u00e1tico, mas isso depende do modelo espec\u00edfico. \u00c9 melhor verificar as especifica\u00e7\u00f5es do produto para determinar se o medidor de caudal que est\u00e1 a considerar tem esta fun\u00e7\u00e3o.<\/p>\n<p><img style=\"max-width: 100%;\" title=\"Does the gpi fuel flow meter have an automatic alarm function?\" src=\"https:\/\/www.hginstrument.com\/wp-content\/uploads\/2021\/07\/hls-2000uf-1.jpg\" alt=\"Does the gpi fuel flow meter have an automatic alarm function?\" \/><\/p>\n<\/div>\n<div id=\"04\">\n<p><strong>4.What is the difference between gpi fuel flow meter SUYI group vs gpi fuel flow meter Yokogawa vs gpi fuel flow meter ABB<\/strong><\/p>\n<p>Os medidores de caudal do Grupo SUYI, Yokogawa e ABB medem todos o caudal de um fluido, mas diferem em termos de precis\u00e3o, caracter\u00edsticas e custo. Os medidores de caudal do Grupo SUYI s\u00e3o normalmente mais acess\u00edveis do que os medidores de caudal da Yokogawa e da ABB, mas podem n\u00e3o ter tantas caracter\u00edsticas ou uma precis\u00e3o t\u00e3o elevada. Os caudal\u00edmetros Yokogawa s\u00e3o conhecidos pela sua precis\u00e3o e fiabilidade, mas tendem a ser mais caros do que os caudal\u00edmetros do Grupo SUYI e da ABB. Os caudal\u00edmetros ABB s\u00e3o conhecidos pela sua robustez e durabilidade, mas tamb\u00e9m s\u00e3o mais caros do que as outras duas marcas.<\/p>\n<\/div>\n<div id=\"05\">\n<p><strong>5.Does gpi fuel flow meter have real-time monitoring function?<\/strong><\/p>\n<p>Sim, alguns medidores de caudal t\u00eam fun\u00e7\u00f5es de monitoriza\u00e7\u00e3o em tempo real. Estes medidores est\u00e3o normalmente equipados com sensores que medem o caudal e transmitem os dados para um sistema de monitoriza\u00e7\u00e3o. Isto permite a monitoriza\u00e7\u00e3o em tempo real do caudal e de outros par\u00e2metros.<\/p>\n<\/div>\n<div id=\"06\">\n<p><strong>6.About gpi fuel flow meter origin<\/strong><\/p>\n<p>O primeiro medidor de caudal foi inventado em 1832 por um ingl\u00eas chamado William Henry. Ele desenvolveu um dispositivo que utilizava um flutuador para medir o caudal de \u00e1gua num tubo. Este dispositivo foi o primeiro do seu g\u00e9nero e foi o precursor dos medidores de caudal modernos. Desde ent\u00e3o, os medidores de caudal t\u00eam sido utilizados numa variedade de ind\u00fastrias para medir o caudal de l\u00edquidos, gases e outros materiais. Atualmente, os medidores de caudal s\u00e3o utilizados numa variedade de aplica\u00e7\u00f5es, desde a medi\u00e7\u00e3o do caudal de \u00e1gua num tubo at\u00e9 \u00e0 medi\u00e7\u00e3o do caudal de petr\u00f3leo numa refinaria.<\/p>\n<p><img style=\"max-width: 100%;\" title=\"About gpi fuel flow meter origin\" src=\"https:\/\/www.hginstrument.com\/wp-content\/uploads\/2021\/07\/hls-2000p-z1.jpg\" alt=\"About gpi fuel flow meter origin\" \/><\/p>\n<\/div>\n<div id=\"07\">\n<p><strong>7.How accurate is the gpi fuel flow meter?<\/strong><\/p>\n<p>We are a professional gpi fuel flow meter company dedicated to providing high quality products and services.<br \/>\nA precis\u00e3o de um medidor de caudal depende do tipo de medidor de caudal utilizado. Geralmente, a maioria dos medidores de caudal tem uma precis\u00e3o de 1-2% do caudal real. No entanto, alguns medidores de caudal podem ser mais precisos do que isso, dependendo do tipo e da qualidade do medidor.<\/p>\n<\/div>\n<div id=\"08\">\n<p><strong>8.What is the main principle of gpi fuel flow meter?<\/strong><\/p>\n<p>Our gpi fuel flow meter products undergo strict quality control to ensure customer satisfaction.<br \/>\nO princ\u00edpio principal de um medidor de caudal \u00e9 medir o caudal de um fluido ou g\u00e1s atrav\u00e9s de um tubo ou outro recipiente. Normalmente, isto \u00e9 feito medindo a queda de press\u00e3o atrav\u00e9s de uma restri\u00e7\u00e3o conhecida no tubo, ou medindo a velocidade do fluido ou g\u00e1s \u00e0 medida que passa pelo tubo.<\/p>\n<\/div>\n<div id=\"09\">\n<p><strong>9.About gpi fuel flow meter delivery date<\/strong><\/p>\n<p>A data de entrega de um medidor de caudal depender\u00e1 do tipo de medidor de caudal, do fabricante e da disponibilidade do produto. Geralmente, a maioria dos medidores de caudal pode ser entregue no prazo de alguns dias a algumas semanas. No entanto, alguns caudal\u00edmetros especializados podem demorar mais tempo a ser entregues. \u00c9 melhor contactar diretamente o fabricante para obter uma data de entrega precisa.<\/p>\n<p><img style=\"max-width: 100%;\" title=\"About gpi fuel flow meter delivery date\" src=\"https:\/\/www.hginstrument.com\/wp-content\/uploads\/2021\/07\/insertion-01.jpg\" alt=\"About gpi fuel flow meter delivery date\" \/><\/p>\n<\/div>\n<div id=\"010\">\n<p><strong>10.Does the gpi fuel flow meter have data storage capabilities?<\/strong><\/p>\n<p>Concentramo-nos na inova\u00e7\u00e3o e na melhoria cont\u00ednua para manter uma vantagem competitiva.<br \/>\nDepende do tipo de caudal\u00edmetro. Alguns caudal\u00edmetros t\u00eam capacidades de armazenamento de dados, enquanto outros n\u00e3o.<\/p>\n<\/div>\n<div id=\"11\">\n<p><strong>11.About gpi fuel flow meter production capacity<\/strong><\/p>\n<p>A capacidade de produ\u00e7\u00e3o de medidores de caudal depende do tipo de medidor de caudal que est\u00e1 a ser produzido. Geralmente, a capacidade de produ\u00e7\u00e3o \u00e9 determinada pela dimens\u00e3o da instala\u00e7\u00e3o de produ\u00e7\u00e3o, pelo n\u00famero de m\u00e1quinas e pessoal dispon\u00edvel e pelo tipo de medidor de caudal que est\u00e1 a ser produzido. Por exemplo, uma instala\u00e7\u00e3o de produ\u00e7\u00e3o especializada na produ\u00e7\u00e3o de caudal\u00edmetros de turbina pode ter uma capacidade de produ\u00e7\u00e3o superior \u00e0 de uma instala\u00e7\u00e3o que produz caudal\u00edmetros ultra-s\u00f3nicos. Al\u00e9m disso, a capacidade de produ\u00e7\u00e3o de uma instala\u00e7\u00e3o pode ser afetada pela complexidade do medidor de caudal que est\u00e1 a ser produzido, bem como pela disponibilidade de mat\u00e9rias-primas e componentes.<\/p>\n<\/div>\n<div id=\"12\">\n<p><strong>12.About gpi fuel flow meter production skills training<\/strong><\/p>\n<p>A forma\u00e7\u00e3o em compet\u00eancias de produ\u00e7\u00e3o de caudal\u00edmetros foi concebida para ensinar aos t\u00e9cnicos e engenheiros as compet\u00eancias necess\u00e1rias para produzir e manter caudal\u00edmetros. A forma\u00e7\u00e3o abrange t\u00f3picos como os princ\u00edpios da medi\u00e7\u00e3o de caudal, os tipos de caudal\u00edmetros dispon\u00edveis, a instala\u00e7\u00e3o e manuten\u00e7\u00e3o de caudal\u00edmetros e t\u00e9cnicas de resolu\u00e7\u00e3o de problemas. A forma\u00e7\u00e3o tamb\u00e9m abrange a utiliza\u00e7\u00e3o de software inform\u00e1tico para analisar e interpretar dados de caudal. A forma\u00e7\u00e3o \u00e9 normalmente realizada em sala de aula e pode incluir actividades pr\u00e1ticas.<\/p>\n<p><img style=\"max-width: 100%;\" title=\"About gpi fuel flow meter production skills training\" src=\"https:\/\/www.hginstrument.com\/wp-content\/uploads\/2021\/07\/hgrs-1.jpg\" alt=\"About gpi fuel flow meter production skills training\" \/><\/p>\n<\/div>\n<div id=\"13\">\n<p><strong>13.Are gpi fuel flow meter measurement results traceable?<\/strong><\/p>\n<p>Our company has many years of gpi fuel flow meter experience and expertise.<br \/>\nSim, os resultados da medi\u00e7\u00e3o do medidor de caudal podem ser rastre\u00e1veis. A rastreabilidade \u00e9 a capacidade de rastrear o hist\u00f3rico, a aplica\u00e7\u00e3o ou a localiza\u00e7\u00e3o de um item por meio de uma identifica\u00e7\u00e3o documentada e registada. Os caudal\u00edmetros s\u00e3o tipicamente calibrados utilizando um padr\u00e3o rastre\u00e1vel, tal como um padr\u00e3o de calibra\u00e7\u00e3o rastre\u00e1vel NIST. Isto assegura que os resultados das medi\u00e7\u00f5es do caudal\u00edmetro s\u00e3o rastre\u00e1veis a um padr\u00e3o conhecido.<\/p>\n<\/div>\n<div id=\"14\">\n<p><strong>14.What is the format of the gpi fuel flow meter\u2019s output signal?<\/strong><\/p>\n<p>We continuously upgrade our skills and knowledge to adapt to changing gpi fuel flow meter market needs.<br \/>\nO formato do sinal de sa\u00edda do medidor de caudal depende do tipo de medidor de caudal que est\u00e1 a ser utilizado. Os formatos de sinal de sa\u00edda comuns incluem impulsos, frequ\u00eancia, tens\u00e3o e corrente.<\/p>\n<\/div>\n<div id=\"15\">\n<p><strong>15.About gpi fuel flow meter patent<\/strong><\/p>\n<p>As patentes de caudal\u00edmetros s\u00e3o patentes que abrangem a conce\u00e7\u00e3o e o funcionamento de caudal\u00edmetros. Os medidores de caudal s\u00e3o dispositivos utilizados para medir o caudal de um l\u00edquido ou g\u00e1s. Os medidores de caudal s\u00e3o utilizados numa variedade de ind\u00fastrias, incluindo o tratamento de \u00e1gua e de \u00e1guas residuais, petr\u00f3leo e g\u00e1s e processamento qu\u00edmico. Os medidores de caudal s\u00e3o utilizados para medir o caudal de um fluido, o volume total de um fluido e a press\u00e3o de um fluido. Os medidores de caudal podem ser mec\u00e2nicos, el\u00e9ctricos ou \u00f3pticos. Os medidores de caudal podem ser utilizados para medir o caudal de l\u00edquidos, gases e vapor.<\/p>\n<p><img style=\"max-width: 100%;\" title=\"About gpi fuel flow meter patent\" src=\"https:\/\/www.hginstrument.com\/wp-content\/uploads\/2021\/07\/wall-mount-1f.jpg\" alt=\"About gpi fuel flow meter patent\" \/><\/p>\n<\/div>\n<div id=\"16\">\n<p><strong>16.What are the characteristics of gpi fuel flow meter?<\/strong><\/p>\n<p>Estabelecemos parcerias est\u00e1veis e de longo prazo com os nossos fornecedores, pelo que temos grandes vantagens em termos de pre\u00e7o, custo e garantia de qualidade.<br \/>\n1. Precis\u00e3o: Os medidores de caudal devem ser capazes de medir com precis\u00e3o o caudal de um fluido.<\/p>\n<p>2. Gama: Os medidores de caudal devem ser capazes de medir uma vasta gama de caudais.<\/p>\n<p>3. Repetibilidade: Os medidores de caudal devem ser capazes de medir consistentemente o mesmo caudal ao longo do tempo.<\/p>\n<p>4. Tempo de resposta: Os medidores de caudal devem ser capazes de responder rapidamente a altera\u00e7\u00f5es no caudal.<\/p>\n<p>5. Durabilidade: Os caudal\u00edmetros devem ser capazes de suportar as condi\u00e7\u00f5es adversas do ambiente em que s\u00e3o utilizados.<\/p>\n<p>6. Custo: Os caudal\u00edmetros devem ser econ\u00f3micos para a aplica\u00e7\u00e3o.<\/p>\n<\/div>\n<div id=\"17\">\n<p><strong>17.About gpi fuel flow meter quality system<\/strong><\/p>\n<p>Um sistema de qualidade de medidores de caudal \u00e9 um conjunto de processos e procedimentos que s\u00e3o utilizados para garantir que os medidores de caudal s\u00e3o fabricados e testados de forma a cumprirem os mais elevados padr\u00f5es de precis\u00e3o e fiabilidade. O sistema inclui medidas de controlo de qualidade, como a inspe\u00e7\u00e3o do material recebido, a inspe\u00e7\u00e3o durante o processo e o teste do produto final. Inclui tamb\u00e9m documenta\u00e7\u00e3o e manuten\u00e7\u00e3o de registos para garantir que todos os processos s\u00e3o seguidos e que quaisquer problemas s\u00e3o tratados de forma r\u00e1pida e eficaz. O sistema foi concebido para garantir que os medidores de caudal produzidos s\u00e3o da mais elevada qualidade e cumprem os requisitos do cliente.<\/p>\n<\/div>\n<div id=\"18\">\n<p><strong>18.About the scale of gpi fuel flow meter factory<\/strong><\/p>\n<p>As f\u00e1bricas de medidores de caudal variam em tamanho e \u00e2mbito, dependendo do tipo de medidores de caudal que produzem. Algumas f\u00e1bricas podem especializar-se na produ\u00e7\u00e3o de um \u00fanico tipo de medidor de caudal, enquanto outras podem produzir uma variedade de tipos diferentes. Algumas f\u00e1bricas podem ser grandes, com centenas de empregados, enquanto outras podem ser pequenas, com apenas alguns empregados. A dimens\u00e3o da f\u00e1brica tamb\u00e9m depender\u00e1 do tipo de caudal\u00edmetros que produz, bem como da procura desses caudal\u00edmetros.<\/p>\n<p><img style=\"max-width: 100%;\" title=\"About the scale of gpi fuel flow meter factory\" src=\"https:\/\/www.hginstrument.com\/wp-content\/uploads\/2021\/10\/w803e-f3.jpg\" alt=\"About the scale of gpi fuel flow meter factory\" \/><\/p>\n<\/div>\n<p>&nbsp;<\/p>\n<p>Etiqueta\uff1a<a href=\"\/pt\/magnetic-flow-meter\/mag-meter-flow-meter\/\">mag meter flow meter<\/a>,<a href=\"\/pt\/magnetic-flow-meter\/air-flow-meter-sensor\/\">air flow meter sensor<\/a>,<a href=\"\/pt\/magnetic-flow-meter\/cfh-flow-meter\/\">cfh flow meter<\/a>,<a href=\"\/pt\/magnetic-flow-meter\/micro-motion-flow-meter\/\">micro motion flow meter<\/a><\/p>\n<p>&nbsp;<\/p>","protected":false},"excerpt":{"rendered":"<p><strong>Dados t\u00e9cnicos<\/strong><br \/>\nPode servir fluidos l\u00edquidos ou gasosos, sendo normalmente utilizado para medir o caudal de vapor, vapor, ar e g\u00e1s natural.<br \/>\nTamanho do contador: Tipo em linha: DN25 - DN300<br \/>\nOp\u00e7\u00e3o de material h\u00famido: SS304, SS316<br \/>\nTemperatura de funcionamento: \u2264250\u2103<br \/>\nLiga\u00e7\u00e3o ao processo: Wafer \/ Flange \/ Tri-clamp para o tipo In-line<br \/>\nPrecis\u00e3o de medi\u00e7\u00e3o: 1,0 % - 1,5% do intervalo de calibra\u00e7\u00e3o<br \/>\nIndicador digital: apresenta o caudal instant\u00e2neo e o caudal total<br \/>\nFonte de alimenta\u00e7\u00e3o: 24VDC, Sa\u00edda: 4-20mA<\/p>\n<p><strong>caracter\u00edsticas<\/strong><br \/>\n1. pontos de regula\u00e7\u00e3o ON\/OFF ajust\u00e1veis<br \/>\n2. modo de alarme de caudal alto ou baixo<br \/>\n3. tempo de atraso ajust\u00e1vel<br \/>\n4. LED de estado do rel\u00e9<\/p>","protected":false},"featured_media":3691,"comment_status":"closed","ping_status":"closed","template":"","meta":[],"product_cat":[2372],"product_tag":[],"acf":[],"_links":{"self":[{"href":"https:\/\/www.hginstrument.com\/pt\/wp-json\/wp\/v2\/product\/5392"}],"collection":[{"href":"https:\/\/www.hginstrument.com\/pt\/wp-json\/wp\/v2\/product"}],"about":[{"href":"https:\/\/www.hginstrument.com\/pt\/wp-json\/wp\/v2\/types\/product"}],"replies":[{"embeddable":true,"href":"https:\/\/www.hginstrument.com\/pt\/wp-json\/wp\/v2\/comments?post=5392"}],"wp:featuredmedia":[{"embeddable":true,"href":"https:\/\/www.hginstrument.com\/pt\/wp-json\/wp\/v2\/media\/3691"}],"wp:attachment":[{"href":"https:\/\/www.hginstrument.com\/pt\/wp-json\/wp\/v2\/media?parent=5392"}],"wp:term":[{"taxonomy":"product_cat","embeddable":true,"href":"https:\/\/www.hginstrument.com\/pt\/wp-json\/wp\/v2\/product_cat?post=5392"},{"taxonomy":"product_tag","embeddable":true,"href":"https:\/\/www.hginstrument.com\/pt\/wp-json\/wp\/v2\/product_tag?post=5392"}],"curies":[{"name":"wp","href":"https:\/\/api.w.org\/{rel}","templated":true}]}}