{"id":5422,"date":"2023-12-24T05:56:19","date_gmt":"2023-12-23T21:56:19","guid":{"rendered":"https:\/\/www.hginstrument.com\/?post_type=product&#038;p=5422"},"modified":"2024-01-04T16:36:56","modified_gmt":"2024-01-04T08:36:56","slug":"hand-held-flow-meter","status":"publish","type":"product","link":"https:\/\/www.hginstrument.com\/pt\/magnetic-flow-meter\/hand-held-flow-meter\/","title":{"rendered":"medidor de caudal port\u00e1til"},"content":{"rendered":"<p>Our hand held flow meter is a cutting-edge product that is guaranteed to provide accurate and reliable flow measurement for a wide range of industrial applications. Equipped with advanced technology and precise sensors, it ensures precise and consistent measurement of liquid and gas flow rates.<\/p>\n<p>hand held flow meter is an advanced flow measurement device designed to accurately measure and monitor the flow of various liquids and gases. With its cutting-edge technology and reliable performance, it has become the solution of choice in oil and gas, chemical processing, Food and beverage processing, water treatment and many other industries.<\/p>\n<p>Our hand held flow meter utilizes a state-of-the-art flow sensing technology that provides precise measurements with exceptional accuracy. It can accurately measure the flow rate of liquids and gases with flow rates ranging from 0.1 to 4736 m3\/h. This high level of accuracy makes it an ideal solution for critical applications that require precise flow measurement.<\/p>\n<table class=\"table table-bordered\">\n<tbody>\n<tr>\n<td><span style=\"vertical-align: inherit;\"><span style=\"vertical-align: inherit;\">Tipo\uff1a<\/span><\/span><\/td>\n<td><span style=\"vertical-align: inherit;\">medidor de caudal port\u00e1til<\/span><\/td>\n<td><span style=\"vertical-align: inherit;\"><span style=\"vertical-align: inherit;\">Sinal de sa\u00edda\uff1a<\/span><\/span><\/td>\n<td><span style=\"vertical-align: inherit;\"><span style=\"vertical-align: inherit;\">4-20 mA, Impulso\/Frequ\u00eancia 2kHz(Predefini\u00e7\u00e3o), 5KHz(M\u00e1x.)<\/span><\/span><\/td>\n<\/tr>\n<tr>\n<td><span style=\"vertical-align: inherit;\"><span style=\"vertical-align: inherit;\">Local de origem\uff1a<\/span><\/span><\/td>\n<td><span style=\"vertical-align: inherit;\"><span style=\"vertical-align: inherit;\">Jiangsu, China<\/span><\/span><\/td>\n<td><span style=\"vertical-align: inherit;\"><span style=\"vertical-align: inherit;\">Incorporar tipo\uff1a<\/span><\/span><\/td>\n<td><span style=\"vertical-align: inherit;\"><span style=\"vertical-align: inherit;\">-10\u2103- +52\u2103<\/span><\/span><\/td>\n<\/tr>\n<tr>\n<td><span style=\"vertical-align: inherit;\"><span style=\"vertical-align: inherit;\">Garantia\uff1a<\/span><\/span><\/td>\n<td><span style=\"vertical-align: inherit;\"><span style=\"vertical-align: inherit;\">14 meses<\/span><\/span><\/td>\n<td><span style=\"vertical-align: inherit;\"><span style=\"vertical-align: inherit;\">Tens\u00e3o de alimenta\u00e7\u00e3o\uff1a<\/span><\/span><\/td>\n<td><span style=\"vertical-align: inherit;\"><span style=\"vertical-align: inherit;\">110\/220VAC (100-240VAC), 50Hz\/60Hz; 24VDC\u00b110%<\/span><\/span><\/td>\n<\/tr>\n<tr>\n<td><span style=\"vertical-align: inherit;\"><span style=\"vertical-align: inherit;\">Suporte personalizado\uff1a<\/span><\/span><\/td>\n<td><span style=\"vertical-align: inherit;\"><span style=\"vertical-align: inherit;\">OEM, ODM, OBM<\/span><\/span><\/td>\n<td><span style=\"vertical-align: inherit;\"><span style=\"vertical-align: inherit;\">Comunica\u00e7\u00e3o digital\uff1a<\/span><\/span><\/td>\n<td><span style=\"vertical-align: inherit;\"><span style=\"vertical-align: inherit;\">RS-485, suporta o protocolo Modbus-RTU padr\u00e3o; GPRS<\/span><\/span><\/td>\n<\/tr>\n<tr>\n<td><span style=\"vertical-align: inherit;\"><span style=\"vertical-align: inherit;\">Nome da marca\uff1a<\/span><\/span><\/td>\n<td><span style=\"vertical-align: inherit;\"><span style=\"vertical-align: inherit;\">GRUPO SUYI<\/span><\/span><\/td>\n<td><span style=\"vertical-align: inherit;\"><span style=\"vertical-align: inherit;\">Press\u00e3o nominal\uff1a<\/span><\/span><\/td>\n<td><span style=\"vertical-align: inherit;\"><span style=\"vertical-align: inherit;\">1MPa (DN15-DN800), 1,6MPa (DN15-DN800), 2,5MPa (DN15-DN600)<\/span><\/span><\/td>\n<\/tr>\n<tr>\n<td><span style=\"vertical-align: inherit;\"><span style=\"vertical-align: inherit;\">N\u00famero do modelo\uff1a<\/span><\/span><\/td>\n<td><span style=\"vertical-align: inherit;\"><span style=\"vertical-align: inherit;\">outros<\/span><\/span><\/td>\n<td><span style=\"vertical-align: inherit;\"><span style=\"vertical-align: inherit;\">Sensor\uff1a<\/span><\/span><\/td>\n<td><span style=\"vertical-align: inherit;\"><span style=\"vertical-align: inherit;\">0\u2103- +80\u2103 ou -25\u2103- +120\u2103 ou +70\u2103- +250\u2103<\/span><\/span><\/td>\n<\/tr>\n<tr>\n<td><span style=\"vertical-align: inherit;\"><span style=\"vertical-align: inherit;\">Nome do produto\uff1a<\/span><\/span><\/td>\n<td><span style=\"vertical-align: inherit;\"><span style=\"vertical-align: inherit;\">Medidor de caudal de \u00e1gua qu\u00edmica digital inteligente eletromagn\u00e9tico<\/span><\/span><\/td>\n<td><span style=\"vertical-align: inherit;\"><span style=\"vertical-align: inherit;\">Detalhes da embalagem\uff1a<\/span><\/span><\/td>\n<td><span style=\"vertical-align: inherit;\"><span style=\"vertical-align: inherit;\">1 conjunto por embalagem ou conforme o pedido do cliente<\/span><\/span><\/td>\n<\/tr>\n<tr>\n<td><span style=\"vertical-align: inherit;\"><span style=\"vertical-align: inherit;\">Di\u00e2metro nominal\uff1a<\/span><\/span><\/td>\n<td><span style=\"vertical-align: inherit;\"><span style=\"vertical-align: inherit;\">3-3340mm<\/span><\/span><\/td>\n<td><span style=\"vertical-align: inherit;\"><span style=\"vertical-align: inherit;\">Capacidade de fornecimento\uff1a<\/span><\/span><\/td>\n<td><span style=\"vertical-align: inherit;\"><span style=\"vertical-align: inherit;\">2021 Set\/Sets per Month<\/span><\/span><\/td>\n<\/tr>\n<tr>\n<td><span style=\"vertical-align: inherit;\"><span style=\"vertical-align: inherit;\">gama de velocidades\uff1a<\/span><\/span><\/td>\n<td><span style=\"vertical-align: inherit;\"><span style=\"vertical-align: inherit;\">0-7m\/s<\/span><\/span><\/td>\n<td><span style=\"vertical-align: inherit;\"><span style=\"vertical-align: inherit;\">Quantidade (conjuntos)\uff1a<\/span><\/span><\/td>\n<td><span style=\"vertical-align: inherit;\"><span style=\"vertical-align: inherit;\">&gt; 30<\/span><\/span><\/td>\n<\/tr>\n<tr>\n<td><span style=\"vertical-align: inherit;\"><span style=\"vertical-align: inherit;\">Grau de precis\u00e3o\uff1a<\/span><\/span><\/td>\n<td><span style=\"vertical-align: inherit;\"><span style=\"vertical-align: inherit;\">\u00b10,5%R, \u00b11%R ( &lt; DN20)<\/span><\/span><\/td>\n<td><span style=\"vertical-align: inherit;\"><span style=\"vertical-align: inherit;\">Prazo de execu\u00e7\u00e3o (dias)\uff1a<\/span><\/span><\/td>\n<td><span style=\"vertical-align: inherit;\"><span style=\"vertical-align: inherit;\">A ser negociado<\/span><\/span><\/td>\n<\/tr>\n<\/tbody>\n<\/table>\n<p>&nbsp;<\/p>\n<p>&nbsp;<\/p>\n<p style=\"text-align: center;\"><img title=\"medidor de caudal port\u00e1til\" src=\"https:\/\/www.hginstrument.com\/wp-content\/uploads\/2021\/07\/in-line-pipeline-type-hgd-electromagnetic-flow-meter.jpg\" \/><\/p>\n<p>&nbsp;<\/p>\n<p>&nbsp;<\/p>\n<p style=\"text-align: center;\"><img title=\"medidor de caudal port\u00e1til\" src=\"https:\/\/www.hginstrument.com\/wp-content\/uploads\/2021\/07\/insertion-01.jpg\" \/><\/p>\n<p>&nbsp;<\/p>\n<p>&nbsp;<\/p>\n<p style=\"text-align: center;\"><img title=\"medidor de caudal port\u00e1til\" src=\"https:\/\/www.hginstrument.com\/wp-content\/uploads\/2021\/07\/sanitary-mag-1.jpg\" \/><\/p>\n<p><strong>hand held flow meter FAQs Guide.<\/strong><\/p>\n<p>At the heart of our hand held flow meter series lies a commitment to excellence, blending advanced sensor technology with user-friendly interfaces. From liquid to gas, our meters deliver unparalleled accuracy, empowering you to make informed decisions and streamline operations. As we usher in a new era of fluid measurement, we invite you to explore the limitless possibilities that our hand held flow meters unlock \u2013 where precision meets performance, and innovation flows seamlessly.<\/p>\n<div style=\"border: 3px solid #f89900; margin: 20px 0; padding: 20px;\"><a href=\"\/pt\/hand-held-flow-meter\/#01\">1.About hand held flow meter technology<\/a><br \/>\n<a href=\"\/pt\/hand-held-flow-meter\/#02\">2.About the scale of hand held flow meter factory<\/a><br \/>\n<a href=\"\/pt\/hand-held-flow-meter\/#03\">3.What is the main principle of hand held flow meter?<\/a><br \/>\n<a href=\"\/pt\/hand-held-flow-meter\/#04\">4.What is the difference between hand held flow meter SUYI group vs hand held flow meter Yokogawa vs hand held flow meter ABB<\/a><br \/>\n<a href=\"\/pt\/hand-held-flow-meter\/#05\">5.What are the requirements for the specific installation location of the hand held flow meter?<\/a><br \/>\n<a href=\"\/pt\/hand-held-flow-meter\/#06\">6.What is the measuring range of hand held flow meter?<\/a><br \/>\n<a href=\"\/pt\/hand-held-flow-meter\/#07\">7.About hand held flow meter inventory<\/a><br \/>\n<a href=\"\/pt\/hand-held-flow-meter\/#08\">8.How accurate is the hand held flow meter?<\/a><br \/>\n<a href=\"\/pt\/hand-held-flow-meter\/#09\">9.About hand held flow meter patent<\/a><br \/>\n<a href=\"\/pt\/hand-held-flow-meter\/#010\">10.What is the explosion-proof rating of hand held flow meter?<\/a><br \/>\n<a href=\"\/pt\/hand-held-flow-meter\/#11\">11.About hand held flow meter warranty<\/a><br \/>\n<a href=\"\/pt\/hand-held-flow-meter\/#12\">12.Is the measuring unit of the hand held flow meter replaceable?<\/a><br \/>\n<a href=\"\/pt\/hand-held-flow-meter\/#13\">13.What are the common types of hand held flow meters?<\/a><br \/>\n<a href=\"\/pt\/hand-held-flow-meter\/#14\">14.About hand held flow meter production management system<\/a><br \/>\n<a href=\"\/pt\/hand-held-flow-meter\/#15\">15.What are the characteristics of hand held flow meter?<\/a><\/div>\n<div id=\"01\">\n<p><strong>1.About hand held flow meter technology<\/strong><\/p>\n<p>A tecnologia de medidores de caudal \u00e9 um tipo de tecnologia de medi\u00e7\u00e3o utilizada para medir o caudal de um fluido ou g\u00e1s. \u00c9 utilizada numa variedade de ind\u00fastrias, incluindo petr\u00f3leo e g\u00e1s, \u00e1gua e \u00e1guas residuais, e processamento qu\u00edmico. Os medidores de caudal medem o caudal de um fluido ou g\u00e1s atrav\u00e9s da medi\u00e7\u00e3o da press\u00e3o, velocidade ou outras propriedades f\u00edsicas do fluido ou g\u00e1s. Os medidores de caudal podem ser utilizados para medir o caudal de l\u00edquidos, gases e vapor. S\u00e3o utilizados para medir o caudal de uma variedade de fluidos, incluindo \u00e1gua, \u00f3leo e produtos qu\u00edmicos. Os medidores de caudal s\u00e3o utilizados numa variedade de aplica\u00e7\u00f5es, incluindo o controlo de processos, a gest\u00e3o de energia e a monitoriza\u00e7\u00e3o da seguran\u00e7a.<\/p>\n<\/div>\n<div id=\"02\">\n<p><strong>2.About the scale of hand held flow meter factory<\/strong><\/p>\n<p>As f\u00e1bricas de medidores de caudal variam em tamanho e \u00e2mbito, dependendo do tipo de medidores de caudal que produzem. Algumas f\u00e1bricas podem especializar-se na produ\u00e7\u00e3o de um \u00fanico tipo de medidor de caudal, enquanto outras podem produzir uma variedade de tipos diferentes. Algumas f\u00e1bricas podem ser grandes, com centenas de empregados, enquanto outras podem ser pequenas, com apenas alguns empregados. A dimens\u00e3o da f\u00e1brica tamb\u00e9m depender\u00e1 do tipo de caudal\u00edmetros que produz, bem como da procura desses caudal\u00edmetros.<\/p>\n<\/div>\n<div id=\"03\">\n<p><strong>3.What is the main principle of hand held flow meter?<\/strong><\/p>\n<p>Our hand held flow meter products undergo strict quality control to ensure customer satisfaction.<br \/>\nO princ\u00edpio principal de um medidor de caudal \u00e9 medir o caudal de um fluido ou g\u00e1s atrav\u00e9s de um tubo ou outro recipiente. Normalmente, isto \u00e9 feito medindo a queda de press\u00e3o atrav\u00e9s de uma restri\u00e7\u00e3o conhecida no tubo, ou medindo a velocidade do fluido ou g\u00e1s \u00e0 medida que passa pelo tubo.<\/p>\n<\/div>\n<div id=\"04\">\n<p><strong>4.What is the difference between hand held flow meter SUYI group vs hand held flow meter Yokogawa vs hand held flow meter ABB<\/strong><\/p>\n<p>Os medidores de caudal do Grupo SUYI, Yokogawa e ABB medem todos o caudal de um fluido, mas diferem em termos de precis\u00e3o, caracter\u00edsticas e custo. Os medidores de caudal do Grupo SUYI s\u00e3o normalmente mais acess\u00edveis do que os medidores de caudal da Yokogawa e da ABB, mas podem n\u00e3o ter tantas caracter\u00edsticas ou uma precis\u00e3o t\u00e3o elevada. Os caudal\u00edmetros Yokogawa s\u00e3o conhecidos pela sua precis\u00e3o e fiabilidade, mas tendem a ser mais caros do que os caudal\u00edmetros do Grupo SUYI e da ABB. Os caudal\u00edmetros ABB s\u00e3o conhecidos pela sua robustez e durabilidade, mas tamb\u00e9m s\u00e3o mais caros do que as outras duas marcas.<\/p>\n<p><img style=\"max-width: 100%;\" title=\"What is the difference between hand held flow meter SUYI group vs hand held flow meter Yokogawa vs hand held flow meter ABB\" src=\"https:\/\/www.hginstrument.com\/wp-content\/uploads\/2021\/07\/wall-mount-1f.jpg\" alt=\"What is the difference between hand held flow meter SUYI group vs hand held flow meter Yokogawa vs hand held flow meter ABB\" \/><\/p>\n<\/div>\n<div id=\"05\">\n<p><strong>5.What are the requirements for the specific installation location of the hand held flow meter?<\/strong><\/p>\n<p>We operate our hand held flow meter business with integrity and honesty.<br \/>\n1. O medidor de caudal deve ser instalado num local isento de vibra\u00e7\u00f5es, choques e outras for\u00e7as externas.<\/p>\n<p>2. O medidor de caudal deve ser instalado num local isento de gases corrosivos, l\u00edquidos e outros contaminantes.<\/p>\n<p>3. O medidor de caudal deve ser instalado num local acess\u00edvel para manuten\u00e7\u00e3o e calibra\u00e7\u00e3o.<\/p>\n<p>4. O medidor de caudal deve ser instalado num local isento de temperaturas e humidade extremas.<\/p>\n<p>5. O medidor de caudal deve ser instalado num local isento de interfer\u00eancias el\u00e9ctricas.<\/p>\n<\/div>\n<div id=\"06\">\n<p><strong>6.What is the measuring range of hand held flow meter?<\/strong><\/p>\n<p>We continuously upgrade our skills and knowledge to adapt to changing hand held flow meter market needs.<br \/>\nA gama de medi\u00e7\u00e3o de um medidor de caudal depende do tipo de medidor de caudal utilizado. Geralmente, a gama de medi\u00e7\u00e3o de um medidor de caudal pode variar entre 0,01 e 1000 litros por minuto.<\/p>\n<\/div>\n<div id=\"07\">\n<p><strong>7.About hand held flow meter inventory<\/strong><\/p>\n<p>O invent\u00e1rio de caudal\u00edmetros \u00e9 um sistema utilizado para controlar e gerir os caudal\u00edmetros utilizados em aplica\u00e7\u00f5es industriais e comerciais. \u00c9 utilizado para monitorizar o desempenho dos medidores de caudal, bem como para garantir que s\u00e3o devidamente mantidos e calibrados. O sistema de invent\u00e1rio tamb\u00e9m pode ser utilizado para controlar o custo dos medidores de caudal, bem como para identificar quaisquer problemas ou quest\u00f5es potenciais com os medidores de caudal.<\/p>\n<\/div>\n<div id=\"08\">\n<p><strong>8.How accurate is the hand held flow meter?<\/strong><\/p>\n<p>We are a professional hand held flow meter company dedicated to providing high quality products and services.<br \/>\nA precis\u00e3o de um medidor de caudal depende do tipo de medidor de caudal utilizado. Geralmente, a maioria dos medidores de caudal tem uma precis\u00e3o de 1-2% do caudal real. No entanto, alguns medidores de caudal podem ser mais precisos do que isso, dependendo do tipo e da qualidade do medidor.<\/p>\n<p><img style=\"max-width: 100%;\" title=\"How accurate is the hand held flow meter?\" src=\"https:\/\/www.hginstrument.com\/wp-content\/uploads\/2021\/07\/hg-50-7.jpg\" alt=\"How accurate is the hand held flow meter?\" \/><\/p>\n<\/div>\n<div id=\"09\">\n<p><strong>9.About hand held flow meter patent<\/strong><\/p>\n<p>As patentes de caudal\u00edmetros s\u00e3o patentes que abrangem a conce\u00e7\u00e3o e o funcionamento de caudal\u00edmetros. Os medidores de caudal s\u00e3o dispositivos utilizados para medir o caudal de um l\u00edquido ou g\u00e1s. Os medidores de caudal s\u00e3o utilizados numa variedade de ind\u00fastrias, incluindo o tratamento de \u00e1gua e de \u00e1guas residuais, petr\u00f3leo e g\u00e1s e processamento qu\u00edmico. Os medidores de caudal s\u00e3o utilizados para medir o caudal de um fluido, o volume total de um fluido e a press\u00e3o de um fluido. Os medidores de caudal podem ser mec\u00e2nicos, el\u00e9ctricos ou \u00f3pticos. Os medidores de caudal podem ser utilizados para medir o caudal de l\u00edquidos, gases e vapor.<\/p>\n<\/div>\n<div id=\"010\">\n<p><strong>10.What is the explosion-proof rating of hand held flow meter?<\/strong><\/p>\n<p>Our hand held flow meter products undergo strict quality control to ensure customer satisfaction.<br \/>\nAs classifica\u00e7\u00f5es \u00e0 prova de explos\u00e3o para medidores de caudal variam consoante o tipo de medidor e a aplica\u00e7\u00e3o. Geralmente, os caudal\u00edmetros s\u00e3o classificados para a Classe I, Divis\u00e3o 1, Grupos C e D, ou Classe II, Divis\u00e3o 1, Grupos E, F e G.<\/p>\n<\/div>\n<div id=\"11\">\n<p><strong>11.About hand held flow meter warranty<\/strong><\/p>\n<p>As garantias dos caudal\u00edmetros variam consoante o fabricante e o tipo de caudal\u00edmetro. Geralmente, as garantias cobrem defeitos de materiais e de fabrico, e podem tamb\u00e9m cobrir certos tipos de danos causados pela utiliza\u00e7\u00e3o normal. Algumas garantias podem tamb\u00e9m cobrir danos causados por instala\u00e7\u00e3o ou utiliza\u00e7\u00e3o incorrecta. \u00c9 importante ler as informa\u00e7\u00f5es de garantia fornecidas pelo fabricante para entender a cobertura espec\u00edfica e as limita\u00e7\u00f5es da garantia.<\/p>\n<\/div>\n<div id=\"12\">\n<p><strong>12.Is the measuring unit of the hand held flow meter replaceable?<\/strong><\/p>\n<p>As one of the top hand held flow meter manufacturers in China, we take this very seriously.<br \/>\nSim, a unidade de medi\u00e7\u00e3o de um medidor de caudal \u00e9 substitu\u00edvel.<\/p>\n<p><img style=\"max-width: 100%;\" title=\"Is the measuring unit of the hand held flow meter replaceable?\" src=\"https:\/\/www.hginstrument.com\/wp-content\/uploads\/2021\/07\/hls-2000p-z1.jpg\" alt=\"Is the measuring unit of the hand held flow meter replaceable?\" \/><\/p>\n<\/div>\n<div id=\"13\">\n<p><strong>13.What are the common types of hand held flow meters?<\/strong><\/p>\n<p>Our mission is to provide customers with the best solutions for hand held flow meter.<br \/>\n1. Medidores de caudal de press\u00e3o diferencial<br \/>\n2. Medidores de caudal de deslocamento positivo<br \/>\n3. Medidores de caudal de turbina<br \/>\n4. Medidores de caudal magn\u00e9ticos<br \/>\n5. Medidores de caudal ultra-s\u00f3nicos<br \/>\n6. Medidores de caudal Coriolis<br \/>\n7. Medidores de caudal de v\u00f3rtice<br \/>\n8. Medidores de caudal alvo<br \/>\n9. Medidores de caudal de \u00e1rea vari\u00e1vel<br \/>\n10. Medidores de caudal m\u00e1ssico<\/p>\n<\/div>\n<div id=\"14\">\n<p><strong>14.About hand held flow meter production management system<\/strong><\/p>\n<p>Um sistema de gest\u00e3o da produ\u00e7\u00e3o de caudal\u00edmetros \u00e9 uma solu\u00e7\u00e3o de software concebida para ajudar os fabricantes a gerir a produ\u00e7\u00e3o de caudal\u00edmetros. O sistema pode ser utilizado para acompanhar o processo de produ\u00e7\u00e3o do in\u00edcio ao fim, incluindo a encomenda de mat\u00e9rias-primas, a montagem de componentes e o teste e calibra\u00e7\u00e3o do produto acabado. O sistema tamb\u00e9m pode ser utilizado para monitorizar a qualidade do processo de produ\u00e7\u00e3o, garantindo que os medidores de caudal cumprem as normas exigidas. Al\u00e9m disso, o sistema pode ser utilizado para gerar relat\u00f3rios e analisar dados para ajudar os fabricantes a melhorar os seus processos de produ\u00e7\u00e3o.<\/p>\n<\/div>\n<div id=\"15\">\n<p><strong>15.What are the characteristics of hand held flow meter?<\/strong><\/p>\n<p>Estabelecemos parcerias est\u00e1veis e de longo prazo com os nossos fornecedores, pelo que temos grandes vantagens em termos de pre\u00e7o, custo e garantia de qualidade.<br \/>\n1. Precis\u00e3o: Os medidores de caudal devem ser capazes de medir com precis\u00e3o o caudal de um fluido.<\/p>\n<p>2. Gama: Os medidores de caudal devem ser capazes de medir uma vasta gama de caudais.<\/p>\n<p>3. Repetibilidade: Os medidores de caudal devem ser capazes de medir consistentemente o mesmo caudal ao longo do tempo.<\/p>\n<p>4. Tempo de resposta: Os medidores de caudal devem ser capazes de responder rapidamente a altera\u00e7\u00f5es no caudal.<\/p>\n<p>5. Durabilidade: Os caudal\u00edmetros devem ser capazes de suportar as condi\u00e7\u00f5es adversas do ambiente em que s\u00e3o utilizados.<\/p>\n<p>6. Custo: Os caudal\u00edmetros devem ser econ\u00f3micos para a aplica\u00e7\u00e3o.<\/p>\n<\/div>\n<p>&nbsp;<\/p>\n<p>Etiqueta\uff1a<a href=\"\/pt\/magnetic-flow-meter\/digital-water-flow-meter-gpm\/\">caudal\u00edmetro digital de \u00e1gua gpm<\/a>,<a href=\"\/pt\/magnetic-flow-meter\/explosion-proof-flow-meter\/\">explosion proof flow meter<\/a>,<a href=\"\/pt\/magnetic-flow-meter\/helium-gas-flow-meter\/\">medidor de caudal de g\u00e1s h\u00e9lio<\/a>,<a href=\"\/pt\/magnetic-flow-meter\/handheld-ultrasonic-flow-meter\/\">medidor de caudal ultrass\u00f3nico port\u00e1til<\/a><\/p>\n<p>&nbsp;<\/p>","protected":false},"excerpt":{"rendered":"<p><strong>Dados t\u00e9cnicos<\/strong><br \/>\nPode servir fluidos l\u00edquidos ou gasosos, sendo normalmente utilizado para medir o caudal de vapor, vapor, ar e g\u00e1s natural.<br \/>\nTamanho do contador: Tipo em linha: DN25 - DN300<br \/>\nOp\u00e7\u00e3o de material h\u00famido: SS304, SS316<br \/>\nTemperatura de funcionamento: \u2264250\u2103<br \/>\nLiga\u00e7\u00e3o ao processo: Wafer \/ Flange \/ Tri-clamp para o tipo In-line<br \/>\nPrecis\u00e3o de medi\u00e7\u00e3o: 1,0 % - 1,5% do intervalo de calibra\u00e7\u00e3o<br \/>\nIndicador digital: apresenta o caudal instant\u00e2neo e o caudal total<br \/>\nFonte de alimenta\u00e7\u00e3o: 24VDC, Sa\u00edda: 4-20mA<\/p>\n<p><strong>caracter\u00edsticas<\/strong><br \/>\n1. pontos de regula\u00e7\u00e3o ON\/OFF ajust\u00e1veis<br \/>\n2. modo de alarme de caudal alto ou baixo<br \/>\n3. tempo de atraso ajust\u00e1vel<br \/>\n4. LED de estado do rel\u00e9<\/p>","protected":false},"featured_media":3691,"comment_status":"closed","ping_status":"closed","template":"","meta":[],"product_cat":[2372],"product_tag":[],"acf":[],"_links":{"self":[{"href":"https:\/\/www.hginstrument.com\/pt\/wp-json\/wp\/v2\/product\/5422"}],"collection":[{"href":"https:\/\/www.hginstrument.com\/pt\/wp-json\/wp\/v2\/product"}],"about":[{"href":"https:\/\/www.hginstrument.com\/pt\/wp-json\/wp\/v2\/types\/product"}],"replies":[{"embeddable":true,"href":"https:\/\/www.hginstrument.com\/pt\/wp-json\/wp\/v2\/comments?post=5422"}],"wp:featuredmedia":[{"embeddable":true,"href":"https:\/\/www.hginstrument.com\/pt\/wp-json\/wp\/v2\/media\/3691"}],"wp:attachment":[{"href":"https:\/\/www.hginstrument.com\/pt\/wp-json\/wp\/v2\/media?parent=5422"}],"wp:term":[{"taxonomy":"product_cat","embeddable":true,"href":"https:\/\/www.hginstrument.com\/pt\/wp-json\/wp\/v2\/product_cat?post=5422"},{"taxonomy":"product_tag","embeddable":true,"href":"https:\/\/www.hginstrument.com\/pt\/wp-json\/wp\/v2\/product_tag?post=5422"}],"curies":[{"name":"wp","href":"https:\/\/api.w.org\/{rel}","templated":true}]}}