{"id":5477,"date":"2023-12-24T07:58:25","date_gmt":"2023-12-23T23:58:25","guid":{"rendered":"https:\/\/www.hginstrument.com\/?post_type=product&#038;p=5477"},"modified":"2024-01-03T13:53:53","modified_gmt":"2024-01-03T05:53:53","slug":"hvac-air-flow-meter","status":"publish","type":"product","link":"https:\/\/www.hginstrument.com\/pt\/magnetic-flow-meter\/hvac-air-flow-meter\/","title":{"rendered":"medidor de caudal de ar para AVAC"},"content":{"rendered":"<p>O medidor de caudal de ar para AVAC \u00e9 um dispositivo altamente fi\u00e1vel e preciso utilizado para medir o caudal de l\u00edquidos e gases em v\u00e1rias aplica\u00e7\u00f5es industriais e comerciais. Foi concebido com tecnologia avan\u00e7ada e componentes de alta qualidade, o que o torna dur\u00e1vel e resistente a factores externos, como altera\u00e7\u00f5es de temperatura e press\u00e3o.<\/p>\n<p>No cora\u00e7\u00e3o do medidor de caudal de ar para AVAC est\u00e1 a tecnologia que mede e regista o caudal, fornecendo leituras precisas e fi\u00e1veis. Existem diferentes tipos de medidores de caudal de ar para AVAC, incluindo magn\u00e9ticos, ultra-s\u00f3nicos, medidores de caudal m\u00e1ssico, Coriolis e turbinas, cada um concebido para aplica\u00e7\u00f5es e tipos de fluidos espec\u00edficos.<\/p>\n<p>Um dos medidores de caudal de ar para AVAC mais avan\u00e7ados e amplamente utilizados \u00e9 o medidor de caudal de ar para AVAC eletromagn\u00e9tico. Funciona com base na lei de Faraday da indu\u00e7\u00e3o electromagn\u00e9tica e \u00e9 capaz de medir o caudal de fluidos condutores com uma precis\u00e3o e repetibilidade incr\u00edveis. \u00c9 adequado para utiliza\u00e7\u00e3o com uma variedade de fluidos, incluindo \u00e1gua, produtos qu\u00edmicos, aplica\u00e7\u00f5es mar\u00edtimas e lama.<\/p>\n<table class=\"table table-bordered\">\n<tbody>\n<tr>\n<td><span style=\"vertical-align: inherit;\"><span style=\"vertical-align: inherit;\">Tipo\uff1a<\/span><\/span><\/td>\n<td><span style=\"vertical-align: inherit;\">medidor de caudal de ar para AVAC<\/span><\/td>\n<td><span style=\"vertical-align: inherit;\"><span style=\"vertical-align: inherit;\">Sinal de sa\u00edda\uff1a<\/span><\/span><\/td>\n<td><span style=\"vertical-align: inherit;\"><span style=\"vertical-align: inherit;\">4-20 mA, Impulso\/Frequ\u00eancia 2kHz(Predefini\u00e7\u00e3o), 5KHz(M\u00e1x.)<\/span><\/span><\/td>\n<\/tr>\n<tr>\n<td><span style=\"vertical-align: inherit;\"><span style=\"vertical-align: inherit;\">Local de origem\uff1a<\/span><\/span><\/td>\n<td><span style=\"vertical-align: inherit;\"><span style=\"vertical-align: inherit;\">Jiangsu, China<\/span><\/span><\/td>\n<td><span style=\"vertical-align: inherit;\"><span style=\"vertical-align: inherit;\">Incorporar tipo\uff1a<\/span><\/span><\/td>\n<td><span style=\"vertical-align: inherit;\"><span style=\"vertical-align: inherit;\">-10\u2103- +56\u2103<\/span><\/span><\/td>\n<\/tr>\n<tr>\n<td><span style=\"vertical-align: inherit;\"><span style=\"vertical-align: inherit;\">Garantia\uff1a<\/span><\/span><\/td>\n<td><span style=\"vertical-align: inherit;\"><span style=\"vertical-align: inherit;\">28 meses<\/span><\/span><\/td>\n<td><span style=\"vertical-align: inherit;\"><span style=\"vertical-align: inherit;\">Tens\u00e3o de alimenta\u00e7\u00e3o\uff1a<\/span><\/span><\/td>\n<td><span style=\"vertical-align: inherit;\"><span style=\"vertical-align: inherit;\">110\/220VAC (100-240VAC), 50Hz\/60Hz; 24VDC\u00b110%<\/span><\/span><\/td>\n<\/tr>\n<tr>\n<td><span style=\"vertical-align: inherit;\"><span style=\"vertical-align: inherit;\">Suporte personalizado\uff1a<\/span><\/span><\/td>\n<td><span style=\"vertical-align: inherit;\"><span style=\"vertical-align: inherit;\">OEM, ODM, OBM<\/span><\/span><\/td>\n<td><span style=\"vertical-align: inherit;\"><span style=\"vertical-align: inherit;\">Comunica\u00e7\u00e3o digital\uff1a<\/span><\/span><\/td>\n<td><span style=\"vertical-align: inherit;\"><span style=\"vertical-align: inherit;\">RS-485, suporta o protocolo Modbus-RTU padr\u00e3o; GPRS<\/span><\/span><\/td>\n<\/tr>\n<tr>\n<td><span style=\"vertical-align: inherit;\"><span style=\"vertical-align: inherit;\">Nome da marca\uff1a<\/span><\/span><\/td>\n<td><span style=\"vertical-align: inherit;\"><span style=\"vertical-align: inherit;\">GRUPO SUYI<\/span><\/span><\/td>\n<td><span style=\"vertical-align: inherit;\"><span style=\"vertical-align: inherit;\">Press\u00e3o nominal\uff1a<\/span><\/span><\/td>\n<td><span style=\"vertical-align: inherit;\"><span style=\"vertical-align: inherit;\">1MPa (DN15-DN800), 1,6MPa (DN15-DN800), 2,5MPa (DN15-DN600)<\/span><\/span><\/td>\n<\/tr>\n<tr>\n<td><span style=\"vertical-align: inherit;\"><span style=\"vertical-align: inherit;\">N\u00famero do modelo\uff1a<\/span><\/span><\/td>\n<td><span style=\"vertical-align: inherit;\"><span style=\"vertical-align: inherit;\">outros<\/span><\/span><\/td>\n<td><span style=\"vertical-align: inherit;\"><span style=\"vertical-align: inherit;\">Sensor\uff1a<\/span><\/span><\/td>\n<td><span style=\"vertical-align: inherit;\"><span style=\"vertical-align: inherit;\">0\u2103- +80\u2103 ou -25\u2103- +120\u2103 ou +70\u2103- +250\u2103<\/span><\/span><\/td>\n<\/tr>\n<tr>\n<td><span style=\"vertical-align: inherit;\"><span style=\"vertical-align: inherit;\">Nome do produto\uff1a<\/span><\/span><\/td>\n<td><span style=\"vertical-align: inherit;\"><span style=\"vertical-align: inherit;\">Medidor de caudal de \u00e1gua qu\u00edmica digital inteligente eletromagn\u00e9tico<\/span><\/span><\/td>\n<td><span style=\"vertical-align: inherit;\"><span style=\"vertical-align: inherit;\">Detalhes da embalagem\uff1a<\/span><\/span><\/td>\n<td><span style=\"vertical-align: inherit;\"><span style=\"vertical-align: inherit;\">1 conjunto por embalagem ou conforme o pedido do cliente<\/span><\/span><\/td>\n<\/tr>\n<tr>\n<td><span style=\"vertical-align: inherit;\"><span style=\"vertical-align: inherit;\">Di\u00e2metro nominal\uff1a<\/span><\/span><\/td>\n<td><span style=\"vertical-align: inherit;\"><span style=\"vertical-align: inherit;\">3-3460mm<\/span><\/span><\/td>\n<td><span style=\"vertical-align: inherit;\"><span style=\"vertical-align: inherit;\">Capacidade de fornecimento\uff1a<\/span><\/span><\/td>\n<td><span style=\"vertical-align: inherit;\"><span style=\"vertical-align: inherit;\">2256 conjuntos\/conjuntos por m\u00eas<\/span><\/span><\/td>\n<\/tr>\n<tr>\n<td><span style=\"vertical-align: inherit;\"><span style=\"vertical-align: inherit;\">gama de velocidades\uff1a<\/span><\/span><\/td>\n<td><span style=\"vertical-align: inherit;\"><span style=\"vertical-align: inherit;\">0-9m\/s<\/span><\/span><\/td>\n<td><span style=\"vertical-align: inherit;\"><span style=\"vertical-align: inherit;\">Quantidade (conjuntos)\uff1a<\/span><\/span><\/td>\n<td><span style=\"vertical-align: inherit;\"><span style=\"vertical-align: inherit;\">&gt; 1<\/span><\/span><\/td>\n<\/tr>\n<tr>\n<td><span style=\"vertical-align: inherit;\"><span style=\"vertical-align: inherit;\">Grau de precis\u00e3o\uff1a<\/span><\/span><\/td>\n<td><span style=\"vertical-align: inherit;\"><span style=\"vertical-align: inherit;\">\u00b10,5%R, \u00b11%R ( &lt; DN20)<\/span><\/span><\/td>\n<td><span style=\"vertical-align: inherit;\"><span style=\"vertical-align: inherit;\">Prazo de execu\u00e7\u00e3o (dias)\uff1a<\/span><\/span><\/td>\n<td><span style=\"vertical-align: inherit;\"><span style=\"vertical-align: inherit;\">A ser negociado<\/span><\/span><\/td>\n<\/tr>\n<\/tbody>\n<\/table>\n<p>&nbsp;<\/p>\n<p>&nbsp;<\/p>\n<p style=\"text-align: center;\"><img title=\"medidor de caudal de ar para AVAC\" src=\"https:\/\/www.hginstrument.com\/wp-content\/uploads\/2021\/07\/in-line-pipeline-type-hgd-electromagnetic-flow-meter.jpg\" \/><\/p>\n<p>&nbsp;<\/p>\n<p>&nbsp;<\/p>\n<p style=\"text-align: center;\"><img title=\"medidor de caudal de ar para AVAC\" src=\"https:\/\/www.hginstrument.com\/wp-content\/uploads\/2021\/07\/insertion-01.jpg\" \/><\/p>\n<p>&nbsp;<\/p>\n<p>&nbsp;<\/p>\n<p style=\"text-align: center;\"><img title=\"medidor de caudal de ar para AVAC\" src=\"https:\/\/www.hginstrument.com\/wp-content\/uploads\/2021\/07\/sanitary-mag-1.jpg\" \/><\/p>\n<p><strong>Guia de perguntas frequentes sobre caudal\u00edmetros de ar para AVAC.<\/strong><\/p>\n<p>No cora\u00e7\u00e3o da nossa s\u00e9rie de caudal\u00edmetros de ar para AVAC est\u00e1 um compromisso com a excel\u00eancia, combinando tecnologia avan\u00e7ada de sensores com interfaces de f\u00e1cil utiliza\u00e7\u00e3o. Do l\u00edquido ao g\u00e1s, os nossos medidores proporcionam uma precis\u00e3o sem paralelo, permitindo-lhe tomar decis\u00f5es informadas e otimizar as opera\u00e7\u00f5es. \u00c0 medida que iniciamos uma nova era de medi\u00e7\u00e3o de fluidos, convidamo-lo a explorar as possibilidades ilimitadas que os nossos caudal\u00edmetros de ar para instala\u00e7\u00f5es hvac oferecem - onde a precis\u00e3o se encontra com o desempenho e a inova\u00e7\u00e3o flui sem problemas.<\/p>\n<div style=\"border: 3px solid #f89900; margin: 20px 0; padding: 20px;\"><a href=\"\/pt\/hvac-air-flow-meter\/#01\">1. a unidade de medi\u00e7\u00e3o do medidor de caudal de ar para AVAC \u00e9 substitu\u00edvel?<\/a><br \/>\n<a href=\"\/pt\/hvac-air-flow-meter\/#02\">2. o medidor de caudal de ar para AVAC tem uma fun\u00e7\u00e3o de limpeza autom\u00e1tica?<\/a><br \/>\n<a href=\"\/pt\/hvac-air-flow-meter\/#03\">3. como \u00e9 que o caudal\u00edmetro de ar AVAC detecta as propriedades do fluido alvo?<\/a><br \/>\n<a href=\"\/pt\/hvac-air-flow-meter\/#04\">4. qual \u00e9 a classifica\u00e7\u00e3o \u00e0 prova de explos\u00e3o do medidor de fluxo de ar hvac?<\/a><br \/>\n<a href=\"\/pt\/hvac-air-flow-meter\/#05\">5. quais s\u00e3o os m\u00e9todos de instala\u00e7\u00e3o do medidor de fluxo de ar hvac?<\/a><br \/>\n<a href=\"\/pt\/hvac-air-flow-meter\/#06\">6.Sobre os servi\u00e7os de personaliza\u00e7\u00e3o de caudal\u00edmetros de ar para AVAC<\/a><br \/>\n<a href=\"\/pt\/hvac-air-flow-meter\/#07\">7.Sobre o sistema de gest\u00e3o da produ\u00e7\u00e3o de caudal\u00edmetros de ar para AVAC<\/a><br \/>\n<a href=\"\/pt\/hvac-air-flow-meter\/#08\">8. o medidor de caudal de ar para AVAC tem uma fun\u00e7\u00e3o de alarme autom\u00e1tico?<\/a><br \/>\n<a href=\"\/pt\/hvac-air-flow-meter\/#09\">9.Os resultados das medi\u00e7\u00f5es dos caudal\u00edmetros de ar para AVAC s\u00e3o rastre\u00e1veis?<\/a><br \/>\n<a href=\"\/pt\/hvac-air-flow-meter\/#010\">10.Sobre as mat\u00e9rias-primas do caudal\u00edmetro de ar para AVAC<\/a><br \/>\n<a href=\"\/pt\/hvac-air-flow-meter\/#11\">11. como \u00e9 que um medidor de caudal de ar para AVAC mede o caudal?<\/a><br \/>\n<a href=\"\/pt\/hvac-air-flow-meter\/#12\">12.Os resultados das medi\u00e7\u00f5es do medidor de caudal de ar para AVAC podem ser emitidos e registados remotamente?<\/a><br \/>\n<a href=\"\/pt\/hvac-air-flow-meter\/#13\">13.About hvac air flow meter origin<\/a><br \/>\n<a href=\"\/pt\/hvac-air-flow-meter\/#14\">14.Sobre o invent\u00e1rio de caudal\u00edmetros de ar para AVAC<\/a><br \/>\n<a href=\"\/pt\/hvac-air-flow-meter\/#15\">15. o medidor de caudal de ar para AVAC tem fun\u00e7\u00e3o de monitoriza\u00e7\u00e3o em tempo real?<\/a><br \/>\n<a href=\"\/pt\/hvac-air-flow-meter\/#16\">16.Qual \u00e9 a gama de temperaturas de funcionamento do medidor de caudal de ar para AVAC?<\/a><br \/>\n<a href=\"\/pt\/hvac-air-flow-meter\/#17\">17) Quais s\u00e3o os tipos mais comuns de medidores de caudal de ar para AVAC?<\/a><\/div>\n<div id=\"01\">\n<p><strong>1. a unidade de medi\u00e7\u00e3o do medidor de caudal de ar para AVAC \u00e9 substitu\u00edvel?<\/strong><\/p>\n<p>Como um dos principais fabricantes de medidores de fluxo de ar hvac na China, levamos isso muito a s\u00e9rio.<br \/>\nSim, a unidade de medi\u00e7\u00e3o de um medidor de caudal \u00e9 substitu\u00edvel.<\/p>\n<\/div>\n<div id=\"02\">\n<p><strong>2. o medidor de caudal de ar para AVAC tem uma fun\u00e7\u00e3o de limpeza autom\u00e1tica?<\/strong><\/p>\n<p>Sendo um dos principais fabricantes de medidor de fluxo de ar hvac na China, atribu\u00edmos grande import\u00e2ncia a este detalhe.<br \/>\nN\u00e3o, a maioria dos medidores de caudal n\u00e3o tem uma fun\u00e7\u00e3o de limpeza autom\u00e1tica. No entanto, alguns modelos podem ter uma fun\u00e7\u00e3o de auto-limpeza que pode ser activada manualmente.<\/p>\n<\/div>\n<div id=\"03\">\n<p><strong>3. como \u00e9 que o caudal\u00edmetro de ar AVAC detecta as propriedades do fluido alvo?<\/strong><\/p>\n<p>Como um dos l\u00edderes do mercado de medidores de caudal de ar para AVAC, somos conhecidos pela inova\u00e7\u00e3o e fiabilidade.<br \/>\nOs medidores de caudal medem o caudal de um fluido atrav\u00e9s da dete\u00e7\u00e3o da velocidade do fluido. Normalmente, isto \u00e9 feito medindo a queda de press\u00e3o atrav\u00e9s de uma restri\u00e7\u00e3o conhecida no percurso do caudal, ou medindo a velocidade do fluido utilizando uma variedade de tecnologias como a ultra-s\u00f3nica, magn\u00e9tica ou t\u00e9rmica. O caudal pode ent\u00e3o ser utilizado para calcular as propriedades do fluido, como a densidade, a viscosidade e o caudal volum\u00e9trico.<\/p>\n<p><img style=\"max-width: 100%;\" title=\"Como \u00e9 que o caudal\u00edmetro de ar AVAC detecta as propriedades do fluido alvo?\" src=\"https:\/\/www.hginstrument.com\/wp-content\/uploads\/2021\/07\/hgrs-1.jpg\" alt=\"Como \u00e9 que o caudal\u00edmetro de ar AVAC detecta as propriedades do fluido alvo?\" \/><\/p>\n<\/div>\n<div id=\"04\">\n<p><strong>4. qual \u00e9 a classifica\u00e7\u00e3o \u00e0 prova de explos\u00e3o do medidor de fluxo de ar hvac?<\/strong><\/p>\n<p>Os nossos produtos de medidores de fluxo de ar para AVAC s\u00e3o submetidos a um rigoroso controlo de qualidade para garantir a satisfa\u00e7\u00e3o do cliente.<br \/>\nAs classifica\u00e7\u00f5es \u00e0 prova de explos\u00e3o para medidores de caudal variam consoante o tipo de medidor e a aplica\u00e7\u00e3o. Geralmente, os caudal\u00edmetros s\u00e3o classificados para a Classe I, Divis\u00e3o 1, Grupos C e D, ou Classe II, Divis\u00e3o 1, Grupos E, F e G.<\/p>\n<\/div>\n<div id=\"05\">\n<p><strong>5. quais s\u00e3o os m\u00e9todos de instala\u00e7\u00e3o do medidor de fluxo de ar hvac?<\/strong><\/p>\n<p>A nossa miss\u00e3o \u00e9 fornecer aos clientes as melhores solu\u00e7\u00f5es para medidores de caudal de ar para AVAC.<br \/>\n1. Instala\u00e7\u00e3o em linha: Este \u00e9 o tipo mais comum de instala\u00e7\u00e3o de medidores de caudal. Envolve a coloca\u00e7\u00e3o do medidor de vaz\u00e3o diretamente no tubo ou duto onde o fluido est\u00e1 fluindo.<\/p>\n<p>2. Instala\u00e7\u00e3o de inser\u00e7\u00e3o: Este tipo de instala\u00e7\u00e3o envolve a inser\u00e7\u00e3o do medidor de caudal no tubo ou conduta. Isto \u00e9 normalmente feito com uma flange ou um encaixe.<\/p>\n<p>3. Instala\u00e7\u00e3o em canal aberto: Este tipo de instala\u00e7\u00e3o \u00e9 utilizado quando o caudal se encontra num canal aberto, como um rio ou ribeiro. O medidor de caudal \u00e9 colocado no canal e mede o caudal.<\/p>\n<p>4. Instala\u00e7\u00e3o submers\u00edvel: Este tipo de instala\u00e7\u00e3o \u00e9 usado quando o fluxo est\u00e1 num ambiente submerso, como um po\u00e7o ou reservat\u00f3rio. O medidor de caudal \u00e9 colocado na \u00e1gua e mede o caudal.<\/p>\n<\/div>\n<div id=\"06\">\n<p><strong>6.Sobre os servi\u00e7os de personaliza\u00e7\u00e3o de caudal\u00edmetros de ar para AVAC<\/strong><\/p>\n<p>Os servi\u00e7os de personaliza\u00e7\u00e3o de caudal\u00edmetros s\u00e3o concebidos para fornecer aos clientes uma solu\u00e7\u00e3o \u00e0 medida das suas necessidades espec\u00edficas de medi\u00e7\u00e3o de caudal. Estes servi\u00e7os podem incluir a personaliza\u00e7\u00e3o do medidor de caudal para se adequar a uma aplica\u00e7\u00e3o espec\u00edfica, como um tamanho de tubo ou caudal espec\u00edfico, ou para cumprir um determinado requisito de precis\u00e3o. Os servi\u00e7os de personaliza\u00e7\u00e3o tamb\u00e9m podem incluir a modifica\u00e7\u00e3o do medidor de caudal para incluir caracter\u00edsticas adicionais, tais como um visor ou capacidades de registo de dados. Os servi\u00e7os de personaliza\u00e7\u00e3o de caudal\u00edmetros podem tamb\u00e9m incluir a instala\u00e7\u00e3o do caudal\u00edmetro, bem como o fornecimento de apoio t\u00e9cnico e manuten\u00e7\u00e3o.<\/p>\n<p><img style=\"max-width: 100%;\" title=\"Sobre os servi\u00e7os de personaliza\u00e7\u00e3o de medidores de caudal de ar para AVAC\" src=\"https:\/\/www.hginstrument.com\/wp-content\/uploads\/2021\/07\/oval-gear-4.jpg\" alt=\"Sobre os servi\u00e7os de personaliza\u00e7\u00e3o de medidores de caudal de ar para AVAC\" \/><\/p>\n<\/div>\n<div id=\"07\">\n<p><strong>7.Sobre o sistema de gest\u00e3o da produ\u00e7\u00e3o de caudal\u00edmetros de ar para AVAC<\/strong><\/p>\n<p>Um sistema de gest\u00e3o da produ\u00e7\u00e3o de caudal\u00edmetros \u00e9 uma solu\u00e7\u00e3o de software concebida para ajudar os fabricantes a gerir a produ\u00e7\u00e3o de caudal\u00edmetros. O sistema pode ser utilizado para acompanhar o processo de produ\u00e7\u00e3o do in\u00edcio ao fim, incluindo a encomenda de mat\u00e9rias-primas, a montagem de componentes e o teste e calibra\u00e7\u00e3o do produto acabado. O sistema tamb\u00e9m pode ser utilizado para monitorizar a qualidade do processo de produ\u00e7\u00e3o, garantindo que os medidores de caudal cumprem as normas exigidas. Al\u00e9m disso, o sistema pode ser utilizado para gerar relat\u00f3rios e analisar dados para ajudar os fabricantes a melhorar os seus processos de produ\u00e7\u00e3o.<\/p>\n<\/div>\n<div id=\"08\">\n<p><strong>8. o medidor de caudal de ar para AVAC tem uma fun\u00e7\u00e3o de alarme autom\u00e1tico?<\/strong><\/p>\n<p>Aderimos ao princ\u00edpio da qualidade em primeiro lugar e temos um sistema completo de gest\u00e3o da qualidade da produ\u00e7\u00e3o e um processo de inspe\u00e7\u00e3o da qualidade.<br \/>\nMuitos medidores de caudal t\u00eam uma fun\u00e7\u00e3o de alarme autom\u00e1tico, mas isso depende do modelo espec\u00edfico. \u00c9 melhor verificar as especifica\u00e7\u00f5es do produto para determinar se o medidor de caudal que est\u00e1 a considerar tem esta fun\u00e7\u00e3o.<\/p>\n<\/div>\n<div id=\"09\">\n<p><strong>9.Os resultados das medi\u00e7\u00f5es dos caudal\u00edmetros de ar para AVAC s\u00e3o rastre\u00e1veis?<\/strong><\/p>\n<p>A nossa empresa tem muitos anos de experi\u00eancia e conhecimentos sobre medidores de caudal de ar para AVAC.<br \/>\nSim, os resultados da medi\u00e7\u00e3o do medidor de caudal podem ser rastre\u00e1veis. A rastreabilidade \u00e9 a capacidade de rastrear o hist\u00f3rico, a aplica\u00e7\u00e3o ou a localiza\u00e7\u00e3o de um item por meio de uma identifica\u00e7\u00e3o documentada e registada. Os caudal\u00edmetros s\u00e3o tipicamente calibrados utilizando um padr\u00e3o rastre\u00e1vel, tal como um padr\u00e3o de calibra\u00e7\u00e3o rastre\u00e1vel NIST. Isto assegura que os resultados das medi\u00e7\u00f5es do caudal\u00edmetro s\u00e3o rastre\u00e1veis a um padr\u00e3o conhecido.<\/p>\n<p><img style=\"max-width: 100%;\" title=\"Os resultados das medi\u00e7\u00f5es dos caudal\u00edmetros de ar para AVAC s\u00e3o rastre\u00e1veis?\" src=\"https:\/\/www.hginstrument.com\/wp-content\/uploads\/2021\/07\/wedge-1.jpg\" alt=\"Os resultados das medi\u00e7\u00f5es dos caudal\u00edmetros de ar para AVAC s\u00e3o rastre\u00e1veis?\" \/><\/p>\n<\/div>\n<div id=\"010\">\n<p><strong>10.Sobre as mat\u00e9rias-primas do caudal\u00edmetro de ar para AVAC<\/strong><\/p>\n<p>As mat\u00e9rias-primas dos medidores de caudal s\u00e3o normalmente fabricadas a partir de uma variedade de metais, pl\u00e1sticos e compostos. Os materiais mais comuns utilizados nos medidores de caudal incluem o a\u00e7o inoxid\u00e1vel, o lat\u00e3o, o alum\u00ednio, o cloreto de polivinilo (PVC), o polipropileno (PP) e o politetrafluoroetileno (PTFE). O material utilizado num medidor de caudal depende da aplica\u00e7\u00e3o e do tipo de fluido que est\u00e1 a ser medido. Por exemplo, o a\u00e7o inoxid\u00e1vel \u00e9 frequentemente utilizado para medir fluidos corrosivos, enquanto o PVC \u00e9 frequentemente utilizado para medir \u00e1gua.<\/p>\n<\/div>\n<div id=\"11\">\n<p><strong>11. como \u00e9 que um medidor de caudal de ar para AVAC mede o caudal?<\/strong><\/p>\n<p>Operamos o nosso neg\u00f3cio de medidores de caudal de ar para AVAC com integridade e honestidade.<br \/>\nUm medidor de caudal mede o caudal atrav\u00e9s da medi\u00e7\u00e3o da velocidade de um fluido \u00e0 medida que este passa atrav\u00e9s de um tubo ou outra conduta. Normalmente, isto \u00e9 feito medindo a queda de press\u00e3o numa \u00e1rea conhecida, ou medindo o tempo que demora um volume de fluido a passar por uma \u00e1rea conhecida. Outros m\u00e9todos incluem a utiliza\u00e7\u00e3o de uma turbina, roda de p\u00e1s ou transdutor ultrass\u00f3nico para medir a velocidade do fluido.<\/p>\n<\/div>\n<div id=\"12\">\n<p><strong>12.Os resultados das medi\u00e7\u00f5es do medidor de caudal de ar para AVAC podem ser emitidos e registados remotamente?<\/strong><\/p>\n<p>Sim, muitos medidores de caudal est\u00e3o equipados com sa\u00edda remota e capacidades de registo. Isto permite aos utilizadores monitorizar e registar dados de caudal a partir de um local remoto.<\/p>\n<p><img style=\"max-width: 100%;\" title=\"Os resultados das medi\u00e7\u00f5es do medidor de caudal de ar para AVAC podem ser emitidos e registados remotamente?\" src=\"https:\/\/www.hginstrument.com\/wp-content\/uploads\/2021\/07\/in-line-pipeline-type-hgd-electromagnetic-flow-meter.jpg\" alt=\"Os resultados das medi\u00e7\u00f5es do medidor de caudal de ar para AVAC podem ser emitidos e registados remotamente?\" \/><\/p>\n<\/div>\n<div id=\"13\">\n<p><strong>13.About hvac air flow meter origin<\/strong><\/p>\n<p>O primeiro medidor de caudal foi inventado em 1832 por um ingl\u00eas chamado William Henry. Ele desenvolveu um dispositivo que utilizava um flutuador para medir o caudal de \u00e1gua num tubo. Este dispositivo foi o primeiro do seu g\u00e9nero e foi o precursor dos medidores de caudal modernos. Desde ent\u00e3o, os medidores de caudal t\u00eam sido utilizados numa variedade de ind\u00fastrias para medir o caudal de l\u00edquidos, gases e outros materiais. Atualmente, os medidores de caudal s\u00e3o utilizados numa variedade de aplica\u00e7\u00f5es, desde a medi\u00e7\u00e3o do caudal de \u00e1gua num tubo at\u00e9 \u00e0 medi\u00e7\u00e3o do caudal de petr\u00f3leo numa refinaria.<\/p>\n<\/div>\n<div id=\"14\">\n<p><strong>14.Sobre o invent\u00e1rio de caudal\u00edmetros de ar para AVAC<\/strong><\/p>\n<p>O invent\u00e1rio de caudal\u00edmetros \u00e9 um sistema utilizado para controlar e gerir os caudal\u00edmetros utilizados em aplica\u00e7\u00f5es industriais e comerciais. \u00c9 utilizado para monitorizar o desempenho dos medidores de caudal, bem como para garantir que s\u00e3o devidamente mantidos e calibrados. O sistema de invent\u00e1rio tamb\u00e9m pode ser utilizado para controlar o custo dos medidores de caudal, bem como para identificar quaisquer problemas ou quest\u00f5es potenciais com os medidores de caudal.<\/p>\n<\/div>\n<div id=\"15\">\n<p><strong>15. o medidor de caudal de ar para AVAC tem fun\u00e7\u00e3o de monitoriza\u00e7\u00e3o em tempo real?<\/strong><\/p>\n<p>Sim, alguns medidores de caudal t\u00eam fun\u00e7\u00f5es de monitoriza\u00e7\u00e3o em tempo real. Estes medidores est\u00e3o normalmente equipados com sensores que medem o caudal e transmitem os dados para um sistema de monitoriza\u00e7\u00e3o. Isto permite a monitoriza\u00e7\u00e3o em tempo real do caudal e de outros par\u00e2metros.<\/p>\n<p><img style=\"max-width: 100%;\" title=\"O medidor de caudal de ar para AVAC tem uma fun\u00e7\u00e3o de monitoriza\u00e7\u00e3o em tempo real?\" src=\"https:\/\/www.hginstrument.com\/wp-content\/uploads\/2021\/07\/dsrt-1.jpg\" alt=\"O medidor de caudal de ar para AVAC tem uma fun\u00e7\u00e3o de monitoriza\u00e7\u00e3o em tempo real?\" \/><\/p>\n<\/div>\n<div id=\"16\">\n<p><strong>16.Qual \u00e9 a gama de temperaturas de funcionamento do medidor de caudal de ar para AVAC?<\/strong><\/p>\n<p>Estabelecemos uma boa reputa\u00e7\u00e3o e parcerias fi\u00e1veis no sector dos medidores de caudal de ar para AVAC.<br \/>\nA gama de temperaturas de funcionamento do medidor de caudal \u00e9 de -40\u00b0C a 60\u00b0C (-40\u00b0F a 140\u00b0F).<\/p>\n<\/div>\n<div id=\"17\">\n<p><strong>17) Quais s\u00e3o os tipos mais comuns de medidores de caudal de ar para AVAC?<\/strong><\/p>\n<p>A nossa miss\u00e3o \u00e9 fornecer aos clientes as melhores solu\u00e7\u00f5es para medidores de caudal de ar para AVAC.<br \/>\n1. Medidores de caudal de press\u00e3o diferencial<br \/>\n2. Medidores de caudal de deslocamento positivo<br \/>\n3. Medidores de caudal de turbina<br \/>\n4. Medidores de caudal magn\u00e9ticos<br \/>\n5. Medidores de caudal ultra-s\u00f3nicos<br \/>\n6. Medidores de caudal Coriolis<br \/>\n7. Medidores de caudal de v\u00f3rtice<br \/>\n8. Medidores de caudal alvo<br \/>\n9. Medidores de caudal de \u00e1rea vari\u00e1vel<br \/>\n10. Medidores de caudal m\u00e1ssico<\/p>\n<\/div>\n<p>&nbsp;<\/p>\n<p>Etiqueta\uff1a<a href=\"\/pt\/magnetic-flow-meter\/nu-flow-meter\/\">caudal\u00edmetro nu<\/a>,<a href=\"\/pt\/magnetic-flow-meter\/promass-flow-meter\/\">medidor de caudal promass<\/a>,<a href=\"\/pt\/magnetic-flow-meter\/inline-liquid-flow-meter\/\">caudal\u00edmetro de l\u00edquidos em linha<\/a>,<a href=\"\/pt\/magnetic-flow-meter\/flomec-flow-meter\/\">medidor de caudal flomec<\/a>,<a href=\"\/pt\/magnetic-flow-meter\/argon-regulator-flow-meter\/\">caudal\u00edmetro regulador de \u00e1rgon<\/a><\/p>\n<p>&nbsp;<\/p>","protected":false},"excerpt":{"rendered":"<p><strong>Dados t\u00e9cnicos<\/strong><br \/>\nPode servir fluidos l\u00edquidos ou gasosos, sendo normalmente utilizado para medir o caudal de vapor, vapor, ar e g\u00e1s natural.<br \/>\nTamanho do contador: Tipo em linha: DN25 - DN300<br \/>\nOp\u00e7\u00e3o de material h\u00famido: SS304, SS316<br \/>\nTemperatura de funcionamento: \u2264250\u2103<br \/>\nLiga\u00e7\u00e3o ao processo: Wafer \/ Flange \/ Tri-clamp para o tipo In-line<br \/>\nPrecis\u00e3o de medi\u00e7\u00e3o: 1,0 % - 1,5% do intervalo de calibra\u00e7\u00e3o<br \/>\nIndicador digital: apresenta o caudal instant\u00e2neo e o caudal total<br \/>\nFonte de alimenta\u00e7\u00e3o: 24VDC, Sa\u00edda: 4-20mA<\/p>\n<p><strong>caracter\u00edsticas<\/strong><br \/>\n1. pontos de regula\u00e7\u00e3o ON\/OFF ajust\u00e1veis<br \/>\n2. modo de alarme de caudal alto ou baixo<br \/>\n3. tempo de atraso ajust\u00e1vel<br \/>\n4. LED de estado do rel\u00e9<\/p>","protected":false},"featured_media":3691,"comment_status":"closed","ping_status":"closed","template":"","meta":[],"product_cat":[2372],"product_tag":[],"acf":[],"_links":{"self":[{"href":"https:\/\/www.hginstrument.com\/pt\/wp-json\/wp\/v2\/product\/5477"}],"collection":[{"href":"https:\/\/www.hginstrument.com\/pt\/wp-json\/wp\/v2\/product"}],"about":[{"href":"https:\/\/www.hginstrument.com\/pt\/wp-json\/wp\/v2\/types\/product"}],"replies":[{"embeddable":true,"href":"https:\/\/www.hginstrument.com\/pt\/wp-json\/wp\/v2\/comments?post=5477"}],"wp:featuredmedia":[{"embeddable":true,"href":"https:\/\/www.hginstrument.com\/pt\/wp-json\/wp\/v2\/media\/3691"}],"wp:attachment":[{"href":"https:\/\/www.hginstrument.com\/pt\/wp-json\/wp\/v2\/media?parent=5477"}],"wp:term":[{"taxonomy":"product_cat","embeddable":true,"href":"https:\/\/www.hginstrument.com\/pt\/wp-json\/wp\/v2\/product_cat?post=5477"},{"taxonomy":"product_tag","embeddable":true,"href":"https:\/\/www.hginstrument.com\/pt\/wp-json\/wp\/v2\/product_tag?post=5477"}],"curies":[{"name":"wp","href":"https:\/\/api.w.org\/{rel}","templated":true}]}}