{"id":5487,"date":"2023-12-24T08:22:07","date_gmt":"2023-12-24T00:22:07","guid":{"rendered":"https:\/\/www.hginstrument.com\/?post_type=product&#038;p=5487"},"modified":"2024-01-03T10:57:30","modified_gmt":"2024-01-03T02:57:30","slug":"hydraulic-flow-meter-tester","status":"publish","type":"product","link":"https:\/\/www.hginstrument.com\/pt\/magnetic-flow-meter\/hydraulic-flow-meter-tester\/","title":{"rendered":"hydraulic flow meter tester"},"content":{"rendered":"<p>hydraulic flow meter tester is a precise and reliable technology used to measure the flow rate of a fluid. It accurately measures the volume, mass or velocity of the fluid passing through a specific point in a given period of time. hydraulic flow meter tester is designed with advanced features such as a high-resolution display, digital signal processing, and real-time data logging.<\/p>\n<p>hydraulic flow meter tester is a precision instrument designed to measure the flow of liquid or gas in a pipe. It is an important tool in oil and gas, chemical, Air and gas flow measurement, water treatment and many other industries.<\/p>\n<p>With its advanced technology and high accuracy, hydraulic flow meter tester offers users the ability to monitor and control the flow of their processes with precision and efficiency. With its durable construction, it can withstand harsh operating conditions and provide long-term reliability.<\/p>\n<table class=\"table table-bordered\">\n<tbody>\n<tr>\n<td><span style=\"vertical-align: inherit;\"><span style=\"vertical-align: inherit;\">Tipo\uff1a<\/span><\/span><\/td>\n<td><span style=\"vertical-align: inherit;\">hydraulic flow meter tester<\/span><\/td>\n<td><span style=\"vertical-align: inherit;\"><span style=\"vertical-align: inherit;\">Sinal de sa\u00edda\uff1a<\/span><\/span><\/td>\n<td><span style=\"vertical-align: inherit;\"><span style=\"vertical-align: inherit;\">4-20mA, Impulso\/Frequ\u00eancia 2kHz(Predefini\u00e7\u00e3o), 5KHz(M\u00e1x.)<\/span><\/span><\/td>\n<\/tr>\n<tr>\n<td><span style=\"vertical-align: inherit;\"><span style=\"vertical-align: inherit;\">Local de origem\uff1a<\/span><\/span><\/td>\n<td><span style=\"vertical-align: inherit;\"><span style=\"vertical-align: inherit;\">Jiangsu, China<\/span><\/span><\/td>\n<td><span style=\"vertical-align: inherit;\"><span style=\"vertical-align: inherit;\">Incorporar tipo\uff1a<\/span><\/span><\/td>\n<td><span style=\"vertical-align: inherit;\"><span style=\"vertical-align: inherit;\">-10\u2103- +56\u2103<\/span><\/span><\/td>\n<\/tr>\n<tr>\n<td><span style=\"vertical-align: inherit;\"><span style=\"vertical-align: inherit;\">Garantia\uff1a<\/span><\/span><\/td>\n<td><span style=\"vertical-align: inherit;\"><span style=\"vertical-align: inherit;\">12 meses<\/span><\/span><\/td>\n<td><span style=\"vertical-align: inherit;\"><span style=\"vertical-align: inherit;\">Tens\u00e3o de alimenta\u00e7\u00e3o\uff1a<\/span><\/span><\/td>\n<td><span style=\"vertical-align: inherit;\"><span style=\"vertical-align: inherit;\">110\/220VAC (100-240VAC), 50Hz\/60Hz; 24VDC\u00b110%<\/span><\/span><\/td>\n<\/tr>\n<tr>\n<td><span style=\"vertical-align: inherit;\"><span style=\"vertical-align: inherit;\">Suporte personalizado\uff1a<\/span><\/span><\/td>\n<td><span style=\"vertical-align: inherit;\"><span style=\"vertical-align: inherit;\">OEM, ODM, OBM<\/span><\/span><\/td>\n<td><span style=\"vertical-align: inherit;\"><span style=\"vertical-align: inherit;\">Comunica\u00e7\u00e3o digital\uff1a<\/span><\/span><\/td>\n<td><span style=\"vertical-align: inherit;\"><span style=\"vertical-align: inherit;\">RS-485, suporta o protocolo Modbus-RTU padr\u00e3o; GPRS<\/span><\/span><\/td>\n<\/tr>\n<tr>\n<td><span style=\"vertical-align: inherit;\"><span style=\"vertical-align: inherit;\">Nome da marca\uff1a<\/span><\/span><\/td>\n<td><span style=\"vertical-align: inherit;\"><span style=\"vertical-align: inherit;\">GRUPO SUYI<\/span><\/span><\/td>\n<td><span style=\"vertical-align: inherit;\"><span style=\"vertical-align: inherit;\">Press\u00e3o nominal\uff1a<\/span><\/span><\/td>\n<td><span style=\"vertical-align: inherit;\"><span style=\"vertical-align: inherit;\">1MPa (DN15-DN800), 1,6MPa (DN15-DN800), 2,5MPa (DN15-DN600)<\/span><\/span><\/td>\n<\/tr>\n<tr>\n<td><span style=\"vertical-align: inherit;\"><span style=\"vertical-align: inherit;\">N\u00famero do modelo\uff1a<\/span><\/span><\/td>\n<td><span style=\"vertical-align: inherit;\"><span style=\"vertical-align: inherit;\">outros<\/span><\/span><\/td>\n<td><span style=\"vertical-align: inherit;\"><span style=\"vertical-align: inherit;\">Sensor\uff1a<\/span><\/span><\/td>\n<td><span style=\"vertical-align: inherit;\"><span style=\"vertical-align: inherit;\">0\u2103- +80\u2103 ou -25\u2103- +120\u2103 ou +70\u2103- +250\u2103<\/span><\/span><\/td>\n<\/tr>\n<tr>\n<td><span style=\"vertical-align: inherit;\"><span style=\"vertical-align: inherit;\">Nome do produto\uff1a<\/span><\/span><\/td>\n<td><span style=\"vertical-align: inherit;\"><span style=\"vertical-align: inherit;\">Medidor de caudal de \u00e1gua qu\u00edmica digital inteligente eletromagn\u00e9tico<\/span><\/span><\/td>\n<td><span style=\"vertical-align: inherit;\"><span style=\"vertical-align: inherit;\">Detalhes da embalagem\uff1a<\/span><\/span><\/td>\n<td><span style=\"vertical-align: inherit;\"><span style=\"vertical-align: inherit;\">1 conjunto por embalagem ou conforme o pedido do cliente<\/span><\/span><\/td>\n<\/tr>\n<tr>\n<td><span style=\"vertical-align: inherit;\"><span style=\"vertical-align: inherit;\">Di\u00e2metro nominal\uff1a<\/span><\/span><\/td>\n<td><span style=\"vertical-align: inherit;\"><span style=\"vertical-align: inherit;\">3-2617mm<\/span><\/span><\/td>\n<td><span style=\"vertical-align: inherit;\"><span style=\"vertical-align: inherit;\">Capacidade de fornecimento\uff1a<\/span><\/span><\/td>\n<td><span style=\"vertical-align: inherit;\"><span style=\"vertical-align: inherit;\">1553 Set\/Sets per Month<\/span><\/span><\/td>\n<\/tr>\n<tr>\n<td><span style=\"vertical-align: inherit;\"><span style=\"vertical-align: inherit;\">gama de velocidades\uff1a<\/span><\/span><\/td>\n<td><span style=\"vertical-align: inherit;\"><span style=\"vertical-align: inherit;\">0-10m\/s<\/span><\/span><\/td>\n<td><span style=\"vertical-align: inherit;\"><span style=\"vertical-align: inherit;\">Quantidade (conjuntos)\uff1a<\/span><\/span><\/td>\n<td><span style=\"vertical-align: inherit;\"><span style=\"vertical-align: inherit;\">&gt; 1<\/span><\/span><\/td>\n<\/tr>\n<tr>\n<td><span style=\"vertical-align: inherit;\"><span style=\"vertical-align: inherit;\">Grau de precis\u00e3o\uff1a<\/span><\/span><\/td>\n<td><span style=\"vertical-align: inherit;\"><span style=\"vertical-align: inherit;\">\u00b10,5%R, \u00b11%R ( &lt; DN20)<\/span><\/span><\/td>\n<td><span style=\"vertical-align: inherit;\"><span style=\"vertical-align: inherit;\">Prazo de execu\u00e7\u00e3o (dias)\uff1a<\/span><\/span><\/td>\n<td><span style=\"vertical-align: inherit;\"><span style=\"vertical-align: inherit;\">A ser negociado<\/span><\/span><\/td>\n<\/tr>\n<\/tbody>\n<\/table>\n<p>&nbsp;<\/p>\n<p>&nbsp;<\/p>\n<p style=\"text-align: center;\"><img title=\"hydraulic flow meter tester\" src=\"https:\/\/www.hginstrument.com\/wp-content\/uploads\/2021\/07\/in-line-pipeline-type-hgd-electromagnetic-flow-meter.jpg\" \/><\/p>\n<p>&nbsp;<\/p>\n<p>&nbsp;<\/p>\n<p style=\"text-align: center;\"><img title=\"hydraulic flow meter tester\" src=\"https:\/\/www.hginstrument.com\/wp-content\/uploads\/2021\/07\/insertion-01.jpg\" \/><\/p>\n<p>&nbsp;<\/p>\n<p>&nbsp;<\/p>\n<p style=\"text-align: center;\"><img title=\"hydraulic flow meter tester\" src=\"https:\/\/www.hginstrument.com\/wp-content\/uploads\/2021\/07\/sanitary-mag-1.jpg\" \/><\/p>\n<p><strong>hydraulic flow meter tester FAQs Guide.<\/strong><\/p>\n<p>At the heart of our hydraulic flow meter tester series lies a commitment to excellence, blending advanced sensor technology with user-friendly interfaces. From liquid to gas, our meters deliver unparalleled accuracy, empowering you to make informed decisions and streamline operations. As we usher in a new era of fluid measurement, we invite you to explore the limitless possibilities that our hydraulic flow meter testers unlock \u2013 where precision meets performance, and innovation flows seamlessly.<\/p>\n<div style=\"border: 3px solid #f89900; margin: 20px 0; padding: 20px;\"><a href=\"\/pt\/hydraulic-flow-meter-tester\/#01\">1.What is a hydraulic flow meter tester?<\/a><br \/>\n<a href=\"\/pt\/hydraulic-flow-meter-tester\/#02\">2.About the scale of hydraulic flow meter tester factory<\/a><br \/>\n<a href=\"\/pt\/hydraulic-flow-meter-tester\/#03\">3.About hydraulic flow meter tester raw materials<\/a><br \/>\n<a href=\"\/pt\/hydraulic-flow-meter-tester\/#04\">4.About hydraulic flow meter tester quality system<\/a><br \/>\n<a href=\"\/pt\/hydraulic-flow-meter-tester\/#05\">5.What are the installation methods of hydraulic flow meter tester?<\/a><br \/>\n<a href=\"\/pt\/hydraulic-flow-meter-tester\/#06\">6.About hydraulic flow meter tester production skills training<\/a><br \/>\n<a href=\"\/pt\/hydraulic-flow-meter-tester\/#07\">7.What is the difference between hydraulic flow meter tester SUYI group vs hydraulic flow meter tester Endress+Hauser vs hydraulic flow meter tester KROHNE<\/a><br \/>\n<a href=\"\/pt\/hydraulic-flow-meter-tester\/#08\">8.About the development history of hydraulic flow meter tester factory<\/a><br \/>\n<a href=\"\/pt\/hydraulic-flow-meter-tester\/#09\">9.About hydraulic flow meter tester MOQ<\/a><br \/>\n<a href=\"\/pt\/hydraulic-flow-meter-tester\/#010\">10.About hydraulic flow meter tester origin<\/a><br \/>\n<a href=\"\/pt\/hydraulic-flow-meter-tester\/#11\">11.About hydraulic flow meter tester patent<\/a><br \/>\n<a href=\"\/pt\/hydraulic-flow-meter-tester\/#12\">12.Can hydraulic flow meter tester be monitored remotely?<\/a><br \/>\n<a href=\"\/pt\/hydraulic-flow-meter-tester\/#13\">13.About hydraulic flow meter tester R&amp;D capabilities<\/a><br \/>\n<a href=\"\/pt\/hydraulic-flow-meter-tester\/#14\">14.About hydraulic flow meter tester production skills training<\/a><br \/>\n<a href=\"\/pt\/hydraulic-flow-meter-tester\/#15\">15.What are the common types of hydraulic flow meter testers?<\/a><br \/>\n<a href=\"\/pt\/hydraulic-flow-meter-tester\/#16\">16.About hydraulic flow meter tester origin<\/a><\/div>\n<div id=\"01\">\n<p><strong>1.What is a hydraulic flow meter tester?<\/strong><\/p>\n<p>Apostamos no trabalho de equipa e na comunica\u00e7\u00e3o para atingir objectivos comuns.<br \/>\nUm medidor de caudal \u00e9 um dispositivo utilizado para medir o caudal ou a quantidade de um g\u00e1s ou l\u00edquido que se desloca atrav\u00e9s de um tubo. Os medidores de caudal medem o caudal volum\u00e9trico ou m\u00e1ssico de um l\u00edquido ou g\u00e1s. S\u00e3o utilizados numa variedade de ind\u00fastrias, incluindo o tratamento de \u00e1gua e de \u00e1guas residuais, petr\u00f3leo e g\u00e1s, processamento qu\u00edmico e produ\u00e7\u00e3o de alimentos e bebidas.<\/p>\n<\/div>\n<div id=\"02\">\n<p><strong>2.About the scale of hydraulic flow meter tester factory<\/strong><\/p>\n<p>As f\u00e1bricas de medidores de caudal variam em tamanho e \u00e2mbito, dependendo do tipo de medidores de caudal que produzem. Algumas f\u00e1bricas podem especializar-se na produ\u00e7\u00e3o de um \u00fanico tipo de medidor de caudal, enquanto outras podem produzir uma variedade de tipos diferentes. Algumas f\u00e1bricas podem ser grandes, com centenas de empregados, enquanto outras podem ser pequenas, com apenas alguns empregados. A dimens\u00e3o da f\u00e1brica tamb\u00e9m depender\u00e1 do tipo de caudal\u00edmetros que produz, bem como da procura desses caudal\u00edmetros.<\/p>\n<\/div>\n<div id=\"03\">\n<p><strong>3.About hydraulic flow meter tester raw materials<\/strong><\/p>\n<p>As mat\u00e9rias-primas dos medidores de caudal s\u00e3o normalmente fabricadas a partir de uma variedade de metais, pl\u00e1sticos e compostos. Os materiais mais comuns utilizados nos medidores de caudal incluem o a\u00e7o inoxid\u00e1vel, o lat\u00e3o, o alum\u00ednio, o cloreto de polivinilo (PVC), o polipropileno (PP) e o politetrafluoroetileno (PTFE). O material utilizado num medidor de caudal depende da aplica\u00e7\u00e3o e do tipo de fluido que est\u00e1 a ser medido. Por exemplo, o a\u00e7o inoxid\u00e1vel \u00e9 frequentemente utilizado para medir fluidos corrosivos, enquanto o PVC \u00e9 frequentemente utilizado para medir \u00e1gua.<\/p>\n<\/div>\n<div id=\"04\">\n<p><strong>4.About hydraulic flow meter tester quality system<\/strong><\/p>\n<p>Um sistema de qualidade de medidores de caudal \u00e9 um conjunto de processos e procedimentos que s\u00e3o utilizados para garantir que os medidores de caudal s\u00e3o fabricados e testados de forma a cumprirem os mais elevados padr\u00f5es de precis\u00e3o e fiabilidade. O sistema inclui medidas de controlo de qualidade, como a inspe\u00e7\u00e3o do material recebido, a inspe\u00e7\u00e3o durante o processo e o teste do produto final. Inclui tamb\u00e9m documenta\u00e7\u00e3o e manuten\u00e7\u00e3o de registos para garantir que todos os processos s\u00e3o seguidos e que quaisquer problemas s\u00e3o tratados de forma r\u00e1pida e eficaz. O sistema foi concebido para garantir que os medidores de caudal produzidos s\u00e3o da mais elevada qualidade e cumprem os requisitos do cliente.<\/p>\n<p><img style=\"max-width: 100%;\" title=\"About hydraulic flow meter tester quality system\" src=\"https:\/\/www.hginstrument.com\/wp-content\/uploads\/2021\/07\/dsrt-1.jpg\" alt=\"About hydraulic flow meter tester quality system\" \/><\/p>\n<\/div>\n<div id=\"05\">\n<p><strong>5.What are the installation methods of hydraulic flow meter tester?<\/strong><\/p>\n<p>Our mission is to provide customers with the best solutions for hydraulic flow meter tester.<br \/>\n1. Instala\u00e7\u00e3o em linha: Este \u00e9 o tipo mais comum de instala\u00e7\u00e3o de medidores de caudal. Envolve a coloca\u00e7\u00e3o do medidor de vaz\u00e3o diretamente no tubo ou duto onde o fluido est\u00e1 fluindo.<\/p>\n<p>2. Instala\u00e7\u00e3o de inser\u00e7\u00e3o: Este tipo de instala\u00e7\u00e3o envolve a inser\u00e7\u00e3o do medidor de caudal no tubo ou conduta. Isto \u00e9 normalmente feito com uma flange ou um encaixe.<\/p>\n<p>3. Instala\u00e7\u00e3o em canal aberto: Este tipo de instala\u00e7\u00e3o \u00e9 utilizado quando o caudal se encontra num canal aberto, como um rio ou ribeiro. O medidor de caudal \u00e9 colocado no canal e mede o caudal.<\/p>\n<p>4. Instala\u00e7\u00e3o submers\u00edvel: Este tipo de instala\u00e7\u00e3o \u00e9 usado quando o fluxo est\u00e1 num ambiente submerso, como um po\u00e7o ou reservat\u00f3rio. O medidor de caudal \u00e9 colocado na \u00e1gua e mede o caudal.<\/p>\n<\/div>\n<div id=\"06\">\n<p><strong>6.About hydraulic flow meter tester production skills training<\/strong><\/p>\n<p>A forma\u00e7\u00e3o em compet\u00eancias de produ\u00e7\u00e3o de caudal\u00edmetros foi concebida para ensinar aos t\u00e9cnicos e engenheiros as compet\u00eancias necess\u00e1rias para produzir e manter caudal\u00edmetros. A forma\u00e7\u00e3o abrange t\u00f3picos como os princ\u00edpios da medi\u00e7\u00e3o de caudal, os tipos de caudal\u00edmetros dispon\u00edveis, a instala\u00e7\u00e3o e manuten\u00e7\u00e3o de caudal\u00edmetros e t\u00e9cnicas de resolu\u00e7\u00e3o de problemas. A forma\u00e7\u00e3o tamb\u00e9m abrange a utiliza\u00e7\u00e3o de software inform\u00e1tico para analisar e interpretar dados de caudal. A forma\u00e7\u00e3o \u00e9 normalmente realizada em sala de aula e pode incluir actividades pr\u00e1ticas.<\/p>\n<\/div>\n<div id=\"07\">\n<p><strong>7.What is the difference between hydraulic flow meter tester SUYI group vs hydraulic flow meter tester Endress+Hauser vs hydraulic flow meter tester KROHNE<\/strong><\/p>\n<p>Os medidores de caudal do Grupo SUYI, Endress+Hauser e KROHNE medem todos o caudal de um l\u00edquido ou g\u00e1s. No entanto, cada fabricante oferece diferentes tipos de medidores de caudal com diferentes caracter\u00edsticas e capacidades.<\/p>\n<p>O Grupo SUYI oferece uma variedade de medidores de caudal, incluindo medidores de caudal electromagn\u00e9ticos, ultra-s\u00f3nicos e de v\u00f3rtice. Esses medidores s\u00e3o projetados para uma ampla gama de aplica\u00e7\u00f5es, incluindo \u00e1gua, \u00f3leo e g\u00e1s.<\/p>\n<p>A Endress+Hauser oferece uma gama de medidores de vaz\u00e3o, incluindo medidores Coriolis, vortex e ultra-s\u00f4nicos. Esses medidores s\u00e3o projetados para uma variedade de aplica\u00e7\u00f5es, incluindo \u00e1gua, \u00f3leo e g\u00e1s.<\/p>\n<p>A KROHNE oferece uma gama de medidores de fluxo, incluindo Coriolis, v\u00f3rtice e medidores ultra-s\u00f3nicos. Esses medidores s\u00e3o projetados para uma variedade de aplica\u00e7\u00f5es, incluindo \u00e1gua, \u00f3leo e g\u00e1s. A KROHNE tamb\u00e9m oferece uma gama de medidores de vaz\u00e3o especializados, como o OPTIFLUX e o OPTISWIRL, que s\u00e3o projetados para aplica\u00e7\u00f5es espec\u00edficas.<\/p>\n<\/div>\n<div id=\"08\">\n<p><strong>8.About the development history of hydraulic flow meter tester factory<\/strong><\/p>\n<p>A f\u00e1brica de medidores de caudal foi criada no in\u00edcio da d\u00e9cada de 1990. Foi fundada por um grupo de engenheiros e t\u00e9cnicos com uma vasta experi\u00eancia na conce\u00e7\u00e3o e fabrico de medidores de caudal. A empresa concentrou-se inicialmente na produ\u00e7\u00e3o de medidores de caudal mec\u00e2nicos, mas depressa expandiu a sua gama de produtos para incluir medidores de caudal electr\u00f3nicos. Ao longo dos anos, a empresa desenvolveu uma vasta gama de medidores de caudal para v\u00e1rias aplica\u00e7\u00f5es, incluindo industriais, comerciais e residenciais. A empresa tamb\u00e9m desenvolveu uma gama de solu\u00e7\u00f5es de software e hardware para medi\u00e7\u00e3o e controlo de caudal. Atualmente, a empresa \u00e9 um dos principais fabricantes de medidores de caudal e produtos relacionados, sendo reconhecida como l\u00edder no sector.<\/p>\n<p><img style=\"max-width: 100%;\" title=\"About the development history of hydraulic flow meter tester factory\" src=\"https:\/\/www.hginstrument.com\/wp-content\/uploads\/2021\/07\/hls-2000h-m2.jpg\" alt=\"About the development history of hydraulic flow meter tester factory\" \/><\/p>\n<\/div>\n<div id=\"09\">\n<p><strong>9.About hydraulic flow meter tester MOQ<\/strong><\/p>\n<p>A quantidade m\u00ednima de encomenda (MOQ) para um medidor de caudal depender\u00e1 do tipo de medidor de caudal e do fabricante. Geralmente, a MOQ para um medidor de caudal situa-se entre 1 e 10 unidades, mas pode variar consoante o fabricante e o tipo de medidor de caudal.<\/p>\n<\/div>\n<div id=\"010\">\n<p><strong>10.About hydraulic flow meter tester origin<\/strong><\/p>\n<p>O primeiro medidor de caudal foi inventado em 1832 por um ingl\u00eas chamado William Henry. Ele desenvolveu um dispositivo que utilizava um flutuador para medir o caudal de \u00e1gua num tubo. Este dispositivo foi o primeiro do seu g\u00e9nero e foi o precursor dos medidores de caudal modernos. Desde ent\u00e3o, os medidores de caudal t\u00eam sido utilizados numa variedade de ind\u00fastrias para medir o caudal de l\u00edquidos, gases e outros materiais. Atualmente, os medidores de caudal s\u00e3o utilizados numa variedade de aplica\u00e7\u00f5es, desde a medi\u00e7\u00e3o do caudal de \u00e1gua num tubo at\u00e9 \u00e0 medi\u00e7\u00e3o do caudal de petr\u00f3leo numa refinaria.<\/p>\n<\/div>\n<div id=\"11\">\n<p><strong>11.About hydraulic flow meter tester patent<\/strong><\/p>\n<p>As patentes de caudal\u00edmetros s\u00e3o patentes que abrangem a conce\u00e7\u00e3o e o funcionamento de caudal\u00edmetros. Os medidores de caudal s\u00e3o dispositivos utilizados para medir o caudal de um l\u00edquido ou g\u00e1s. Os medidores de caudal s\u00e3o utilizados numa variedade de ind\u00fastrias, incluindo o tratamento de \u00e1gua e de \u00e1guas residuais, petr\u00f3leo e g\u00e1s e processamento qu\u00edmico. Os medidores de caudal s\u00e3o utilizados para medir o caudal de um fluido, o volume total de um fluido e a press\u00e3o de um fluido. Os medidores de caudal podem ser mec\u00e2nicos, el\u00e9ctricos ou \u00f3pticos. Os medidores de caudal podem ser utilizados para medir o caudal de l\u00edquidos, gases e vapor.<\/p>\n<\/div>\n<div id=\"12\">\n<p><strong>12.Can hydraulic flow meter tester be monitored remotely?<\/strong><\/p>\n<p>We are a professional hydraulic flow meter tester company dedicated to providing high quality products and services.<br \/>\nSim, os medidores de caudal podem ser monitorizados remotamente. Muitos caudal\u00edmetros modernos est\u00e3o equipados com capacidades de comunica\u00e7\u00e3o sem fios, permitindo a sua monitoriza\u00e7\u00e3o remota atrav\u00e9s de um computador ou dispositivo m\u00f3vel. Al\u00e9m disso, alguns caudal\u00edmetros est\u00e3o equipados com capacidades de comunica\u00e7\u00e3o por telem\u00f3vel ou sat\u00e9lite, permitindo a sua monitoriza\u00e7\u00e3o a partir de praticamente qualquer local.<\/p>\n<p><img style=\"max-width: 100%;\" title=\"Can hydraulic flow meter tester be monitored remotely?\" src=\"https:\/\/www.hginstrument.com\/wp-content\/uploads\/2021\/07\/wedge-1.jpg\" alt=\"Can hydraulic flow meter tester be monitored remotely?\" \/><\/p>\n<\/div>\n<div id=\"13\">\n<p><strong>13.About hydraulic flow meter tester R&amp;D capabilities<\/strong><\/p>\n<p>As capacidades de I&amp;D de caudal\u00edmetros referem-se \u00e0 capacidade de uma empresa ou organiza\u00e7\u00e3o para investigar, desenvolver e fabricar caudal\u00edmetros. Isto inclui a capacidade de conceber, testar e fabricar caudal\u00edmetros que satisfa\u00e7am os requisitos dos clientes e as normas da ind\u00fastria. Inclui tamb\u00e9m a capacidade de desenvolver novas tecnologias e produtos para satisfazer as necessidades em constante mudan\u00e7a da ind\u00fastria. As empresas com fortes capacidades de I&amp;D s\u00e3o capazes de se manter \u00e0 frente da concorr\u00eancia e fornecer aos clientes os caudal\u00edmetros mais avan\u00e7ados e fi\u00e1veis.<\/p>\n<\/div>\n<div id=\"14\">\n<p><strong>14.About hydraulic flow meter tester production skills training<\/strong><\/p>\n<p>A forma\u00e7\u00e3o em compet\u00eancias de produ\u00e7\u00e3o de caudal\u00edmetros foi concebida para ensinar aos t\u00e9cnicos e engenheiros as compet\u00eancias necess\u00e1rias para produzir e manter caudal\u00edmetros. A forma\u00e7\u00e3o abrange t\u00f3picos como os princ\u00edpios da medi\u00e7\u00e3o de caudal, os tipos de caudal\u00edmetros dispon\u00edveis, a instala\u00e7\u00e3o e manuten\u00e7\u00e3o de caudal\u00edmetros e t\u00e9cnicas de resolu\u00e7\u00e3o de problemas. A forma\u00e7\u00e3o tamb\u00e9m abrange a utiliza\u00e7\u00e3o de software inform\u00e1tico para analisar e interpretar dados de caudal. A forma\u00e7\u00e3o \u00e9 normalmente realizada em sala de aula e pode incluir actividades pr\u00e1ticas.<\/p>\n<\/div>\n<div id=\"15\">\n<p><strong>15.What are the common types of hydraulic flow meter testers?<\/strong><\/p>\n<p>Our mission is to provide customers with the best solutions for hydraulic flow meter tester.<br \/>\n1. Medidores de caudal de press\u00e3o diferencial<br \/>\n2. Medidores de caudal de deslocamento positivo<br \/>\n3. Medidores de caudal de turbina<br \/>\n4. Medidores de caudal magn\u00e9ticos<br \/>\n5. Medidores de caudal ultra-s\u00f3nicos<br \/>\n6. Medidores de caudal Coriolis<br \/>\n7. Medidores de caudal de v\u00f3rtice<br \/>\n8. Medidores de caudal alvo<br \/>\n9. Medidores de caudal de \u00e1rea vari\u00e1vel<br \/>\n10. Medidores de caudal m\u00e1ssico<\/p>\n<\/div>\n<div id=\"16\">\n<p><strong>16.About hydraulic flow meter tester origin<\/strong><\/p>\n<p>O primeiro medidor de caudal foi inventado em 1832 por um ingl\u00eas chamado William Henry. Ele desenvolveu um dispositivo que utilizava um flutuador para medir o caudal de \u00e1gua num tubo. Este dispositivo foi o primeiro do seu g\u00e9nero e foi o precursor dos medidores de caudal modernos. Desde ent\u00e3o, os medidores de caudal t\u00eam sido utilizados numa variedade de ind\u00fastrias para medir o caudal de l\u00edquidos, gases e outros materiais. Atualmente, os medidores de caudal s\u00e3o utilizados numa variedade de aplica\u00e7\u00f5es, desde a medi\u00e7\u00e3o do caudal de \u00e1gua num tubo at\u00e9 \u00e0 medi\u00e7\u00e3o do caudal de petr\u00f3leo numa refinaria.<\/p>\n<p><img style=\"max-width: 100%;\" title=\"About hydraulic flow meter tester origin\" src=\"https:\/\/www.hginstrument.com\/wp-content\/uploads\/2021\/07\/hgcmf-c1-1.jpg\" alt=\"About hydraulic flow meter tester origin\" \/><\/p>\n<\/div>\n<p>&nbsp;<\/p>\n<p>Etiqueta\uff1a<a href=\"\/pt\/magnetic-flow-meter\/paddle-flow-meter\/\">paddle flow meter<\/a>,<a href=\"\/pt\/magnetic-flow-meter\/water-flow-meter-1-2-inch\/\">water flow meter 1 2 inch<\/a>,<a href=\"\/pt\/magnetic-flow-meter\/industrial-flow-meter\/\">industrial flow meter<\/a><\/p>\n<p>&nbsp;<\/p>","protected":false},"excerpt":{"rendered":"<p><strong>Dados t\u00e9cnicos<\/strong><br \/>\nPode servir fluidos l\u00edquidos ou gasosos, sendo normalmente utilizado para medir o caudal de vapor, vapor, ar e g\u00e1s natural.<br \/>\nTamanho do contador: Tipo em linha: DN25 - DN300<br \/>\nOp\u00e7\u00e3o de material h\u00famido: SS304, SS316<br \/>\nTemperatura de funcionamento: \u2264250\u2103<br \/>\nLiga\u00e7\u00e3o ao processo: Wafer \/ Flange \/ Tri-clamp para o tipo In-line<br \/>\nPrecis\u00e3o de medi\u00e7\u00e3o: 1,0 % - 1,5% do intervalo de calibra\u00e7\u00e3o<br \/>\nIndicador digital: apresenta o caudal instant\u00e2neo e o caudal total<br \/>\nFonte de alimenta\u00e7\u00e3o: 24VDC, Sa\u00edda: 4-20mA<\/p>\n<p><strong>caracter\u00edsticas<\/strong><br \/>\n1. pontos de regula\u00e7\u00e3o ON\/OFF ajust\u00e1veis<br \/>\n2. modo de alarme de caudal alto ou baixo<br \/>\n3. tempo de atraso ajust\u00e1vel<br \/>\n4. LED de estado do rel\u00e9<\/p>","protected":false},"featured_media":3691,"comment_status":"closed","ping_status":"closed","template":"","meta":[],"product_cat":[2372],"product_tag":[],"acf":[],"_links":{"self":[{"href":"https:\/\/www.hginstrument.com\/pt\/wp-json\/wp\/v2\/product\/5487"}],"collection":[{"href":"https:\/\/www.hginstrument.com\/pt\/wp-json\/wp\/v2\/product"}],"about":[{"href":"https:\/\/www.hginstrument.com\/pt\/wp-json\/wp\/v2\/types\/product"}],"replies":[{"embeddable":true,"href":"https:\/\/www.hginstrument.com\/pt\/wp-json\/wp\/v2\/comments?post=5487"}],"wp:featuredmedia":[{"embeddable":true,"href":"https:\/\/www.hginstrument.com\/pt\/wp-json\/wp\/v2\/media\/3691"}],"wp:attachment":[{"href":"https:\/\/www.hginstrument.com\/pt\/wp-json\/wp\/v2\/media?parent=5487"}],"wp:term":[{"taxonomy":"product_cat","embeddable":true,"href":"https:\/\/www.hginstrument.com\/pt\/wp-json\/wp\/v2\/product_cat?post=5487"},{"taxonomy":"product_tag","embeddable":true,"href":"https:\/\/www.hginstrument.com\/pt\/wp-json\/wp\/v2\/product_tag?post=5487"}],"curies":[{"name":"wp","href":"https:\/\/api.w.org\/{rel}","templated":true}]}}