{"id":5505,"date":"2023-12-24T09:00:33","date_gmt":"2023-12-24T01:00:33","guid":{"rendered":"https:\/\/www.hginstrument.com\/?post_type=product&#038;p=5505"},"modified":"2024-01-03T10:43:12","modified_gmt":"2024-01-03T02:43:12","slug":"in-line-fuel-flow-meter","status":"publish","type":"product","link":"https:\/\/www.hginstrument.com\/pt\/magnetic-flow-meter\/in-line-fuel-flow-meter\/","title":{"rendered":"caudal\u00edmetro de combust\u00edvel em linha"},"content":{"rendered":"<p>O medidor de caudal de combust\u00edvel em linha \u00e9 uma tecnologia precisa e fi\u00e1vel utilizada para medir o caudal de um fluido. Mede com precis\u00e3o o volume, a massa ou a velocidade do fluido que passa por um ponto espec\u00edfico num determinado per\u00edodo de tempo. O medidor de caudal de combust\u00edvel em linha \u00e9 concebido com caracter\u00edsticas avan\u00e7adas, como um visor de alta resolu\u00e7\u00e3o, processamento de sinal digital e registo de dados em tempo real.<\/p>\n<p>Uma das principais caracter\u00edsticas do medidor de caudal de combust\u00edvel em linha \u00e9 a sua capacidade de medir com precis\u00e3o o caudal de v\u00e1rios fluidos, incluindo l\u00edquidos, gases e vapor. Isto \u00e9 poss\u00edvel gra\u00e7as ao seu m\u00e9todo \u00fanico de medi\u00e7\u00e3o do caudal por press\u00e3o diferencial, que assegura uma perda de press\u00e3o m\u00ednima e uma elevada precis\u00e3o de medi\u00e7\u00e3o. Al\u00e9m disso, o instrumento \u00e9 capaz de medir caudais numa vasta gama, tornando-o adequado para aplica\u00e7\u00f5es de caudal baixo e elevado.<\/p>\n<p>Outra vantagem da utiliza\u00e7\u00e3o de um medidor de caudal de combust\u00edvel em linha \u00e9 a sua baixa necessidade de manuten\u00e7\u00e3o. O instrumento foi concebido para ser resistente a ambientes agressivos e pode funcionar continuamente sem necessidade de limpeza e calibra\u00e7\u00e3o frequentes. Isto n\u00e3o s\u00f3 reduz o tempo de inatividade, como tamb\u00e9m ajuda a reduzir os custos das ind\u00fastrias que exigem uma monitoriza\u00e7\u00e3o constante do caudal.<\/p>\n<table class=\"table table-bordered\">\n<tbody>\n<tr>\n<td><span style=\"vertical-align: inherit;\"><span style=\"vertical-align: inherit;\">Tipo\uff1a<\/span><\/span><\/td>\n<td><span style=\"vertical-align: inherit;\">caudal\u00edmetro de combust\u00edvel em linha<\/span><\/td>\n<td><span style=\"vertical-align: inherit;\"><span style=\"vertical-align: inherit;\">Sinal de sa\u00edda\uff1a<\/span><\/span><\/td>\n<td><span style=\"vertical-align: inherit;\"><span style=\"vertical-align: inherit;\">4-15mA, Impulso\/Frequ\u00eancia 2kHz(Predefini\u00e7\u00e3o), 5KHz(M\u00e1x.)<\/span><\/span><\/td>\n<\/tr>\n<tr>\n<td><span style=\"vertical-align: inherit;\"><span style=\"vertical-align: inherit;\">Local de origem\uff1a<\/span><\/span><\/td>\n<td><span style=\"vertical-align: inherit;\"><span style=\"vertical-align: inherit;\">Jiangsu\uff0cChina<\/span><\/span><\/td>\n<td><span style=\"vertical-align: inherit;\"><span style=\"vertical-align: inherit;\">Incorporar tipo\uff1a<\/span><\/span><\/td>\n<td><span style=\"vertical-align: inherit;\"><span style=\"vertical-align: inherit;\">-10\u2103- +53\u2103<\/span><\/span><\/td>\n<\/tr>\n<tr>\n<td><span style=\"vertical-align: inherit;\"><span style=\"vertical-align: inherit;\">Garantia\uff1a<\/span><\/span><\/td>\n<td><span style=\"vertical-align: inherit;\"><span style=\"vertical-align: inherit;\">14 meses<\/span><\/span><\/td>\n<td><span style=\"vertical-align: inherit;\"><span style=\"vertical-align: inherit;\">Tens\u00e3o de alimenta\u00e7\u00e3o\uff1a<\/span><\/span><\/td>\n<td><span style=\"vertical-align: inherit;\"><span style=\"vertical-align: inherit;\">110\/220VAC (100-240VAC), 50Hz\/60Hz; 24VDC\u00b110%<\/span><\/span><\/td>\n<\/tr>\n<tr>\n<td><span style=\"vertical-align: inherit;\"><span style=\"vertical-align: inherit;\">Suporte personalizado\uff1a<\/span><\/span><\/td>\n<td><span style=\"vertical-align: inherit;\"><span style=\"vertical-align: inherit;\">OEM, ODM, OBM<\/span><\/span><\/td>\n<td><span style=\"vertical-align: inherit;\"><span style=\"vertical-align: inherit;\">Comunica\u00e7\u00e3o digital\uff1a<\/span><\/span><\/td>\n<td><span style=\"vertical-align: inherit;\"><span style=\"vertical-align: inherit;\">RS-485, suporta o protocolo padr\u00e3o Mudbugs-RTU; GPRS<\/span><\/span><\/td>\n<\/tr>\n<tr>\n<td><span style=\"vertical-align: inherit;\"><span style=\"vertical-align: inherit;\">Nome da marca\uff1a<\/span><\/span><\/td>\n<td><span style=\"vertical-align: inherit;\"><span style=\"vertical-align: inherit;\">GRUPO SUYI<\/span><\/span><\/td>\n<td><span style=\"vertical-align: inherit;\"><span style=\"vertical-align: inherit;\">Press\u00e3o nominal\uff1a<\/span><\/span><\/td>\n<td><span style=\"vertical-align: inherit;\"><span style=\"vertical-align: inherit;\">1MPa (DN15-DN800), 1,6MPa (DN15-DN800), 2,5MPa (DN15-DN600)<\/span><\/span><\/td>\n<\/tr>\n<tr>\n<td><span style=\"vertical-align: inherit;\"><span style=\"vertical-align: inherit;\">N\u00famero do modelo\uff1a<\/span><\/span><\/td>\n<td><span style=\"vertical-align: inherit;\"><span style=\"vertical-align: inherit;\">outros<\/span><\/span><\/td>\n<td><span style=\"vertical-align: inherit;\"><span style=\"vertical-align: inherit;\">Sensor\uff1a<\/span><\/span><\/td>\n<td><span style=\"vertical-align: inherit;\"><span style=\"vertical-align: inherit;\">0\u2103- +80\u2103 ou -25\u2103- +120\u2103 ou +70\u2103- +250\u2103<\/span><\/span><\/td>\n<\/tr>\n<tr>\n<td><span style=\"vertical-align: inherit;\"><span style=\"vertical-align: inherit;\">Nome do produto\uff1a<\/span><\/span><\/td>\n<td><span style=\"vertical-align: inherit;\"><span style=\"vertical-align: inherit;\">Medidor de caudal de \u00e1gua qu\u00edmica digital inteligente eletromagn\u00e9tico<\/span><\/span><\/td>\n<td><span style=\"vertical-align: inherit;\"><span style=\"vertical-align: inherit;\">Detalhes da embalagem\uff1a<\/span><\/span><\/td>\n<td><span style=\"vertical-align: inherit;\"><span style=\"vertical-align: inherit;\">1 conjunto por embalagem ou conforme o pedido do cliente<\/span><\/span><\/td>\n<\/tr>\n<tr>\n<td><span style=\"vertical-align: inherit;\"><span style=\"vertical-align: inherit;\">Di\u00e2metro nominal\uff1a<\/span><\/span><\/td>\n<td><span style=\"vertical-align: inherit;\"><span style=\"vertical-align: inherit;\">3-3096mm<\/span><\/span><\/td>\n<td><span style=\"vertical-align: inherit;\"><span style=\"vertical-align: inherit;\">Capacidade de fornecimento\uff1a<\/span><\/span><\/td>\n<td><span style=\"vertical-align: inherit;\"><span style=\"vertical-align: inherit;\">1822 conjuntos\/conjuntos por m\u00eas<\/span><\/span><\/td>\n<\/tr>\n<tr>\n<td><span style=\"vertical-align: inherit;\"><span style=\"vertical-align: inherit;\">gama de velocidades\uff1a<\/span><\/span><\/td>\n<td><span style=\"vertical-align: inherit;\"><span style=\"vertical-align: inherit;\">0-6m\/s<\/span><\/span><\/td>\n<td><span style=\"vertical-align: inherit;\"><span style=\"vertical-align: inherit;\">Quantidade (conjuntos)\uff1a<\/span><\/span><\/td>\n<td><span style=\"vertical-align: inherit;\"><span style=\"vertical-align: inherit;\">&gt; 30<\/span><\/span><\/td>\n<\/tr>\n<tr>\n<td><span style=\"vertical-align: inherit;\"><span style=\"vertical-align: inherit;\">Grau de precis\u00e3o\uff1a<\/span><\/span><\/td>\n<td><span style=\"vertical-align: inherit;\"><span style=\"vertical-align: inherit;\">\u00b10,5%R, \u00b11%R ( &lt; DN20)<\/span><\/span><\/td>\n<td><span style=\"vertical-align: inherit;\"><span style=\"vertical-align: inherit;\">Prazo de execu\u00e7\u00e3o (dias)\uff1a<\/span><\/span><\/td>\n<td><span style=\"vertical-align: inherit;\"><span style=\"vertical-align: inherit;\">A ser negociado<\/span><\/span><\/td>\n<\/tr>\n<\/tbody>\n<\/table>\n<p>&nbsp;<\/p>\n<p>&nbsp;<\/p>\n<p style=\"text-align: center;\"><img title=\"caudal\u00edmetro de combust\u00edvel em linha\" src=\"https:\/\/www.hginstrument.com\/wp-content\/uploads\/2021\/07\/in-line-pipeline-type-hgd-electromagnetic-flow-meter.jpg\" \/><\/p>\n<p>&nbsp;<\/p>\n<p>&nbsp;<\/p>\n<p style=\"text-align: center;\"><img title=\"caudal\u00edmetro de combust\u00edvel em linha\" src=\"https:\/\/www.hginstrument.com\/wp-content\/uploads\/2021\/07\/insertion-01.jpg\" \/><\/p>\n<p>&nbsp;<\/p>\n<p>&nbsp;<\/p>\n<p style=\"text-align: center;\"><img title=\"caudal\u00edmetro de combust\u00edvel em linha\" src=\"https:\/\/www.hginstrument.com\/wp-content\/uploads\/2021\/07\/sanitary-mag-1.jpg\" \/><\/p>\n<p><strong>Guia de perguntas frequentes sobre o medidor de caudal de combust\u00edvel em linha.<\/strong><\/p>\n<p>No cora\u00e7\u00e3o da nossa s\u00e9rie de medidores de caudal de combust\u00edvel em linha est\u00e1 um compromisso com a excel\u00eancia, combinando tecnologia avan\u00e7ada de sensores com interfaces de f\u00e1cil utiliza\u00e7\u00e3o. Do l\u00edquido ao g\u00e1s, os nossos medidores proporcionam uma precis\u00e3o sem paralelo, permitindo-lhe tomar decis\u00f5es informadas e otimizar as opera\u00e7\u00f5es. Ao iniciarmos uma nova era de medi\u00e7\u00e3o de fluidos, convidamo-lo a explorar as possibilidades ilimitadas que os nossos medidores de caudal de combust\u00edvel em linha abrem - onde a precis\u00e3o encontra o desempenho e a inova\u00e7\u00e3o flui sem problemas.<\/p>\n<div style=\"border: 3px solid #f89900; margin: 20px 0; padding: 20px;\"><a href=\"\/pt\/in-line-fuel-flow-meter\/#01\">1.Sobre o medidor de fluxo de combust\u00edvel em linha no armaz\u00e9m no exterior<\/a><br \/>\n<a href=\"\/pt\/in-line-fuel-flow-meter\/#02\">2) Quais s\u00e3o os tipos comuns de caudal\u00edmetros de combust\u00edvel em linha?<\/a><br \/>\n<a href=\"\/pt\/in-line-fuel-flow-meter\/#03\">3) Qual \u00e9 a gama de temperaturas de funcionamento do medidor de caudal de combust\u00edvel em linha?<\/a><br \/>\n<a href=\"\/pt\/in-line-fuel-flow-meter\/#04\">4. o que \u00e9 um medidor de caudal de combust\u00edvel em linha?<\/a><br \/>\n<a href=\"\/pt\/in-line-fuel-flow-meter\/#05\">5. como \u00e9 que um medidor de caudal de combust\u00edvel em linha mede o caudal?<\/a><br \/>\n<a href=\"\/pt\/in-line-fuel-flow-meter\/#06\">6. o desempenho \u00e0 prova de explos\u00e3o do medidor de caudal de combust\u00edvel em linha cumpre as normas relevantes?<\/a><br \/>\n<a href=\"\/pt\/in-line-fuel-flow-meter\/#07\">7. qual \u00e9 a gama de medi\u00e7\u00e3o do caudal\u00edmetro de combust\u00edvel em linha?<\/a><br \/>\n<a href=\"\/pt\/in-line-fuel-flow-meter\/#08\">8. o medidor de caudal de combust\u00edvel em linha tem capacidade de controlo remoto?<\/a><br \/>\n<a href=\"\/pt\/in-line-fuel-flow-meter\/#09\">9.Sobre a patente do caudal\u00edmetro de combust\u00edvel em linha<\/a><br \/>\n<a href=\"\/pt\/in-line-fuel-flow-meter\/#010\">10.A unidade de medi\u00e7\u00e3o do caudal\u00edmetro de combust\u00edvel em linha \u00e9 substitu\u00edvel?<\/a><br \/>\n<a href=\"\/pt\/in-line-fuel-flow-meter\/#11\">11. o medidor de caudal de combust\u00edvel em linha \u00e9 anti-corros\u00e3o?<\/a><br \/>\n<a href=\"\/pt\/in-line-fuel-flow-meter\/#12\">12.Sobre o m\u00e9todo de pagamento do medidor de caudal de combust\u00edvel em linha<\/a><br \/>\n<a href=\"\/pt\/in-line-fuel-flow-meter\/#13\">13.Sobre a capacidade de produ\u00e7\u00e3o do medidor de caudal de combust\u00edvel em linha<\/a><br \/>\n<a href=\"\/pt\/in-line-fuel-flow-meter\/#14\">14. Como \u00e9 que o medidor de caudal de combust\u00edvel em linha detecta as propriedades do fluido alvo?<\/a><br \/>\n<a href=\"\/pt\/in-line-fuel-flow-meter\/#15\">15) Quais s\u00e3o os requisitos para o local espec\u00edfico de instala\u00e7\u00e3o do medidor de caudal de combust\u00edvel em linha?<\/a><\/div>\n<div id=\"01\">\n<p><strong>1.Sobre o medidor de fluxo de combust\u00edvel em linha no armaz\u00e9m no exterior<\/strong><\/p>\n<p>Os armaz\u00e9ns de medidores de caudal no estrangeiro s\u00e3o armaz\u00e9ns localizados em pa\u00edses estrangeiros que armazenam medidores de caudal e produtos relacionados. Estes armaz\u00e9ns s\u00e3o utilizados para armazenar e distribuir medidores de caudal a clientes em diferentes pa\u00edses. Normalmente, situam-se em pa\u00edses com uma grande procura de medidores de caudal, como os Estados Unidos, o Canad\u00e1 e a Europa. Os armaz\u00e9ns s\u00e3o normalmente detidos e explorados pelo fabricante dos medidores de caudal ou por um fornecedor de log\u00edstica terceiro. Os armaz\u00e9ns s\u00e3o normalmente abastecidos com uma variedade de medidores de caudal, incluindo medidores de caudal digitais, anal\u00f3gicos e ultra-s\u00f3nicos. Tamb\u00e9m costumam armazenar pe\u00e7as sobressalentes e acess\u00f3rios para os medidores de caudal.<\/p>\n<\/div>\n<div id=\"02\">\n<p><strong>2) Quais s\u00e3o os tipos comuns de caudal\u00edmetros de combust\u00edvel em linha?<\/strong><\/p>\n<p>A nossa miss\u00e3o \u00e9 fornecer aos clientes as melhores solu\u00e7\u00f5es para medidores de caudal de combust\u00edvel em linha.<br \/>\n1. Medidores de caudal de press\u00e3o diferencial<br \/>\n2. Medidores de caudal de deslocamento positivo<br \/>\n3. Medidores de caudal de turbina<br \/>\n4. Medidores de caudal magn\u00e9ticos<br \/>\n5. Medidores de caudal ultra-s\u00f3nicos<br \/>\n6. Medidores de caudal Coriolis<br \/>\n7. Medidores de caudal de v\u00f3rtice<br \/>\n8. Medidores de caudal alvo<br \/>\n9. Medidores de caudal de \u00e1rea vari\u00e1vel<br \/>\n10. Medidores de caudal m\u00e1ssico<\/p>\n<p><img style=\"max-width: 100%;\" title=\"Quais s\u00e3o os tipos comuns de flux\u00f3metros de combust\u00edvel em linha?\" src=\"https:\/\/www.hginstrument.com\/wp-content\/uploads\/2021\/07\/wedge-1.jpg\" alt=\"Quais s\u00e3o os tipos comuns de flux\u00f3metros de combust\u00edvel em linha?\" \/><\/p>\n<\/div>\n<div id=\"03\">\n<p><strong>3) Qual \u00e9 a gama de temperaturas de funcionamento do medidor de caudal de combust\u00edvel em linha?<\/strong><\/p>\n<p>Estabelecemos uma boa reputa\u00e7\u00e3o e parcerias fi\u00e1veis no sector dos medidores de caudal de combust\u00edvel em linha.<br \/>\nA gama de temperaturas de funcionamento do medidor de caudal \u00e9 de -40\u00b0C a 60\u00b0C (-40\u00b0F a 140\u00b0F).<\/p>\n<\/div>\n<div id=\"04\">\n<p><strong>4. o que \u00e9 um medidor de caudal de combust\u00edvel em linha?<\/strong><\/p>\n<p>Apostamos no trabalho de equipa e na comunica\u00e7\u00e3o para atingir objectivos comuns.<br \/>\nUm medidor de caudal \u00e9 um dispositivo utilizado para medir o caudal ou a quantidade de um g\u00e1s ou l\u00edquido que se desloca atrav\u00e9s de um tubo. Os medidores de caudal medem o caudal volum\u00e9trico ou m\u00e1ssico de um l\u00edquido ou g\u00e1s. S\u00e3o utilizados numa variedade de ind\u00fastrias, incluindo o tratamento de \u00e1gua e de \u00e1guas residuais, petr\u00f3leo e g\u00e1s, processamento qu\u00edmico e produ\u00e7\u00e3o de alimentos e bebidas.<\/p>\n<p><img style=\"max-width: 100%;\" title=\"O que \u00e9 um medidor de caudal de combust\u00edvel em linha?\" src=\"https:\/\/www.hginstrument.com\/wp-content\/uploads\/2021\/07\/verabar-1.jpg\" alt=\"O que \u00e9 um medidor de caudal de combust\u00edvel em linha?\" \/><\/p>\n<\/div>\n<div id=\"05\">\n<p><strong>5. como \u00e9 que um medidor de caudal de combust\u00edvel em linha mede o caudal?<\/strong><\/p>\n<p>Operamos o nosso neg\u00f3cio de medidores de caudal de combust\u00edvel em linha com integridade e honestidade.<br \/>\nUm medidor de caudal mede o caudal atrav\u00e9s da medi\u00e7\u00e3o da velocidade de um fluido \u00e0 medida que este passa atrav\u00e9s de um tubo ou outra conduta. Normalmente, isto \u00e9 feito medindo a queda de press\u00e3o numa \u00e1rea conhecida, ou medindo o tempo que demora um volume de fluido a passar por uma \u00e1rea conhecida. Outros m\u00e9todos incluem a utiliza\u00e7\u00e3o de uma turbina, roda de p\u00e1s ou transdutor ultrass\u00f3nico para medir a velocidade do fluido.<\/p>\n<\/div>\n<div id=\"06\">\n<p><strong>6. o desempenho \u00e0 prova de explos\u00e3o do medidor de caudal de combust\u00edvel em linha cumpre as normas relevantes?<\/strong><\/p>\n<p>Sim, o desempenho \u00e0 prova de explos\u00e3o do medidor de caudal cumpre as normas relevantes. O medidor de caudal deve ser certificado por um organismo de certifica\u00e7\u00e3o reconhecido para garantir que cumpre os requisitos das normas relevantes.<\/p>\n<p><img style=\"max-width: 100%;\" title=\"O desempenho \u00e0 prova de explos\u00e3o do medidor de caudal de combust\u00edvel em linha cumpre as normas relevantes?\" src=\"https:\/\/www.hginstrument.com\/wp-content\/uploads\/2021\/07\/hgcmf-c1-1.jpg\" alt=\"O desempenho \u00e0 prova de explos\u00e3o do medidor de caudal de combust\u00edvel em linha cumpre as normas relevantes?\" \/><\/p>\n<\/div>\n<div id=\"07\">\n<p><strong>7. qual \u00e9 a gama de medi\u00e7\u00e3o do caudal\u00edmetro de combust\u00edvel em linha?<\/strong><\/p>\n<p>Actualizamos continuamente as nossas compet\u00eancias e conhecimentos para nos adaptarmos \u00e0 evolu\u00e7\u00e3o das necessidades do mercado de caudal\u00edmetros de combust\u00edvel em linha.<br \/>\nA gama de medi\u00e7\u00e3o de um medidor de caudal depende do tipo de medidor de caudal utilizado. Geralmente, a gama de medi\u00e7\u00e3o de um medidor de caudal pode variar entre 0,01 e 1000 litros por minuto.<\/p>\n<\/div>\n<div id=\"08\">\n<p><strong>8. o medidor de caudal de combust\u00edvel em linha tem capacidade de controlo remoto?<\/strong><\/p>\n<p>Concentramo-nos nas necessidades dos nossos clientes e esfor\u00e7amo-nos por satisfazer as suas expectativas, pelo que levamos isto muito a s\u00e9rio.<br \/>\nDepende do modelo espec\u00edfico do medidor de caudal. Alguns modelos podem ter capacidades de controlo remoto, enquanto outros n\u00e3o.<\/p>\n<p><img style=\"max-width: 100%;\" title=\"O medidor de d\u00e9bito de combust\u00edvel em linha tem capacidade de controlo remoto?\" src=\"https:\/\/www.hginstrument.com\/wp-content\/uploads\/2021\/07\/hguoc-1.jpg\" alt=\"O medidor de d\u00e9bito de combust\u00edvel em linha tem capacidade de controlo remoto?\" \/><\/p>\n<\/div>\n<div id=\"09\">\n<p><strong>9.Sobre a patente do caudal\u00edmetro de combust\u00edvel em linha<\/strong><\/p>\n<p>As patentes de caudal\u00edmetros s\u00e3o patentes que abrangem a conce\u00e7\u00e3o e o funcionamento de caudal\u00edmetros. Os medidores de caudal s\u00e3o dispositivos utilizados para medir o caudal de um l\u00edquido ou g\u00e1s. Os medidores de caudal s\u00e3o utilizados numa variedade de ind\u00fastrias, incluindo o tratamento de \u00e1gua e de \u00e1guas residuais, petr\u00f3leo e g\u00e1s e processamento qu\u00edmico. Os medidores de caudal s\u00e3o utilizados para medir o caudal de um fluido, o volume total de um fluido e a press\u00e3o de um fluido. Os medidores de caudal podem ser mec\u00e2nicos, el\u00e9ctricos ou \u00f3pticos. Os medidores de caudal podem ser utilizados para medir o caudal de l\u00edquidos, gases e vapor.<\/p>\n<\/div>\n<div id=\"010\">\n<p><strong>10.A unidade de medi\u00e7\u00e3o do caudal\u00edmetro de combust\u00edvel em linha \u00e9 substitu\u00edvel?<\/strong><\/p>\n<p>Como um dos principais fabricantes de medidores de fluxo de combust\u00edvel em linha na China, levamos isso muito a s\u00e9rio.<br \/>\nSim, a unidade de medi\u00e7\u00e3o de um medidor de caudal \u00e9 substitu\u00edvel.<\/p>\n<p><img style=\"max-width: 100%;\" title=\"A unidade de medi\u00e7\u00e3o do caudal\u00edmetro de combust\u00edvel em linha \u00e9 substitu\u00edvel?\" src=\"https:\/\/www.hginstrument.com\/wp-content\/uploads\/2021\/07\/hls-2000h-m2.jpg\" alt=\"A unidade de medi\u00e7\u00e3o do caudal\u00edmetro de combust\u00edvel em linha \u00e9 substitu\u00edvel?\" \/><\/p>\n<\/div>\n<div id=\"11\">\n<p><strong>11. o medidor de caudal de combust\u00edvel em linha \u00e9 anti-corros\u00e3o?<\/strong><\/p>\n<p>Estabelecemos uma boa reputa\u00e7\u00e3o e parcerias fi\u00e1veis no sector dos medidores de caudal de combust\u00edvel em linha.<br \/>\nSim, a maioria dos medidores de caudal s\u00e3o concebidos para serem resistentes \u00e0 corros\u00e3o. No entanto, o tipo espec\u00edfico de caudal\u00edmetro e o ambiente em que \u00e9 utilizado determinar\u00e3o o grau de resist\u00eancia \u00e0 corros\u00e3o.<\/p>\n<\/div>\n<div id=\"12\">\n<p><strong>12.Sobre o m\u00e9todo de pagamento do medidor de caudal de combust\u00edvel em linha<\/strong><\/p>\n<p>O pagamento com caudal\u00edmetro \u00e9 um m\u00e9todo de pagamento que utiliza um caudal\u00edmetro para medir a quantidade de energia utilizada por um cliente. O cliente paga a energia utilizada com base na quantidade de energia medida pelo medidor de caudal. Este m\u00e9todo de pagamento \u00e9 frequentemente utilizado em ambientes comerciais e industriais, onde o consumo de energia \u00e9 elevado e precisa de ser controlado com precis\u00e3o. O pagamento por caudal\u00edmetro tamb\u00e9m \u00e9 utilizado em alguns contextos residenciais, onde os clientes podem pagar a sua utiliza\u00e7\u00e3o de energia com base na quantidade de energia que utilizam.<\/p>\n<p><img style=\"max-width: 100%;\" title=\"Sobre o m\u00e9todo de pagamento do medidor de caudal de combust\u00edvel em linha\" src=\"https:\/\/www.hginstrument.com\/wp-content\/uploads\/2021\/07\/hluc-1.jpg\" alt=\"Sobre o m\u00e9todo de pagamento do medidor de caudal de combust\u00edvel em linha\" \/><\/p>\n<\/div>\n<div id=\"13\">\n<p><strong>13.Sobre a capacidade de produ\u00e7\u00e3o do medidor de caudal de combust\u00edvel em linha<\/strong><\/p>\n<p>A capacidade de produ\u00e7\u00e3o de medidores de caudal depende do tipo de medidor de caudal que est\u00e1 a ser produzido. Geralmente, a capacidade de produ\u00e7\u00e3o \u00e9 determinada pela dimens\u00e3o da instala\u00e7\u00e3o de produ\u00e7\u00e3o, pelo n\u00famero de m\u00e1quinas e pessoal dispon\u00edvel e pelo tipo de medidor de caudal que est\u00e1 a ser produzido. Por exemplo, uma instala\u00e7\u00e3o de produ\u00e7\u00e3o especializada na produ\u00e7\u00e3o de caudal\u00edmetros de turbina pode ter uma capacidade de produ\u00e7\u00e3o superior \u00e0 de uma instala\u00e7\u00e3o que produz caudal\u00edmetros ultra-s\u00f3nicos. Al\u00e9m disso, a capacidade de produ\u00e7\u00e3o de uma instala\u00e7\u00e3o pode ser afetada pela complexidade do medidor de caudal que est\u00e1 a ser produzido, bem como pela disponibilidade de mat\u00e9rias-primas e componentes.<\/p>\n<\/div>\n<div id=\"14\">\n<p><strong>14. Como \u00e9 que o medidor de caudal de combust\u00edvel em linha detecta as propriedades do fluido alvo?<\/strong><\/p>\n<p>Como um dos l\u00edderes do mercado de medidores de caudal de combust\u00edvel em linha, somos conhecidos pela inova\u00e7\u00e3o e fiabilidade.<br \/>\nOs medidores de caudal medem o caudal de um fluido atrav\u00e9s da dete\u00e7\u00e3o da velocidade do fluido. Normalmente, isto \u00e9 feito medindo a queda de press\u00e3o atrav\u00e9s de uma restri\u00e7\u00e3o conhecida no percurso do caudal, ou medindo a velocidade do fluido utilizando uma variedade de tecnologias como a ultra-s\u00f3nica, magn\u00e9tica ou t\u00e9rmica. O caudal pode ent\u00e3o ser utilizado para calcular as propriedades do fluido, como a densidade, a viscosidade e o caudal volum\u00e9trico.<\/p>\n<p><img style=\"max-width: 100%;\" title=\"Como \u00e9 que o medidor de caudal de combust\u00edvel em linha detecta as propriedades do fluido alvo?\" src=\"https:\/\/www.hginstrument.com\/wp-content\/uploads\/2021\/07\/in-line-pipeline-type-hgd-electromagnetic-flow-meter.jpg\" alt=\"Como \u00e9 que o medidor de caudal de combust\u00edvel em linha detecta as propriedades do fluido alvo?\" \/><\/p>\n<\/div>\n<div id=\"15\">\n<p><strong>15) Quais s\u00e3o os requisitos para o local espec\u00edfico de instala\u00e7\u00e3o do medidor de caudal de combust\u00edvel em linha?<\/strong><\/p>\n<p>Operamos o nosso neg\u00f3cio de medidores de caudal de combust\u00edvel em linha com integridade e honestidade.<br \/>\n1. O medidor de caudal deve ser instalado num local isento de vibra\u00e7\u00f5es, choques e outras for\u00e7as externas.<\/p>\n<p>2. O medidor de caudal deve ser instalado num local isento de gases corrosivos, l\u00edquidos e outros contaminantes.<\/p>\n<p>3. O medidor de caudal deve ser instalado num local acess\u00edvel para manuten\u00e7\u00e3o e calibra\u00e7\u00e3o.<\/p>\n<p>4. O medidor de caudal deve ser instalado num local isento de temperaturas e humidade extremas.<\/p>\n<p>5. O medidor de caudal deve ser instalado num local isento de interfer\u00eancias el\u00e9ctricas.<\/p>\n<\/div>\n<p>&nbsp;<\/p>\n<p>Etiqueta\uff1a<a href=\"\/pt\/magnetic-flow-meter\/top-10-flow-meter-manufacturers\/\">os 10 principais fabricantes de medidores de caudal<\/a>,<a href=\"\/pt\/magnetic-flow-meter\/ek-loop-connect---flow-meter\/\">ek-loop connect - medidor de caudal<\/a>,<a href=\"\/pt\/magnetic-flow-meter\/air-flow-meter-cleaner\/\">limpador de caudal\u00edmetro de ar<\/a>,<a href=\"\/pt\/magnetic-flow-meter\/water-flow-meter-4-20ma-output\/\">caudal\u00edmetro de \u00e1gua com sa\u00edda 4-20ma<\/a><\/p>\n<p>&nbsp;<\/p>","protected":false},"excerpt":{"rendered":"<p><strong>Dados t\u00e9cnicos<\/strong><br \/>\nPode servir fluidos l\u00edquidos ou gasosos, sendo normalmente utilizado para medir o caudal de vapor, vapor, ar e g\u00e1s natural.<br \/>\nTamanho do contador: Tipo em linha: DN25 - DN300<br \/>\nOp\u00e7\u00e3o de material h\u00famido: SS304, SS316<br \/>\nTemperatura de funcionamento: \u2264250\u2103<br \/>\nLiga\u00e7\u00e3o ao processo: Wafer \/ Flange \/ Tri-clamp para o tipo In-line<br \/>\nPrecis\u00e3o de medi\u00e7\u00e3o: 1,0 % - 1,5% do intervalo de calibra\u00e7\u00e3o<br \/>\nIndicador digital: apresenta o caudal instant\u00e2neo e o caudal total<br \/>\nFonte de alimenta\u00e7\u00e3o: 24VDC, Sa\u00edda: 4-20mA<\/p>\n<p><strong>caracter\u00edsticas<\/strong><br \/>\n1. pontos de regula\u00e7\u00e3o ON\/OFF ajust\u00e1veis<br \/>\n2. modo de alarme de caudal alto ou baixo<br \/>\n3. tempo de atraso ajust\u00e1vel<br \/>\n4. LED de estado do rel\u00e9<\/p>","protected":false},"featured_media":3691,"comment_status":"closed","ping_status":"closed","template":"","meta":[],"product_cat":[2372],"product_tag":[],"acf":[],"_links":{"self":[{"href":"https:\/\/www.hginstrument.com\/pt\/wp-json\/wp\/v2\/product\/5505"}],"collection":[{"href":"https:\/\/www.hginstrument.com\/pt\/wp-json\/wp\/v2\/product"}],"about":[{"href":"https:\/\/www.hginstrument.com\/pt\/wp-json\/wp\/v2\/types\/product"}],"replies":[{"embeddable":true,"href":"https:\/\/www.hginstrument.com\/pt\/wp-json\/wp\/v2\/comments?post=5505"}],"wp:featuredmedia":[{"embeddable":true,"href":"https:\/\/www.hginstrument.com\/pt\/wp-json\/wp\/v2\/media\/3691"}],"wp:attachment":[{"href":"https:\/\/www.hginstrument.com\/pt\/wp-json\/wp\/v2\/media?parent=5505"}],"wp:term":[{"taxonomy":"product_cat","embeddable":true,"href":"https:\/\/www.hginstrument.com\/pt\/wp-json\/wp\/v2\/product_cat?post=5505"},{"taxonomy":"product_tag","embeddable":true,"href":"https:\/\/www.hginstrument.com\/pt\/wp-json\/wp\/v2\/product_tag?post=5505"}],"curies":[{"name":"wp","href":"https:\/\/api.w.org\/{rel}","templated":true}]}}