{"id":5541,"date":"2023-12-24T10:17:41","date_gmt":"2023-12-24T02:17:41","guid":{"rendered":"https:\/\/www.hginstrument.com\/?post_type=product&#038;p=5541"},"modified":"2024-01-02T17:06:40","modified_gmt":"2024-01-02T09:06:40","slug":"inline-propane-flow-meter","status":"publish","type":"product","link":"https:\/\/www.hginstrument.com\/pt\/magnetic-flow-meter\/inline-propane-flow-meter\/","title":{"rendered":"caudal\u00edmetro de propano em linha"},"content":{"rendered":"<p>O medidor de caudal de propano em linha \u00e9 um dispositivo de medi\u00e7\u00e3o de caudal altamente avan\u00e7ado e personaliz\u00e1vel, concebido para uma vasta gama de aplica\u00e7\u00f5es industriais e comerciais. Este dispositivo utiliza tecnologia de ponta, incluindo sensores de precis\u00e3o e algoritmos avan\u00e7ados, para medir e monitorizar com precis\u00e3o os caudais de v\u00e1rios l\u00edquidos e gases.<\/p>\n<p>Uma das principais carater\u00edsticas do medidor de caudal de propano em linha \u00e9 a sua capacidade de medir com precis\u00e3o o caudal de v\u00e1rios fluidos, incluindo l\u00edquidos, gases e vapor. Isso \u00e9 poss\u00edvel gra\u00e7as ao seu m\u00e9todo exclusivo de medi\u00e7\u00e3o de fluxo de press\u00e3o diferencial, que garante perda m\u00ednima de press\u00e3o e alta precis\u00e3o de medi\u00e7\u00e3o. Al\u00e9m disso, o instrumento \u00e9 capaz de medir caudais numa vasta gama, tornando-o adequado para aplica\u00e7\u00f5es de caudal baixo e elevado.<\/p>\n<p>Outra vantagem da utiliza\u00e7\u00e3o do medidor de caudal de propano em linha \u00e9 a sua baixa necessidade de manuten\u00e7\u00e3o. O instrumento foi concebido para ser resistente a ambientes agressivos e pode funcionar continuamente sem necessidade de limpeza e calibra\u00e7\u00e3o frequentes. Isso n\u00e3o apenas reduz o tempo de inatividade, mas tamb\u00e9m ajuda na economia de custos para ind\u00fastrias que exigem monitoramento constante do fluxo.<\/p>\n<table class=\"table table-bordered\">\n<tbody>\n<tr>\n<td><span style=\"vertical-align: inherit;\"><span style=\"vertical-align: inherit;\">Tipo\uff1a<\/span><\/span><\/td>\n<td><span style=\"vertical-align: inherit;\">caudal\u00edmetro de propano em linha<\/span><\/td>\n<td><span style=\"vertical-align: inherit;\"><span style=\"vertical-align: inherit;\">Sinal de sa\u00edda\uff1a<\/span><\/span><\/td>\n<td><span style=\"vertical-align: inherit;\"><span style=\"vertical-align: inherit;\">4-10mA, Impulso\/Frequ\u00eancia 2kHz(Predefini\u00e7\u00e3o), 5KHz(M\u00e1x.)<\/span><\/span><\/td>\n<\/tr>\n<tr>\n<td><span style=\"vertical-align: inherit;\"><span style=\"vertical-align: inherit;\">Local de origem\uff1a<\/span><\/span><\/td>\n<td><span style=\"vertical-align: inherit;\"><span style=\"vertical-align: inherit;\">Jiangsu\uff0cChina<\/span><\/span><\/td>\n<td><span style=\"vertical-align: inherit;\"><span style=\"vertical-align: inherit;\">Incorporar tipo\uff1a<\/span><\/span><\/td>\n<td><span style=\"vertical-align: inherit;\"><span style=\"vertical-align: inherit;\">-10\u2103- +51\u2103<\/span><\/span><\/td>\n<\/tr>\n<tr>\n<td><span style=\"vertical-align: inherit;\"><span style=\"vertical-align: inherit;\">Garantia\uff1a<\/span><\/span><\/td>\n<td><span style=\"vertical-align: inherit;\"><span style=\"vertical-align: inherit;\">25 meses<\/span><\/span><\/td>\n<td><span style=\"vertical-align: inherit;\"><span style=\"vertical-align: inherit;\">Tens\u00e3o de alimenta\u00e7\u00e3o\uff1a<\/span><\/span><\/td>\n<td><span style=\"vertical-align: inherit;\"><span style=\"vertical-align: inherit;\">110\/220VAC (100-240VAC), 50Hz\/60Hz; 24VDC\u00b110%<\/span><\/span><\/td>\n<\/tr>\n<tr>\n<td><span style=\"vertical-align: inherit;\"><span style=\"vertical-align: inherit;\">Suporte personalizado\uff1a<\/span><\/span><\/td>\n<td><span style=\"vertical-align: inherit;\"><span style=\"vertical-align: inherit;\">OEM, ODM, OBM<\/span><\/span><\/td>\n<td><span style=\"vertical-align: inherit;\"><span style=\"vertical-align: inherit;\">Comunica\u00e7\u00e3o digital\uff1a<\/span><\/span><\/td>\n<td><span style=\"vertical-align: inherit;\"><span style=\"vertical-align: inherit;\">RS-485, suporta o protocolo padr\u00e3o Mudbugs-RTU; GPRS<\/span><\/span><\/td>\n<\/tr>\n<tr>\n<td><span style=\"vertical-align: inherit;\"><span style=\"vertical-align: inherit;\">Nome da marca\uff1a<\/span><\/span><\/td>\n<td><span style=\"vertical-align: inherit;\"><span style=\"vertical-align: inherit;\">GRUPO SUYI<\/span><\/span><\/td>\n<td><span style=\"vertical-align: inherit;\"><span style=\"vertical-align: inherit;\">Press\u00e3o nominal\uff1a<\/span><\/span><\/td>\n<td><span style=\"vertical-align: inherit;\"><span style=\"vertical-align: inherit;\">1MPa (DN15-DN800), 1,6MPa (DN15-DN800), 2,5MPa (DN15-DN600)<\/span><\/span><\/td>\n<\/tr>\n<tr>\n<td><span style=\"vertical-align: inherit;\"><span style=\"vertical-align: inherit;\">N\u00famero do modelo\uff1a<\/span><\/span><\/td>\n<td><span style=\"vertical-align: inherit;\"><span style=\"vertical-align: inherit;\">outros<\/span><\/span><\/td>\n<td><span style=\"vertical-align: inherit;\"><span style=\"vertical-align: inherit;\">Sensor\uff1a<\/span><\/span><\/td>\n<td><span style=\"vertical-align: inherit;\"><span style=\"vertical-align: inherit;\">0\u2103- +80\u2103 ou -25\u2103- +120\u2103 ou +70\u2103- +250\u2103<\/span><\/span><\/td>\n<\/tr>\n<tr>\n<td><span style=\"vertical-align: inherit;\"><span style=\"vertical-align: inherit;\">Nome do produto\uff1a<\/span><\/span><\/td>\n<td><span style=\"vertical-align: inherit;\"><span style=\"vertical-align: inherit;\">Medidor de caudal de \u00e1gua qu\u00edmica digital inteligente eletromagn\u00e9tico<\/span><\/span><\/td>\n<td><span style=\"vertical-align: inherit;\"><span style=\"vertical-align: inherit;\">Detalhes da embalagem\uff1a<\/span><\/span><\/td>\n<td><span style=\"vertical-align: inherit;\"><span style=\"vertical-align: inherit;\">1 conjunto por embalagem ou conforme o pedido do cliente<\/span><\/span><\/td>\n<\/tr>\n<tr>\n<td><span style=\"vertical-align: inherit;\"><span style=\"vertical-align: inherit;\">Di\u00e2metro nominal\uff1a<\/span><\/span><\/td>\n<td><span style=\"vertical-align: inherit;\"><span style=\"vertical-align: inherit;\">3-3167mm<\/span><\/span><\/td>\n<td><span style=\"vertical-align: inherit;\"><span style=\"vertical-align: inherit;\">Capacidade de fornecimento\uff1a<\/span><\/span><\/td>\n<td><span style=\"vertical-align: inherit;\"><span style=\"vertical-align: inherit;\">2064 conjuntos\/conjuntos por m\u00eas<\/span><\/span><\/td>\n<\/tr>\n<tr>\n<td><span style=\"vertical-align: inherit;\"><span style=\"vertical-align: inherit;\">gama de velocidades\uff1a<\/span><\/span><\/td>\n<td><span style=\"vertical-align: inherit;\"><span style=\"vertical-align: inherit;\">0-6m\/s<\/span><\/span><\/td>\n<td><span style=\"vertical-align: inherit;\"><span style=\"vertical-align: inherit;\">Quantidade (conjuntos)\uff1a<\/span><\/span><\/td>\n<td><span style=\"vertical-align: inherit;\"><span style=\"vertical-align: inherit;\">&gt; 30<\/span><\/span><\/td>\n<\/tr>\n<tr>\n<td><span style=\"vertical-align: inherit;\"><span style=\"vertical-align: inherit;\">Grau de precis\u00e3o\uff1a<\/span><\/span><\/td>\n<td><span style=\"vertical-align: inherit;\"><span style=\"vertical-align: inherit;\">\u00b10,5%R, \u00b11%R ( &lt; DN20)<\/span><\/span><\/td>\n<td><span style=\"vertical-align: inherit;\"><span style=\"vertical-align: inherit;\">Prazo de execu\u00e7\u00e3o (dias)\uff1a<\/span><\/span><\/td>\n<td><span style=\"vertical-align: inherit;\"><span style=\"vertical-align: inherit;\">A ser negociado<\/span><\/span><\/td>\n<\/tr>\n<\/tbody>\n<\/table>\n<p>&nbsp;<\/p>\n<p>&nbsp;<\/p>\n<p style=\"text-align: center;\"><img title=\"caudal\u00edmetro de propano em linha\" src=\"https:\/\/www.hginstrument.com\/wp-content\/uploads\/2021\/07\/in-line-pipeline-type-hgd-electromagnetic-flow-meter.jpg\" \/><\/p>\n<p>&nbsp;<\/p>\n<p>&nbsp;<\/p>\n<p style=\"text-align: center;\"><img title=\"caudal\u00edmetro de propano em linha\" src=\"https:\/\/www.hginstrument.com\/wp-content\/uploads\/2021\/07\/insertion-01.jpg\" \/><\/p>\n<p>&nbsp;<\/p>\n<p>&nbsp;<\/p>\n<p style=\"text-align: center;\"><img title=\"caudal\u00edmetro de propano em linha\" src=\"https:\/\/www.hginstrument.com\/wp-content\/uploads\/2021\/07\/sanitary-mag-1.jpg\" \/><\/p>\n<p><strong>Guia de perguntas frequentes sobre o medidor de caudal de propano em linha.<\/strong><\/p>\n<p>No cora\u00e7\u00e3o da nossa s\u00e9rie de medidores de caudal de propano em linha est\u00e1 um compromisso com a excel\u00eancia, combinando tecnologia avan\u00e7ada de sensores com interfaces de f\u00e1cil utiliza\u00e7\u00e3o. Do l\u00edquido ao g\u00e1s, os nossos medidores proporcionam uma precis\u00e3o sem paralelo, permitindo-lhe tomar decis\u00f5es informadas e otimizar as opera\u00e7\u00f5es. \u00c0 medida que inauguramos uma nova era de medi\u00e7\u00e3o de fluidos, convidamo-lo a explorar as possibilidades ilimitadas que os nossos caudal\u00edmetros de propano em linha abrem - onde a precis\u00e3o encontra o desempenho e a inova\u00e7\u00e3o flui sem problemas.<\/p>\n<div style=\"border: 3px solid #f89900; margin: 20px 0; padding: 20px;\"><a href=\"\/pt\/inline-propane-flow-meter\/#01\">1. qual \u00e9 o tempo de resposta do medidor de caudal de propano em linha?<\/a><br \/>\n<a href=\"\/pt\/inline-propane-flow-meter\/#02\">2. sobre a escala de f\u00e1brica do medidor de fluxo de propano em linha<\/a><br \/>\n<a href=\"\/pt\/inline-propane-flow-meter\/#03\">3.Sobre o medidor de fluxo de propano em linha MOQ<\/a><br \/>\n<a href=\"\/pt\/inline-propane-flow-meter\/#04\">4.Sobre o equipamento de produ\u00e7\u00e3o do medidor de caudal de propano em linha<\/a><br \/>\n<a href=\"\/pt\/inline-propane-flow-meter\/#05\">5.Sobre o medidor de fluxo de propano em linha no armaz\u00e9m no exterior<\/a><br \/>\n<a href=\"\/pt\/inline-propane-flow-meter\/#06\">6.Sobre o m\u00e9todo de pagamento do medidor de caudal de propano em linha<\/a><br \/>\n<a href=\"\/pt\/inline-propane-flow-meter\/#07\">7) Os resultados das medi\u00e7\u00f5es do caudal\u00edmetro de propano em linha podem ser emitidos e registados \u00e0 dist\u00e2ncia?<\/a><br \/>\n<a href=\"\/pt\/inline-propane-flow-meter\/#08\">8. qual \u00e9 a fun\u00e7\u00e3o do medidor de caudal de propano em linha?<\/a><br \/>\n<a href=\"\/pt\/inline-propane-flow-meter\/#09\">9. quais s\u00e3o os m\u00e9todos de instala\u00e7\u00e3o do medidor de fluxo de propano em linha?<\/a><br \/>\n<a href=\"\/pt\/inline-propane-flow-meter\/#010\">10) O medidor de caudal de propano em linha pode ser monitorizado \u00e0 dist\u00e2ncia?<\/a><br \/>\n<a href=\"\/pt\/inline-propane-flow-meter\/#11\">11. o medidor de caudal de propano em linha tem uma fun\u00e7\u00e3o de alarme autom\u00e1tico?<\/a><br \/>\n<a href=\"\/pt\/inline-propane-flow-meter\/#12\">12. quais s\u00e3o os m\u00e9todos de manuten\u00e7\u00e3o do medidor de caudal de propano em linha?<\/a><br \/>\n<a href=\"\/pt\/inline-propane-flow-meter\/#13\">13.Sobre o medidor de caudal de propano em linha data de entrega<\/a><\/div>\n<div id=\"01\">\n<p><strong>1. qual \u00e9 o tempo de resposta do medidor de caudal de propano em linha?<\/strong><\/p>\n<p>Estabelecemos parcerias est\u00e1veis e de longo prazo com os nossos fornecedores, pelo que temos grandes vantagens em termos de pre\u00e7o, custo e garantia de qualidade.<br \/>\nO tempo de resposta de um medidor de caudal pode variar consoante o tipo de medidor de caudal utilizado. Geralmente, o tempo de resposta de um medidor de caudal situa-se entre 0,1 e 1 segundo.<\/p>\n<\/div>\n<div id=\"02\">\n<p><strong>2. sobre a escala de f\u00e1brica do medidor de fluxo de propano em linha<\/strong><\/p>\n<p>As f\u00e1bricas de medidores de caudal variam em tamanho e \u00e2mbito, dependendo do tipo de medidores de caudal que produzem. Algumas f\u00e1bricas podem especializar-se na produ\u00e7\u00e3o de um \u00fanico tipo de medidor de caudal, enquanto outras podem produzir uma variedade de tipos diferentes. Algumas f\u00e1bricas podem ser grandes, com centenas de empregados, enquanto outras podem ser pequenas, com apenas alguns empregados. A dimens\u00e3o da f\u00e1brica tamb\u00e9m depender\u00e1 do tipo de caudal\u00edmetros que produz, bem como da procura desses caudal\u00edmetros.<\/p>\n<p><img style=\"max-width: 100%;\" title=\"Sobre a escala da f\u00e1brica de medidores de caudal de propano em linha\" src=\"https:\/\/www.hginstrument.com\/wp-content\/uploads\/2021\/07\/hluc-1.jpg\" alt=\"Sobre a escala da f\u00e1brica de medidores de caudal de propano em linha\" \/><\/p>\n<\/div>\n<div id=\"03\">\n<p><strong>3.Sobre o medidor de fluxo de propano em linha MOQ<\/strong><\/p>\n<p>A quantidade m\u00ednima de encomenda (MOQ) para um medidor de caudal depender\u00e1 do tipo de medidor de caudal e do fabricante. Geralmente, a MOQ para um medidor de caudal situa-se entre 1 e 10 unidades, mas pode variar consoante o fabricante e o tipo de medidor de caudal.<\/p>\n<\/div>\n<div id=\"04\">\n<p><strong>4.Sobre o equipamento de produ\u00e7\u00e3o do medidor de caudal de propano em linha<\/strong><\/p>\n<p>O equipamento de produ\u00e7\u00e3o de flux\u00f3metros \u00e9 utilizado para fabricar flux\u00f3metros, que s\u00e3o dispositivos utilizados para medir a taxa de fluxo de um l\u00edquido ou g\u00e1s. Este equipamento inclui normalmente uma variedade de m\u00e1quinas e ferramentas, tais como tornos, fresadoras, prensas de perfura\u00e7\u00e3o e m\u00e1quinas CNC. Inclui tamb\u00e9m ferramentas especializadas para montar e testar medidores de caudal. O equipamento utilizado para produzir medidores de caudal \u00e9 altamente especializado e deve ser capaz de produzir resultados precisos e fi\u00e1veis.<\/p>\n<p><img style=\"max-width: 100%;\" title=\"Sobre o equipamento de produ\u00e7\u00e3o de medidores de caudal de propano em linha\" src=\"https:\/\/www.hginstrument.com\/wp-content\/uploads\/2021\/07\/hgrs-1.jpg\" alt=\"Sobre o equipamento de produ\u00e7\u00e3o de medidores de caudal de propano em linha\" \/><\/p>\n<\/div>\n<div id=\"05\">\n<p><strong>5.Sobre o medidor de fluxo de propano em linha no armaz\u00e9m no exterior<\/strong><\/p>\n<p>Os armaz\u00e9ns de medidores de caudal no estrangeiro s\u00e3o armaz\u00e9ns localizados em pa\u00edses estrangeiros que armazenam medidores de caudal e produtos relacionados. Estes armaz\u00e9ns s\u00e3o utilizados para armazenar e distribuir medidores de caudal a clientes em diferentes pa\u00edses. Normalmente, situam-se em pa\u00edses com uma grande procura de medidores de caudal, como os Estados Unidos, o Canad\u00e1 e a Europa. Os armaz\u00e9ns s\u00e3o normalmente detidos e explorados pelo fabricante dos medidores de caudal ou por um fornecedor de log\u00edstica terceiro. Os armaz\u00e9ns s\u00e3o normalmente abastecidos com uma variedade de medidores de caudal, incluindo medidores de caudal digitais, anal\u00f3gicos e ultra-s\u00f3nicos. Tamb\u00e9m costumam armazenar pe\u00e7as sobressalentes e acess\u00f3rios para os medidores de caudal.<\/p>\n<\/div>\n<div id=\"06\">\n<p><strong>6.Sobre o m\u00e9todo de pagamento do medidor de caudal de propano em linha<\/strong><\/p>\n<p>O pagamento com caudal\u00edmetro \u00e9 um m\u00e9todo de pagamento que utiliza um caudal\u00edmetro para medir a quantidade de energia utilizada por um cliente. O cliente paga a energia utilizada com base na quantidade de energia medida pelo medidor de caudal. Este m\u00e9todo de pagamento \u00e9 frequentemente utilizado em ambientes comerciais e industriais, onde o consumo de energia \u00e9 elevado e precisa de ser controlado com precis\u00e3o. O pagamento por caudal\u00edmetro tamb\u00e9m \u00e9 utilizado em alguns contextos residenciais, onde os clientes podem pagar a sua utiliza\u00e7\u00e3o de energia com base na quantidade de energia que utilizam.<\/p>\n<p><img style=\"max-width: 100%;\" title=\"Sobre o m\u00e9todo de pagamento do medidor de caudal de propano em linha\" src=\"https:\/\/www.hginstrument.com\/wp-content\/uploads\/2021\/07\/verabar-1.jpg\" alt=\"Sobre o m\u00e9todo de pagamento do medidor de caudal de propano em linha\" \/><\/p>\n<\/div>\n<div id=\"07\">\n<p><strong>7) Os resultados das medi\u00e7\u00f5es do caudal\u00edmetro de propano em linha podem ser emitidos e registados \u00e0 dist\u00e2ncia?<\/strong><\/p>\n<p>Sim, muitos medidores de caudal est\u00e3o equipados com sa\u00edda remota e capacidades de registo. Isto permite aos utilizadores monitorizar e registar dados de caudal a partir de um local remoto.<\/p>\n<\/div>\n<div id=\"08\">\n<p><strong>8. qual \u00e9 a fun\u00e7\u00e3o do medidor de caudal de propano em linha?<\/strong><\/p>\n<p>A nossa empresa tem muitos anos de experi\u00eancia e especializa\u00e7\u00e3o em medidores de caudal de propano em linha.<br \/>\nUm medidor de caudal \u00e9 um dispositivo utilizado para medir o caudal ou a quantidade de um g\u00e1s ou l\u00edquido que se desloca atrav\u00e9s de um tubo. \u00c9 utilizado para medir o caudal de um l\u00edquido ou g\u00e1s numa conduta fechada. Os medidores de caudal s\u00e3o utilizados numa variedade de ind\u00fastrias, incluindo o tratamento de \u00e1gua e \u00e1guas residuais, petr\u00f3leo e g\u00e1s e processamento qu\u00edmico.<\/p>\n<p><img style=\"max-width: 100%;\" title=\"Qual \u00e9 a fun\u00e7\u00e3o do medidor de caudal de propano em linha?\" src=\"https:\/\/www.hginstrument.com\/wp-content\/uploads\/2021\/07\/hls-2000uf-1.jpg\" alt=\"Qual \u00e9 a fun\u00e7\u00e3o do medidor de caudal de propano em linha?\" \/><\/p>\n<\/div>\n<div id=\"09\">\n<p><strong>9. quais s\u00e3o os m\u00e9todos de instala\u00e7\u00e3o do medidor de fluxo de propano em linha?<\/strong><\/p>\n<p>A nossa miss\u00e3o \u00e9 fornecer aos clientes as melhores solu\u00e7\u00f5es para medidores de caudal de propano em linha.<br \/>\n1. Instala\u00e7\u00e3o em linha: Este \u00e9 o tipo mais comum de instala\u00e7\u00e3o de medidores de caudal. Envolve a coloca\u00e7\u00e3o do medidor de vaz\u00e3o diretamente no tubo ou duto onde o fluido est\u00e1 fluindo.<\/p>\n<p>2. Instala\u00e7\u00e3o de inser\u00e7\u00e3o: Este tipo de instala\u00e7\u00e3o envolve a inser\u00e7\u00e3o do medidor de caudal no tubo ou conduta. Isto \u00e9 normalmente feito com uma flange ou um encaixe.<\/p>\n<p>3. Instala\u00e7\u00e3o em canal aberto: Este tipo de instala\u00e7\u00e3o \u00e9 utilizado quando o caudal se encontra num canal aberto, como um rio ou ribeiro. O medidor de caudal \u00e9 colocado no canal e mede o caudal.<\/p>\n<p>4. Instala\u00e7\u00e3o submers\u00edvel: Este tipo de instala\u00e7\u00e3o \u00e9 usado quando o fluxo est\u00e1 num ambiente submerso, como um po\u00e7o ou reservat\u00f3rio. O medidor de caudal \u00e9 colocado na \u00e1gua e mede o caudal.<\/p>\n<\/div>\n<div id=\"010\">\n<p><strong>10) O medidor de caudal de propano em linha pode ser monitorizado \u00e0 dist\u00e2ncia?<\/strong><\/p>\n<p>Somos uma empresa profissional de medidores de fluxo de propano em linha dedicada a fornecer produtos e servi\u00e7os de alta qualidade.<br \/>\nSim, os medidores de caudal podem ser monitorizados remotamente. Muitos caudal\u00edmetros modernos est\u00e3o equipados com capacidades de comunica\u00e7\u00e3o sem fios, permitindo a sua monitoriza\u00e7\u00e3o remota atrav\u00e9s de um computador ou dispositivo m\u00f3vel. Al\u00e9m disso, alguns caudal\u00edmetros est\u00e3o equipados com capacidades de comunica\u00e7\u00e3o por telem\u00f3vel ou sat\u00e9lite, permitindo a sua monitoriza\u00e7\u00e3o a partir de praticamente qualquer local.<\/p>\n<p><img style=\"max-width: 100%;\" title=\"O medidor de caudal de propano em linha pode ser monitorizado \u00e0 dist\u00e2ncia?\" src=\"https:\/\/www.hginstrument.com\/wp-content\/uploads\/2021\/07\/hg-50-7.jpg\" alt=\"O medidor de caudal de propano em linha pode ser monitorizado \u00e0 dist\u00e2ncia?\" \/><\/p>\n<\/div>\n<div id=\"11\">\n<p><strong>11. o medidor de caudal de propano em linha tem uma fun\u00e7\u00e3o de alarme autom\u00e1tico?<\/strong><\/p>\n<p>Aderimos ao princ\u00edpio da qualidade em primeiro lugar e temos um sistema completo de gest\u00e3o da qualidade da produ\u00e7\u00e3o e um processo de inspe\u00e7\u00e3o da qualidade.<br \/>\nMuitos medidores de caudal t\u00eam uma fun\u00e7\u00e3o de alarme autom\u00e1tico, mas isso depende do modelo espec\u00edfico. \u00c9 melhor verificar as especifica\u00e7\u00f5es do produto para determinar se o medidor de caudal que est\u00e1 a considerar tem esta fun\u00e7\u00e3o.<\/p>\n<\/div>\n<div id=\"12\">\n<p><strong>12. quais s\u00e3o os m\u00e9todos de manuten\u00e7\u00e3o do medidor de caudal de propano em linha?<\/strong><\/p>\n<p>Concentramo-nos na inova\u00e7\u00e3o e na melhoria cont\u00ednua para manter uma vantagem competitiva.<br \/>\n1. Verificar regularmente se o medidor de caudal apresenta sinais de desgaste ou danos.<\/p>\n<p>2. Limpe o medidor de caudal regularmente para garantir leituras precisas.<\/p>\n<p>3. Verificar a precis\u00e3o do medidor de caudal atrav\u00e9s de ensaios de calibra\u00e7\u00e3o.<\/p>\n<p>4. Substituir o mais rapidamente poss\u00edvel as pe\u00e7as gastas ou danificadas.<\/p>\n<p>5. Certifique-se de que o medidor de caudal est\u00e1 corretamente instalado e ligado ao sistema.<\/p>\n<p>6. Verificar se o medidor de caudal apresenta sinais de corros\u00e3o ou de bloqueio.<\/p>\n<p>7. Certifique-se de que o medidor de caudal est\u00e1 devidamente vedado para evitar fugas.<\/p>\n<p>8. Verificar regularmente se o medidor de caudal apresenta sinais de vibra\u00e7\u00e3o ou ru\u00eddo.<\/p>\n<p>9. Assegurar-se de que o medidor de caudal est\u00e1 corretamente calibrado e ajustado.<\/p>\n<p>10. Verificar regularmente se o medidor de caudal apresenta sinais de fuga ou de obstru\u00e7\u00e3o.<\/p>\n<p><img style=\"max-width: 100%;\" title=\"Quais s\u00e3o os m\u00e9todos de manuten\u00e7\u00e3o do medidor de caudal de propano em linha?\" src=\"https:\/\/www.hginstrument.com\/wp-content\/uploads\/2021\/07\/sanitary-mag-1.jpg\" alt=\"Quais s\u00e3o os m\u00e9todos de manuten\u00e7\u00e3o do medidor de caudal de propano em linha?\" \/><\/p>\n<\/div>\n<div id=\"13\">\n<p><strong>13.Sobre o medidor de caudal de propano em linha data de entrega<\/strong><\/p>\n<p>A data de entrega de um medidor de caudal depender\u00e1 do tipo de medidor de caudal, do fabricante e da disponibilidade do produto. Geralmente, a maioria dos medidores de caudal pode ser entregue no prazo de alguns dias a algumas semanas. No entanto, alguns caudal\u00edmetros especializados podem demorar mais tempo a ser entregues. \u00c9 melhor contactar diretamente o fabricante para obter uma data de entrega precisa.<\/p>\n<\/div>\n<p>&nbsp;<\/p>\n<p>Etiqueta\uff1a<a href=\"\/pt\/magnetic-flow-meter\/ek-loop-connect---flow-meter\/\">ek-loop connect - medidor de caudal<\/a>,<a href=\"\/pt\/magnetic-flow-meter\/water-flow-meter-for-sale\/\">medidor de caudal de \u00e1gua para venda<\/a>,<a href=\"\/pt\/magnetic-flow-meter\/v-cone-flow-meter\/\">caudal\u00edmetro de cone v<\/a>,<a href=\"\/pt\/magnetic-flow-meter\/fuel-tank-flow-meter\/\">medidor de caudal do dep\u00f3sito de combust\u00edvel<\/a>,<a href=\"\/pt\/magnetic-flow-meter\/clamp-on-gas-flow-meter\/\">medidor de caudal de g\u00e1s com pin\u00e7a<\/a><\/p>\n<p>&nbsp;<\/p>","protected":false},"excerpt":{"rendered":"<p><strong>Dados t\u00e9cnicos<\/strong><br \/>\nPode servir fluidos l\u00edquidos ou gasosos, sendo normalmente utilizado para medir o caudal de vapor, vapor, ar e g\u00e1s natural.<br \/>\nTamanho do contador: Tipo em linha: DN25 - DN300<br \/>\nOp\u00e7\u00e3o de material h\u00famido: SS304, SS316<br \/>\nTemperatura de funcionamento: \u2264250\u2103<br \/>\nLiga\u00e7\u00e3o ao processo: Wafer \/ Flange \/ Tri-clamp para o tipo In-line<br \/>\nPrecis\u00e3o de medi\u00e7\u00e3o: 1,0 % - 1,5% do intervalo de calibra\u00e7\u00e3o<br \/>\nIndicador digital: apresenta o caudal instant\u00e2neo e o caudal total<br \/>\nFonte de alimenta\u00e7\u00e3o: 24VDC, Sa\u00edda: 4-20mA<\/p>\n<p><strong>caracter\u00edsticas<\/strong><br \/>\n1. pontos de regula\u00e7\u00e3o ON\/OFF ajust\u00e1veis<br \/>\n2. modo de alarme de caudal alto ou baixo<br \/>\n3. tempo de atraso ajust\u00e1vel<br \/>\n4. LED de estado do rel\u00e9<\/p>","protected":false},"featured_media":3691,"comment_status":"closed","ping_status":"closed","template":"","meta":[],"product_cat":[2372],"product_tag":[],"acf":[],"_links":{"self":[{"href":"https:\/\/www.hginstrument.com\/pt\/wp-json\/wp\/v2\/product\/5541"}],"collection":[{"href":"https:\/\/www.hginstrument.com\/pt\/wp-json\/wp\/v2\/product"}],"about":[{"href":"https:\/\/www.hginstrument.com\/pt\/wp-json\/wp\/v2\/types\/product"}],"replies":[{"embeddable":true,"href":"https:\/\/www.hginstrument.com\/pt\/wp-json\/wp\/v2\/comments?post=5541"}],"wp:featuredmedia":[{"embeddable":true,"href":"https:\/\/www.hginstrument.com\/pt\/wp-json\/wp\/v2\/media\/3691"}],"wp:attachment":[{"href":"https:\/\/www.hginstrument.com\/pt\/wp-json\/wp\/v2\/media?parent=5541"}],"wp:term":[{"taxonomy":"product_cat","embeddable":true,"href":"https:\/\/www.hginstrument.com\/pt\/wp-json\/wp\/v2\/product_cat?post=5541"},{"taxonomy":"product_tag","embeddable":true,"href":"https:\/\/www.hginstrument.com\/pt\/wp-json\/wp\/v2\/product_tag?post=5541"}],"curies":[{"name":"wp","href":"https:\/\/api.w.org\/{rel}","templated":true}]}}