{"id":5569,"date":"2023-12-24T11:22:08","date_gmt":"2023-12-24T03:22:08","guid":{"rendered":"https:\/\/www.hginstrument.com\/?post_type=product&#038;p=5569"},"modified":"2024-01-02T16:24:46","modified_gmt":"2024-01-02T08:24:46","slug":"kamstrup-flow-meter","status":"publish","type":"product","link":"https:\/\/www.hginstrument.com\/pt\/magnetic-flow-meter\/kamstrup-flow-meter\/","title":{"rendered":"medidor de caudal kamstrup"},"content":{"rendered":"<p>kamstrup flow meter is a precise and reliable technology used to measure the flow rate of a fluid. It accurately measures the volume, mass or velocity of the fluid passing through a specific point in a given period of time. kamstrup flow meter is designed with advanced features such as a high-resolution display, digital signal processing, and real-time data logging.<\/p>\n<p>At the heart of kamstrup flow meter is technology that measures and records flow, providing accurate and reliable readings. There are different types of kamstrup flow meter including magnetic, ultrasonic, Rotameter flow meter, Coriolis and turbine, each designed for specific applications and fluid types.<\/p>\n<p>One of the most advanced and widely used kamstrup flow meter is the electromagnetic kamstrup flow meter. It works on Faraday&#8217;s law of electromagnetic induction and is able to measure the flow of conducting fluids with incredible accuracy and repeatability. It is suitable for use with a variety of fluids, including water, chemicals, Air and gas flow measurement and mud.<\/p>\n<table class=\"table table-bordered\">\n<tbody>\n<tr>\n<td><span style=\"vertical-align: inherit;\"><span style=\"vertical-align: inherit;\">Tipo\uff1a<\/span><\/span><\/td>\n<td><span style=\"vertical-align: inherit;\">medidor de caudal kamstrup<\/span><\/td>\n<td><span style=\"vertical-align: inherit;\"><span style=\"vertical-align: inherit;\">Sinal de sa\u00edda\uff1a<\/span><\/span><\/td>\n<td><span style=\"vertical-align: inherit;\"><span style=\"vertical-align: inherit;\">4-20 mA, Impulso\/Frequ\u00eancia 2kHz(Predefini\u00e7\u00e3o), 5KHz(M\u00e1x.)<\/span><\/span><\/td>\n<\/tr>\n<tr>\n<td><span style=\"vertical-align: inherit;\"><span style=\"vertical-align: inherit;\">Local de origem\uff1a<\/span><\/span><\/td>\n<td><span style=\"vertical-align: inherit;\"><span style=\"vertical-align: inherit;\">Jiangsu, China<\/span><\/span><\/td>\n<td><span style=\"vertical-align: inherit;\"><span style=\"vertical-align: inherit;\">Incorporar tipo\uff1a<\/span><\/span><\/td>\n<td><span style=\"vertical-align: inherit;\"><span style=\"vertical-align: inherit;\">-10\u2103- +54\u2103<\/span><\/span><\/td>\n<\/tr>\n<tr>\n<td><span style=\"vertical-align: inherit;\"><span style=\"vertical-align: inherit;\">Garantia\uff1a<\/span><\/span><\/td>\n<td><span style=\"vertical-align: inherit;\"><span style=\"vertical-align: inherit;\">23 meses<\/span><\/span><\/td>\n<td><span style=\"vertical-align: inherit;\"><span style=\"vertical-align: inherit;\">Tens\u00e3o de alimenta\u00e7\u00e3o\uff1a<\/span><\/span><\/td>\n<td><span style=\"vertical-align: inherit;\"><span style=\"vertical-align: inherit;\">110\/220VAC (100-240VAC), 50Hz\/60Hz; 24VDC\u00b110%<\/span><\/span><\/td>\n<\/tr>\n<tr>\n<td><span style=\"vertical-align: inherit;\"><span style=\"vertical-align: inherit;\">Suporte personalizado\uff1a<\/span><\/span><\/td>\n<td><span style=\"vertical-align: inherit;\"><span style=\"vertical-align: inherit;\">OEM, ODM, OBM<\/span><\/span><\/td>\n<td><span style=\"vertical-align: inherit;\"><span style=\"vertical-align: inherit;\">Comunica\u00e7\u00e3o digital\uff1a<\/span><\/span><\/td>\n<td><span style=\"vertical-align: inherit;\"><span style=\"vertical-align: inherit;\">RS-485, suporta o protocolo Modbus-RTU padr\u00e3o; GPRS<\/span><\/span><\/td>\n<\/tr>\n<tr>\n<td><span style=\"vertical-align: inherit;\"><span style=\"vertical-align: inherit;\">Nome da marca\uff1a<\/span><\/span><\/td>\n<td><span style=\"vertical-align: inherit;\"><span style=\"vertical-align: inherit;\">GRUPO SUYI<\/span><\/span><\/td>\n<td><span style=\"vertical-align: inherit;\"><span style=\"vertical-align: inherit;\">Press\u00e3o nominal\uff1a<\/span><\/span><\/td>\n<td><span style=\"vertical-align: inherit;\"><span style=\"vertical-align: inherit;\">1MPa (DN15-DN800), 1,6MPa (DN15-DN800), 2,5MPa (DN15-DN600)<\/span><\/span><\/td>\n<\/tr>\n<tr>\n<td><span style=\"vertical-align: inherit;\"><span style=\"vertical-align: inherit;\">N\u00famero do modelo\uff1a<\/span><\/span><\/td>\n<td><span style=\"vertical-align: inherit;\"><span style=\"vertical-align: inherit;\">outros<\/span><\/span><\/td>\n<td><span style=\"vertical-align: inherit;\"><span style=\"vertical-align: inherit;\">Sensor\uff1a<\/span><\/span><\/td>\n<td><span style=\"vertical-align: inherit;\"><span style=\"vertical-align: inherit;\">0\u2103- +80\u2103 ou -25\u2103- +120\u2103 ou +70\u2103- +250\u2103<\/span><\/span><\/td>\n<\/tr>\n<tr>\n<td><span style=\"vertical-align: inherit;\"><span style=\"vertical-align: inherit;\">Nome do produto\uff1a<\/span><\/span><\/td>\n<td><span style=\"vertical-align: inherit;\"><span style=\"vertical-align: inherit;\">Medidor de caudal de \u00e1gua qu\u00edmica digital inteligente eletromagn\u00e9tico<\/span><\/span><\/td>\n<td><span style=\"vertical-align: inherit;\"><span style=\"vertical-align: inherit;\">Detalhes da embalagem\uff1a<\/span><\/span><\/td>\n<td><span style=\"vertical-align: inherit;\"><span style=\"vertical-align: inherit;\">1 conjunto por embalagem ou conforme o pedido do cliente<\/span><\/span><\/td>\n<\/tr>\n<tr>\n<td><span style=\"vertical-align: inherit;\"><span style=\"vertical-align: inherit;\">Di\u00e2metro nominal\uff1a<\/span><\/span><\/td>\n<td><span style=\"vertical-align: inherit;\"><span style=\"vertical-align: inherit;\">3-3331mm<\/span><\/span><\/td>\n<td><span style=\"vertical-align: inherit;\"><span style=\"vertical-align: inherit;\">Capacidade de fornecimento\uff1a<\/span><\/span><\/td>\n<td><span style=\"vertical-align: inherit;\"><span style=\"vertical-align: inherit;\">2197 Set\/Sets per Month<\/span><\/span><\/td>\n<\/tr>\n<tr>\n<td><span style=\"vertical-align: inherit;\"><span style=\"vertical-align: inherit;\">gama de velocidades\uff1a<\/span><\/span><\/td>\n<td><span style=\"vertical-align: inherit;\"><span style=\"vertical-align: inherit;\">0-7m\/s<\/span><\/span><\/td>\n<td><span style=\"vertical-align: inherit;\"><span style=\"vertical-align: inherit;\">Quantidade (conjuntos)\uff1a<\/span><\/span><\/td>\n<td><span style=\"vertical-align: inherit;\"><span style=\"vertical-align: inherit;\">&gt; 30<\/span><\/span><\/td>\n<\/tr>\n<tr>\n<td><span style=\"vertical-align: inherit;\"><span style=\"vertical-align: inherit;\">Grau de precis\u00e3o\uff1a<\/span><\/span><\/td>\n<td><span style=\"vertical-align: inherit;\"><span style=\"vertical-align: inherit;\">\u00b10,5%R, \u00b11%R ( &lt; DN20)<\/span><\/span><\/td>\n<td><span style=\"vertical-align: inherit;\"><span style=\"vertical-align: inherit;\">Prazo de execu\u00e7\u00e3o (dias)\uff1a<\/span><\/span><\/td>\n<td><span style=\"vertical-align: inherit;\"><span style=\"vertical-align: inherit;\">A ser negociado<\/span><\/span><\/td>\n<\/tr>\n<\/tbody>\n<\/table>\n<p>&nbsp;<\/p>\n<p>&nbsp;<\/p>\n<p style=\"text-align: center;\"><img title=\"medidor de caudal kamstrup\" src=\"https:\/\/www.hginstrument.com\/wp-content\/uploads\/2021\/07\/in-line-pipeline-type-hgd-electromagnetic-flow-meter.jpg\" \/><\/p>\n<p>&nbsp;<\/p>\n<p>&nbsp;<\/p>\n<p style=\"text-align: center;\"><img title=\"medidor de caudal kamstrup\" src=\"https:\/\/www.hginstrument.com\/wp-content\/uploads\/2021\/07\/insertion-01.jpg\" \/><\/p>\n<p>&nbsp;<\/p>\n<p>&nbsp;<\/p>\n<p style=\"text-align: center;\"><img title=\"medidor de caudal kamstrup\" src=\"https:\/\/www.hginstrument.com\/wp-content\/uploads\/2021\/07\/sanitary-mag-1.jpg\" \/><\/p>\n<p><strong>kamstrup flow meter FAQs Guide.<\/strong><\/p>\n<p>At the heart of our kamstrup flow meter series lies a commitment to excellence, blending advanced sensor technology with user-friendly interfaces. From liquid to gas, our meters deliver unparalleled accuracy, empowering you to make informed decisions and streamline operations. As we usher in a new era of fluid measurement, we invite you to explore the limitless possibilities that our kamstrup flow meters unlock \u2013 where precision meets performance, and innovation flows seamlessly.<\/p>\n<div style=\"border: 3px solid #f89900; margin: 20px 0; padding: 20px;\"><a href=\"\/pt\/kamstrup-flow-meter\/#01\">1.About kamstrup flow meter patent<\/a><br \/>\n<a href=\"\/pt\/kamstrup-flow-meter\/#02\">2.About kamstrup flow meter raw materials<\/a><br \/>\n<a href=\"\/pt\/kamstrup-flow-meter\/#03\">3.About kamstrup flow meter technology<\/a><br \/>\n<a href=\"\/pt\/kamstrup-flow-meter\/#04\">4.What is the applicable pressure range of kamstrup flow meter?<\/a><br \/>\n<a href=\"\/pt\/kamstrup-flow-meter\/#05\">5.What fluids are kamstrup flow meters mainly used for measuring?<\/a><br \/>\n<a href=\"\/pt\/kamstrup-flow-meter\/#06\">6.About kamstrup flow meter overseas warehouse<\/a><br \/>\n<a href=\"\/pt\/kamstrup-flow-meter\/#07\">7.About kamstrup flow meter R&amp;D capabilities<\/a><br \/>\n<a href=\"\/pt\/kamstrup-flow-meter\/#08\">8.About kamstrup flow meter inventory<\/a><br \/>\n<a href=\"\/pt\/kamstrup-flow-meter\/#09\">9.Can the measurement results of the kamstrup flow meter be output and recorded remotely?<\/a><br \/>\n<a href=\"\/pt\/kamstrup-flow-meter\/#010\">10.About kamstrup flow meter warranty<\/a><br \/>\n<a href=\"\/pt\/kamstrup-flow-meter\/#11\">11.About kamstrup flow meter technology<\/a><br \/>\n<a href=\"\/pt\/kamstrup-flow-meter\/#12\">12.About kamstrup flow meter inventory<\/a><br \/>\n<a href=\"\/pt\/kamstrup-flow-meter\/#13\">13.What is the main principle of kamstrup flow meter?<\/a><\/div>\n<div id=\"01\">\n<p><strong>1.About kamstrup flow meter patent<\/strong><\/p>\n<p>As patentes de caudal\u00edmetros s\u00e3o patentes que abrangem a conce\u00e7\u00e3o e o funcionamento de caudal\u00edmetros. Os medidores de caudal s\u00e3o dispositivos utilizados para medir o caudal de um l\u00edquido ou g\u00e1s. Os medidores de caudal s\u00e3o utilizados numa variedade de ind\u00fastrias, incluindo o tratamento de \u00e1gua e de \u00e1guas residuais, petr\u00f3leo e g\u00e1s e processamento qu\u00edmico. Os medidores de caudal s\u00e3o utilizados para medir o caudal de um fluido, o volume total de um fluido e a press\u00e3o de um fluido. Os medidores de caudal podem ser mec\u00e2nicos, el\u00e9ctricos ou \u00f3pticos. Os medidores de caudal podem ser utilizados para medir o caudal de l\u00edquidos, gases e vapor.<\/p>\n<\/div>\n<div id=\"02\">\n<p><strong>2.About kamstrup flow meter raw materials<\/strong><\/p>\n<p>As mat\u00e9rias-primas dos medidores de caudal s\u00e3o normalmente fabricadas a partir de uma variedade de metais, pl\u00e1sticos e compostos. Os materiais mais comuns utilizados nos medidores de caudal incluem o a\u00e7o inoxid\u00e1vel, o lat\u00e3o, o alum\u00ednio, o cloreto de polivinilo (PVC), o polipropileno (PP) e o politetrafluoroetileno (PTFE). O material utilizado num medidor de caudal depende da aplica\u00e7\u00e3o e do tipo de fluido que est\u00e1 a ser medido. Por exemplo, o a\u00e7o inoxid\u00e1vel \u00e9 frequentemente utilizado para medir fluidos corrosivos, enquanto o PVC \u00e9 frequentemente utilizado para medir \u00e1gua.<\/p>\n<\/div>\n<div id=\"03\">\n<p><strong>3.About kamstrup flow meter technology<\/strong><\/p>\n<p>A tecnologia de medidores de caudal \u00e9 um tipo de tecnologia de medi\u00e7\u00e3o utilizada para medir o caudal de um fluido ou g\u00e1s. \u00c9 utilizada numa variedade de ind\u00fastrias, incluindo petr\u00f3leo e g\u00e1s, \u00e1gua e \u00e1guas residuais, e processamento qu\u00edmico. Os medidores de caudal medem o caudal de um fluido ou g\u00e1s atrav\u00e9s da medi\u00e7\u00e3o da press\u00e3o, velocidade ou outras propriedades f\u00edsicas do fluido ou g\u00e1s. Os medidores de caudal podem ser utilizados para medir o caudal de l\u00edquidos, gases e vapor. S\u00e3o utilizados para medir o caudal de uma variedade de fluidos, incluindo \u00e1gua, \u00f3leo e produtos qu\u00edmicos. Os medidores de caudal s\u00e3o utilizados numa variedade de aplica\u00e7\u00f5es, incluindo o controlo de processos, a gest\u00e3o de energia e a monitoriza\u00e7\u00e3o da seguran\u00e7a.<\/p>\n<\/div>\n<div id=\"04\">\n<p><strong>4.What is the applicable pressure range of kamstrup flow meter?<\/strong><\/p>\n<p>Os nossos produtos e servi\u00e7os abrangem uma vasta gama de \u00e1reas e satisfazem as necessidades de diferentes dom\u00ednios.<br \/>\nO intervalo de press\u00e3o aplic\u00e1vel a um medidor de caudal depende do tipo de medidor de caudal que est\u00e1 a ser utilizado. Geralmente, os caudal\u00edmetros podem medir press\u00f5es que variam entre 0,1 bar e 1000 bar.<\/p>\n<p><img style=\"max-width: 100%;\" title=\"What is the applicable pressure range of kamstrup flow meter?\" src=\"https:\/\/www.hginstrument.com\/wp-content\/uploads\/2021\/07\/mdp310-fc3-3.jpg\" alt=\"What is the applicable pressure range of kamstrup flow meter?\" \/><\/p>\n<\/div>\n<div id=\"05\">\n<p><strong>5.What fluids are kamstrup flow meters mainly used for measuring?<\/strong><\/p>\n<p>Apostamos no trabalho de equipa e na comunica\u00e7\u00e3o para atingir objectivos comuns.<br \/>\nOs medidores de caudal s\u00e3o utilizados principalmente para medir o caudal de l\u00edquidos, gases e vapor.<\/p>\n<\/div>\n<div id=\"06\">\n<p><strong>6.About kamstrup flow meter overseas warehouse<\/strong><\/p>\n<p>Os armaz\u00e9ns de medidores de caudal no estrangeiro s\u00e3o armaz\u00e9ns localizados em pa\u00edses estrangeiros que armazenam medidores de caudal e produtos relacionados. Estes armaz\u00e9ns s\u00e3o utilizados para armazenar e distribuir medidores de caudal a clientes em diferentes pa\u00edses. Normalmente, situam-se em pa\u00edses com uma grande procura de medidores de caudal, como os Estados Unidos, o Canad\u00e1 e a Europa. Os armaz\u00e9ns s\u00e3o normalmente detidos e explorados pelo fabricante dos medidores de caudal ou por um fornecedor de log\u00edstica terceiro. Os armaz\u00e9ns s\u00e3o normalmente abastecidos com uma variedade de medidores de caudal, incluindo medidores de caudal digitais, anal\u00f3gicos e ultra-s\u00f3nicos. Tamb\u00e9m costumam armazenar pe\u00e7as sobressalentes e acess\u00f3rios para os medidores de caudal.<\/p>\n<\/div>\n<div id=\"07\">\n<p><strong>7.About kamstrup flow meter R&amp;D capabilities<\/strong><\/p>\n<p>As capacidades de I&amp;D de caudal\u00edmetros referem-se \u00e0 capacidade de uma empresa ou organiza\u00e7\u00e3o para investigar, desenvolver e fabricar caudal\u00edmetros. Isto inclui a capacidade de conceber, testar e fabricar caudal\u00edmetros que satisfa\u00e7am os requisitos dos clientes e as normas da ind\u00fastria. Inclui tamb\u00e9m a capacidade de desenvolver novas tecnologias e produtos para satisfazer as necessidades em constante mudan\u00e7a da ind\u00fastria. As empresas com fortes capacidades de I&amp;D s\u00e3o capazes de se manter \u00e0 frente da concorr\u00eancia e fornecer aos clientes os caudal\u00edmetros mais avan\u00e7ados e fi\u00e1veis.<\/p>\n<\/div>\n<div id=\"08\">\n<p><strong>8.About kamstrup flow meter inventory<\/strong><\/p>\n<p>O invent\u00e1rio de caudal\u00edmetros \u00e9 um sistema utilizado para controlar e gerir os caudal\u00edmetros utilizados em aplica\u00e7\u00f5es industriais e comerciais. \u00c9 utilizado para monitorizar o desempenho dos medidores de caudal, bem como para garantir que s\u00e3o devidamente mantidos e calibrados. O sistema de invent\u00e1rio tamb\u00e9m pode ser utilizado para controlar o custo dos medidores de caudal, bem como para identificar quaisquer problemas ou quest\u00f5es potenciais com os medidores de caudal.<\/p>\n<p><img style=\"max-width: 100%;\" title=\"About kamstrup flow meter inventory\" src=\"https:\/\/www.hginstrument.com\/wp-content\/uploads\/2021\/07\/hls-2000h-m2.jpg\" alt=\"About kamstrup flow meter inventory\" \/><\/p>\n<\/div>\n<div id=\"09\">\n<p><strong>9.Can the measurement results of the kamstrup flow meter be output and recorded remotely?<\/strong><\/p>\n<p>Sim, muitos medidores de caudal est\u00e3o equipados com sa\u00edda remota e capacidades de registo. Isto permite aos utilizadores monitorizar e registar dados de caudal a partir de um local remoto.<\/p>\n<\/div>\n<div id=\"010\">\n<p><strong>10.About kamstrup flow meter warranty<\/strong><\/p>\n<p>As garantias dos caudal\u00edmetros variam consoante o fabricante e o tipo de caudal\u00edmetro. Geralmente, as garantias cobrem defeitos de materiais e de fabrico, e podem tamb\u00e9m cobrir certos tipos de danos causados pela utiliza\u00e7\u00e3o normal. Algumas garantias podem tamb\u00e9m cobrir danos causados por instala\u00e7\u00e3o ou utiliza\u00e7\u00e3o incorrecta. \u00c9 importante ler as informa\u00e7\u00f5es de garantia fornecidas pelo fabricante para entender a cobertura espec\u00edfica e as limita\u00e7\u00f5es da garantia.<\/p>\n<\/div>\n<div id=\"11\">\n<p><strong>11.About kamstrup flow meter technology<\/strong><\/p>\n<p>A tecnologia de medidores de caudal \u00e9 um tipo de tecnologia de medi\u00e7\u00e3o utilizada para medir o caudal de um fluido ou g\u00e1s. \u00c9 utilizada numa variedade de ind\u00fastrias, incluindo petr\u00f3leo e g\u00e1s, \u00e1gua e \u00e1guas residuais, e processamento qu\u00edmico. Os medidores de caudal medem o caudal de um fluido ou g\u00e1s atrav\u00e9s da medi\u00e7\u00e3o da press\u00e3o, velocidade ou outras propriedades f\u00edsicas do fluido ou g\u00e1s. Os medidores de caudal podem ser utilizados para medir o caudal de l\u00edquidos, gases e vapor. S\u00e3o utilizados para medir o caudal de uma variedade de fluidos, incluindo \u00e1gua, \u00f3leo e produtos qu\u00edmicos. Os medidores de caudal s\u00e3o utilizados numa variedade de aplica\u00e7\u00f5es, incluindo o controlo de processos, a gest\u00e3o de energia e a monitoriza\u00e7\u00e3o da seguran\u00e7a.<\/p>\n<\/div>\n<div id=\"12\">\n<p><strong>12.About kamstrup flow meter inventory<\/strong><\/p>\n<p>O invent\u00e1rio de caudal\u00edmetros \u00e9 um sistema utilizado para controlar e gerir os caudal\u00edmetros utilizados em aplica\u00e7\u00f5es industriais e comerciais. \u00c9 utilizado para monitorizar o desempenho dos medidores de caudal, bem como para garantir que s\u00e3o devidamente mantidos e calibrados. O sistema de invent\u00e1rio tamb\u00e9m pode ser utilizado para controlar o custo dos medidores de caudal, bem como para identificar quaisquer problemas ou quest\u00f5es potenciais com os medidores de caudal.<\/p>\n<p><img style=\"max-width: 100%;\" title=\"About kamstrup flow meter inventory\" src=\"https:\/\/www.hginstrument.com\/wp-content\/uploads\/2021\/07\/wall-mount-1f.jpg\" alt=\"About kamstrup flow meter inventory\" \/><\/p>\n<\/div>\n<div id=\"13\">\n<p><strong>13.What is the main principle of kamstrup flow meter?<\/strong><\/p>\n<p>Our kamstrup flow meter products undergo strict quality control to ensure customer satisfaction.<br \/>\nO princ\u00edpio principal de um medidor de caudal \u00e9 medir o caudal de um fluido ou g\u00e1s atrav\u00e9s de um tubo ou outro recipiente. Normalmente, isto \u00e9 feito medindo a queda de press\u00e3o atrav\u00e9s de uma restri\u00e7\u00e3o conhecida no tubo, ou medindo a velocidade do fluido ou g\u00e1s \u00e0 medida que passa pelo tubo.<\/p>\n<\/div>\n<p>&nbsp;<\/p>\n<p>Etiqueta\uff1a<a href=\"\/pt\/magnetic-flow-meter\/nu-flow-meter\/\">caudal\u00edmetro nu<\/a>,<a href=\"\/pt\/magnetic-flow-meter\/sierra-mass-flow-meter\/\">caudal\u00edmetro m\u00e1ssico sierra<\/a>,<a href=\"\/pt\/magnetic-flow-meter\/flow-meter-sensor\/\">sensor de caudal\u00edmetro<\/a>,<a href=\"\/pt\/magnetic-flow-meter\/carburetor-air-flow-meter\/\">carburetor air flow meter<\/a>,<a href=\"\/pt\/magnetic-flow-meter\/fire-hose-flow-meter\/\">medidor de caudal de mangueira de inc\u00eandio<\/a><\/p>\n<p>&nbsp;<\/p>","protected":false},"excerpt":{"rendered":"<p><strong>Dados t\u00e9cnicos<\/strong><br \/>\nPode servir fluidos l\u00edquidos ou gasosos, sendo normalmente utilizado para medir o caudal de vapor, vapor, ar e g\u00e1s natural.<br \/>\nTamanho do contador: Tipo em linha: DN25 - DN300<br \/>\nOp\u00e7\u00e3o de material h\u00famido: SS304, SS316<br \/>\nTemperatura de funcionamento: \u2264250\u2103<br \/>\nLiga\u00e7\u00e3o ao processo: Wafer \/ Flange \/ Tri-clamp para o tipo In-line<br \/>\nPrecis\u00e3o de medi\u00e7\u00e3o: 1,0 % - 1,5% do intervalo de calibra\u00e7\u00e3o<br \/>\nIndicador digital: apresenta o caudal instant\u00e2neo e o caudal total<br \/>\nFonte de alimenta\u00e7\u00e3o: 24VDC, Sa\u00edda: 4-20mA<\/p>\n<p><strong>caracter\u00edsticas<\/strong><br \/>\n1. pontos de regula\u00e7\u00e3o ON\/OFF ajust\u00e1veis<br \/>\n2. modo de alarme de caudal alto ou baixo<br \/>\n3. tempo de atraso ajust\u00e1vel<br \/>\n4. LED de estado do rel\u00e9<\/p>","protected":false},"featured_media":3691,"comment_status":"closed","ping_status":"closed","template":"","meta":[],"product_cat":[2372],"product_tag":[],"acf":[],"_links":{"self":[{"href":"https:\/\/www.hginstrument.com\/pt\/wp-json\/wp\/v2\/product\/5569"}],"collection":[{"href":"https:\/\/www.hginstrument.com\/pt\/wp-json\/wp\/v2\/product"}],"about":[{"href":"https:\/\/www.hginstrument.com\/pt\/wp-json\/wp\/v2\/types\/product"}],"replies":[{"embeddable":true,"href":"https:\/\/www.hginstrument.com\/pt\/wp-json\/wp\/v2\/comments?post=5569"}],"wp:featuredmedia":[{"embeddable":true,"href":"https:\/\/www.hginstrument.com\/pt\/wp-json\/wp\/v2\/media\/3691"}],"wp:attachment":[{"href":"https:\/\/www.hginstrument.com\/pt\/wp-json\/wp\/v2\/media?parent=5569"}],"wp:term":[{"taxonomy":"product_cat","embeddable":true,"href":"https:\/\/www.hginstrument.com\/pt\/wp-json\/wp\/v2\/product_cat?post=5569"},{"taxonomy":"product_tag","embeddable":true,"href":"https:\/\/www.hginstrument.com\/pt\/wp-json\/wp\/v2\/product_tag?post=5569"}],"curies":[{"name":"wp","href":"https:\/\/api.w.org\/{rel}","templated":true}]}}