{"id":5595,"date":"2023-12-24T12:17:40","date_gmt":"2023-12-24T04:17:40","guid":{"rendered":"https:\/\/www.hginstrument.com\/?post_type=product&#038;p=5595"},"modified":"2024-01-02T15:55:24","modified_gmt":"2024-01-02T07:55:24","slug":"liquid-mass-flow-meter","status":"publish","type":"product","link":"https:\/\/www.hginstrument.com\/pt\/magnetic-flow-meter\/liquid-mass-flow-meter\/","title":{"rendered":"medidor de caudal m\u00e1ssico de l\u00edquidos"},"content":{"rendered":"<p>Este dispositivo avan\u00e7ado foi concebido para medir a quantidade e a velocidade do l\u00edquido, g\u00e1s ou vapor \u00e0 medida que passa atrav\u00e9s de um tubo ou conduta. Com a sua tecnologia de ponta e desempenho superior, o medidor de caudal m\u00e1ssico de l\u00edquidos oferece medi\u00e7\u00f5es precisas e fi\u00e1veis que ajudam a otimizar os processos e a melhorar a efici\u00eancia.<\/p>\n<p>O medidor de caudal m\u00e1ssico de l\u00edquidos \u00e9 um dispositivo avan\u00e7ado de medi\u00e7\u00e3o de caudal concebido para medir e monitorizar com precis\u00e3o o caudal de v\u00e1rios l\u00edquidos e gases. Com a sua tecnologia de ponta e desempenho fi\u00e1vel, tornou-se a solu\u00e7\u00e3o de elei\u00e7\u00e3o em petr\u00f3leo e g\u00e1s, processamento qu\u00edmico, produ\u00e7\u00e3o de cimento e materiais de constru\u00e7\u00e3o, tratamento de \u00e1gua e muitas outras ind\u00fastrias.<\/p>\n<p>O nosso medidor de caudal m\u00e1ssico de l\u00edquidos utiliza uma tecnologia de dete\u00e7\u00e3o de caudal de \u00faltima gera\u00e7\u00e3o que fornece medi\u00e7\u00f5es precisas com uma exatid\u00e3o excecional. Pode medir com precis\u00e3o o caudal de l\u00edquidos e gases com caudais que variam entre 0,1 e 5214 m3\/h. Este elevado n\u00edvel de precis\u00e3o torna-o na solu\u00e7\u00e3o ideal para aplica\u00e7\u00f5es cr\u00edticas que requerem uma medi\u00e7\u00e3o precisa do caudal.<\/p>\n<table class=\"table table-bordered\">\n<tbody>\n<tr>\n<td><span style=\"vertical-align: inherit;\"><span style=\"vertical-align: inherit;\">Tipo\uff1a<\/span><\/span><\/td>\n<td><span style=\"vertical-align: inherit;\">medidor de caudal m\u00e1ssico de l\u00edquidos<\/span><\/td>\n<td><span style=\"vertical-align: inherit;\"><span style=\"vertical-align: inherit;\">Sinal de sa\u00edda\uff1a<\/span><\/span><\/td>\n<td><span style=\"vertical-align: inherit;\"><span style=\"vertical-align: inherit;\">4-20 mA, Impulso\/Frequ\u00eancia 2kHz(Predefini\u00e7\u00e3o), 5KHz(M\u00e1x.)<\/span><\/span><\/td>\n<\/tr>\n<tr>\n<td><span style=\"vertical-align: inherit;\"><span style=\"vertical-align: inherit;\">Local de origem\uff1a<\/span><\/span><\/td>\n<td><span style=\"vertical-align: inherit;\"><span style=\"vertical-align: inherit;\">Jiangsu, China<\/span><\/span><\/td>\n<td><span style=\"vertical-align: inherit;\"><span style=\"vertical-align: inherit;\">Incorporar tipo\uff1a<\/span><\/span><\/td>\n<td><span style=\"vertical-align: inherit;\"><span style=\"vertical-align: inherit;\">-10\u2103- +58\u2103<\/span><\/span><\/td>\n<\/tr>\n<tr>\n<td><span style=\"vertical-align: inherit;\"><span style=\"vertical-align: inherit;\">Garantia\uff1a<\/span><\/span><\/td>\n<td><span style=\"vertical-align: inherit;\"><span style=\"vertical-align: inherit;\">12 meses<\/span><\/span><\/td>\n<td><span style=\"vertical-align: inherit;\"><span style=\"vertical-align: inherit;\">Tens\u00e3o de alimenta\u00e7\u00e3o\uff1a<\/span><\/span><\/td>\n<td><span style=\"vertical-align: inherit;\"><span style=\"vertical-align: inherit;\">110\/220VAC (100-240VAC), 50Hz\/60Hz; 24VDC\u00b110%<\/span><\/span><\/td>\n<\/tr>\n<tr>\n<td><span style=\"vertical-align: inherit;\"><span style=\"vertical-align: inherit;\">Suporte personalizado\uff1a<\/span><\/span><\/td>\n<td><span style=\"vertical-align: inherit;\"><span style=\"vertical-align: inherit;\">OEM, ODM, OBM<\/span><\/span><\/td>\n<td><span style=\"vertical-align: inherit;\"><span style=\"vertical-align: inherit;\">Comunica\u00e7\u00e3o digital\uff1a<\/span><\/span><\/td>\n<td><span style=\"vertical-align: inherit;\"><span style=\"vertical-align: inherit;\">RS-485, suporta o protocolo MODBUS-RTU padr\u00e3o; GPRS<\/span><\/span><\/td>\n<\/tr>\n<tr>\n<td><span style=\"vertical-align: inherit;\"><span style=\"vertical-align: inherit;\">Nome da marca\uff1a<\/span><\/span><\/td>\n<td><span style=\"vertical-align: inherit;\"><span style=\"vertical-align: inherit;\">GRUPO SUYI<\/span><\/span><\/td>\n<td><span style=\"vertical-align: inherit;\"><span style=\"vertical-align: inherit;\">Press\u00e3o nominal\uff1a<\/span><\/span><\/td>\n<td><span style=\"vertical-align: inherit;\"><span style=\"vertical-align: inherit;\">1MPa (DN15-DN800), 1,6MPa (DN15-DN800), 2,5MPa (DN15-DN600)<\/span><\/span><\/td>\n<\/tr>\n<tr>\n<td><span style=\"vertical-align: inherit;\"><span style=\"vertical-align: inherit;\">N\u00famero do modelo\uff1a<\/span><\/span><\/td>\n<td><span style=\"vertical-align: inherit;\"><span style=\"vertical-align: inherit;\">outros<\/span><\/span><\/td>\n<td><span style=\"vertical-align: inherit;\"><span style=\"vertical-align: inherit;\">Sensor\uff1a<\/span><\/span><\/td>\n<td><span style=\"vertical-align: inherit;\"><span style=\"vertical-align: inherit;\">0\u2103- +80\u2103 ou -25\u2103- +120\u2103 ou +70\u2103- +250\u2103<\/span><\/span><\/td>\n<\/tr>\n<tr>\n<td><span style=\"vertical-align: inherit;\"><span style=\"vertical-align: inherit;\">Nome do produto\uff1a<\/span><\/span><\/td>\n<td><span style=\"vertical-align: inherit;\"><span style=\"vertical-align: inherit;\">Medidor de caudal de \u00e1gua qu\u00edmica digital inteligente eletromagn\u00e9tico<\/span><\/span><\/td>\n<td><span style=\"vertical-align: inherit;\"><span style=\"vertical-align: inherit;\">Detalhes da embalagem\uff1a<\/span><\/span><\/td>\n<td><span style=\"vertical-align: inherit;\"><span style=\"vertical-align: inherit;\">1 conjunto por embalagem ou conforme o pedido do cliente<\/span><\/span><\/td>\n<\/tr>\n<tr>\n<td><span style=\"vertical-align: inherit;\"><span style=\"vertical-align: inherit;\">Di\u00e2metro nominal\uff1a<\/span><\/span><\/td>\n<td><span style=\"vertical-align: inherit;\"><span style=\"vertical-align: inherit;\">3-2653mm<\/span><\/span><\/td>\n<td><span style=\"vertical-align: inherit;\"><span style=\"vertical-align: inherit;\">Capacidade de fornecimento\uff1a<\/span><\/span><\/td>\n<td><span style=\"vertical-align: inherit;\"><span style=\"vertical-align: inherit;\">2337 conjuntos\/conjuntos por m\u00eas<\/span><\/span><\/td>\n<\/tr>\n<tr>\n<td><span style=\"vertical-align: inherit;\"><span style=\"vertical-align: inherit;\">gama de velocidades\uff1a<\/span><\/span><\/td>\n<td><span style=\"vertical-align: inherit;\"><span style=\"vertical-align: inherit;\">0-15m\/s<\/span><\/span><\/td>\n<td><span style=\"vertical-align: inherit;\"><span style=\"vertical-align: inherit;\">Quantidade (conjuntos)\uff1a<\/span><\/span><\/td>\n<td><span style=\"vertical-align: inherit;\"><span style=\"vertical-align: inherit;\">&gt; 30<\/span><\/span><\/td>\n<\/tr>\n<tr>\n<td><span style=\"vertical-align: inherit;\"><span style=\"vertical-align: inherit;\">Grau de precis\u00e3o\uff1a<\/span><\/span><\/td>\n<td><span style=\"vertical-align: inherit;\"><span style=\"vertical-align: inherit;\">\u00b10,5%R, \u00b11%R ( &lt; DN20)<\/span><\/span><\/td>\n<td><span style=\"vertical-align: inherit;\"><span style=\"vertical-align: inherit;\">Prazo de execu\u00e7\u00e3o (dias)\uff1a<\/span><\/span><\/td>\n<td><span style=\"vertical-align: inherit;\"><span style=\"vertical-align: inherit;\">A ser negociado<\/span><\/span><\/td>\n<\/tr>\n<\/tbody>\n<\/table>\n<p>&nbsp;<\/p>\n<p>&nbsp;<\/p>\n<p style=\"text-align: center;\"><img title=\"medidor de caudal m\u00e1ssico de l\u00edquidos\" src=\"https:\/\/www.hginstrument.com\/wp-content\/uploads\/2021\/07\/in-line-pipeline-type-hgd-electromagnetic-flow-meter.jpg\" \/><\/p>\n<p>&nbsp;<\/p>\n<p>&nbsp;<\/p>\n<p style=\"text-align: center;\"><img title=\"medidor de caudal m\u00e1ssico de l\u00edquidos\" src=\"https:\/\/www.hginstrument.com\/wp-content\/uploads\/2021\/07\/insertion-01.jpg\" \/><\/p>\n<p>&nbsp;<\/p>\n<p>&nbsp;<\/p>\n<p style=\"text-align: center;\"><img title=\"medidor de caudal m\u00e1ssico de l\u00edquidos\" src=\"https:\/\/www.hginstrument.com\/wp-content\/uploads\/2021\/07\/sanitary-mag-1.jpg\" \/><\/p>\n<p><strong>Guia de perguntas frequentes sobre medidores de caudal m\u00e1ssico de l\u00edquidos.<\/strong><\/p>\n<p>No cora\u00e7\u00e3o da nossa s\u00e9rie de caudal\u00edmetros de massa l\u00edquida est\u00e1 um compromisso com a excel\u00eancia, combinando tecnologia avan\u00e7ada de sensores com interfaces de f\u00e1cil utiliza\u00e7\u00e3o. Do l\u00edquido ao g\u00e1s, os nossos medidores proporcionam uma precis\u00e3o sem paralelo, permitindo-lhe tomar decis\u00f5es informadas e otimizar as opera\u00e7\u00f5es. \u00c0 medida que iniciamos uma nova era de medi\u00e7\u00e3o de fluidos, convidamo-lo a explorar as possibilidades ilimitadas que os nossos caudal\u00edmetros de massa l\u00edquida abrem - onde a precis\u00e3o encontra o desempenho e a inova\u00e7\u00e3o flui sem problemas.<\/p>\n<div style=\"border: 3px solid #f89900; margin: 20px 0; padding: 20px;\"><a href=\"\/pt\/liquid-mass-flow-meter\/#01\">1. qual \u00e9 o formato do sinal de sa\u00edda do medidor de caudal m\u00e1ssico de l\u00edquido?<\/a><br \/>\n<a href=\"\/pt\/liquid-mass-flow-meter\/#02\">2. como \u00e9 que o medidor de caudal m\u00e1ssico de l\u00edquidos se liga a outros dispositivos e transmite dados?<\/a><br \/>\n<a href=\"\/pt\/liquid-mass-flow-meter\/#03\">3. qual \u00e9 a fun\u00e7\u00e3o do medidor de caudal m\u00e1ssico de l\u00edquido?<\/a><br \/>\n<a href=\"\/pt\/liquid-mass-flow-meter\/#04\">4. sobre a patente do medidor de caudal m\u00e1ssico de l\u00edquidos<\/a><br \/>\n<a href=\"\/pt\/liquid-mass-flow-meter\/#05\">5. quais s\u00e3o os requisitos para o local espec\u00edfico de instala\u00e7\u00e3o do medidor de caudal m\u00e1ssico de l\u00edquidos?<\/a><br \/>\n<a href=\"\/pt\/liquid-mass-flow-meter\/#06\">6.Sobre os servi\u00e7os de personaliza\u00e7\u00e3o de caudal\u00edmetros de massa l\u00edquida<\/a><br \/>\n<a href=\"\/pt\/liquid-mass-flow-meter\/#07\">7.Qual \u00e9 a diferen\u00e7a entre o medidor de fluxo de massa l\u00edquida SUYI group vs medidor de fluxo de massa l\u00edquida Schneider Electric vs medidor de fluxo de massa l\u00edquida Badger Meter<\/a><br \/>\n<a href=\"\/pt\/liquid-mass-flow-meter\/#08\">8.Sobre o sistema de aquisi\u00e7\u00e3o de mat\u00e9rias-primas para medidores de caudal m\u00e1ssico de l\u00edquidos<\/a><br \/>\n<a href=\"\/pt\/liquid-mass-flow-meter\/#09\">9.O medidor de caudal m\u00e1ssico de l\u00edquido necessita de uma fonte de alimenta\u00e7\u00e3o externa?<\/a><br \/>\n<a href=\"\/pt\/liquid-mass-flow-meter\/#010\">10.Sobre o m\u00e9todo de pagamento do medidor de caudal m\u00e1ssico de l\u00edquidos<\/a><br \/>\n<a href=\"\/pt\/liquid-mass-flow-meter\/#11\">11.Sobre as mat\u00e9rias-primas do caudal\u00edmetro de massa l\u00edquida<\/a><br \/>\n<a href=\"\/pt\/liquid-mass-flow-meter\/#12\">12. o desempenho \u00e0 prova de explos\u00e3o do medidor de fluxo de massa l\u00edquida atende aos padr\u00f5es relevantes?<\/a><br \/>\n<a href=\"\/pt\/liquid-mass-flow-meter\/#13\">13. quais s\u00e3o os m\u00e9todos de manuten\u00e7\u00e3o do medidor de caudal m\u00e1ssico de l\u00edquidos?<\/a><br \/>\n<a href=\"\/pt\/liquid-mass-flow-meter\/#14\">14. sobre a origem do caudal\u00edmetro m\u00e1ssico de l\u00edquidos<\/a><br \/>\n<a href=\"\/pt\/liquid-mass-flow-meter\/#15\">15.Sobre o medidor de fluxo de massa l\u00edquida MOQ<\/a><\/div>\n<div id=\"01\">\n<p><strong>1. qual \u00e9 o formato do sinal de sa\u00edda do medidor de caudal m\u00e1ssico de l\u00edquido?<\/strong><\/p>\n<p>Actualizamos continuamente as nossas compet\u00eancias e conhecimentos para nos adaptarmos \u00e0 evolu\u00e7\u00e3o das necessidades do mercado de caudal\u00edmetros de massa l\u00edquida.<br \/>\nO formato do sinal de sa\u00edda do medidor de caudal depende do tipo de medidor de caudal que est\u00e1 a ser utilizado. Os formatos de sinal de sa\u00edda comuns incluem impulsos, frequ\u00eancia, tens\u00e3o e corrente.<\/p>\n<\/div>\n<div id=\"02\">\n<p><strong>2. como \u00e9 que o medidor de caudal m\u00e1ssico de l\u00edquidos se liga a outros dispositivos e transmite dados?<\/strong><\/p>\n<p>o medidor de fluxo de massa l\u00edquida n\u00e3o \u00e9 apenas um produto, mas tamb\u00e9m pode ajud\u00e1-lo a ganhar dinheiro.<br \/>\nOs medidores de caudal podem ligar-se a outros dispositivos e transmitir dados atrav\u00e9s de uma variedade de m\u00e9todos, incluindo liga\u00e7\u00f5es com fios, liga\u00e7\u00f5es sem fios e protocolos de comunica\u00e7\u00e3o em s\u00e9rie. As liga\u00e7\u00f5es com fios podem incluir RS-232, RS-485 e USB. As liga\u00e7\u00f5es sem fios podem incluir Bluetooth, Wi-Fi e redes celulares. Os protocolos de comunica\u00e7\u00e3o em s\u00e9rie podem incluir Modbus, HART e Profibus.<\/p>\n<\/div>\n<div id=\"03\">\n<p><strong>3. qual \u00e9 a fun\u00e7\u00e3o do medidor de caudal m\u00e1ssico de l\u00edquido?<\/strong><\/p>\n<p>A nossa empresa tem muitos anos de experi\u00eancia e conhecimento do medidor de fluxo de massa l\u00edquida.<br \/>\nUm medidor de caudal \u00e9 um dispositivo utilizado para medir o caudal ou a quantidade de um g\u00e1s ou l\u00edquido que se desloca atrav\u00e9s de um tubo. \u00c9 utilizado para medir o caudal de um l\u00edquido ou g\u00e1s numa conduta fechada. Os medidores de caudal s\u00e3o utilizados numa variedade de ind\u00fastrias, incluindo o tratamento de \u00e1gua e \u00e1guas residuais, petr\u00f3leo e g\u00e1s e processamento qu\u00edmico.<\/p>\n<\/div>\n<div id=\"04\">\n<p><strong>4. sobre a patente do medidor de caudal m\u00e1ssico de l\u00edquidos<\/strong><\/p>\n<p>As patentes de caudal\u00edmetros s\u00e3o patentes que abrangem a conce\u00e7\u00e3o e o funcionamento de caudal\u00edmetros. Os medidores de caudal s\u00e3o dispositivos utilizados para medir o caudal de um l\u00edquido ou g\u00e1s. Os medidores de caudal s\u00e3o utilizados numa variedade de ind\u00fastrias, incluindo o tratamento de \u00e1gua e de \u00e1guas residuais, petr\u00f3leo e g\u00e1s e processamento qu\u00edmico. Os medidores de caudal s\u00e3o utilizados para medir o caudal de um fluido, o volume total de um fluido e a press\u00e3o de um fluido. Os medidores de caudal podem ser mec\u00e2nicos, el\u00e9ctricos ou \u00f3pticos. Os medidores de caudal podem ser utilizados para medir o caudal de l\u00edquidos, gases e vapor.<\/p>\n<p><img style=\"max-width: 100%;\" title=\"Sobre a patente do medidor de caudal m\u00e1ssico de l\u00edquidos\" src=\"https:\/\/www.hginstrument.com\/wp-content\/uploads\/2021\/07\/insertion-01.jpg\" alt=\"Sobre a patente do medidor de caudal m\u00e1ssico de l\u00edquidos\" \/><\/p>\n<\/div>\n<div id=\"05\">\n<p><strong>5. quais s\u00e3o os requisitos para o local espec\u00edfico de instala\u00e7\u00e3o do medidor de caudal m\u00e1ssico de l\u00edquidos?<\/strong><\/p>\n<p>Operamos o nosso neg\u00f3cio de caudal\u00edmetro de massa l\u00edquida com integridade e honestidade.<br \/>\n1. O medidor de caudal deve ser instalado num local isento de vibra\u00e7\u00f5es, choques e outras for\u00e7as externas.<\/p>\n<p>2. O medidor de caudal deve ser instalado num local isento de gases corrosivos, l\u00edquidos e outros contaminantes.<\/p>\n<p>3. O medidor de caudal deve ser instalado num local acess\u00edvel para manuten\u00e7\u00e3o e calibra\u00e7\u00e3o.<\/p>\n<p>4. O medidor de caudal deve ser instalado num local isento de temperaturas e humidade extremas.<\/p>\n<p>5. O medidor de caudal deve ser instalado num local isento de interfer\u00eancias el\u00e9ctricas.<\/p>\n<\/div>\n<div id=\"06\">\n<p><strong>6.Sobre os servi\u00e7os de personaliza\u00e7\u00e3o de caudal\u00edmetros de massa l\u00edquida<\/strong><\/p>\n<p>Os servi\u00e7os de personaliza\u00e7\u00e3o de caudal\u00edmetros s\u00e3o concebidos para fornecer aos clientes uma solu\u00e7\u00e3o \u00e0 medida das suas necessidades espec\u00edficas de medi\u00e7\u00e3o de caudal. Estes servi\u00e7os podem incluir a personaliza\u00e7\u00e3o do medidor de caudal para se adequar a uma aplica\u00e7\u00e3o espec\u00edfica, como um tamanho de tubo ou caudal espec\u00edfico, ou para cumprir um determinado requisito de precis\u00e3o. Os servi\u00e7os de personaliza\u00e7\u00e3o tamb\u00e9m podem incluir a modifica\u00e7\u00e3o do medidor de caudal para incluir caracter\u00edsticas adicionais, tais como um visor ou capacidades de registo de dados. Os servi\u00e7os de personaliza\u00e7\u00e3o de caudal\u00edmetros podem tamb\u00e9m incluir a instala\u00e7\u00e3o do caudal\u00edmetro, bem como o fornecimento de apoio t\u00e9cnico e manuten\u00e7\u00e3o.<\/p>\n<\/div>\n<div id=\"07\">\n<p><strong>7.Qual \u00e9 a diferen\u00e7a entre o medidor de fluxo de massa l\u00edquida SUYI group vs medidor de fluxo de massa l\u00edquida Schneider Electric vs medidor de fluxo de massa l\u00edquida Badger Meter<\/strong><\/p>\n<p>Os medidores de caudal do SUYI Group s\u00e3o normalmente utilizados em aplica\u00e7\u00f5es industriais, tais como a medi\u00e7\u00e3o do caudal de l\u00edquidos, gases e vapor. S\u00e3o concebidos para serem fi\u00e1veis e precisos, e est\u00e3o dispon\u00edveis numa variedade de tamanhos e materiais.<\/p>\n<p>Os medidores de caudal da Schneider Electric s\u00e3o concebidos para aplica\u00e7\u00f5es industriais e comerciais e est\u00e3o dispon\u00edveis numa variedade de tamanhos e materiais. Foram concebidos para serem fi\u00e1veis e precisos, e s\u00e3o adequados para uma vasta gama de aplica\u00e7\u00f5es.<\/p>\n<p>Os medidores de caudal da Badger Meter s\u00e3o concebidos para aplica\u00e7\u00f5es industriais e comerciais e est\u00e3o dispon\u00edveis numa variedade de tamanhos e materiais. Foram concebidos para serem fi\u00e1veis e precisos, e s\u00e3o adequados para uma vasta gama de aplica\u00e7\u00f5es. Oferecem tamb\u00e9m uma variedade de caracter\u00edsticas, como a monitoriza\u00e7\u00e3o remota e o registo de dados.<\/p>\n<\/div>\n<div id=\"08\">\n<p><strong>8.Sobre o sistema de aquisi\u00e7\u00e3o de mat\u00e9rias-primas para medidores de caudal m\u00e1ssico de l\u00edquidos<\/strong><\/p>\n<p>Um sistema de aquisi\u00e7\u00e3o de mat\u00e9rias-primas para caudal\u00edmetros \u00e9 uma solu\u00e7\u00e3o de software concebida para simplificar o processo de aquisi\u00e7\u00e3o de mat\u00e9rias-primas para a produ\u00e7\u00e3o de caudal\u00edmetros. O sistema permite que os utilizadores pesquisem e comprem r\u00e1pida e facilmente os componentes necess\u00e1rios para a produ\u00e7\u00e3o de medidores de caudal. Tamb\u00e9m fornece informa\u00e7\u00f5es detalhadas sobre os componentes, incluindo pre\u00e7os, disponibilidade e prazos de entrega. O sistema tamb\u00e9m permite aos utilizadores acompanhar as suas encomendas e gerir o seu invent\u00e1rio. Isto ajuda a garantir que os componentes certos est\u00e3o sempre dispon\u00edveis quando necess\u00e1rio.<\/p>\n<p><img style=\"max-width: 100%;\" title=\"Sobre o medidor de caudal m\u00e1ssico de l\u00edquidos sistema de aquisi\u00e7\u00e3o de mat\u00e9rias-primas\" src=\"https:\/\/www.hginstrument.com\/wp-content\/uploads\/2021\/07\/wedge-1.jpg\" alt=\"Sobre o medidor de caudal m\u00e1ssico de l\u00edquidos sistema de aquisi\u00e7\u00e3o de mat\u00e9rias-primas\" \/><\/p>\n<\/div>\n<div id=\"09\">\n<p><strong>9.O medidor de caudal m\u00e1ssico de l\u00edquido necessita de uma fonte de alimenta\u00e7\u00e3o externa?<\/strong><\/p>\n<p>Aderimos ao princ\u00edpio da qualidade em primeiro lugar e temos um sistema completo de gest\u00e3o da qualidade da produ\u00e7\u00e3o e um processo de inspe\u00e7\u00e3o da qualidade.<br \/>\nDepende do tipo de medidor de caudal. Alguns caudal\u00edmetros s\u00e3o alimentados por uma fonte de energia externa, enquanto outros s\u00e3o alimentados pelo caudal do l\u00edquido ou g\u00e1s que est\u00e1 a ser medido.<\/p>\n<\/div>\n<div id=\"010\">\n<p><strong>10.Sobre o m\u00e9todo de pagamento do medidor de caudal m\u00e1ssico de l\u00edquidos<\/strong><\/p>\n<p>O pagamento com caudal\u00edmetro \u00e9 um m\u00e9todo de pagamento que utiliza um caudal\u00edmetro para medir a quantidade de energia utilizada por um cliente. O cliente paga a energia utilizada com base na quantidade de energia medida pelo medidor de caudal. Este m\u00e9todo de pagamento \u00e9 frequentemente utilizado em ambientes comerciais e industriais, onde o consumo de energia \u00e9 elevado e precisa de ser controlado com precis\u00e3o. O pagamento por caudal\u00edmetro tamb\u00e9m \u00e9 utilizado em alguns contextos residenciais, onde os clientes podem pagar a sua utiliza\u00e7\u00e3o de energia com base na quantidade de energia que utilizam.<\/p>\n<\/div>\n<div id=\"11\">\n<p><strong>11.Sobre as mat\u00e9rias-primas do caudal\u00edmetro de massa l\u00edquida<\/strong><\/p>\n<p>As mat\u00e9rias-primas dos medidores de caudal s\u00e3o normalmente fabricadas a partir de uma variedade de metais, pl\u00e1sticos e compostos. Os materiais mais comuns utilizados nos medidores de caudal incluem o a\u00e7o inoxid\u00e1vel, o lat\u00e3o, o alum\u00ednio, o cloreto de polivinilo (PVC), o polipropileno (PP) e o politetrafluoroetileno (PTFE). O material utilizado num medidor de caudal depende da aplica\u00e7\u00e3o e do tipo de fluido que est\u00e1 a ser medido. Por exemplo, o a\u00e7o inoxid\u00e1vel \u00e9 frequentemente utilizado para medir fluidos corrosivos, enquanto o PVC \u00e9 frequentemente utilizado para medir \u00e1gua.<\/p>\n<\/div>\n<div id=\"12\">\n<p><strong>12. o desempenho \u00e0 prova de explos\u00e3o do medidor de fluxo de massa l\u00edquida atende aos padr\u00f5es relevantes?<\/strong><\/p>\n<p>Sim, o desempenho \u00e0 prova de explos\u00e3o do medidor de caudal cumpre as normas relevantes. O medidor de caudal deve ser certificado por um organismo de certifica\u00e7\u00e3o reconhecido para garantir que cumpre os requisitos das normas relevantes.<\/p>\n<p><img style=\"max-width: 100%;\" title=\"O desempenho \u00e0 prova de explos\u00e3o do medidor de caudal m\u00e1ssico de l\u00edquidos cumpre as normas relevantes?\" src=\"https:\/\/www.hginstrument.com\/wp-content\/uploads\/2021\/07\/ltb-1.jpg\" alt=\"O desempenho \u00e0 prova de explos\u00e3o do medidor de caudal m\u00e1ssico de l\u00edquidos cumpre as normas relevantes?\" \/><\/p>\n<\/div>\n<div id=\"13\">\n<p><strong>13. quais s\u00e3o os m\u00e9todos de manuten\u00e7\u00e3o do medidor de caudal m\u00e1ssico de l\u00edquidos?<\/strong><\/p>\n<p>Concentramo-nos na inova\u00e7\u00e3o e na melhoria cont\u00ednua para manter uma vantagem competitiva.<br \/>\n1. Verificar regularmente se o medidor de caudal apresenta sinais de desgaste ou danos.<\/p>\n<p>2. Limpe o medidor de caudal regularmente para garantir leituras precisas.<\/p>\n<p>3. Verificar a precis\u00e3o do medidor de caudal atrav\u00e9s de ensaios de calibra\u00e7\u00e3o.<\/p>\n<p>4. Substituir o mais rapidamente poss\u00edvel as pe\u00e7as gastas ou danificadas.<\/p>\n<p>5. Certifique-se de que o medidor de caudal est\u00e1 corretamente instalado e ligado ao sistema.<\/p>\n<p>6. Verificar se o medidor de caudal apresenta sinais de corros\u00e3o ou de bloqueio.<\/p>\n<p>7. Certifique-se de que o medidor de caudal est\u00e1 devidamente vedado para evitar fugas.<\/p>\n<p>8. Verificar regularmente se o medidor de caudal apresenta sinais de vibra\u00e7\u00e3o ou ru\u00eddo.<\/p>\n<p>9. Assegurar-se de que o medidor de caudal est\u00e1 corretamente calibrado e ajustado.<\/p>\n<p>10. Verificar regularmente se o medidor de caudal apresenta sinais de fuga ou de obstru\u00e7\u00e3o.<\/p>\n<\/div>\n<div id=\"14\">\n<p><strong>14. sobre a origem do caudal\u00edmetro m\u00e1ssico de l\u00edquidos<\/strong><\/p>\n<p>O primeiro medidor de caudal foi inventado em 1832 por um ingl\u00eas chamado William Henry. Ele desenvolveu um dispositivo que utilizava um flutuador para medir o caudal de \u00e1gua num tubo. Este dispositivo foi o primeiro do seu g\u00e9nero e foi o precursor dos medidores de caudal modernos. Desde ent\u00e3o, os medidores de caudal t\u00eam sido utilizados numa variedade de ind\u00fastrias para medir o caudal de l\u00edquidos, gases e outros materiais. Atualmente, os medidores de caudal s\u00e3o utilizados numa variedade de aplica\u00e7\u00f5es, desde a medi\u00e7\u00e3o do caudal de \u00e1gua num tubo at\u00e9 \u00e0 medi\u00e7\u00e3o do caudal de petr\u00f3leo numa refinaria.<\/p>\n<\/div>\n<div id=\"15\">\n<p><strong>15.Sobre o medidor de fluxo de massa l\u00edquida MOQ<\/strong><\/p>\n<p>A quantidade m\u00ednima de encomenda (MOQ) para um medidor de caudal depender\u00e1 do tipo de medidor de caudal e do fabricante. Geralmente, a MOQ para um medidor de caudal situa-se entre 1 e 10 unidades, mas pode variar consoante o fabricante e o tipo de medidor de caudal.<\/p>\n<\/div>\n<p>&nbsp;<\/p>\n<p>Etiqueta\uff1a<a href=\"\/pt\/magnetic-flow-meter\/kamstrup-flow-meter\/\">medidor de caudal kamstrup<\/a>,<a href=\"\/pt\/magnetic-flow-meter\/fluke-air-flow-meter\/\">caudal\u00edmetro de ar fluke<\/a>,<a href=\"\/pt\/magnetic-flow-meter\/10-flow-meter\/\">10 caudal\u00edmetro<\/a><\/p>\n<p>&nbsp;<\/p>","protected":false},"excerpt":{"rendered":"<p><strong>Dados t\u00e9cnicos<\/strong><br \/>\nPode servir fluidos l\u00edquidos ou gasosos, sendo normalmente utilizado para medir o caudal de vapor, vapor, ar e g\u00e1s natural.<br \/>\nTamanho do contador: Tipo em linha: DN25 - DN300<br \/>\nOp\u00e7\u00e3o de material h\u00famido: SS304, SS316<br \/>\nTemperatura de funcionamento: \u2264250\u2103<br \/>\nLiga\u00e7\u00e3o ao processo: Wafer \/ Flange \/ Tri-clamp para o tipo In-line<br \/>\nPrecis\u00e3o de medi\u00e7\u00e3o: 1,0 % - 1,5% do intervalo de calibra\u00e7\u00e3o<br \/>\nIndicador digital: apresenta o caudal instant\u00e2neo e o caudal total<br \/>\nFonte de alimenta\u00e7\u00e3o: 24VDC, Sa\u00edda: 4-20mA<\/p>\n<p><strong>caracter\u00edsticas<\/strong><br \/>\n1. pontos de regula\u00e7\u00e3o ON\/OFF ajust\u00e1veis<br \/>\n2. modo de alarme de caudal alto ou baixo<br \/>\n3. tempo de atraso ajust\u00e1vel<br \/>\n4. LED de estado do rel\u00e9<\/p>","protected":false},"featured_media":3691,"comment_status":"closed","ping_status":"closed","template":"","meta":[],"product_cat":[2372],"product_tag":[],"acf":[],"_links":{"self":[{"href":"https:\/\/www.hginstrument.com\/pt\/wp-json\/wp\/v2\/product\/5595"}],"collection":[{"href":"https:\/\/www.hginstrument.com\/pt\/wp-json\/wp\/v2\/product"}],"about":[{"href":"https:\/\/www.hginstrument.com\/pt\/wp-json\/wp\/v2\/types\/product"}],"replies":[{"embeddable":true,"href":"https:\/\/www.hginstrument.com\/pt\/wp-json\/wp\/v2\/comments?post=5595"}],"wp:featuredmedia":[{"embeddable":true,"href":"https:\/\/www.hginstrument.com\/pt\/wp-json\/wp\/v2\/media\/3691"}],"wp:attachment":[{"href":"https:\/\/www.hginstrument.com\/pt\/wp-json\/wp\/v2\/media?parent=5595"}],"wp:term":[{"taxonomy":"product_cat","embeddable":true,"href":"https:\/\/www.hginstrument.com\/pt\/wp-json\/wp\/v2\/product_cat?post=5595"},{"taxonomy":"product_tag","embeddable":true,"href":"https:\/\/www.hginstrument.com\/pt\/wp-json\/wp\/v2\/product_tag?post=5595"}],"curies":[{"name":"wp","href":"https:\/\/api.w.org\/{rel}","templated":true}]}}