{"id":5639,"date":"2023-12-24T14:05:52","date_gmt":"2023-12-24T06:05:52","guid":{"rendered":"https:\/\/www.hginstrument.com\/?post_type=product&#038;p=5639"},"modified":"2024-01-02T14:15:19","modified_gmt":"2024-01-02T06:15:19","slug":"mas-flow-meter","status":"publish","type":"product","link":"https:\/\/www.hginstrument.com\/pt\/magnetic-flow-meter\/mas-flow-meter\/","title":{"rendered":"caudal\u00edmetro mas"},"content":{"rendered":"<p>With its high flow range and precise reading capabilities, mas flow meter is the ideal choice for industries such as oil and gas, water treatment, and chemical processing. Upgrade your liquid measurement process with mas flow meter and experience unparalleled performance and value. Trust mas flow meter to give you the most accurate and efficient flow measurements every time.<\/p>\n<p>At the heart of mas flow meters is the technology that measures and records the flow, providing accurate and reliable readings. There are different types of mas flow meters, including magnetic, ultrasonic, coriolis, and turbine, each designed for specific applications and fluid types.<\/p>\n<p>One of the most advanced and widely used mas flow meters is the electromagnetic mas flow meter. It works on the principle of Faraday&#8217;s Law of Electromagnetic Induction and is capable of measuring the flow rate of conductive fluids with incredible accuracy and repeatability. It is suitable for a variety of fluids, including water, chemicals, and slurries.<\/p>\n<table class=\"table table-bordered\">\n<tbody>\n<tr>\n<td><span style=\"vertical-align: inherit;\"><span style=\"vertical-align: inherit;\">Tipo\uff1a<\/span><\/span><\/td>\n<td><span style=\"vertical-align: inherit;\">caudal\u00edmetro mas<\/span><\/td>\n<td><span style=\"vertical-align: inherit;\"><span style=\"vertical-align: inherit;\">Sinal de sa\u00edda\uff1a<\/span><\/span><\/td>\n<td><span style=\"vertical-align: inherit;\"><span style=\"vertical-align: inherit;\">4-22mA, Impulso\/Frequ\u00eancia 2kHz(Predefini\u00e7\u00e3o), 5KHz(M\u00e1x.)<\/span><\/span><\/td>\n<\/tr>\n<tr>\n<td><span style=\"vertical-align: inherit;\"><span style=\"vertical-align: inherit;\">Local de origem\uff1a<\/span><\/span><\/td>\n<td><span style=\"vertical-align: inherit;\"><span style=\"vertical-align: inherit;\">Jiangsu, China<\/span><\/span><\/td>\n<td><span style=\"vertical-align: inherit;\"><span style=\"vertical-align: inherit;\">Incorporar tipo\uff1a<\/span><\/span><\/td>\n<td><span style=\"vertical-align: inherit;\"><span style=\"vertical-align: inherit;\">-10\u2103- +59\u2103<\/span><\/span><\/td>\n<\/tr>\n<tr>\n<td><span style=\"vertical-align: inherit;\"><span style=\"vertical-align: inherit;\">Garantia\uff1a<\/span><\/span><\/td>\n<td><span style=\"vertical-align: inherit;\"><span style=\"vertical-align: inherit;\">14 meses<\/span><\/span><\/td>\n<td><span style=\"vertical-align: inherit;\"><span style=\"vertical-align: inherit;\">Tens\u00e3o de alimenta\u00e7\u00e3o\uff1a<\/span><\/span><\/td>\n<td><span style=\"vertical-align: inherit;\"><span style=\"vertical-align: inherit;\">110\/220VAC (100-240VAC), 50Hz\/60Hz; 24VDC\u00b110%<\/span><\/span><\/td>\n<\/tr>\n<tr>\n<td><span style=\"vertical-align: inherit;\"><span style=\"vertical-align: inherit;\">Suporte personalizado\uff1a<\/span><\/span><\/td>\n<td><span style=\"vertical-align: inherit;\"><span style=\"vertical-align: inherit;\">OEM, ODM, OBM<\/span><\/span><\/td>\n<td><span style=\"vertical-align: inherit;\"><span style=\"vertical-align: inherit;\">Comunica\u00e7\u00e3o digital\uff1a<\/span><\/span><\/td>\n<td><span style=\"vertical-align: inherit;\"><span style=\"vertical-align: inherit;\">RS-485, suporta o protocolo padr\u00e3o Mudbugs-RTU; GPRS<\/span><\/span><\/td>\n<\/tr>\n<tr>\n<td><span style=\"vertical-align: inherit;\"><span style=\"vertical-align: inherit;\">Nome da marca\uff1a<\/span><\/span><\/td>\n<td><span style=\"vertical-align: inherit;\"><span style=\"vertical-align: inherit;\">GRUPO SUYI<\/span><\/span><\/td>\n<td><span style=\"vertical-align: inherit;\"><span style=\"vertical-align: inherit;\">Press\u00e3o nominal\uff1a<\/span><\/span><\/td>\n<td><span style=\"vertical-align: inherit;\"><span style=\"vertical-align: inherit;\">1MPa (DN15-DN800), 1,6MPa (DN15-DN800), 2,5MPa (DN15-DN600)<\/span><\/span><\/td>\n<\/tr>\n<tr>\n<td><span style=\"vertical-align: inherit;\"><span style=\"vertical-align: inherit;\">N\u00famero do modelo\uff1a<\/span><\/span><\/td>\n<td><span style=\"vertical-align: inherit;\"><span style=\"vertical-align: inherit;\">outros<\/span><\/span><\/td>\n<td><span style=\"vertical-align: inherit;\"><span style=\"vertical-align: inherit;\">Sensor\uff1a<\/span><\/span><\/td>\n<td><span style=\"vertical-align: inherit;\"><span style=\"vertical-align: inherit;\">0\u2103- +80\u2103 ou -25\u2103- +120\u2103 ou +70\u2103- +250\u2103<\/span><\/span><\/td>\n<\/tr>\n<tr>\n<td><span style=\"vertical-align: inherit;\"><span style=\"vertical-align: inherit;\">Nome do produto\uff1a<\/span><\/span><\/td>\n<td><span style=\"vertical-align: inherit;\"><span style=\"vertical-align: inherit;\">Medidor de caudal de \u00e1gua qu\u00edmica digital inteligente eletromagn\u00e9tico<\/span><\/span><\/td>\n<td><span style=\"vertical-align: inherit;\"><span style=\"vertical-align: inherit;\">Detalhes da embalagem\uff1a<\/span><\/span><\/td>\n<td><span style=\"vertical-align: inherit;\"><span style=\"vertical-align: inherit;\">1 conjunto por embalagem ou conforme o pedido do cliente<\/span><\/span><\/td>\n<\/tr>\n<tr>\n<td><span style=\"vertical-align: inherit;\"><span style=\"vertical-align: inherit;\">Di\u00e2metro nominal\uff1a<\/span><\/span><\/td>\n<td><span style=\"vertical-align: inherit;\"><span style=\"vertical-align: inherit;\">3-3090mm<\/span><\/span><\/td>\n<td><span style=\"vertical-align: inherit;\"><span style=\"vertical-align: inherit;\">Capacidade de fornecimento\uff1a<\/span><\/span><\/td>\n<td><span style=\"vertical-align: inherit;\"><span style=\"vertical-align: inherit;\">2207 Set\/Sets per Month<\/span><\/span><\/td>\n<\/tr>\n<tr>\n<td><span style=\"vertical-align: inherit;\"><span style=\"vertical-align: inherit;\">gama de velocidades\uff1a<\/span><\/span><\/td>\n<td><span style=\"vertical-align: inherit;\"><span style=\"vertical-align: inherit;\">0-14m\/s<\/span><\/span><\/td>\n<td><span style=\"vertical-align: inherit;\"><span style=\"vertical-align: inherit;\">Quantidade (conjuntos)\uff1a<\/span><\/span><\/td>\n<td><span style=\"vertical-align: inherit;\"><span style=\"vertical-align: inherit;\">&gt; 30<\/span><\/span><\/td>\n<\/tr>\n<tr>\n<td><span style=\"vertical-align: inherit;\"><span style=\"vertical-align: inherit;\">Grau de precis\u00e3o\uff1a<\/span><\/span><\/td>\n<td><span style=\"vertical-align: inherit;\"><span style=\"vertical-align: inherit;\">\u00b10,5%R, \u00b11%R ( &lt; DN20)<\/span><\/span><\/td>\n<td><span style=\"vertical-align: inherit;\"><span style=\"vertical-align: inherit;\">Prazo de execu\u00e7\u00e3o (dias)\uff1a<\/span><\/span><\/td>\n<td><span style=\"vertical-align: inherit;\"><span style=\"vertical-align: inherit;\">A ser negociado<\/span><\/span><\/td>\n<\/tr>\n<\/tbody>\n<\/table>\n<p>&nbsp;<\/p>\n<p>&nbsp;<\/p>\n<p style=\"text-align: center;\"><img title=\"caudal\u00edmetro mas\" src=\"https:\/\/www.hginstrument.com\/wp-content\/uploads\/2021\/07\/in-line-pipeline-type-hgd-electromagnetic-flow-meter.jpg\" \/><\/p>\n<p>&nbsp;<\/p>\n<p>&nbsp;<\/p>\n<p style=\"text-align: center;\"><img title=\"caudal\u00edmetro mas\" src=\"https:\/\/www.hginstrument.com\/wp-content\/uploads\/2021\/07\/insertion-01.jpg\" \/><\/p>\n<p>&nbsp;<\/p>\n<p>&nbsp;<\/p>\n<p style=\"text-align: center;\"><img title=\"caudal\u00edmetro mas\" src=\"https:\/\/www.hginstrument.com\/wp-content\/uploads\/2021\/07\/sanitary-mag-1.jpg\" \/><\/p>\n<p><strong>mas flow meter FAQs Guide.<\/strong><\/p>\n<p>At the heart of our mas flow meter series lies a commitment to excellence, blending advanced sensor technology with user-friendly interfaces. From liquid to gas, our meters deliver unparalleled accuracy, empowering you to make informed decisions and streamline operations. As we usher in a new era of fluid measurement, we invite you to explore the limitless possibilities that our mas flow meters unlock \u2013 where precision meets performance, and innovation flows seamlessly.<\/p>\n<div style=\"border: 3px solid #f89900; margin: 20px 0; padding: 20px;\"><a href=\"\/pt\/mas-flow-meter\/#01\">1.Does the mas flow meter require an external power source?<\/a><br \/>\n<a href=\"\/pt\/mas-flow-meter\/#02\">2.About mas flow meter production skills training<\/a><br \/>\n<a href=\"\/pt\/mas-flow-meter\/#03\">3.About the development history of mas flow meter factory<\/a><br \/>\n<a href=\"\/pt\/mas-flow-meter\/#04\">4.What are the requirements for the specific installation location of the mas flow meter?<\/a><br \/>\n<a href=\"\/pt\/mas-flow-meter\/#05\">5.About mas flow meter MOQ<\/a><br \/>\n<a href=\"\/pt\/mas-flow-meter\/#06\">6.What is the difference between mas flow meter SUYI group vs mas flow meter Schneider Electric vs mas flow meter Badger Meter<\/a><br \/>\n<a href=\"\/pt\/mas-flow-meter\/#07\">7.About mas flow meter payment method<\/a><br \/>\n<a href=\"\/pt\/mas-flow-meter\/#08\">8.What is the applicable pressure range of mas flow meter?<\/a><br \/>\n<a href=\"\/pt\/mas-flow-meter\/#09\">9.Does mas flow meter have real-time monitoring function?<\/a><br \/>\n<a href=\"\/pt\/mas-flow-meter\/#010\">10.Does the explosion-proof performance of mas flow meter meet relevant standards?<\/a><br \/>\n<a href=\"\/pt\/mas-flow-meter\/#11\">11.What is a mas flow meter?<\/a><br \/>\n<a href=\"\/pt\/mas-flow-meter\/#12\">12.What is the weight and dimensions of the mas flow meter?<\/a><br \/>\n<a href=\"\/pt\/mas-flow-meter\/#13\">13.What fluids are mas flow meters mainly used for measuring?<\/a><br \/>\n<a href=\"\/pt\/mas-flow-meter\/#14\">14.What is the measuring range of mas flow meter?<\/a><br \/>\n<a href=\"\/pt\/mas-flow-meter\/#15\">15.About mas flow meter production capacity<\/a><br \/>\n<a href=\"\/pt\/mas-flow-meter\/#16\">16.About mas flow meter raw materials<\/a><br \/>\n<a href=\"\/pt\/mas-flow-meter\/#17\">17.About mas flow meter raw material procurement system<\/a><br \/>\n<a href=\"\/pt\/mas-flow-meter\/#18\">18.Can mas flow meter be monitored remotely?<\/a><\/div>\n<div id=\"01\">\n<p><strong>1.Does the mas flow meter require an external power source?<\/strong><\/p>\n<p>Aderimos ao princ\u00edpio da qualidade em primeiro lugar e temos um sistema completo de gest\u00e3o da qualidade da produ\u00e7\u00e3o e um processo de inspe\u00e7\u00e3o da qualidade.<br \/>\nDepende do tipo de medidor de caudal. Alguns caudal\u00edmetros s\u00e3o alimentados por uma fonte de energia externa, enquanto outros s\u00e3o alimentados pelo caudal do l\u00edquido ou g\u00e1s que est\u00e1 a ser medido.<\/p>\n<\/div>\n<div id=\"02\">\n<p><strong>2.About mas flow meter production skills training<\/strong><\/p>\n<p>A forma\u00e7\u00e3o em compet\u00eancias de produ\u00e7\u00e3o de caudal\u00edmetros foi concebida para ensinar aos t\u00e9cnicos e engenheiros as compet\u00eancias necess\u00e1rias para produzir e manter caudal\u00edmetros. A forma\u00e7\u00e3o abrange t\u00f3picos como os princ\u00edpios da medi\u00e7\u00e3o de caudal, os tipos de caudal\u00edmetros dispon\u00edveis, a instala\u00e7\u00e3o e manuten\u00e7\u00e3o de caudal\u00edmetros e t\u00e9cnicas de resolu\u00e7\u00e3o de problemas. A forma\u00e7\u00e3o tamb\u00e9m abrange a utiliza\u00e7\u00e3o de software inform\u00e1tico para analisar e interpretar dados de caudal. A forma\u00e7\u00e3o \u00e9 normalmente realizada em sala de aula e pode incluir actividades pr\u00e1ticas.<\/p>\n<\/div>\n<div id=\"03\">\n<p><strong>3.About the development history of mas flow meter factory<\/strong><\/p>\n<p>A f\u00e1brica de medidores de caudal foi criada no in\u00edcio da d\u00e9cada de 1990. Foi fundada por um grupo de engenheiros e t\u00e9cnicos com uma vasta experi\u00eancia na conce\u00e7\u00e3o e fabrico de medidores de caudal. A empresa concentrou-se inicialmente na produ\u00e7\u00e3o de medidores de caudal mec\u00e2nicos, mas depressa expandiu a sua gama de produtos para incluir medidores de caudal electr\u00f3nicos. Ao longo dos anos, a empresa desenvolveu uma vasta gama de medidores de caudal para v\u00e1rias aplica\u00e7\u00f5es, incluindo industriais, comerciais e residenciais. A empresa tamb\u00e9m desenvolveu uma gama de solu\u00e7\u00f5es de software e hardware para medi\u00e7\u00e3o e controlo de caudal. Atualmente, a empresa \u00e9 um dos principais fabricantes de medidores de caudal e produtos relacionados, sendo reconhecida como l\u00edder no sector.<\/p>\n<p><img style=\"max-width: 100%;\" title=\"About the development history of mas flow meter factory\" src=\"https:\/\/www.hginstrument.com\/wp-content\/uploads\/2021\/07\/nozzle-1.jpg\" alt=\"About the development history of mas flow meter factory\" \/><\/p>\n<\/div>\n<div id=\"04\">\n<p><strong>4.What are the requirements for the specific installation location of the mas flow meter?<\/strong><\/p>\n<p>We operate our mas flow meter business with integrity and honesty.<br \/>\n1. O medidor de caudal deve ser instalado num local isento de vibra\u00e7\u00f5es, choques e outras for\u00e7as externas.<\/p>\n<p>2. O medidor de caudal deve ser instalado num local isento de gases corrosivos, l\u00edquidos e outros contaminantes.<\/p>\n<p>3. O medidor de caudal deve ser instalado num local acess\u00edvel para manuten\u00e7\u00e3o e calibra\u00e7\u00e3o.<\/p>\n<p>4. O medidor de caudal deve ser instalado num local isento de temperaturas e humidade extremas.<\/p>\n<p>5. O medidor de caudal deve ser instalado num local isento de interfer\u00eancias el\u00e9ctricas.<\/p>\n<\/div>\n<div id=\"05\">\n<p><strong>5.About mas flow meter MOQ<\/strong><\/p>\n<p>A quantidade m\u00ednima de encomenda (MOQ) para um medidor de caudal depender\u00e1 do tipo de medidor de caudal e do fabricante. Geralmente, a MOQ para um medidor de caudal situa-se entre 1 e 10 unidades, mas pode variar consoante o fabricante e o tipo de medidor de caudal.<\/p>\n<\/div>\n<div id=\"06\">\n<p><strong>6.What is the difference between mas flow meter SUYI group vs mas flow meter Schneider Electric vs mas flow meter Badger Meter<\/strong><\/p>\n<p>Os medidores de caudal do SUYI Group s\u00e3o normalmente utilizados em aplica\u00e7\u00f5es industriais, tais como a medi\u00e7\u00e3o do caudal de l\u00edquidos, gases e vapor. S\u00e3o concebidos para serem fi\u00e1veis e precisos, e est\u00e3o dispon\u00edveis numa variedade de tamanhos e materiais.<\/p>\n<p>Os medidores de caudal da Schneider Electric s\u00e3o concebidos para aplica\u00e7\u00f5es industriais e comerciais e est\u00e3o dispon\u00edveis numa variedade de tamanhos e materiais. Foram concebidos para serem fi\u00e1veis e precisos, e s\u00e3o adequados para uma vasta gama de aplica\u00e7\u00f5es.<\/p>\n<p>Os medidores de caudal da Badger Meter s\u00e3o concebidos para aplica\u00e7\u00f5es industriais e comerciais e est\u00e3o dispon\u00edveis numa variedade de tamanhos e materiais. Foram concebidos para serem fi\u00e1veis e precisos, e s\u00e3o adequados para uma vasta gama de aplica\u00e7\u00f5es. Oferecem tamb\u00e9m uma variedade de caracter\u00edsticas, como a monitoriza\u00e7\u00e3o remota e o registo de dados.<\/p>\n<p><img style=\"max-width: 100%;\" title=\"What is the difference between mas flow meter SUYI group vs mas flow meter Schneider Electric vs mas flow meter Badger Meter\" src=\"https:\/\/www.hginstrument.com\/wp-content\/uploads\/2021\/07\/wall-mount-1f.jpg\" alt=\"What is the difference between mas flow meter SUYI group vs mas flow meter Schneider Electric vs mas flow meter Badger Meter\" \/><\/p>\n<\/div>\n<div id=\"07\">\n<p><strong>7.About mas flow meter payment method<\/strong><\/p>\n<p>O pagamento com caudal\u00edmetro \u00e9 um m\u00e9todo de pagamento que utiliza um caudal\u00edmetro para medir a quantidade de energia utilizada por um cliente. O cliente paga a energia utilizada com base na quantidade de energia medida pelo medidor de caudal. Este m\u00e9todo de pagamento \u00e9 frequentemente utilizado em ambientes comerciais e industriais, onde o consumo de energia \u00e9 elevado e precisa de ser controlado com precis\u00e3o. O pagamento por caudal\u00edmetro tamb\u00e9m \u00e9 utilizado em alguns contextos residenciais, onde os clientes podem pagar a sua utiliza\u00e7\u00e3o de energia com base na quantidade de energia que utilizam.<\/p>\n<\/div>\n<div id=\"08\">\n<p><strong>8.What is the applicable pressure range of mas flow meter?<\/strong><\/p>\n<p>Os nossos produtos e servi\u00e7os abrangem uma vasta gama de \u00e1reas e satisfazem as necessidades de diferentes dom\u00ednios.<br \/>\nO intervalo de press\u00e3o aplic\u00e1vel a um medidor de caudal depende do tipo de medidor de caudal que est\u00e1 a ser utilizado. Geralmente, os caudal\u00edmetros podem medir press\u00f5es que variam entre 0,1 bar e 1000 bar.<\/p>\n<\/div>\n<div id=\"09\">\n<p><strong>9.Does mas flow meter have real-time monitoring function?<\/strong><\/p>\n<p>Sim, alguns medidores de caudal t\u00eam fun\u00e7\u00f5es de monitoriza\u00e7\u00e3o em tempo real. Estes medidores est\u00e3o normalmente equipados com sensores que medem o caudal e transmitem os dados para um sistema de monitoriza\u00e7\u00e3o. Isto permite a monitoriza\u00e7\u00e3o em tempo real do caudal e de outros par\u00e2metros.<\/p>\n<p><img style=\"max-width: 100%;\" title=\"Does mas flow meter have real-time monitoring function?\" src=\"https:\/\/www.hginstrument.com\/wp-content\/uploads\/2021\/07\/wedge-1.jpg\" alt=\"Does mas flow meter have real-time monitoring function?\" \/><\/p>\n<\/div>\n<div id=\"010\">\n<p><strong>10.Does the explosion-proof performance of mas flow meter meet relevant standards?<\/strong><\/p>\n<p>Sim, o desempenho \u00e0 prova de explos\u00e3o do medidor de caudal cumpre as normas relevantes. O medidor de caudal deve ser certificado por um organismo de certifica\u00e7\u00e3o reconhecido para garantir que cumpre os requisitos das normas relevantes.<\/p>\n<\/div>\n<div id=\"11\">\n<p><strong>11.What is a mas flow meter?<\/strong><\/p>\n<p>Apostamos no trabalho de equipa e na comunica\u00e7\u00e3o para atingir objectivos comuns.<br \/>\nUm medidor de caudal \u00e9 um dispositivo utilizado para medir o caudal ou a quantidade de um g\u00e1s ou l\u00edquido que se desloca atrav\u00e9s de um tubo. Os medidores de caudal medem o caudal volum\u00e9trico ou m\u00e1ssico de um l\u00edquido ou g\u00e1s. S\u00e3o utilizados numa variedade de ind\u00fastrias, incluindo o tratamento de \u00e1gua e de \u00e1guas residuais, petr\u00f3leo e g\u00e1s, processamento qu\u00edmico e produ\u00e7\u00e3o de alimentos e bebidas.<\/p>\n<\/div>\n<div id=\"12\">\n<p><strong>12.What is the weight and dimensions of the mas flow meter?<\/strong><\/p>\n<p>Os nossos produtos e servi\u00e7os abrangem uma vasta gama de \u00e1reas e satisfazem as necessidades de diferentes dom\u00ednios.<br \/>\nO peso e as dimens\u00f5es do medidor de caudal dependem do modelo espec\u00edfico e do fabricante. Geralmente, os caudal\u00edmetros variam em tamanho, desde pequenos dispositivos port\u00e1teis a grandes unidades industriais. O peso de um caudal\u00edmetro pode variar entre algumas on\u00e7as e v\u00e1rias centenas de libras.<\/p>\n<p><img style=\"max-width: 100%;\" title=\"What is the weight and dimensions of the mas flow meter?\" src=\"https:\/\/www.hginstrument.com\/wp-content\/uploads\/2021\/07\/hls-2000h-m2.jpg\" alt=\"What is the weight and dimensions of the mas flow meter?\" \/><\/p>\n<\/div>\n<div id=\"13\">\n<p><strong>13.What fluids are mas flow meters mainly used for measuring?<\/strong><\/p>\n<p>Apostamos no trabalho de equipa e na comunica\u00e7\u00e3o para atingir objectivos comuns.<br \/>\nOs medidores de caudal s\u00e3o utilizados principalmente para medir o caudal de l\u00edquidos, gases e vapor.<\/p>\n<\/div>\n<div id=\"14\">\n<p><strong>14.What is the measuring range of mas flow meter?<\/strong><\/p>\n<p>We continuously upgrade our skills and knowledge to adapt to changing mas flow meter market needs.<br \/>\nA gama de medi\u00e7\u00e3o de um medidor de caudal depende do tipo de medidor de caudal utilizado. Geralmente, a gama de medi\u00e7\u00e3o de um medidor de caudal pode variar entre 0,01 e 1000 litros por minuto.<\/p>\n<\/div>\n<div id=\"15\">\n<p><strong>15.About mas flow meter production capacity<\/strong><\/p>\n<p>A capacidade de produ\u00e7\u00e3o de medidores de caudal depende do tipo de medidor de caudal que est\u00e1 a ser produzido. Geralmente, a capacidade de produ\u00e7\u00e3o \u00e9 determinada pela dimens\u00e3o da instala\u00e7\u00e3o de produ\u00e7\u00e3o, pelo n\u00famero de m\u00e1quinas e pessoal dispon\u00edvel e pelo tipo de medidor de caudal que est\u00e1 a ser produzido. Por exemplo, uma instala\u00e7\u00e3o de produ\u00e7\u00e3o especializada na produ\u00e7\u00e3o de caudal\u00edmetros de turbina pode ter uma capacidade de produ\u00e7\u00e3o superior \u00e0 de uma instala\u00e7\u00e3o que produz caudal\u00edmetros ultra-s\u00f3nicos. Al\u00e9m disso, a capacidade de produ\u00e7\u00e3o de uma instala\u00e7\u00e3o pode ser afetada pela complexidade do medidor de caudal que est\u00e1 a ser produzido, bem como pela disponibilidade de mat\u00e9rias-primas e componentes.<\/p>\n<p><img style=\"max-width: 100%;\" title=\"About mas flow meter production capacity\" src=\"https:\/\/www.hginstrument.com\/wp-content\/uploads\/2021\/07\/hguoc-1.jpg\" alt=\"About mas flow meter production capacity\" \/><\/p>\n<\/div>\n<div id=\"16\">\n<p><strong>16.About mas flow meter raw materials<\/strong><\/p>\n<p>As mat\u00e9rias-primas dos medidores de caudal s\u00e3o normalmente fabricadas a partir de uma variedade de metais, pl\u00e1sticos e compostos. Os materiais mais comuns utilizados nos medidores de caudal incluem o a\u00e7o inoxid\u00e1vel, o lat\u00e3o, o alum\u00ednio, o cloreto de polivinilo (PVC), o polipropileno (PP) e o politetrafluoroetileno (PTFE). O material utilizado num medidor de caudal depende da aplica\u00e7\u00e3o e do tipo de fluido que est\u00e1 a ser medido. Por exemplo, o a\u00e7o inoxid\u00e1vel \u00e9 frequentemente utilizado para medir fluidos corrosivos, enquanto o PVC \u00e9 frequentemente utilizado para medir \u00e1gua.<\/p>\n<\/div>\n<div id=\"17\">\n<p><strong>17.About mas flow meter raw material procurement system<\/strong><\/p>\n<p>Um sistema de aquisi\u00e7\u00e3o de mat\u00e9rias-primas para caudal\u00edmetros \u00e9 uma solu\u00e7\u00e3o de software concebida para simplificar o processo de aquisi\u00e7\u00e3o de mat\u00e9rias-primas para a produ\u00e7\u00e3o de caudal\u00edmetros. O sistema permite que os utilizadores pesquisem e comprem r\u00e1pida e facilmente os componentes necess\u00e1rios para a produ\u00e7\u00e3o de medidores de caudal. Tamb\u00e9m fornece informa\u00e7\u00f5es detalhadas sobre os componentes, incluindo pre\u00e7os, disponibilidade e prazos de entrega. O sistema tamb\u00e9m permite aos utilizadores acompanhar as suas encomendas e gerir o seu invent\u00e1rio. Isto ajuda a garantir que os componentes certos est\u00e3o sempre dispon\u00edveis quando necess\u00e1rio.<\/p>\n<\/div>\n<div id=\"18\">\n<p><strong>18.Can mas flow meter be monitored remotely?<\/strong><\/p>\n<p>We are a professional mas flow meter company dedicated to providing high quality products and services.<br \/>\nSim, os medidores de caudal podem ser monitorizados remotamente. Muitos caudal\u00edmetros modernos est\u00e3o equipados com capacidades de comunica\u00e7\u00e3o sem fios, permitindo a sua monitoriza\u00e7\u00e3o remota atrav\u00e9s de um computador ou dispositivo m\u00f3vel. Al\u00e9m disso, alguns caudal\u00edmetros est\u00e3o equipados com capacidades de comunica\u00e7\u00e3o por telem\u00f3vel ou sat\u00e9lite, permitindo a sua monitoriza\u00e7\u00e3o a partir de praticamente qualquer local.<\/p>\n<p><img style=\"max-width: 100%;\" title=\"Can mas flow meter be monitored remotely?\" src=\"https:\/\/www.hginstrument.com\/wp-content\/uploads\/2021\/07\/hluc-1.jpg\" alt=\"Can mas flow meter be monitored remotely?\" \/><\/p>\n<\/div>\n<p>&nbsp;<\/p>\n<p>Etiqueta\uff1a<a href=\"\/pt\/magnetic-flow-meter\/raven-flow-meter-calibration\/\">calibra\u00e7\u00e3o do caudal\u00edmetro raven<\/a>,<a href=\"\/pt\/magnetic-flow-meter\/high-temp-flow-meter\/\">medidor de caudal de alta temperatura<\/a>,<a href=\"\/pt\/magnetic-flow-meter\/vortex-flow-meter\/\">medidor de caudal de v\u00f3rtice<\/a>,<a href=\"\/pt\/magnetic-flow-meter\/ultra-sonic-flow-meter\/\">caudal\u00edmetro ultra s\u00f3nico<\/a><\/p>\n<p>&nbsp;<\/p>","protected":false},"excerpt":{"rendered":"<p><strong>Dados t\u00e9cnicos<\/strong><br \/>\nPode servir fluidos l\u00edquidos ou gasosos, sendo normalmente utilizado para medir o caudal de vapor, vapor, ar e g\u00e1s natural.<br \/>\nTamanho do contador: Tipo em linha: DN25 - DN300<br \/>\nOp\u00e7\u00e3o de material h\u00famido: SS304, SS316<br \/>\nTemperatura de funcionamento: \u2264250\u2103<br \/>\nLiga\u00e7\u00e3o ao processo: Wafer \/ Flange \/ Tri-clamp para o tipo In-line<br \/>\nPrecis\u00e3o de medi\u00e7\u00e3o: 1,0 % - 1,5% do intervalo de calibra\u00e7\u00e3o<br \/>\nIndicador digital: apresenta o caudal instant\u00e2neo e o caudal total<br \/>\nFonte de alimenta\u00e7\u00e3o: 24VDC, Sa\u00edda: 4-20mA<\/p>\n<p><strong>caracter\u00edsticas<\/strong><br \/>\n1. pontos de regula\u00e7\u00e3o ON\/OFF ajust\u00e1veis<br \/>\n2. modo de alarme de caudal alto ou baixo<br \/>\n3. tempo de atraso ajust\u00e1vel<br \/>\n4. LED de estado do rel\u00e9<\/p>","protected":false},"featured_media":3691,"comment_status":"closed","ping_status":"closed","template":"","meta":[],"product_cat":[2372],"product_tag":[],"acf":[],"_links":{"self":[{"href":"https:\/\/www.hginstrument.com\/pt\/wp-json\/wp\/v2\/product\/5639"}],"collection":[{"href":"https:\/\/www.hginstrument.com\/pt\/wp-json\/wp\/v2\/product"}],"about":[{"href":"https:\/\/www.hginstrument.com\/pt\/wp-json\/wp\/v2\/types\/product"}],"replies":[{"embeddable":true,"href":"https:\/\/www.hginstrument.com\/pt\/wp-json\/wp\/v2\/comments?post=5639"}],"wp:featuredmedia":[{"embeddable":true,"href":"https:\/\/www.hginstrument.com\/pt\/wp-json\/wp\/v2\/media\/3691"}],"wp:attachment":[{"href":"https:\/\/www.hginstrument.com\/pt\/wp-json\/wp\/v2\/media?parent=5639"}],"wp:term":[{"taxonomy":"product_cat","embeddable":true,"href":"https:\/\/www.hginstrument.com\/pt\/wp-json\/wp\/v2\/product_cat?post=5639"},{"taxonomy":"product_tag","embeddable":true,"href":"https:\/\/www.hginstrument.com\/pt\/wp-json\/wp\/v2\/product_tag?post=5639"}],"curies":[{"name":"wp","href":"https:\/\/api.w.org\/{rel}","templated":true}]}}