{"id":5665,"date":"2023-12-24T15:05:41","date_gmt":"2023-12-24T07:05:41","guid":{"rendered":"https:\/\/www.hginstrument.com\/?post_type=product&#038;p=5665"},"modified":"2023-12-29T11:27:51","modified_gmt":"2023-12-29T03:27:51","slug":"methanol-flow-meter","status":"publish","type":"product","link":"https:\/\/www.hginstrument.com\/pt\/magnetic-flow-meter\/methanol-flow-meter\/","title":{"rendered":"medidor de caudal de metanol"},"content":{"rendered":"<p>Quer se trate de controlo de processos industriais, monitoriza\u00e7\u00e3o ambiental ou gest\u00e3o de energia, o medidor de caudal de metanol \u00e9 um produto de elevado desempenho que garante uma medi\u00e7\u00e3o de caudal precisa e fi\u00e1vel. Com a sua tecnologia avan\u00e7ada e capacidades vers\u00e1teis, este dispositivo \u00e9 uma ferramenta essencial para qualquer ind\u00fastria que procure solu\u00e7\u00f5es de monitoriza\u00e7\u00e3o de caudal precisas e eficientes.<\/p>\n<p>Uma das principais caracter\u00edsticas do medidor de caudal de metanol \u00e9 a sua capacidade de medir com precis\u00e3o o caudal de v\u00e1rios fluidos, incluindo l\u00edquidos, gases e vapor. Isso \u00e9 poss\u00edvel gra\u00e7as ao seu m\u00e9todo exclusivo de medi\u00e7\u00e3o de fluxo de press\u00e3o diferencial, que garante perda m\u00ednima de press\u00e3o e alta precis\u00e3o de medi\u00e7\u00e3o. Al\u00e9m disso, o instrumento \u00e9 capaz de medir taxas de fluxo em uma ampla faixa, tornando-o adequado para aplica\u00e7\u00f5es de baixo e alto fluxo.<\/p>\n<p>Outra vantagem da utiliza\u00e7\u00e3o do medidor de caudal de metanol \u00e9 a sua baixa necessidade de manuten\u00e7\u00e3o. O instrumento foi concebido para ser resistente a ambientes agressivos e pode funcionar continuamente sem necessidade de limpeza e calibra\u00e7\u00e3o frequentes. Isto n\u00e3o s\u00f3 reduz o tempo de inatividade, como tamb\u00e9m ajuda a poupar custos nas ind\u00fastrias que exigem uma monitoriza\u00e7\u00e3o constante do caudal.<\/p>\n<table class=\"table table-bordered\">\n<tbody>\n<tr>\n<td><span style=\"vertical-align: inherit;\"><span style=\"vertical-align: inherit;\">Tipo\uff1a<\/span><\/span><\/td>\n<td><span style=\"vertical-align: inherit;\">medidor de caudal de metanol<\/span><\/td>\n<td><span style=\"vertical-align: inherit;\"><span style=\"vertical-align: inherit;\">Sinal de sa\u00edda\uff1a<\/span><\/span><\/td>\n<td><span style=\"vertical-align: inherit;\"><span style=\"vertical-align: inherit;\">4-30mA, Impulso\/Frequ\u00eancia 2kHz(Predefini\u00e7\u00e3o), 5KHz(M\u00e1x.)<\/span><\/span><\/td>\n<\/tr>\n<tr>\n<td><span style=\"vertical-align: inherit;\"><span style=\"vertical-align: inherit;\">Local de origem\uff1a<\/span><\/span><\/td>\n<td><span style=\"vertical-align: inherit;\"><span style=\"vertical-align: inherit;\">Jiangsu\uff0cChina<\/span><\/span><\/td>\n<td><span style=\"vertical-align: inherit;\"><span style=\"vertical-align: inherit;\">Incorporar tipo\uff1a<\/span><\/span><\/td>\n<td><span style=\"vertical-align: inherit;\"><span style=\"vertical-align: inherit;\">-10\u2103- +50\u2103<\/span><\/span><\/td>\n<\/tr>\n<tr>\n<td><span style=\"vertical-align: inherit;\"><span style=\"vertical-align: inherit;\">Garantia\uff1a<\/span><\/span><\/td>\n<td><span style=\"vertical-align: inherit;\"><span style=\"vertical-align: inherit;\">27 meses<\/span><\/span><\/td>\n<td><span style=\"vertical-align: inherit;\"><span style=\"vertical-align: inherit;\">Tens\u00e3o de alimenta\u00e7\u00e3o\uff1a<\/span><\/span><\/td>\n<td><span style=\"vertical-align: inherit;\"><span style=\"vertical-align: inherit;\">110\/220VAC (100-240VAC), 50Hz\/60Hz; 24VDC\u00b110%<\/span><\/span><\/td>\n<\/tr>\n<tr>\n<td><span style=\"vertical-align: inherit;\"><span style=\"vertical-align: inherit;\">Suporte personalizado\uff1a<\/span><\/span><\/td>\n<td><span style=\"vertical-align: inherit;\"><span style=\"vertical-align: inherit;\">OEM, ODM, OBM<\/span><\/span><\/td>\n<td><span style=\"vertical-align: inherit;\"><span style=\"vertical-align: inherit;\">Comunica\u00e7\u00e3o digital\uff1a<\/span><\/span><\/td>\n<td><span style=\"vertical-align: inherit;\"><span style=\"vertical-align: inherit;\">RS-485, suporta o protocolo padr\u00e3o Mudbugs-RTU; GPRS<\/span><\/span><\/td>\n<\/tr>\n<tr>\n<td><span style=\"vertical-align: inherit;\"><span style=\"vertical-align: inherit;\">Nome da marca\uff1a<\/span><\/span><\/td>\n<td><span style=\"vertical-align: inherit;\"><span style=\"vertical-align: inherit;\">GRUPO SUYI<\/span><\/span><\/td>\n<td><span style=\"vertical-align: inherit;\"><span style=\"vertical-align: inherit;\">Press\u00e3o nominal\uff1a<\/span><\/span><\/td>\n<td><span style=\"vertical-align: inherit;\"><span style=\"vertical-align: inherit;\">1MPa (DN15-DN800), 1,6MPa (DN15-DN800), 2,5MPa (DN15-DN600)<\/span><\/span><\/td>\n<\/tr>\n<tr>\n<td><span style=\"vertical-align: inherit;\"><span style=\"vertical-align: inherit;\">N\u00famero do modelo\uff1a<\/span><\/span><\/td>\n<td><span style=\"vertical-align: inherit;\"><span style=\"vertical-align: inherit;\">outros<\/span><\/span><\/td>\n<td><span style=\"vertical-align: inherit;\"><span style=\"vertical-align: inherit;\">Sensor\uff1a<\/span><\/span><\/td>\n<td><span style=\"vertical-align: inherit;\"><span style=\"vertical-align: inherit;\">0\u2103- +80\u2103 ou -25\u2103- +120\u2103 ou +70\u2103- +250\u2103<\/span><\/span><\/td>\n<\/tr>\n<tr>\n<td><span style=\"vertical-align: inherit;\"><span style=\"vertical-align: inherit;\">Nome do produto\uff1a<\/span><\/span><\/td>\n<td><span style=\"vertical-align: inherit;\"><span style=\"vertical-align: inherit;\">Medidor de caudal de \u00e1gua qu\u00edmica digital inteligente eletromagn\u00e9tico<\/span><\/span><\/td>\n<td><span style=\"vertical-align: inherit;\"><span style=\"vertical-align: inherit;\">Detalhes da embalagem\uff1a<\/span><\/span><\/td>\n<td><span style=\"vertical-align: inherit;\"><span style=\"vertical-align: inherit;\">1 conjunto por embalagem ou conforme o pedido do cliente<\/span><\/span><\/td>\n<\/tr>\n<tr>\n<td><span style=\"vertical-align: inherit;\"><span style=\"vertical-align: inherit;\">Di\u00e2metro nominal\uff1a<\/span><\/span><\/td>\n<td><span style=\"vertical-align: inherit;\"><span style=\"vertical-align: inherit;\">3-2922mm<\/span><\/span><\/td>\n<td><span style=\"vertical-align: inherit;\"><span style=\"vertical-align: inherit;\">Capacidade de fornecimento\uff1a<\/span><\/span><\/td>\n<td><span style=\"vertical-align: inherit;\"><span style=\"vertical-align: inherit;\">1562 conjuntos\/conjuntos por m\u00eas<\/span><\/span><\/td>\n<\/tr>\n<tr>\n<td><span style=\"vertical-align: inherit;\"><span style=\"vertical-align: inherit;\">gama de velocidades\uff1a<\/span><\/span><\/td>\n<td><span style=\"vertical-align: inherit;\"><span style=\"vertical-align: inherit;\">0-13m\/s<\/span><\/span><\/td>\n<td><span style=\"vertical-align: inherit;\"><span style=\"vertical-align: inherit;\">Quantidade (conjuntos)\uff1a<\/span><\/span><\/td>\n<td><span style=\"vertical-align: inherit;\"><span style=\"vertical-align: inherit;\">&gt; 30<\/span><\/span><\/td>\n<\/tr>\n<tr>\n<td><span style=\"vertical-align: inherit;\"><span style=\"vertical-align: inherit;\">Grau de precis\u00e3o\uff1a<\/span><\/span><\/td>\n<td><span style=\"vertical-align: inherit;\"><span style=\"vertical-align: inherit;\">\u00b10,5%R, \u00b11%R ( &lt; DN20)<\/span><\/span><\/td>\n<td><span style=\"vertical-align: inherit;\"><span style=\"vertical-align: inherit;\">Prazo de execu\u00e7\u00e3o (dias)\uff1a<\/span><\/span><\/td>\n<td><span style=\"vertical-align: inherit;\"><span style=\"vertical-align: inherit;\">A ser negociado<\/span><\/span><\/td>\n<\/tr>\n<\/tbody>\n<\/table>\n<p>&nbsp;<\/p>\n<p>&nbsp;<\/p>\n<p style=\"text-align: center;\"><img title=\"medidor de caudal de metanol\" src=\"https:\/\/www.hginstrument.com\/wp-content\/uploads\/2021\/07\/in-line-pipeline-type-hgd-electromagnetic-flow-meter.jpg\" \/><\/p>\n<p>&nbsp;<\/p>\n<p>&nbsp;<\/p>\n<p style=\"text-align: center;\"><img title=\"medidor de caudal de metanol\" src=\"https:\/\/www.hginstrument.com\/wp-content\/uploads\/2021\/07\/insertion-01.jpg\" \/><\/p>\n<p>&nbsp;<\/p>\n<p>&nbsp;<\/p>\n<p style=\"text-align: center;\"><img title=\"medidor de caudal de metanol\" src=\"https:\/\/www.hginstrument.com\/wp-content\/uploads\/2021\/07\/sanitary-mag-1.jpg\" \/><\/p>\n<p><strong>Guia de perguntas frequentes sobre o medidor de caudal de metanol.<\/strong><\/p>\n<p>No cora\u00e7\u00e3o da nossa s\u00e9rie de medidores de caudal de metanol est\u00e1 um compromisso com a excel\u00eancia, combinando tecnologia avan\u00e7ada de sensores com interfaces de f\u00e1cil utiliza\u00e7\u00e3o. Do l\u00edquido ao g\u00e1s, os nossos medidores proporcionam uma precis\u00e3o sem paralelo, permitindo-lhe tomar decis\u00f5es informadas e otimizar as opera\u00e7\u00f5es. \u00c0 medida que inauguramos uma nova era de medi\u00e7\u00e3o de fluidos, convidamo-lo a explorar as possibilidades ilimitadas que os nossos caudal\u00edmetros de metanol abrem - onde a precis\u00e3o encontra o desempenho e a inova\u00e7\u00e3o flui sem problemas.<\/p>\n<div style=\"border: 3px solid #f89900; margin: 20px 0; padding: 20px;\"><a href=\"\/pt\/methanol-flow-meter\/#01\">1. como \u00e9 que um medidor de caudal de metanol mede o caudal?<\/a><br \/>\n<a href=\"\/pt\/methanol-flow-meter\/#02\">2) Que fluidos s\u00e3o principalmente utilizados nos caudal\u00edmetros de metanol?<\/a><br \/>\n<a href=\"\/pt\/methanol-flow-meter\/#03\">3. o medidor de caudal de metanol tem capacidade de visualiza\u00e7\u00e3o em v\u00e1rios idiomas?<\/a><br \/>\n<a href=\"\/pt\/methanol-flow-meter\/#04\">4. como \u00e9 que o medidor de caudal de metanol se liga a outros dispositivos e transmite dados?<\/a><br \/>\n<a href=\"\/pt\/methanol-flow-meter\/#05\">5.Qual \u00e9 a diferen\u00e7a entre o medidor de fluxo de metanol SUYI group vs medidor de fluxo de metanol Schneider Electric vs medidor de fluxo de metanol Badger Meter<\/a><br \/>\n<a href=\"\/pt\/methanol-flow-meter\/#06\">6. o medidor de caudal de metanol tem capacidade de armazenamento de dados?<\/a><br \/>\n<a href=\"\/pt\/methanol-flow-meter\/#07\">7.Sobre o invent\u00e1rio do medidor de caudal de metanol<\/a><br \/>\n<a href=\"\/pt\/methanol-flow-meter\/#08\">8. sobre a escala da f\u00e1brica de medidores de fluxo de metanol<\/a><br \/>\n<a href=\"\/pt\/methanol-flow-meter\/#09\">9.Sobre as mat\u00e9rias-primas do medidor de caudal de metanol<\/a><br \/>\n<a href=\"\/pt\/methanol-flow-meter\/#010\">10. qual \u00e9 o principal princ\u00edpio do medidor de fluxo de metanol?<\/a><br \/>\n<a href=\"\/pt\/methanol-flow-meter\/#11\">11.Sobre a data de entrega do medidor de caudal de metanol<\/a><br \/>\n<a href=\"\/pt\/methanol-flow-meter\/#12\">12. como calibrar um medidor de caudal de metanol?<\/a><br \/>\n<a href=\"\/pt\/methanol-flow-meter\/#13\">13) Quais s\u00e3o as op\u00e7\u00f5es para os materiais exteriores do medidor de caudal de metanol?<\/a><br \/>\n<a href=\"\/pt\/methanol-flow-meter\/#14\">14.O medidor de caudal de metanol necessita de uma fonte de alimenta\u00e7\u00e3o externa?<\/a><br \/>\n<a href=\"\/pt\/methanol-flow-meter\/#15\">15.Sobre as mat\u00e9rias-primas do medidor de caudal de metanol<\/a><br \/>\n<a href=\"\/pt\/methanol-flow-meter\/#16\">16) Qual \u00e9 a fun\u00e7\u00e3o do medidor de caudal de metanol?<\/a><\/div>\n<div id=\"01\">\n<p><strong>1. como \u00e9 que um medidor de caudal de metanol mede o caudal?<\/strong><\/p>\n<p>Operamos o nosso neg\u00f3cio de medidores de caudal de metanol com integridade e honestidade.<br \/>\nUm medidor de caudal mede o caudal atrav\u00e9s da medi\u00e7\u00e3o da velocidade de um fluido \u00e0 medida que este passa atrav\u00e9s de um tubo ou outra conduta. Normalmente, isto \u00e9 feito medindo a queda de press\u00e3o numa \u00e1rea conhecida, ou medindo o tempo que demora um volume de fluido a passar por uma \u00e1rea conhecida. Outros m\u00e9todos incluem a utiliza\u00e7\u00e3o de uma turbina, roda de p\u00e1s ou transdutor ultrass\u00f3nico para medir a velocidade do fluido.<\/p>\n<\/div>\n<div id=\"02\">\n<p><strong>2) Que fluidos s\u00e3o principalmente utilizados nos caudal\u00edmetros de metanol?<\/strong><\/p>\n<p>Apostamos no trabalho de equipa e na comunica\u00e7\u00e3o para atingir objectivos comuns.<br \/>\nOs medidores de caudal s\u00e3o utilizados principalmente para medir o caudal de l\u00edquidos, gases e vapor.<\/p>\n<p><img style=\"max-width: 100%;\" title=\"Para que fluidos s\u00e3o principalmente utilizados os caudal\u00edmetros de metanol?\" src=\"https:\/\/www.hginstrument.com\/wp-content\/uploads\/2021\/07\/hgvf-1.jpg\" alt=\"Para que fluidos s\u00e3o principalmente utilizados os caudal\u00edmetros de metanol?\" \/><\/p>\n<\/div>\n<div id=\"03\">\n<p><strong>3. o medidor de caudal de metanol tem capacidade de visualiza\u00e7\u00e3o em v\u00e1rios idiomas?<\/strong><\/p>\n<p>Como um dos principais fabricantes de medidores de fluxo de metanol na China, levamos isso muito a s\u00e9rio.<br \/>\nSim, alguns medidores de caudal t\u00eam capacidades de visualiza\u00e7\u00e3o em v\u00e1rios idiomas. No entanto, esta funcionalidade n\u00e3o est\u00e1 dispon\u00edvel em todos os modelos. \u00c9 melhor verificar com o fabricante para ver se o modelo espec\u00edfico em que est\u00e1 interessado tem esta funcionalidade.<\/p>\n<\/div>\n<div id=\"04\">\n<p><strong>4. como \u00e9 que o medidor de caudal de metanol se liga a outros dispositivos e transmite dados?<\/strong><\/p>\n<p>O medidor de fluxo de metanol n\u00e3o \u00e9 apenas um produto, mas tamb\u00e9m pode ajud\u00e1-lo a ganhar dinheiro.<br \/>\nOs medidores de caudal podem ligar-se a outros dispositivos e transmitir dados atrav\u00e9s de uma variedade de m\u00e9todos, incluindo liga\u00e7\u00f5es com fios, liga\u00e7\u00f5es sem fios e protocolos de comunica\u00e7\u00e3o em s\u00e9rie. As liga\u00e7\u00f5es com fios podem incluir RS-232, RS-485 e USB. As liga\u00e7\u00f5es sem fios podem incluir Bluetooth, Wi-Fi e redes celulares. Os protocolos de comunica\u00e7\u00e3o em s\u00e9rie podem incluir Modbus, HART e Profibus.<\/p>\n<p><img style=\"max-width: 100%;\" title=\"Como \u00e9 que o medidor de caudal de metanol se liga a outros dispositivos e transmite dados?\" src=\"https:\/\/www.hginstrument.com\/wp-content\/uploads\/2021\/07\/hgrs-1.jpg\" alt=\"Como \u00e9 que o medidor de caudal de metanol se liga a outros dispositivos e transmite dados?\" \/><\/p>\n<\/div>\n<div id=\"05\">\n<p><strong>5.Qual \u00e9 a diferen\u00e7a entre o medidor de fluxo de metanol SUYI group vs medidor de fluxo de metanol Schneider Electric vs medidor de fluxo de metanol Badger Meter<\/strong><\/p>\n<p>Os medidores de caudal do SUYI Group s\u00e3o normalmente utilizados em aplica\u00e7\u00f5es industriais, tais como a medi\u00e7\u00e3o do caudal de l\u00edquidos, gases e vapor. S\u00e3o concebidos para serem fi\u00e1veis e precisos, e est\u00e3o dispon\u00edveis numa variedade de tamanhos e materiais.<\/p>\n<p>Os medidores de caudal da Schneider Electric s\u00e3o concebidos para aplica\u00e7\u00f5es industriais e comerciais e est\u00e3o dispon\u00edveis numa variedade de tamanhos e materiais. Foram concebidos para serem fi\u00e1veis e precisos, e s\u00e3o adequados para uma vasta gama de aplica\u00e7\u00f5es.<\/p>\n<p>Os medidores de caudal da Badger Meter s\u00e3o concebidos para aplica\u00e7\u00f5es industriais e comerciais e est\u00e3o dispon\u00edveis numa variedade de tamanhos e materiais. Foram concebidos para serem fi\u00e1veis e precisos, e s\u00e3o adequados para uma vasta gama de aplica\u00e7\u00f5es. Oferecem tamb\u00e9m uma variedade de caracter\u00edsticas, como a monitoriza\u00e7\u00e3o remota e o registo de dados.<\/p>\n<\/div>\n<div id=\"06\">\n<p><strong>6. o medidor de caudal de metanol tem capacidade de armazenamento de dados?<\/strong><\/p>\n<p>Concentramo-nos na inova\u00e7\u00e3o e na melhoria cont\u00ednua para manter uma vantagem competitiva.<br \/>\nDepende do tipo de caudal\u00edmetro. Alguns caudal\u00edmetros t\u00eam capacidades de armazenamento de dados, enquanto outros n\u00e3o.<\/p>\n<p><img style=\"max-width: 100%;\" title=\"O medidor de caudal de metanol tem capacidade de armazenamento de dados?\" src=\"https:\/\/www.hginstrument.com\/wp-content\/uploads\/2021\/10\/w803e-f3.jpg\" alt=\"O medidor de caudal de metanol tem capacidade de armazenamento de dados?\" \/><\/p>\n<\/div>\n<div id=\"07\">\n<p><strong>7.Sobre o invent\u00e1rio do medidor de caudal de metanol<\/strong><\/p>\n<p>O invent\u00e1rio de caudal\u00edmetros \u00e9 um sistema utilizado para controlar e gerir os caudal\u00edmetros utilizados em aplica\u00e7\u00f5es industriais e comerciais. \u00c9 utilizado para monitorizar o desempenho dos medidores de caudal, bem como para garantir que s\u00e3o devidamente mantidos e calibrados. O sistema de invent\u00e1rio tamb\u00e9m pode ser utilizado para controlar o custo dos medidores de caudal, bem como para identificar quaisquer problemas ou quest\u00f5es potenciais com os medidores de caudal.<\/p>\n<\/div>\n<div id=\"08\">\n<p><strong>8. sobre a escala da f\u00e1brica de medidores de fluxo de metanol<\/strong><\/p>\n<p>As f\u00e1bricas de medidores de caudal variam em tamanho e \u00e2mbito, dependendo do tipo de medidores de caudal que produzem. Algumas f\u00e1bricas podem especializar-se na produ\u00e7\u00e3o de um \u00fanico tipo de medidor de caudal, enquanto outras podem produzir uma variedade de tipos diferentes. Algumas f\u00e1bricas podem ser grandes, com centenas de empregados, enquanto outras podem ser pequenas, com apenas alguns empregados. A dimens\u00e3o da f\u00e1brica tamb\u00e9m depender\u00e1 do tipo de caudal\u00edmetros que produz, bem como da procura desses caudal\u00edmetros.<\/p>\n<p><img style=\"max-width: 100%;\" title=\"Sobre a escala da f\u00e1brica de medidores de fluxo de metanol\" src=\"https:\/\/www.hginstrument.com\/wp-content\/uploads\/2021\/07\/hluc-1.jpg\" alt=\"Sobre a escala da f\u00e1brica de medidores de fluxo de metanol\" \/><\/p>\n<\/div>\n<div id=\"09\">\n<p><strong>9.Sobre as mat\u00e9rias-primas do medidor de caudal de metanol<\/strong><\/p>\n<p>As mat\u00e9rias-primas dos medidores de caudal s\u00e3o normalmente fabricadas a partir de uma variedade de metais, pl\u00e1sticos e compostos. Os materiais mais comuns utilizados nos medidores de caudal incluem o a\u00e7o inoxid\u00e1vel, o lat\u00e3o, o alum\u00ednio, o cloreto de polivinilo (PVC), o polipropileno (PP) e o politetrafluoroetileno (PTFE). O material utilizado num medidor de caudal depende da aplica\u00e7\u00e3o e do tipo de fluido que est\u00e1 a ser medido. Por exemplo, o a\u00e7o inoxid\u00e1vel \u00e9 frequentemente utilizado para medir fluidos corrosivos, enquanto o PVC \u00e9 frequentemente utilizado para medir \u00e1gua.<\/p>\n<\/div>\n<div id=\"010\">\n<p><strong>10. qual \u00e9 o principal princ\u00edpio do medidor de fluxo de metanol?<\/strong><\/p>\n<p>Os nossos produtos de medidor de fluxo de metanol s\u00e3o submetidos a um rigoroso controlo de qualidade para garantir a satisfa\u00e7\u00e3o do cliente.<br \/>\nO princ\u00edpio principal de um medidor de caudal \u00e9 medir o caudal de um fluido ou g\u00e1s atrav\u00e9s de um tubo ou outro recipiente. Normalmente, isto \u00e9 feito medindo a queda de press\u00e3o atrav\u00e9s de uma restri\u00e7\u00e3o conhecida no tubo, ou medindo a velocidade do fluido ou g\u00e1s \u00e0 medida que passa pelo tubo.<\/p>\n<p><img style=\"max-width: 100%;\" title=\"Qual \u00e9 o princ\u00edpio fundamental do medidor de caudal de metanol?\" src=\"https:\/\/www.hginstrument.com\/wp-content\/uploads\/2021\/07\/hguoc-1.jpg\" alt=\"Qual \u00e9 o princ\u00edpio fundamental do medidor de caudal de metanol?\" \/><\/p>\n<\/div>\n<div id=\"11\">\n<p><strong>11.Sobre a data de entrega do medidor de caudal de metanol<\/strong><\/p>\n<p>A data de entrega de um medidor de caudal depender\u00e1 do tipo de medidor de caudal, do fabricante e da disponibilidade do produto. Geralmente, a maioria dos medidores de caudal pode ser entregue no prazo de alguns dias a algumas semanas. No entanto, alguns caudal\u00edmetros especializados podem demorar mais tempo a ser entregues. \u00c9 melhor contactar diretamente o fabricante para obter uma data de entrega precisa.<\/p>\n<\/div>\n<div id=\"12\">\n<p><strong>12. como calibrar um medidor de caudal de metanol?<\/strong><\/p>\n<p>Sendo um dos principais fabricantes de medidores de vaz\u00e3o de metanol na China, atribu\u00edmos grande import\u00e2ncia a esse detalhe.<br \/>\n1. Verifique as instru\u00e7\u00f5es do fabricante para o medidor de caudal espec\u00edfico que est\u00e1 a utilizar.<\/p>\n<p>2. Certifique-se de que o medidor de caudal est\u00e1 corretamente instalado e de que todas as liga\u00e7\u00f5es est\u00e3o seguras.<\/p>\n<p>3. Ligar o medidor de caudal a um dispositivo de calibra\u00e7\u00e3o, como um dispositivo de calibra\u00e7\u00e3o de caudal ou um circuito de calibra\u00e7\u00e3o de caudal.<\/p>\n<p>4. Regular o dispositivo de calibra\u00e7\u00e3o para o caudal pretendido.<\/p>\n<p>5. Ligar o medidor de caudal e deix\u00e1-lo funcionar durante alguns minutos para garantir a sua estabilidade.<\/p>\n<p>6. Comparar a leitura do medidor de caudal com a leitura do dispositivo de calibra\u00e7\u00e3o.<\/p>\n<p>7. Ajustar as defini\u00e7\u00f5es do medidor de caudal conforme necess\u00e1rio para corresponder \u00e0 leitura do dispositivo de calibra\u00e7\u00e3o.<\/p>\n<p>8. Repetir os passos 4-7 at\u00e9 que a leitura do medidor de caudal coincida com a leitura do dispositivo de calibra\u00e7\u00e3o.<\/p>\n<p>9. Registar as defini\u00e7\u00f5es do medidor de caudal e a leitura do dispositivo de calibra\u00e7\u00e3o para refer\u00eancia futura.<\/p>\n<p><img style=\"max-width: 100%;\" title=\"Como calibrar um medidor de caudal de metanol?\" src=\"https:\/\/www.hginstrument.com\/wp-content\/uploads\/2021\/07\/nozzle-1.jpg\" alt=\"Como calibrar um medidor de caudal de metanol?\" \/><\/p>\n<\/div>\n<div id=\"13\">\n<p><strong>13) Quais s\u00e3o as op\u00e7\u00f5es para os materiais exteriores do medidor de caudal de metanol?<\/strong><\/p>\n<p>O medidor de fluxo de metanol n\u00e3o \u00e9 apenas um produto, mas tamb\u00e9m pode ajud\u00e1-lo a ganhar dinheiro.<br \/>\n1. Alum\u00ednio<br \/>\n2. A\u00e7o inoxid\u00e1vel<br \/>\n3. Lat\u00e3o<br \/>\n4. Pl\u00e1stico<br \/>\n5. Polipropileno<br \/>\n6. PVC<br \/>\n7. Policarbonato<br \/>\n8. Fibra de vidro<br \/>\n9. Tit\u00e2nio<br \/>\n10. Cobre<\/p>\n<\/div>\n<div id=\"14\">\n<p><strong>14.O medidor de caudal de metanol necessita de uma fonte de alimenta\u00e7\u00e3o externa?<\/strong><\/p>\n<p>Aderimos ao princ\u00edpio da qualidade em primeiro lugar e temos um sistema completo de gest\u00e3o da qualidade da produ\u00e7\u00e3o e um processo de inspe\u00e7\u00e3o da qualidade.<br \/>\nDepende do tipo de medidor de caudal. Alguns caudal\u00edmetros s\u00e3o alimentados por uma fonte de energia externa, enquanto outros s\u00e3o alimentados pelo caudal do l\u00edquido ou g\u00e1s que est\u00e1 a ser medido.<\/p>\n<p><img style=\"max-width: 100%;\" title=\"O medidor de caudal de metanol necessita de uma fonte de alimenta\u00e7\u00e3o externa?\" src=\"https:\/\/www.hginstrument.com\/wp-content\/uploads\/2021\/07\/hls-2000h-m2.jpg\" alt=\"O medidor de caudal de metanol necessita de uma fonte de alimenta\u00e7\u00e3o externa?\" \/><\/p>\n<\/div>\n<div id=\"15\">\n<p><strong>15.Sobre as mat\u00e9rias-primas do medidor de caudal de metanol<\/strong><\/p>\n<p>As mat\u00e9rias-primas dos medidores de caudal s\u00e3o normalmente fabricadas a partir de uma variedade de metais, pl\u00e1sticos e compostos. Os materiais mais comuns utilizados nos medidores de caudal incluem o a\u00e7o inoxid\u00e1vel, o lat\u00e3o, o alum\u00ednio, o cloreto de polivinilo (PVC), o polipropileno (PP) e o politetrafluoroetileno (PTFE). O material utilizado num medidor de caudal depende da aplica\u00e7\u00e3o e do tipo de fluido que est\u00e1 a ser medido. Por exemplo, o a\u00e7o inoxid\u00e1vel \u00e9 frequentemente utilizado para medir fluidos corrosivos, enquanto o PVC \u00e9 frequentemente utilizado para medir \u00e1gua.<\/p>\n<\/div>\n<div id=\"16\">\n<p><strong>16) Qual \u00e9 a fun\u00e7\u00e3o do medidor de caudal de metanol?<\/strong><\/p>\n<p>Nossa empresa tem muitos anos de experi\u00eancia e conhecimento do medidor de fluxo de metanol.<br \/>\nUm medidor de caudal \u00e9 um dispositivo utilizado para medir o caudal ou a quantidade de um g\u00e1s ou l\u00edquido que se desloca atrav\u00e9s de um tubo. \u00c9 utilizado para medir o caudal de um l\u00edquido ou g\u00e1s numa conduta fechada. Os medidores de caudal s\u00e3o utilizados numa variedade de ind\u00fastrias, incluindo o tratamento de \u00e1gua e \u00e1guas residuais, petr\u00f3leo e g\u00e1s e processamento qu\u00edmico.<\/p>\n<p><img style=\"max-width: 100%;\" title=\"Qual \u00e9 a fun\u00e7\u00e3o do medidor de caudal de metanol?\" src=\"https:\/\/www.hginstrument.com\/wp-content\/uploads\/2021\/07\/hls-2000uf-1.jpg\" alt=\"Qual \u00e9 a fun\u00e7\u00e3o do medidor de caudal de metanol?\" \/><\/p>\n<\/div>\n<p>&nbsp;<\/p>\n<p>Etiqueta\uff1a<a href=\"\/pt\/magnetic-flow-meter\/ultrasonic-gpm-flow-meter\/\">caudal\u00edmetro ultrass\u00f3nico gpm<\/a>,<a href=\"\/pt\/magnetic-flow-meter\/flare-gas-flow-meter\/\">medidor de caudal de g\u00e1s de flare<\/a>,<a href=\"\/pt\/magnetic-flow-meter\/argon-dual-flow-meter\/\">medidor de caudal duplo de \u00e1rgon<\/a>,<a href=\"\/pt\/magnetic-flow-meter\/walgreens-peak-flow-meter\/\">medidor de caudal m\u00e1ximo walgreens<\/a><\/p>\n<p>&nbsp;<\/p>","protected":false},"excerpt":{"rendered":"<p><strong>Dados t\u00e9cnicos<\/strong><br \/>\nPode servir fluidos l\u00edquidos ou gasosos, sendo normalmente utilizado para medir o caudal de vapor, vapor, ar e g\u00e1s natural.<br \/>\nTamanho do contador: Tipo em linha: DN25 - DN300<br \/>\nOp\u00e7\u00e3o de material h\u00famido: SS304, SS316<br \/>\nTemperatura de funcionamento: \u2264250\u2103<br \/>\nLiga\u00e7\u00e3o ao processo: Wafer \/ Flange \/ Tri-clamp para o tipo In-line<br \/>\nPrecis\u00e3o de medi\u00e7\u00e3o: 1,0 % - 1,5% do intervalo de calibra\u00e7\u00e3o<br \/>\nIndicador digital: apresenta o caudal instant\u00e2neo e o caudal total<br \/>\nFonte de alimenta\u00e7\u00e3o: 24VDC, Sa\u00edda: 4-20mA<\/p>\n<p><strong>caracter\u00edsticas<\/strong><br \/>\n1. pontos de regula\u00e7\u00e3o ON\/OFF ajust\u00e1veis<br \/>\n2. modo de alarme de caudal alto ou baixo<br \/>\n3. tempo de atraso ajust\u00e1vel<br \/>\n4. LED de estado do rel\u00e9<\/p>","protected":false},"featured_media":3691,"comment_status":"closed","ping_status":"closed","template":"","meta":[],"product_cat":[2372],"product_tag":[],"acf":[],"_links":{"self":[{"href":"https:\/\/www.hginstrument.com\/pt\/wp-json\/wp\/v2\/product\/5665"}],"collection":[{"href":"https:\/\/www.hginstrument.com\/pt\/wp-json\/wp\/v2\/product"}],"about":[{"href":"https:\/\/www.hginstrument.com\/pt\/wp-json\/wp\/v2\/types\/product"}],"replies":[{"embeddable":true,"href":"https:\/\/www.hginstrument.com\/pt\/wp-json\/wp\/v2\/comments?post=5665"}],"wp:featuredmedia":[{"embeddable":true,"href":"https:\/\/www.hginstrument.com\/pt\/wp-json\/wp\/v2\/media\/3691"}],"wp:attachment":[{"href":"https:\/\/www.hginstrument.com\/pt\/wp-json\/wp\/v2\/media?parent=5665"}],"wp:term":[{"taxonomy":"product_cat","embeddable":true,"href":"https:\/\/www.hginstrument.com\/pt\/wp-json\/wp\/v2\/product_cat?post=5665"},{"taxonomy":"product_tag","embeddable":true,"href":"https:\/\/www.hginstrument.com\/pt\/wp-json\/wp\/v2\/product_tag?post=5665"}],"curies":[{"name":"wp","href":"https:\/\/api.w.org\/{rel}","templated":true}]}}