{"id":5673,"date":"2023-12-24T15:24:08","date_gmt":"2023-12-24T07:24:08","guid":{"rendered":"https:\/\/www.hginstrument.com\/?post_type=product&#038;p=5673"},"modified":"2023-12-29T11:23:01","modified_gmt":"2023-12-29T03:23:01","slug":"microlife-peak-flow-meter","status":"publish","type":"product","link":"https:\/\/www.hginstrument.com\/pt\/magnetic-flow-meter\/microlife-peak-flow-meter\/","title":{"rendered":"medidor de caudal m\u00e1ximo microlife"},"content":{"rendered":"<p>This cutting-edge product combines accuracy, durability, and efficiency to provide the ultimate solution for all your microlife peak flow metering needs. Designed with advanced features and state-of-the-art materials, microlife peak flow meter guarantees precise and reliable flow measurements for a wide range of liquids. Its intuitive interface and compact design make it user-friendly and easy to install in any industrial or commercial setting.<\/p>\n<p>microlife peak flow meter is equipped with a user-friendly interface that allows for easy operation and monitoring. It also offers a variety of installation options, including inline, insertion, and clamp-on, making it suitable for a wide range of pipelines and systems. Additionally, it is compatible with various communication protocols and can be integrated into existing systems seamlessly.<\/p>\n<p>Our microlife peak flow meter comes with advanced data logging capabilities, allowing you to store and analyze flow data in real-time. It also has the ability to generate detailed reports and charts for better data visualization and analysis. With these features, you can track and optimize your flow processes for improved efficiency and cost-effectiveness.<\/p>\n<table class=\"table table-bordered\">\n<tbody>\n<tr>\n<td><span style=\"vertical-align: inherit;\"><span style=\"vertical-align: inherit;\">Tipo\uff1a<\/span><\/span><\/td>\n<td><span style=\"vertical-align: inherit;\">medidor de caudal m\u00e1ximo microlife<\/span><\/td>\n<td><span style=\"vertical-align: inherit;\"><span style=\"vertical-align: inherit;\">Sinal de sa\u00edda\uff1a<\/span><\/span><\/td>\n<td><span style=\"vertical-align: inherit;\"><span style=\"vertical-align: inherit;\">4-17mA, Impulso\/Frequ\u00eancia 2kHz(Predefini\u00e7\u00e3o), 5KHz(M\u00e1x.)<\/span><\/span><\/td>\n<\/tr>\n<tr>\n<td><span style=\"vertical-align: inherit;\"><span style=\"vertical-align: inherit;\">Local de origem\uff1a<\/span><\/span><\/td>\n<td><span style=\"vertical-align: inherit;\"><span style=\"vertical-align: inherit;\">Jiangsu\uff0cChina<\/span><\/span><\/td>\n<td><span style=\"vertical-align: inherit;\"><span style=\"vertical-align: inherit;\">Incorporar tipo\uff1a<\/span><\/span><\/td>\n<td><span style=\"vertical-align: inherit;\"><span style=\"vertical-align: inherit;\">-10\u2103- +52\u2103<\/span><\/span><\/td>\n<\/tr>\n<tr>\n<td><span style=\"vertical-align: inherit;\"><span style=\"vertical-align: inherit;\">Garantia\uff1a<\/span><\/span><\/td>\n<td><span style=\"vertical-align: inherit;\"><span style=\"vertical-align: inherit;\">27 meses<\/span><\/span><\/td>\n<td><span style=\"vertical-align: inherit;\"><span style=\"vertical-align: inherit;\">Tens\u00e3o de alimenta\u00e7\u00e3o\uff1a<\/span><\/span><\/td>\n<td><span style=\"vertical-align: inherit;\"><span style=\"vertical-align: inherit;\">110\/220VAC (100-240VAC), 50Hz\/60Hz; 24VDC\u00b110%<\/span><\/span><\/td>\n<\/tr>\n<tr>\n<td><span style=\"vertical-align: inherit;\"><span style=\"vertical-align: inherit;\">Suporte personalizado\uff1a<\/span><\/span><\/td>\n<td><span style=\"vertical-align: inherit;\"><span style=\"vertical-align: inherit;\">OEM, ODM, OBM<\/span><\/span><\/td>\n<td><span style=\"vertical-align: inherit;\"><span style=\"vertical-align: inherit;\">Comunica\u00e7\u00e3o digital\uff1a<\/span><\/span><\/td>\n<td><span style=\"vertical-align: inherit;\"><span style=\"vertical-align: inherit;\">RS-485, suporta o protocolo padr\u00e3o Mudbugs-RTU; GPRS<\/span><\/span><\/td>\n<\/tr>\n<tr>\n<td><span style=\"vertical-align: inherit;\"><span style=\"vertical-align: inherit;\">Nome da marca\uff1a<\/span><\/span><\/td>\n<td><span style=\"vertical-align: inherit;\"><span style=\"vertical-align: inherit;\">GRUPO SUYI<\/span><\/span><\/td>\n<td><span style=\"vertical-align: inherit;\"><span style=\"vertical-align: inherit;\">Press\u00e3o nominal\uff1a<\/span><\/span><\/td>\n<td><span style=\"vertical-align: inherit;\"><span style=\"vertical-align: inherit;\">1MPa (DN15-DN800), 1,6MPa (DN15-DN800), 2,5MPa (DN15-DN600)<\/span><\/span><\/td>\n<\/tr>\n<tr>\n<td><span style=\"vertical-align: inherit;\"><span style=\"vertical-align: inherit;\">N\u00famero do modelo\uff1a<\/span><\/span><\/td>\n<td><span style=\"vertical-align: inherit;\"><span style=\"vertical-align: inherit;\">outros<\/span><\/span><\/td>\n<td><span style=\"vertical-align: inherit;\"><span style=\"vertical-align: inherit;\">Sensor\uff1a<\/span><\/span><\/td>\n<td><span style=\"vertical-align: inherit;\"><span style=\"vertical-align: inherit;\">0\u2103- +80\u2103 ou -25\u2103- +120\u2103 ou +70\u2103- +250\u2103<\/span><\/span><\/td>\n<\/tr>\n<tr>\n<td><span style=\"vertical-align: inherit;\"><span style=\"vertical-align: inherit;\">Nome do produto\uff1a<\/span><\/span><\/td>\n<td><span style=\"vertical-align: inherit;\"><span style=\"vertical-align: inherit;\">Medidor de caudal de \u00e1gua qu\u00edmica digital inteligente eletromagn\u00e9tico<\/span><\/span><\/td>\n<td><span style=\"vertical-align: inherit;\"><span style=\"vertical-align: inherit;\">Detalhes da embalagem\uff1a<\/span><\/span><\/td>\n<td><span style=\"vertical-align: inherit;\"><span style=\"vertical-align: inherit;\">1 conjunto por embalagem ou conforme o pedido do cliente<\/span><\/span><\/td>\n<\/tr>\n<tr>\n<td><span style=\"vertical-align: inherit;\"><span style=\"vertical-align: inherit;\">Di\u00e2metro nominal\uff1a<\/span><\/span><\/td>\n<td><span style=\"vertical-align: inherit;\"><span style=\"vertical-align: inherit;\">3-3299mm<\/span><\/span><\/td>\n<td><span style=\"vertical-align: inherit;\"><span style=\"vertical-align: inherit;\">Capacidade de fornecimento\uff1a<\/span><\/span><\/td>\n<td><span style=\"vertical-align: inherit;\"><span style=\"vertical-align: inherit;\">1602 Set\/Sets per Month<\/span><\/span><\/td>\n<\/tr>\n<tr>\n<td><span style=\"vertical-align: inherit;\"><span style=\"vertical-align: inherit;\">gama de velocidades\uff1a<\/span><\/span><\/td>\n<td><span style=\"vertical-align: inherit;\"><span style=\"vertical-align: inherit;\">0-8m\/s<\/span><\/span><\/td>\n<td><span style=\"vertical-align: inherit;\"><span style=\"vertical-align: inherit;\">Quantidade (conjuntos)\uff1a<\/span><\/span><\/td>\n<td><span style=\"vertical-align: inherit;\"><span style=\"vertical-align: inherit;\">&gt; 30<\/span><\/span><\/td>\n<\/tr>\n<tr>\n<td><span style=\"vertical-align: inherit;\"><span style=\"vertical-align: inherit;\">Grau de precis\u00e3o\uff1a<\/span><\/span><\/td>\n<td><span style=\"vertical-align: inherit;\"><span style=\"vertical-align: inherit;\">\u00b10,5%R, \u00b11%R ( &lt; DN20)<\/span><\/span><\/td>\n<td><span style=\"vertical-align: inherit;\"><span style=\"vertical-align: inherit;\">Prazo de execu\u00e7\u00e3o (dias)\uff1a<\/span><\/span><\/td>\n<td><span style=\"vertical-align: inherit;\"><span style=\"vertical-align: inherit;\">A ser negociado<\/span><\/span><\/td>\n<\/tr>\n<\/tbody>\n<\/table>\n<p>&nbsp;<\/p>\n<p>&nbsp;<\/p>\n<p style=\"text-align: center;\"><img title=\"medidor de caudal m\u00e1ximo microlife\" src=\"https:\/\/www.hginstrument.com\/wp-content\/uploads\/2021\/07\/in-line-pipeline-type-hgd-electromagnetic-flow-meter.jpg\" \/><\/p>\n<p>&nbsp;<\/p>\n<p>&nbsp;<\/p>\n<p style=\"text-align: center;\"><img title=\"medidor de caudal m\u00e1ximo microlife\" src=\"https:\/\/www.hginstrument.com\/wp-content\/uploads\/2021\/07\/insertion-01.jpg\" \/><\/p>\n<p>&nbsp;<\/p>\n<p>&nbsp;<\/p>\n<p style=\"text-align: center;\"><img title=\"medidor de caudal m\u00e1ximo microlife\" src=\"https:\/\/www.hginstrument.com\/wp-content\/uploads\/2021\/07\/sanitary-mag-1.jpg\" \/><\/p>\n<p><strong>microlife peak flow meter FAQs Guide.<\/strong><\/p>\n<p>At the heart of our microlife peak flow meter series lies a commitment to excellence, blending advanced sensor technology with user-friendly interfaces. From liquid to gas, our meters deliver unparalleled accuracy, empowering you to make informed decisions and streamline operations. As we usher in a new era of fluid measurement, we invite you to explore the limitless possibilities that our microlife peak flow meters unlock \u2013 where precision meets performance, and innovation flows seamlessly.<\/p>\n<div style=\"border: 3px solid #f89900; margin: 20px 0; padding: 20px;\"><a href=\"\/pt\/microlife-peak-flow-meter\/#01\">1.What is the applicable pressure range of microlife peak flow meter?<\/a><br \/>\n<a href=\"\/pt\/microlife-peak-flow-meter\/#02\">2.What is the difference between microlife peak flow meter SUYI group vs microlife peak flow meter Endress+Hauser vs microlife peak flow meter KROHNE<\/a><br \/>\n<a href=\"\/pt\/microlife-peak-flow-meter\/#03\">3.What are the installation methods of microlife peak flow meter?<\/a><br \/>\n<a href=\"\/pt\/microlife-peak-flow-meter\/#04\">4.About microlife peak flow meter production management system<\/a><br \/>\n<a href=\"\/pt\/microlife-peak-flow-meter\/#05\">5.About microlife peak flow meter technology<\/a><br \/>\n<a href=\"\/pt\/microlife-peak-flow-meter\/#06\">6.About microlife peak flow meter raw material procurement system<\/a><br \/>\n<a href=\"\/pt\/microlife-peak-flow-meter\/#07\">7.How does a microlife peak flow meter measure flow?<\/a><br \/>\n<a href=\"\/pt\/microlife-peak-flow-meter\/#08\">8.About microlife peak flow meter patent<\/a><br \/>\n<a href=\"\/pt\/microlife-peak-flow-meter\/#09\">9.About microlife peak flow meter production capacity<\/a><br \/>\n<a href=\"\/pt\/microlife-peak-flow-meter\/#010\">10.Can microlife peak flow meter be monitored remotely?<\/a><br \/>\n<a href=\"\/pt\/microlife-peak-flow-meter\/#11\">11.How does the microlife peak flow meter detect the properties of the target fluid?<\/a><br \/>\n<a href=\"\/pt\/microlife-peak-flow-meter\/#12\">12.About microlife peak flow meter production capacity<\/a><br \/>\n<a href=\"\/pt\/microlife-peak-flow-meter\/#13\">13.About microlife peak flow meter production skills training<\/a><\/div>\n<div id=\"01\">\n<p><strong>1.What is the applicable pressure range of microlife peak flow meter?<\/strong><\/p>\n<p>Os nossos produtos e servi\u00e7os abrangem uma vasta gama de \u00e1reas e satisfazem as necessidades de diferentes dom\u00ednios.<br \/>\nO intervalo de press\u00e3o aplic\u00e1vel a um medidor de caudal depende do tipo de medidor de caudal que est\u00e1 a ser utilizado. Geralmente, os caudal\u00edmetros podem medir press\u00f5es que variam entre 0,1 bar e 1000 bar.<\/p>\n<\/div>\n<div id=\"02\">\n<p><strong>2.What is the difference between microlife peak flow meter SUYI group vs microlife peak flow meter Endress+Hauser vs microlife peak flow meter KROHNE<\/strong><\/p>\n<p>Os medidores de caudal do Grupo SUYI, Endress+Hauser e KROHNE medem todos o caudal de um l\u00edquido ou g\u00e1s. No entanto, cada fabricante oferece diferentes tipos de medidores de caudal com diferentes caracter\u00edsticas e capacidades.<\/p>\n<p>O Grupo SUYI oferece uma variedade de medidores de caudal, incluindo medidores de caudal electromagn\u00e9ticos, ultra-s\u00f3nicos e de v\u00f3rtice. Esses medidores s\u00e3o projetados para uma ampla gama de aplica\u00e7\u00f5es, incluindo \u00e1gua, \u00f3leo e g\u00e1s.<\/p>\n<p>A Endress+Hauser oferece uma gama de medidores de vaz\u00e3o, incluindo medidores Coriolis, vortex e ultra-s\u00f4nicos. Esses medidores s\u00e3o projetados para uma variedade de aplica\u00e7\u00f5es, incluindo \u00e1gua, \u00f3leo e g\u00e1s.<\/p>\n<p>A KROHNE oferece uma gama de medidores de fluxo, incluindo Coriolis, v\u00f3rtice e medidores ultra-s\u00f3nicos. Esses medidores s\u00e3o projetados para uma variedade de aplica\u00e7\u00f5es, incluindo \u00e1gua, \u00f3leo e g\u00e1s. A KROHNE tamb\u00e9m oferece uma gama de medidores de vaz\u00e3o especializados, como o OPTIFLUX e o OPTISWIRL, que s\u00e3o projetados para aplica\u00e7\u00f5es espec\u00edficas.<\/p>\n<\/div>\n<div id=\"03\">\n<p><strong>3.What are the installation methods of microlife peak flow meter?<\/strong><\/p>\n<p>Our mission is to provide customers with the best solutions for microlife peak flow meter.<br \/>\n1. Instala\u00e7\u00e3o em linha: Este \u00e9 o tipo mais comum de instala\u00e7\u00e3o de medidores de caudal. Envolve a coloca\u00e7\u00e3o do medidor de vaz\u00e3o diretamente no tubo ou duto onde o fluido est\u00e1 fluindo.<\/p>\n<p>2. Instala\u00e7\u00e3o de inser\u00e7\u00e3o: Este tipo de instala\u00e7\u00e3o envolve a inser\u00e7\u00e3o do medidor de caudal no tubo ou conduta. Isto \u00e9 normalmente feito com uma flange ou um encaixe.<\/p>\n<p>3. Instala\u00e7\u00e3o em canal aberto: Este tipo de instala\u00e7\u00e3o \u00e9 utilizado quando o caudal se encontra num canal aberto, como um rio ou ribeiro. O medidor de caudal \u00e9 colocado no canal e mede o caudal.<\/p>\n<p>4. Instala\u00e7\u00e3o submers\u00edvel: Este tipo de instala\u00e7\u00e3o \u00e9 usado quando o fluxo est\u00e1 num ambiente submerso, como um po\u00e7o ou reservat\u00f3rio. O medidor de caudal \u00e9 colocado na \u00e1gua e mede o caudal.<\/p>\n<p><img style=\"max-width: 100%;\" title=\"What are the installation methods of microlife peak flow meter?\" src=\"https:\/\/www.hginstrument.com\/wp-content\/uploads\/2021\/07\/hls-2000p-z1.jpg\" alt=\"What are the installation methods of microlife peak flow meter?\" \/><\/p>\n<\/div>\n<div id=\"04\">\n<p><strong>4.About microlife peak flow meter production management system<\/strong><\/p>\n<p>Um sistema de gest\u00e3o da produ\u00e7\u00e3o de caudal\u00edmetros \u00e9 uma solu\u00e7\u00e3o de software concebida para ajudar os fabricantes a gerir a produ\u00e7\u00e3o de caudal\u00edmetros. O sistema pode ser utilizado para acompanhar o processo de produ\u00e7\u00e3o do in\u00edcio ao fim, incluindo a encomenda de mat\u00e9rias-primas, a montagem de componentes e o teste e calibra\u00e7\u00e3o do produto acabado. O sistema tamb\u00e9m pode ser utilizado para monitorizar a qualidade do processo de produ\u00e7\u00e3o, garantindo que os medidores de caudal cumprem as normas exigidas. Al\u00e9m disso, o sistema pode ser utilizado para gerar relat\u00f3rios e analisar dados para ajudar os fabricantes a melhorar os seus processos de produ\u00e7\u00e3o.<\/p>\n<\/div>\n<div id=\"05\">\n<p><strong>5.About microlife peak flow meter technology<\/strong><\/p>\n<p>A tecnologia de medidores de caudal \u00e9 um tipo de tecnologia de medi\u00e7\u00e3o utilizada para medir o caudal de um fluido ou g\u00e1s. \u00c9 utilizada numa variedade de ind\u00fastrias, incluindo petr\u00f3leo e g\u00e1s, \u00e1gua e \u00e1guas residuais, e processamento qu\u00edmico. Os medidores de caudal medem o caudal de um fluido ou g\u00e1s atrav\u00e9s da medi\u00e7\u00e3o da press\u00e3o, velocidade ou outras propriedades f\u00edsicas do fluido ou g\u00e1s. Os medidores de caudal podem ser utilizados para medir o caudal de l\u00edquidos, gases e vapor. S\u00e3o utilizados para medir o caudal de uma variedade de fluidos, incluindo \u00e1gua, \u00f3leo e produtos qu\u00edmicos. Os medidores de caudal s\u00e3o utilizados numa variedade de aplica\u00e7\u00f5es, incluindo o controlo de processos, a gest\u00e3o de energia e a monitoriza\u00e7\u00e3o da seguran\u00e7a.<\/p>\n<\/div>\n<div id=\"06\">\n<p><strong>6.About microlife peak flow meter raw material procurement system<\/strong><\/p>\n<p>Um sistema de aquisi\u00e7\u00e3o de mat\u00e9rias-primas para caudal\u00edmetros \u00e9 uma solu\u00e7\u00e3o de software concebida para simplificar o processo de aquisi\u00e7\u00e3o de mat\u00e9rias-primas para a produ\u00e7\u00e3o de caudal\u00edmetros. O sistema permite que os utilizadores pesquisem e comprem r\u00e1pida e facilmente os componentes necess\u00e1rios para a produ\u00e7\u00e3o de medidores de caudal. Tamb\u00e9m fornece informa\u00e7\u00f5es detalhadas sobre os componentes, incluindo pre\u00e7os, disponibilidade e prazos de entrega. O sistema tamb\u00e9m permite aos utilizadores acompanhar as suas encomendas e gerir o seu invent\u00e1rio. Isto ajuda a garantir que os componentes certos est\u00e3o sempre dispon\u00edveis quando necess\u00e1rio.<\/p>\n<p><img style=\"max-width: 100%;\" title=\"About microlife peak flow meter raw material procurement system\" src=\"https:\/\/www.hginstrument.com\/wp-content\/uploads\/2021\/07\/in-line-pipeline-type-hgd-electromagnetic-flow-meter.jpg\" alt=\"About microlife peak flow meter raw material procurement system\" \/><\/p>\n<\/div>\n<div id=\"07\">\n<p><strong>7.How does a microlife peak flow meter measure flow?<\/strong><\/p>\n<p>We operate our microlife peak flow meter business with integrity and honesty.<br \/>\nUm medidor de caudal mede o caudal atrav\u00e9s da medi\u00e7\u00e3o da velocidade de um fluido \u00e0 medida que este passa atrav\u00e9s de um tubo ou outra conduta. Normalmente, isto \u00e9 feito medindo a queda de press\u00e3o numa \u00e1rea conhecida, ou medindo o tempo que demora um volume de fluido a passar por uma \u00e1rea conhecida. Outros m\u00e9todos incluem a utiliza\u00e7\u00e3o de uma turbina, roda de p\u00e1s ou transdutor ultrass\u00f3nico para medir a velocidade do fluido.<\/p>\n<\/div>\n<div id=\"08\">\n<p><strong>8.About microlife peak flow meter patent<\/strong><\/p>\n<p>As patentes de caudal\u00edmetros s\u00e3o patentes que abrangem a conce\u00e7\u00e3o e o funcionamento de caudal\u00edmetros. Os medidores de caudal s\u00e3o dispositivos utilizados para medir o caudal de um l\u00edquido ou g\u00e1s. Os medidores de caudal s\u00e3o utilizados numa variedade de ind\u00fastrias, incluindo o tratamento de \u00e1gua e de \u00e1guas residuais, petr\u00f3leo e g\u00e1s e processamento qu\u00edmico. Os medidores de caudal s\u00e3o utilizados para medir o caudal de um fluido, o volume total de um fluido e a press\u00e3o de um fluido. Os medidores de caudal podem ser mec\u00e2nicos, el\u00e9ctricos ou \u00f3pticos. Os medidores de caudal podem ser utilizados para medir o caudal de l\u00edquidos, gases e vapor.<\/p>\n<\/div>\n<div id=\"09\">\n<p><strong>9.About microlife peak flow meter production capacity<\/strong><\/p>\n<p>A capacidade de produ\u00e7\u00e3o de medidores de caudal depende do tipo de medidor de caudal que est\u00e1 a ser produzido. Geralmente, a capacidade de produ\u00e7\u00e3o \u00e9 determinada pela dimens\u00e3o da instala\u00e7\u00e3o de produ\u00e7\u00e3o, pelo n\u00famero de m\u00e1quinas e pessoal dispon\u00edvel e pelo tipo de medidor de caudal que est\u00e1 a ser produzido. Por exemplo, uma instala\u00e7\u00e3o de produ\u00e7\u00e3o especializada na produ\u00e7\u00e3o de caudal\u00edmetros de turbina pode ter uma capacidade de produ\u00e7\u00e3o superior \u00e0 de uma instala\u00e7\u00e3o que produz caudal\u00edmetros ultra-s\u00f3nicos. Al\u00e9m disso, a capacidade de produ\u00e7\u00e3o de uma instala\u00e7\u00e3o pode ser afetada pela complexidade do medidor de caudal que est\u00e1 a ser produzido, bem como pela disponibilidade de mat\u00e9rias-primas e componentes.<\/p>\n<p><img style=\"max-width: 100%;\" title=\"About microlife peak flow meter production capacity\" src=\"https:\/\/www.hginstrument.com\/wp-content\/uploads\/2021\/07\/sanitary-mag-1.jpg\" alt=\"About microlife peak flow meter production capacity\" \/><\/p>\n<\/div>\n<div id=\"010\">\n<p><strong>10.Can microlife peak flow meter be monitored remotely?<\/strong><\/p>\n<p>We are a professional microlife peak flow meter company dedicated to providing high quality products and services.<br \/>\nSim, os medidores de caudal podem ser monitorizados remotamente. Muitos caudal\u00edmetros modernos est\u00e3o equipados com capacidades de comunica\u00e7\u00e3o sem fios, permitindo a sua monitoriza\u00e7\u00e3o remota atrav\u00e9s de um computador ou dispositivo m\u00f3vel. Al\u00e9m disso, alguns caudal\u00edmetros est\u00e3o equipados com capacidades de comunica\u00e7\u00e3o por telem\u00f3vel ou sat\u00e9lite, permitindo a sua monitoriza\u00e7\u00e3o a partir de praticamente qualquer local.<\/p>\n<\/div>\n<div id=\"11\">\n<p><strong>11.How does the microlife peak flow meter detect the properties of the target fluid?<\/strong><\/p>\n<p>As one of the microlife peak flow meter market leaders, we are known for innovation and reliability.<br \/>\nOs medidores de caudal medem o caudal de um fluido atrav\u00e9s da dete\u00e7\u00e3o da velocidade do fluido. Normalmente, isto \u00e9 feito medindo a queda de press\u00e3o atrav\u00e9s de uma restri\u00e7\u00e3o conhecida no percurso do caudal, ou medindo a velocidade do fluido utilizando uma variedade de tecnologias como a ultra-s\u00f3nica, magn\u00e9tica ou t\u00e9rmica. O caudal pode ent\u00e3o ser utilizado para calcular as propriedades do fluido, como a densidade, a viscosidade e o caudal volum\u00e9trico.<\/p>\n<\/div>\n<div id=\"12\">\n<p><strong>12.About microlife peak flow meter production capacity<\/strong><\/p>\n<p>A capacidade de produ\u00e7\u00e3o de medidores de caudal depende do tipo de medidor de caudal que est\u00e1 a ser produzido. Geralmente, a capacidade de produ\u00e7\u00e3o \u00e9 determinada pela dimens\u00e3o da instala\u00e7\u00e3o de produ\u00e7\u00e3o, pelo n\u00famero de m\u00e1quinas e pessoal dispon\u00edvel e pelo tipo de medidor de caudal que est\u00e1 a ser produzido. Por exemplo, uma instala\u00e7\u00e3o de produ\u00e7\u00e3o especializada na produ\u00e7\u00e3o de caudal\u00edmetros de turbina pode ter uma capacidade de produ\u00e7\u00e3o superior \u00e0 de uma instala\u00e7\u00e3o que produz caudal\u00edmetros ultra-s\u00f3nicos. Al\u00e9m disso, a capacidade de produ\u00e7\u00e3o de uma instala\u00e7\u00e3o pode ser afetada pela complexidade do medidor de caudal que est\u00e1 a ser produzido, bem como pela disponibilidade de mat\u00e9rias-primas e componentes.<\/p>\n<p><img style=\"max-width: 100%;\" title=\"About microlife peak flow meter production capacity\" src=\"https:\/\/www.hginstrument.com\/wp-content\/uploads\/2021\/07\/hgvf-1.jpg\" alt=\"About microlife peak flow meter production capacity\" \/><\/p>\n<\/div>\n<div id=\"13\">\n<p><strong>13.About microlife peak flow meter production skills training<\/strong><\/p>\n<p>A forma\u00e7\u00e3o em compet\u00eancias de produ\u00e7\u00e3o de caudal\u00edmetros foi concebida para ensinar aos t\u00e9cnicos e engenheiros as compet\u00eancias necess\u00e1rias para produzir e manter caudal\u00edmetros. A forma\u00e7\u00e3o abrange t\u00f3picos como os princ\u00edpios da medi\u00e7\u00e3o de caudal, os tipos de caudal\u00edmetros dispon\u00edveis, a instala\u00e7\u00e3o e manuten\u00e7\u00e3o de caudal\u00edmetros e t\u00e9cnicas de resolu\u00e7\u00e3o de problemas. A forma\u00e7\u00e3o tamb\u00e9m abrange a utiliza\u00e7\u00e3o de software inform\u00e1tico para analisar e interpretar dados de caudal. A forma\u00e7\u00e3o \u00e9 normalmente realizada em sala de aula e pode incluir actividades pr\u00e1ticas.<\/p>\n<\/div>\n<p>&nbsp;<\/p>\n<p>Etiqueta\uff1a<a href=\"\/pt\/magnetic-flow-meter\/commercial-pool-flow-meter\/\">commercial pool flow meter<\/a>,<a href=\"\/pt\/magnetic-flow-meter\/battery-powered-flow-meter\/\">medidor de caudal alimentado por bateria<\/a>,<a href=\"\/pt\/magnetic-flow-meter\/gas-mass-flow-meter\/\">gas mass flow meter<\/a>,<a href=\"\/pt\/magnetic-flow-meter\/10-gpm-flow-meter\/\">Medidor de caudal de 10 gpm<\/a><\/p>\n<p>&nbsp;<\/p>","protected":false},"excerpt":{"rendered":"<p><strong>Dados t\u00e9cnicos<\/strong><br \/>\nPode servir fluidos l\u00edquidos ou gasosos, sendo normalmente utilizado para medir o caudal de vapor, vapor, ar e g\u00e1s natural.<br \/>\nTamanho do contador: Tipo em linha: DN25 - DN300<br \/>\nOp\u00e7\u00e3o de material h\u00famido: SS304, SS316<br \/>\nTemperatura de funcionamento: \u2264250\u2103<br \/>\nLiga\u00e7\u00e3o ao processo: Wafer \/ Flange \/ Tri-clamp para o tipo In-line<br \/>\nPrecis\u00e3o de medi\u00e7\u00e3o: 1,0 % - 1,5% do intervalo de calibra\u00e7\u00e3o<br \/>\nIndicador digital: apresenta o caudal instant\u00e2neo e o caudal total<br \/>\nFonte de alimenta\u00e7\u00e3o: 24VDC, Sa\u00edda: 4-20mA<\/p>\n<p><strong>caracter\u00edsticas<\/strong><br \/>\n1. pontos de regula\u00e7\u00e3o ON\/OFF ajust\u00e1veis<br \/>\n2. modo de alarme de caudal alto ou baixo<br \/>\n3. tempo de atraso ajust\u00e1vel<br \/>\n4. LED de estado do rel\u00e9<\/p>","protected":false},"featured_media":3691,"comment_status":"closed","ping_status":"closed","template":"","meta":[],"product_cat":[2372],"product_tag":[],"acf":[],"_links":{"self":[{"href":"https:\/\/www.hginstrument.com\/pt\/wp-json\/wp\/v2\/product\/5673"}],"collection":[{"href":"https:\/\/www.hginstrument.com\/pt\/wp-json\/wp\/v2\/product"}],"about":[{"href":"https:\/\/www.hginstrument.com\/pt\/wp-json\/wp\/v2\/types\/product"}],"replies":[{"embeddable":true,"href":"https:\/\/www.hginstrument.com\/pt\/wp-json\/wp\/v2\/comments?post=5673"}],"wp:featuredmedia":[{"embeddable":true,"href":"https:\/\/www.hginstrument.com\/pt\/wp-json\/wp\/v2\/media\/3691"}],"wp:attachment":[{"href":"https:\/\/www.hginstrument.com\/pt\/wp-json\/wp\/v2\/media?parent=5673"}],"wp:term":[{"taxonomy":"product_cat","embeddable":true,"href":"https:\/\/www.hginstrument.com\/pt\/wp-json\/wp\/v2\/product_cat?post=5673"},{"taxonomy":"product_tag","embeddable":true,"href":"https:\/\/www.hginstrument.com\/pt\/wp-json\/wp\/v2\/product_tag?post=5673"}],"curies":[{"name":"wp","href":"https:\/\/api.w.org\/{rel}","templated":true}]}}