{"id":574,"date":"2021-01-20T11:12:16","date_gmt":"2021-01-20T03:12:16","guid":{"rendered":"http:\/\/201230ip92c2.adwebcloud.com\/?post_type=product&#038;p=574"},"modified":"2021-10-12T13:32:23","modified_gmt":"2021-10-12T05:32:23","slug":"hgls-2000h-handheld-ultrasonic-flow-meter","status":"publish","type":"product","link":"https:\/\/www.hginstrument.com\/pt\/flow-instrument\/hgls-2000h-handheld-ultrasonic-flow-meter\/","title":{"rendered":"HGLS-2000H Handheld Ultrasonic Flow Meter"},"content":{"rendered":"<h5><strong>Especifica\u00e7\u00f5es t\u00e9cnicas<\/strong><\/h5>\n<table>\n<tbody>\n<tr style=\"background-color: #d8d8d8;\">\n<td colspan=\"2\" width=\"211\">\n<h6 style=\"text-align: center;\"><strong>Items<\/strong><\/h6>\n<\/td>\n<td width=\"499\">\n<h6 style=\"text-align: center;\"><strong>Specification<\/strong><\/h6>\n<\/td>\n<\/tr>\n<tr>\n<td style=\"vertical-align: middle;\" rowspan=\"6\" width=\"103\">Unidade principal<\/td>\n<td width=\"108\">Princ\u00edpio<\/td>\n<td width=\"499\">Ultrasonic Transit-time, 4 byte IEE754 Floating point arithmetic<\/td>\n<\/tr>\n<tr>\n<td width=\"108\">Exatid\u00e3o<\/td>\n<td width=\"499\">Better than \u00b11%,linearity: 0.5%, repeatability: 0.2%<\/td>\n<\/tr>\n<tr>\n<td style=\"vertical-align: middle;\" width=\"108\">Ecr\u00e3<\/td>\n<td width=\"499\">4 x 16 dot matrix LCD with backlight, option language: Chinese, English and Italian<\/td>\n<\/tr>\n<tr>\n<td width=\"108\">Sa\u00edda<\/td>\n<td width=\"499\">OCT pulse output ( pulse width: 6 to 2000ms, default is 200ms)<\/td>\n<\/tr>\n<tr>\n<td width=\"108\">Comunica\u00e7\u00e3o<\/td>\n<td width=\"499\">RS232 interface, connect to PC<\/td>\n<\/tr>\n<tr>\n<td width=\"108\">Tamanho<\/td>\n<td width=\"499\">210\u00d790\u00d730mm, weight: only 0.5kg<\/td>\n<\/tr>\n<tr>\n<td style=\"vertical-align: middle;\" rowspan=\"3\" width=\"103\">Pipeline<br \/>\nCondition<\/td>\n<td style=\"vertical-align: middle;\" width=\"108\">Pipeline material<\/td>\n<td width=\"499\">Steel, stainless steel, Cast iron, copper, PVC, aluminum, glass fiber reinforced plastics, liner in pipe is also no problem<\/td>\n<\/tr>\n<tr>\n<td width=\"108\">Pipe size<\/td>\n<td width=\"499\">32 to 6000mm<\/td>\n<\/tr>\n<tr>\n<td width=\"108\">Tubo reto<\/td>\n<td width=\"499\">Installation position: Upstream 10D, downstream 5D,\u00a0 30D from pump outlet<\/td>\n<\/tr>\n<tr>\n<td style=\"vertical-align: middle;\" rowspan=\"4\" width=\"103\">Fluid media<\/td>\n<td style=\"vertical-align: middle;\" width=\"108\">tipo<\/td>\n<td width=\"499\">Water, sea water, waste water, Acid, alkali, Alcohol, beer, Single homogeneous liquid<\/td>\n<\/tr>\n<tr>\n<td width=\"108\">Temperatura<\/td>\n<td width=\"499\">-30 to 160 \u2103<\/td>\n<\/tr>\n<tr>\n<td width=\"108\">Turbidez<\/td>\n<td width=\"499\">10000 ppm and fewer bubble<\/td>\n<\/tr>\n<tr>\n<td width=\"108\">Flow velocity<\/td>\n<td width=\"499\">0 a \u00b110m\/s<\/td>\n<\/tr>\n<tr>\n<td style=\"vertical-align: middle;\" rowspan=\"2\" width=\"103\">Ambiente<\/td>\n<td width=\"108\">Temp.<\/td>\n<td width=\"499\">Main unit: -20 to 60\u2103, Sensor: -30 to 160\u2103<\/td>\n<\/tr>\n<tr>\n<td width=\"108\">Humidade<\/td>\n<td width=\"499\">Main unit: 85%RH, Sensor protection grade:IP67<\/td>\n<\/tr>\n<tr>\n<td style=\"vertical-align: middle;\" colspan=\"2\" width=\"211\">Alimenta\u00e7\u00e3o el\u00e9ctrica<\/td>\n<td width=\"499\">3 A built-in rechargeable Ni-MH batteries (can last working 12 hours after full charging). Meter can work continuously if using the power adapter of\u00a0 AC 90\uff5e260V<\/td>\n<\/tr>\n<tr>\n<td colspan=\"2\" width=\"211\">Consumption<\/td>\n<td width=\"499\">1.5W<\/td>\n<\/tr>\n<tr>\n<td colspan=\"2\" width=\"211\">Material da caixa<\/td>\n<td width=\"499\">Anti-flaming ABS<\/td>\n<\/tr>\n<tr>\n<td colspan=\"2\" width=\"211\">Signal Cable length<\/td>\n<td width=\"499\">Standard configuration: 5m x 2,\u00a0 Extended: 10m x 2<\/td>\n<\/tr>\n<\/tbody>\n<\/table>\n<p>&nbsp;<\/p>\n<h5>Sensor de caudal ultrass\u00f3nico opcional<\/h5>\n<table>\n<tbody>\n<tr style=\"background-color: #d8d8d8;\">\n<td width=\"139\"><strong>Transdutor<\/strong><\/td>\n<td width=\"132\"><strong>c\u00f3digo<\/strong><\/td>\n<td width=\"228\"><strong>Descri\u00e7\u00e3o<\/strong><\/td>\n<td width=\"108\"><strong>Temperatura<\/strong><\/td>\n<td width=\"84\"><strong>Exatid\u00e3o<\/strong><\/td>\n<\/tr>\n<tr>\n<td width=\"139\"><img class=\"alignnone size-full wp-image-515\" title=\"\" src=\"http:\/\/www.hginstrument.com\/wp-content\/uploads\/2021\/01\/s1.jpg\" alt=\"s1\" width=\"155\" height=\"115\" \/><\/td>\n<td width=\"132\">TS-2<\/td>\n<td style=\"vertical-align: middle;\" width=\"228\">Tipo de fixa\u00e7\u00e3o de tamanho pequeno<br \/>\n(Magn\u00e9tico)<br \/>\npara tubagem DN32\uff5eDN100mm<\/td>\n<td width=\"108\">-30\u2103\uff5e90\u2103<\/td>\n<td width=\"84\">\u00b11%FS<\/td>\n<\/tr>\n<tr>\n<td width=\"139\"><img class=\"alignnone size-full wp-image-515\" title=\"\" src=\"http:\/\/www.hginstrument.com\/wp-content\/uploads\/2021\/01\/s1.jpg\" alt=\"s1\" width=\"155\" height=\"115\" \/><\/td>\n<td width=\"132\">TM-1<\/td>\n<td style=\"vertical-align: middle;\" width=\"228\">Tipo de fixa\u00e7\u00e3o de tamanho m\u00e9dio<br \/>\n(Magn\u00e9tico)<br \/>\npara tubagem DN50\uff5eDN700mm<\/td>\n<td width=\"108\">-30\u2103\uff5e90\u2103<\/td>\n<td width=\"84\">\u00b11%FS<\/td>\n<\/tr>\n<tr>\n<td width=\"139\"><img class=\"alignnone size-full wp-image-515\" title=\"\" src=\"http:\/\/www.hginstrument.com\/wp-content\/uploads\/2021\/01\/s1.jpg\" alt=\"s1\" width=\"155\" height=\"115\" \/><\/td>\n<td width=\"132\">TL-1<\/td>\n<td style=\"vertical-align: middle;\" width=\"228\">Tipo de fixa\u00e7\u00e3o de grandes dimens\u00f5es<br \/>\n(Magn\u00e9tico)<br \/>\npara tubagem DN300\uff5eDN6000mm<\/td>\n<td width=\"108\">-30\u2103\uff5e90\u2103<\/td>\n<td width=\"84\">\u00b11%FS<\/td>\n<\/tr>\n<tr>\n<td width=\"139\"><img class=\"alignnone size-full wp-image-516\" title=\"\" src=\"http:\/\/www.hginstrument.com\/wp-content\/uploads\/2021\/01\/s2.jpg\" alt=\"s2\" width=\"155\" height=\"115\" \/><\/td>\n<td width=\"132\">TS-2-HT<\/td>\n<td style=\"vertical-align: middle;\" width=\"228\">Tamanho pequeno Alta temperatura<br \/>\ntipo de fixa\u00e7\u00e3o<br \/>\npara tubagem DN32\uff5eDN100mm<\/td>\n<td width=\"108\">-30\u2103\uff5e160\u2103<\/td>\n<td width=\"84\">\u00b11%FS<\/td>\n<\/tr>\n<tr>\n<td width=\"139\"><img class=\"alignnone size-full wp-image-516\" title=\"\" src=\"http:\/\/www.hginstrument.com\/wp-content\/uploads\/2021\/01\/s2.jpg\" alt=\"s2\" width=\"155\" height=\"115\" \/><\/td>\n<td width=\"132\">TM-1-HT<\/td>\n<td style=\"vertical-align: middle;\" width=\"228\">Tamanho m\u00e9dio Alta temperatura<br \/>\ntipo de fixa\u00e7\u00e3o<br \/>\npara tubagem DN50\uff5eDN700mm<\/td>\n<td width=\"108\">-30\u2103\uff5e160\u2103<\/td>\n<td width=\"84\">\u00b11%FS<\/td>\n<\/tr>\n<tr>\n<td width=\"139\"><img class=\"alignnone size-full wp-image-516\" title=\"\" src=\"http:\/\/www.hginstrument.com\/wp-content\/uploads\/2021\/01\/s2.jpg\" alt=\"s2\" width=\"155\" height=\"115\" \/><\/td>\n<td width=\"132\">TL-1-HT<\/td>\n<td style=\"vertical-align: middle;\" width=\"228\">Tamanho grande Alta temperatura<br \/>\ntipo de fixa\u00e7\u00e3o<br \/>\npara tubagem DN300\uff5eDN6000mm<\/td>\n<td width=\"108\">-30\u2103\uff5e160\u2103<\/td>\n<td width=\"84\">\u00b11%FS<\/td>\n<\/tr>\n<tr>\n<td width=\"139\"><img class=\"alignnone size-full wp-image-572\" title=\"\" src=\"http:\/\/www.hginstrument.com\/wp-content\/uploads\/2021\/01\/hs.jpg\" alt=\"hs\" width=\"116\" height=\"56\" \/><\/td>\n<td width=\"132\">HS<\/td>\n<td style=\"vertical-align: middle;\" width=\"228\">Transdutor tipo suporte de tamanho pequeno padr\u00e3o<br \/>\npara tubagem DN32\uff5eDN100m<\/td>\n<td width=\"108\">-30\u2103\uff5e90\u2103<\/td>\n<td width=\"84\">\u00b11%FS<\/td>\n<\/tr>\n<tr>\n<td width=\"139\"><img class=\"alignnone size-full wp-image-2520\" title=\"\" src=\"http:\/\/www.hginstrument.com\/wp-content\/uploads\/2021\/10\/hm.jpg\" alt=\"hm\" width=\"144\" height=\"57\" \/><\/td>\n<td width=\"132\">HM<\/td>\n<td style=\"vertical-align: middle;\" width=\"228\">Transdutor tipo suporte de tamanho m\u00e9dio padr\u00e3o para tubula\u00e7\u00e3o DN50 \uff5e DN300m<\/td>\n<td width=\"108\">-30\u2103\uff5e90\u2103<\/td>\n<td width=\"84\">\u00b11%FS<\/td>\n<\/tr>\n<tr>\n<td width=\"139\"><img class=\"alignnone size-full wp-image-569\" title=\"\" src=\"http:\/\/www.hginstrument.com\/wp-content\/uploads\/2021\/01\/eb-1.jpg\" alt=\"eb 1\" width=\"96\" height=\"50\" \/><\/td>\n<td width=\"132\">EB-1<\/td>\n<td style=\"vertical-align: middle;\" width=\"228\">Transdutor standard do tipo suporte estendido para tubagem DN300\uff5eDN700mm<\/td>\n<td width=\"108\">-30\u2103\uff5e90\u2103<\/td>\n<td width=\"84\">\u00b11%FS<\/td>\n<\/tr>\n<tr>\n<td width=\"139\"><img class=\"alignnone size-full wp-image-573\" title=\"\" src=\"http:\/\/www.hginstrument.com\/wp-content\/uploads\/2021\/01\/hs-ht.jpg\" alt=\"hs ht\" width=\"94\" height=\"56\" \/><\/td>\n<td width=\"132\">HS-HT<\/td>\n<td style=\"vertical-align: middle;\" width=\"228\">Transdutor de alta temperatura do tipo suporte de tamanho pequeno<br \/>\npara tubagem DN32\uff5eDN100m<\/td>\n<td width=\"108\">-30\u2103\uff5e160\u2103<\/td>\n<td width=\"84\">\u00b11%FS<\/td>\n<\/tr>\n<tr>\n<td width=\"139\"><img class=\"alignnone size-full wp-image-571\" title=\"\" src=\"http:\/\/www.hginstrument.com\/wp-content\/uploads\/2021\/01\/hm-ht.jpg\" alt=\"hm ht\" width=\"135\" height=\"56\" \/><\/td>\n<td style=\"vertical-align: middle;\" width=\"132\">HM-HT<\/td>\n<td style=\"vertical-align: middle;\" width=\"228\">Transdutor do tipo suporte de tamanho m\u00e9dio de alta temperatura para tubula\u00e7\u00e3o DN50 \uff5e DN300m<\/td>\n<td width=\"108\">-30\u2103\uff5e160\u2103<\/td>\n<td width=\"84\">\u00b11%FS<\/td>\n<\/tr>\n<tr>\n<td width=\"139\"><img class=\"alignnone size-full wp-image-572\" title=\"\" src=\"http:\/\/www.hginstrument.com\/wp-content\/uploads\/2021\/01\/hs.jpg\" alt=\"hs\" width=\"116\" height=\"56\" \/><\/td>\n<td width=\"132\">EB-1-HT<\/td>\n<td style=\"vertical-align: middle;\" width=\"228\">Transdutor de alta temperatura do tipo suporte estendido para tubagem DN300\uff5eDN700mm<\/td>\n<td width=\"108\">-30\u2103\uff5e160\u2103<\/td>\n<td width=\"84\">\u00b11%FS<\/td>\n<\/tr>\n<\/tbody>\n<\/table>\n<h5><\/h5>\n<p>&nbsp;<\/p>\n<h5>Wiring interface<\/h5>\n<p><img class=\"alignnone wp-image-566 size-full\" src=\"http:\/\/www.hginstrument.com\/wp-content\/uploads\/2021\/01\/wiring-interface.jpg\" alt=\"wiring interface\" width=\"635\" height=\"418\" srcset=\"https:\/\/www.hginstrument.com\/wp-content\/uploads\/2021\/01\/wiring-interface.jpg 635w, https:\/\/www.hginstrument.com\/wp-content\/uploads\/2021\/01\/wiring-interface-300x197.jpg 300w, https:\/\/www.hginstrument.com\/wp-content\/uploads\/2021\/01\/wiring-interface-600x395.jpg 600w\" sizes=\"(max-width: 635px) 100vw, 635px\" \/><\/p>\n<p>&nbsp;<\/p>\n<p>&nbsp;<\/p>","protected":false},"excerpt":{"rendered":"<p><strong>Caracter\u00edstica:<\/strong><br \/>\n\u25cf Non-intrusive, clamp-on transducer, no pressure drop, no pipe disturbance.<br \/>\n\u25cf Several types transducer for selection, measuring pipe size from DN15mm to DN6000mm<br \/>\n\u25cf Built-in rechargeable Ni-MH battery, provide over 12 hours of continuous operation<br \/>\n\u25cf Display instantaneous flow, accumulated flow (positive, negative and net), velocity, working status etc.<br \/>\n\u25cf Built-in 24K data logger, store over 2000 lines measuring data<\/p>","protected":false},"featured_media":1423,"comment_status":"closed","ping_status":"closed","template":"","meta":[],"product_cat":[75,216],"product_tag":[],"acf":[],"_links":{"self":[{"href":"https:\/\/www.hginstrument.com\/pt\/wp-json\/wp\/v2\/product\/574"}],"collection":[{"href":"https:\/\/www.hginstrument.com\/pt\/wp-json\/wp\/v2\/product"}],"about":[{"href":"https:\/\/www.hginstrument.com\/pt\/wp-json\/wp\/v2\/types\/product"}],"replies":[{"embeddable":true,"href":"https:\/\/www.hginstrument.com\/pt\/wp-json\/wp\/v2\/comments?post=574"}],"wp:featuredmedia":[{"embeddable":true,"href":"https:\/\/www.hginstrument.com\/pt\/wp-json\/wp\/v2\/media\/1423"}],"wp:attachment":[{"href":"https:\/\/www.hginstrument.com\/pt\/wp-json\/wp\/v2\/media?parent=574"}],"wp:term":[{"taxonomy":"product_cat","embeddable":true,"href":"https:\/\/www.hginstrument.com\/pt\/wp-json\/wp\/v2\/product_cat?post=574"},{"taxonomy":"product_tag","embeddable":true,"href":"https:\/\/www.hginstrument.com\/pt\/wp-json\/wp\/v2\/product_tag?post=574"}],"curies":[{"name":"wp","href":"https:\/\/api.w.org\/{rel}","templated":true}]}}