{"id":5774,"date":"2023-12-24T19:23:33","date_gmt":"2023-12-24T11:23:33","guid":{"rendered":"https:\/\/www.hginstrument.com\/?post_type=product&#038;p=5774"},"modified":"2023-12-28T11:13:19","modified_gmt":"2023-12-28T03:13:19","slug":"pest-control-flow-meter","status":"publish","type":"product","link":"https:\/\/www.hginstrument.com\/pt\/magnetic-flow-meter\/pest-control-flow-meter\/","title":{"rendered":"medidor de caudal para controlo de pragas"},"content":{"rendered":"<p>This cutting-edge product combines accuracy, durability, and efficiency to provide the ultimate solution for all your pest control flow metering needs. Designed with advanced features and state-of-the-art materials, pest control flow meter guarantees precise and reliable flow measurements for a wide range of liquids. Its intuitive interface and compact design make it user-friendly and easy to install in any industrial or commercial setting.<\/p>\n<p>pest control flow meter is an advanced flow measurement device designed to accurately measure and monitor the flow of various liquids and gases. With its cutting-edge technology and reliable performance, it has become the solution of choice in oil and gas, chemical processing, Chemical manufacturing, water treatment and many other industries.<\/p>\n<p>Our pest control flow meter utilizes a state-of-the-art flow sensing technology that provides precise measurements with exceptional accuracy. It can accurately measure the flow rate of liquids and gases with flow rates ranging from 0.3 to 5038 m3\/h. This high level of accuracy makes it an ideal solution for critical applications that require precise flow measurement.<\/p>\n<table class=\"table table-bordered\">\n<tbody>\n<tr>\n<td><span style=\"vertical-align: inherit;\"><span style=\"vertical-align: inherit;\">Tipo\uff1a<\/span><\/span><\/td>\n<td><span style=\"vertical-align: inherit;\">medidor de caudal para controlo de pragas<\/span><\/td>\n<td><span style=\"vertical-align: inherit;\"><span style=\"vertical-align: inherit;\">Sinal de sa\u00edda\uff1a<\/span><\/span><\/td>\n<td><span style=\"vertical-align: inherit;\"><span style=\"vertical-align: inherit;\">4-23mA, Impulso\/Frequ\u00eancia 2kHz(Predefini\u00e7\u00e3o), 5KHz(M\u00e1x.)<\/span><\/span><\/td>\n<\/tr>\n<tr>\n<td><span style=\"vertical-align: inherit;\"><span style=\"vertical-align: inherit;\">Local de origem\uff1a<\/span><\/span><\/td>\n<td><span style=\"vertical-align: inherit;\"><span style=\"vertical-align: inherit;\">Jiangsu\uff0cChina<\/span><\/span><\/td>\n<td><span style=\"vertical-align: inherit;\"><span style=\"vertical-align: inherit;\">Incorporar tipo\uff1a<\/span><\/span><\/td>\n<td><span style=\"vertical-align: inherit;\"><span style=\"vertical-align: inherit;\">-10\u2103- +56\u2103<\/span><\/span><\/td>\n<\/tr>\n<tr>\n<td><span style=\"vertical-align: inherit;\"><span style=\"vertical-align: inherit;\">Garantia\uff1a<\/span><\/span><\/td>\n<td><span style=\"vertical-align: inherit;\"><span style=\"vertical-align: inherit;\">14 meses<\/span><\/span><\/td>\n<td><span style=\"vertical-align: inherit;\"><span style=\"vertical-align: inherit;\">Tens\u00e3o de alimenta\u00e7\u00e3o\uff1a<\/span><\/span><\/td>\n<td><span style=\"vertical-align: inherit;\"><span style=\"vertical-align: inherit;\">110\/220VAC (100-240VAC), 50Hz\/60Hz; 24VDC\u00b110%<\/span><\/span><\/td>\n<\/tr>\n<tr>\n<td><span style=\"vertical-align: inherit;\"><span style=\"vertical-align: inherit;\">Suporte personalizado\uff1a<\/span><\/span><\/td>\n<td><span style=\"vertical-align: inherit;\"><span style=\"vertical-align: inherit;\">OEM, ODM, OBM<\/span><\/span><\/td>\n<td><span style=\"vertical-align: inherit;\"><span style=\"vertical-align: inherit;\">Comunica\u00e7\u00e3o digital\uff1a<\/span><\/span><\/td>\n<td><span style=\"vertical-align: inherit;\"><span style=\"vertical-align: inherit;\">RS-485, suporta o protocolo padr\u00e3o Mudbugs-RTU; GPRS<\/span><\/span><\/td>\n<\/tr>\n<tr>\n<td><span style=\"vertical-align: inherit;\"><span style=\"vertical-align: inherit;\">Nome da marca\uff1a<\/span><\/span><\/td>\n<td><span style=\"vertical-align: inherit;\"><span style=\"vertical-align: inherit;\">GRUPO SUYI<\/span><\/span><\/td>\n<td><span style=\"vertical-align: inherit;\"><span style=\"vertical-align: inherit;\">Press\u00e3o nominal\uff1a<\/span><\/span><\/td>\n<td><span style=\"vertical-align: inherit;\"><span style=\"vertical-align: inherit;\">1MPa (DN15-DN800), 1,6MPa (DN15-DN800), 2,5MPa (DN15-DN600)<\/span><\/span><\/td>\n<\/tr>\n<tr>\n<td><span style=\"vertical-align: inherit;\"><span style=\"vertical-align: inherit;\">N\u00famero do modelo\uff1a<\/span><\/span><\/td>\n<td><span style=\"vertical-align: inherit;\"><span style=\"vertical-align: inherit;\">outros<\/span><\/span><\/td>\n<td><span style=\"vertical-align: inherit;\"><span style=\"vertical-align: inherit;\">Sensor\uff1a<\/span><\/span><\/td>\n<td><span style=\"vertical-align: inherit;\"><span style=\"vertical-align: inherit;\">0\u2103- +80\u2103 ou -25\u2103- +120\u2103 ou +70\u2103- +250\u2103<\/span><\/span><\/td>\n<\/tr>\n<tr>\n<td><span style=\"vertical-align: inherit;\"><span style=\"vertical-align: inherit;\">Nome do produto\uff1a<\/span><\/span><\/td>\n<td><span style=\"vertical-align: inherit;\"><span style=\"vertical-align: inherit;\">Medidor de caudal de \u00e1gua qu\u00edmica digital inteligente eletromagn\u00e9tico<\/span><\/span><\/td>\n<td><span style=\"vertical-align: inherit;\"><span style=\"vertical-align: inherit;\">Detalhes da embalagem\uff1a<\/span><\/span><\/td>\n<td><span style=\"vertical-align: inherit;\"><span style=\"vertical-align: inherit;\">1 conjunto por embalagem ou conforme o pedido do cliente<\/span><\/span><\/td>\n<\/tr>\n<tr>\n<td><span style=\"vertical-align: inherit;\"><span style=\"vertical-align: inherit;\">Di\u00e2metro nominal\uff1a<\/span><\/span><\/td>\n<td><span style=\"vertical-align: inherit;\"><span style=\"vertical-align: inherit;\">3-3404mm<\/span><\/span><\/td>\n<td><span style=\"vertical-align: inherit;\"><span style=\"vertical-align: inherit;\">Capacidade de fornecimento\uff1a<\/span><\/span><\/td>\n<td><span style=\"vertical-align: inherit;\"><span style=\"vertical-align: inherit;\">1585 Set\/Sets per Month<\/span><\/span><\/td>\n<\/tr>\n<tr>\n<td><span style=\"vertical-align: inherit;\"><span style=\"vertical-align: inherit;\">gama de velocidades\uff1a<\/span><\/span><\/td>\n<td><span style=\"vertical-align: inherit;\"><span style=\"vertical-align: inherit;\">0-7m\/s<\/span><\/span><\/td>\n<td><span style=\"vertical-align: inherit;\"><span style=\"vertical-align: inherit;\">Quantidade (conjuntos)\uff1a<\/span><\/span><\/td>\n<td><span style=\"vertical-align: inherit;\"><span style=\"vertical-align: inherit;\">&gt; 30<\/span><\/span><\/td>\n<\/tr>\n<tr>\n<td><span style=\"vertical-align: inherit;\"><span style=\"vertical-align: inherit;\">Grau de precis\u00e3o\uff1a<\/span><\/span><\/td>\n<td><span style=\"vertical-align: inherit;\"><span style=\"vertical-align: inherit;\">\u00b10,5%R, \u00b11%R ( &lt; DN20)<\/span><\/span><\/td>\n<td><span style=\"vertical-align: inherit;\"><span style=\"vertical-align: inherit;\">Prazo de execu\u00e7\u00e3o (dias)\uff1a<\/span><\/span><\/td>\n<td><span style=\"vertical-align: inherit;\"><span style=\"vertical-align: inherit;\">A ser negociado<\/span><\/span><\/td>\n<\/tr>\n<\/tbody>\n<\/table>\n<p>&nbsp;<\/p>\n<p>&nbsp;<\/p>\n<p style=\"text-align: center;\"><img title=\"medidor de caudal para controlo de pragas\" src=\"https:\/\/www.hginstrument.com\/wp-content\/uploads\/2021\/07\/in-line-pipeline-type-hgd-electromagnetic-flow-meter.jpg\" \/><\/p>\n<p>&nbsp;<\/p>\n<p>&nbsp;<\/p>\n<p style=\"text-align: center;\"><img title=\"medidor de caudal para controlo de pragas\" src=\"https:\/\/www.hginstrument.com\/wp-content\/uploads\/2021\/07\/insertion-01.jpg\" \/><\/p>\n<p>&nbsp;<\/p>\n<p>&nbsp;<\/p>\n<p style=\"text-align: center;\"><img title=\"medidor de caudal para controlo de pragas\" src=\"https:\/\/www.hginstrument.com\/wp-content\/uploads\/2021\/07\/sanitary-mag-1.jpg\" \/><\/p>\n<p><strong>pest control flow meter FAQs Guide.<\/strong><\/p>\n<p>At the heart of our pest control flow meter series lies a commitment to excellence, blending advanced sensor technology with user-friendly interfaces. From liquid to gas, our meters deliver unparalleled accuracy, empowering you to make informed decisions and streamline operations. As we usher in a new era of fluid measurement, we invite you to explore the limitless possibilities that our pest control flow meters unlock \u2013 where precision meets performance, and innovation flows seamlessly.<\/p>\n<div style=\"border: 3px solid #f89900; margin: 20px 0; padding: 20px;\"><a href=\"\/pt\/pest-control-flow-meter\/#01\">1.What are the common types of pest control flow meters?<\/a><br \/>\n<a href=\"\/pt\/pest-control-flow-meter\/#02\">2.What fluids are pest control flow meters mainly used for measuring?<\/a><br \/>\n<a href=\"\/pt\/pest-control-flow-meter\/#03\">3.About pest control flow meter payment method<\/a><br \/>\n<a href=\"\/pt\/pest-control-flow-meter\/#04\">4.About pest control flow meter patent<\/a><br \/>\n<a href=\"\/pt\/pest-control-flow-meter\/#05\">5.How does the pest control flow meter detect the properties of the target fluid?<\/a><br \/>\n<a href=\"\/pt\/pest-control-flow-meter\/#06\">6.About pest control flow meter production management system<\/a><br \/>\n<a href=\"\/pt\/pest-control-flow-meter\/#07\">7.About pest control flow meter delivery date<\/a><br \/>\n<a href=\"\/pt\/pest-control-flow-meter\/#08\">8.What is the difference between pest control flow meter SUYI group vs pest control flow meter Endress+Hauser vs pest control flow meter KROHNE<\/a><br \/>\n<a href=\"\/pt\/pest-control-flow-meter\/#09\">9.About the scale of pest control flow meter factory<\/a><br \/>\n<a href=\"\/pt\/pest-control-flow-meter\/#010\">10.About pest control flow meter quality system<\/a><br \/>\n<a href=\"\/pt\/pest-control-flow-meter\/#11\">11.Does the pest control flow meter have remote control capabilities?<\/a><br \/>\n<a href=\"\/pt\/pest-control-flow-meter\/#12\">12.Does the pest control flow meter require an external power source?<\/a><br \/>\n<a href=\"\/pt\/pest-control-flow-meter\/#13\">13.About pest control flow meter raw material procurement system<\/a><br \/>\n<a href=\"\/pt\/pest-control-flow-meter\/#14\">14.About pest control flow meter payment method<\/a><br \/>\n<a href=\"\/pt\/pest-control-flow-meter\/#15\">15.Can the measurement results of the pest control flow meter be output and recorded remotely?<\/a><br \/>\n<a href=\"\/pt\/pest-control-flow-meter\/#16\">16.About pest control flow meter MOQ<\/a><\/div>\n<div id=\"01\">\n<p><strong>1.What are the common types of pest control flow meters?<\/strong><\/p>\n<p>Our mission is to provide customers with the best solutions for pest control flow meter.<br \/>\n1. Medidores de caudal de press\u00e3o diferencial<br \/>\n2. Medidores de caudal de deslocamento positivo<br \/>\n3. Medidores de caudal de turbina<br \/>\n4. Medidores de caudal magn\u00e9ticos<br \/>\n5. Medidores de caudal ultra-s\u00f3nicos<br \/>\n6. Medidores de caudal Coriolis<br \/>\n7. Medidores de caudal de v\u00f3rtice<br \/>\n8. Medidores de caudal alvo<br \/>\n9. Medidores de caudal de \u00e1rea vari\u00e1vel<br \/>\n10. Medidores de caudal m\u00e1ssico<\/p>\n<\/div>\n<div id=\"02\">\n<p><strong>2.What fluids are pest control flow meters mainly used for measuring?<\/strong><\/p>\n<p>Apostamos no trabalho de equipa e na comunica\u00e7\u00e3o para atingir objectivos comuns.<br \/>\nOs medidores de caudal s\u00e3o utilizados principalmente para medir o caudal de l\u00edquidos, gases e vapor.<\/p>\n<\/div>\n<div id=\"03\">\n<p><strong>3.About pest control flow meter payment method<\/strong><\/p>\n<p>O pagamento com caudal\u00edmetro \u00e9 um m\u00e9todo de pagamento que utiliza um caudal\u00edmetro para medir a quantidade de energia utilizada por um cliente. O cliente paga a energia utilizada com base na quantidade de energia medida pelo medidor de caudal. Este m\u00e9todo de pagamento \u00e9 frequentemente utilizado em ambientes comerciais e industriais, onde o consumo de energia \u00e9 elevado e precisa de ser controlado com precis\u00e3o. O pagamento por caudal\u00edmetro tamb\u00e9m \u00e9 utilizado em alguns contextos residenciais, onde os clientes podem pagar a sua utiliza\u00e7\u00e3o de energia com base na quantidade de energia que utilizam.<\/p>\n<p><img style=\"max-width: 100%;\" title=\"About pest control flow meter payment method\" src=\"https:\/\/www.hginstrument.com\/wp-content\/uploads\/2021\/07\/hls-2000h-m2.jpg\" alt=\"About pest control flow meter payment method\" \/><\/p>\n<\/div>\n<div id=\"04\">\n<p><strong>4.About pest control flow meter patent<\/strong><\/p>\n<p>As patentes de caudal\u00edmetros s\u00e3o patentes que abrangem a conce\u00e7\u00e3o e o funcionamento de caudal\u00edmetros. Os medidores de caudal s\u00e3o dispositivos utilizados para medir o caudal de um l\u00edquido ou g\u00e1s. Os medidores de caudal s\u00e3o utilizados numa variedade de ind\u00fastrias, incluindo o tratamento de \u00e1gua e de \u00e1guas residuais, petr\u00f3leo e g\u00e1s e processamento qu\u00edmico. Os medidores de caudal s\u00e3o utilizados para medir o caudal de um fluido, o volume total de um fluido e a press\u00e3o de um fluido. Os medidores de caudal podem ser mec\u00e2nicos, el\u00e9ctricos ou \u00f3pticos. Os medidores de caudal podem ser utilizados para medir o caudal de l\u00edquidos, gases e vapor.<\/p>\n<\/div>\n<div id=\"05\">\n<p><strong>5.How does the pest control flow meter detect the properties of the target fluid?<\/strong><\/p>\n<p>As one of the pest control flow meter market leaders, we are known for innovation and reliability.<br \/>\nOs medidores de caudal medem o caudal de um fluido atrav\u00e9s da dete\u00e7\u00e3o da velocidade do fluido. Normalmente, isto \u00e9 feito medindo a queda de press\u00e3o atrav\u00e9s de uma restri\u00e7\u00e3o conhecida no percurso do caudal, ou medindo a velocidade do fluido utilizando uma variedade de tecnologias como a ultra-s\u00f3nica, magn\u00e9tica ou t\u00e9rmica. O caudal pode ent\u00e3o ser utilizado para calcular as propriedades do fluido, como a densidade, a viscosidade e o caudal volum\u00e9trico.<\/p>\n<\/div>\n<div id=\"06\">\n<p><strong>6.About pest control flow meter production management system<\/strong><\/p>\n<p>Um sistema de gest\u00e3o da produ\u00e7\u00e3o de caudal\u00edmetros \u00e9 uma solu\u00e7\u00e3o de software concebida para ajudar os fabricantes a gerir a produ\u00e7\u00e3o de caudal\u00edmetros. O sistema pode ser utilizado para acompanhar o processo de produ\u00e7\u00e3o do in\u00edcio ao fim, incluindo a encomenda de mat\u00e9rias-primas, a montagem de componentes e o teste e calibra\u00e7\u00e3o do produto acabado. O sistema tamb\u00e9m pode ser utilizado para monitorizar a qualidade do processo de produ\u00e7\u00e3o, garantindo que os medidores de caudal cumprem as normas exigidas. Al\u00e9m disso, o sistema pode ser utilizado para gerar relat\u00f3rios e analisar dados para ajudar os fabricantes a melhorar os seus processos de produ\u00e7\u00e3o.<\/p>\n<p><img style=\"max-width: 100%;\" title=\"About pest control flow meter production management system\" src=\"https:\/\/www.hginstrument.com\/wp-content\/uploads\/2021\/07\/hgcmf-c1-1.jpg\" alt=\"About pest control flow meter production management system\" \/><\/p>\n<\/div>\n<div id=\"07\">\n<p><strong>7.About pest control flow meter delivery date<\/strong><\/p>\n<p>A data de entrega de um medidor de caudal depender\u00e1 do tipo de medidor de caudal, do fabricante e da disponibilidade do produto. Geralmente, a maioria dos medidores de caudal pode ser entregue no prazo de alguns dias a algumas semanas. No entanto, alguns caudal\u00edmetros especializados podem demorar mais tempo a ser entregues. \u00c9 melhor contactar diretamente o fabricante para obter uma data de entrega precisa.<\/p>\n<\/div>\n<div id=\"08\">\n<p><strong>8.What is the difference between pest control flow meter SUYI group vs pest control flow meter Endress+Hauser vs pest control flow meter KROHNE<\/strong><\/p>\n<p>Os medidores de caudal do Grupo SUYI, Endress+Hauser e KROHNE medem todos o caudal de um l\u00edquido ou g\u00e1s. No entanto, cada fabricante oferece diferentes tipos de medidores de caudal com diferentes caracter\u00edsticas e capacidades.<\/p>\n<p>O Grupo SUYI oferece uma variedade de medidores de caudal, incluindo medidores de caudal electromagn\u00e9ticos, ultra-s\u00f3nicos e de v\u00f3rtice. Esses medidores s\u00e3o projetados para uma ampla gama de aplica\u00e7\u00f5es, incluindo \u00e1gua, \u00f3leo e g\u00e1s.<\/p>\n<p>A Endress+Hauser oferece uma gama de medidores de vaz\u00e3o, incluindo medidores Coriolis, vortex e ultra-s\u00f4nicos. Esses medidores s\u00e3o projetados para uma variedade de aplica\u00e7\u00f5es, incluindo \u00e1gua, \u00f3leo e g\u00e1s.<\/p>\n<p>A KROHNE oferece uma gama de medidores de fluxo, incluindo Coriolis, v\u00f3rtice e medidores ultra-s\u00f3nicos. Esses medidores s\u00e3o projetados para uma variedade de aplica\u00e7\u00f5es, incluindo \u00e1gua, \u00f3leo e g\u00e1s. A KROHNE tamb\u00e9m oferece uma gama de medidores de vaz\u00e3o especializados, como o OPTIFLUX e o OPTISWIRL, que s\u00e3o projetados para aplica\u00e7\u00f5es espec\u00edficas.<\/p>\n<\/div>\n<div id=\"09\">\n<p><strong>9.About the scale of pest control flow meter factory<\/strong><\/p>\n<p>As f\u00e1bricas de medidores de caudal variam em tamanho e \u00e2mbito, dependendo do tipo de medidores de caudal que produzem. Algumas f\u00e1bricas podem especializar-se na produ\u00e7\u00e3o de um \u00fanico tipo de medidor de caudal, enquanto outras podem produzir uma variedade de tipos diferentes. Algumas f\u00e1bricas podem ser grandes, com centenas de empregados, enquanto outras podem ser pequenas, com apenas alguns empregados. A dimens\u00e3o da f\u00e1brica tamb\u00e9m depender\u00e1 do tipo de caudal\u00edmetros que produz, bem como da procura desses caudal\u00edmetros.<\/p>\n<p><img style=\"max-width: 100%;\" title=\"About the scale of pest control flow meter factory\" src=\"https:\/\/www.hginstrument.com\/wp-content\/uploads\/2021\/07\/hgdu600-p-1.jpg\" alt=\"About the scale of pest control flow meter factory\" \/><\/p>\n<\/div>\n<div id=\"010\">\n<p><strong>10.About pest control flow meter quality system<\/strong><\/p>\n<p>Um sistema de qualidade de medidores de caudal \u00e9 um conjunto de processos e procedimentos que s\u00e3o utilizados para garantir que os medidores de caudal s\u00e3o fabricados e testados de forma a cumprirem os mais elevados padr\u00f5es de precis\u00e3o e fiabilidade. O sistema inclui medidas de controlo de qualidade, como a inspe\u00e7\u00e3o do material recebido, a inspe\u00e7\u00e3o durante o processo e o teste do produto final. Inclui tamb\u00e9m documenta\u00e7\u00e3o e manuten\u00e7\u00e3o de registos para garantir que todos os processos s\u00e3o seguidos e que quaisquer problemas s\u00e3o tratados de forma r\u00e1pida e eficaz. O sistema foi concebido para garantir que os medidores de caudal produzidos s\u00e3o da mais elevada qualidade e cumprem os requisitos do cliente.<\/p>\n<\/div>\n<div id=\"11\">\n<p><strong>11.Does the pest control flow meter have remote control capabilities?<\/strong><\/p>\n<p>Concentramo-nos nas necessidades dos nossos clientes e esfor\u00e7amo-nos por satisfazer as suas expectativas, pelo que levamos isto muito a s\u00e9rio.<br \/>\nDepende do modelo espec\u00edfico do medidor de caudal. Alguns modelos podem ter capacidades de controlo remoto, enquanto outros n\u00e3o.<\/p>\n<\/div>\n<div id=\"12\">\n<p><strong>12.Does the pest control flow meter require an external power source?<\/strong><\/p>\n<p>Aderimos ao princ\u00edpio da qualidade em primeiro lugar e temos um sistema completo de gest\u00e3o da qualidade da produ\u00e7\u00e3o e um processo de inspe\u00e7\u00e3o da qualidade.<br \/>\nDepende do tipo de medidor de caudal. Alguns caudal\u00edmetros s\u00e3o alimentados por uma fonte de energia externa, enquanto outros s\u00e3o alimentados pelo caudal do l\u00edquido ou g\u00e1s que est\u00e1 a ser medido.<\/p>\n<p><img style=\"max-width: 100%;\" title=\"Does the pest control flow meter require an external power source?\" src=\"https:\/\/www.hginstrument.com\/wp-content\/uploads\/2021\/07\/hls-2000p-z1.jpg\" alt=\"Does the pest control flow meter require an external power source?\" \/><\/p>\n<\/div>\n<div id=\"13\">\n<p><strong>13.About pest control flow meter raw material procurement system<\/strong><\/p>\n<p>Um sistema de aquisi\u00e7\u00e3o de mat\u00e9rias-primas para caudal\u00edmetros \u00e9 uma solu\u00e7\u00e3o de software concebida para simplificar o processo de aquisi\u00e7\u00e3o de mat\u00e9rias-primas para a produ\u00e7\u00e3o de caudal\u00edmetros. O sistema permite que os utilizadores pesquisem e comprem r\u00e1pida e facilmente os componentes necess\u00e1rios para a produ\u00e7\u00e3o de medidores de caudal. Tamb\u00e9m fornece informa\u00e7\u00f5es detalhadas sobre os componentes, incluindo pre\u00e7os, disponibilidade e prazos de entrega. O sistema tamb\u00e9m permite aos utilizadores acompanhar as suas encomendas e gerir o seu invent\u00e1rio. Isto ajuda a garantir que os componentes certos est\u00e3o sempre dispon\u00edveis quando necess\u00e1rio.<\/p>\n<\/div>\n<div id=\"14\">\n<p><strong>14.About pest control flow meter payment method<\/strong><\/p>\n<p>O pagamento com caudal\u00edmetro \u00e9 um m\u00e9todo de pagamento que utiliza um caudal\u00edmetro para medir a quantidade de energia utilizada por um cliente. O cliente paga a energia utilizada com base na quantidade de energia medida pelo medidor de caudal. Este m\u00e9todo de pagamento \u00e9 frequentemente utilizado em ambientes comerciais e industriais, onde o consumo de energia \u00e9 elevado e precisa de ser controlado com precis\u00e3o. O pagamento por caudal\u00edmetro tamb\u00e9m \u00e9 utilizado em alguns contextos residenciais, onde os clientes podem pagar a sua utiliza\u00e7\u00e3o de energia com base na quantidade de energia que utilizam.<\/p>\n<\/div>\n<div id=\"15\">\n<p><strong>15.Can the measurement results of the pest control flow meter be output and recorded remotely?<\/strong><\/p>\n<p>Sim, muitos medidores de caudal est\u00e3o equipados com sa\u00edda remota e capacidades de registo. Isto permite aos utilizadores monitorizar e registar dados de caudal a partir de um local remoto.<\/p>\n<p><img style=\"max-width: 100%;\" title=\"Can the measurement results of the pest control flow meter be output and recorded remotely?\" src=\"https:\/\/www.hginstrument.com\/wp-content\/uploads\/2021\/07\/hluc-1.jpg\" alt=\"Can the measurement results of the pest control flow meter be output and recorded remotely?\" \/><\/p>\n<\/div>\n<div id=\"16\">\n<p><strong>16.About pest control flow meter MOQ<\/strong><\/p>\n<p>A quantidade m\u00ednima de encomenda (MOQ) para um medidor de caudal depender\u00e1 do tipo de medidor de caudal e do fabricante. Geralmente, a MOQ para um medidor de caudal situa-se entre 1 e 10 unidades, mas pode variar consoante o fabricante e o tipo de medidor de caudal.<\/p>\n<\/div>\n<p>&nbsp;<\/p>\n<p>Etiqueta\uff1a<a href=\"\/pt\/magnetic-flow-meter\/magnetic-inductive-flow-meter\/\">magnetic inductive flow meter<\/a>,<a href=\"\/pt\/magnetic-flow-meter\/electronic-water-flow-meter\/\">medidor eletr\u00f3nico de caudal de \u00e1gua<\/a>,<a href=\"\/pt\/magnetic-flow-meter\/air-flow-meter-for-compressed-air\/\">caudal\u00edmetro para ar comprimido<\/a>,<a href=\"\/pt\/magnetic-flow-meter\/gas-flow-meter-types\/\">tipos de caudal\u00edmetros de g\u00e1s<\/a>,<a href=\"\/pt\/magnetic-flow-meter\/ultrasonic-natural-gas-flow-meter\/\">caudal\u00edmetro ultrass\u00f3nico de g\u00e1s natural<\/a><\/p>\n<p>&nbsp;<\/p>","protected":false},"excerpt":{"rendered":"<p><strong>Dados t\u00e9cnicos<\/strong><br \/>\nPode servir fluidos l\u00edquidos ou gasosos, sendo normalmente utilizado para medir o caudal de vapor, vapor, ar e g\u00e1s natural.<br \/>\nTamanho do contador: Tipo em linha: DN25 - DN300<br \/>\nOp\u00e7\u00e3o de material h\u00famido: SS304, SS316<br \/>\nTemperatura de funcionamento: \u2264250\u2103<br \/>\nLiga\u00e7\u00e3o ao processo: Wafer \/ Flange \/ Tri-clamp para o tipo In-line<br \/>\nPrecis\u00e3o de medi\u00e7\u00e3o: 1,0 % - 1,5% do intervalo de calibra\u00e7\u00e3o<br \/>\nIndicador digital: apresenta o caudal instant\u00e2neo e o caudal total<br \/>\nFonte de alimenta\u00e7\u00e3o: 24VDC, Sa\u00edda: 4-20mA<\/p>\n<p><strong>caracter\u00edsticas<\/strong><br \/>\n1. pontos de regula\u00e7\u00e3o ON\/OFF ajust\u00e1veis<br \/>\n2. modo de alarme de caudal alto ou baixo<br \/>\n3. tempo de atraso ajust\u00e1vel<br \/>\n4. LED de estado do rel\u00e9<\/p>","protected":false},"featured_media":3691,"comment_status":"closed","ping_status":"closed","template":"","meta":[],"product_cat":[2372],"product_tag":[],"acf":[],"_links":{"self":[{"href":"https:\/\/www.hginstrument.com\/pt\/wp-json\/wp\/v2\/product\/5774"}],"collection":[{"href":"https:\/\/www.hginstrument.com\/pt\/wp-json\/wp\/v2\/product"}],"about":[{"href":"https:\/\/www.hginstrument.com\/pt\/wp-json\/wp\/v2\/types\/product"}],"replies":[{"embeddable":true,"href":"https:\/\/www.hginstrument.com\/pt\/wp-json\/wp\/v2\/comments?post=5774"}],"wp:featuredmedia":[{"embeddable":true,"href":"https:\/\/www.hginstrument.com\/pt\/wp-json\/wp\/v2\/media\/3691"}],"wp:attachment":[{"href":"https:\/\/www.hginstrument.com\/pt\/wp-json\/wp\/v2\/media?parent=5774"}],"wp:term":[{"taxonomy":"product_cat","embeddable":true,"href":"https:\/\/www.hginstrument.com\/pt\/wp-json\/wp\/v2\/product_cat?post=5774"},{"taxonomy":"product_tag","embeddable":true,"href":"https:\/\/www.hginstrument.com\/pt\/wp-json\/wp\/v2\/product_tag?post=5774"}],"curies":[{"name":"wp","href":"https:\/\/api.w.org\/{rel}","templated":true}]}}