{"id":5796,"date":"2023-12-24T20:14:12","date_gmt":"2023-12-24T12:14:12","guid":{"rendered":"https:\/\/www.hginstrument.com\/?post_type=product&#038;p=5796"},"modified":"2023-12-28T09:23:19","modified_gmt":"2023-12-28T01:23:19","slug":"portable-natural-gas-flow-meter","status":"publish","type":"product","link":"https:\/\/www.hginstrument.com\/pt\/magnetic-flow-meter\/portable-natural-gas-flow-meter\/","title":{"rendered":"medidor de caudal de g\u00e1s natural port\u00e1til"},"content":{"rendered":"<p>O medidor de caudal de g\u00e1s natural port\u00e1til \u00e9 um dispositivo altamente fi\u00e1vel e preciso utilizado para medir o caudal de l\u00edquidos e gases em v\u00e1rias aplica\u00e7\u00f5es industriais e comerciais. Foi concebido com tecnologia avan\u00e7ada e componentes de alta qualidade, o que o torna dur\u00e1vel e resistente a factores externos, como altera\u00e7\u00f5es de temperatura e press\u00e3o.<\/p>\n<p>O medidor de caudal de g\u00e1s natural port\u00e1til est\u00e1 equipado com sensores de alta precis\u00e3o capazes de captar as mais pequenas flutua\u00e7\u00f5es no tr\u00e1fego. A sua elevada precis\u00e3o e repetibilidade tornam-no ideal para utiliza\u00e7\u00e3o em sectores como o petr\u00f3leo e o g\u00e1s, produtos qu\u00edmicos, alimentos e bebidas, tratamento de \u00e1gua, ind\u00fastria aeroespacial e muito mais.<\/p>\n<p>O medidor de caudal de g\u00e1s natural port\u00e1til \u00e9 altamente vers\u00e1til e pode ser configurado para medir uma vasta gama de tipos de fluidos e caudais. Tamb\u00e9m oferece v\u00e1rias op\u00e7\u00f5es de sa\u00edda, incluindo anal\u00f3gica, digital e de impulsos, tornando-o compat\u00edvel com uma variedade de sistemas e dispositivos de controlo.<\/p>\n<p>&nbsp;<\/p>\n<table class=\"table table-bordered\">\n<tbody>\n<tr>\n<td><span style=\"vertical-align: inherit;\"><span style=\"vertical-align: inherit;\">Tipo\uff1a<\/span><\/span><\/td>\n<td><span style=\"vertical-align: inherit;\">medidor de caudal de g\u00e1s natural port\u00e1til<\/span><\/td>\n<td><span style=\"vertical-align: inherit;\"><span style=\"vertical-align: inherit;\">Sinal de sa\u00edda\uff1a<\/span><\/span><\/td>\n<td><span style=\"vertical-align: inherit;\"><span style=\"vertical-align: inherit;\">4-17mA, Impulso\/Frequ\u00eancia 2kHz(Predefini\u00e7\u00e3o), 5KHz(M\u00e1x.)<\/span><\/span><\/td>\n<\/tr>\n<tr>\n<td><span style=\"vertical-align: inherit;\"><span style=\"vertical-align: inherit;\">Local de origem\uff1a<\/span><\/span><\/td>\n<td><span style=\"vertical-align: inherit;\"><span style=\"vertical-align: inherit;\">Jiangsu\uff0cChina<\/span><\/span><\/td>\n<td><span style=\"vertical-align: inherit;\"><span style=\"vertical-align: inherit;\">Incorporar tipo\uff1a<\/span><\/span><\/td>\n<td><span style=\"vertical-align: inherit;\"><span style=\"vertical-align: inherit;\">-10\u2103- +54\u2103<\/span><\/span><\/td>\n<\/tr>\n<tr>\n<td><span style=\"vertical-align: inherit;\"><span style=\"vertical-align: inherit;\">Garantia\uff1a<\/span><\/span><\/td>\n<td><span style=\"vertical-align: inherit;\"><span style=\"vertical-align: inherit;\">24 meses<\/span><\/span><\/td>\n<td><span style=\"vertical-align: inherit;\"><span style=\"vertical-align: inherit;\">Tens\u00e3o de alimenta\u00e7\u00e3o\uff1a<\/span><\/span><\/td>\n<td><span style=\"vertical-align: inherit;\"><span style=\"vertical-align: inherit;\">110\/220VAC (100-240VAC), 50Hz\/60Hz; 24VDC\u00b110%<\/span><\/span><\/td>\n<\/tr>\n<tr>\n<td><span style=\"vertical-align: inherit;\"><span style=\"vertical-align: inherit;\">Suporte personalizado\uff1a<\/span><\/span><\/td>\n<td><span style=\"vertical-align: inherit;\"><span style=\"vertical-align: inherit;\">OEM, ODM, OBM<\/span><\/span><\/td>\n<td><span style=\"vertical-align: inherit;\"><span style=\"vertical-align: inherit;\">Comunica\u00e7\u00e3o digital\uff1a<\/span><\/span><\/td>\n<td><span style=\"vertical-align: inherit;\"><span style=\"vertical-align: inherit;\">RS-485, suporta o protocolo padr\u00e3o Mudbugs-RTU; GPRS<\/span><\/span><\/td>\n<\/tr>\n<tr>\n<td><span style=\"vertical-align: inherit;\"><span style=\"vertical-align: inherit;\">Nome da marca\uff1a<\/span><\/span><\/td>\n<td><span style=\"vertical-align: inherit;\"><span style=\"vertical-align: inherit;\">GRUPO SUYI<\/span><\/span><\/td>\n<td><span style=\"vertical-align: inherit;\"><span style=\"vertical-align: inherit;\">Press\u00e3o nominal\uff1a<\/span><\/span><\/td>\n<td><span style=\"vertical-align: inherit;\"><span style=\"vertical-align: inherit;\">1MPa (DN15-DN800), 1,6MPa (DN15-DN800), 2,5MPa (DN15-DN600)<\/span><\/span><\/td>\n<\/tr>\n<tr>\n<td><span style=\"vertical-align: inherit;\"><span style=\"vertical-align: inherit;\">N\u00famero do modelo\uff1a<\/span><\/span><\/td>\n<td><span style=\"vertical-align: inherit;\"><span style=\"vertical-align: inherit;\">outros<\/span><\/span><\/td>\n<td><span style=\"vertical-align: inherit;\"><span style=\"vertical-align: inherit;\">Sensor\uff1a<\/span><\/span><\/td>\n<td><span style=\"vertical-align: inherit;\"><span style=\"vertical-align: inherit;\">0\u2103- +80\u2103 ou -25\u2103- +120\u2103 ou +70\u2103- +250\u2103<\/span><\/span><\/td>\n<\/tr>\n<tr>\n<td><span style=\"vertical-align: inherit;\"><span style=\"vertical-align: inherit;\">Nome do produto\uff1a<\/span><\/span><\/td>\n<td><span style=\"vertical-align: inherit;\"><span style=\"vertical-align: inherit;\">Medidor de caudal de \u00e1gua qu\u00edmica digital inteligente eletromagn\u00e9tico<\/span><\/span><\/td>\n<td><span style=\"vertical-align: inherit;\"><span style=\"vertical-align: inherit;\">Detalhes da embalagem\uff1a<\/span><\/span><\/td>\n<td><span style=\"vertical-align: inherit;\"><span style=\"vertical-align: inherit;\">1 conjunto por embalagem ou conforme o pedido do cliente<\/span><\/span><\/td>\n<\/tr>\n<tr>\n<td><span style=\"vertical-align: inherit;\"><span style=\"vertical-align: inherit;\">Di\u00e2metro nominal\uff1a<\/span><\/span><\/td>\n<td><span style=\"vertical-align: inherit;\"><span style=\"vertical-align: inherit;\">3-3260mm<\/span><\/span><\/td>\n<td><span style=\"vertical-align: inherit;\"><span style=\"vertical-align: inherit;\">Capacidade de fornecimento\uff1a<\/span><\/span><\/td>\n<td><span style=\"vertical-align: inherit;\"><span style=\"vertical-align: inherit;\">1609 conjuntos\/conjuntos por m\u00eas<\/span><\/span><\/td>\n<\/tr>\n<tr>\n<td><span style=\"vertical-align: inherit;\"><span style=\"vertical-align: inherit;\">gama de velocidades\uff1a<\/span><\/span><\/td>\n<td><span style=\"vertical-align: inherit;\"><span style=\"vertical-align: inherit;\">0-8m\/s<\/span><\/span><\/td>\n<td><span style=\"vertical-align: inherit;\"><span style=\"vertical-align: inherit;\">Quantidade (conjuntos)\uff1a<\/span><\/span><\/td>\n<td><span style=\"vertical-align: inherit;\"><span style=\"vertical-align: inherit;\">&gt; 30<\/span><\/span><\/td>\n<\/tr>\n<tr>\n<td><span style=\"vertical-align: inherit;\"><span style=\"vertical-align: inherit;\">Grau de precis\u00e3o\uff1a<\/span><\/span><\/td>\n<td><span style=\"vertical-align: inherit;\"><span style=\"vertical-align: inherit;\">\u00b10,5%R, \u00b11%R ( &lt; DN20)<\/span><\/span><\/td>\n<td><span style=\"vertical-align: inherit;\"><span style=\"vertical-align: inherit;\">Prazo de execu\u00e7\u00e3o (dias)\uff1a<\/span><\/span><\/td>\n<td><span style=\"vertical-align: inherit;\"><span style=\"vertical-align: inherit;\">A ser negociado<\/span><\/span><\/td>\n<\/tr>\n<\/tbody>\n<\/table>\n<p>&nbsp;<\/p>\n<p><strong><\/strong><\/p>\n<p style=\"text-align:center;\"><img src=\"https:\/\/www.hginstrument.com\/wp-content\/uploads\/2021\/07\/in-line-pipeline-type-hgd-electromagnetic-flow-meter.jpg\" atl=\"portable natural gas flow meter\" title=\"medidor de caudal de g\u00e1s natural port\u00e1til\"><\/p>\n<p><strong><\/strong><\/p>\n<p style=\"text-align:center;\"><img src=\"https:\/\/www.hginstrument.com\/wp-content\/uploads\/2021\/07\/insertion-01.jpg\" atl=\"portable natural gas flow meter\" title=\"medidor de caudal de g\u00e1s natural port\u00e1til\"><\/p>\n<p><strong><\/strong><\/p>\n<p style=\"text-align:center;\"><img src=\"https:\/\/www.hginstrument.com\/wp-content\/uploads\/2021\/07\/sanitary-mag-1.jpg\" atl=\"portable natural gas flow meter\" title=\"medidor de caudal de g\u00e1s natural port\u00e1til\"><\/p>\n<p><strong>Guia de perguntas frequentes sobre o medidor de caudal de g\u00e1s natural port\u00e1til.<\/p>\n<p>No cora\u00e7\u00e3o da nossa s\u00e9rie de medidores de caudal de g\u00e1s natural port\u00e1teis est\u00e1 um compromisso com a excel\u00eancia, combinando tecnologia avan\u00e7ada de sensores com interfaces de f\u00e1cil utiliza\u00e7\u00e3o. Do l\u00edquido ao g\u00e1s, os nossos medidores proporcionam uma precis\u00e3o sem paralelo, permitindo-lhe tomar decis\u00f5es informadas e simplificar as opera\u00e7\u00f5es. \u00c0 medida que inauguramos uma nova era de medi\u00e7\u00e3o de fluidos, convidamo-lo a explorar as possibilidades ilimitadas que os nossos caudal\u00edmetros port\u00e1teis de g\u00e1s natural abrem - onde a precis\u00e3o encontra o desempenho e a inova\u00e7\u00e3o flui sem problemas.<\/strong><\/p>\n<div style=\"border:3px solid #f89900;margin:20px 0;padding:20px;\"><a href=\"\/pt\/portable-natural-gas-flow-meter\/#01\">1.Sobre a capacidade de produ\u00e7\u00e3o do medidor de fluxo de g\u00e1s natural port\u00e1til<\/a><br \/><a href=\"\/pt\/portable-natural-gas-flow-meter\/#02\">2.Sobre a tecnologia do medidor de caudal de g\u00e1s natural port\u00e1til<\/a><br \/><a href=\"\/pt\/portable-natural-gas-flow-meter\/#03\">3. o medidor de caudal de g\u00e1s natural port\u00e1til \u00e9 \u00e0 prova de \u00e1gua?<\/a><br \/><a href=\"\/pt\/portable-natural-gas-flow-meter\/#04\">4. sobre a escala da f\u00e1brica de medidor de fluxo de g\u00e1s natural port\u00e1til<\/a><br \/><a href=\"\/pt\/portable-natural-gas-flow-meter\/#05\">5.Sobre a forma\u00e7\u00e3o em compet\u00eancias de produ\u00e7\u00e3o de caudal\u00edmetros port\u00e1teis de g\u00e1s natural<\/a><br \/><a href=\"\/pt\/portable-natural-gas-flow-meter\/#06\">6. medidor de fluxo de g\u00e1s natural port\u00e1til tem fun\u00e7\u00e3o de monitoramento em tempo real?<\/a><br \/><a href=\"\/pt\/portable-natural-gas-flow-meter\/#07\">7.Sobre a patente do medidor de caudal de g\u00e1s natural port\u00e1til<\/a><br \/><a href=\"\/pt\/portable-natural-gas-flow-meter\/#08\">8.About medidor de fluxo de g\u00e1s natural port\u00e1til origem<\/a><br \/><a href=\"\/pt\/portable-natural-gas-flow-meter\/#09\">9. o desempenho \u00e0 prova de explos\u00e3o do medidor de fluxo de g\u00e1s natural port\u00e1til atende aos padr\u00f5es relevantes?<\/a><br \/><a href=\"\/pt\/portable-natural-gas-flow-meter\/#010\">10. qual \u00e9 a faixa de medi\u00e7\u00e3o do medidor de fluxo de g\u00e1s natural port\u00e1til?<\/a><br \/><a href=\"\/pt\/portable-natural-gas-flow-meter\/#11\">11. quais s\u00e3o as caracter\u00edsticas do medidor de caudal de g\u00e1s natural port\u00e1til?<\/a><br \/><a href=\"\/pt\/portable-natural-gas-flow-meter\/#12\">12. como \u00e9 que o medidor de caudal de g\u00e1s natural port\u00e1til detecta as propriedades do fluido alvo?<\/a><br \/><a href=\"\/pt\/portable-natural-gas-flow-meter\/#13\">13.Sobre o medidor de caudal de g\u00e1s natural port\u00e1til data de entrega<\/a><br \/><a href=\"\/pt\/portable-natural-gas-flow-meter\/#14\">14. qual \u00e9 a classifica\u00e7\u00e3o \u00e0 prova de explos\u00e3o do medidor de fluxo de g\u00e1s natural port\u00e1til?<\/a><\/div>\n<div name=\"01\" id=\"01\">\n<p><strong>1.Sobre a capacidade de produ\u00e7\u00e3o do medidor de fluxo de g\u00e1s natural port\u00e1til<\/strong><\/p>\n<p>A capacidade de produ\u00e7\u00e3o de medidores de caudal depende do tipo de medidor de caudal que est\u00e1 a ser produzido. Geralmente, a capacidade de produ\u00e7\u00e3o \u00e9 determinada pela dimens\u00e3o da instala\u00e7\u00e3o de produ\u00e7\u00e3o, pelo n\u00famero de m\u00e1quinas e pessoal dispon\u00edvel e pelo tipo de medidor de caudal que est\u00e1 a ser produzido. Por exemplo, uma instala\u00e7\u00e3o de produ\u00e7\u00e3o especializada na produ\u00e7\u00e3o de caudal\u00edmetros de turbina pode ter uma capacidade de produ\u00e7\u00e3o superior \u00e0 de uma instala\u00e7\u00e3o que produz caudal\u00edmetros ultra-s\u00f3nicos. Al\u00e9m disso, a capacidade de produ\u00e7\u00e3o de uma instala\u00e7\u00e3o pode ser afetada pela complexidade do medidor de caudal que est\u00e1 a ser produzido, bem como pela disponibilidade de mat\u00e9rias-primas e componentes.<\/p>\n<\/div>\n<div name=\"02\" id=\"02\">\n<p><strong>2.Sobre a tecnologia do medidor de caudal de g\u00e1s natural port\u00e1til<\/strong><\/p>\n<p>A tecnologia de medidores de caudal \u00e9 um tipo de tecnologia de medi\u00e7\u00e3o utilizada para medir o caudal de um fluido ou g\u00e1s. \u00c9 utilizada numa variedade de ind\u00fastrias, incluindo petr\u00f3leo e g\u00e1s, \u00e1gua e \u00e1guas residuais, e processamento qu\u00edmico. Os medidores de caudal medem o caudal de um fluido ou g\u00e1s atrav\u00e9s da medi\u00e7\u00e3o da press\u00e3o, velocidade ou outras propriedades f\u00edsicas do fluido ou g\u00e1s. Os medidores de caudal podem ser utilizados para medir o caudal de l\u00edquidos, gases e vapor. S\u00e3o utilizados para medir o caudal de uma variedade de fluidos, incluindo \u00e1gua, \u00f3leo e produtos qu\u00edmicos. Os medidores de caudal s\u00e3o utilizados numa variedade de aplica\u00e7\u00f5es, incluindo o controlo de processos, a gest\u00e3o de energia e a monitoriza\u00e7\u00e3o da seguran\u00e7a.<\/p>\n<p><img src=\"https:\/\/www.hginstrument.com\/wp-content\/uploads\/2021\/07\/hluc-1.jpg\" alt=\"Sobre a tecnologia dos medidores de caudal de g\u00e1s natural port\u00e1teis\" title=\"Sobre a tecnologia dos medidores de caudal de g\u00e1s natural port\u00e1teis\" style=\"max-width: 100%;\"><\/div>\n<div name=\"03\" id=\"03\">\n<p><strong>3. o medidor de caudal de g\u00e1s natural port\u00e1til \u00e9 \u00e0 prova de \u00e1gua?<\/strong><\/p>\n<p>Concentramo-nos nas necessidades dos nossos clientes e esfor\u00e7amo-nos por satisfazer as suas expectativas, pelo que levamos isto muito a s\u00e9rio.<br \/>\nN\u00e3o, a maioria dos medidores de caudal n\u00e3o s\u00e3o \u00e0 prova de \u00e1gua. No entanto, alguns modelos podem ser concebidos para serem resistentes \u00e0 \u00e1gua ou \u00e0 prova de \u00e1gua. \u00c9 importante verificar as especifica\u00e7\u00f5es do medidor de caudal para determinar se \u00e9 adequado para utiliza\u00e7\u00e3o em ambientes h\u00famidos ou molhados.<\/p>\n<\/div>\n<div name=\"04\" id=\"04\">\n<p><strong>4. sobre a escala da f\u00e1brica de medidor de fluxo de g\u00e1s natural port\u00e1til<\/strong><\/p>\n<p>As f\u00e1bricas de medidores de caudal variam em tamanho e \u00e2mbito, dependendo do tipo de medidores de caudal que produzem. Algumas f\u00e1bricas podem especializar-se na produ\u00e7\u00e3o de um \u00fanico tipo de medidor de caudal, enquanto outras podem produzir uma variedade de tipos diferentes. Algumas f\u00e1bricas podem ser grandes, com centenas de empregados, enquanto outras podem ser pequenas, com apenas alguns empregados. A dimens\u00e3o da f\u00e1brica tamb\u00e9m depender\u00e1 do tipo de caudal\u00edmetros que produz, bem como da procura desses caudal\u00edmetros.<\/p>\n<p><img src=\"https:\/\/www.hginstrument.com\/wp-content\/uploads\/2021\/07\/wedge-1.jpg\" alt=\"Sobre a escala da f\u00e1brica de medidores de caudal de g\u00e1s natural port\u00e1teis\" title=\"Sobre a escala da f\u00e1brica de medidores de caudal de g\u00e1s natural port\u00e1teis\" style=\"max-width: 100%;\"><\/div>\n<div name=\"05\" id=\"05\">\n<p><strong>5.Sobre a forma\u00e7\u00e3o em compet\u00eancias de produ\u00e7\u00e3o de caudal\u00edmetros port\u00e1teis de g\u00e1s natural<\/strong><\/p>\n<p>A forma\u00e7\u00e3o em compet\u00eancias de produ\u00e7\u00e3o de caudal\u00edmetros foi concebida para ensinar aos t\u00e9cnicos e engenheiros as compet\u00eancias necess\u00e1rias para produzir e manter caudal\u00edmetros. A forma\u00e7\u00e3o abrange t\u00f3picos como os princ\u00edpios da medi\u00e7\u00e3o de caudal, os tipos de caudal\u00edmetros dispon\u00edveis, a instala\u00e7\u00e3o e manuten\u00e7\u00e3o de caudal\u00edmetros e t\u00e9cnicas de resolu\u00e7\u00e3o de problemas. A forma\u00e7\u00e3o tamb\u00e9m abrange a utiliza\u00e7\u00e3o de software inform\u00e1tico para analisar e interpretar dados de caudal. A forma\u00e7\u00e3o \u00e9 normalmente realizada em sala de aula e pode incluir actividades pr\u00e1ticas.<\/p>\n<\/div>\n<div name=\"06\" id=\"06\">\n<p><strong>6. medidor de fluxo de g\u00e1s natural port\u00e1til tem fun\u00e7\u00e3o de monitoramento em tempo real?<\/strong><\/p>\n<p>Sim, alguns medidores de caudal t\u00eam fun\u00e7\u00f5es de monitoriza\u00e7\u00e3o em tempo real. Estes medidores est\u00e3o normalmente equipados com sensores que medem o caudal e transmitem os dados para um sistema de monitoriza\u00e7\u00e3o. Isto permite a monitoriza\u00e7\u00e3o em tempo real do caudal e de outros par\u00e2metros.<\/p>\n<p><img src=\"https:\/\/www.hginstrument.com\/wp-content\/uploads\/2021\/07\/dsrt-1.jpg\" alt=\"O medidor de caudal de g\u00e1s natural port\u00e1til tem uma fun\u00e7\u00e3o de monitoriza\u00e7\u00e3o em tempo real?\" title=\"O medidor de caudal de g\u00e1s natural port\u00e1til tem uma fun\u00e7\u00e3o de monitoriza\u00e7\u00e3o em tempo real?\" style=\"max-width: 100%;\"><\/div>\n<div name=\"07\" id=\"07\">\n<p><strong>7.Sobre a patente do medidor de caudal de g\u00e1s natural port\u00e1til<\/strong><\/p>\n<p>As patentes de caudal\u00edmetros s\u00e3o patentes que abrangem a conce\u00e7\u00e3o e o funcionamento de caudal\u00edmetros. Os medidores de caudal s\u00e3o dispositivos utilizados para medir o caudal de um l\u00edquido ou g\u00e1s. Os medidores de caudal s\u00e3o utilizados numa variedade de ind\u00fastrias, incluindo o tratamento de \u00e1gua e de \u00e1guas residuais, petr\u00f3leo e g\u00e1s e processamento qu\u00edmico. Os medidores de caudal s\u00e3o utilizados para medir o caudal de um fluido, o volume total de um fluido e a press\u00e3o de um fluido. Os medidores de caudal podem ser mec\u00e2nicos, el\u00e9ctricos ou \u00f3pticos. Os medidores de caudal podem ser utilizados para medir o caudal de l\u00edquidos, gases e vapor.<\/p>\n<\/div>\n<div name=\"08\" id=\"08\">\n<p><strong>8.About medidor de fluxo de g\u00e1s natural port\u00e1til origem<\/strong><\/p>\n<p>O primeiro medidor de caudal foi inventado em 1832 por um ingl\u00eas chamado William Henry. Ele desenvolveu um dispositivo que utilizava um flutuador para medir o caudal de \u00e1gua num tubo. Este dispositivo foi o primeiro do seu g\u00e9nero e foi o precursor dos medidores de caudal modernos. Desde ent\u00e3o, os medidores de caudal t\u00eam sido utilizados numa variedade de ind\u00fastrias para medir o caudal de l\u00edquidos, gases e outros materiais. Atualmente, os medidores de caudal s\u00e3o utilizados numa variedade de aplica\u00e7\u00f5es, desde a medi\u00e7\u00e3o do caudal de \u00e1gua num tubo at\u00e9 \u00e0 medi\u00e7\u00e3o do caudal de petr\u00f3leo numa refinaria.<\/p>\n<p><img src=\"https:\/\/www.hginstrument.com\/wp-content\/uploads\/2021\/07\/wall-mount-1f.jpg\" alt=\"Sobre a origem do medidor de caudal de g\u00e1s natural port\u00e1til\" title=\"Sobre a origem do medidor de caudal de g\u00e1s natural port\u00e1til\" style=\"max-width: 100%;\"><\/div>\n<div name=\"09\" id=\"09\">\n<p><strong>9. o desempenho \u00e0 prova de explos\u00e3o do medidor de fluxo de g\u00e1s natural port\u00e1til atende aos padr\u00f5es relevantes?<\/strong><\/p>\n<p>Sim, o desempenho \u00e0 prova de explos\u00e3o do medidor de caudal cumpre as normas relevantes. O medidor de caudal deve ser certificado por um organismo de certifica\u00e7\u00e3o reconhecido para garantir que cumpre os requisitos das normas relevantes.<\/p>\n<\/div>\n<div name=\"010\" id=\"010\">\n<p><strong>10. qual \u00e9 a faixa de medi\u00e7\u00e3o do medidor de fluxo de g\u00e1s natural port\u00e1til?<\/strong><\/p>\n<p>Actualizamos continuamente as nossas compet\u00eancias e conhecimentos para nos adaptarmos \u00e0s novas necessidades do mercado de medidores de caudal de g\u00e1s natural port\u00e1teis.<br \/>\nA gama de medi\u00e7\u00e3o de um medidor de caudal depende do tipo de medidor de caudal utilizado. Geralmente, a gama de medi\u00e7\u00e3o de um medidor de caudal pode variar entre 0,01 e 1000 litros por minuto.<\/p>\n<p><img src=\"https:\/\/www.hginstrument.com\/wp-content\/uploads\/2021\/07\/mdp310-fc3-3.jpg\" alt=\"Qual \u00e9 a gama de medi\u00e7\u00e3o do medidor de caudal de g\u00e1s natural port\u00e1til?\" title=\"Qual \u00e9 a gama de medi\u00e7\u00e3o do medidor de caudal de g\u00e1s natural port\u00e1til?\" style=\"max-width: 100%;\"><\/div>\n<div name=\"11\" id=\"11\">\n<p><strong>11. quais s\u00e3o as caracter\u00edsticas do medidor de caudal de g\u00e1s natural port\u00e1til?<\/strong><\/p>\n<p>Estabelecemos parcerias est\u00e1veis e de longo prazo com os nossos fornecedores, pelo que temos grandes vantagens em termos de pre\u00e7o, custo e garantia de qualidade.<br \/>\n1. Precis\u00e3o: Os medidores de caudal devem ser capazes de medir com precis\u00e3o o caudal de um fluido.<\/p>\n<p>2. Gama: Os medidores de caudal devem ser capazes de medir uma vasta gama de caudais.<\/p>\n<p>3. Repetibilidade: Os medidores de caudal devem ser capazes de medir consistentemente o mesmo caudal ao longo do tempo.<\/p>\n<p>4. Tempo de resposta: Os medidores de caudal devem ser capazes de responder rapidamente a altera\u00e7\u00f5es no caudal.<\/p>\n<p>5. Durabilidade: Os caudal\u00edmetros devem ser capazes de suportar as condi\u00e7\u00f5es adversas do ambiente em que s\u00e3o utilizados.<\/p>\n<p>6. Custo: Os caudal\u00edmetros devem ser econ\u00f3micos para a aplica\u00e7\u00e3o.<\/p>\n<\/div>\n<div name=\"12\" id=\"12\">\n<p><strong>12. como \u00e9 que o medidor de caudal de g\u00e1s natural port\u00e1til detecta as propriedades do fluido alvo?<\/strong><\/p>\n<p>Como um dos l\u00edderes do mercado de medidores port\u00e1teis de caudal de g\u00e1s natural, somos conhecidos pela inova\u00e7\u00e3o e fiabilidade.<br \/>\nOs medidores de caudal medem o caudal de um fluido atrav\u00e9s da dete\u00e7\u00e3o da velocidade do fluido. Normalmente, isto \u00e9 feito medindo a queda de press\u00e3o atrav\u00e9s de uma restri\u00e7\u00e3o conhecida no percurso do caudal, ou medindo a velocidade do fluido utilizando uma variedade de tecnologias como a ultra-s\u00f3nica, magn\u00e9tica ou t\u00e9rmica. O caudal pode ent\u00e3o ser utilizado para calcular as propriedades do fluido, como a densidade, a viscosidade e o caudal volum\u00e9trico.<\/p>\n<p><img src=\"https:\/\/www.hginstrument.com\/wp-content\/uploads\/2021\/07\/sanitary-mag-1.jpg\" alt=\"Como \u00e9 que o medidor de caudal de g\u00e1s natural port\u00e1til detecta as propriedades do fluido alvo?\" title=\"Como \u00e9 que o medidor de caudal de g\u00e1s natural port\u00e1til detecta as propriedades do fluido alvo?\" style=\"max-width: 100%;\"><\/div>\n<div name=\"13\" id=\"13\">\n<p><strong>13.Sobre o medidor de caudal de g\u00e1s natural port\u00e1til data de entrega<\/strong><\/p>\n<p>A data de entrega de um medidor de caudal depender\u00e1 do tipo de medidor de caudal, do fabricante e da disponibilidade do produto. Geralmente, a maioria dos medidores de caudal pode ser entregue no prazo de alguns dias a algumas semanas. No entanto, alguns caudal\u00edmetros especializados podem demorar mais tempo a ser entregues. \u00c9 melhor contactar diretamente o fabricante para obter uma data de entrega precisa.<\/p>\n<\/div>\n<div name=\"14\" id=\"14\">\n<p><strong>14. qual \u00e9 a classifica\u00e7\u00e3o \u00e0 prova de explos\u00e3o do medidor de fluxo de g\u00e1s natural port\u00e1til?<\/strong><\/p>\n<p>Os nossos produtos de medidor de fluxo de g\u00e1s natural port\u00e1til s\u00e3o submetidos a um rigoroso controlo de qualidade para garantir a satisfa\u00e7\u00e3o do cliente.<br \/>\nAs classifica\u00e7\u00f5es \u00e0 prova de explos\u00e3o para medidores de caudal variam consoante o tipo de medidor e a aplica\u00e7\u00e3o. Geralmente, os caudal\u00edmetros s\u00e3o classificados para a Classe I, Divis\u00e3o 1, Grupos C e D, ou Classe II, Divis\u00e3o 1, Grupos E, F e G.<\/p>\n<p><img src=\"https:\/\/www.hginstrument.com\/wp-content\/uploads\/2021\/07\/hls-2000h-m2.jpg\" alt=\"Qual \u00e9 a classifica\u00e7\u00e3o \u00e0 prova de explos\u00e3o do medidor de caudal de g\u00e1s natural port\u00e1til?\" title=\"Qual \u00e9 a classifica\u00e7\u00e3o \u00e0 prova de explos\u00e3o do medidor de caudal de g\u00e1s natural port\u00e1til?\" style=\"max-width: 100%;\"><\/div>\n<p>Etiqueta\uff1a<a href=\"\/pt\/magnetic-flow-meter\/fill-rite-flow-meter\/\">medidor de caudal fill rite<\/a>,<a href=\"\/pt\/magnetic-flow-meter\/mass-gas-flow-meter\/\">caudal\u00edmetro m\u00e1ssico de g\u00e1s<\/a>,<a href=\"\/pt\/magnetic-flow-meter\/liquid-propane-flow-meter\/\">medidor de caudal de propano l\u00edquido<\/a><\/p>\n<p><\/p>","protected":false},"excerpt":{"rendered":"<p><strong>Dados t\u00e9cnicos<\/strong><br \/>\nPode servir fluidos l\u00edquidos ou gasosos, sendo normalmente utilizado para medir o caudal de vapor, vapor, ar e g\u00e1s natural.<br \/>\nTamanho do contador: Tipo em linha: DN25 - DN300<br \/>\nOp\u00e7\u00e3o de material h\u00famido: SS304, SS316<br \/>\nTemperatura de funcionamento: \u2264250\u2103<br \/>\nLiga\u00e7\u00e3o ao processo: Wafer \/ Flange \/ Tri-clamp para o tipo In-line<br \/>\nPrecis\u00e3o de medi\u00e7\u00e3o: 1,0 % - 1,5% do intervalo de calibra\u00e7\u00e3o<br \/>\nIndicador digital: apresenta o caudal instant\u00e2neo e o caudal total<br \/>\nFonte de alimenta\u00e7\u00e3o: 24VDC, Sa\u00edda: 4-20mA<\/p>\n<p><strong>caracter\u00edsticas<\/strong><br \/>\n1. pontos de regula\u00e7\u00e3o ON\/OFF ajust\u00e1veis<br \/>\n2. modo de alarme de caudal alto ou baixo<br \/>\n3. tempo de atraso ajust\u00e1vel<br \/>\n4. LED de estado do rel\u00e9<\/p>","protected":false},"featured_media":3691,"comment_status":"closed","ping_status":"closed","template":"","meta":[],"product_cat":[2372],"product_tag":[],"acf":[],"_links":{"self":[{"href":"https:\/\/www.hginstrument.com\/pt\/wp-json\/wp\/v2\/product\/5796"}],"collection":[{"href":"https:\/\/www.hginstrument.com\/pt\/wp-json\/wp\/v2\/product"}],"about":[{"href":"https:\/\/www.hginstrument.com\/pt\/wp-json\/wp\/v2\/types\/product"}],"replies":[{"embeddable":true,"href":"https:\/\/www.hginstrument.com\/pt\/wp-json\/wp\/v2\/comments?post=5796"}],"wp:featuredmedia":[{"embeddable":true,"href":"https:\/\/www.hginstrument.com\/pt\/wp-json\/wp\/v2\/media\/3691"}],"wp:attachment":[{"href":"https:\/\/www.hginstrument.com\/pt\/wp-json\/wp\/v2\/media?parent=5796"}],"wp:term":[{"taxonomy":"product_cat","embeddable":true,"href":"https:\/\/www.hginstrument.com\/pt\/wp-json\/wp\/v2\/product_cat?post=5796"},{"taxonomy":"product_tag","embeddable":true,"href":"https:\/\/www.hginstrument.com\/pt\/wp-json\/wp\/v2\/product_tag?post=5796"}],"curies":[{"name":"wp","href":"https:\/\/api.w.org\/{rel}","templated":true}]}}