{"id":5808,"date":"2023-12-24T20:41:53","date_gmt":"2023-12-24T12:41:53","guid":{"rendered":"https:\/\/www.hginstrument.com\/?post_type=product&#038;p=5808"},"modified":"2023-12-28T09:08:45","modified_gmt":"2023-12-28T01:08:45","slug":"potable-water-flow-meter","status":"publish","type":"product","link":"https:\/\/www.hginstrument.com\/pt\/magnetic-flow-meter\/potable-water-flow-meter\/","title":{"rendered":"medidor de caudal de \u00e1gua pot\u00e1vel"},"content":{"rendered":"<p>Utilizando tecnologia avan\u00e7ada e componentes de alta qualidade, o medidor de caudal de \u00e1gua pot\u00e1vel oferece uma precis\u00e3o e fiabilidade sem paralelo. O seu design compacto permite uma instala\u00e7\u00e3o f\u00e1cil, tornando-o adequado para sistemas de tubagem novos e existentes. Com uma grande variedade de tamanhos e configura\u00e7\u00f5es dispon\u00edveis, o medidor de caudal de \u00e1gua pot\u00e1vel pode satisfazer as diversas necessidades de diferentes ind\u00fastrias.<\/p>\n<p>No cora\u00e7\u00e3o dos medidores de caudal de \u00e1gua pot\u00e1vel est\u00e1 a tecnologia que mede e regista o caudal, fornecendo leituras precisas e fi\u00e1veis. Existem diferentes tipos de medidores de caudal de \u00e1gua pot\u00e1vel, incluindo magn\u00e9ticos, ultra-s\u00f3nicos, coriolis e de turbina, cada um concebido para aplica\u00e7\u00f5es e tipos de fluidos espec\u00edficos.<\/p>\n<p>Um dos medidores de caudal de \u00e1gua pot\u00e1vel mais avan\u00e7ados e amplamente utilizados \u00e9 o medidor de caudal de \u00e1gua pot\u00e1vel eletromagn\u00e9tico. Funciona com base no princ\u00edpio da Lei de Faraday da Indu\u00e7\u00e3o Electromagn\u00e9tica e \u00e9 capaz de medir o caudal de fluidos condutores com uma precis\u00e3o e repetibilidade incr\u00edveis. \u00c9 adequado para uma variedade de fluidos, incluindo \u00e1gua, produtos qu\u00edmicos e lamas.<\/p>\n<p>&nbsp;<\/p>\n<table class=\"table table-bordered\">\n<tbody>\n<tr>\n<td><span style=\"vertical-align: inherit;\"><span style=\"vertical-align: inherit;\">Tipo\uff1a<\/span><\/span><\/td>\n<td><span style=\"vertical-align: inherit;\">medidor de caudal de \u00e1gua pot\u00e1vel<\/span><\/td>\n<td><span style=\"vertical-align: inherit;\"><span style=\"vertical-align: inherit;\">Sinal de sa\u00edda\uff1a<\/span><\/span><\/td>\n<td><span style=\"vertical-align: inherit;\"><span style=\"vertical-align: inherit;\">4-25mA, Impulso\/Frequ\u00eancia 2kHz(Predefini\u00e7\u00e3o), 5KHz(M\u00e1x.)<\/span><\/span><\/td>\n<\/tr>\n<tr>\n<td><span style=\"vertical-align: inherit;\"><span style=\"vertical-align: inherit;\">Local de origem\uff1a<\/span><\/span><\/td>\n<td><span style=\"vertical-align: inherit;\"><span style=\"vertical-align: inherit;\">Jiangsu\uff0cChina<\/span><\/span><\/td>\n<td><span style=\"vertical-align: inherit;\"><span style=\"vertical-align: inherit;\">Incorporar tipo\uff1a<\/span><\/span><\/td>\n<td><span style=\"vertical-align: inherit;\"><span style=\"vertical-align: inherit;\">-10\u2103- +53\u2103<\/span><\/span><\/td>\n<\/tr>\n<tr>\n<td><span style=\"vertical-align: inherit;\"><span style=\"vertical-align: inherit;\">Garantia\uff1a<\/span><\/span><\/td>\n<td><span style=\"vertical-align: inherit;\"><span style=\"vertical-align: inherit;\">13 meses<\/span><\/span><\/td>\n<td><span style=\"vertical-align: inherit;\"><span style=\"vertical-align: inherit;\">Tens\u00e3o de alimenta\u00e7\u00e3o\uff1a<\/span><\/span><\/td>\n<td><span style=\"vertical-align: inherit;\"><span style=\"vertical-align: inherit;\">110\/220VAC (100-240VAC), 50Hz\/60Hz; 24VDC\u00b110%<\/span><\/span><\/td>\n<\/tr>\n<tr>\n<td><span style=\"vertical-align: inherit;\"><span style=\"vertical-align: inherit;\">Suporte personalizado\uff1a<\/span><\/span><\/td>\n<td><span style=\"vertical-align: inherit;\"><span style=\"vertical-align: inherit;\">OEM, ODM, OBM<\/span><\/span><\/td>\n<td><span style=\"vertical-align: inherit;\"><span style=\"vertical-align: inherit;\">Comunica\u00e7\u00e3o digital\uff1a<\/span><\/span><\/td>\n<td><span style=\"vertical-align: inherit;\"><span style=\"vertical-align: inherit;\">RS-485, suporta o protocolo padr\u00e3o Mudbugs-RTU; GPRS<\/span><\/span><\/td>\n<\/tr>\n<tr>\n<td><span style=\"vertical-align: inherit;\"><span style=\"vertical-align: inherit;\">Nome da marca\uff1a<\/span><\/span><\/td>\n<td><span style=\"vertical-align: inherit;\"><span style=\"vertical-align: inherit;\">GRUPO SUYI<\/span><\/span><\/td>\n<td><span style=\"vertical-align: inherit;\"><span style=\"vertical-align: inherit;\">Press\u00e3o nominal\uff1a<\/span><\/span><\/td>\n<td><span style=\"vertical-align: inherit;\"><span style=\"vertical-align: inherit;\">1MPa (DN15-DN800), 1,6MPa (DN15-DN800), 2,5MPa (DN15-DN600)<\/span><\/span><\/td>\n<\/tr>\n<tr>\n<td><span style=\"vertical-align: inherit;\"><span style=\"vertical-align: inherit;\">N\u00famero do modelo\uff1a<\/span><\/span><\/td>\n<td><span style=\"vertical-align: inherit;\"><span style=\"vertical-align: inherit;\">outros<\/span><\/span><\/td>\n<td><span style=\"vertical-align: inherit;\"><span style=\"vertical-align: inherit;\">Sensor\uff1a<\/span><\/span><\/td>\n<td><span style=\"vertical-align: inherit;\"><span style=\"vertical-align: inherit;\">0\u2103- +80\u2103 ou -25\u2103- +120\u2103 ou +70\u2103- +250\u2103<\/span><\/span><\/td>\n<\/tr>\n<tr>\n<td><span style=\"vertical-align: inherit;\"><span style=\"vertical-align: inherit;\">Nome do produto\uff1a<\/span><\/span><\/td>\n<td><span style=\"vertical-align: inherit;\"><span style=\"vertical-align: inherit;\">Medidor de caudal de \u00e1gua qu\u00edmica digital inteligente eletromagn\u00e9tico<\/span><\/span><\/td>\n<td><span style=\"vertical-align: inherit;\"><span style=\"vertical-align: inherit;\">Detalhes da embalagem\uff1a<\/span><\/span><\/td>\n<td><span style=\"vertical-align: inherit;\"><span style=\"vertical-align: inherit;\">1 conjunto por embalagem ou conforme o pedido do cliente<\/span><\/span><\/td>\n<\/tr>\n<tr>\n<td><span style=\"vertical-align: inherit;\"><span style=\"vertical-align: inherit;\">Di\u00e2metro nominal\uff1a<\/span><\/span><\/td>\n<td><span style=\"vertical-align: inherit;\"><span style=\"vertical-align: inherit;\">3-2854mm<\/span><\/span><\/td>\n<td><span style=\"vertical-align: inherit;\"><span style=\"vertical-align: inherit;\">Capacidade de fornecimento\uff1a<\/span><\/span><\/td>\n<td><span style=\"vertical-align: inherit;\"><span style=\"vertical-align: inherit;\">1670 conjuntos\/conjuntos por m\u00eas<\/span><\/span><\/td>\n<\/tr>\n<tr>\n<td><span style=\"vertical-align: inherit;\"><span style=\"vertical-align: inherit;\">gama de velocidades\uff1a<\/span><\/span><\/td>\n<td><span style=\"vertical-align: inherit;\"><span style=\"vertical-align: inherit;\">0-13m\/s<\/span><\/span><\/td>\n<td><span style=\"vertical-align: inherit;\"><span style=\"vertical-align: inherit;\">Quantidade (conjuntos)\uff1a<\/span><\/span><\/td>\n<td><span style=\"vertical-align: inherit;\"><span style=\"vertical-align: inherit;\">&gt; 30<\/span><\/span><\/td>\n<\/tr>\n<tr>\n<td><span style=\"vertical-align: inherit;\"><span style=\"vertical-align: inherit;\">Grau de precis\u00e3o\uff1a<\/span><\/span><\/td>\n<td><span style=\"vertical-align: inherit;\"><span style=\"vertical-align: inherit;\">\u00b10,5%R, \u00b11%R ( &lt; DN20)<\/span><\/span><\/td>\n<td><span style=\"vertical-align: inherit;\"><span style=\"vertical-align: inherit;\">Prazo de execu\u00e7\u00e3o (dias)\uff1a<\/span><\/span><\/td>\n<td><span style=\"vertical-align: inherit;\"><span style=\"vertical-align: inherit;\">A ser negociado<\/span><\/span><\/td>\n<\/tr>\n<\/tbody>\n<\/table>\n<p>&nbsp;<\/p>\n<p><strong><\/strong><\/p>\n<p style=\"text-align:center;\"><img src=\"https:\/\/www.hginstrument.com\/wp-content\/uploads\/2021\/07\/in-line-pipeline-type-hgd-electromagnetic-flow-meter.jpg\" atl=\"potable water flow meter\" title=\"medidor de caudal de \u00e1gua pot\u00e1vel\"><\/p>\n<p><strong><\/strong><\/p>\n<p style=\"text-align:center;\"><img src=\"https:\/\/www.hginstrument.com\/wp-content\/uploads\/2021\/07\/insertion-01.jpg\" atl=\"potable water flow meter\" title=\"medidor de caudal de \u00e1gua pot\u00e1vel\"><\/p>\n<p><strong><\/strong><\/p>\n<p style=\"text-align:center;\"><img src=\"https:\/\/www.hginstrument.com\/wp-content\/uploads\/2021\/07\/sanitary-mag-1.jpg\" atl=\"potable water flow meter\" title=\"medidor de caudal de \u00e1gua pot\u00e1vel\"><\/p>\n<p><strong>Guia de perguntas frequentes sobre medidores de caudal de \u00e1gua pot\u00e1vel.<\/p>\n<p>No cora\u00e7\u00e3o da nossa s\u00e9rie de medidores de caudal de \u00e1gua pot\u00e1vel est\u00e1 um compromisso com a excel\u00eancia, combinando tecnologia avan\u00e7ada de sensores com interfaces de f\u00e1cil utiliza\u00e7\u00e3o. Do l\u00edquido ao g\u00e1s, os nossos medidores proporcionam uma precis\u00e3o sem paralelo, permitindo-lhe tomar decis\u00f5es informadas e otimizar as opera\u00e7\u00f5es. Ao inaugurarmos uma nova era de medi\u00e7\u00e3o de fluidos, convidamo-lo a explorar as possibilidades ilimitadas que os nossos medidores de caudal de \u00e1gua pot\u00e1vel abrem - onde a precis\u00e3o encontra o desempenho e a inova\u00e7\u00e3o flui sem problemas.<\/strong><\/p>\n<div style=\"border:3px solid #f89900;margin:20px 0;padding:20px;\"><a href=\"\/pt\/potable-water-flow-meter\/#01\">1.Sobre o sistema de gest\u00e3o da produ\u00e7\u00e3o de caudal\u00edmetros de \u00e1gua pot\u00e1vel<\/a><br \/><a href=\"\/pt\/potable-water-flow-meter\/#02\">2. o caudal\u00edmetro de \u00e1gua pot\u00e1vel tem capacidade de visualiza\u00e7\u00e3o em v\u00e1rios idiomas?<\/a><br \/><a href=\"\/pt\/potable-water-flow-meter\/#03\">3.Sobre a capacidade de produ\u00e7\u00e3o do medidor de caudal de \u00e1gua pot\u00e1vel<\/a><br \/><a href=\"\/pt\/potable-water-flow-meter\/#04\">4.Sobre o m\u00e9todo de pagamento do caudal\u00edmetro de \u00e1gua pot\u00e1vel<\/a><br \/><a href=\"\/pt\/potable-water-flow-meter\/#05\">5. para quais ind\u00fastrias o medidor de fluxo de \u00e1gua pot\u00e1vel \u00e9 adequado?<\/a><br \/><a href=\"\/pt\/potable-water-flow-meter\/#06\">6.Sobre o medidor de fluxo de \u00e1gua pot\u00e1vel MOQ<\/a><br \/><a href=\"\/pt\/potable-water-flow-meter\/#07\">7.Sobre os servi\u00e7os de personaliza\u00e7\u00e3o de medidores de caudal de \u00e1gua pot\u00e1vel<\/a><br \/><a href=\"\/pt\/potable-water-flow-meter\/#08\">8) Qual \u00e9 o tempo de resposta do medidor de caudal de \u00e1gua pot\u00e1vel?<\/a><br \/><a href=\"\/pt\/potable-water-flow-meter\/#09\">9. sobre o sistema de qualidade do medidor de caudal de \u00e1gua pot\u00e1vel<\/a><br \/><a href=\"\/pt\/potable-water-flow-meter\/#010\">10. o medidor de caudal de \u00e1gua pot\u00e1vel tem uma fun\u00e7\u00e3o de alarme autom\u00e1tico?<\/a><br \/><a href=\"\/pt\/potable-water-flow-meter\/#11\">11.Os resultados das medi\u00e7\u00f5es do medidor de caudal de \u00e1gua pot\u00e1vel podem ser emitidos e registados \u00e0 dist\u00e2ncia?<\/a><br \/><a href=\"\/pt\/potable-water-flow-meter\/#12\">12. qual \u00e9 a diferen\u00e7a entre o medidor de caudal de \u00e1gua pot\u00e1vel do grupo SUYI e o medidor de caudal de \u00e1gua pot\u00e1vel da Schneider Electric e o medidor de caudal de \u00e1gua pot\u00e1vel Badger Meter<\/a><br \/><a href=\"\/pt\/potable-water-flow-meter\/#13\">13. como calibrar um medidor de caudal de \u00e1gua pot\u00e1vel?<\/a><\/div>\n<div name=\"01\" id=\"01\">\n<p><strong>1.Sobre o sistema de gest\u00e3o da produ\u00e7\u00e3o de caudal\u00edmetros de \u00e1gua pot\u00e1vel<\/strong><\/p>\n<p>Um sistema de gest\u00e3o da produ\u00e7\u00e3o de caudal\u00edmetros \u00e9 uma solu\u00e7\u00e3o de software concebida para ajudar os fabricantes a gerir a produ\u00e7\u00e3o de caudal\u00edmetros. O sistema pode ser utilizado para acompanhar o processo de produ\u00e7\u00e3o do in\u00edcio ao fim, incluindo a encomenda de mat\u00e9rias-primas, a montagem de componentes e o teste e calibra\u00e7\u00e3o do produto acabado. O sistema tamb\u00e9m pode ser utilizado para monitorizar a qualidade do processo de produ\u00e7\u00e3o, garantindo que os medidores de caudal cumprem as normas exigidas. Al\u00e9m disso, o sistema pode ser utilizado para gerar relat\u00f3rios e analisar dados para ajudar os fabricantes a melhorar os seus processos de produ\u00e7\u00e3o.<\/p>\n<\/div>\n<div name=\"02\" id=\"02\">\n<p><strong>2. o caudal\u00edmetro de \u00e1gua pot\u00e1vel tem capacidade de visualiza\u00e7\u00e3o em v\u00e1rios idiomas?<\/strong><\/p>\n<p>Como um dos principais fabricantes de medidores de caudal de \u00e1gua pot\u00e1vel na China, levamos isto muito a s\u00e9rio.<br \/>\nSim, alguns medidores de caudal t\u00eam capacidades de visualiza\u00e7\u00e3o em v\u00e1rios idiomas. No entanto, esta funcionalidade n\u00e3o est\u00e1 dispon\u00edvel em todos os modelos. \u00c9 melhor verificar com o fabricante para ver se o modelo espec\u00edfico em que est\u00e1 interessado tem esta funcionalidade.<\/p>\n<\/div>\n<div name=\"03\" id=\"03\">\n<p><strong>3.Sobre a capacidade de produ\u00e7\u00e3o do medidor de caudal de \u00e1gua pot\u00e1vel<\/strong><\/p>\n<p>A capacidade de produ\u00e7\u00e3o de medidores de caudal depende do tipo de medidor de caudal que est\u00e1 a ser produzido. Geralmente, a capacidade de produ\u00e7\u00e3o \u00e9 determinada pela dimens\u00e3o da instala\u00e7\u00e3o de produ\u00e7\u00e3o, pelo n\u00famero de m\u00e1quinas e pessoal dispon\u00edvel e pelo tipo de medidor de caudal que est\u00e1 a ser produzido. Por exemplo, uma instala\u00e7\u00e3o de produ\u00e7\u00e3o especializada na produ\u00e7\u00e3o de caudal\u00edmetros de turbina pode ter uma capacidade de produ\u00e7\u00e3o superior \u00e0 de uma instala\u00e7\u00e3o que produz caudal\u00edmetros ultra-s\u00f3nicos. Al\u00e9m disso, a capacidade de produ\u00e7\u00e3o de uma instala\u00e7\u00e3o pode ser afetada pela complexidade do medidor de caudal que est\u00e1 a ser produzido, bem como pela disponibilidade de mat\u00e9rias-primas e componentes.<\/p>\n<p><img src=\"https:\/\/www.hginstrument.com\/wp-content\/uploads\/2021\/07\/hgrs-1.jpg\" alt=\"Sobre a capacidade de produ\u00e7\u00e3o do medidor de caudal de \u00e1gua pot\u00e1vel\" title=\"Sobre a capacidade de produ\u00e7\u00e3o do medidor de caudal de \u00e1gua pot\u00e1vel\" style=\"max-width: 100%;\"><\/div>\n<div name=\"04\" id=\"04\">\n<p><strong>4.Sobre o m\u00e9todo de pagamento do caudal\u00edmetro de \u00e1gua pot\u00e1vel<\/strong><\/p>\n<p>O pagamento com caudal\u00edmetro \u00e9 um m\u00e9todo de pagamento que utiliza um caudal\u00edmetro para medir a quantidade de energia utilizada por um cliente. O cliente paga a energia utilizada com base na quantidade de energia medida pelo medidor de caudal. Este m\u00e9todo de pagamento \u00e9 frequentemente utilizado em ambientes comerciais e industriais, onde o consumo de energia \u00e9 elevado e precisa de ser controlado com precis\u00e3o. O pagamento por caudal\u00edmetro tamb\u00e9m \u00e9 utilizado em alguns contextos residenciais, onde os clientes podem pagar a sua utiliza\u00e7\u00e3o de energia com base na quantidade de energia que utilizam.<\/p>\n<\/div>\n<div name=\"05\" id=\"05\">\n<p><strong>5. para quais ind\u00fastrias o medidor de fluxo de \u00e1gua pot\u00e1vel \u00e9 adequado?<\/strong><\/p>\n<p>Mantemos um certo montante de investimento em I&amp;D todos os anos e melhoramos continuamente a efici\u00eancia operacional para prestar melhores servi\u00e7os aos nossos clientes cooperativos.<br \/>\nOs medidores de caudal s\u00e3o adequados para uma vasta gama de ind\u00fastrias, incluindo petr\u00f3leo e g\u00e1s, \u00e1gua e \u00e1guas residuais, processamento qu\u00edmico, alimentos e bebidas, farmac\u00eautica, produ\u00e7\u00e3o de energia e AVAC.<\/p>\n<\/div>\n<div name=\"06\" id=\"06\">\n<p><strong>6.Sobre o medidor de fluxo de \u00e1gua pot\u00e1vel MOQ<\/strong><\/p>\n<p>A quantidade m\u00ednima de encomenda (MOQ) para um medidor de caudal depender\u00e1 do tipo de medidor de caudal e do fabricante. Geralmente, a MOQ para um medidor de caudal situa-se entre 1 e 10 unidades, mas pode variar consoante o fabricante e o tipo de medidor de caudal.<\/p>\n<p><img src=\"https:\/\/www.hginstrument.com\/wp-content\/uploads\/2021\/07\/wall-mount-1f.jpg\" alt=\"Sobre o medidor de caudal de \u00e1gua pot\u00e1vel MOQ\" title=\"Sobre o medidor de caudal de \u00e1gua pot\u00e1vel MOQ\" style=\"max-width: 100%;\"><\/div>\n<div name=\"07\" id=\"07\">\n<p><strong>7.Sobre os servi\u00e7os de personaliza\u00e7\u00e3o de medidores de caudal de \u00e1gua pot\u00e1vel<\/strong><\/p>\n<p>Os servi\u00e7os de personaliza\u00e7\u00e3o de caudal\u00edmetros s\u00e3o concebidos para fornecer aos clientes uma solu\u00e7\u00e3o \u00e0 medida das suas necessidades espec\u00edficas de medi\u00e7\u00e3o de caudal. Estes servi\u00e7os podem incluir a personaliza\u00e7\u00e3o do medidor de caudal para se adequar a uma aplica\u00e7\u00e3o espec\u00edfica, como um tamanho de tubo ou caudal espec\u00edfico, ou para cumprir um determinado requisito de precis\u00e3o. Os servi\u00e7os de personaliza\u00e7\u00e3o tamb\u00e9m podem incluir a modifica\u00e7\u00e3o do medidor de caudal para incluir caracter\u00edsticas adicionais, tais como um visor ou capacidades de registo de dados. Os servi\u00e7os de personaliza\u00e7\u00e3o de caudal\u00edmetros podem tamb\u00e9m incluir a instala\u00e7\u00e3o do caudal\u00edmetro, bem como o fornecimento de apoio t\u00e9cnico e manuten\u00e7\u00e3o.<\/p>\n<\/div>\n<div name=\"08\" id=\"08\">\n<p><strong>8) Qual \u00e9 o tempo de resposta do medidor de caudal de \u00e1gua pot\u00e1vel?<\/strong><\/p>\n<p>Estabelecemos parcerias est\u00e1veis e de longo prazo com os nossos fornecedores, pelo que temos grandes vantagens em termos de pre\u00e7o, custo e garantia de qualidade.<br \/>\nO tempo de resposta de um medidor de caudal pode variar consoante o tipo de medidor de caudal utilizado. Geralmente, o tempo de resposta de um medidor de caudal situa-se entre 0,1 e 1 segundo.<\/p>\n<\/div>\n<div name=\"09\" id=\"09\">\n<p><strong>9. sobre o sistema de qualidade do medidor de caudal de \u00e1gua pot\u00e1vel<\/strong><\/p>\n<p>Um sistema de qualidade de medidores de caudal \u00e9 um conjunto de processos e procedimentos que s\u00e3o utilizados para garantir que os medidores de caudal s\u00e3o fabricados e testados de forma a cumprirem os mais elevados padr\u00f5es de precis\u00e3o e fiabilidade. O sistema inclui medidas de controlo de qualidade, como a inspe\u00e7\u00e3o do material recebido, a inspe\u00e7\u00e3o durante o processo e o teste do produto final. Inclui tamb\u00e9m documenta\u00e7\u00e3o e manuten\u00e7\u00e3o de registos para garantir que todos os processos s\u00e3o seguidos e que quaisquer problemas s\u00e3o tratados de forma r\u00e1pida e eficaz. O sistema foi concebido para garantir que os medidores de caudal produzidos s\u00e3o da mais elevada qualidade e cumprem os requisitos do cliente.<\/p>\n<p><img src=\"https:\/\/www.hginstrument.com\/wp-content\/uploads\/2021\/07\/ltb-1.jpg\" alt=\"Sobre o sistema de qualidade do medidor de caudal de \u00e1gua pot\u00e1vel\" title=\"Sobre o sistema de qualidade do medidor de caudal de \u00e1gua pot\u00e1vel\" style=\"max-width: 100%;\"><\/div>\n<div name=\"010\" id=\"010\">\n<p><strong>10. o medidor de caudal de \u00e1gua pot\u00e1vel tem uma fun\u00e7\u00e3o de alarme autom\u00e1tico?<\/strong><\/p>\n<p>Aderimos ao princ\u00edpio da qualidade em primeiro lugar e temos um sistema completo de gest\u00e3o da qualidade da produ\u00e7\u00e3o e um processo de inspe\u00e7\u00e3o da qualidade.<br \/>\nMuitos medidores de caudal t\u00eam uma fun\u00e7\u00e3o de alarme autom\u00e1tico, mas isso depende do modelo espec\u00edfico. \u00c9 melhor verificar as especifica\u00e7\u00f5es do produto para determinar se o medidor de caudal que est\u00e1 a considerar tem esta fun\u00e7\u00e3o.<\/p>\n<\/div>\n<div name=\"11\" id=\"11\">\n<p><strong>11.Os resultados das medi\u00e7\u00f5es do medidor de caudal de \u00e1gua pot\u00e1vel podem ser emitidos e registados \u00e0 dist\u00e2ncia?<\/strong><\/p>\n<p>Sim, muitos medidores de caudal est\u00e3o equipados com sa\u00edda remota e capacidades de registo. Isto permite aos utilizadores monitorizar e registar dados de caudal a partir de um local remoto.<\/p>\n<\/div>\n<div name=\"12\" id=\"12\">\n<p><strong>12. qual \u00e9 a diferen\u00e7a entre o medidor de caudal de \u00e1gua pot\u00e1vel do grupo SUYI e o medidor de caudal de \u00e1gua pot\u00e1vel da Schneider Electric e o medidor de caudal de \u00e1gua pot\u00e1vel Badger Meter<\/strong><\/p>\n<p>Os medidores de caudal do SUYI Group s\u00e3o normalmente utilizados em aplica\u00e7\u00f5es industriais, tais como a medi\u00e7\u00e3o do caudal de l\u00edquidos, gases e vapor. S\u00e3o concebidos para serem fi\u00e1veis e precisos, e est\u00e3o dispon\u00edveis numa variedade de tamanhos e materiais.<\/p>\n<p>Os medidores de caudal da Schneider Electric s\u00e3o concebidos para aplica\u00e7\u00f5es industriais e comerciais e est\u00e3o dispon\u00edveis numa variedade de tamanhos e materiais. Foram concebidos para serem fi\u00e1veis e precisos, e s\u00e3o adequados para uma vasta gama de aplica\u00e7\u00f5es.<\/p>\n<p>Os medidores de caudal da Badger Meter s\u00e3o concebidos para aplica\u00e7\u00f5es industriais e comerciais e est\u00e3o dispon\u00edveis numa variedade de tamanhos e materiais. Foram concebidos para serem fi\u00e1veis e precisos, e s\u00e3o adequados para uma vasta gama de aplica\u00e7\u00f5es. Oferecem tamb\u00e9m uma variedade de caracter\u00edsticas, como a monitoriza\u00e7\u00e3o remota e o registo de dados.<\/p>\n<p><img src=\"https:\/\/www.hginstrument.com\/wp-content\/uploads\/2021\/07\/verabar-1.jpg\" alt=\"Qual \u00e9 a diferen\u00e7a entre o medidor de caudal de \u00e1gua pot\u00e1vel SUYI group e o medidor de caudal de \u00e1gua pot\u00e1vel Schneider Electric e o medidor de caudal de \u00e1gua pot\u00e1vel Badger Meter?\" title=\"Qual \u00e9 a diferen\u00e7a entre o medidor de caudal de \u00e1gua pot\u00e1vel SUYI group e o medidor de caudal de \u00e1gua pot\u00e1vel Schneider Electric e o medidor de caudal de \u00e1gua pot\u00e1vel Badger Meter?\" style=\"max-width: 100%;\"><\/div>\n<div name=\"13\" id=\"13\">\n<p><strong>13. como calibrar um medidor de caudal de \u00e1gua pot\u00e1vel?<\/strong><\/p>\n<p>Sendo um dos principais fabricantes de medidores de fluxo de \u00e1gua pot\u00e1vel na China, atribu\u00edmos grande import\u00e2ncia a este detalhe.<br \/>\n1. Verifique as instru\u00e7\u00f5es do fabricante para o medidor de caudal espec\u00edfico que est\u00e1 a utilizar.<\/p>\n<p>2. Certifique-se de que o medidor de caudal est\u00e1 corretamente instalado e de que todas as liga\u00e7\u00f5es est\u00e3o seguras.<\/p>\n<p>3. Ligar o medidor de caudal a um dispositivo de calibra\u00e7\u00e3o, como um dispositivo de calibra\u00e7\u00e3o de caudal ou um circuito de calibra\u00e7\u00e3o de caudal.<\/p>\n<p>4. Regular o dispositivo de calibra\u00e7\u00e3o para o caudal pretendido.<\/p>\n<p>5. Ligar o medidor de caudal e deix\u00e1-lo funcionar durante alguns minutos para garantir a sua estabilidade.<\/p>\n<p>6. Comparar a leitura do medidor de caudal com a leitura do dispositivo de calibra\u00e7\u00e3o.<\/p>\n<p>7. Ajustar as defini\u00e7\u00f5es do medidor de caudal conforme necess\u00e1rio para corresponder \u00e0 leitura do dispositivo de calibra\u00e7\u00e3o.<\/p>\n<p>8. Repetir os passos 4-7 at\u00e9 que a leitura do medidor de caudal coincida com a leitura do dispositivo de calibra\u00e7\u00e3o.<\/p>\n<p>9. Registar as defini\u00e7\u00f5es do medidor de caudal e a leitura do dispositivo de calibra\u00e7\u00e3o para refer\u00eancia futura.<\/p>\n<\/div>\n<p>Etiqueta\uff1a<a href=\"\/pt\/magnetic-flow-meter\/inline-flow-meter-for-water\/\">medidor de caudal em linha para \u00e1gua<\/a>,<a href=\"\/pt\/magnetic-flow-meter\/flow-meter-fluid\/\">medidor de caudal de fluido<\/a>,<a href=\"\/pt\/magnetic-flow-meter\/cheap-flow-meter\/\">medidor de caudal barato<\/a><\/p>\n<p><\/p>","protected":false},"excerpt":{"rendered":"<p><strong>Dados t\u00e9cnicos<\/strong><br \/>\nPode servir fluidos l\u00edquidos ou gasosos, sendo normalmente utilizado para medir o caudal de vapor, vapor, ar e g\u00e1s natural.<br \/>\nTamanho do contador: Tipo em linha: DN25 - DN300<br \/>\nOp\u00e7\u00e3o de material h\u00famido: SS304, SS316<br \/>\nTemperatura de funcionamento: \u2264250\u2103<br \/>\nLiga\u00e7\u00e3o ao processo: Wafer \/ Flange \/ Tri-clamp para o tipo In-line<br \/>\nPrecis\u00e3o de medi\u00e7\u00e3o: 1,0 % - 1,5% do intervalo de calibra\u00e7\u00e3o<br \/>\nIndicador digital: apresenta o caudal instant\u00e2neo e o caudal total<br \/>\nFonte de alimenta\u00e7\u00e3o: 24VDC, Sa\u00edda: 4-20mA<\/p>\n<p><strong>caracter\u00edsticas<\/strong><br \/>\n1. pontos de regula\u00e7\u00e3o ON\/OFF ajust\u00e1veis<br \/>\n2. modo de alarme de caudal alto ou baixo<br \/>\n3. tempo de atraso ajust\u00e1vel<br \/>\n4. LED de estado do rel\u00e9<\/p>","protected":false},"featured_media":3691,"comment_status":"closed","ping_status":"closed","template":"","meta":[],"product_cat":[2372],"product_tag":[],"acf":[],"_links":{"self":[{"href":"https:\/\/www.hginstrument.com\/pt\/wp-json\/wp\/v2\/product\/5808"}],"collection":[{"href":"https:\/\/www.hginstrument.com\/pt\/wp-json\/wp\/v2\/product"}],"about":[{"href":"https:\/\/www.hginstrument.com\/pt\/wp-json\/wp\/v2\/types\/product"}],"replies":[{"embeddable":true,"href":"https:\/\/www.hginstrument.com\/pt\/wp-json\/wp\/v2\/comments?post=5808"}],"wp:featuredmedia":[{"embeddable":true,"href":"https:\/\/www.hginstrument.com\/pt\/wp-json\/wp\/v2\/media\/3691"}],"wp:attachment":[{"href":"https:\/\/www.hginstrument.com\/pt\/wp-json\/wp\/v2\/media?parent=5808"}],"wp:term":[{"taxonomy":"product_cat","embeddable":true,"href":"https:\/\/www.hginstrument.com\/pt\/wp-json\/wp\/v2\/product_cat?post=5808"},{"taxonomy":"product_tag","embeddable":true,"href":"https:\/\/www.hginstrument.com\/pt\/wp-json\/wp\/v2\/product_tag?post=5808"}],"curies":[{"name":"wp","href":"https:\/\/api.w.org\/{rel}","templated":true}]}}