{"id":583,"date":"2021-01-26T15:12:23","date_gmt":"2021-01-26T07:12:23","guid":{"rendered":"http:\/\/201230ip92c2.adwebcloud.com\/?post_type=product&#038;p=583"},"modified":"2021-10-09T15:03:42","modified_gmt":"2021-10-09T07:03:42","slug":"hgls-2000p-portable-ultrasonic-flow-meter","status":"publish","type":"product","link":"https:\/\/www.hginstrument.com\/pt\/flow-instrument\/hgls-2000p-portable-ultrasonic-flow-meter\/","title":{"rendered":"Medidor de caudal ultrass\u00f3nico port\u00e1til HGLS-2000P"},"content":{"rendered":"<h5><strong>Especifica\u00e7\u00f5es t\u00e9cnicas<\/strong><\/h5>\n<table width=\"710\">\n<tbody>\n<tr style=\"background-color: #d8d8d8;\">\n<td colspan=\"2\" width=\"199\"><strong>Item<\/strong><\/td>\n<td width=\"511\"><strong>Desempenho\/par\u00e2metro<\/strong><\/td>\n<\/tr>\n<tr>\n<td style=\"vertical-align: middle;\" rowspan=\"10\" width=\"91\">Unidade principal<\/td>\n<td width=\"108\">Princ\u00edpio<\/td>\n<td width=\"511\">Princ\u00edpio do tempo de tr\u00e2nsito ultrass\u00f3nico, aritm\u00e9tica de ponto flutuante IEEE754 de 4 bytes<\/td>\n<\/tr>\n<tr>\n<td width=\"108\">Exatid\u00e3o<\/td>\n<td width=\"511\">Melhor que o 1% em termos de fluxo<\/td>\n<\/tr>\n<tr>\n<td style=\"vertical-align: middle;\" width=\"108\">Ecr\u00e3<\/td>\n<td width=\"511\">2x10 caracteres chineses ou 2\u00d720 caracteres ingleses, idioma de suporte: chin\u00eas, ingl\u00eas, italiano<\/td>\n<\/tr>\n<tr>\n<td style=\"vertical-align: middle;\" rowspan=\"3\" width=\"108\">Sa\u00edda<\/td>\n<td width=\"511\">Um 4-20mA, imped\u00e2ncia 0-1KOhm<\/td>\n<\/tr>\n<tr>\n<td width=\"511\">Sa\u00edda de um impulso OCT (largura do impulso: 6-1000ms, a predefini\u00e7\u00e3o \u00e9 200ms)<\/td>\n<\/tr>\n<tr>\n<td width=\"511\">Uma sa\u00edda de rel\u00e9<\/td>\n<\/tr>\n<tr>\n<td style=\"vertical-align: middle;\" rowspan=\"2\" width=\"108\">Entrada<\/td>\n<td width=\"511\">3 entradas de 4-20mA, para aquisi\u00e7\u00e3o de temperatura, press\u00e3o, n\u00edvel de l\u00edquido<\/td>\n<\/tr>\n<tr>\n<td width=\"511\">Pode ligar uma resist\u00eancia Pt100 de 3 fios para medir o calor<\/td>\n<\/tr>\n<tr>\n<td style=\"vertical-align: middle;\" width=\"108\">Interface de dados<\/td>\n<td width=\"511\">Interface RS485 isolada, pode funcionar no computador para atualizar o medidor de caudal, suporta o protocolo Modbus<\/td>\n<\/tr>\n<tr>\n<td width=\"108\">Gravador de dados<\/td>\n<td width=\"511\">Impressora t\u00e9rmica, pode ser equipada com cart\u00e3o SD, com capacidade de 2GB<\/td>\n<\/tr>\n<tr>\n<td style=\"vertical-align: middle;\" rowspan=\"3\" width=\"91\">Estado das condutas<\/td>\n<td style=\"vertical-align: middle;\" width=\"108\">Material<\/td>\n<td width=\"511\">A\u00e7o, a\u00e7o inoxid\u00e1vel, ferro fundido, cobre, PVC, alum\u00ednio, <a href=\"app:ds:glass\">vidro<\/a> <a href=\"app:ds:fiber\">fibra<\/a> <a href=\"app:ds:reinforced\">refor\u00e7ado<\/a> <a href=\"app:ds:plastics\">pl\u00e1sticos<\/a>e todas as condutas compactas, o revestimento na parede interior do tubo tamb\u00e9m \u00e9 permitido.<\/td>\n<\/tr>\n<tr>\n<td width=\"108\">Tamanho<\/td>\n<td width=\"511\">DN32 - DN6000mm<\/td>\n<\/tr>\n<tr>\n<td style=\"vertical-align: middle;\" width=\"108\">Necessidade de tubo reto<\/td>\n<td width=\"511\">A montante: 10D, a jusante: 5D, dist\u00e2ncia da sa\u00edda da bomba: 30D<br \/>\n(D \u00e9 o di\u00e2metro nominal da conduta)<\/td>\n<\/tr>\n<tr>\n<td style=\"vertical-align: middle;\" rowspan=\"4\" width=\"91\">Fluido<\/td>\n<td style=\"vertical-align: middle;\" width=\"108\">Tipo<\/td>\n<td width=\"511\">\u00c1gua, \u00e1gua do mar, esgotos industriais, solu\u00e7\u00e3o \u00e1cida ou alcalina, \u00e1lcool, cerveja, o l\u00edquido uniforme que pode conduzir a onda ultra-s\u00f3nica<\/td>\n<\/tr>\n<tr>\n<td width=\"108\">Temp.<\/td>\n<td width=\"511\">-30 a 160\u2103<\/td>\n<\/tr>\n<tr>\n<td width=\"108\">Turbidez<\/td>\n<td width=\"511\">10000ppm e poucas bolhas<\/td>\n<\/tr>\n<tr>\n<td width=\"108\">velocidade do fluxo<\/td>\n<td width=\"511\">0 a \u00b110m\/s<\/td>\n<\/tr>\n<tr>\n<td style=\"vertical-align: middle;\" rowspan=\"2\" width=\"91\">Ambiente<\/td>\n<td width=\"108\">Temp.<\/td>\n<td width=\"511\">Unidade principal: -20 a 60\u2103, Transdutor: -30 a 160\u2103<\/td>\n<\/tr>\n<tr>\n<td width=\"108\">Humidade<\/td>\n<td width=\"511\">Unidade principal: 85%RH; Transdutor \u00e0 prova de intemp\u00e9ries: IP67<\/td>\n<\/tr>\n<tr>\n<td style=\"vertical-align: middle;\" width=\"91\">Alimenta\u00e7\u00e3o el\u00e9ctrica<\/td>\n<td colspan=\"2\" width=\"619\">8*1.2V Ni-MH bateria recarreg\u00e1vel 2000mAH, pode trabalhar 20 horas depois de totalmente carregada. Se a sa\u00edda for 4-20mA, pode trabalhar 8 horas. Com um adaptador de alimenta\u00e7\u00e3o AC90-260V que se liga \u00e0 fonte de alimenta\u00e7\u00e3o AC para efetuar medi\u00e7\u00f5es cont\u00ednuas.<\/td>\n<\/tr>\n<tr>\n<td width=\"91\">Consumo de energia<\/td>\n<td style=\"vertical-align: middle;\" colspan=\"2\" width=\"619\">1.5W<\/td>\n<\/tr>\n<\/tbody>\n<\/table>\n<h5><\/h5>\n<h5>Sensor de caudal ultrass\u00f3nico opcional<\/h5>\n<table>\n<tbody>\n<tr style=\"background-color: #d8d8d8;\">\n<td width=\"139\"><strong>Transdutor<\/strong><\/td>\n<td width=\"132\"><strong>c\u00f3digo<\/strong><\/td>\n<td width=\"228\"><strong>Descri\u00e7\u00e3o<\/strong><\/td>\n<td width=\"108\"><strong>Temperatura<\/strong><\/td>\n<td width=\"84\"><strong>Exatid\u00e3o<\/strong><\/td>\n<\/tr>\n<tr>\n<td width=\"139\"><img class=\"alignnone size-full wp-image-515\" title=\"\" src=\"http:\/\/www.hginstrument.com\/wp-content\/uploads\/2021\/01\/s1.jpg\" alt=\"s1\" width=\"155\" height=\"115\" \/><\/td>\n<td width=\"132\">TS-2<\/td>\n<td style=\"vertical-align: middle;\" width=\"228\">Tipo de fixa\u00e7\u00e3o de tamanho pequeno<br \/>\n(Magn\u00e9tico)<br \/>\npara tubagem DN32\uff5eDN100mm<\/td>\n<td width=\"108\">-30\u2103\uff5e90\u2103<\/td>\n<td width=\"84\">\u00b11%FS<\/td>\n<\/tr>\n<tr>\n<td width=\"139\"><img class=\"alignnone size-full wp-image-515\" title=\"\" src=\"http:\/\/www.hginstrument.com\/wp-content\/uploads\/2021\/01\/s1.jpg\" alt=\"s1\" width=\"155\" height=\"115\" \/><\/td>\n<td width=\"132\">TM-1<\/td>\n<td style=\"vertical-align: middle;\" width=\"228\">Tipo de fixa\u00e7\u00e3o de tamanho m\u00e9dio<br \/>\n(Magn\u00e9tico)<br \/>\npara tubagem DN50\uff5eDN700mm<\/td>\n<td width=\"108\">-30\u2103\uff5e90\u2103<\/td>\n<td width=\"84\">\u00b11%FS<\/td>\n<\/tr>\n<tr>\n<td width=\"139\"><img class=\"alignnone size-full wp-image-515\" title=\"\" src=\"http:\/\/www.hginstrument.com\/wp-content\/uploads\/2021\/01\/s1.jpg\" alt=\"s1\" width=\"155\" height=\"115\" \/><\/td>\n<td width=\"132\">TL-1<\/td>\n<td style=\"vertical-align: middle;\" width=\"228\">Tipo de fixa\u00e7\u00e3o de grandes dimens\u00f5es<br \/>\n(Magn\u00e9tico)<br \/>\npara tubagem DN300\uff5eDN6000mm<\/td>\n<td width=\"108\">-30\u2103\uff5e90\u2103<\/td>\n<td width=\"84\">\u00b11%FS<\/td>\n<\/tr>\n<tr>\n<td width=\"139\"><img class=\"alignnone size-full wp-image-516\" title=\"\" src=\"http:\/\/www.hginstrument.com\/wp-content\/uploads\/2021\/01\/s2.jpg\" alt=\"s2\" width=\"155\" height=\"115\" \/><\/td>\n<td width=\"132\">TS-2-HT<\/td>\n<td style=\"vertical-align: middle;\" width=\"228\">Tamanho pequeno Alta temperatura<br \/>\ntipo de fixa\u00e7\u00e3o<br \/>\npara tubagem DN32\uff5eDN100mm<\/td>\n<td width=\"108\">-30\u2103\uff5e160\u2103<\/td>\n<td width=\"84\">\u00b11%FS<\/td>\n<\/tr>\n<tr>\n<td width=\"139\"><img class=\"alignnone size-full wp-image-516\" title=\"\" src=\"http:\/\/www.hginstrument.com\/wp-content\/uploads\/2021\/01\/s2.jpg\" alt=\"s2\" width=\"155\" height=\"115\" \/><\/td>\n<td width=\"132\">TM-1-HT<\/td>\n<td style=\"vertical-align: middle;\" width=\"228\">Tamanho m\u00e9dio Alta temperatura<br \/>\ntipo de fixa\u00e7\u00e3o<br \/>\npara tubagem DN50\uff5eDN700mm<\/td>\n<td width=\"108\">-30\u2103\uff5e160\u2103<\/td>\n<td width=\"84\">\u00b11%FS<\/td>\n<\/tr>\n<tr>\n<td width=\"139\"><img class=\"alignnone size-full wp-image-516\" title=\"\" src=\"http:\/\/www.hginstrument.com\/wp-content\/uploads\/2021\/01\/s2.jpg\" alt=\"s2\" width=\"155\" height=\"115\" \/><\/td>\n<td width=\"132\">TL-1-HT<\/td>\n<td style=\"vertical-align: middle;\" width=\"228\">Tamanho grande Alta temperatura<br \/>\ntipo de fixa\u00e7\u00e3o<br \/>\npara tubagem DN300\uff5eDN6000mm<\/td>\n<td width=\"108\">-30\u2103\uff5e160\u2103<\/td>\n<td width=\"84\">\u00b11%FS<\/td>\n<\/tr>\n<tr>\n<td width=\"139\"><img class=\"alignnone size-full wp-image-572\" title=\"\" src=\"http:\/\/www.hginstrument.com\/wp-content\/uploads\/2021\/01\/hs.jpg\" alt=\"hs\" width=\"116\" height=\"56\" \/><\/td>\n<td style=\"vertical-align: middle;\" width=\"132\">HS<\/td>\n<td style=\"vertical-align: middle;\" width=\"228\">Transdutor tipo suporte de tamanho pequeno padr\u00e3o<br \/>\npara tubagem DN32\uff5eDN100m<\/td>\n<td width=\"108\">-30\u2103\uff5e90\u2103<\/td>\n<td width=\"84\">\u00b11%FS<\/td>\n<\/tr>\n<tr>\n<td width=\"139\"><img class=\"alignnone size-full wp-image-2520\" title=\"\" src=\"http:\/\/www.hginstrument.com\/wp-content\/uploads\/2021\/10\/hm.jpg\" alt=\"hm\" width=\"144\" height=\"57\" \/><\/td>\n<td style=\"vertical-align: middle;\" width=\"132\">HM<\/td>\n<td style=\"vertical-align: middle;\" width=\"228\">Transdutor tipo suporte de tamanho m\u00e9dio padr\u00e3o para tubula\u00e7\u00e3o DN50 \uff5e DN300m<\/td>\n<td width=\"108\">-30\u2103\uff5e90\u2103<\/td>\n<td width=\"84\">\u00b11%FS<\/td>\n<\/tr>\n<tr>\n<td width=\"139\"><img class=\"alignnone size-full wp-image-569\" title=\"\" src=\"http:\/\/www.hginstrument.com\/wp-content\/uploads\/2021\/01\/eb-1.jpg\" alt=\"eb 1\" width=\"96\" height=\"50\" \/><\/td>\n<td style=\"vertical-align: middle;\" width=\"132\">EB-1<\/td>\n<td style=\"vertical-align: middle;\" width=\"228\">Transdutor standard do tipo suporte estendido para tubagem DN300\uff5eDN700mm<\/td>\n<td width=\"108\">-30\u2103\uff5e90\u2103<\/td>\n<td width=\"84\">\u00b11%FS<\/td>\n<\/tr>\n<tr>\n<td width=\"139\"><img class=\"alignnone size-full wp-image-573\" title=\"\" src=\"http:\/\/www.hginstrument.com\/wp-content\/uploads\/2021\/01\/hs-ht.jpg\" alt=\"hs ht\" width=\"94\" height=\"56\" \/><\/td>\n<td style=\"vertical-align: middle;\" width=\"132\">HS-HT<\/td>\n<td style=\"vertical-align: middle;\" width=\"228\">Transdutor de alta temperatura do tipo suporte de tamanho pequeno<br \/>\npara tubagem DN32\uff5eDN100m<\/td>\n<td width=\"108\">-30\u2103\uff5e160\u2103<\/td>\n<td width=\"84\">\u00b11%FS<\/td>\n<\/tr>\n<tr>\n<td width=\"139\"><img class=\"alignnone size-full wp-image-571\" title=\"\" src=\"http:\/\/www.hginstrument.com\/wp-content\/uploads\/2021\/01\/hm-ht.jpg\" alt=\"hm ht\" width=\"135\" height=\"56\" \/><\/td>\n<td style=\"vertical-align: middle;\" width=\"132\">HM-HT<\/td>\n<td style=\"vertical-align: middle;\" width=\"228\">Transdutor do tipo suporte de tamanho m\u00e9dio de alta temperatura para tubula\u00e7\u00e3o DN50 \uff5e DN300m<\/td>\n<td width=\"108\">-30\u2103\uff5e160\u2103<\/td>\n<td width=\"84\">\u00b11%FS<\/td>\n<\/tr>\n<tr>\n<td width=\"139\"><img class=\"alignnone size-full wp-image-572\" title=\"\" src=\"http:\/\/www.hginstrument.com\/wp-content\/uploads\/2021\/01\/hs.jpg\" alt=\"hs\" width=\"116\" height=\"56\" \/><\/td>\n<td style=\"vertical-align: middle;\" width=\"132\">EB-1-HT<\/td>\n<td style=\"vertical-align: middle;\" width=\"228\">Transdutor de alta temperatura do tipo suporte estendido para tubagem DN300\uff5eDN700mm<\/td>\n<td width=\"108\">-30\u2103\uff5e160\u2103<\/td>\n<td width=\"84\">\u00b11%FS<\/td>\n<\/tr>\n<\/tbody>\n<\/table>\n<h5><\/h5>\n<p>&nbsp;<\/p>\n<p>&nbsp;<\/p>","protected":false},"excerpt":{"rendered":"<p>Aplica\u00e7\u00e3o: Medi\u00e7\u00e3o do caudal de l\u00edquidos limpos<br \/>\nVantagens: Tipo port\u00e1til, adequado para monitoriza\u00e7\u00e3o tempor\u00e1ria do fluxo no local; OEM dispon\u00edvel; Entrega r\u00e1pida<\/p>","protected":false},"featured_media":1414,"comment_status":"closed","ping_status":"closed","template":"","meta":[],"product_cat":[75,217],"product_tag":[],"acf":[],"_links":{"self":[{"href":"https:\/\/www.hginstrument.com\/pt\/wp-json\/wp\/v2\/product\/583"}],"collection":[{"href":"https:\/\/www.hginstrument.com\/pt\/wp-json\/wp\/v2\/product"}],"about":[{"href":"https:\/\/www.hginstrument.com\/pt\/wp-json\/wp\/v2\/types\/product"}],"replies":[{"embeddable":true,"href":"https:\/\/www.hginstrument.com\/pt\/wp-json\/wp\/v2\/comments?post=583"}],"wp:featuredmedia":[{"embeddable":true,"href":"https:\/\/www.hginstrument.com\/pt\/wp-json\/wp\/v2\/media\/1414"}],"wp:attachment":[{"href":"https:\/\/www.hginstrument.com\/pt\/wp-json\/wp\/v2\/media?parent=583"}],"wp:term":[{"taxonomy":"product_cat","embeddable":true,"href":"https:\/\/www.hginstrument.com\/pt\/wp-json\/wp\/v2\/product_cat?post=583"},{"taxonomy":"product_tag","embeddable":true,"href":"https:\/\/www.hginstrument.com\/pt\/wp-json\/wp\/v2\/product_tag?post=583"}],"curies":[{"name":"wp","href":"https:\/\/api.w.org\/{rel}","templated":true}]}}