{"id":5939,"date":"2023-12-25T01:57:22","date_gmt":"2023-12-24T17:57:22","guid":{"rendered":"https:\/\/www.hginstrument.com\/?post_type=product&#038;p=5939"},"modified":"2023-12-27T14:16:31","modified_gmt":"2023-12-27T06:16:31","slug":"stream-flow-meter","status":"publish","type":"product","link":"https:\/\/www.hginstrument.com\/pt\/magnetic-flow-meter\/stream-flow-meter\/","title":{"rendered":"medidor de caudal de corrente"},"content":{"rendered":"<p>With its high flow range and precise reading capabilities, stream flow meter is the ideal choice for industries such as oil and gas, water treatment, and chemical processing. Upgrade your liquid measurement process with stream flow meter and experience unparalleled performance and value. Trust stream flow meter to give you the most accurate and efficient flow measurements every time.<\/p>\n<p>The stream flow meter is equipped with a digital display, making it easy to read and interpret the flow rate in various units. Its user-friendly interface allows for quick and simple calibration and adjustments.<\/p>\n<p>In addition, stream flow meter offers various models for different applications, including electromagnetic, ultrasonic, and thermal dispersion. Each model is designed with specific features to cater to the unique needs of its users.<\/p>\n<p>&nbsp;<\/p>\n<table class=\"table table-bordered\">\n<tbody>\n<tr>\n<td><span style=\"vertical-align: inherit;\"><span style=\"vertical-align: inherit;\">Tipo\uff1a<\/span><\/span><\/td>\n<td><span style=\"vertical-align: inherit;\">medidor de caudal de corrente<\/span><\/td>\n<td><span style=\"vertical-align: inherit;\"><span style=\"vertical-align: inherit;\">Sinal de sa\u00edda\uff1a<\/span><\/span><\/td>\n<td><span style=\"vertical-align: inherit;\"><span style=\"vertical-align: inherit;\">4-28mA, Impulso\/Frequ\u00eancia 2kHz(Predefini\u00e7\u00e3o), 5KHz(M\u00e1x.)<\/span><\/span><\/td>\n<\/tr>\n<tr>\n<td><span style=\"vertical-align: inherit;\"><span style=\"vertical-align: inherit;\">Local de origem\uff1a<\/span><\/span><\/td>\n<td><span style=\"vertical-align: inherit;\"><span style=\"vertical-align: inherit;\">Jiangsu\uff0cChina<\/span><\/span><\/td>\n<td><span style=\"vertical-align: inherit;\"><span style=\"vertical-align: inherit;\">Incorporar tipo\uff1a<\/span><\/span><\/td>\n<td><span style=\"vertical-align: inherit;\"><span style=\"vertical-align: inherit;\">-10\u2103- +57\u2103<\/span><\/span><\/td>\n<\/tr>\n<tr>\n<td><span style=\"vertical-align: inherit;\"><span style=\"vertical-align: inherit;\">Garantia\uff1a<\/span><\/span><\/td>\n<td><span style=\"vertical-align: inherit;\"><span style=\"vertical-align: inherit;\">15 meses<\/span><\/span><\/td>\n<td><span style=\"vertical-align: inherit;\"><span style=\"vertical-align: inherit;\">Tens\u00e3o de alimenta\u00e7\u00e3o\uff1a<\/span><\/span><\/td>\n<td><span style=\"vertical-align: inherit;\"><span style=\"vertical-align: inherit;\">110\/220VAC (100-240VAC), 50Hz\/60Hz; 24VDC\u00b110%<\/span><\/span><\/td>\n<\/tr>\n<tr>\n<td><span style=\"vertical-align: inherit;\"><span style=\"vertical-align: inherit;\">Suporte personalizado\uff1a<\/span><\/span><\/td>\n<td><span style=\"vertical-align: inherit;\"><span style=\"vertical-align: inherit;\">OEM, ODM, OBM<\/span><\/span><\/td>\n<td><span style=\"vertical-align: inherit;\"><span style=\"vertical-align: inherit;\">Comunica\u00e7\u00e3o digital\uff1a<\/span><\/span><\/td>\n<td><span style=\"vertical-align: inherit;\"><span style=\"vertical-align: inherit;\">RS-485, suporta o protocolo padr\u00e3o Mudbugs-RTU; GPRS<\/span><\/span><\/td>\n<\/tr>\n<tr>\n<td><span style=\"vertical-align: inherit;\"><span style=\"vertical-align: inherit;\">Nome da marca\uff1a<\/span><\/span><\/td>\n<td><span style=\"vertical-align: inherit;\"><span style=\"vertical-align: inherit;\">GRUPO SUYI<\/span><\/span><\/td>\n<td><span style=\"vertical-align: inherit;\"><span style=\"vertical-align: inherit;\">Press\u00e3o nominal\uff1a<\/span><\/span><\/td>\n<td><span style=\"vertical-align: inherit;\"><span style=\"vertical-align: inherit;\">1MPa (DN15-DN800), 1,6MPa (DN15-DN800), 2,5MPa (DN15-DN600)<\/span><\/span><\/td>\n<\/tr>\n<tr>\n<td><span style=\"vertical-align: inherit;\"><span style=\"vertical-align: inherit;\">N\u00famero do modelo\uff1a<\/span><\/span><\/td>\n<td><span style=\"vertical-align: inherit;\"><span style=\"vertical-align: inherit;\">outros<\/span><\/span><\/td>\n<td><span style=\"vertical-align: inherit;\"><span style=\"vertical-align: inherit;\">Sensor\uff1a<\/span><\/span><\/td>\n<td><span style=\"vertical-align: inherit;\"><span style=\"vertical-align: inherit;\">0\u2103- +80\u2103 ou -25\u2103- +120\u2103 ou +70\u2103- +250\u2103<\/span><\/span><\/td>\n<\/tr>\n<tr>\n<td><span style=\"vertical-align: inherit;\"><span style=\"vertical-align: inherit;\">Nome do produto\uff1a<\/span><\/span><\/td>\n<td><span style=\"vertical-align: inherit;\"><span style=\"vertical-align: inherit;\">Medidor de caudal de \u00e1gua qu\u00edmica digital inteligente eletromagn\u00e9tico<\/span><\/span><\/td>\n<td><span style=\"vertical-align: inherit;\"><span style=\"vertical-align: inherit;\">Detalhes da embalagem\uff1a<\/span><\/span><\/td>\n<td><span style=\"vertical-align: inherit;\"><span style=\"vertical-align: inherit;\">1 conjunto por embalagem ou conforme o pedido do cliente<\/span><\/span><\/td>\n<\/tr>\n<tr>\n<td><span style=\"vertical-align: inherit;\"><span style=\"vertical-align: inherit;\">Di\u00e2metro nominal\uff1a<\/span><\/span><\/td>\n<td><span style=\"vertical-align: inherit;\"><span style=\"vertical-align: inherit;\">3-3283mm<\/span><\/span><\/td>\n<td><span style=\"vertical-align: inherit;\"><span style=\"vertical-align: inherit;\">Capacidade de fornecimento\uff1a<\/span><\/span><\/td>\n<td><span style=\"vertical-align: inherit;\"><span style=\"vertical-align: inherit;\">1529 Set\/Sets per Month<\/span><\/span><\/td>\n<\/tr>\n<tr>\n<td><span style=\"vertical-align: inherit;\"><span style=\"vertical-align: inherit;\">gama de velocidades\uff1a<\/span><\/span><\/td>\n<td><span style=\"vertical-align: inherit;\"><span style=\"vertical-align: inherit;\">0-5m\/s<\/span><\/span><\/td>\n<td><span style=\"vertical-align: inherit;\"><span style=\"vertical-align: inherit;\">Quantidade (conjuntos)\uff1a<\/span><\/span><\/td>\n<td><span style=\"vertical-align: inherit;\"><span style=\"vertical-align: inherit;\">&gt; 30<\/span><\/span><\/td>\n<\/tr>\n<tr>\n<td><span style=\"vertical-align: inherit;\"><span style=\"vertical-align: inherit;\">Grau de precis\u00e3o\uff1a<\/span><\/span><\/td>\n<td><span style=\"vertical-align: inherit;\"><span style=\"vertical-align: inherit;\">\u00b10,5%R, \u00b11%R ( &lt; DN20)<\/span><\/span><\/td>\n<td><span style=\"vertical-align: inherit;\"><span style=\"vertical-align: inherit;\">Prazo de execu\u00e7\u00e3o (dias)\uff1a<\/span><\/span><\/td>\n<td><span style=\"vertical-align: inherit;\"><span style=\"vertical-align: inherit;\">A ser negociado<\/span><\/span><\/td>\n<\/tr>\n<\/tbody>\n<\/table>\n<p>&nbsp;<\/p>\n<p><strong><\/strong><\/p>\n<p style=\"text-align:center;\"><img src=\"https:\/\/www.hginstrument.com\/wp-content\/uploads\/2021\/07\/in-line-pipeline-type-hgd-electromagnetic-flow-meter.jpg\" atl=\"stream flow meter\" title=\"medidor de caudal de corrente\"><\/p>\n<p><strong><\/strong><\/p>\n<p style=\"text-align:center;\"><img src=\"https:\/\/www.hginstrument.com\/wp-content\/uploads\/2021\/07\/insertion-01.jpg\" atl=\"stream flow meter\" title=\"medidor de caudal de corrente\"><\/p>\n<p><strong><\/strong><\/p>\n<p style=\"text-align:center;\"><img src=\"https:\/\/www.hginstrument.com\/wp-content\/uploads\/2021\/07\/sanitary-mag-1.jpg\" atl=\"stream flow meter\" title=\"medidor de caudal de corrente\"><\/p>\n<p><strong>stream flow meter FAQs Guide.<\/p>\n<p>At the heart of our stream flow meter series lies a commitment to excellence, blending advanced sensor technology with user-friendly interfaces. From liquid to gas, our meters deliver unparalleled accuracy, empowering you to make informed decisions and streamline operations. As we usher in a new era of fluid measurement, we invite you to explore the limitless possibilities that our stream flow meters unlock \u2013 where precision meets performance, and innovation flows seamlessly.<\/strong><\/p>\n<div style=\"border:3px solid #f89900;margin:20px 0;padding:20px;\"><a href=\"\/pt\/stream-flow-meter\/#01\">1.About stream flow meter overseas warehouse<\/a><br \/><a href=\"\/pt\/stream-flow-meter\/#02\">2.About stream flow meter quality system<\/a><br \/><a href=\"\/pt\/stream-flow-meter\/#03\">3.About the development history of stream flow meter factory<\/a><br \/><a href=\"\/pt\/stream-flow-meter\/#04\">4.About stream flow meter raw materials<\/a><br \/><a href=\"\/pt\/stream-flow-meter\/#05\">5.About the development history of stream flow meter factory<\/a><br \/><a href=\"\/pt\/stream-flow-meter\/#06\">6.What fluids are stream flow meters mainly used for measuring?<\/a><br \/><a href=\"\/pt\/stream-flow-meter\/#07\">7.About stream flow meter patent<\/a><br \/><a href=\"\/pt\/stream-flow-meter\/#08\">8.About stream flow meter inventory<\/a><br \/><a href=\"\/pt\/stream-flow-meter\/#09\">9.About stream flow meter R&#038;D capabilities<\/a><br \/><a href=\"\/pt\/stream-flow-meter\/#010\">10.What is the difference between stream flow meter SUYI group vs stream flow meter Yokogawa vs stream flow meter ABB<\/a><br \/><a href=\"\/pt\/stream-flow-meter\/#11\">11.About stream flow meter production capacity<\/a><br \/><a href=\"\/pt\/stream-flow-meter\/#12\">12.What is the function of stream flow meter?<\/a><br \/><a href=\"\/pt\/stream-flow-meter\/#13\">13.How to calibrate a stream flow meter?<\/a><\/div>\n<div name=\"01\" id=\"01\">\n<p><strong>1.About stream flow meter overseas warehouse<\/strong><\/p>\n<p>Os armaz\u00e9ns de medidores de caudal no estrangeiro s\u00e3o armaz\u00e9ns localizados em pa\u00edses estrangeiros que armazenam medidores de caudal e produtos relacionados. Estes armaz\u00e9ns s\u00e3o utilizados para armazenar e distribuir medidores de caudal a clientes em diferentes pa\u00edses. Normalmente, situam-se em pa\u00edses com uma grande procura de medidores de caudal, como os Estados Unidos, o Canad\u00e1 e a Europa. Os armaz\u00e9ns s\u00e3o normalmente detidos e explorados pelo fabricante dos medidores de caudal ou por um fornecedor de log\u00edstica terceiro. Os armaz\u00e9ns s\u00e3o normalmente abastecidos com uma variedade de medidores de caudal, incluindo medidores de caudal digitais, anal\u00f3gicos e ultra-s\u00f3nicos. Tamb\u00e9m costumam armazenar pe\u00e7as sobressalentes e acess\u00f3rios para os medidores de caudal.<\/p>\n<\/div>\n<div name=\"02\" id=\"02\">\n<p><strong>2.About stream flow meter quality system<\/strong><\/p>\n<p>Um sistema de qualidade de medidores de caudal \u00e9 um conjunto de processos e procedimentos que s\u00e3o utilizados para garantir que os medidores de caudal s\u00e3o fabricados e testados de forma a cumprirem os mais elevados padr\u00f5es de precis\u00e3o e fiabilidade. O sistema inclui medidas de controlo de qualidade, como a inspe\u00e7\u00e3o do material recebido, a inspe\u00e7\u00e3o durante o processo e o teste do produto final. Inclui tamb\u00e9m documenta\u00e7\u00e3o e manuten\u00e7\u00e3o de registos para garantir que todos os processos s\u00e3o seguidos e que quaisquer problemas s\u00e3o tratados de forma r\u00e1pida e eficaz. O sistema foi concebido para garantir que os medidores de caudal produzidos s\u00e3o da mais elevada qualidade e cumprem os requisitos do cliente.<\/p>\n<\/div>\n<div name=\"03\" id=\"03\">\n<p><strong>3.About the development history of stream flow meter factory<\/strong><\/p>\n<p>A f\u00e1brica de medidores de caudal foi criada no in\u00edcio da d\u00e9cada de 1990. Foi fundada por um grupo de engenheiros e t\u00e9cnicos com uma vasta experi\u00eancia na conce\u00e7\u00e3o e fabrico de medidores de caudal. A empresa concentrou-se inicialmente na produ\u00e7\u00e3o de medidores de caudal mec\u00e2nicos, mas depressa expandiu a sua gama de produtos para incluir medidores de caudal electr\u00f3nicos. Ao longo dos anos, a empresa desenvolveu uma vasta gama de medidores de caudal para v\u00e1rias aplica\u00e7\u00f5es, incluindo industriais, comerciais e residenciais. A empresa tamb\u00e9m desenvolveu uma gama de solu\u00e7\u00f5es de software e hardware para medi\u00e7\u00e3o e controlo de caudal. Atualmente, a empresa \u00e9 um dos principais fabricantes de medidores de caudal e produtos relacionados, sendo reconhecida como l\u00edder no sector.<\/p>\n<\/div>\n<div name=\"04\" id=\"04\">\n<p><strong>4.About stream flow meter raw materials<\/strong><\/p>\n<p>As mat\u00e9rias-primas dos medidores de caudal s\u00e3o normalmente fabricadas a partir de uma variedade de metais, pl\u00e1sticos e compostos. Os materiais mais comuns utilizados nos medidores de caudal incluem o a\u00e7o inoxid\u00e1vel, o lat\u00e3o, o alum\u00ednio, o cloreto de polivinilo (PVC), o polipropileno (PP) e o politetrafluoroetileno (PTFE). O material utilizado num medidor de caudal depende da aplica\u00e7\u00e3o e do tipo de fluido que est\u00e1 a ser medido. Por exemplo, o a\u00e7o inoxid\u00e1vel \u00e9 frequentemente utilizado para medir fluidos corrosivos, enquanto o PVC \u00e9 frequentemente utilizado para medir \u00e1gua.<\/p>\n<\/div>\n<div name=\"05\" id=\"05\">\n<p><strong>5.About the development history of stream flow meter factory<\/strong><\/p>\n<p>A f\u00e1brica de medidores de caudal foi criada no in\u00edcio da d\u00e9cada de 1990. Foi fundada por um grupo de engenheiros e t\u00e9cnicos com uma vasta experi\u00eancia na conce\u00e7\u00e3o e fabrico de medidores de caudal. A empresa concentrou-se inicialmente na produ\u00e7\u00e3o de medidores de caudal mec\u00e2nicos, mas depressa expandiu a sua gama de produtos para incluir medidores de caudal electr\u00f3nicos. Ao longo dos anos, a empresa desenvolveu uma vasta gama de medidores de caudal para v\u00e1rias aplica\u00e7\u00f5es, incluindo industriais, comerciais e residenciais. A empresa tamb\u00e9m desenvolveu uma gama de solu\u00e7\u00f5es de software e hardware para medi\u00e7\u00e3o e controlo de caudal. Atualmente, a empresa \u00e9 um dos principais fabricantes de medidores de caudal e produtos relacionados, sendo reconhecida como l\u00edder no sector.<\/p>\n<p><img src=\"https:\/\/www.hginstrument.com\/wp-content\/uploads\/2021\/07\/nozzle-1.jpg\" alt=\"About the development history of stream flow meter factory\" title=\"About the development history of stream flow meter factory\" style=\"max-width: 100%;\"><\/div>\n<div name=\"06\" id=\"06\">\n<p><strong>6.What fluids are stream flow meters mainly used for measuring?<\/strong><\/p>\n<p>Apostamos no trabalho de equipa e na comunica\u00e7\u00e3o para atingir objectivos comuns.<br \/>\nOs medidores de caudal s\u00e3o utilizados principalmente para medir o caudal de l\u00edquidos, gases e vapor.<\/p>\n<\/div>\n<div name=\"07\" id=\"07\">\n<p><strong>7.About stream flow meter patent<\/strong><\/p>\n<p>As patentes de caudal\u00edmetros s\u00e3o patentes que abrangem a conce\u00e7\u00e3o e o funcionamento de caudal\u00edmetros. Os medidores de caudal s\u00e3o dispositivos utilizados para medir o caudal de um l\u00edquido ou g\u00e1s. Os medidores de caudal s\u00e3o utilizados numa variedade de ind\u00fastrias, incluindo o tratamento de \u00e1gua e de \u00e1guas residuais, petr\u00f3leo e g\u00e1s e processamento qu\u00edmico. Os medidores de caudal s\u00e3o utilizados para medir o caudal de um fluido, o volume total de um fluido e a press\u00e3o de um fluido. Os medidores de caudal podem ser mec\u00e2nicos, el\u00e9ctricos ou \u00f3pticos. Os medidores de caudal podem ser utilizados para medir o caudal de l\u00edquidos, gases e vapor.<\/p>\n<\/div>\n<div name=\"08\" id=\"08\">\n<p><strong>8.About stream flow meter inventory<\/strong><\/p>\n<p>O invent\u00e1rio de caudal\u00edmetros \u00e9 um sistema utilizado para controlar e gerir os caudal\u00edmetros utilizados em aplica\u00e7\u00f5es industriais e comerciais. \u00c9 utilizado para monitorizar o desempenho dos medidores de caudal, bem como para garantir que s\u00e3o devidamente mantidos e calibrados. O sistema de invent\u00e1rio tamb\u00e9m pode ser utilizado para controlar o custo dos medidores de caudal, bem como para identificar quaisquer problemas ou quest\u00f5es potenciais com os medidores de caudal.<\/p>\n<\/div>\n<div name=\"09\" id=\"09\">\n<p><strong>9.About stream flow meter R&#038;D capabilities<\/strong><\/p>\n<p>As capacidades de I&amp;D de caudal\u00edmetros referem-se \u00e0 capacidade de uma empresa ou organiza\u00e7\u00e3o para investigar, desenvolver e fabricar caudal\u00edmetros. Isto inclui a capacidade de conceber, testar e fabricar caudal\u00edmetros que satisfa\u00e7am os requisitos dos clientes e as normas da ind\u00fastria. Inclui tamb\u00e9m a capacidade de desenvolver novas tecnologias e produtos para satisfazer as necessidades em constante mudan\u00e7a da ind\u00fastria. As empresas com fortes capacidades de I&amp;D s\u00e3o capazes de se manter \u00e0 frente da concorr\u00eancia e fornecer aos clientes os caudal\u00edmetros mais avan\u00e7ados e fi\u00e1veis.<\/p>\n<\/div>\n<div name=\"010\" id=\"010\">\n<p><strong>10.What is the difference between stream flow meter SUYI group vs stream flow meter Yokogawa vs stream flow meter ABB<\/strong><\/p>\n<p>Os medidores de caudal do Grupo SUYI, Yokogawa e ABB medem todos o caudal de um fluido, mas diferem em termos de precis\u00e3o, caracter\u00edsticas e custo. Os medidores de caudal do Grupo SUYI s\u00e3o normalmente mais acess\u00edveis do que os medidores de caudal da Yokogawa e da ABB, mas podem n\u00e3o ter tantas caracter\u00edsticas ou uma precis\u00e3o t\u00e3o elevada. Os caudal\u00edmetros Yokogawa s\u00e3o conhecidos pela sua precis\u00e3o e fiabilidade, mas tendem a ser mais caros do que os caudal\u00edmetros do Grupo SUYI e da ABB. Os caudal\u00edmetros ABB s\u00e3o conhecidos pela sua robustez e durabilidade, mas tamb\u00e9m s\u00e3o mais caros do que as outras duas marcas.<\/p>\n<p><img src=\"https:\/\/www.hginstrument.com\/wp-content\/uploads\/2021\/07\/mdp310-fc3-3.jpg\" alt=\"What is the difference between stream flow meter SUYI group vs stream flow meter Yokogawa vs stream flow meter ABB\" title=\"What is the difference between stream flow meter SUYI group vs stream flow meter Yokogawa vs stream flow meter ABB\" style=\"max-width: 100%;\"><\/div>\n<div name=\"11\" id=\"11\">\n<p><strong>11.About stream flow meter production capacity<\/strong><\/p>\n<p>A capacidade de produ\u00e7\u00e3o de medidores de caudal depende do tipo de medidor de caudal que est\u00e1 a ser produzido. Geralmente, a capacidade de produ\u00e7\u00e3o \u00e9 determinada pela dimens\u00e3o da instala\u00e7\u00e3o de produ\u00e7\u00e3o, pelo n\u00famero de m\u00e1quinas e pessoal dispon\u00edvel e pelo tipo de medidor de caudal que est\u00e1 a ser produzido. Por exemplo, uma instala\u00e7\u00e3o de produ\u00e7\u00e3o especializada na produ\u00e7\u00e3o de caudal\u00edmetros de turbina pode ter uma capacidade de produ\u00e7\u00e3o superior \u00e0 de uma instala\u00e7\u00e3o que produz caudal\u00edmetros ultra-s\u00f3nicos. Al\u00e9m disso, a capacidade de produ\u00e7\u00e3o de uma instala\u00e7\u00e3o pode ser afetada pela complexidade do medidor de caudal que est\u00e1 a ser produzido, bem como pela disponibilidade de mat\u00e9rias-primas e componentes.<\/p>\n<\/div>\n<div name=\"12\" id=\"12\">\n<p><strong>12.What is the function of stream flow meter?<\/strong><\/p>\n<p>Our company has many years of stream flow meter experience and expertise.<br \/>\nUm medidor de caudal \u00e9 um dispositivo utilizado para medir o caudal ou a quantidade de um g\u00e1s ou l\u00edquido que se desloca atrav\u00e9s de um tubo. \u00c9 utilizado para medir o caudal de um l\u00edquido ou g\u00e1s numa conduta fechada. Os medidores de caudal s\u00e3o utilizados numa variedade de ind\u00fastrias, incluindo o tratamento de \u00e1gua e \u00e1guas residuais, petr\u00f3leo e g\u00e1s e processamento qu\u00edmico.<\/p>\n<\/div>\n<div name=\"13\" id=\"13\">\n<p><strong>13.How to calibrate a stream flow meter?<\/strong><\/p>\n<p>Being one of the top stream flow meter manufacturers in China, We attach great importance to this detail.<br \/>\n1. Verifique as instru\u00e7\u00f5es do fabricante para o medidor de caudal espec\u00edfico que est\u00e1 a utilizar.<\/p>\n<p>2. Certifique-se de que o medidor de caudal est\u00e1 corretamente instalado e de que todas as liga\u00e7\u00f5es est\u00e3o seguras.<\/p>\n<p>3. Ligar o medidor de caudal a um dispositivo de calibra\u00e7\u00e3o, como um dispositivo de calibra\u00e7\u00e3o de caudal ou um circuito de calibra\u00e7\u00e3o de caudal.<\/p>\n<p>4. Regular o dispositivo de calibra\u00e7\u00e3o para o caudal pretendido.<\/p>\n<p>5. Ligar o medidor de caudal e deix\u00e1-lo funcionar durante alguns minutos para garantir a sua estabilidade.<\/p>\n<p>6. Comparar a leitura do medidor de caudal com a leitura do dispositivo de calibra\u00e7\u00e3o.<\/p>\n<p>7. Ajustar as defini\u00e7\u00f5es do medidor de caudal conforme necess\u00e1rio para corresponder \u00e0 leitura do dispositivo de calibra\u00e7\u00e3o.<\/p>\n<p>8. Repetir os passos 4-7 at\u00e9 que a leitura do medidor de caudal coincida com a leitura do dispositivo de calibra\u00e7\u00e3o.<\/p>\n<p>9. Registar as defini\u00e7\u00f5es do medidor de caudal e a leitura do dispositivo de calibra\u00e7\u00e3o para refer\u00eancia futura.<\/p>\n<\/div>\n<p>Etiqueta\uff1a<a href=\"\/pt\/magnetic-flow-meter\/pc-flow-meter\/\">medidor de caudal pc<\/a>,<a href=\"\/pt\/magnetic-flow-meter\/carb-air-flow-meter\/\">carb air flow meter<\/a>,<a href=\"\/pt\/magnetic-flow-meter\/elster-flow-meter\/\">medidor de caudal elster<\/a><\/p>\n<p><\/p>","protected":false},"excerpt":{"rendered":"<p><strong>Dados t\u00e9cnicos<\/strong><br \/>\nPode servir fluidos l\u00edquidos ou gasosos, sendo normalmente utilizado para medir o caudal de vapor, vapor, ar e g\u00e1s natural.<br \/>\nTamanho do contador: Tipo em linha: DN25 - DN300<br \/>\nOp\u00e7\u00e3o de material h\u00famido: SS304, SS316<br \/>\nTemperatura de funcionamento: \u2264250\u2103<br \/>\nLiga\u00e7\u00e3o ao processo: Wafer \/ Flange \/ Tri-clamp para o tipo In-line<br \/>\nPrecis\u00e3o de medi\u00e7\u00e3o: 1,0 % - 1,5% do intervalo de calibra\u00e7\u00e3o<br \/>\nIndicador digital: apresenta o caudal instant\u00e2neo e o caudal total<br \/>\nFonte de alimenta\u00e7\u00e3o: 24VDC, Sa\u00edda: 4-20mA<\/p>\n<p><strong>caracter\u00edsticas<\/strong><br \/>\n1. pontos de regula\u00e7\u00e3o ON\/OFF ajust\u00e1veis<br \/>\n2. modo de alarme de caudal alto ou baixo<br \/>\n3. tempo de atraso ajust\u00e1vel<br \/>\n4. LED de estado do rel\u00e9<\/p>","protected":false},"featured_media":3691,"comment_status":"closed","ping_status":"closed","template":"","meta":[],"product_cat":[2372],"product_tag":[],"acf":[],"_links":{"self":[{"href":"https:\/\/www.hginstrument.com\/pt\/wp-json\/wp\/v2\/product\/5939"}],"collection":[{"href":"https:\/\/www.hginstrument.com\/pt\/wp-json\/wp\/v2\/product"}],"about":[{"href":"https:\/\/www.hginstrument.com\/pt\/wp-json\/wp\/v2\/types\/product"}],"replies":[{"embeddable":true,"href":"https:\/\/www.hginstrument.com\/pt\/wp-json\/wp\/v2\/comments?post=5939"}],"wp:featuredmedia":[{"embeddable":true,"href":"https:\/\/www.hginstrument.com\/pt\/wp-json\/wp\/v2\/media\/3691"}],"wp:attachment":[{"href":"https:\/\/www.hginstrument.com\/pt\/wp-json\/wp\/v2\/media?parent=5939"}],"wp:term":[{"taxonomy":"product_cat","embeddable":true,"href":"https:\/\/www.hginstrument.com\/pt\/wp-json\/wp\/v2\/product_cat?post=5939"},{"taxonomy":"product_tag","embeddable":true,"href":"https:\/\/www.hginstrument.com\/pt\/wp-json\/wp\/v2\/product_tag?post=5939"}],"curies":[{"name":"wp","href":"https:\/\/api.w.org\/{rel}","templated":true}]}}