{"id":5945,"date":"2023-12-25T02:13:18","date_gmt":"2023-12-24T18:13:18","guid":{"rendered":"https:\/\/www.hginstrument.com\/?post_type=product&#038;p=5945"},"modified":"2023-12-27T13:44:02","modified_gmt":"2023-12-27T05:44:02","slug":"sulfuric-acid-flow-meter","status":"publish","type":"product","link":"https:\/\/www.hginstrument.com\/pt\/magnetic-flow-meter\/sulfuric-acid-flow-meter\/","title":{"rendered":"sulfuric acid flow meter"},"content":{"rendered":"<p>Designed for ease of use, our sulfuric acid flow meter is simple to install and operate, suitable for both professional and non-professional users. It is also extremely durable and able to withstand harsh environments, ensuring long-lasting performance. sulfuric acid flow meter also provides a user-friendly interface that makes it easy to monitor and log traffic data. Additionally, sulfuric acid flow meter offers high accuracy, durability, and user-friendliness, making it the perfect choice for your flow measurement needs.<\/p>\n<p>At the heart of sulfuric acid flow meter is technology that measures and records flow, providing accurate and reliable readings. There are different types of sulfuric acid flow meter including magnetic, ultrasonic, Flow nozzle, Coriolis and turbine, each designed for specific applications and fluid types.<\/p>\n<p>One of the most advanced and widely used sulfuric acid flow meter is the electromagnetic sulfuric acid flow meter. It works on Faraday&#8217;s law of electromagnetic induction and is able to measure the flow of conducting fluids with incredible accuracy and repeatability. It is suitable for use with a variety of fluids, including water, chemicals, Research and development and mud.<\/p>\n<p>&nbsp;<\/p>\n<table class=\"table table-bordered\">\n<tbody>\n<tr>\n<td><span style=\"vertical-align: inherit;\"><span style=\"vertical-align: inherit;\">Tipo\uff1a<\/span><\/span><\/td>\n<td><span style=\"vertical-align: inherit;\">sulfuric acid flow meter<\/span><\/td>\n<td><span style=\"vertical-align: inherit;\"><span style=\"vertical-align: inherit;\">Sinal de sa\u00edda\uff1a<\/span><\/span><\/td>\n<td><span style=\"vertical-align: inherit;\"><span style=\"vertical-align: inherit;\">4-18mA, Impulso\/Frequ\u00eancia 2kHz(Predefini\u00e7\u00e3o), 5KHz(M\u00e1x.)<\/span><\/span><\/td>\n<\/tr>\n<tr>\n<td><span style=\"vertical-align: inherit;\"><span style=\"vertical-align: inherit;\">Local de origem\uff1a<\/span><\/span><\/td>\n<td><span style=\"vertical-align: inherit;\"><span style=\"vertical-align: inherit;\">Jiangsu\uff0cChina<\/span><\/span><\/td>\n<td><span style=\"vertical-align: inherit;\"><span style=\"vertical-align: inherit;\">Incorporar tipo\uff1a<\/span><\/span><\/td>\n<td><span style=\"vertical-align: inherit;\"><span style=\"vertical-align: inherit;\">-10\u2103- +52\u2103<\/span><\/span><\/td>\n<\/tr>\n<tr>\n<td><span style=\"vertical-align: inherit;\"><span style=\"vertical-align: inherit;\">Garantia\uff1a<\/span><\/span><\/td>\n<td><span style=\"vertical-align: inherit;\"><span style=\"vertical-align: inherit;\">28 meses<\/span><\/span><\/td>\n<td><span style=\"vertical-align: inherit;\"><span style=\"vertical-align: inherit;\">Tens\u00e3o de alimenta\u00e7\u00e3o\uff1a<\/span><\/span><\/td>\n<td><span style=\"vertical-align: inherit;\"><span style=\"vertical-align: inherit;\">110\/220VAC (100-240VAC), 50Hz\/60Hz; 24VDC\u00b110%<\/span><\/span><\/td>\n<\/tr>\n<tr>\n<td><span style=\"vertical-align: inherit;\"><span style=\"vertical-align: inherit;\">Suporte personalizado\uff1a<\/span><\/span><\/td>\n<td><span style=\"vertical-align: inherit;\"><span style=\"vertical-align: inherit;\">OEM, ODM, OBM<\/span><\/span><\/td>\n<td><span style=\"vertical-align: inherit;\"><span style=\"vertical-align: inherit;\">Comunica\u00e7\u00e3o digital\uff1a<\/span><\/span><\/td>\n<td><span style=\"vertical-align: inherit;\"><span style=\"vertical-align: inherit;\">RS-485, suporta o protocolo padr\u00e3o Mudbugs-RTU; GPRS<\/span><\/span><\/td>\n<\/tr>\n<tr>\n<td><span style=\"vertical-align: inherit;\"><span style=\"vertical-align: inherit;\">Nome da marca\uff1a<\/span><\/span><\/td>\n<td><span style=\"vertical-align: inherit;\"><span style=\"vertical-align: inherit;\">GRUPO SUYI<\/span><\/span><\/td>\n<td><span style=\"vertical-align: inherit;\"><span style=\"vertical-align: inherit;\">Press\u00e3o nominal\uff1a<\/span><\/span><\/td>\n<td><span style=\"vertical-align: inherit;\"><span style=\"vertical-align: inherit;\">1MPa (DN15-DN800), 1,6MPa (DN15-DN800), 2,5MPa (DN15-DN600)<\/span><\/span><\/td>\n<\/tr>\n<tr>\n<td><span style=\"vertical-align: inherit;\"><span style=\"vertical-align: inherit;\">N\u00famero do modelo\uff1a<\/span><\/span><\/td>\n<td><span style=\"vertical-align: inherit;\"><span style=\"vertical-align: inherit;\">outros<\/span><\/span><\/td>\n<td><span style=\"vertical-align: inherit;\"><span style=\"vertical-align: inherit;\">Sensor\uff1a<\/span><\/span><\/td>\n<td><span style=\"vertical-align: inherit;\"><span style=\"vertical-align: inherit;\">0\u2103- +80\u2103 ou -25\u2103- +120\u2103 ou +70\u2103- +250\u2103<\/span><\/span><\/td>\n<\/tr>\n<tr>\n<td><span style=\"vertical-align: inherit;\"><span style=\"vertical-align: inherit;\">Nome do produto\uff1a<\/span><\/span><\/td>\n<td><span style=\"vertical-align: inherit;\"><span style=\"vertical-align: inherit;\">Medidor de caudal de \u00e1gua qu\u00edmica digital inteligente eletromagn\u00e9tico<\/span><\/span><\/td>\n<td><span style=\"vertical-align: inherit;\"><span style=\"vertical-align: inherit;\">Detalhes da embalagem\uff1a<\/span><\/span><\/td>\n<td><span style=\"vertical-align: inherit;\"><span style=\"vertical-align: inherit;\">1 conjunto por embalagem ou conforme o pedido do cliente<\/span><\/span><\/td>\n<\/tr>\n<tr>\n<td><span style=\"vertical-align: inherit;\"><span style=\"vertical-align: inherit;\">Di\u00e2metro nominal\uff1a<\/span><\/span><\/td>\n<td><span style=\"vertical-align: inherit;\"><span style=\"vertical-align: inherit;\">3-2831mm<\/span><\/span><\/td>\n<td><span style=\"vertical-align: inherit;\"><span style=\"vertical-align: inherit;\">Capacidade de fornecimento\uff1a<\/span><\/span><\/td>\n<td><span style=\"vertical-align: inherit;\"><span style=\"vertical-align: inherit;\">1728 Set\/Sets per Month<\/span><\/span><\/td>\n<\/tr>\n<tr>\n<td><span style=\"vertical-align: inherit;\"><span style=\"vertical-align: inherit;\">gama de velocidades\uff1a<\/span><\/span><\/td>\n<td><span style=\"vertical-align: inherit;\"><span style=\"vertical-align: inherit;\">0-15m\/s<\/span><\/span><\/td>\n<td><span style=\"vertical-align: inherit;\"><span style=\"vertical-align: inherit;\">Quantidade (conjuntos)\uff1a<\/span><\/span><\/td>\n<td><span style=\"vertical-align: inherit;\"><span style=\"vertical-align: inherit;\">&gt; 30<\/span><\/span><\/td>\n<\/tr>\n<tr>\n<td><span style=\"vertical-align: inherit;\"><span style=\"vertical-align: inherit;\">Grau de precis\u00e3o\uff1a<\/span><\/span><\/td>\n<td><span style=\"vertical-align: inherit;\"><span style=\"vertical-align: inherit;\">\u00b10,5%R, \u00b11%R ( &lt; DN20)<\/span><\/span><\/td>\n<td><span style=\"vertical-align: inherit;\"><span style=\"vertical-align: inherit;\">Prazo de execu\u00e7\u00e3o (dias)\uff1a<\/span><\/span><\/td>\n<td><span style=\"vertical-align: inherit;\"><span style=\"vertical-align: inherit;\">A ser negociado<\/span><\/span><\/td>\n<\/tr>\n<\/tbody>\n<\/table>\n<p>&nbsp;<\/p>\n<p><strong><\/strong><\/p>\n<p style=\"text-align:center;\"><img src=\"https:\/\/www.hginstrument.com\/wp-content\/uploads\/2021\/07\/in-line-pipeline-type-hgd-electromagnetic-flow-meter.jpg\" atl=\"sulfuric acid flow meter\" title=\"sulfuric acid flow meter\"><\/p>\n<p><strong><\/strong><\/p>\n<p style=\"text-align:center;\"><img src=\"https:\/\/www.hginstrument.com\/wp-content\/uploads\/2021\/07\/insertion-01.jpg\" atl=\"sulfuric acid flow meter\" title=\"sulfuric acid flow meter\"><\/p>\n<p><strong><\/strong><\/p>\n<p style=\"text-align:center;\"><img src=\"https:\/\/www.hginstrument.com\/wp-content\/uploads\/2021\/07\/sanitary-mag-1.jpg\" atl=\"sulfuric acid flow meter\" title=\"sulfuric acid flow meter\"><\/p>\n<p><strong>sulfuric acid flow meter FAQs Guide.<\/p>\n<p>At the heart of our sulfuric acid flow meter series lies a commitment to excellence, blending advanced sensor technology with user-friendly interfaces. From liquid to gas, our meters deliver unparalleled accuracy, empowering you to make informed decisions and streamline operations. As we usher in a new era of fluid measurement, we invite you to explore the limitless possibilities that our sulfuric acid flow meters unlock \u2013 where precision meets performance, and innovation flows seamlessly.<\/strong><\/p>\n<div style=\"border:3px solid #f89900;margin:20px 0;padding:20px;\"><a href=\"\/pt\/sulfuric-acid-flow-meter\/#01\">1.What are the installation methods of sulfuric acid flow meter?<\/a><br \/><a href=\"\/pt\/sulfuric-acid-flow-meter\/#02\">2.About sulfuric acid flow meter origin<\/a><br \/><a href=\"\/pt\/sulfuric-acid-flow-meter\/#03\">3.What is the weight and dimensions of the sulfuric acid flow meter?<\/a><br \/><a href=\"\/pt\/sulfuric-acid-flow-meter\/#04\">4.What are the common faults and solutions of sulfuric acid flow meters?<\/a><br \/><a href=\"\/pt\/sulfuric-acid-flow-meter\/#05\">5.What is the applicable pressure range of sulfuric acid flow meter?<\/a><br \/><a href=\"\/pt\/sulfuric-acid-flow-meter\/#06\">6.About sulfuric acid flow meter production skills training<\/a><br \/><a href=\"\/pt\/sulfuric-acid-flow-meter\/#07\">7.What are the characteristics of sulfuric acid flow meter?<\/a><br \/><a href=\"\/pt\/sulfuric-acid-flow-meter\/#08\">8.About the scale of sulfuric acid flow meter factory<\/a><br \/><a href=\"\/pt\/sulfuric-acid-flow-meter\/#09\">9.What is a sulfuric acid flow meter?<\/a><br \/><a href=\"\/pt\/sulfuric-acid-flow-meter\/#010\">10.Does the sulfuric acid flow meter have remote control capabilities?<\/a><br \/><a href=\"\/pt\/sulfuric-acid-flow-meter\/#11\">11.About sulfuric acid flow meter quality system<\/a><br \/><a href=\"\/pt\/sulfuric-acid-flow-meter\/#12\">12.Does the sulfuric acid flow meter have a function to prevent misuse?<\/a><br \/><a href=\"\/pt\/sulfuric-acid-flow-meter\/#13\">13.About sulfuric acid flow meter R&#038;D capabilities<\/a><br \/><a href=\"\/pt\/sulfuric-acid-flow-meter\/#14\">14.About sulfuric acid flow meter customization services<\/a><br \/><a href=\"\/pt\/sulfuric-acid-flow-meter\/#15\">15.About sulfuric acid flow meter inventory<\/a><br \/><a href=\"\/pt\/sulfuric-acid-flow-meter\/#16\">16.What are the common types of sulfuric acid flow meters?<\/a><\/div>\n<div name=\"01\" id=\"01\">\n<p><strong>1.What are the installation methods of sulfuric acid flow meter?<\/strong><\/p>\n<p>Our mission is to provide customers with the best solutions for sulfuric acid flow meter.<br \/>\n1. Instala\u00e7\u00e3o em linha: Este \u00e9 o tipo mais comum de instala\u00e7\u00e3o de medidores de caudal. Envolve a coloca\u00e7\u00e3o do medidor de vaz\u00e3o diretamente no tubo ou duto onde o fluido est\u00e1 fluindo.<\/p>\n<p>2. Instala\u00e7\u00e3o de inser\u00e7\u00e3o: Este tipo de instala\u00e7\u00e3o envolve a inser\u00e7\u00e3o do medidor de caudal no tubo ou conduta. Isto \u00e9 normalmente feito com uma flange ou um encaixe.<\/p>\n<p>3. Instala\u00e7\u00e3o em canal aberto: Este tipo de instala\u00e7\u00e3o \u00e9 utilizado quando o caudal se encontra num canal aberto, como um rio ou ribeiro. O medidor de caudal \u00e9 colocado no canal e mede o caudal.<\/p>\n<p>4. Instala\u00e7\u00e3o submers\u00edvel: Este tipo de instala\u00e7\u00e3o \u00e9 usado quando o fluxo est\u00e1 num ambiente submerso, como um po\u00e7o ou reservat\u00f3rio. O medidor de caudal \u00e9 colocado na \u00e1gua e mede o caudal.<\/p>\n<\/div>\n<div name=\"02\" id=\"02\">\n<p><strong>2.About sulfuric acid flow meter origin<\/strong><\/p>\n<p>O primeiro medidor de caudal foi inventado em 1832 por um ingl\u00eas chamado William Henry. Ele desenvolveu um dispositivo que utilizava um flutuador para medir o caudal de \u00e1gua num tubo. Este dispositivo foi o primeiro do seu g\u00e9nero e foi o precursor dos medidores de caudal modernos. Desde ent\u00e3o, os medidores de caudal t\u00eam sido utilizados numa variedade de ind\u00fastrias para medir o caudal de l\u00edquidos, gases e outros materiais. Atualmente, os medidores de caudal s\u00e3o utilizados numa variedade de aplica\u00e7\u00f5es, desde a medi\u00e7\u00e3o do caudal de \u00e1gua num tubo at\u00e9 \u00e0 medi\u00e7\u00e3o do caudal de petr\u00f3leo numa refinaria.<\/p>\n<\/div>\n<div name=\"03\" id=\"03\">\n<p><strong>3.What is the weight and dimensions of the sulfuric acid flow meter?<\/strong><\/p>\n<p>Os nossos produtos e servi\u00e7os abrangem uma vasta gama de \u00e1reas e satisfazem as necessidades de diferentes dom\u00ednios.<br \/>\nO peso e as dimens\u00f5es do medidor de caudal dependem do modelo espec\u00edfico e do fabricante. Geralmente, os caudal\u00edmetros variam em tamanho, desde pequenos dispositivos port\u00e1teis a grandes unidades industriais. O peso de um caudal\u00edmetro pode variar entre algumas on\u00e7as e v\u00e1rias centenas de libras.<\/p>\n<\/div>\n<div name=\"04\" id=\"04\">\n<p><strong>4.What are the common faults and solutions of sulfuric acid flow meters?<\/strong><\/p>\n<p>Mantemos um certo montante de investimento em I&amp;D todos os anos e melhoramos continuamente a efici\u00eancia operacional para prestar melhores servi\u00e7os aos nossos clientes cooperativos.<br \/>\nAs falhas e solu\u00e7\u00f5es comuns dos medidores de caudal incluem:<\/p>\n<p>1. Baixa precis\u00e3o: Esta situa\u00e7\u00e3o \u00e9 normalmente causada por uma instala\u00e7\u00e3o ou calibra\u00e7\u00e3o incorrecta. Para resolver este problema, verifique a instala\u00e7\u00e3o e a calibra\u00e7\u00e3o do medidor de caudal e certifique-se de que est\u00e3o correctas.<\/p>\n<p>2. Fugas: Esta situa\u00e7\u00e3o \u00e9 normalmente causada por um vedante gasto ou danificado. Para resolver este problema, substitua a junta por uma nova.<\/p>\n<p>3. Entupimento: Isto \u00e9 normalmente causado por detritos ou outras part\u00edculas que bloqueiam o medidor de caudal. Para resolver este problema, limpe o medidor de caudal e remova quaisquer detritos ou part\u00edculas.<\/p>\n<p>4. Corros\u00e3o: Geralmente \u00e9 causada pela exposi\u00e7\u00e3o a l\u00edquidos ou gases corrosivos. Para resolver este problema, substitua todas as pe\u00e7as corro\u00eddas e utilize um material resistente \u00e0 corros\u00e3o para o medidor de caudal.<\/p>\n<p><img src=\"https:\/\/www.hginstrument.com\/wp-content\/uploads\/2021\/10\/w803e-f3.jpg\" alt=\"What are the common faults and solutions of sulfuric acid flow meters?\" title=\"What are the common faults and solutions of sulfuric acid flow meters?\" style=\"max-width: 100%;\"><\/div>\n<div name=\"05\" id=\"05\">\n<p><strong>5.What is the applicable pressure range of sulfuric acid flow meter?<\/strong><\/p>\n<p>Os nossos produtos e servi\u00e7os abrangem uma vasta gama de \u00e1reas e satisfazem as necessidades de diferentes dom\u00ednios.<br \/>\nO intervalo de press\u00e3o aplic\u00e1vel a um medidor de caudal depende do tipo de medidor de caudal que est\u00e1 a ser utilizado. Geralmente, os caudal\u00edmetros podem medir press\u00f5es que variam entre 0,1 bar e 1000 bar.<\/p>\n<\/div>\n<div name=\"06\" id=\"06\">\n<p><strong>6.About sulfuric acid flow meter production skills training<\/strong><\/p>\n<p>A forma\u00e7\u00e3o em compet\u00eancias de produ\u00e7\u00e3o de caudal\u00edmetros foi concebida para ensinar aos t\u00e9cnicos e engenheiros as compet\u00eancias necess\u00e1rias para produzir e manter caudal\u00edmetros. A forma\u00e7\u00e3o abrange t\u00f3picos como os princ\u00edpios da medi\u00e7\u00e3o de caudal, os tipos de caudal\u00edmetros dispon\u00edveis, a instala\u00e7\u00e3o e manuten\u00e7\u00e3o de caudal\u00edmetros e t\u00e9cnicas de resolu\u00e7\u00e3o de problemas. A forma\u00e7\u00e3o tamb\u00e9m abrange a utiliza\u00e7\u00e3o de software inform\u00e1tico para analisar e interpretar dados de caudal. A forma\u00e7\u00e3o \u00e9 normalmente realizada em sala de aula e pode incluir actividades pr\u00e1ticas.<\/p>\n<\/div>\n<div name=\"07\" id=\"07\">\n<p><strong>7.What are the characteristics of sulfuric acid flow meter?<\/strong><\/p>\n<p>Estabelecemos parcerias est\u00e1veis e de longo prazo com os nossos fornecedores, pelo que temos grandes vantagens em termos de pre\u00e7o, custo e garantia de qualidade.<br \/>\n1. Precis\u00e3o: Os medidores de caudal devem ser capazes de medir com precis\u00e3o o caudal de um fluido.<\/p>\n<p>2. Gama: Os medidores de caudal devem ser capazes de medir uma vasta gama de caudais.<\/p>\n<p>3. Repetibilidade: Os medidores de caudal devem ser capazes de medir consistentemente o mesmo caudal ao longo do tempo.<\/p>\n<p>4. Tempo de resposta: Os medidores de caudal devem ser capazes de responder rapidamente a altera\u00e7\u00f5es no caudal.<\/p>\n<p>5. Durabilidade: Os caudal\u00edmetros devem ser capazes de suportar as condi\u00e7\u00f5es adversas do ambiente em que s\u00e3o utilizados.<\/p>\n<p>6. Custo: Os caudal\u00edmetros devem ser econ\u00f3micos para a aplica\u00e7\u00e3o.<\/p>\n<\/div>\n<div name=\"08\" id=\"08\">\n<p><strong>8.About the scale of sulfuric acid flow meter factory<\/strong><\/p>\n<p>As f\u00e1bricas de medidores de caudal variam em tamanho e \u00e2mbito, dependendo do tipo de medidores de caudal que produzem. Algumas f\u00e1bricas podem especializar-se na produ\u00e7\u00e3o de um \u00fanico tipo de medidor de caudal, enquanto outras podem produzir uma variedade de tipos diferentes. Algumas f\u00e1bricas podem ser grandes, com centenas de empregados, enquanto outras podem ser pequenas, com apenas alguns empregados. A dimens\u00e3o da f\u00e1brica tamb\u00e9m depender\u00e1 do tipo de caudal\u00edmetros que produz, bem como da procura desses caudal\u00edmetros.<\/p>\n<p><img src=\"https:\/\/www.hginstrument.com\/wp-content\/uploads\/2021\/07\/verabar-1.jpg\" alt=\"About the scale of sulfuric acid flow meter factory\" title=\"About the scale of sulfuric acid flow meter factory\" style=\"max-width: 100%;\"><\/div>\n<div name=\"09\" id=\"09\">\n<p><strong>9.What is a sulfuric acid flow meter?<\/strong><\/p>\n<p>Apostamos no trabalho de equipa e na comunica\u00e7\u00e3o para atingir objectivos comuns.<br \/>\nUm medidor de caudal \u00e9 um dispositivo utilizado para medir o caudal ou a quantidade de um g\u00e1s ou l\u00edquido que se desloca atrav\u00e9s de um tubo. Os medidores de caudal medem o caudal volum\u00e9trico ou m\u00e1ssico de um l\u00edquido ou g\u00e1s. S\u00e3o utilizados numa variedade de ind\u00fastrias, incluindo o tratamento de \u00e1gua e de \u00e1guas residuais, petr\u00f3leo e g\u00e1s, processamento qu\u00edmico e produ\u00e7\u00e3o de alimentos e bebidas.<\/p>\n<\/div>\n<div name=\"010\" id=\"010\">\n<p><strong>10.Does the sulfuric acid flow meter have remote control capabilities?<\/strong><\/p>\n<p>Concentramo-nos nas necessidades dos nossos clientes e esfor\u00e7amo-nos por satisfazer as suas expectativas, pelo que levamos isto muito a s\u00e9rio.<br \/>\nDepende do modelo espec\u00edfico do medidor de caudal. Alguns modelos podem ter capacidades de controlo remoto, enquanto outros n\u00e3o.<\/p>\n<\/div>\n<div name=\"11\" id=\"11\">\n<p><strong>11.About sulfuric acid flow meter quality system<\/strong><\/p>\n<p>Um sistema de qualidade de medidores de caudal \u00e9 um conjunto de processos e procedimentos que s\u00e3o utilizados para garantir que os medidores de caudal s\u00e3o fabricados e testados de forma a cumprirem os mais elevados padr\u00f5es de precis\u00e3o e fiabilidade. O sistema inclui medidas de controlo de qualidade, como a inspe\u00e7\u00e3o do material recebido, a inspe\u00e7\u00e3o durante o processo e o teste do produto final. Inclui tamb\u00e9m documenta\u00e7\u00e3o e manuten\u00e7\u00e3o de registos para garantir que todos os processos s\u00e3o seguidos e que quaisquer problemas s\u00e3o tratados de forma r\u00e1pida e eficaz. O sistema foi concebido para garantir que os medidores de caudal produzidos s\u00e3o da mais elevada qualidade e cumprem os requisitos do cliente.<\/p>\n<\/div>\n<div name=\"12\" id=\"12\">\n<p><strong>12.Does the sulfuric acid flow meter have a function to prevent misuse?<\/strong><\/p>\n<p>As one of the sulfuric acid flow meter market leaders, we are known for innovation and reliability.<br \/>\nA maioria dos medidores de vaz\u00e3o n\u00e3o tem uma fun\u00e7\u00e3o para evitar o uso indevido, mas alguns modelos podem ter recursos que podem ajudar a reduzir o risco de uso indevido. Por exemplo, alguns caudal\u00edmetros podem ter uma fun\u00e7\u00e3o de bloqueio que impede que utilizadores n\u00e3o autorizados alterem as defini\u00e7\u00f5es ou acedam aos dados. Al\u00e9m disso, alguns caudal\u00edmetros podem ter uma fun\u00e7\u00e3o de prote\u00e7\u00e3o por palavra-passe que exige que o utilizador introduza uma palavra-passe antes de poder aceder aos dados ou \u00e0s defini\u00e7\u00f5es.<\/p>\n<p><img src=\"https:\/\/www.hginstrument.com\/wp-content\/uploads\/2021\/07\/hls-2000p-z1.jpg\" alt=\"Does the sulfuric acid flow meter have a function to prevent misuse?\" title=\"Does the sulfuric acid flow meter have a function to prevent misuse?\" style=\"max-width: 100%;\"><\/div>\n<div name=\"13\" id=\"13\">\n<p><strong>13.About sulfuric acid flow meter R&#038;D capabilities<\/strong><\/p>\n<p>As capacidades de I&amp;D de caudal\u00edmetros referem-se \u00e0 capacidade de uma empresa ou organiza\u00e7\u00e3o para investigar, desenvolver e fabricar caudal\u00edmetros. Isto inclui a capacidade de conceber, testar e fabricar caudal\u00edmetros que satisfa\u00e7am os requisitos dos clientes e as normas da ind\u00fastria. Inclui tamb\u00e9m a capacidade de desenvolver novas tecnologias e produtos para satisfazer as necessidades em constante mudan\u00e7a da ind\u00fastria. As empresas com fortes capacidades de I&amp;D s\u00e3o capazes de se manter \u00e0 frente da concorr\u00eancia e fornecer aos clientes os caudal\u00edmetros mais avan\u00e7ados e fi\u00e1veis.<\/p>\n<\/div>\n<div name=\"14\" id=\"14\">\n<p><strong>14.About sulfuric acid flow meter customization services<\/strong><\/p>\n<p>Os servi\u00e7os de personaliza\u00e7\u00e3o de caudal\u00edmetros s\u00e3o concebidos para fornecer aos clientes uma solu\u00e7\u00e3o \u00e0 medida das suas necessidades espec\u00edficas de medi\u00e7\u00e3o de caudal. Estes servi\u00e7os podem incluir a personaliza\u00e7\u00e3o do medidor de caudal para se adequar a uma aplica\u00e7\u00e3o espec\u00edfica, como um tamanho de tubo ou caudal espec\u00edfico, ou para cumprir um determinado requisito de precis\u00e3o. Os servi\u00e7os de personaliza\u00e7\u00e3o tamb\u00e9m podem incluir a modifica\u00e7\u00e3o do medidor de caudal para incluir caracter\u00edsticas adicionais, tais como um visor ou capacidades de registo de dados. Os servi\u00e7os de personaliza\u00e7\u00e3o de caudal\u00edmetros podem tamb\u00e9m incluir a instala\u00e7\u00e3o do caudal\u00edmetro, bem como o fornecimento de apoio t\u00e9cnico e manuten\u00e7\u00e3o.<\/p>\n<\/div>\n<div name=\"15\" id=\"15\">\n<p><strong>15.About sulfuric acid flow meter inventory<\/strong><\/p>\n<p>O invent\u00e1rio de caudal\u00edmetros \u00e9 um sistema utilizado para controlar e gerir os caudal\u00edmetros utilizados em aplica\u00e7\u00f5es industriais e comerciais. \u00c9 utilizado para monitorizar o desempenho dos medidores de caudal, bem como para garantir que s\u00e3o devidamente mantidos e calibrados. O sistema de invent\u00e1rio tamb\u00e9m pode ser utilizado para controlar o custo dos medidores de caudal, bem como para identificar quaisquer problemas ou quest\u00f5es potenciais com os medidores de caudal.<\/p>\n<\/div>\n<div name=\"16\" id=\"16\">\n<p><strong>16.What are the common types of sulfuric acid flow meters?<\/strong><\/p>\n<p>Our mission is to provide customers with the best solutions for sulfuric acid flow meter.<br \/>\n1. Medidores de caudal de press\u00e3o diferencial<br \/>\n2. Medidores de caudal de deslocamento positivo<br \/>\n3. Medidores de caudal de turbina<br \/>\n4. Medidores de caudal magn\u00e9ticos<br \/>\n5. Medidores de caudal ultra-s\u00f3nicos<br \/>\n6. Medidores de caudal Coriolis<br \/>\n7. Medidores de caudal de v\u00f3rtice<br \/>\n8. Medidores de caudal alvo<br \/>\n9. Medidores de caudal de \u00e1rea vari\u00e1vel<br \/>\n10. Medidores de caudal m\u00e1ssico<\/p>\n<p><img src=\"https:\/\/www.hginstrument.com\/wp-content\/uploads\/2021\/07\/hgrs-1.jpg\" alt=\"What are the common types of sulfuric acid flow meters?\" title=\"What are the common types of sulfuric acid flow meters?\" style=\"max-width: 100%;\"><\/div>\n<p>Etiqueta\uff1a<a href=\"\/pt\/magnetic-flow-meter\/insertion-magnetic-flow-meter\/\">caudal\u00edmetro magn\u00e9tico de inser\u00e7\u00e3o<\/a>,<a href=\"\/pt\/magnetic-flow-meter\/high-temp-flow-meter\/\">medidor de caudal de alta temperatura<\/a>,<a href=\"\/pt\/magnetic-flow-meter\/gpi-turbine-flow-meter\/\">gpi turbine flow meter<\/a>,<a href=\"\/pt\/magnetic-flow-meter\/sick-ultrasonic-flow-meter\/\">medidor de caudal ultrass\u00f3nico doente<\/a>,<a href=\"\/pt\/magnetic-flow-meter\/electronic-gas-flow-meter\/\">medidor eletr\u00f3nico de caudal de g\u00e1s<\/a><\/p>\n<p><\/p>","protected":false},"excerpt":{"rendered":"<p><strong>Dados t\u00e9cnicos<\/strong><br \/>\nPode servir fluidos l\u00edquidos ou gasosos, sendo normalmente utilizado para medir o caudal de vapor, vapor, ar e g\u00e1s natural.<br \/>\nTamanho do contador: Tipo em linha: DN25 - DN300<br \/>\nOp\u00e7\u00e3o de material h\u00famido: SS304, SS316<br \/>\nTemperatura de funcionamento: \u2264250\u2103<br \/>\nLiga\u00e7\u00e3o ao processo: Wafer \/ Flange \/ Tri-clamp para o tipo In-line<br \/>\nPrecis\u00e3o de medi\u00e7\u00e3o: 1,0 % - 1,5% do intervalo de calibra\u00e7\u00e3o<br \/>\nIndicador digital: apresenta o caudal instant\u00e2neo e o caudal total<br \/>\nFonte de alimenta\u00e7\u00e3o: 24VDC, Sa\u00edda: 4-20mA<\/p>\n<p><strong>caracter\u00edsticas<\/strong><br \/>\n1. pontos de regula\u00e7\u00e3o ON\/OFF ajust\u00e1veis<br \/>\n2. modo de alarme de caudal alto ou baixo<br \/>\n3. tempo de atraso ajust\u00e1vel<br \/>\n4. LED de estado do rel\u00e9<\/p>","protected":false},"featured_media":3691,"comment_status":"closed","ping_status":"closed","template":"","meta":[],"product_cat":[2372],"product_tag":[],"acf":[],"_links":{"self":[{"href":"https:\/\/www.hginstrument.com\/pt\/wp-json\/wp\/v2\/product\/5945"}],"collection":[{"href":"https:\/\/www.hginstrument.com\/pt\/wp-json\/wp\/v2\/product"}],"about":[{"href":"https:\/\/www.hginstrument.com\/pt\/wp-json\/wp\/v2\/types\/product"}],"replies":[{"embeddable":true,"href":"https:\/\/www.hginstrument.com\/pt\/wp-json\/wp\/v2\/comments?post=5945"}],"wp:featuredmedia":[{"embeddable":true,"href":"https:\/\/www.hginstrument.com\/pt\/wp-json\/wp\/v2\/media\/3691"}],"wp:attachment":[{"href":"https:\/\/www.hginstrument.com\/pt\/wp-json\/wp\/v2\/media?parent=5945"}],"wp:term":[{"taxonomy":"product_cat","embeddable":true,"href":"https:\/\/www.hginstrument.com\/pt\/wp-json\/wp\/v2\/product_cat?post=5945"},{"taxonomy":"product_tag","embeddable":true,"href":"https:\/\/www.hginstrument.com\/pt\/wp-json\/wp\/v2\/product_tag?post=5945"}],"curies":[{"name":"wp","href":"https:\/\/api.w.org\/{rel}","templated":true}]}}