{"id":6023,"date":"2023-12-25T05:15:15","date_gmt":"2023-12-24T21:15:15","guid":{"rendered":"https:\/\/www.hginstrument.com\/?post_type=product&#038;p=6023"},"modified":"2023-12-27T10:31:31","modified_gmt":"2023-12-27T02:31:31","slug":"ultrasonic-flow-meter","status":"publish","type":"product","link":"https:\/\/www.hginstrument.com\/pt\/magnetic-flow-meter\/ultrasonic-flow-meter\/","title":{"rendered":"medidor de caudal ultrass\u00f3nico"},"content":{"rendered":"<p>This advanced device is designed to measure the quantity and velocity of liquid, gas, or steam as it passes through a pipe or duct. With its state-of-the-art technology and superior performance, ultrasonic flow meter offers precise and reliable measurements that help optimize processes and improve efficiency.<\/p>\n<p>The ultrasonic flow meter is equipped with a digital display, making it easy to read and interpret the flow rate in various units. Its user-friendly interface allows for quick and simple calibration and adjustments.<\/p>\n<p>In addition, ultrasonic flow meter offers various models for different applications, including electromagnetic, ultrasonic, and thermal dispersion. Each model is designed with specific features to cater to the unique needs of its users.<\/p>\n<p>&nbsp;<\/p>\n<table class=\"table table-bordered\">\n<tbody>\n<tr>\n<td><span style=\"vertical-align: inherit;\"><span style=\"vertical-align: inherit;\">Tipo\uff1a<\/span><\/span><\/td>\n<td><span style=\"vertical-align: inherit;\">medidor de caudal ultrass\u00f3nico<\/span><\/td>\n<td><span style=\"vertical-align: inherit;\"><span style=\"vertical-align: inherit;\">Sinal de sa\u00edda\uff1a<\/span><\/span><\/td>\n<td><span style=\"vertical-align: inherit;\"><span style=\"vertical-align: inherit;\">4-16mA, Impulso\/Frequ\u00eancia 2kHz(Predefini\u00e7\u00e3o), 5KHz(M\u00e1x.)<\/span><\/span><\/td>\n<\/tr>\n<tr>\n<td><span style=\"vertical-align: inherit;\"><span style=\"vertical-align: inherit;\">Local de origem\uff1a<\/span><\/span><\/td>\n<td><span style=\"vertical-align: inherit;\"><span style=\"vertical-align: inherit;\">Jiangsu\uff0cChina<\/span><\/span><\/td>\n<td><span style=\"vertical-align: inherit;\"><span style=\"vertical-align: inherit;\">Incorporar tipo\uff1a<\/span><\/span><\/td>\n<td><span style=\"vertical-align: inherit;\"><span style=\"vertical-align: inherit;\">-10\u2103- +56\u2103<\/span><\/span><\/td>\n<\/tr>\n<tr>\n<td><span style=\"vertical-align: inherit;\"><span style=\"vertical-align: inherit;\">Garantia\uff1a<\/span><\/span><\/td>\n<td><span style=\"vertical-align: inherit;\"><span style=\"vertical-align: inherit;\">14 meses<\/span><\/span><\/td>\n<td><span style=\"vertical-align: inherit;\"><span style=\"vertical-align: inherit;\">Tens\u00e3o de alimenta\u00e7\u00e3o\uff1a<\/span><\/span><\/td>\n<td><span style=\"vertical-align: inherit;\"><span style=\"vertical-align: inherit;\">110\/220VAC (100-240VAC), 50Hz\/60Hz; 24VDC\u00b110%<\/span><\/span><\/td>\n<\/tr>\n<tr>\n<td><span style=\"vertical-align: inherit;\"><span style=\"vertical-align: inherit;\">Suporte personalizado\uff1a<\/span><\/span><\/td>\n<td><span style=\"vertical-align: inherit;\"><span style=\"vertical-align: inherit;\">OEM, ODM, OBM<\/span><\/span><\/td>\n<td><span style=\"vertical-align: inherit;\"><span style=\"vertical-align: inherit;\">Comunica\u00e7\u00e3o digital\uff1a<\/span><\/span><\/td>\n<td><span style=\"vertical-align: inherit;\"><span style=\"vertical-align: inherit;\">RS-485, suporta o protocolo padr\u00e3o Mudbugs-RTU; GPRS<\/span><\/span><\/td>\n<\/tr>\n<tr>\n<td><span style=\"vertical-align: inherit;\"><span style=\"vertical-align: inherit;\">Nome da marca\uff1a<\/span><\/span><\/td>\n<td><span style=\"vertical-align: inherit;\"><span style=\"vertical-align: inherit;\">GRUPO SUYI<\/span><\/span><\/td>\n<td><span style=\"vertical-align: inherit;\"><span style=\"vertical-align: inherit;\">Press\u00e3o nominal\uff1a<\/span><\/span><\/td>\n<td><span style=\"vertical-align: inherit;\"><span style=\"vertical-align: inherit;\">1MPa (DN15-DN800), 1,6MPa (DN15-DN800), 2,5MPa (DN15-DN600)<\/span><\/span><\/td>\n<\/tr>\n<tr>\n<td><span style=\"vertical-align: inherit;\"><span style=\"vertical-align: inherit;\">N\u00famero do modelo\uff1a<\/span><\/span><\/td>\n<td><span style=\"vertical-align: inherit;\"><span style=\"vertical-align: inherit;\">outros<\/span><\/span><\/td>\n<td><span style=\"vertical-align: inherit;\"><span style=\"vertical-align: inherit;\">Sensor\uff1a<\/span><\/span><\/td>\n<td><span style=\"vertical-align: inherit;\"><span style=\"vertical-align: inherit;\">0\u2103- +80\u2103 ou -25\u2103- +120\u2103 ou +70\u2103- +250\u2103<\/span><\/span><\/td>\n<\/tr>\n<tr>\n<td><span style=\"vertical-align: inherit;\"><span style=\"vertical-align: inherit;\">Nome do produto\uff1a<\/span><\/span><\/td>\n<td><span style=\"vertical-align: inherit;\"><span style=\"vertical-align: inherit;\">Medidor de caudal de \u00e1gua qu\u00edmica digital inteligente eletromagn\u00e9tico<\/span><\/span><\/td>\n<td><span style=\"vertical-align: inherit;\"><span style=\"vertical-align: inherit;\">Detalhes da embalagem\uff1a<\/span><\/span><\/td>\n<td><span style=\"vertical-align: inherit;\"><span style=\"vertical-align: inherit;\">1 conjunto por embalagem ou conforme o pedido do cliente<\/span><\/span><\/td>\n<\/tr>\n<tr>\n<td><span style=\"vertical-align: inherit;\"><span style=\"vertical-align: inherit;\">Di\u00e2metro nominal\uff1a<\/span><\/span><\/td>\n<td><span style=\"vertical-align: inherit;\"><span style=\"vertical-align: inherit;\">3-3047mm<\/span><\/span><\/td>\n<td><span style=\"vertical-align: inherit;\"><span style=\"vertical-align: inherit;\">Capacidade de fornecimento\uff1a<\/span><\/span><\/td>\n<td><span style=\"vertical-align: inherit;\"><span style=\"vertical-align: inherit;\">1536 conjuntos\/conjuntos por m\u00eas<\/span><\/span><\/td>\n<\/tr>\n<tr>\n<td><span style=\"vertical-align: inherit;\"><span style=\"vertical-align: inherit;\">gama de velocidades\uff1a<\/span><\/span><\/td>\n<td><span style=\"vertical-align: inherit;\"><span style=\"vertical-align: inherit;\">0-10m\/s<\/span><\/span><\/td>\n<td><span style=\"vertical-align: inherit;\"><span style=\"vertical-align: inherit;\">Quantidade (conjuntos)\uff1a<\/span><\/span><\/td>\n<td><span style=\"vertical-align: inherit;\"><span style=\"vertical-align: inherit;\">&gt; 30<\/span><\/span><\/td>\n<\/tr>\n<tr>\n<td><span style=\"vertical-align: inherit;\"><span style=\"vertical-align: inherit;\">Grau de precis\u00e3o\uff1a<\/span><\/span><\/td>\n<td><span style=\"vertical-align: inherit;\"><span style=\"vertical-align: inherit;\">\u00b10,5%R, \u00b11%R ( &lt; DN20)<\/span><\/span><\/td>\n<td><span style=\"vertical-align: inherit;\"><span style=\"vertical-align: inherit;\">Prazo de execu\u00e7\u00e3o (dias)\uff1a<\/span><\/span><\/td>\n<td><span style=\"vertical-align: inherit;\"><span style=\"vertical-align: inherit;\">A ser negociado<\/span><\/span><\/td>\n<\/tr>\n<\/tbody>\n<\/table>\n<p>&nbsp;<\/p>\n<p><strong><\/strong><\/p>\n<p style=\"text-align:center;\"><img src=\"https:\/\/www.hginstrument.com\/wp-content\/uploads\/2021\/07\/in-line-pipeline-type-hgd-electromagnetic-flow-meter.jpg\" atl=\"ultrasonic flow meter\" title=\"medidor de caudal ultrass\u00f3nico\"><\/p>\n<p><strong><\/strong><\/p>\n<p style=\"text-align:center;\"><img src=\"https:\/\/www.hginstrument.com\/wp-content\/uploads\/2021\/07\/insertion-01.jpg\" atl=\"ultrasonic flow meter\" title=\"medidor de caudal ultrass\u00f3nico\"><\/p>\n<p><strong><\/strong><\/p>\n<p style=\"text-align:center;\"><img src=\"https:\/\/www.hginstrument.com\/wp-content\/uploads\/2021\/07\/sanitary-mag-1.jpg\" atl=\"ultrasonic flow meter\" title=\"medidor de caudal ultrass\u00f3nico\"><\/p>\n<p><strong>ultrasonic flow meter FAQs Guide.<\/p>\n<p>At the heart of our ultrasonic flow meter series lies a commitment to excellence, blending advanced sensor technology with user-friendly interfaces. From liquid to gas, our meters deliver unparalleled accuracy, empowering you to make informed decisions and streamline operations. As we usher in a new era of fluid measurement, we invite you to explore the limitless possibilities that our ultrasonic flow meters unlock \u2013 where precision meets performance, and innovation flows seamlessly.<\/strong><\/p>\n<div style=\"border:3px solid #f89900;margin:20px 0;padding:20px;\"><a href=\"\/pt\/ultrasonic-flow-meter\/#01\">1.About ultrasonic flow meter inventory<\/a><br \/><a href=\"\/pt\/ultrasonic-flow-meter\/#02\">2.About ultrasonic flow meter quality system<\/a><br \/><a href=\"\/pt\/ultrasonic-flow-meter\/#03\">3.Does the ultrasonic flow meter have data storage capabilities?<\/a><br \/><a href=\"\/pt\/ultrasonic-flow-meter\/#04\">4.Does the ultrasonic flow meter have multi-language display capabilities?<\/a><br \/><a href=\"\/pt\/ultrasonic-flow-meter\/#05\">5.Does the ultrasonic flow meter require an external power source?<\/a><br \/><a href=\"\/pt\/ultrasonic-flow-meter\/#06\">6.About ultrasonic flow meter delivery date<\/a><br \/><a href=\"\/pt\/ultrasonic-flow-meter\/#07\">7.About ultrasonic flow meter raw material procurement system<\/a><br \/><a href=\"\/pt\/ultrasonic-flow-meter\/#08\">8.Does the ultrasonic flow meter have an automatic alarm function?<\/a><br \/><a href=\"\/pt\/ultrasonic-flow-meter\/#09\">9.About ultrasonic flow meter origin<\/a><br \/><a href=\"\/pt\/ultrasonic-flow-meter\/#010\">10.About ultrasonic flow meter warranty<\/a><br \/><a href=\"\/pt\/ultrasonic-flow-meter\/#11\">11.Is the measuring unit of the ultrasonic flow meter replaceable?<\/a><br \/><a href=\"\/pt\/ultrasonic-flow-meter\/#12\">12.What is the difference between ultrasonic flow meter SUYI group vs ultrasonic flow meter Siemens vs ultrasonic flow meter GE<\/a><br \/><a href=\"\/pt\/ultrasonic-flow-meter\/#13\">13.About ultrasonic flow meter inventory<\/a><br \/><a href=\"\/pt\/ultrasonic-flow-meter\/#14\">14.Does the explosion-proof performance of ultrasonic flow meter meet relevant standards?<\/a><br \/><a href=\"\/pt\/ultrasonic-flow-meter\/#15\">15.Can ultrasonic flow meter be monitored remotely?<\/a><br \/><a href=\"\/pt\/ultrasonic-flow-meter\/#16\">16.How to calibrate a ultrasonic flow meter?<\/a><\/div>\n<div name=\"01\" id=\"01\">\n<p><strong>1.About ultrasonic flow meter inventory<\/strong><\/p>\n<p>O invent\u00e1rio de caudal\u00edmetros \u00e9 um sistema utilizado para controlar e gerir os caudal\u00edmetros utilizados em aplica\u00e7\u00f5es industriais e comerciais. \u00c9 utilizado para monitorizar o desempenho dos medidores de caudal, bem como para garantir que s\u00e3o devidamente mantidos e calibrados. O sistema de invent\u00e1rio tamb\u00e9m pode ser utilizado para controlar o custo dos medidores de caudal, bem como para identificar quaisquer problemas ou quest\u00f5es potenciais com os medidores de caudal.<\/p>\n<\/div>\n<div name=\"02\" id=\"02\">\n<p><strong>2.About ultrasonic flow meter quality system<\/strong><\/p>\n<p>Um sistema de qualidade de medidores de caudal \u00e9 um conjunto de processos e procedimentos que s\u00e3o utilizados para garantir que os medidores de caudal s\u00e3o fabricados e testados de forma a cumprirem os mais elevados padr\u00f5es de precis\u00e3o e fiabilidade. O sistema inclui medidas de controlo de qualidade, como a inspe\u00e7\u00e3o do material recebido, a inspe\u00e7\u00e3o durante o processo e o teste do produto final. Inclui tamb\u00e9m documenta\u00e7\u00e3o e manuten\u00e7\u00e3o de registos para garantir que todos os processos s\u00e3o seguidos e que quaisquer problemas s\u00e3o tratados de forma r\u00e1pida e eficaz. O sistema foi concebido para garantir que os medidores de caudal produzidos s\u00e3o da mais elevada qualidade e cumprem os requisitos do cliente.<\/p>\n<\/div>\n<div name=\"03\" id=\"03\">\n<p><strong>3.Does the ultrasonic flow meter have data storage capabilities?<\/strong><\/p>\n<p>Concentramo-nos na inova\u00e7\u00e3o e na melhoria cont\u00ednua para manter uma vantagem competitiva.<br \/>\nDepende do tipo de caudal\u00edmetro. Alguns caudal\u00edmetros t\u00eam capacidades de armazenamento de dados, enquanto outros n\u00e3o.<\/p>\n<\/div>\n<div name=\"04\" id=\"04\">\n<p><strong>4.Does the ultrasonic flow meter have multi-language display capabilities?<\/strong><\/p>\n<p>As one of the top ultrasonic flow meter manufacturers in China, we take this very seriously.<br \/>\nSim, alguns medidores de caudal t\u00eam capacidades de visualiza\u00e7\u00e3o em v\u00e1rios idiomas. No entanto, esta funcionalidade n\u00e3o est\u00e1 dispon\u00edvel em todos os modelos. \u00c9 melhor verificar com o fabricante para ver se o modelo espec\u00edfico em que est\u00e1 interessado tem esta funcionalidade.<\/p>\n<p><img src=\"https:\/\/www.hginstrument.com\/wp-content\/uploads\/2021\/07\/v-cone-5.jpg\" alt=\"Does the ultrasonic flow meter have multi-language display capabilities?\" title=\"Does the ultrasonic flow meter have multi-language display capabilities?\" style=\"max-width: 100%;\"><\/div>\n<div name=\"05\" id=\"05\">\n<p><strong>5.Does the ultrasonic flow meter require an external power source?<\/strong><\/p>\n<p>Aderimos ao princ\u00edpio da qualidade em primeiro lugar e temos um sistema completo de gest\u00e3o da qualidade da produ\u00e7\u00e3o e um processo de inspe\u00e7\u00e3o da qualidade.<br \/>\nDepende do tipo de medidor de caudal. Alguns caudal\u00edmetros s\u00e3o alimentados por uma fonte de energia externa, enquanto outros s\u00e3o alimentados pelo caudal do l\u00edquido ou g\u00e1s que est\u00e1 a ser medido.<\/p>\n<\/div>\n<div name=\"06\" id=\"06\">\n<p><strong>6.About ultrasonic flow meter delivery date<\/strong><\/p>\n<p>A data de entrega de um medidor de caudal depender\u00e1 do tipo de medidor de caudal, do fabricante e da disponibilidade do produto. Geralmente, a maioria dos medidores de caudal pode ser entregue no prazo de alguns dias a algumas semanas. No entanto, alguns caudal\u00edmetros especializados podem demorar mais tempo a ser entregues. \u00c9 melhor contactar diretamente o fabricante para obter uma data de entrega precisa.<\/p>\n<\/div>\n<div name=\"07\" id=\"07\">\n<p><strong>7.About ultrasonic flow meter raw material procurement system<\/strong><\/p>\n<p>Um sistema de aquisi\u00e7\u00e3o de mat\u00e9rias-primas para caudal\u00edmetros \u00e9 uma solu\u00e7\u00e3o de software concebida para simplificar o processo de aquisi\u00e7\u00e3o de mat\u00e9rias-primas para a produ\u00e7\u00e3o de caudal\u00edmetros. O sistema permite que os utilizadores pesquisem e comprem r\u00e1pida e facilmente os componentes necess\u00e1rios para a produ\u00e7\u00e3o de medidores de caudal. Tamb\u00e9m fornece informa\u00e7\u00f5es detalhadas sobre os componentes, incluindo pre\u00e7os, disponibilidade e prazos de entrega. O sistema tamb\u00e9m permite aos utilizadores acompanhar as suas encomendas e gerir o seu invent\u00e1rio. Isto ajuda a garantir que os componentes certos est\u00e3o sempre dispon\u00edveis quando necess\u00e1rio.<\/p>\n<\/div>\n<div name=\"08\" id=\"08\">\n<p><strong>8.Does the ultrasonic flow meter have an automatic alarm function?<\/strong><\/p>\n<p>Aderimos ao princ\u00edpio da qualidade em primeiro lugar e temos um sistema completo de gest\u00e3o da qualidade da produ\u00e7\u00e3o e um processo de inspe\u00e7\u00e3o da qualidade.<br \/>\nMuitos medidores de caudal t\u00eam uma fun\u00e7\u00e3o de alarme autom\u00e1tico, mas isso depende do modelo espec\u00edfico. \u00c9 melhor verificar as especifica\u00e7\u00f5es do produto para determinar se o medidor de caudal que est\u00e1 a considerar tem esta fun\u00e7\u00e3o.<\/p>\n<p><img src=\"https:\/\/www.hginstrument.com\/wp-content\/uploads\/2021\/07\/mdp310-fc3-3.jpg\" alt=\"Does the ultrasonic flow meter have an automatic alarm function?\" title=\"Does the ultrasonic flow meter have an automatic alarm function?\" style=\"max-width: 100%;\"><\/div>\n<div name=\"09\" id=\"09\">\n<p><strong>9.About ultrasonic flow meter origin<\/strong><\/p>\n<p>O primeiro medidor de caudal foi inventado em 1832 por um ingl\u00eas chamado William Henry. Ele desenvolveu um dispositivo que utilizava um flutuador para medir o caudal de \u00e1gua num tubo. Este dispositivo foi o primeiro do seu g\u00e9nero e foi o precursor dos medidores de caudal modernos. Desde ent\u00e3o, os medidores de caudal t\u00eam sido utilizados numa variedade de ind\u00fastrias para medir o caudal de l\u00edquidos, gases e outros materiais. Atualmente, os medidores de caudal s\u00e3o utilizados numa variedade de aplica\u00e7\u00f5es, desde a medi\u00e7\u00e3o do caudal de \u00e1gua num tubo at\u00e9 \u00e0 medi\u00e7\u00e3o do caudal de petr\u00f3leo numa refinaria.<\/p>\n<\/div>\n<div name=\"010\" id=\"010\">\n<p><strong>10.About ultrasonic flow meter warranty<\/strong><\/p>\n<p>As garantias dos caudal\u00edmetros variam consoante o fabricante e o tipo de caudal\u00edmetro. Geralmente, as garantias cobrem defeitos de materiais e de fabrico, e podem tamb\u00e9m cobrir certos tipos de danos causados pela utiliza\u00e7\u00e3o normal. Algumas garantias podem tamb\u00e9m cobrir danos causados por instala\u00e7\u00e3o ou utiliza\u00e7\u00e3o incorrecta. \u00c9 importante ler as informa\u00e7\u00f5es de garantia fornecidas pelo fabricante para entender a cobertura espec\u00edfica e as limita\u00e7\u00f5es da garantia.<\/p>\n<\/div>\n<div name=\"11\" id=\"11\">\n<p><strong>11.Is the measuring unit of the ultrasonic flow meter replaceable?<\/strong><\/p>\n<p>As one of the top ultrasonic flow meter manufacturers in China, we take this very seriously.<br \/>\nSim, a unidade de medi\u00e7\u00e3o de um medidor de caudal \u00e9 substitu\u00edvel.<\/p>\n<\/div>\n<div name=\"12\" id=\"12\">\n<p><strong>12.What is the difference between ultrasonic flow meter SUYI group vs ultrasonic flow meter Siemens vs ultrasonic flow meter GE<\/strong><\/p>\n<p>Os medidores de caudal do SUYI Group s\u00e3o normalmente utilizados para medir o caudal de l\u00edquidos, gases e vapor. S\u00e3o concebidos para serem precisos, fi\u00e1veis e f\u00e1ceis de instalar e manter. Os medidores de caudal SUYI est\u00e3o dispon\u00edveis numa variedade de tamanhos e materiais, e podem ser utilizados numa variedade de aplica\u00e7\u00f5es.<\/p>\n<p>Os medidores de caudal da Siemens foram concebidos para medir o caudal de l\u00edquidos, gases e vapor. Foram concebidos para serem precisos, fi\u00e1veis e f\u00e1ceis de instalar e manter. Os medidores de caudal da Siemens est\u00e3o dispon\u00edveis numa variedade de tamanhos e materiais e podem ser utilizados numa variedade de aplica\u00e7\u00f5es.<\/p>\n<p>Os medidores de caudal da GE foram concebidos para medir o caudal de l\u00edquidos, gases e vapor. Foram concebidos para serem precisos, fi\u00e1veis e f\u00e1ceis de instalar e manter. Os medidores de caudal da GE est\u00e3o dispon\u00edveis numa grande variedade de tamanhos e materiais e podem ser utilizados numa grande variedade de aplica\u00e7\u00f5es. Oferecem tamb\u00e9m uma vasta gama de funcionalidades, tais como ecr\u00e3s digitais, alarmes e capacidades de registo de dados.<\/p>\n<p><img src=\"https:\/\/www.hginstrument.com\/wp-content\/uploads\/2021\/07\/hgtf-6.jpg\" alt=\"What is the difference between ultrasonic flow meter SUYI group vs ultrasonic flow meter Siemens vs ultrasonic flow meter GE\" title=\"What is the difference between ultrasonic flow meter SUYI group vs ultrasonic flow meter Siemens vs ultrasonic flow meter GE\" style=\"max-width: 100%;\"><\/div>\n<div name=\"13\" id=\"13\">\n<p><strong>13.About ultrasonic flow meter inventory<\/strong><\/p>\n<p>O invent\u00e1rio de caudal\u00edmetros \u00e9 um sistema utilizado para controlar e gerir os caudal\u00edmetros utilizados em aplica\u00e7\u00f5es industriais e comerciais. \u00c9 utilizado para monitorizar o desempenho dos medidores de caudal, bem como para garantir que s\u00e3o devidamente mantidos e calibrados. O sistema de invent\u00e1rio tamb\u00e9m pode ser utilizado para controlar o custo dos medidores de caudal, bem como para identificar quaisquer problemas ou quest\u00f5es potenciais com os medidores de caudal.<\/p>\n<\/div>\n<div name=\"14\" id=\"14\">\n<p><strong>14.Does the explosion-proof performance of ultrasonic flow meter meet relevant standards?<\/strong><\/p>\n<p>Sim, o desempenho \u00e0 prova de explos\u00e3o do medidor de caudal cumpre as normas relevantes. O medidor de caudal deve ser certificado por um organismo de certifica\u00e7\u00e3o reconhecido para garantir que cumpre os requisitos das normas relevantes.<\/p>\n<\/div>\n<div name=\"15\" id=\"15\">\n<p><strong>15.Can ultrasonic flow meter be monitored remotely?<\/strong><\/p>\n<p>We are a professional ultrasonic flow meter company dedicated to providing high quality products and services.<br \/>\nSim, os medidores de caudal podem ser monitorizados remotamente. Muitos caudal\u00edmetros modernos est\u00e3o equipados com capacidades de comunica\u00e7\u00e3o sem fios, permitindo a sua monitoriza\u00e7\u00e3o remota atrav\u00e9s de um computador ou dispositivo m\u00f3vel. Al\u00e9m disso, alguns caudal\u00edmetros est\u00e3o equipados com capacidades de comunica\u00e7\u00e3o por telem\u00f3vel ou sat\u00e9lite, permitindo a sua monitoriza\u00e7\u00e3o a partir de praticamente qualquer local.<\/p>\n<\/div>\n<div name=\"16\" id=\"16\">\n<p><strong>16.How to calibrate a ultrasonic flow meter?<\/strong><\/p>\n<p>Being one of the top ultrasonic flow meter manufacturers in China, We attach great importance to this detail.<br \/>\n1. Verifique as instru\u00e7\u00f5es do fabricante para o medidor de caudal espec\u00edfico que est\u00e1 a utilizar.<\/p>\n<p>2. Certifique-se de que o medidor de caudal est\u00e1 corretamente instalado e de que todas as liga\u00e7\u00f5es est\u00e3o seguras.<\/p>\n<p>3. Ligar o medidor de caudal a um dispositivo de calibra\u00e7\u00e3o, como um dispositivo de calibra\u00e7\u00e3o de caudal ou um circuito de calibra\u00e7\u00e3o de caudal.<\/p>\n<p>4. Regular o dispositivo de calibra\u00e7\u00e3o para o caudal pretendido.<\/p>\n<p>5. Ligar o medidor de caudal e deix\u00e1-lo funcionar durante alguns minutos para garantir a sua estabilidade.<\/p>\n<p>6. Comparar a leitura do medidor de caudal com a leitura do dispositivo de calibra\u00e7\u00e3o.<\/p>\n<p>7. Ajustar as defini\u00e7\u00f5es do medidor de caudal conforme necess\u00e1rio para corresponder \u00e0 leitura do dispositivo de calibra\u00e7\u00e3o.<\/p>\n<p>8. Repetir os passos 4-7 at\u00e9 que a leitura do medidor de caudal coincida com a leitura do dispositivo de calibra\u00e7\u00e3o.<\/p>\n<p>9. Registar as defini\u00e7\u00f5es do medidor de caudal e a leitura do dispositivo de calibra\u00e7\u00e3o para refer\u00eancia futura.<\/p>\n<p><img src=\"https:\/\/www.hginstrument.com\/wp-content\/uploads\/2021\/07\/verabar-1.jpg\" alt=\"How to calibrate a ultrasonic flow meter?\" title=\"How to calibrate a ultrasonic flow meter?\" style=\"max-width: 100%;\"><\/div>\n<p>Etiqueta\uff1a<a href=\"\/pt\/magnetic-flow-meter\/water-flow-meter-home-depot\/\">medidor de caudal de \u00e1gua home depot<\/a>,<a href=\"\/pt\/magnetic-flow-meter\/flow-meter-fluid\/\">medidor de caudal de fluido<\/a>,<a href=\"\/pt\/magnetic-flow-meter\/water-hose-flow-meter\/\">water hose flow meter<\/a>,<a href=\"\/pt\/magnetic-flow-meter\/sludge-flow-meter\/\">medidor de caudal de lamas<\/a>,<a href=\"\/pt\/magnetic-flow-meter\/hersey-flow-meter\/\">medidor de caudal hersey<\/a><\/p>\n<p><\/p>","protected":false},"excerpt":{"rendered":"<p><strong>Dados t\u00e9cnicos<\/strong><br \/>\nPode servir fluidos l\u00edquidos ou gasosos, sendo normalmente utilizado para medir o caudal de vapor, vapor, ar e g\u00e1s natural.<br \/>\nTamanho do contador: Tipo em linha: DN25 - DN300<br \/>\nOp\u00e7\u00e3o de material h\u00famido: SS304, SS316<br \/>\nTemperatura de funcionamento: \u2264250\u2103<br \/>\nLiga\u00e7\u00e3o ao processo: Wafer \/ Flange \/ Tri-clamp para o tipo In-line<br \/>\nPrecis\u00e3o de medi\u00e7\u00e3o: 1,0 % - 1,5% do intervalo de calibra\u00e7\u00e3o<br \/>\nIndicador digital: apresenta o caudal instant\u00e2neo e o caudal total<br \/>\nFonte de alimenta\u00e7\u00e3o: 24VDC, Sa\u00edda: 4-20mA<\/p>\n<p><strong>caracter\u00edsticas<\/strong><br \/>\n1. pontos de regula\u00e7\u00e3o ON\/OFF ajust\u00e1veis<br \/>\n2. modo de alarme de caudal alto ou baixo<br \/>\n3. tempo de atraso ajust\u00e1vel<br \/>\n4. LED de estado do rel\u00e9<\/p>","protected":false},"featured_media":3691,"comment_status":"closed","ping_status":"closed","template":"","meta":[],"product_cat":[2372],"product_tag":[],"acf":[],"_links":{"self":[{"href":"https:\/\/www.hginstrument.com\/pt\/wp-json\/wp\/v2\/product\/6023"}],"collection":[{"href":"https:\/\/www.hginstrument.com\/pt\/wp-json\/wp\/v2\/product"}],"about":[{"href":"https:\/\/www.hginstrument.com\/pt\/wp-json\/wp\/v2\/types\/product"}],"replies":[{"embeddable":true,"href":"https:\/\/www.hginstrument.com\/pt\/wp-json\/wp\/v2\/comments?post=6023"}],"wp:featuredmedia":[{"embeddable":true,"href":"https:\/\/www.hginstrument.com\/pt\/wp-json\/wp\/v2\/media\/3691"}],"wp:attachment":[{"href":"https:\/\/www.hginstrument.com\/pt\/wp-json\/wp\/v2\/media?parent=6023"}],"wp:term":[{"taxonomy":"product_cat","embeddable":true,"href":"https:\/\/www.hginstrument.com\/pt\/wp-json\/wp\/v2\/product_cat?post=6023"},{"taxonomy":"product_tag","embeddable":true,"href":"https:\/\/www.hginstrument.com\/pt\/wp-json\/wp\/v2\/product_tag?post=6023"}],"curies":[{"name":"wp","href":"https:\/\/api.w.org\/{rel}","templated":true}]}}