{"id":6062,"date":"2023-12-25T06:49:38","date_gmt":"2023-12-24T22:49:38","guid":{"rendered":"https:\/\/www.hginstrument.com\/?post_type=product&#038;p=6062"},"modified":"2023-12-27T09:59:22","modified_gmt":"2023-12-27T01:59:22","slug":"victor-argon-flow-meter","status":"publish","type":"product","link":"https:\/\/www.hginstrument.com\/pt\/magnetic-flow-meter\/victor-argon-flow-meter\/","title":{"rendered":"medidor de caudal de \u00e1rgon victor"},"content":{"rendered":"<p>O excelente desempenho, a fiabilidade e a estabilidade a longo prazo do medidor de caudal de \u00e1rgon da victor fazem dele uma ferramenta importante para manter uma gest\u00e3o \u00f3ptima do caudal em processos industriais complexos. Al\u00e9m disso, pode ser facilmente integrado com outros dispositivos e sistemas, proporcionando uma comunica\u00e7\u00e3o de dados perfeita e capacidades de registo de dados. O medidor de caudal de \u00e1rgon victor define verdadeiramente o padr\u00e3o para a tecnologia de medi\u00e7\u00e3o de caudal, fornecendo solu\u00e7\u00f5es fi\u00e1veis e eficientes para empresas em todo o mundo.<\/p>\n<p>O medidor de caudal de \u00e1rgon victor est\u00e1 equipado com um visor digital, facilitando a leitura e a interpreta\u00e7\u00e3o do caudal em v\u00e1rias unidades. A sua interface de f\u00e1cil utiliza\u00e7\u00e3o permite uma calibra\u00e7\u00e3o e ajustes r\u00e1pidos e simples.<\/p>\n<p>Al\u00e9m disso, o medidor de fluxo de arg\u00f4nio victor oferece v\u00e1rios modelos para diferentes aplica\u00e7\u00f5es, incluindo dispers\u00e3o eletromagn\u00e9tica, ultra-s\u00f4nica e t\u00e9rmica. Cada modelo \u00e9 projetado com recursos espec\u00edficos para atender \u00e0s necessidades exclusivas de seus usu\u00e1rios.<\/p>\n<p>&nbsp;<\/p>\n<table class=\"table table-bordered\">\n<tbody>\n<tr>\n<td><span style=\"vertical-align: inherit;\"><span style=\"vertical-align: inherit;\">Tipo\uff1a<\/span><\/span><\/td>\n<td><span style=\"vertical-align: inherit;\">medidor de caudal de \u00e1rgon victor<\/span><\/td>\n<td><span style=\"vertical-align: inherit;\"><span style=\"vertical-align: inherit;\">Sinal de sa\u00edda\uff1a<\/span><\/span><\/td>\n<td><span style=\"vertical-align: inherit;\"><span style=\"vertical-align: inherit;\">4-18mA, Impulso\/Frequ\u00eancia 2kHz(Predefini\u00e7\u00e3o), 5KHz(M\u00e1x.)<\/span><\/span><\/td>\n<\/tr>\n<tr>\n<td><span style=\"vertical-align: inherit;\"><span style=\"vertical-align: inherit;\">Local de origem\uff1a<\/span><\/span><\/td>\n<td><span style=\"vertical-align: inherit;\"><span style=\"vertical-align: inherit;\">Jiangsu\uff0cChina<\/span><\/span><\/td>\n<td><span style=\"vertical-align: inherit;\"><span style=\"vertical-align: inherit;\">Incorporar tipo\uff1a<\/span><\/span><\/td>\n<td><span style=\"vertical-align: inherit;\"><span style=\"vertical-align: inherit;\">-10\u2103- +52\u2103<\/span><\/span><\/td>\n<\/tr>\n<tr>\n<td><span style=\"vertical-align: inherit;\"><span style=\"vertical-align: inherit;\">Garantia\uff1a<\/span><\/span><\/td>\n<td><span style=\"vertical-align: inherit;\"><span style=\"vertical-align: inherit;\">12 meses<\/span><\/span><\/td>\n<td><span style=\"vertical-align: inherit;\"><span style=\"vertical-align: inherit;\">Tens\u00e3o de alimenta\u00e7\u00e3o\uff1a<\/span><\/span><\/td>\n<td><span style=\"vertical-align: inherit;\"><span style=\"vertical-align: inherit;\">110\/220VAC (100-240VAC), 50Hz\/60Hz; 24VDC\u00b110%<\/span><\/span><\/td>\n<\/tr>\n<tr>\n<td><span style=\"vertical-align: inherit;\"><span style=\"vertical-align: inherit;\">Suporte personalizado\uff1a<\/span><\/span><\/td>\n<td><span style=\"vertical-align: inherit;\"><span style=\"vertical-align: inherit;\">OEM, ODM, OBM<\/span><\/span><\/td>\n<td><span style=\"vertical-align: inherit;\"><span style=\"vertical-align: inherit;\">Comunica\u00e7\u00e3o digital\uff1a<\/span><\/span><\/td>\n<td><span style=\"vertical-align: inherit;\"><span style=\"vertical-align: inherit;\">RS-485, suporta o protocolo padr\u00e3o Mudbugs-RTU; GPRS<\/span><\/span><\/td>\n<\/tr>\n<tr>\n<td><span style=\"vertical-align: inherit;\"><span style=\"vertical-align: inherit;\">Nome da marca\uff1a<\/span><\/span><\/td>\n<td><span style=\"vertical-align: inherit;\"><span style=\"vertical-align: inherit;\">GRUPO SUYI<\/span><\/span><\/td>\n<td><span style=\"vertical-align: inherit;\"><span style=\"vertical-align: inherit;\">Press\u00e3o nominal\uff1a<\/span><\/span><\/td>\n<td><span style=\"vertical-align: inherit;\"><span style=\"vertical-align: inherit;\">1MPa (DN15-DN800), 1,6MPa (DN15-DN800), 2,5MPa (DN15-DN600)<\/span><\/span><\/td>\n<\/tr>\n<tr>\n<td><span style=\"vertical-align: inherit;\"><span style=\"vertical-align: inherit;\">N\u00famero do modelo\uff1a<\/span><\/span><\/td>\n<td><span style=\"vertical-align: inherit;\"><span style=\"vertical-align: inherit;\">outros<\/span><\/span><\/td>\n<td><span style=\"vertical-align: inherit;\"><span style=\"vertical-align: inherit;\">Sensor\uff1a<\/span><\/span><\/td>\n<td><span style=\"vertical-align: inherit;\"><span style=\"vertical-align: inherit;\">0\u2103- +80\u2103 ou -25\u2103- +120\u2103 ou +70\u2103- +250\u2103<\/span><\/span><\/td>\n<\/tr>\n<tr>\n<td><span style=\"vertical-align: inherit;\"><span style=\"vertical-align: inherit;\">Nome do produto\uff1a<\/span><\/span><\/td>\n<td><span style=\"vertical-align: inherit;\"><span style=\"vertical-align: inherit;\">Medidor de caudal de \u00e1gua qu\u00edmica digital inteligente eletromagn\u00e9tico<\/span><\/span><\/td>\n<td><span style=\"vertical-align: inherit;\"><span style=\"vertical-align: inherit;\">Detalhes da embalagem\uff1a<\/span><\/span><\/td>\n<td><span style=\"vertical-align: inherit;\"><span style=\"vertical-align: inherit;\">1 conjunto por embalagem ou conforme o pedido do cliente<\/span><\/span><\/td>\n<\/tr>\n<tr>\n<td><span style=\"vertical-align: inherit;\"><span style=\"vertical-align: inherit;\">Di\u00e2metro nominal\uff1a<\/span><\/span><\/td>\n<td><span style=\"vertical-align: inherit;\"><span style=\"vertical-align: inherit;\">3-2735mm<\/span><\/span><\/td>\n<td><span style=\"vertical-align: inherit;\"><span style=\"vertical-align: inherit;\">Capacidade de fornecimento\uff1a<\/span><\/span><\/td>\n<td><span style=\"vertical-align: inherit;\"><span style=\"vertical-align: inherit;\">2359 conjuntos\/conjuntos por m\u00eas<\/span><\/span><\/td>\n<\/tr>\n<tr>\n<td><span style=\"vertical-align: inherit;\"><span style=\"vertical-align: inherit;\">gama de velocidades\uff1a<\/span><\/span><\/td>\n<td><span style=\"vertical-align: inherit;\"><span style=\"vertical-align: inherit;\">0-11m\/s<\/span><\/span><\/td>\n<td><span style=\"vertical-align: inherit;\"><span style=\"vertical-align: inherit;\">Quantidade (conjuntos)\uff1a<\/span><\/span><\/td>\n<td><span style=\"vertical-align: inherit;\"><span style=\"vertical-align: inherit;\">&gt; 30<\/span><\/span><\/td>\n<\/tr>\n<tr>\n<td><span style=\"vertical-align: inherit;\"><span style=\"vertical-align: inherit;\">Grau de precis\u00e3o\uff1a<\/span><\/span><\/td>\n<td><span style=\"vertical-align: inherit;\"><span style=\"vertical-align: inherit;\">\u00b10,5%R, \u00b11%R ( &lt; DN20)<\/span><\/span><\/td>\n<td><span style=\"vertical-align: inherit;\"><span style=\"vertical-align: inherit;\">Prazo de execu\u00e7\u00e3o (dias)\uff1a<\/span><\/span><\/td>\n<td><span style=\"vertical-align: inherit;\"><span style=\"vertical-align: inherit;\">A ser negociado<\/span><\/span><\/td>\n<\/tr>\n<\/tbody>\n<\/table>\n<p>&nbsp;<\/p>\n<p><strong><\/strong><\/p>\n<p style=\"text-align:center;\"><img src=\"https:\/\/www.hginstrument.com\/wp-content\/uploads\/2021\/07\/in-line-pipeline-type-hgd-electromagnetic-flow-meter.jpg\" atl=\"victor argon flow meter\" title=\"medidor de caudal de \u00e1rgon victor\"><\/p>\n<p><strong><\/strong><\/p>\n<p style=\"text-align:center;\"><img src=\"https:\/\/www.hginstrument.com\/wp-content\/uploads\/2021\/07\/insertion-01.jpg\" atl=\"victor argon flow meter\" title=\"medidor de caudal de \u00e1rgon victor\"><\/p>\n<p><strong><\/strong><\/p>\n<p style=\"text-align:center;\"><img src=\"https:\/\/www.hginstrument.com\/wp-content\/uploads\/2021\/07\/sanitary-mag-1.jpg\" atl=\"victor argon flow meter\" title=\"medidor de caudal de \u00e1rgon victor\"><\/p>\n<p><strong>Guia de perguntas frequentes sobre o medidor de caudal de \u00e1rgon victor.<\/p>\n<p>No cora\u00e7\u00e3o da nossa s\u00e9rie de medidores de caudal de \u00e1rgon victor est\u00e1 um compromisso com a excel\u00eancia, combinando tecnologia avan\u00e7ada de sensores com interfaces de f\u00e1cil utiliza\u00e7\u00e3o. Do l\u00edquido ao g\u00e1s, os nossos medidores proporcionam uma precis\u00e3o sem paralelo, permitindo-lhe tomar decis\u00f5es informadas e otimizar as opera\u00e7\u00f5es. Ao iniciarmos uma nova era de medi\u00e7\u00e3o de fluidos, convidamo-lo a explorar as possibilidades ilimitadas que os nossos medidores de caudal de \u00e1rgon victor abrem - onde a precis\u00e3o encontra o desempenho e a inova\u00e7\u00e3o flui sem problemas.<\/strong><\/p>\n<div style=\"border:3px solid #f89900;margin:20px 0;padding:20px;\"><a href=\"\/pt\/victor-argon-flow-meter\/#01\">1.Sobre o sistema de qualidade do medidor de fluxo de \u00e1rgon victor<\/a><br \/><a href=\"\/pt\/victor-argon-flow-meter\/#02\">2. o medidor de caudal de \u00e1rgon victor tem capacidade de armazenamento de dados?<\/a><br \/><a href=\"\/pt\/victor-argon-flow-meter\/#03\">3. sobre a patente do medidor de caudal de \u00e1rgon victor<\/a><br \/><a href=\"\/pt\/victor-argon-flow-meter\/#04\">4. o medidor de fluxo de \u00e1rgon victor pode ser equipado com sensores de precis\u00e3o diferente?<\/a><br \/><a href=\"\/pt\/victor-argon-flow-meter\/#05\">5. sobre o hist\u00f3rico de desenvolvimento da f\u00e1brica de medidores de fluxo de arg\u00f4nio victor<\/a><br \/><a href=\"\/pt\/victor-argon-flow-meter\/#06\">6. qual \u00e9 a diferen\u00e7a entre o medidor de fluxo de arg\u00f4nio victor grupo SUYI vs medidor de fluxo de arg\u00f4nio victor Endress + Hauser vs medidor de fluxo de arg\u00f4nio victor KROHNE<\/a><br \/><a href=\"\/pt\/victor-argon-flow-meter\/#07\">7.Sobre a garantia do medidor de caudal de \u00e1rgon victor<\/a><br \/><a href=\"\/pt\/victor-argon-flow-meter\/#08\">8. qual \u00e9 a gama de press\u00e3o aplic\u00e1vel do medidor de caudal de \u00e1rgon victor?<\/a><br \/><a href=\"\/pt\/victor-argon-flow-meter\/#09\">9. o medidor de caudal de \u00e1rgon victor \u00e9 \u00e0 prova de \u00e1gua?<\/a><br \/><a href=\"\/pt\/victor-argon-flow-meter\/#010\">10. Como \u00e9 que o medidor de fluxo de \u00e1rgon victor se liga a outros dispositivos e transmite dados?<\/a><br \/><a href=\"\/pt\/victor-argon-flow-meter\/#11\">11.Sobre o medidor de fluxo de \u00e1rgon victor MOQ<\/a><br \/><a href=\"\/pt\/victor-argon-flow-meter\/#12\">12.A unidade de medi\u00e7\u00e3o do medidor de caudal de \u00e1rgon victor \u00e9 substitu\u00edvel?<\/a><br \/><a href=\"\/pt\/victor-argon-flow-meter\/#13\">13.Sobre as mat\u00e9rias-primas do medidor de fluxo de \u00e1rgon victor<\/a><br \/><a href=\"\/pt\/victor-argon-flow-meter\/#14\">14.Sobre a garantia do medidor de caudal de \u00e1rgon victor<\/a><\/div>\n<div name=\"01\" id=\"01\">\n<p><strong>1.Sobre o sistema de qualidade do medidor de fluxo de \u00e1rgon victor<\/strong><\/p>\n<p>Um sistema de qualidade de medidores de caudal \u00e9 um conjunto de processos e procedimentos que s\u00e3o utilizados para garantir que os medidores de caudal s\u00e3o fabricados e testados de forma a cumprirem os mais elevados padr\u00f5es de precis\u00e3o e fiabilidade. O sistema inclui medidas de controlo de qualidade, como a inspe\u00e7\u00e3o do material recebido, a inspe\u00e7\u00e3o durante o processo e o teste do produto final. Inclui tamb\u00e9m documenta\u00e7\u00e3o e manuten\u00e7\u00e3o de registos para garantir que todos os processos s\u00e3o seguidos e que quaisquer problemas s\u00e3o tratados de forma r\u00e1pida e eficaz. O sistema foi concebido para garantir que os medidores de caudal produzidos s\u00e3o da mais elevada qualidade e cumprem os requisitos do cliente.<\/p>\n<\/div>\n<div name=\"02\" id=\"02\">\n<p><strong>2. o medidor de caudal de \u00e1rgon victor tem capacidade de armazenamento de dados?<\/strong><\/p>\n<p>Concentramo-nos na inova\u00e7\u00e3o e na melhoria cont\u00ednua para manter uma vantagem competitiva.<br \/>\nDepende do tipo de caudal\u00edmetro. Alguns caudal\u00edmetros t\u00eam capacidades de armazenamento de dados, enquanto outros n\u00e3o.<\/p>\n<\/div>\n<div name=\"03\" id=\"03\">\n<p><strong>3. sobre a patente do medidor de caudal de \u00e1rgon victor<\/strong><\/p>\n<p>As patentes de caudal\u00edmetros s\u00e3o patentes que abrangem a conce\u00e7\u00e3o e o funcionamento de caudal\u00edmetros. Os medidores de caudal s\u00e3o dispositivos utilizados para medir o caudal de um l\u00edquido ou g\u00e1s. Os medidores de caudal s\u00e3o utilizados numa variedade de ind\u00fastrias, incluindo o tratamento de \u00e1gua e de \u00e1guas residuais, petr\u00f3leo e g\u00e1s e processamento qu\u00edmico. Os medidores de caudal s\u00e3o utilizados para medir o caudal de um fluido, o volume total de um fluido e a press\u00e3o de um fluido. Os medidores de caudal podem ser mec\u00e2nicos, el\u00e9ctricos ou \u00f3pticos. Os medidores de caudal podem ser utilizados para medir o caudal de l\u00edquidos, gases e vapor.<\/p>\n<p><img src=\"https:\/\/www.hginstrument.com\/wp-content\/uploads\/2021\/07\/oval-gear-4.jpg\" alt=\"Sobre a patente do medidor de caudal de \u00e1rgon victor\" title=\"Sobre a patente do medidor de caudal de \u00e1rgon victor\" style=\"max-width: 100%;\"><\/div>\n<div name=\"04\" id=\"04\">\n<p><strong>4. o medidor de fluxo de \u00e1rgon victor pode ser equipado com sensores de precis\u00e3o diferente?<\/strong><\/p>\n<p>Sim, os medidores de caudal podem ser equipados com sensores de precis\u00e3o diferente. Est\u00e3o dispon\u00edveis diferentes tipos de caudal\u00edmetros com diferentes n\u00edveis de precis\u00e3o, dependendo da aplica\u00e7\u00e3o. Por exemplo, os caudal\u00edmetros de turbina s\u00e3o normalmente mais precisos do que os caudal\u00edmetros de roda de p\u00e1s.<\/p>\n<\/div>\n<div name=\"05\" id=\"05\">\n<p><strong>5. sobre o hist\u00f3rico de desenvolvimento da f\u00e1brica de medidores de fluxo de arg\u00f4nio victor<\/strong><\/p>\n<p>A f\u00e1brica de medidores de caudal foi criada no in\u00edcio da d\u00e9cada de 1990. Foi fundada por um grupo de engenheiros e t\u00e9cnicos com uma vasta experi\u00eancia na conce\u00e7\u00e3o e fabrico de medidores de caudal. A empresa concentrou-se inicialmente na produ\u00e7\u00e3o de medidores de caudal mec\u00e2nicos, mas depressa expandiu a sua gama de produtos para incluir medidores de caudal electr\u00f3nicos. Ao longo dos anos, a empresa desenvolveu uma vasta gama de medidores de caudal para v\u00e1rias aplica\u00e7\u00f5es, incluindo industriais, comerciais e residenciais. A empresa tamb\u00e9m desenvolveu uma gama de solu\u00e7\u00f5es de software e hardware para medi\u00e7\u00e3o e controlo de caudal. Atualmente, a empresa \u00e9 um dos principais fabricantes de medidores de caudal e produtos relacionados, sendo reconhecida como l\u00edder no sector.<\/p>\n<\/div>\n<div name=\"06\" id=\"06\">\n<p><strong>6. qual \u00e9 a diferen\u00e7a entre o medidor de fluxo de arg\u00f4nio victor grupo SUYI vs medidor de fluxo de arg\u00f4nio victor Endress + Hauser vs medidor de fluxo de arg\u00f4nio victor KROHNE<\/strong><\/p>\n<p>Os medidores de caudal do Grupo SUYI, Endress+Hauser e KROHNE medem todos o caudal de um l\u00edquido ou g\u00e1s. No entanto, cada fabricante oferece diferentes tipos de medidores de caudal com diferentes caracter\u00edsticas e capacidades. <\/p>\n<p>O Grupo SUYI oferece uma variedade de medidores de caudal, incluindo medidores de caudal electromagn\u00e9ticos, ultra-s\u00f3nicos e de v\u00f3rtice. Esses medidores s\u00e3o projetados para uma ampla gama de aplica\u00e7\u00f5es, incluindo \u00e1gua, \u00f3leo e g\u00e1s.<\/p>\n<p>A Endress+Hauser oferece uma gama de medidores de vaz\u00e3o, incluindo medidores Coriolis, vortex e ultra-s\u00f4nicos. Esses medidores s\u00e3o projetados para uma variedade de aplica\u00e7\u00f5es, incluindo \u00e1gua, \u00f3leo e g\u00e1s.<\/p>\n<p>A KROHNE oferece uma gama de medidores de fluxo, incluindo Coriolis, v\u00f3rtice e medidores ultra-s\u00f3nicos. Esses medidores s\u00e3o projetados para uma variedade de aplica\u00e7\u00f5es, incluindo \u00e1gua, \u00f3leo e g\u00e1s. A KROHNE tamb\u00e9m oferece uma gama de medidores de vaz\u00e3o especializados, como o OPTIFLUX e o OPTISWIRL, que s\u00e3o projetados para aplica\u00e7\u00f5es espec\u00edficas.<\/p>\n<p><img src=\"https:\/\/www.hginstrument.com\/wp-content\/uploads\/2021\/07\/dsrt-1.jpg\" alt=\"Qual \u00e9 a diferen\u00e7a entre o medidor de caudal de \u00e1rgon victor do grupo SUYI e o medidor de caudal de \u00e1rgon victor do grupo Endress+Hauser e o medidor de caudal de \u00e1rgon victor do grupo KROHNE?\" title=\"Qual \u00e9 a diferen\u00e7a entre o medidor de caudal de \u00e1rgon victor do grupo SUYI e o medidor de caudal de \u00e1rgon victor do grupo Endress+Hauser e o medidor de caudal de \u00e1rgon victor do grupo KROHNE?\" style=\"max-width: 100%;\"><\/div>\n<div name=\"07\" id=\"07\">\n<p><strong>7.Sobre a garantia do medidor de caudal de \u00e1rgon victor<\/strong><\/p>\n<p>As garantias dos caudal\u00edmetros variam consoante o fabricante e o tipo de caudal\u00edmetro. Geralmente, as garantias cobrem defeitos de materiais e de fabrico, e podem tamb\u00e9m cobrir certos tipos de danos causados pela utiliza\u00e7\u00e3o normal. Algumas garantias podem tamb\u00e9m cobrir danos causados por instala\u00e7\u00e3o ou utiliza\u00e7\u00e3o incorrecta. \u00c9 importante ler as informa\u00e7\u00f5es de garantia fornecidas pelo fabricante para entender a cobertura espec\u00edfica e as limita\u00e7\u00f5es da garantia.<\/p>\n<\/div>\n<div name=\"08\" id=\"08\">\n<p><strong>8. qual \u00e9 a gama de press\u00e3o aplic\u00e1vel do medidor de caudal de \u00e1rgon victor?<\/strong><\/p>\n<p>Os nossos produtos e servi\u00e7os abrangem uma vasta gama de \u00e1reas e satisfazem as necessidades de diferentes dom\u00ednios.<br \/>\nO intervalo de press\u00e3o aplic\u00e1vel a um medidor de caudal depende do tipo de medidor de caudal que est\u00e1 a ser utilizado. Geralmente, os caudal\u00edmetros podem medir press\u00f5es que variam entre 0,1 bar e 1000 bar.<\/p>\n<\/div>\n<div name=\"09\" id=\"09\">\n<p><strong>9. o medidor de caudal de \u00e1rgon victor \u00e9 \u00e0 prova de \u00e1gua?<\/strong><\/p>\n<p>Concentramo-nos nas necessidades dos nossos clientes e esfor\u00e7amo-nos por satisfazer as suas expectativas, pelo que levamos isto muito a s\u00e9rio.<br \/>\nN\u00e3o, a maioria dos medidores de caudal n\u00e3o s\u00e3o \u00e0 prova de \u00e1gua. No entanto, alguns modelos podem ser concebidos para serem resistentes \u00e0 \u00e1gua ou \u00e0 prova de \u00e1gua. \u00c9 importante verificar as especifica\u00e7\u00f5es do medidor de caudal para determinar se \u00e9 adequado para utiliza\u00e7\u00e3o em ambientes h\u00famidos ou molhados.<\/p>\n<p><img src=\"https:\/\/www.hginstrument.com\/wp-content\/uploads\/2021\/07\/in-line-pipeline-type-hgd-electromagnetic-flow-meter.jpg\" alt=\"O medidor de caudal de \u00e1rgon victor \u00e9 \u00e0 prova de \u00e1gua?\" title=\"O medidor de caudal de \u00e1rgon victor \u00e9 \u00e0 prova de \u00e1gua?\" style=\"max-width: 100%;\"><\/div>\n<div name=\"010\" id=\"010\">\n<p><strong>10. Como \u00e9 que o medidor de fluxo de \u00e1rgon victor se liga a outros dispositivos e transmite dados?<\/strong><\/p>\n<p>o medidor de fluxo de \u00e1rgon victor n\u00e3o \u00e9 apenas um produto, mas tamb\u00e9m pode ajud\u00e1-lo a ganhar dinheiro.<br \/>\nOs medidores de caudal podem ligar-se a outros dispositivos e transmitir dados atrav\u00e9s de uma variedade de m\u00e9todos, incluindo liga\u00e7\u00f5es com fios, liga\u00e7\u00f5es sem fios e protocolos de comunica\u00e7\u00e3o em s\u00e9rie. As liga\u00e7\u00f5es com fios podem incluir RS-232, RS-485 e USB. As liga\u00e7\u00f5es sem fios podem incluir Bluetooth, Wi-Fi e redes celulares. Os protocolos de comunica\u00e7\u00e3o em s\u00e9rie podem incluir Modbus, HART e Profibus.<\/p>\n<\/div>\n<div name=\"11\" id=\"11\">\n<p><strong>11.Sobre o medidor de fluxo de \u00e1rgon victor MOQ<\/strong><\/p>\n<p>A quantidade m\u00ednima de encomenda (MOQ) para um medidor de caudal depender\u00e1 do tipo de medidor de caudal e do fabricante. Geralmente, a MOQ para um medidor de caudal situa-se entre 1 e 10 unidades, mas pode variar consoante o fabricante e o tipo de medidor de caudal.<\/p>\n<\/div>\n<div name=\"12\" id=\"12\">\n<p><strong>12.A unidade de medi\u00e7\u00e3o do medidor de caudal de \u00e1rgon victor \u00e9 substitu\u00edvel?<\/strong><\/p>\n<p>Como um dos principais fabricantes de medidores de fluxo de arg\u00f4nio victor na China, levamos isso muito a s\u00e9rio.<br \/>\nSim, a unidade de medi\u00e7\u00e3o de um medidor de caudal \u00e9 substitu\u00edvel.<\/p>\n<p><img src=\"https:\/\/www.hginstrument.com\/wp-content\/uploads\/2021\/07\/hgrs-1.jpg\" alt=\"A unidade de medi\u00e7\u00e3o do medidor de fluxo de \u00e1rgon victor \u00e9 substitu\u00edvel?\" title=\"A unidade de medi\u00e7\u00e3o do medidor de fluxo de \u00e1rgon victor \u00e9 substitu\u00edvel?\" style=\"max-width: 100%;\"><\/div>\n<div name=\"13\" id=\"13\">\n<p><strong>13.Sobre as mat\u00e9rias-primas do medidor de fluxo de \u00e1rgon victor<\/strong><\/p>\n<p>As mat\u00e9rias-primas dos medidores de caudal s\u00e3o normalmente fabricadas a partir de uma variedade de metais, pl\u00e1sticos e compostos. Os materiais mais comuns utilizados nos medidores de caudal incluem o a\u00e7o inoxid\u00e1vel, o lat\u00e3o, o alum\u00ednio, o cloreto de polivinilo (PVC), o polipropileno (PP) e o politetrafluoroetileno (PTFE). O material utilizado num medidor de caudal depende da aplica\u00e7\u00e3o e do tipo de fluido que est\u00e1 a ser medido. Por exemplo, o a\u00e7o inoxid\u00e1vel \u00e9 frequentemente utilizado para medir fluidos corrosivos, enquanto o PVC \u00e9 frequentemente utilizado para medir \u00e1gua.<\/p>\n<\/div>\n<div name=\"14\" id=\"14\">\n<p><strong>14.Sobre a garantia do medidor de caudal de \u00e1rgon victor<\/strong><\/p>\n<p>As garantias dos caudal\u00edmetros variam consoante o fabricante e o tipo de caudal\u00edmetro. Geralmente, as garantias cobrem defeitos de materiais e de fabrico, e podem tamb\u00e9m cobrir certos tipos de danos causados pela utiliza\u00e7\u00e3o normal. Algumas garantias podem tamb\u00e9m cobrir danos causados por instala\u00e7\u00e3o ou utiliza\u00e7\u00e3o incorrecta. \u00c9 importante ler as informa\u00e7\u00f5es de garantia fornecidas pelo fabricante para entender a cobertura espec\u00edfica e as limita\u00e7\u00f5es da garantia.<\/p>\n<\/div>\n<p>Etiqueta\uff1a<a href=\"\/pt\/magnetic-flow-meter\/oil-flow-meter\/\">medidor de caudal de \u00f3leo<\/a>,<a href=\"\/pt\/magnetic-flow-meter\/clamp-on-ultrasonic-flow-meter\/\">medidor de caudal ultrass\u00f3nico com pin\u00e7a<\/a>,<a href=\"\/pt\/magnetic-flow-meter\/flanged-flow-meter\/\">medidor de caudal flangeado<\/a><\/p>\n<p><\/p>","protected":false},"excerpt":{"rendered":"<p><strong>Dados t\u00e9cnicos<\/strong><br \/>\nPode servir fluidos l\u00edquidos ou gasosos, sendo normalmente utilizado para medir o caudal de vapor, vapor, ar e g\u00e1s natural.<br \/>\nTamanho do contador: Tipo em linha: DN25 - DN300<br \/>\nOp\u00e7\u00e3o de material h\u00famido: SS304, SS316<br \/>\nTemperatura de funcionamento: \u2264250\u2103<br \/>\nLiga\u00e7\u00e3o ao processo: Wafer \/ Flange \/ Tri-clamp para o tipo In-line<br \/>\nPrecis\u00e3o de medi\u00e7\u00e3o: 1,0 % - 1,5% do intervalo de calibra\u00e7\u00e3o<br \/>\nIndicador digital: apresenta o caudal instant\u00e2neo e o caudal total<br \/>\nFonte de alimenta\u00e7\u00e3o: 24VDC, Sa\u00edda: 4-20mA<\/p>\n<p><strong>caracter\u00edsticas<\/strong><br \/>\n1. pontos de regula\u00e7\u00e3o ON\/OFF ajust\u00e1veis<br \/>\n2. modo de alarme de caudal alto ou baixo<br \/>\n3. tempo de atraso ajust\u00e1vel<br \/>\n4. LED de estado do rel\u00e9<\/p>","protected":false},"featured_media":3691,"comment_status":"closed","ping_status":"closed","template":"","meta":[],"product_cat":[2372],"product_tag":[],"acf":[],"_links":{"self":[{"href":"https:\/\/www.hginstrument.com\/pt\/wp-json\/wp\/v2\/product\/6062"}],"collection":[{"href":"https:\/\/www.hginstrument.com\/pt\/wp-json\/wp\/v2\/product"}],"about":[{"href":"https:\/\/www.hginstrument.com\/pt\/wp-json\/wp\/v2\/types\/product"}],"replies":[{"embeddable":true,"href":"https:\/\/www.hginstrument.com\/pt\/wp-json\/wp\/v2\/comments?post=6062"}],"wp:featuredmedia":[{"embeddable":true,"href":"https:\/\/www.hginstrument.com\/pt\/wp-json\/wp\/v2\/media\/3691"}],"wp:attachment":[{"href":"https:\/\/www.hginstrument.com\/pt\/wp-json\/wp\/v2\/media?parent=6062"}],"wp:term":[{"taxonomy":"product_cat","embeddable":true,"href":"https:\/\/www.hginstrument.com\/pt\/wp-json\/wp\/v2\/product_cat?post=6062"},{"taxonomy":"product_tag","embeddable":true,"href":"https:\/\/www.hginstrument.com\/pt\/wp-json\/wp\/v2\/product_tag?post=6062"}],"curies":[{"name":"wp","href":"https:\/\/api.w.org\/{rel}","templated":true}]}}