{"id":6078,"date":"2023-12-25T07:26:25","date_gmt":"2023-12-24T23:26:25","guid":{"rendered":"https:\/\/www.hginstrument.com\/?post_type=product&#038;p=6078"},"modified":"2024-01-10T09:47:40","modified_gmt":"2024-01-10T01:47:40","slug":"vortex-shedding-flow-meter","status":"publish","type":"product","link":"https:\/\/www.hginstrument.com\/pt\/magnetic-flow-meter\/vortex-shedding-flow-meter\/","title":{"rendered":"vortex shedding flow meter"},"content":{"rendered":"<p>Utilizing advanced technology and high-quality components, vortex shedding flow meter offers unparalleled accuracy and reliability. Its compact design allows for easy installation, making it suitable for both new and existing piping systems. With a wide variety of sizes and configurations available, vortex shedding flow meter can cater to the diverse needs of different industries.<\/p>\n<p>vortex shedding flow meter is an advanced flow measurement device designed to accurately measure and monitor the flow of various liquids and gases. With its cutting-edge technology and reliable performance, it has become the solution of choice in oil and gas, chemical processing, Textile production, water treatment and many other industries.<\/p>\n<p>Our vortex shedding flow meter utilizes a state-of-the-art flow sensing technology that provides precise measurements with exceptional accuracy. It can accurately measure the flow rate of liquids and gases with flow rates ranging from 0.3 to 4944 m3\/h. This high level of accuracy makes it an ideal solution for critical applications that require precise flow measurement.<\/p>\n<table class=\"table table-bordered\">\n<tbody>\n<tr>\n<td><span style=\"vertical-align: inherit;\"><span style=\"vertical-align: inherit;\">Tipo\uff1a<\/span><\/span><\/td>\n<td><span style=\"vertical-align: inherit;\">vortex shedding flow meter<\/span><\/td>\n<td><span style=\"vertical-align: inherit;\"><span style=\"vertical-align: inherit;\">Sinal de sa\u00edda\uff1a<\/span><\/span><\/td>\n<td><span style=\"vertical-align: inherit;\"><span style=\"vertical-align: inherit;\">4-20 mA, Impulso\/Frequ\u00eancia 2kHz(Predefini\u00e7\u00e3o), 5KHz(M\u00e1x.)<\/span><\/span><\/td>\n<\/tr>\n<tr>\n<td><span style=\"vertical-align: inherit;\"><span style=\"vertical-align: inherit;\">Local de origem\uff1a<\/span><\/span><\/td>\n<td><span style=\"vertical-align: inherit;\"><span style=\"vertical-align: inherit;\">Jiangsu, China<\/span><\/span><\/td>\n<td><span style=\"vertical-align: inherit;\"><span style=\"vertical-align: inherit;\">Incorporar tipo\uff1a<\/span><\/span><\/td>\n<td><span style=\"vertical-align: inherit;\"><span style=\"vertical-align: inherit;\">-10\u2103- +53\u2103<\/span><\/span><\/td>\n<\/tr>\n<tr>\n<td><span style=\"vertical-align: inherit;\"><span style=\"vertical-align: inherit;\">Garantia\uff1a<\/span><\/span><\/td>\n<td><span style=\"vertical-align: inherit;\"><span style=\"vertical-align: inherit;\">12 meses<\/span><\/span><\/td>\n<td><span style=\"vertical-align: inherit;\"><span style=\"vertical-align: inherit;\">Tens\u00e3o de alimenta\u00e7\u00e3o\uff1a<\/span><\/span><\/td>\n<td><span style=\"vertical-align: inherit;\"><span style=\"vertical-align: inherit;\">110\/220VAC (100-240VAC), 50Hz\/60Hz; 24VDC\u00b110%<\/span><\/span><\/td>\n<\/tr>\n<tr>\n<td><span style=\"vertical-align: inherit;\"><span style=\"vertical-align: inherit;\">Suporte personalizado\uff1a<\/span><\/span><\/td>\n<td><span style=\"vertical-align: inherit;\"><span style=\"vertical-align: inherit;\">OEM, ODM, OBM<\/span><\/span><\/td>\n<td><span style=\"vertical-align: inherit;\"><span style=\"vertical-align: inherit;\">Comunica\u00e7\u00e3o digital\uff1a<\/span><\/span><\/td>\n<td><span style=\"vertical-align: inherit;\"><span style=\"vertical-align: inherit;\">RS-485, suporta o protocolo padr\u00e3o Mudbugs-RTU; GPRS<\/span><\/span><\/td>\n<\/tr>\n<tr>\n<td><span style=\"vertical-align: inherit;\"><span style=\"vertical-align: inherit;\">Nome da marca\uff1a<\/span><\/span><\/td>\n<td><span style=\"vertical-align: inherit;\"><span style=\"vertical-align: inherit;\">GRUPO SUYI<\/span><\/span><\/td>\n<td><span style=\"vertical-align: inherit;\"><span style=\"vertical-align: inherit;\">Press\u00e3o nominal\uff1a<\/span><\/span><\/td>\n<td><span style=\"vertical-align: inherit;\"><span style=\"vertical-align: inherit;\">1MPa (DN15-DN800), 1,6MPa (DN15-DN800), 2,5MPa (DN15-DN600)<\/span><\/span><\/td>\n<\/tr>\n<tr>\n<td><span style=\"vertical-align: inherit;\"><span style=\"vertical-align: inherit;\">N\u00famero do modelo\uff1a<\/span><\/span><\/td>\n<td><span style=\"vertical-align: inherit;\"><span style=\"vertical-align: inherit;\">outros<\/span><\/span><\/td>\n<td><span style=\"vertical-align: inherit;\"><span style=\"vertical-align: inherit;\">Sensor\uff1a<\/span><\/span><\/td>\n<td><span style=\"vertical-align: inherit;\"><span style=\"vertical-align: inherit;\">0\u2103- +80\u2103 ou -25\u2103- +120\u2103 ou +70\u2103- +250\u2103<\/span><\/span><\/td>\n<\/tr>\n<tr>\n<td><span style=\"vertical-align: inherit;\"><span style=\"vertical-align: inherit;\">Nome do produto\uff1a<\/span><\/span><\/td>\n<td><span style=\"vertical-align: inherit;\"><span style=\"vertical-align: inherit;\">Medidor de caudal de \u00e1gua qu\u00edmica digital inteligente eletromagn\u00e9tico<\/span><\/span><\/td>\n<td><span style=\"vertical-align: inherit;\"><span style=\"vertical-align: inherit;\">Detalhes da embalagem\uff1a<\/span><\/span><\/td>\n<td><span style=\"vertical-align: inherit;\"><span style=\"vertical-align: inherit;\">1 conjunto por embalagem ou conforme o pedido do cliente<\/span><\/span><\/td>\n<\/tr>\n<tr>\n<td><span style=\"vertical-align: inherit;\"><span style=\"vertical-align: inherit;\">Di\u00e2metro nominal\uff1a<\/span><\/span><\/td>\n<td><span style=\"vertical-align: inherit;\"><span style=\"vertical-align: inherit;\">3-3074mm<\/span><\/span><\/td>\n<td><span style=\"vertical-align: inherit;\"><span style=\"vertical-align: inherit;\">Capacidade de fornecimento\uff1a<\/span><\/span><\/td>\n<td><span style=\"vertical-align: inherit;\"><span style=\"vertical-align: inherit;\">1990 Set\/Sets per Month<\/span><\/span><\/td>\n<\/tr>\n<tr>\n<td><span style=\"vertical-align: inherit;\"><span style=\"vertical-align: inherit;\">gama de velocidades\uff1a<\/span><\/span><\/td>\n<td><span style=\"vertical-align: inherit;\"><span style=\"vertical-align: inherit;\">0-11m\/s<\/span><\/span><\/td>\n<td><span style=\"vertical-align: inherit;\"><span style=\"vertical-align: inherit;\">Quantidade (conjuntos)\uff1a<\/span><\/span><\/td>\n<td><span style=\"vertical-align: inherit;\"><span style=\"vertical-align: inherit;\">&gt; 30<\/span><\/span><\/td>\n<\/tr>\n<tr>\n<td><span style=\"vertical-align: inherit;\"><span style=\"vertical-align: inherit;\">Grau de precis\u00e3o\uff1a<\/span><\/span><\/td>\n<td><span style=\"vertical-align: inherit;\"><span style=\"vertical-align: inherit;\">\u00b10,5%R, \u00b11%R ( &lt; DN20)<\/span><\/span><\/td>\n<td><span style=\"vertical-align: inherit;\"><span style=\"vertical-align: inherit;\">Prazo de execu\u00e7\u00e3o (dias)\uff1a<\/span><\/span><\/td>\n<td><span style=\"vertical-align: inherit;\"><span style=\"vertical-align: inherit;\">A ser negociado<\/span><\/span><\/td>\n<\/tr>\n<\/tbody>\n<\/table>\n<p>&nbsp;<\/p>\n<p>&nbsp;<\/p>\n<p style=\"text-align: center;\"><img title=\"vortex shedding flow meter\" src=\"https:\/\/www.hginstrument.com\/wp-content\/uploads\/2021\/07\/in-line-pipeline-type-hgd-electromagnetic-flow-meter.jpg\" \/><\/p>\n<p>&nbsp;<\/p>\n<p>&nbsp;<\/p>\n<p style=\"text-align: center;\"><img title=\"vortex shedding flow meter\" src=\"https:\/\/www.hginstrument.com\/wp-content\/uploads\/2021\/07\/insertion-01.jpg\" \/><\/p>\n<p>&nbsp;<\/p>\n<p>&nbsp;<\/p>\n<p style=\"text-align: center;\"><img title=\"vortex shedding flow meter\" src=\"https:\/\/www.hginstrument.com\/wp-content\/uploads\/2021\/07\/sanitary-mag-1.jpg\" \/><\/p>\n<p><strong>vortex shedding flow meter FAQs Guide.<\/strong><\/p>\n<p>At the heart of our vortex shedding flow meter series lies a commitment to excellence, blending advanced sensor technology with user-friendly interfaces. From liquid to gas, our meters deliver unparalleled accuracy, empowering you to make informed decisions and streamline operations. As we usher in a new era of fluid measurement, we invite you to explore the limitless possibilities that our vortex shedding flow meters unlock \u2013 where precision meets performance, and innovation flows seamlessly.<\/p>\n<div style=\"border: 3px solid #f89900; margin: 20px 0; padding: 20px;\"><a href=\"\/pt\/vortex-shedding-flow-meter\/#01\">1.What is the applicable pressure range of vortex shedding flow meter?<\/a><br \/>\n<a href=\"\/pt\/vortex-shedding-flow-meter\/#02\">2.About vortex shedding flow meter patent<\/a><br \/>\n<a href=\"\/pt\/vortex-shedding-flow-meter\/#03\">3.What is the explosion-proof rating of vortex shedding flow meter?<\/a><br \/>\n<a href=\"\/pt\/vortex-shedding-flow-meter\/#04\">4.Can the vortex shedding flow meter be equipped with sensors of different accuracy?<\/a><br \/>\n<a href=\"\/pt\/vortex-shedding-flow-meter\/#05\">5.What is the function of vortex shedding flow meter?<\/a><br \/>\n<a href=\"\/pt\/vortex-shedding-flow-meter\/#06\">6.Does the vortex shedding flow meter have remote control capabilities?<\/a><br \/>\n<a href=\"\/pt\/vortex-shedding-flow-meter\/#07\">7.About vortex shedding flow meter production management system<\/a><br \/>\n<a href=\"\/pt\/vortex-shedding-flow-meter\/#08\">8.What are the requirements for the specific installation location of the vortex shedding flow meter?<\/a><br \/>\n<a href=\"\/pt\/vortex-shedding-flow-meter\/#09\">9.About vortex shedding flow meter technology<\/a><br \/>\n<a href=\"\/pt\/vortex-shedding-flow-meter\/#010\">10.What are the maintenance methods for vortex shedding flow meter?<\/a><br \/>\n<a href=\"\/pt\/vortex-shedding-flow-meter\/#11\">11.About vortex shedding flow meter production capacity<\/a><br \/>\n<a href=\"\/pt\/vortex-shedding-flow-meter\/#12\">12.About vortex shedding flow meter origin<\/a><br \/>\n<a href=\"\/pt\/vortex-shedding-flow-meter\/#13\">13.About vortex shedding flow meter warranty<\/a><br \/>\n<a href=\"\/pt\/vortex-shedding-flow-meter\/#14\">14.About vortex shedding flow meter R&amp;D capabilities<\/a><br \/>\n<a href=\"\/pt\/vortex-shedding-flow-meter\/#15\">15.What is a vortex shedding flow meter?<\/a><br \/>\n<a href=\"\/pt\/vortex-shedding-flow-meter\/#16\">16.How does the vortex shedding flow meter connect with other devices and transmit data?<\/a><\/div>\n<div id=\"01\">\n<p><strong>1.What is the applicable pressure range of vortex shedding flow meter?<\/strong><\/p>\n<p>Os nossos produtos e servi\u00e7os abrangem uma vasta gama de \u00e1reas e satisfazem as necessidades de diferentes dom\u00ednios.<br \/>\nO intervalo de press\u00e3o aplic\u00e1vel a um medidor de caudal depende do tipo de medidor de caudal que est\u00e1 a ser utilizado. Geralmente, os caudal\u00edmetros podem medir press\u00f5es que variam entre 0,1 bar e 1000 bar.<\/p>\n<\/div>\n<div id=\"02\">\n<p><strong>2.About vortex shedding flow meter patent<\/strong><\/p>\n<p>As patentes de caudal\u00edmetros s\u00e3o patentes que abrangem a conce\u00e7\u00e3o e o funcionamento de caudal\u00edmetros. Os medidores de caudal s\u00e3o dispositivos utilizados para medir o caudal de um l\u00edquido ou g\u00e1s. Os medidores de caudal s\u00e3o utilizados numa variedade de ind\u00fastrias, incluindo o tratamento de \u00e1gua e de \u00e1guas residuais, petr\u00f3leo e g\u00e1s e processamento qu\u00edmico. Os medidores de caudal s\u00e3o utilizados para medir o caudal de um fluido, o volume total de um fluido e a press\u00e3o de um fluido. Os medidores de caudal podem ser mec\u00e2nicos, el\u00e9ctricos ou \u00f3pticos. Os medidores de caudal podem ser utilizados para medir o caudal de l\u00edquidos, gases e vapor.<\/p>\n<\/div>\n<div id=\"03\">\n<p><strong>3.What is the explosion-proof rating of vortex shedding flow meter?<\/strong><\/p>\n<p>Our vortex shedding flow meter products undergo strict quality control to ensure customer satisfaction.<br \/>\nAs classifica\u00e7\u00f5es \u00e0 prova de explos\u00e3o para medidores de caudal variam consoante o tipo de medidor e a aplica\u00e7\u00e3o. Geralmente, os caudal\u00edmetros s\u00e3o classificados para a Classe I, Divis\u00e3o 1, Grupos C e D, ou Classe II, Divis\u00e3o 1, Grupos E, F e G.<\/p>\n<p><img style=\"max-width: 100%;\" title=\"What is the explosion-proof rating of vortex shedding flow meter?\" src=\"https:\/\/www.hginstrument.com\/wp-content\/uploads\/2021\/07\/wedge-1.jpg\" alt=\"What is the explosion-proof rating of vortex shedding flow meter?\" \/><\/p>\n<\/div>\n<div id=\"04\">\n<p><strong>4.Can the vortex shedding flow meter be equipped with sensors of different accuracy?<\/strong><\/p>\n<p>Sim, os medidores de caudal podem ser equipados com sensores de precis\u00e3o diferente. Est\u00e3o dispon\u00edveis diferentes tipos de caudal\u00edmetros com diferentes n\u00edveis de precis\u00e3o, dependendo da aplica\u00e7\u00e3o. Por exemplo, os caudal\u00edmetros de turbina s\u00e3o normalmente mais precisos do que os caudal\u00edmetros de roda de p\u00e1s.<\/p>\n<\/div>\n<div id=\"05\">\n<p><strong>5.What is the function of vortex shedding flow meter?<\/strong><\/p>\n<p>Our company has many years of vortex shedding flow meter experience and expertise.<br \/>\nUm medidor de caudal \u00e9 um dispositivo utilizado para medir o caudal ou a quantidade de um g\u00e1s ou l\u00edquido que se desloca atrav\u00e9s de um tubo. \u00c9 utilizado para medir o caudal de um l\u00edquido ou g\u00e1s numa conduta fechada. Os medidores de caudal s\u00e3o utilizados numa variedade de ind\u00fastrias, incluindo o tratamento de \u00e1gua e \u00e1guas residuais, petr\u00f3leo e g\u00e1s e processamento qu\u00edmico.<\/p>\n<\/div>\n<div id=\"06\">\n<p><strong>6.Does the vortex shedding flow meter have remote control capabilities?<\/strong><\/p>\n<p>Concentramo-nos nas necessidades dos nossos clientes e esfor\u00e7amo-nos por satisfazer as suas expectativas, pelo que levamos isto muito a s\u00e9rio.<br \/>\nDepende do modelo espec\u00edfico do medidor de caudal. Alguns modelos podem ter capacidades de controlo remoto, enquanto outros n\u00e3o.<\/p>\n<p><img style=\"max-width: 100%;\" title=\"Does the vortex shedding flow meter have remote control capabilities?\" src=\"https:\/\/www.hginstrument.com\/wp-content\/uploads\/2021\/07\/mdp310-fc3-3.jpg\" alt=\"Does the vortex shedding flow meter have remote control capabilities?\" \/><\/p>\n<\/div>\n<div id=\"07\">\n<p><strong>7.About vortex shedding flow meter production management system<\/strong><\/p>\n<p>Um sistema de gest\u00e3o da produ\u00e7\u00e3o de caudal\u00edmetros \u00e9 uma solu\u00e7\u00e3o de software concebida para ajudar os fabricantes a gerir a produ\u00e7\u00e3o de caudal\u00edmetros. O sistema pode ser utilizado para acompanhar o processo de produ\u00e7\u00e3o do in\u00edcio ao fim, incluindo a encomenda de mat\u00e9rias-primas, a montagem de componentes e o teste e calibra\u00e7\u00e3o do produto acabado. O sistema tamb\u00e9m pode ser utilizado para monitorizar a qualidade do processo de produ\u00e7\u00e3o, garantindo que os medidores de caudal cumprem as normas exigidas. Al\u00e9m disso, o sistema pode ser utilizado para gerar relat\u00f3rios e analisar dados para ajudar os fabricantes a melhorar os seus processos de produ\u00e7\u00e3o.<\/p>\n<\/div>\n<div id=\"08\">\n<p><strong>8.What are the requirements for the specific installation location of the vortex shedding flow meter?<\/strong><\/p>\n<p>We operate our vortex shedding flow meter business with integrity and honesty.<br \/>\n1. O medidor de caudal deve ser instalado num local isento de vibra\u00e7\u00f5es, choques e outras for\u00e7as externas.<\/p>\n<p>2. O medidor de caudal deve ser instalado num local isento de gases corrosivos, l\u00edquidos e outros contaminantes.<\/p>\n<p>3. O medidor de caudal deve ser instalado num local acess\u00edvel para manuten\u00e7\u00e3o e calibra\u00e7\u00e3o.<\/p>\n<p>4. O medidor de caudal deve ser instalado num local isento de temperaturas e humidade extremas.<\/p>\n<p>5. O medidor de caudal deve ser instalado num local isento de interfer\u00eancias el\u00e9ctricas.<\/p>\n<\/div>\n<div id=\"09\">\n<p><strong>9.About vortex shedding flow meter technology<\/strong><\/p>\n<p>A tecnologia de medidores de caudal \u00e9 um tipo de tecnologia de medi\u00e7\u00e3o utilizada para medir o caudal de um fluido ou g\u00e1s. \u00c9 utilizada numa variedade de ind\u00fastrias, incluindo petr\u00f3leo e g\u00e1s, \u00e1gua e \u00e1guas residuais, e processamento qu\u00edmico. Os medidores de caudal medem o caudal de um fluido ou g\u00e1s atrav\u00e9s da medi\u00e7\u00e3o da press\u00e3o, velocidade ou outras propriedades f\u00edsicas do fluido ou g\u00e1s. Os medidores de caudal podem ser utilizados para medir o caudal de l\u00edquidos, gases e vapor. S\u00e3o utilizados para medir o caudal de uma variedade de fluidos, incluindo \u00e1gua, \u00f3leo e produtos qu\u00edmicos. Os medidores de caudal s\u00e3o utilizados numa variedade de aplica\u00e7\u00f5es, incluindo o controlo de processos, a gest\u00e3o de energia e a monitoriza\u00e7\u00e3o da seguran\u00e7a.<\/p>\n<p><img style=\"max-width: 100%;\" title=\"About vortex shedding flow meter technology\" src=\"https:\/\/www.hginstrument.com\/wp-content\/uploads\/2021\/07\/hguoc-1.jpg\" alt=\"About vortex shedding flow meter technology\" \/><\/p>\n<\/div>\n<div id=\"010\">\n<p><strong>10.What are the maintenance methods for vortex shedding flow meter?<\/strong><\/p>\n<p>Concentramo-nos na inova\u00e7\u00e3o e na melhoria cont\u00ednua para manter uma vantagem competitiva.<br \/>\n1. Verificar regularmente se o medidor de caudal apresenta sinais de desgaste ou danos.<\/p>\n<p>2. Limpe o medidor de caudal regularmente para garantir leituras precisas.<\/p>\n<p>3. Verificar a precis\u00e3o do medidor de caudal atrav\u00e9s de ensaios de calibra\u00e7\u00e3o.<\/p>\n<p>4. Substituir o mais rapidamente poss\u00edvel as pe\u00e7as gastas ou danificadas.<\/p>\n<p>5. Certifique-se de que o medidor de caudal est\u00e1 corretamente instalado e ligado ao sistema.<\/p>\n<p>6. Verificar se o medidor de caudal apresenta sinais de corros\u00e3o ou de bloqueio.<\/p>\n<p>7. Certifique-se de que o medidor de caudal est\u00e1 devidamente vedado para evitar fugas.<\/p>\n<p>8. Verificar regularmente se o medidor de caudal apresenta sinais de vibra\u00e7\u00e3o ou ru\u00eddo.<\/p>\n<p>9. Assegurar-se de que o medidor de caudal est\u00e1 corretamente calibrado e ajustado.<\/p>\n<p>10. Verificar regularmente se o medidor de caudal apresenta sinais de fuga ou de obstru\u00e7\u00e3o.<\/p>\n<\/div>\n<div id=\"11\">\n<p><strong>11.About vortex shedding flow meter production capacity<\/strong><\/p>\n<p>A capacidade de produ\u00e7\u00e3o de medidores de caudal depende do tipo de medidor de caudal que est\u00e1 a ser produzido. Geralmente, a capacidade de produ\u00e7\u00e3o \u00e9 determinada pela dimens\u00e3o da instala\u00e7\u00e3o de produ\u00e7\u00e3o, pelo n\u00famero de m\u00e1quinas e pessoal dispon\u00edvel e pelo tipo de medidor de caudal que est\u00e1 a ser produzido. Por exemplo, uma instala\u00e7\u00e3o de produ\u00e7\u00e3o especializada na produ\u00e7\u00e3o de caudal\u00edmetros de turbina pode ter uma capacidade de produ\u00e7\u00e3o superior \u00e0 de uma instala\u00e7\u00e3o que produz caudal\u00edmetros ultra-s\u00f3nicos. Al\u00e9m disso, a capacidade de produ\u00e7\u00e3o de uma instala\u00e7\u00e3o pode ser afetada pela complexidade do medidor de caudal que est\u00e1 a ser produzido, bem como pela disponibilidade de mat\u00e9rias-primas e componentes.<\/p>\n<\/div>\n<div id=\"12\">\n<p><strong>12.About vortex shedding flow meter origin<\/strong><\/p>\n<p>O primeiro medidor de caudal foi inventado em 1832 por um ingl\u00eas chamado William Henry. Ele desenvolveu um dispositivo que utilizava um flutuador para medir o caudal de \u00e1gua num tubo. Este dispositivo foi o primeiro do seu g\u00e9nero e foi o precursor dos medidores de caudal modernos. Desde ent\u00e3o, os medidores de caudal t\u00eam sido utilizados numa variedade de ind\u00fastrias para medir o caudal de l\u00edquidos, gases e outros materiais. Atualmente, os medidores de caudal s\u00e3o utilizados numa variedade de aplica\u00e7\u00f5es, desde a medi\u00e7\u00e3o do caudal de \u00e1gua num tubo at\u00e9 \u00e0 medi\u00e7\u00e3o do caudal de petr\u00f3leo numa refinaria.<\/p>\n<p><img style=\"max-width: 100%;\" title=\"About vortex shedding flow meter origin\" src=\"https:\/\/www.hginstrument.com\/wp-content\/uploads\/2021\/07\/hgcmf-c1-1.jpg\" alt=\"About vortex shedding flow meter origin\" \/><\/p>\n<\/div>\n<div id=\"13\">\n<p><strong>13.About vortex shedding flow meter warranty<\/strong><\/p>\n<p>As garantias dos caudal\u00edmetros variam consoante o fabricante e o tipo de caudal\u00edmetro. Geralmente, as garantias cobrem defeitos de materiais e de fabrico, e podem tamb\u00e9m cobrir certos tipos de danos causados pela utiliza\u00e7\u00e3o normal. Algumas garantias podem tamb\u00e9m cobrir danos causados por instala\u00e7\u00e3o ou utiliza\u00e7\u00e3o incorrecta. \u00c9 importante ler as informa\u00e7\u00f5es de garantia fornecidas pelo fabricante para entender a cobertura espec\u00edfica e as limita\u00e7\u00f5es da garantia.<\/p>\n<\/div>\n<div id=\"14\">\n<p><strong>14.About vortex shedding flow meter R&amp;D capabilities<\/strong><\/p>\n<p>As capacidades de I&amp;D de caudal\u00edmetros referem-se \u00e0 capacidade de uma empresa ou organiza\u00e7\u00e3o para investigar, desenvolver e fabricar caudal\u00edmetros. Isto inclui a capacidade de conceber, testar e fabricar caudal\u00edmetros que satisfa\u00e7am os requisitos dos clientes e as normas da ind\u00fastria. Inclui tamb\u00e9m a capacidade de desenvolver novas tecnologias e produtos para satisfazer as necessidades em constante mudan\u00e7a da ind\u00fastria. As empresas com fortes capacidades de I&amp;D s\u00e3o capazes de se manter \u00e0 frente da concorr\u00eancia e fornecer aos clientes os caudal\u00edmetros mais avan\u00e7ados e fi\u00e1veis.<\/p>\n<\/div>\n<div id=\"15\">\n<p><strong>15.What is a vortex shedding flow meter?<\/strong><\/p>\n<p>Apostamos no trabalho de equipa e na comunica\u00e7\u00e3o para atingir objectivos comuns.<br \/>\nUm medidor de caudal \u00e9 um dispositivo utilizado para medir o caudal ou a quantidade de um g\u00e1s ou l\u00edquido que se desloca atrav\u00e9s de um tubo. Os medidores de caudal medem o caudal volum\u00e9trico ou m\u00e1ssico de um l\u00edquido ou g\u00e1s. S\u00e3o utilizados numa variedade de ind\u00fastrias, incluindo o tratamento de \u00e1gua e de \u00e1guas residuais, petr\u00f3leo e g\u00e1s, processamento qu\u00edmico e produ\u00e7\u00e3o de alimentos e bebidas.<\/p>\n<p><img style=\"max-width: 100%;\" title=\"What is a vortex shedding flow meter?\" src=\"https:\/\/www.hginstrument.com\/wp-content\/uploads\/2021\/07\/dsrt-1.jpg\" alt=\"What is a vortex shedding flow meter?\" \/><\/p>\n<\/div>\n<div id=\"16\">\n<p><strong>16.How does the vortex shedding flow meter connect with other devices and transmit data?<\/strong><\/p>\n<p>vortex shedding flow meter is not a product only, but also can help you comes to money-making.<br \/>\nOs medidores de caudal podem ligar-se a outros dispositivos e transmitir dados atrav\u00e9s de uma variedade de m\u00e9todos, incluindo liga\u00e7\u00f5es com fios, liga\u00e7\u00f5es sem fios e protocolos de comunica\u00e7\u00e3o em s\u00e9rie. As liga\u00e7\u00f5es com fios podem incluir RS-232, RS-485 e USB. As liga\u00e7\u00f5es sem fios podem incluir Bluetooth, Wi-Fi e redes celulares. Os protocolos de comunica\u00e7\u00e3o em s\u00e9rie podem incluir Modbus, HART e Profibus.<\/p>\n<\/div>\n<p>&nbsp;<\/p>\n<p>Etiqueta\uff1a<a href=\"\/pt\/magnetic-flow-meter\/best-ultrasonic-flow-meter\/\">melhor medidor de caudal ultrass\u00f3nico<\/a>,<a href=\"\/pt\/magnetic-flow-meter\/clamp-on-gas-flow-meter\/\">medidor de caudal de g\u00e1s com pin\u00e7a<\/a>,<a href=\"\/pt\/magnetic-flow-meter\/pediatric-peak-flow-meter\/\">medidor pedi\u00e1trico de pico de fluxo<\/a>,<a href=\"\/pt\/magnetic-flow-meter\/mechanical-flow-meter\/\">medidor de caudal mec\u00e2nico<\/a>,<a href=\"\/pt\/magnetic-flow-meter\/oxygen-flow-meter-regulator\/\">regulador de caudal\u00edmetro de oxig\u00e9nio<\/a><\/p>\n<p>&nbsp;<\/p>","protected":false},"excerpt":{"rendered":"<p><strong>Dados t\u00e9cnicos<\/strong><br \/>\nPode servir fluidos l\u00edquidos ou gasosos, sendo normalmente utilizado para medir o caudal de vapor, vapor, ar e g\u00e1s natural.<br \/>\nTamanho do contador: Tipo em linha: DN25 - DN300<br \/>\nOp\u00e7\u00e3o de material h\u00famido: SS304, SS316<br \/>\nTemperatura de funcionamento: \u2264250\u2103<br \/>\nLiga\u00e7\u00e3o ao processo: Wafer \/ Flange \/ Tri-clamp para o tipo In-line<br \/>\nPrecis\u00e3o de medi\u00e7\u00e3o: 1,0 % - 1,5% do intervalo de calibra\u00e7\u00e3o<br \/>\nIndicador digital: apresenta o caudal instant\u00e2neo e o caudal total<br \/>\nFonte de alimenta\u00e7\u00e3o: 24VDC, Sa\u00edda: 4-20mA<\/p>\n<p><strong>caracter\u00edsticas<\/strong><br \/>\n1. pontos de regula\u00e7\u00e3o ON\/OFF ajust\u00e1veis<br \/>\n2. modo de alarme de caudal alto ou baixo<br \/>\n3. tempo de atraso ajust\u00e1vel<br \/>\n4. LED de estado do rel\u00e9<\/p>","protected":false},"featured_media":3691,"comment_status":"closed","ping_status":"closed","template":"","meta":[],"product_cat":[2372],"product_tag":[],"acf":[],"_links":{"self":[{"href":"https:\/\/www.hginstrument.com\/pt\/wp-json\/wp\/v2\/product\/6078"}],"collection":[{"href":"https:\/\/www.hginstrument.com\/pt\/wp-json\/wp\/v2\/product"}],"about":[{"href":"https:\/\/www.hginstrument.com\/pt\/wp-json\/wp\/v2\/types\/product"}],"replies":[{"embeddable":true,"href":"https:\/\/www.hginstrument.com\/pt\/wp-json\/wp\/v2\/comments?post=6078"}],"wp:featuredmedia":[{"embeddable":true,"href":"https:\/\/www.hginstrument.com\/pt\/wp-json\/wp\/v2\/media\/3691"}],"wp:attachment":[{"href":"https:\/\/www.hginstrument.com\/pt\/wp-json\/wp\/v2\/media?parent=6078"}],"wp:term":[{"taxonomy":"product_cat","embeddable":true,"href":"https:\/\/www.hginstrument.com\/pt\/wp-json\/wp\/v2\/product_cat?post=6078"},{"taxonomy":"product_tag","embeddable":true,"href":"https:\/\/www.hginstrument.com\/pt\/wp-json\/wp\/v2\/product_tag?post=6078"}],"curies":[{"name":"wp","href":"https:\/\/api.w.org\/{rel}","templated":true}]}}