{"id":6084,"date":"2023-12-25T07:40:16","date_gmt":"2023-12-24T23:40:16","guid":{"rendered":"https:\/\/www.hginstrument.com\/?post_type=product&#038;p=6084"},"modified":"2023-12-27T09:44:07","modified_gmt":"2023-12-27T01:44:07","slug":"wall-oxygen-flow-meter","status":"publish","type":"product","link":"https:\/\/www.hginstrument.com\/pt\/magnetic-flow-meter\/wall-oxygen-flow-meter\/","title":{"rendered":"medidor de fluxo de oxig\u00e9nio de parede"},"content":{"rendered":"<p>Whether it&#8217;s for industrial process control, environmental monitoring, or energy management, the wall oxygen flow meter is a top-performing product that guarantees precise and reliable flow measurement. With its advanced technology and versatile capabilities, this device is an essential tool for any industry seeking accurate and efficient flow monitoring solutions.<\/p>\n<p>The wall oxygen flow meter is equipped with a digital display, making it easy to read and interpret the flow rate in various units. Its user-friendly interface allows for quick and simple calibration and adjustments.<\/p>\n<p>In addition, wall oxygen flow meter offers various models for different applications, including electromagnetic, ultrasonic, and thermal dispersion. Each model is designed with specific features to cater to the unique needs of its users.<\/p>\n<p>&nbsp;<\/p>\n<table class=\"table table-bordered\">\n<tbody>\n<tr>\n<td><span style=\"vertical-align: inherit;\"><span style=\"vertical-align: inherit;\">Tipo\uff1a<\/span><\/span><\/td>\n<td><span style=\"vertical-align: inherit;\">medidor de fluxo de oxig\u00e9nio de parede<\/span><\/td>\n<td><span style=\"vertical-align: inherit;\"><span style=\"vertical-align: inherit;\">Sinal de sa\u00edda\uff1a<\/span><\/span><\/td>\n<td><span style=\"vertical-align: inherit;\"><span style=\"vertical-align: inherit;\">4-30mA, Impulso\/Frequ\u00eancia 2kHz(Predefini\u00e7\u00e3o), 5KHz(M\u00e1x.)<\/span><\/span><\/td>\n<\/tr>\n<tr>\n<td><span style=\"vertical-align: inherit;\"><span style=\"vertical-align: inherit;\">Local de origem\uff1a<\/span><\/span><\/td>\n<td><span style=\"vertical-align: inherit;\"><span style=\"vertical-align: inherit;\">Jiangsu\uff0cChina<\/span><\/span><\/td>\n<td><span style=\"vertical-align: inherit;\"><span style=\"vertical-align: inherit;\">Incorporar tipo\uff1a<\/span><\/span><\/td>\n<td><span style=\"vertical-align: inherit;\"><span style=\"vertical-align: inherit;\">-10\u2103- +56\u2103<\/span><\/span><\/td>\n<\/tr>\n<tr>\n<td><span style=\"vertical-align: inherit;\"><span style=\"vertical-align: inherit;\">Garantia\uff1a<\/span><\/span><\/td>\n<td><span style=\"vertical-align: inherit;\"><span style=\"vertical-align: inherit;\">11 meses<\/span><\/span><\/td>\n<td><span style=\"vertical-align: inherit;\"><span style=\"vertical-align: inherit;\">Tens\u00e3o de alimenta\u00e7\u00e3o\uff1a<\/span><\/span><\/td>\n<td><span style=\"vertical-align: inherit;\"><span style=\"vertical-align: inherit;\">110\/220VAC (100-240VAC), 50Hz\/60Hz; 24VDC\u00b110%<\/span><\/span><\/td>\n<\/tr>\n<tr>\n<td><span style=\"vertical-align: inherit;\"><span style=\"vertical-align: inherit;\">Suporte personalizado\uff1a<\/span><\/span><\/td>\n<td><span style=\"vertical-align: inherit;\"><span style=\"vertical-align: inherit;\">OEM, ODM, OBM<\/span><\/span><\/td>\n<td><span style=\"vertical-align: inherit;\"><span style=\"vertical-align: inherit;\">Comunica\u00e7\u00e3o digital\uff1a<\/span><\/span><\/td>\n<td><span style=\"vertical-align: inherit;\"><span style=\"vertical-align: inherit;\">RS-485, suporta o protocolo padr\u00e3o Mudbugs-RTU; GPRS<\/span><\/span><\/td>\n<\/tr>\n<tr>\n<td><span style=\"vertical-align: inherit;\"><span style=\"vertical-align: inherit;\">Nome da marca\uff1a<\/span><\/span><\/td>\n<td><span style=\"vertical-align: inherit;\"><span style=\"vertical-align: inherit;\">GRUPO SUYI<\/span><\/span><\/td>\n<td><span style=\"vertical-align: inherit;\"><span style=\"vertical-align: inherit;\">Press\u00e3o nominal\uff1a<\/span><\/span><\/td>\n<td><span style=\"vertical-align: inherit;\"><span style=\"vertical-align: inherit;\">1MPa (DN15-DN800), 1,6MPa (DN15-DN800), 2,5MPa (DN15-DN600)<\/span><\/span><\/td>\n<\/tr>\n<tr>\n<td><span style=\"vertical-align: inherit;\"><span style=\"vertical-align: inherit;\">N\u00famero do modelo\uff1a<\/span><\/span><\/td>\n<td><span style=\"vertical-align: inherit;\"><span style=\"vertical-align: inherit;\">outros<\/span><\/span><\/td>\n<td><span style=\"vertical-align: inherit;\"><span style=\"vertical-align: inherit;\">Sensor\uff1a<\/span><\/span><\/td>\n<td><span style=\"vertical-align: inherit;\"><span style=\"vertical-align: inherit;\">0\u2103- +80\u2103 ou -25\u2103- +120\u2103 ou +70\u2103- +250\u2103<\/span><\/span><\/td>\n<\/tr>\n<tr>\n<td><span style=\"vertical-align: inherit;\"><span style=\"vertical-align: inherit;\">Nome do produto\uff1a<\/span><\/span><\/td>\n<td><span style=\"vertical-align: inherit;\"><span style=\"vertical-align: inherit;\">Medidor de caudal de \u00e1gua qu\u00edmica digital inteligente eletromagn\u00e9tico<\/span><\/span><\/td>\n<td><span style=\"vertical-align: inherit;\"><span style=\"vertical-align: inherit;\">Detalhes da embalagem\uff1a<\/span><\/span><\/td>\n<td><span style=\"vertical-align: inherit;\"><span style=\"vertical-align: inherit;\">1 conjunto por embalagem ou conforme o pedido do cliente<\/span><\/span><\/td>\n<\/tr>\n<tr>\n<td><span style=\"vertical-align: inherit;\"><span style=\"vertical-align: inherit;\">Di\u00e2metro nominal\uff1a<\/span><\/span><\/td>\n<td><span style=\"vertical-align: inherit;\"><span style=\"vertical-align: inherit;\">3-3207mm<\/span><\/span><\/td>\n<td><span style=\"vertical-align: inherit;\"><span style=\"vertical-align: inherit;\">Capacidade de fornecimento\uff1a<\/span><\/span><\/td>\n<td><span style=\"vertical-align: inherit;\"><span style=\"vertical-align: inherit;\">2027 conjuntos\/conjuntos por m\u00eas<\/span><\/span><\/td>\n<\/tr>\n<tr>\n<td><span style=\"vertical-align: inherit;\"><span style=\"vertical-align: inherit;\">gama de velocidades\uff1a<\/span><\/span><\/td>\n<td><span style=\"vertical-align: inherit;\"><span style=\"vertical-align: inherit;\">0-13m\/s<\/span><\/span><\/td>\n<td><span style=\"vertical-align: inherit;\"><span style=\"vertical-align: inherit;\">Quantidade (conjuntos)\uff1a<\/span><\/span><\/td>\n<td><span style=\"vertical-align: inherit;\"><span style=\"vertical-align: inherit;\">&gt; 30<\/span><\/span><\/td>\n<\/tr>\n<tr>\n<td><span style=\"vertical-align: inherit;\"><span style=\"vertical-align: inherit;\">Grau de precis\u00e3o\uff1a<\/span><\/span><\/td>\n<td><span style=\"vertical-align: inherit;\"><span style=\"vertical-align: inherit;\">\u00b10,5%R, \u00b11%R ( &lt; DN20)<\/span><\/span><\/td>\n<td><span style=\"vertical-align: inherit;\"><span style=\"vertical-align: inherit;\">Prazo de execu\u00e7\u00e3o (dias)\uff1a<\/span><\/span><\/td>\n<td><span style=\"vertical-align: inherit;\"><span style=\"vertical-align: inherit;\">A ser negociado<\/span><\/span><\/td>\n<\/tr>\n<\/tbody>\n<\/table>\n<p>&nbsp;<\/p>\n<p><strong><\/strong><\/p>\n<p style=\"text-align:center;\"><img src=\"https:\/\/www.hginstrument.com\/wp-content\/uploads\/2021\/07\/in-line-pipeline-type-hgd-electromagnetic-flow-meter.jpg\" atl=\"wall oxygen flow meter\" title=\"medidor de fluxo de oxig\u00e9nio de parede\"><\/p>\n<p><strong><\/strong><\/p>\n<p style=\"text-align:center;\"><img src=\"https:\/\/www.hginstrument.com\/wp-content\/uploads\/2021\/07\/insertion-01.jpg\" atl=\"wall oxygen flow meter\" title=\"medidor de fluxo de oxig\u00e9nio de parede\"><\/p>\n<p><strong><\/strong><\/p>\n<p style=\"text-align:center;\"><img src=\"https:\/\/www.hginstrument.com\/wp-content\/uploads\/2021\/07\/sanitary-mag-1.jpg\" atl=\"wall oxygen flow meter\" title=\"medidor de fluxo de oxig\u00e9nio de parede\"><\/p>\n<p><strong>wall oxygen flow meter FAQs Guide.<\/p>\n<p>At the heart of our wall oxygen flow meter series lies a commitment to excellence, blending advanced sensor technology with user-friendly interfaces. From liquid to gas, our meters deliver unparalleled accuracy, empowering you to make informed decisions and streamline operations. As we usher in a new era of fluid measurement, we invite you to explore the limitless possibilities that our wall oxygen flow meters unlock \u2013 where precision meets performance, and innovation flows seamlessly.<\/strong><\/p>\n<div style=\"border:3px solid #f89900;margin:20px 0;padding:20px;\"><a href=\"\/pt\/wall-oxygen-flow-meter\/#01\">1.How does the wall oxygen flow meter detect the properties of the target fluid?<\/a><br \/><a href=\"\/pt\/wall-oxygen-flow-meter\/#02\">2.What is the explosion-proof rating of wall oxygen flow meter?<\/a><br \/><a href=\"\/pt\/wall-oxygen-flow-meter\/#03\">3.About the scale of wall oxygen flow meter factory<\/a><br \/><a href=\"\/pt\/wall-oxygen-flow-meter\/#04\">4.About the development history of wall oxygen flow meter factory<\/a><br \/><a href=\"\/pt\/wall-oxygen-flow-meter\/#05\">5.About wall oxygen flow meter patent<\/a><br \/><a href=\"\/pt\/wall-oxygen-flow-meter\/#06\">6.Does the explosion-proof performance of wall oxygen flow meter meet relevant standards?<\/a><br \/><a href=\"\/pt\/wall-oxygen-flow-meter\/#07\">7.How to calibrate a wall oxygen flow meter?<\/a><br \/><a href=\"\/pt\/wall-oxygen-flow-meter\/#08\">8.What is the weight and dimensions of the wall oxygen flow meter?<\/a><br \/><a href=\"\/pt\/wall-oxygen-flow-meter\/#09\">9.What industries is wall oxygen flow meter suitable for?<\/a><br \/><a href=\"\/pt\/wall-oxygen-flow-meter\/#010\">10.About wall oxygen flow meter R&#038;D capabilities<\/a><br \/><a href=\"\/pt\/wall-oxygen-flow-meter\/#11\">11.About wall oxygen flow meter customization services<\/a><br \/><a href=\"\/pt\/wall-oxygen-flow-meter\/#12\">12.What are the common types of wall oxygen flow meters?<\/a><br \/><a href=\"\/pt\/wall-oxygen-flow-meter\/#13\">13.About wall oxygen flow meter overseas warehouse<\/a><br \/><a href=\"\/pt\/wall-oxygen-flow-meter\/#14\">14.About wall oxygen flow meter origin<\/a><br \/><a href=\"\/pt\/wall-oxygen-flow-meter\/#15\">15.Does the wall oxygen flow meter require an external power source?<\/a><br \/><a href=\"\/pt\/wall-oxygen-flow-meter\/#16\">16.Is the wall oxygen flow meter anti-corrosion?<\/a><\/div>\n<div name=\"01\" id=\"01\">\n<p><strong>1.How does the wall oxygen flow meter detect the properties of the target fluid?<\/strong><\/p>\n<p>As one of the wall oxygen flow meter market leaders, we are known for innovation and reliability.<br \/>\nOs medidores de caudal medem o caudal de um fluido atrav\u00e9s da dete\u00e7\u00e3o da velocidade do fluido. Normalmente, isto \u00e9 feito medindo a queda de press\u00e3o atrav\u00e9s de uma restri\u00e7\u00e3o conhecida no percurso do caudal, ou medindo a velocidade do fluido utilizando uma variedade de tecnologias como a ultra-s\u00f3nica, magn\u00e9tica ou t\u00e9rmica. O caudal pode ent\u00e3o ser utilizado para calcular as propriedades do fluido, como a densidade, a viscosidade e o caudal volum\u00e9trico.<\/p>\n<\/div>\n<div name=\"02\" id=\"02\">\n<p><strong>2.What is the explosion-proof rating of wall oxygen flow meter?<\/strong><\/p>\n<p>Our wall oxygen flow meter products undergo strict quality control to ensure customer satisfaction.<br \/>\nAs classifica\u00e7\u00f5es \u00e0 prova de explos\u00e3o para medidores de caudal variam consoante o tipo de medidor e a aplica\u00e7\u00e3o. Geralmente, os caudal\u00edmetros s\u00e3o classificados para a Classe I, Divis\u00e3o 1, Grupos C e D, ou Classe II, Divis\u00e3o 1, Grupos E, F e G.<\/p>\n<p><img src=\"https:\/\/www.hginstrument.com\/wp-content\/uploads\/2021\/07\/hls-2000p-z1.jpg\" alt=\"What is the explosion-proof rating of wall oxygen flow meter?\" title=\"What is the explosion-proof rating of wall oxygen flow meter?\" style=\"max-width: 100%;\"><\/div>\n<div name=\"03\" id=\"03\">\n<p><strong>3.About the scale of wall oxygen flow meter factory<\/strong><\/p>\n<p>As f\u00e1bricas de medidores de caudal variam em tamanho e \u00e2mbito, dependendo do tipo de medidores de caudal que produzem. Algumas f\u00e1bricas podem especializar-se na produ\u00e7\u00e3o de um \u00fanico tipo de medidor de caudal, enquanto outras podem produzir uma variedade de tipos diferentes. Algumas f\u00e1bricas podem ser grandes, com centenas de empregados, enquanto outras podem ser pequenas, com apenas alguns empregados. A dimens\u00e3o da f\u00e1brica tamb\u00e9m depender\u00e1 do tipo de caudal\u00edmetros que produz, bem como da procura desses caudal\u00edmetros.<\/p>\n<\/div>\n<div name=\"04\" id=\"04\">\n<p><strong>4.About the development history of wall oxygen flow meter factory<\/strong><\/p>\n<p>A f\u00e1brica de medidores de caudal foi criada no in\u00edcio da d\u00e9cada de 1990. Foi fundada por um grupo de engenheiros e t\u00e9cnicos com uma vasta experi\u00eancia na conce\u00e7\u00e3o e fabrico de medidores de caudal. A empresa concentrou-se inicialmente na produ\u00e7\u00e3o de medidores de caudal mec\u00e2nicos, mas depressa expandiu a sua gama de produtos para incluir medidores de caudal electr\u00f3nicos. Ao longo dos anos, a empresa desenvolveu uma vasta gama de medidores de caudal para v\u00e1rias aplica\u00e7\u00f5es, incluindo industriais, comerciais e residenciais. A empresa tamb\u00e9m desenvolveu uma gama de solu\u00e7\u00f5es de software e hardware para medi\u00e7\u00e3o e controlo de caudal. Atualmente, a empresa \u00e9 um dos principais fabricantes de medidores de caudal e produtos relacionados, sendo reconhecida como l\u00edder no sector.<\/p>\n<p><img src=\"https:\/\/www.hginstrument.com\/wp-content\/uploads\/2021\/07\/sanitary-mag-1.jpg\" alt=\"About the development history of wall oxygen flow meter factory\" title=\"About the development history of wall oxygen flow meter factory\" style=\"max-width: 100%;\"><\/div>\n<div name=\"05\" id=\"05\">\n<p><strong>5.About wall oxygen flow meter patent<\/strong><\/p>\n<p>As patentes de caudal\u00edmetros s\u00e3o patentes que abrangem a conce\u00e7\u00e3o e o funcionamento de caudal\u00edmetros. Os medidores de caudal s\u00e3o dispositivos utilizados para medir o caudal de um l\u00edquido ou g\u00e1s. Os medidores de caudal s\u00e3o utilizados numa variedade de ind\u00fastrias, incluindo o tratamento de \u00e1gua e de \u00e1guas residuais, petr\u00f3leo e g\u00e1s e processamento qu\u00edmico. Os medidores de caudal s\u00e3o utilizados para medir o caudal de um fluido, o volume total de um fluido e a press\u00e3o de um fluido. Os medidores de caudal podem ser mec\u00e2nicos, el\u00e9ctricos ou \u00f3pticos. Os medidores de caudal podem ser utilizados para medir o caudal de l\u00edquidos, gases e vapor.<\/p>\n<\/div>\n<div name=\"06\" id=\"06\">\n<p><strong>6.Does the explosion-proof performance of wall oxygen flow meter meet relevant standards?<\/strong><\/p>\n<p>Sim, o desempenho \u00e0 prova de explos\u00e3o do medidor de caudal cumpre as normas relevantes. O medidor de caudal deve ser certificado por um organismo de certifica\u00e7\u00e3o reconhecido para garantir que cumpre os requisitos das normas relevantes.<\/p>\n<p><img src=\"https:\/\/www.hginstrument.com\/wp-content\/uploads\/2021\/07\/hluc-1.jpg\" alt=\"Does the explosion-proof performance of wall oxygen flow meter meet relevant standards?\" title=\"Does the explosion-proof performance of wall oxygen flow meter meet relevant standards?\" style=\"max-width: 100%;\"><\/div>\n<div name=\"07\" id=\"07\">\n<p><strong>7.How to calibrate a wall oxygen flow meter?<\/strong><\/p>\n<p>Being one of the top wall oxygen flow meter manufacturers in China, We attach great importance to this detail.<br \/>\n1. Verifique as instru\u00e7\u00f5es do fabricante para o medidor de caudal espec\u00edfico que est\u00e1 a utilizar.<\/p>\n<p>2. Certifique-se de que o medidor de caudal est\u00e1 corretamente instalado e de que todas as liga\u00e7\u00f5es est\u00e3o seguras.<\/p>\n<p>3. Ligar o medidor de caudal a um dispositivo de calibra\u00e7\u00e3o, como um dispositivo de calibra\u00e7\u00e3o de caudal ou um circuito de calibra\u00e7\u00e3o de caudal.<\/p>\n<p>4. Regular o dispositivo de calibra\u00e7\u00e3o para o caudal pretendido.<\/p>\n<p>5. Ligar o medidor de caudal e deix\u00e1-lo funcionar durante alguns minutos para garantir a sua estabilidade.<\/p>\n<p>6. Comparar a leitura do medidor de caudal com a leitura do dispositivo de calibra\u00e7\u00e3o.<\/p>\n<p>7. Ajustar as defini\u00e7\u00f5es do medidor de caudal conforme necess\u00e1rio para corresponder \u00e0 leitura do dispositivo de calibra\u00e7\u00e3o.<\/p>\n<p>8. Repetir os passos 4-7 at\u00e9 que a leitura do medidor de caudal coincida com a leitura do dispositivo de calibra\u00e7\u00e3o.<\/p>\n<p>9. Registar as defini\u00e7\u00f5es do medidor de caudal e a leitura do dispositivo de calibra\u00e7\u00e3o para refer\u00eancia futura.<\/p>\n<\/div>\n<div name=\"08\" id=\"08\">\n<p><strong>8.What is the weight and dimensions of the wall oxygen flow meter?<\/strong><\/p>\n<p>Os nossos produtos e servi\u00e7os abrangem uma vasta gama de \u00e1reas e satisfazem as necessidades de diferentes dom\u00ednios.<br \/>\nO peso e as dimens\u00f5es do medidor de caudal dependem do modelo espec\u00edfico e do fabricante. Geralmente, os caudal\u00edmetros variam em tamanho, desde pequenos dispositivos port\u00e1teis a grandes unidades industriais. O peso de um caudal\u00edmetro pode variar entre algumas on\u00e7as e v\u00e1rias centenas de libras.<\/p>\n<p><img src=\"https:\/\/www.hginstrument.com\/wp-content\/uploads\/2021\/07\/mdp310-fc3-3.jpg\" alt=\"What is the weight and dimensions of the wall oxygen flow meter?\" title=\"What is the weight and dimensions of the wall oxygen flow meter?\" style=\"max-width: 100%;\"><\/div>\n<div name=\"09\" id=\"09\">\n<p><strong>9.What industries is wall oxygen flow meter suitable for?<\/strong><\/p>\n<p>Mantemos um certo montante de investimento em I&amp;D todos os anos e melhoramos continuamente a efici\u00eancia operacional para prestar melhores servi\u00e7os aos nossos clientes cooperativos.<br \/>\nOs medidores de caudal s\u00e3o adequados para uma vasta gama de ind\u00fastrias, incluindo petr\u00f3leo e g\u00e1s, \u00e1gua e \u00e1guas residuais, processamento qu\u00edmico, alimentos e bebidas, farmac\u00eautica, produ\u00e7\u00e3o de energia e AVAC.<\/p>\n<\/div>\n<div name=\"010\" id=\"010\">\n<p><strong>10.About wall oxygen flow meter R&#038;D capabilities<\/strong><\/p>\n<p>As capacidades de I&amp;D de caudal\u00edmetros referem-se \u00e0 capacidade de uma empresa ou organiza\u00e7\u00e3o para investigar, desenvolver e fabricar caudal\u00edmetros. Isto inclui a capacidade de conceber, testar e fabricar caudal\u00edmetros que satisfa\u00e7am os requisitos dos clientes e as normas da ind\u00fastria. Inclui tamb\u00e9m a capacidade de desenvolver novas tecnologias e produtos para satisfazer as necessidades em constante mudan\u00e7a da ind\u00fastria. As empresas com fortes capacidades de I&amp;D s\u00e3o capazes de se manter \u00e0 frente da concorr\u00eancia e fornecer aos clientes os caudal\u00edmetros mais avan\u00e7ados e fi\u00e1veis.<\/p>\n<p><img src=\"https:\/\/www.hginstrument.com\/wp-content\/uploads\/2021\/07\/v-cone-5.jpg\" alt=\"About wall oxygen flow meter R&#038;D capabilities\" title=\"About wall oxygen flow meter R&#038;D capabilities\" style=\"max-width: 100%;\"><\/div>\n<div name=\"11\" id=\"11\">\n<p><strong>11.About wall oxygen flow meter customization services<\/strong><\/p>\n<p>Os servi\u00e7os de personaliza\u00e7\u00e3o de caudal\u00edmetros s\u00e3o concebidos para fornecer aos clientes uma solu\u00e7\u00e3o \u00e0 medida das suas necessidades espec\u00edficas de medi\u00e7\u00e3o de caudal. Estes servi\u00e7os podem incluir a personaliza\u00e7\u00e3o do medidor de caudal para se adequar a uma aplica\u00e7\u00e3o espec\u00edfica, como um tamanho de tubo ou caudal espec\u00edfico, ou para cumprir um determinado requisito de precis\u00e3o. Os servi\u00e7os de personaliza\u00e7\u00e3o tamb\u00e9m podem incluir a modifica\u00e7\u00e3o do medidor de caudal para incluir caracter\u00edsticas adicionais, tais como um visor ou capacidades de registo de dados. Os servi\u00e7os de personaliza\u00e7\u00e3o de caudal\u00edmetros podem tamb\u00e9m incluir a instala\u00e7\u00e3o do caudal\u00edmetro, bem como o fornecimento de apoio t\u00e9cnico e manuten\u00e7\u00e3o.<\/p>\n<\/div>\n<div name=\"12\" id=\"12\">\n<p><strong>12.What are the common types of wall oxygen flow meters?<\/strong><\/p>\n<p>Our mission is to provide customers with the best solutions for wall oxygen flow meter.<br \/>\n1. Medidores de caudal de press\u00e3o diferencial<br \/>\n2. Medidores de caudal de deslocamento positivo<br \/>\n3. Medidores de caudal de turbina<br \/>\n4. Medidores de caudal magn\u00e9ticos<br \/>\n5. Medidores de caudal ultra-s\u00f3nicos<br \/>\n6. Medidores de caudal Coriolis<br \/>\n7. Medidores de caudal de v\u00f3rtice<br \/>\n8. Medidores de caudal alvo<br \/>\n9. Medidores de caudal de \u00e1rea vari\u00e1vel<br \/>\n10. Medidores de caudal m\u00e1ssico<\/p>\n<p><img src=\"https:\/\/www.hginstrument.com\/wp-content\/uploads\/2021\/07\/hgdu600-p-1.jpg\" alt=\"What are the common types of wall oxygen flow meters?\" title=\"What are the common types of wall oxygen flow meters?\" style=\"max-width: 100%;\"><\/div>\n<div name=\"13\" id=\"13\">\n<p><strong>13.About wall oxygen flow meter overseas warehouse<\/strong><\/p>\n<p>Os armaz\u00e9ns de medidores de caudal no estrangeiro s\u00e3o armaz\u00e9ns localizados em pa\u00edses estrangeiros que armazenam medidores de caudal e produtos relacionados. Estes armaz\u00e9ns s\u00e3o utilizados para armazenar e distribuir medidores de caudal a clientes em diferentes pa\u00edses. Normalmente, situam-se em pa\u00edses com uma grande procura de medidores de caudal, como os Estados Unidos, o Canad\u00e1 e a Europa. Os armaz\u00e9ns s\u00e3o normalmente detidos e explorados pelo fabricante dos medidores de caudal ou por um fornecedor de log\u00edstica terceiro. Os armaz\u00e9ns s\u00e3o normalmente abastecidos com uma variedade de medidores de caudal, incluindo medidores de caudal digitais, anal\u00f3gicos e ultra-s\u00f3nicos. Tamb\u00e9m costumam armazenar pe\u00e7as sobressalentes e acess\u00f3rios para os medidores de caudal.<\/p>\n<\/div>\n<div name=\"14\" id=\"14\">\n<p><strong>14.About wall oxygen flow meter origin<\/strong><\/p>\n<p>O primeiro medidor de caudal foi inventado em 1832 por um ingl\u00eas chamado William Henry. Ele desenvolveu um dispositivo que utilizava um flutuador para medir o caudal de \u00e1gua num tubo. Este dispositivo foi o primeiro do seu g\u00e9nero e foi o precursor dos medidores de caudal modernos. Desde ent\u00e3o, os medidores de caudal t\u00eam sido utilizados numa variedade de ind\u00fastrias para medir o caudal de l\u00edquidos, gases e outros materiais. Atualmente, os medidores de caudal s\u00e3o utilizados numa variedade de aplica\u00e7\u00f5es, desde a medi\u00e7\u00e3o do caudal de \u00e1gua num tubo at\u00e9 \u00e0 medi\u00e7\u00e3o do caudal de petr\u00f3leo numa refinaria.<\/p>\n<p><img src=\"https:\/\/www.hginstrument.com\/wp-content\/uploads\/2021\/07\/hgcmf-c1-1.jpg\" alt=\"About wall oxygen flow meter origin\" title=\"About wall oxygen flow meter origin\" style=\"max-width: 100%;\"><\/div>\n<div name=\"15\" id=\"15\">\n<p><strong>15.Does the wall oxygen flow meter require an external power source?<\/strong><\/p>\n<p>Aderimos ao princ\u00edpio da qualidade em primeiro lugar e temos um sistema completo de gest\u00e3o da qualidade da produ\u00e7\u00e3o e um processo de inspe\u00e7\u00e3o da qualidade.<br \/>\nDepende do tipo de medidor de caudal. Alguns caudal\u00edmetros s\u00e3o alimentados por uma fonte de energia externa, enquanto outros s\u00e3o alimentados pelo caudal do l\u00edquido ou g\u00e1s que est\u00e1 a ser medido.<\/p>\n<\/div>\n<div name=\"16\" id=\"16\">\n<p><strong>16.Is the wall oxygen flow meter anti-corrosion?<\/strong><\/p>\n<p>We have established a good reputation and reliable partnerships within the wall oxygen flow meter industry.<br \/>\nSim, a maioria dos medidores de caudal s\u00e3o concebidos para serem resistentes \u00e0 corros\u00e3o. No entanto, o tipo espec\u00edfico de caudal\u00edmetro e o ambiente em que \u00e9 utilizado determinar\u00e3o o grau de resist\u00eancia \u00e0 corros\u00e3o.<\/p>\n<p><img src=\"https:\/\/www.hginstrument.com\/wp-content\/uploads\/2021\/07\/ltb-1.jpg\" alt=\"Is the wall oxygen flow meter anti-corrosion?\" title=\"Is the wall oxygen flow meter anti-corrosion?\" style=\"max-width: 100%;\"><\/div>\n<p>Etiqueta\uff1a<a href=\"\/pt\/magnetic-flow-meter\/low-flow-rate-flow-meter\/\">low flow rate flow meter<\/a>,<a href=\"\/pt\/magnetic-flow-meter\/non-invasive-flow-meter\/\">medidor de caudal n\u00e3o invasivo<\/a>,<a href=\"\/pt\/magnetic-flow-meter\/microlife-peak-flow-meter\/\">medidor de caudal m\u00e1ximo microlife<\/a><\/p>\n<p><\/p>","protected":false},"excerpt":{"rendered":"<p><strong>Dados t\u00e9cnicos<\/strong><br \/>\nPode servir fluidos l\u00edquidos ou gasosos, sendo normalmente utilizado para medir o caudal de vapor, vapor, ar e g\u00e1s natural.<br \/>\nTamanho do contador: Tipo em linha: DN25 - DN300<br \/>\nOp\u00e7\u00e3o de material h\u00famido: SS304, SS316<br \/>\nTemperatura de funcionamento: \u2264250\u2103<br \/>\nLiga\u00e7\u00e3o ao processo: Wafer \/ Flange \/ Tri-clamp para o tipo In-line<br \/>\nPrecis\u00e3o de medi\u00e7\u00e3o: 1,0 % - 1,5% do intervalo de calibra\u00e7\u00e3o<br \/>\nIndicador digital: apresenta o caudal instant\u00e2neo e o caudal total<br \/>\nFonte de alimenta\u00e7\u00e3o: 24VDC, Sa\u00edda: 4-20mA<\/p>\n<p><strong>caracter\u00edsticas<\/strong><br \/>\n1. pontos de regula\u00e7\u00e3o ON\/OFF ajust\u00e1veis<br \/>\n2. modo de alarme de caudal alto ou baixo<br \/>\n3. tempo de atraso ajust\u00e1vel<br \/>\n4. LED de estado do rel\u00e9<\/p>","protected":false},"featured_media":3691,"comment_status":"closed","ping_status":"closed","template":"","meta":[],"product_cat":[2372],"product_tag":[],"acf":[],"_links":{"self":[{"href":"https:\/\/www.hginstrument.com\/pt\/wp-json\/wp\/v2\/product\/6084"}],"collection":[{"href":"https:\/\/www.hginstrument.com\/pt\/wp-json\/wp\/v2\/product"}],"about":[{"href":"https:\/\/www.hginstrument.com\/pt\/wp-json\/wp\/v2\/types\/product"}],"replies":[{"embeddable":true,"href":"https:\/\/www.hginstrument.com\/pt\/wp-json\/wp\/v2\/comments?post=6084"}],"wp:featuredmedia":[{"embeddable":true,"href":"https:\/\/www.hginstrument.com\/pt\/wp-json\/wp\/v2\/media\/3691"}],"wp:attachment":[{"href":"https:\/\/www.hginstrument.com\/pt\/wp-json\/wp\/v2\/media?parent=6084"}],"wp:term":[{"taxonomy":"product_cat","embeddable":true,"href":"https:\/\/www.hginstrument.com\/pt\/wp-json\/wp\/v2\/product_cat?post=6084"},{"taxonomy":"product_tag","embeddable":true,"href":"https:\/\/www.hginstrument.com\/pt\/wp-json\/wp\/v2\/product_tag?post=6084"}],"curies":[{"name":"wp","href":"https:\/\/api.w.org\/{rel}","templated":true}]}}