{"id":6098,"date":"2023-12-25T08:12:33","date_gmt":"2023-12-25T00:12:33","guid":{"rendered":"https:\/\/www.hginstrument.com\/?post_type=product&#038;p=6098"},"modified":"2023-12-27T09:22:50","modified_gmt":"2023-12-27T01:22:50","slug":"water-flow-meter-1","status":"publish","type":"product","link":"https:\/\/www.hginstrument.com\/pt\/magnetic-flow-meter\/water-flow-meter-1\/","title":{"rendered":"water flow meter 1"},"content":{"rendered":"<p>The water flow meter 1 is a highly reliable and accurate device used for measuring the flow of liquids and gases in various industrial and commercial applications. It is designed with advanced technology and high-quality components, making it durable and resistant to external factors such as temperature and pressure changes.<\/p>\n<p>water flow meter 1 is a precision instrument designed to measure the flow of liquid or gas in a pipe. It is an important tool in oil and gas, chemical, Fire suppression systems, water treatment and many other industries.<\/p>\n<p>With its advanced technology and high accuracy, water flow meter 1 offers users the ability to monitor and control the flow of their processes with precision and efficiency. With its durable construction, it can withstand harsh operating conditions and provide long-term reliability.<\/p>\n<p>&nbsp;<\/p>\n<table class=\"table table-bordered\">\n<tbody>\n<tr>\n<td><span style=\"vertical-align: inherit;\"><span style=\"vertical-align: inherit;\">Tipo\uff1a<\/span><\/span><\/td>\n<td><span style=\"vertical-align: inherit;\">water flow meter 1<\/span><\/td>\n<td><span style=\"vertical-align: inherit;\"><span style=\"vertical-align: inherit;\">Sinal de sa\u00edda\uff1a<\/span><\/span><\/td>\n<td><span style=\"vertical-align: inherit;\"><span style=\"vertical-align: inherit;\">4-20mA, Impulso\/Frequ\u00eancia 2kHz(Predefini\u00e7\u00e3o), 5KHz(M\u00e1x.)<\/span><\/span><\/td>\n<\/tr>\n<tr>\n<td><span style=\"vertical-align: inherit;\"><span style=\"vertical-align: inherit;\">Local de origem\uff1a<\/span><\/span><\/td>\n<td><span style=\"vertical-align: inherit;\"><span style=\"vertical-align: inherit;\">Jiangsu\uff0cChina<\/span><\/span><\/td>\n<td><span style=\"vertical-align: inherit;\"><span style=\"vertical-align: inherit;\">Incorporar tipo\uff1a<\/span><\/span><\/td>\n<td><span style=\"vertical-align: inherit;\"><span style=\"vertical-align: inherit;\">-10\u2103- +52\u2103<\/span><\/span><\/td>\n<\/tr>\n<tr>\n<td><span style=\"vertical-align: inherit;\"><span style=\"vertical-align: inherit;\">Garantia\uff1a<\/span><\/span><\/td>\n<td><span style=\"vertical-align: inherit;\"><span style=\"vertical-align: inherit;\">24 meses<\/span><\/span><\/td>\n<td><span style=\"vertical-align: inherit;\"><span style=\"vertical-align: inherit;\">Tens\u00e3o de alimenta\u00e7\u00e3o\uff1a<\/span><\/span><\/td>\n<td><span style=\"vertical-align: inherit;\"><span style=\"vertical-align: inherit;\">110\/220VAC (100-240VAC), 50Hz\/60Hz; 24VDC\u00b110%<\/span><\/span><\/td>\n<\/tr>\n<tr>\n<td><span style=\"vertical-align: inherit;\"><span style=\"vertical-align: inherit;\">Suporte personalizado\uff1a<\/span><\/span><\/td>\n<td><span style=\"vertical-align: inherit;\"><span style=\"vertical-align: inherit;\">OEM, ODM, OBM<\/span><\/span><\/td>\n<td><span style=\"vertical-align: inherit;\"><span style=\"vertical-align: inherit;\">Comunica\u00e7\u00e3o digital\uff1a<\/span><\/span><\/td>\n<td><span style=\"vertical-align: inherit;\"><span style=\"vertical-align: inherit;\">RS-485, suporta o protocolo padr\u00e3o Mudbugs-RTU; GPRS<\/span><\/span><\/td>\n<\/tr>\n<tr>\n<td><span style=\"vertical-align: inherit;\"><span style=\"vertical-align: inherit;\">Nome da marca\uff1a<\/span><\/span><\/td>\n<td><span style=\"vertical-align: inherit;\"><span style=\"vertical-align: inherit;\">GRUPO SUYI<\/span><\/span><\/td>\n<td><span style=\"vertical-align: inherit;\"><span style=\"vertical-align: inherit;\">Press\u00e3o nominal\uff1a<\/span><\/span><\/td>\n<td><span style=\"vertical-align: inherit;\"><span style=\"vertical-align: inherit;\">1MPa (DN15-DN800), 1,6MPa (DN15-DN800), 2,5MPa (DN15-DN600)<\/span><\/span><\/td>\n<\/tr>\n<tr>\n<td><span style=\"vertical-align: inherit;\"><span style=\"vertical-align: inherit;\">N\u00famero do modelo\uff1a<\/span><\/span><\/td>\n<td><span style=\"vertical-align: inherit;\"><span style=\"vertical-align: inherit;\">outros<\/span><\/span><\/td>\n<td><span style=\"vertical-align: inherit;\"><span style=\"vertical-align: inherit;\">Sensor\uff1a<\/span><\/span><\/td>\n<td><span style=\"vertical-align: inherit;\"><span style=\"vertical-align: inherit;\">0\u2103- +80\u2103 ou -25\u2103- +120\u2103 ou +70\u2103- +250\u2103<\/span><\/span><\/td>\n<\/tr>\n<tr>\n<td><span style=\"vertical-align: inherit;\"><span style=\"vertical-align: inherit;\">Nome do produto\uff1a<\/span><\/span><\/td>\n<td><span style=\"vertical-align: inherit;\"><span style=\"vertical-align: inherit;\">Medidor de caudal de \u00e1gua qu\u00edmica digital inteligente eletromagn\u00e9tico<\/span><\/span><\/td>\n<td><span style=\"vertical-align: inherit;\"><span style=\"vertical-align: inherit;\">Detalhes da embalagem\uff1a<\/span><\/span><\/td>\n<td><span style=\"vertical-align: inherit;\"><span style=\"vertical-align: inherit;\">1 conjunto por embalagem ou conforme o pedido do cliente<\/span><\/span><\/td>\n<\/tr>\n<tr>\n<td><span style=\"vertical-align: inherit;\"><span style=\"vertical-align: inherit;\">Di\u00e2metro nominal\uff1a<\/span><\/span><\/td>\n<td><span style=\"vertical-align: inherit;\"><span style=\"vertical-align: inherit;\">3-3480mm<\/span><\/span><\/td>\n<td><span style=\"vertical-align: inherit;\"><span style=\"vertical-align: inherit;\">Capacidade de fornecimento\uff1a<\/span><\/span><\/td>\n<td><span style=\"vertical-align: inherit;\"><span style=\"vertical-align: inherit;\">2444 Set\/Sets per Month<\/span><\/span><\/td>\n<\/tr>\n<tr>\n<td><span style=\"vertical-align: inherit;\"><span style=\"vertical-align: inherit;\">gama de velocidades\uff1a<\/span><\/span><\/td>\n<td><span style=\"vertical-align: inherit;\"><span style=\"vertical-align: inherit;\">0-15m\/s<\/span><\/span><\/td>\n<td><span style=\"vertical-align: inherit;\"><span style=\"vertical-align: inherit;\">Quantidade (conjuntos)\uff1a<\/span><\/span><\/td>\n<td><span style=\"vertical-align: inherit;\"><span style=\"vertical-align: inherit;\">&gt; 30<\/span><\/span><\/td>\n<\/tr>\n<tr>\n<td><span style=\"vertical-align: inherit;\"><span style=\"vertical-align: inherit;\">Grau de precis\u00e3o\uff1a<\/span><\/span><\/td>\n<td><span style=\"vertical-align: inherit;\"><span style=\"vertical-align: inherit;\">\u00b10,5%R, \u00b11%R ( &lt; DN20)<\/span><\/span><\/td>\n<td><span style=\"vertical-align: inherit;\"><span style=\"vertical-align: inherit;\">Prazo de execu\u00e7\u00e3o (dias)\uff1a<\/span><\/span><\/td>\n<td><span style=\"vertical-align: inherit;\"><span style=\"vertical-align: inherit;\">A ser negociado<\/span><\/span><\/td>\n<\/tr>\n<\/tbody>\n<\/table>\n<p>&nbsp;<\/p>\n<p><strong><\/strong><\/p>\n<p style=\"text-align:center;\"><img src=\"https:\/\/www.hginstrument.com\/wp-content\/uploads\/2021\/07\/in-line-pipeline-type-hgd-electromagnetic-flow-meter.jpg\" atl=\"water flow meter 1\" title=\"water flow meter 1\"><\/p>\n<p><strong><\/strong><\/p>\n<p style=\"text-align:center;\"><img src=\"https:\/\/www.hginstrument.com\/wp-content\/uploads\/2021\/07\/insertion-01.jpg\" atl=\"water flow meter 1\" title=\"water flow meter 1\"><\/p>\n<p><strong><\/strong><\/p>\n<p style=\"text-align:center;\"><img src=\"https:\/\/www.hginstrument.com\/wp-content\/uploads\/2021\/07\/sanitary-mag-1.jpg\" atl=\"water flow meter 1\" title=\"water flow meter 1\"><\/p>\n<p><strong>water flow meter 1 FAQs Guide.<\/p>\n<p>At the heart of our water flow meter 1 series lies a commitment to excellence, blending advanced sensor technology with user-friendly interfaces. From liquid to gas, our meters deliver unparalleled accuracy, empowering you to make informed decisions and streamline operations. As we usher in a new era of fluid measurement, we invite you to explore the limitless possibilities that our water flow meter 1s unlock \u2013 where precision meets performance, and innovation flows seamlessly.<\/strong><\/p>\n<div style=\"border:3px solid #f89900;margin:20px 0;padding:20px;\"><a href=\"\/pt\/water-flow-meter-1\/#01\">1.What is the format of the water flow meter 1\u2019s output signal?<\/a><br \/><a href=\"\/pt\/water-flow-meter-1\/#02\">2.What is the main principle of water flow meter 1?<\/a><br \/><a href=\"\/pt\/water-flow-meter-1\/#03\">3.Does the water flow meter 1 have an automatic alarm function?<\/a><br \/><a href=\"\/pt\/water-flow-meter-1\/#04\">4.About water flow meter 1 R&#038;D capabilities<\/a><br \/><a href=\"\/pt\/water-flow-meter-1\/#05\">5.Is the measuring unit of the water flow meter 1 replaceable?<\/a><br \/><a href=\"\/pt\/water-flow-meter-1\/#06\">6.About water flow meter 1 technology<\/a><br \/><a href=\"\/pt\/water-flow-meter-1\/#07\">7.About water flow meter 1 quality system<\/a><br \/><a href=\"\/pt\/water-flow-meter-1\/#08\">8.How does a water flow meter 1 measure flow?<\/a><br \/><a href=\"\/pt\/water-flow-meter-1\/#09\">9.About water flow meter 1 production equipment<\/a><br \/><a href=\"\/pt\/water-flow-meter-1\/#010\">10.Are water flow meter 1 measurement results traceable?<\/a><br \/><a href=\"\/pt\/water-flow-meter-1\/#11\">11.What is the measuring range of water flow meter 1?<\/a><br \/><a href=\"\/pt\/water-flow-meter-1\/#12\">12.What are the common faults and solutions of water flow meter 1s?<\/a><br \/><a href=\"\/pt\/water-flow-meter-1\/#13\">13.About water flow meter 1 R&#038;D capabilities<\/a><br \/><a href=\"\/pt\/water-flow-meter-1\/#14\">14.About water flow meter 1 production skills training<\/a><br \/><a href=\"\/pt\/water-flow-meter-1\/#15\">15.About water flow meter 1 delivery date<\/a><br \/><a href=\"\/pt\/water-flow-meter-1\/#16\">16.What is the weight and dimensions of the water flow meter 1?<\/a><br \/><a href=\"\/pt\/water-flow-meter-1\/#17\">17.About water flow meter 1 warranty<\/a><\/div>\n<div name=\"01\" id=\"01\">\n<p><strong>1.What is the format of the water flow meter 1\u2019s output signal?<\/strong><\/p>\n<p>We continuously upgrade our skills and knowledge to adapt to changing water flow meter 1 market needs.<br \/>\nO formato do sinal de sa\u00edda do medidor de caudal depende do tipo de medidor de caudal que est\u00e1 a ser utilizado. Os formatos de sinal de sa\u00edda comuns incluem impulsos, frequ\u00eancia, tens\u00e3o e corrente.<\/p>\n<\/div>\n<div name=\"02\" id=\"02\">\n<p><strong>2.What is the main principle of water flow meter 1?<\/strong><\/p>\n<p>Our water flow meter 1 products undergo strict quality control to ensure customer satisfaction.<br \/>\nO princ\u00edpio principal de um medidor de caudal \u00e9 medir o caudal de um fluido ou g\u00e1s atrav\u00e9s de um tubo ou outro recipiente. Normalmente, isto \u00e9 feito medindo a queda de press\u00e3o atrav\u00e9s de uma restri\u00e7\u00e3o conhecida no tubo, ou medindo a velocidade do fluido ou g\u00e1s \u00e0 medida que passa pelo tubo.<\/p>\n<\/div>\n<div name=\"03\" id=\"03\">\n<p><strong>3.Does the water flow meter 1 have an automatic alarm function?<\/strong><\/p>\n<p>Aderimos ao princ\u00edpio da qualidade em primeiro lugar e temos um sistema completo de gest\u00e3o da qualidade da produ\u00e7\u00e3o e um processo de inspe\u00e7\u00e3o da qualidade.<br \/>\nMuitos medidores de caudal t\u00eam uma fun\u00e7\u00e3o de alarme autom\u00e1tico, mas isso depende do modelo espec\u00edfico. \u00c9 melhor verificar as especifica\u00e7\u00f5es do produto para determinar se o medidor de caudal que est\u00e1 a considerar tem esta fun\u00e7\u00e3o.<\/p>\n<\/div>\n<div name=\"04\" id=\"04\">\n<p><strong>4.About water flow meter 1 R&#038;D capabilities<\/strong><\/p>\n<p>As capacidades de I&amp;D de caudal\u00edmetros referem-se \u00e0 capacidade de uma empresa ou organiza\u00e7\u00e3o para investigar, desenvolver e fabricar caudal\u00edmetros. Isto inclui a capacidade de conceber, testar e fabricar caudal\u00edmetros que satisfa\u00e7am os requisitos dos clientes e as normas da ind\u00fastria. Inclui tamb\u00e9m a capacidade de desenvolver novas tecnologias e produtos para satisfazer as necessidades em constante mudan\u00e7a da ind\u00fastria. As empresas com fortes capacidades de I&amp;D s\u00e3o capazes de se manter \u00e0 frente da concorr\u00eancia e fornecer aos clientes os caudal\u00edmetros mais avan\u00e7ados e fi\u00e1veis.<\/p>\n<\/div>\n<div name=\"05\" id=\"05\">\n<p><strong>5.Is the measuring unit of the water flow meter 1 replaceable?<\/strong><\/p>\n<p>As one of the top water flow meter 1 manufacturers in China, we take this very seriously.<br \/>\nSim, a unidade de medi\u00e7\u00e3o de um medidor de caudal \u00e9 substitu\u00edvel.<\/p>\n<p><img src=\"https:\/\/www.hginstrument.com\/wp-content\/uploads\/2021\/07\/in-line-pipeline-type-hgd-electromagnetic-flow-meter.jpg\" alt=\"Is the measuring unit of the water flow meter 1 replaceable?\" title=\"Is the measuring unit of the water flow meter 1 replaceable?\" style=\"max-width: 100%;\"><\/div>\n<div name=\"06\" id=\"06\">\n<p><strong>6.About water flow meter 1 technology<\/strong><\/p>\n<p>A tecnologia de medidores de caudal \u00e9 um tipo de tecnologia de medi\u00e7\u00e3o utilizada para medir o caudal de um fluido ou g\u00e1s. \u00c9 utilizada numa variedade de ind\u00fastrias, incluindo petr\u00f3leo e g\u00e1s, \u00e1gua e \u00e1guas residuais, e processamento qu\u00edmico. Os medidores de caudal medem o caudal de um fluido ou g\u00e1s atrav\u00e9s da medi\u00e7\u00e3o da press\u00e3o, velocidade ou outras propriedades f\u00edsicas do fluido ou g\u00e1s. Os medidores de caudal podem ser utilizados para medir o caudal de l\u00edquidos, gases e vapor. S\u00e3o utilizados para medir o caudal de uma variedade de fluidos, incluindo \u00e1gua, \u00f3leo e produtos qu\u00edmicos. Os medidores de caudal s\u00e3o utilizados numa variedade de aplica\u00e7\u00f5es, incluindo o controlo de processos, a gest\u00e3o de energia e a monitoriza\u00e7\u00e3o da seguran\u00e7a.<\/p>\n<\/div>\n<div name=\"07\" id=\"07\">\n<p><strong>7.About water flow meter 1 quality system<\/strong><\/p>\n<p>Um sistema de qualidade de medidores de caudal \u00e9 um conjunto de processos e procedimentos que s\u00e3o utilizados para garantir que os medidores de caudal s\u00e3o fabricados e testados de forma a cumprirem os mais elevados padr\u00f5es de precis\u00e3o e fiabilidade. O sistema inclui medidas de controlo de qualidade, como a inspe\u00e7\u00e3o do material recebido, a inspe\u00e7\u00e3o durante o processo e o teste do produto final. Inclui tamb\u00e9m documenta\u00e7\u00e3o e manuten\u00e7\u00e3o de registos para garantir que todos os processos s\u00e3o seguidos e que quaisquer problemas s\u00e3o tratados de forma r\u00e1pida e eficaz. O sistema foi concebido para garantir que os medidores de caudal produzidos s\u00e3o da mais elevada qualidade e cumprem os requisitos do cliente.<\/p>\n<\/div>\n<div name=\"08\" id=\"08\">\n<p><strong>8.How does a water flow meter 1 measure flow?<\/strong><\/p>\n<p>We operate our water flow meter 1 business with integrity and honesty.<br \/>\nUm medidor de caudal mede o caudal atrav\u00e9s da medi\u00e7\u00e3o da velocidade de um fluido \u00e0 medida que este passa atrav\u00e9s de um tubo ou outra conduta. Normalmente, isto \u00e9 feito medindo a queda de press\u00e3o numa \u00e1rea conhecida, ou medindo o tempo que demora um volume de fluido a passar por uma \u00e1rea conhecida. Outros m\u00e9todos incluem a utiliza\u00e7\u00e3o de uma turbina, roda de p\u00e1s ou transdutor ultrass\u00f3nico para medir a velocidade do fluido.<\/p>\n<\/div>\n<div name=\"09\" id=\"09\">\n<p><strong>9.About water flow meter 1 production equipment<\/strong><\/p>\n<p>O equipamento de produ\u00e7\u00e3o de flux\u00f3metros \u00e9 utilizado para fabricar flux\u00f3metros, que s\u00e3o dispositivos utilizados para medir a taxa de fluxo de um l\u00edquido ou g\u00e1s. Este equipamento inclui normalmente uma variedade de m\u00e1quinas e ferramentas, tais como tornos, fresadoras, prensas de perfura\u00e7\u00e3o e m\u00e1quinas CNC. Inclui tamb\u00e9m ferramentas especializadas para montar e testar medidores de caudal. O equipamento utilizado para produzir medidores de caudal \u00e9 altamente especializado e deve ser capaz de produzir resultados precisos e fi\u00e1veis.<\/p>\n<\/div>\n<div name=\"010\" id=\"010\">\n<p><strong>10.Are water flow meter 1 measurement results traceable?<\/strong><\/p>\n<p>Our company has many years of water flow meter 1 experience and expertise.<br \/>\nSim, os resultados da medi\u00e7\u00e3o do medidor de caudal podem ser rastre\u00e1veis. A rastreabilidade \u00e9 a capacidade de rastrear o hist\u00f3rico, a aplica\u00e7\u00e3o ou a localiza\u00e7\u00e3o de um item por meio de uma identifica\u00e7\u00e3o documentada e registada. Os caudal\u00edmetros s\u00e3o tipicamente calibrados utilizando um padr\u00e3o rastre\u00e1vel, tal como um padr\u00e3o de calibra\u00e7\u00e3o rastre\u00e1vel NIST. Isto assegura que os resultados das medi\u00e7\u00f5es do caudal\u00edmetro s\u00e3o rastre\u00e1veis a um padr\u00e3o conhecido.<\/p>\n<p><img src=\"https:\/\/www.hginstrument.com\/wp-content\/uploads\/2021\/07\/hgrs-1.jpg\" alt=\"Are water flow meter 1 measurement results traceable?\" title=\"Are water flow meter 1 measurement results traceable?\" style=\"max-width: 100%;\"><\/div>\n<div name=\"11\" id=\"11\">\n<p><strong>11.What is the measuring range of water flow meter 1?<\/strong><\/p>\n<p>We continuously upgrade our skills and knowledge to adapt to changing water flow meter 1 market needs.<br \/>\nA gama de medi\u00e7\u00e3o de um medidor de caudal depende do tipo de medidor de caudal utilizado. Geralmente, a gama de medi\u00e7\u00e3o de um medidor de caudal pode variar entre 0,01 e 1000 litros por minuto.<\/p>\n<\/div>\n<div name=\"12\" id=\"12\">\n<p><strong>12.What are the common faults and solutions of water flow meter 1s?<\/strong><\/p>\n<p>Mantemos um certo montante de investimento em I&amp;D todos os anos e melhoramos continuamente a efici\u00eancia operacional para prestar melhores servi\u00e7os aos nossos clientes cooperativos.<br \/>\nAs falhas e solu\u00e7\u00f5es comuns dos medidores de caudal incluem:<\/p>\n<p>1. Baixa precis\u00e3o: Esta situa\u00e7\u00e3o \u00e9 normalmente causada por uma instala\u00e7\u00e3o ou calibra\u00e7\u00e3o incorrecta. Para resolver este problema, verifique a instala\u00e7\u00e3o e a calibra\u00e7\u00e3o do medidor de caudal e certifique-se de que est\u00e3o correctas.<\/p>\n<p>2. Fugas: Esta situa\u00e7\u00e3o \u00e9 normalmente causada por um vedante gasto ou danificado. Para resolver este problema, substitua a junta por uma nova.<\/p>\n<p>3. Entupimento: Isto \u00e9 normalmente causado por detritos ou outras part\u00edculas que bloqueiam o medidor de caudal. Para resolver este problema, limpe o medidor de caudal e remova quaisquer detritos ou part\u00edculas.<\/p>\n<p>4. Corros\u00e3o: Geralmente \u00e9 causada pela exposi\u00e7\u00e3o a l\u00edquidos ou gases corrosivos. Para resolver este problema, substitua todas as pe\u00e7as corro\u00eddas e utilize um material resistente \u00e0 corros\u00e3o para o medidor de caudal.<\/p>\n<\/div>\n<div name=\"13\" id=\"13\">\n<p><strong>13.About water flow meter 1 R&#038;D capabilities<\/strong><\/p>\n<p>As capacidades de I&amp;D de caudal\u00edmetros referem-se \u00e0 capacidade de uma empresa ou organiza\u00e7\u00e3o para investigar, desenvolver e fabricar caudal\u00edmetros. Isto inclui a capacidade de conceber, testar e fabricar caudal\u00edmetros que satisfa\u00e7am os requisitos dos clientes e as normas da ind\u00fastria. Inclui tamb\u00e9m a capacidade de desenvolver novas tecnologias e produtos para satisfazer as necessidades em constante mudan\u00e7a da ind\u00fastria. As empresas com fortes capacidades de I&amp;D s\u00e3o capazes de se manter \u00e0 frente da concorr\u00eancia e fornecer aos clientes os caudal\u00edmetros mais avan\u00e7ados e fi\u00e1veis.<\/p>\n<\/div>\n<div name=\"14\" id=\"14\">\n<p><strong>14.About water flow meter 1 production skills training<\/strong><\/p>\n<p>A forma\u00e7\u00e3o em compet\u00eancias de produ\u00e7\u00e3o de caudal\u00edmetros foi concebida para ensinar aos t\u00e9cnicos e engenheiros as compet\u00eancias necess\u00e1rias para produzir e manter caudal\u00edmetros. A forma\u00e7\u00e3o abrange t\u00f3picos como os princ\u00edpios da medi\u00e7\u00e3o de caudal, os tipos de caudal\u00edmetros dispon\u00edveis, a instala\u00e7\u00e3o e manuten\u00e7\u00e3o de caudal\u00edmetros e t\u00e9cnicas de resolu\u00e7\u00e3o de problemas. A forma\u00e7\u00e3o tamb\u00e9m abrange a utiliza\u00e7\u00e3o de software inform\u00e1tico para analisar e interpretar dados de caudal. A forma\u00e7\u00e3o \u00e9 normalmente realizada em sala de aula e pode incluir actividades pr\u00e1ticas.<\/p>\n<\/div>\n<div name=\"15\" id=\"15\">\n<p><strong>15.About water flow meter 1 delivery date<\/strong><\/p>\n<p>A data de entrega de um medidor de caudal depender\u00e1 do tipo de medidor de caudal, do fabricante e da disponibilidade do produto. Geralmente, a maioria dos medidores de caudal pode ser entregue no prazo de alguns dias a algumas semanas. No entanto, alguns caudal\u00edmetros especializados podem demorar mais tempo a ser entregues. \u00c9 melhor contactar diretamente o fabricante para obter uma data de entrega precisa.<\/p>\n<p><img src=\"https:\/\/www.hginstrument.com\/wp-content\/uploads\/2021\/07\/dsrt-1.jpg\" alt=\"About water flow meter 1 delivery date\" title=\"About water flow meter 1 delivery date\" style=\"max-width: 100%;\"><\/div>\n<div name=\"16\" id=\"16\">\n<p><strong>16.What is the weight and dimensions of the water flow meter 1?<\/strong><\/p>\n<p>Os nossos produtos e servi\u00e7os abrangem uma vasta gama de \u00e1reas e satisfazem as necessidades de diferentes dom\u00ednios.<br \/>\nO peso e as dimens\u00f5es do medidor de caudal dependem do modelo espec\u00edfico e do fabricante. Geralmente, os caudal\u00edmetros variam em tamanho, desde pequenos dispositivos port\u00e1teis a grandes unidades industriais. O peso de um caudal\u00edmetro pode variar entre algumas on\u00e7as e v\u00e1rias centenas de libras.<\/p>\n<\/div>\n<div name=\"17\" id=\"17\">\n<p><strong>17.About water flow meter 1 warranty<\/strong><\/p>\n<p>As garantias dos caudal\u00edmetros variam consoante o fabricante e o tipo de caudal\u00edmetro. Geralmente, as garantias cobrem defeitos de materiais e de fabrico, e podem tamb\u00e9m cobrir certos tipos de danos causados pela utiliza\u00e7\u00e3o normal. Algumas garantias podem tamb\u00e9m cobrir danos causados por instala\u00e7\u00e3o ou utiliza\u00e7\u00e3o incorrecta. \u00c9 importante ler as informa\u00e7\u00f5es de garantia fornecidas pelo fabricante para entender a cobertura espec\u00edfica e as limita\u00e7\u00f5es da garantia.<\/p>\n<\/div>\n<p>Etiqueta\uff1a<a href=\"\/pt\/magnetic-flow-meter\/flow-meter-for-water-hose\/\">flow meter for water hose<\/a>,<a href=\"\/pt\/magnetic-flow-meter\/external-water-flow-meter\/\">caudal\u00edmetro externo de \u00e1gua<\/a>,<a href=\"\/pt\/magnetic-flow-meter\/hand-held-ultrasonic-flow-meter\/\">medidor de caudal ultrass\u00f3nico port\u00e1til<\/a>,<a href=\"\/pt\/magnetic-flow-meter\/tank-flow-meter\/\">tank flow meter<\/a><\/p>\n<p><\/p>","protected":false},"excerpt":{"rendered":"<p><strong>Dados t\u00e9cnicos<\/strong><br \/>\nPode servir fluidos l\u00edquidos ou gasosos, sendo normalmente utilizado para medir o caudal de vapor, vapor, ar e g\u00e1s natural.<br \/>\nTamanho do contador: Tipo em linha: DN25 - DN300<br \/>\nOp\u00e7\u00e3o de material h\u00famido: SS304, SS316<br \/>\nTemperatura de funcionamento: \u2264250\u2103<br \/>\nLiga\u00e7\u00e3o ao processo: Wafer \/ Flange \/ Tri-clamp para o tipo In-line<br \/>\nPrecis\u00e3o de medi\u00e7\u00e3o: 1,0 % - 1,5% do intervalo de calibra\u00e7\u00e3o<br \/>\nIndicador digital: apresenta o caudal instant\u00e2neo e o caudal total<br \/>\nFonte de alimenta\u00e7\u00e3o: 24VDC, Sa\u00edda: 4-20mA<\/p>\n<p><strong>caracter\u00edsticas<\/strong><br \/>\n1. pontos de regula\u00e7\u00e3o ON\/OFF ajust\u00e1veis<br \/>\n2. modo de alarme de caudal alto ou baixo<br \/>\n3. tempo de atraso ajust\u00e1vel<br \/>\n4. LED de estado do rel\u00e9<\/p>","protected":false},"featured_media":3691,"comment_status":"closed","ping_status":"closed","template":"","meta":[],"product_cat":[2372],"product_tag":[],"acf":[],"_links":{"self":[{"href":"https:\/\/www.hginstrument.com\/pt\/wp-json\/wp\/v2\/product\/6098"}],"collection":[{"href":"https:\/\/www.hginstrument.com\/pt\/wp-json\/wp\/v2\/product"}],"about":[{"href":"https:\/\/www.hginstrument.com\/pt\/wp-json\/wp\/v2\/types\/product"}],"replies":[{"embeddable":true,"href":"https:\/\/www.hginstrument.com\/pt\/wp-json\/wp\/v2\/comments?post=6098"}],"wp:featuredmedia":[{"embeddable":true,"href":"https:\/\/www.hginstrument.com\/pt\/wp-json\/wp\/v2\/media\/3691"}],"wp:attachment":[{"href":"https:\/\/www.hginstrument.com\/pt\/wp-json\/wp\/v2\/media?parent=6098"}],"wp:term":[{"taxonomy":"product_cat","embeddable":true,"href":"https:\/\/www.hginstrument.com\/pt\/wp-json\/wp\/v2\/product_cat?post=6098"},{"taxonomy":"product_tag","embeddable":true,"href":"https:\/\/www.hginstrument.com\/pt\/wp-json\/wp\/v2\/product_tag?post=6098"}],"curies":[{"name":"wp","href":"https:\/\/api.w.org\/{rel}","templated":true}]}}