{"id":615,"date":"2021-01-29T15:45:50","date_gmt":"2021-01-29T07:45:50","guid":{"rendered":"http:\/\/201230ip92c2.adwebcloud.com\/?post_type=product&#038;p=615"},"modified":"2021-10-11T13:52:02","modified_gmt":"2021-10-11T05:52:02","slug":"hg-50-metal-tube-rotameter-new-modle-sy-lz","status":"publish","type":"product","link":"https:\/\/www.hginstrument.com\/pt\/flow-instrument\/hg-50-metal-tube-rotameter-new-modle-sy-lz\/","title":{"rendered":"Rot\u00e2metro de tubo met\u00e1lico HG-50 (novo modelo: SY-LZ)"},"content":{"rendered":"<h5><strong>Caracter\u00edstica<\/strong><\/h5>\n<ul>\n<li>Serve Liquid or Gas fluid, suitable to measure small flow rate<\/li>\n<li>Meter size: DN15 to DN150,\u00a0 DN15 \u2013 DN50 connection option: Thread, Flange, Tri-clamp, DN50 above connection option: Flange, Tri-clamp<\/li>\n<li>Mounting direction option:\u00a0 Vertically mounting, Horizontally mounting (on request)<\/li>\n<li>Process connection option: Flange,\u00a0 Tri-clamp, Thread<\/li>\n<li>Range ability: 10 : 1<\/li>\n<li>Measuring accuracy: 1.0 % &#8211; 1.5% of calibration range<\/li>\n<li>Indicator option:\u00a0 Mechanical indicator: -only indicate instant flow;\u00a0 Digital indicator: -display instant flow and total flow<\/li>\n<li>Power supply option: 24VDC \/ 220VAC \/ 3.6V battery<\/li>\n<li>Output: 4-20mA (for powered by 24VDC &amp; 220VAC)<\/li>\n<li>Communication option: RS485 ( Modbus protocol),\u00a0 HART<\/li>\n<li>Electrical connection: M20*1.5, Ex-protection: Exd IIBT4<\/li>\n<li>Wetted material option: SS304, SS316, SS316L, PTFE lining<\/li>\n<li>Can be configured with flow rate Upper-limit alarm\u00a0 and Lower-limit alarm\u00a0 (alarm function is available for powered by 24VDC &amp; 220VAC)<\/li>\n<\/ul>\n<h5><\/h5>\n<h5>Dados t\u00e9cnicos<\/h5>\n<p>\u25cf Measuring Range: water (20\u2103) 6\uff5e15000 l\/h;\u00a0 Air (0.1013MPa 20\u2103) 0.05\uff5e4000 m3\/h<br \/>\n\u25cf Turndown Ratio: 10:1\u00a0 (20:1 for special type)<br \/>\n\u25cf Accuracy:\u00a0 1.5 (1.0 for special type)<br \/>\n\u25cf Operation Pressure:\u00a0 DN15\uff5eDN50 PN4.0MPa\u00a0 DN80\uff5eDN200 PN1.6MPa (other pressure need to customize)<br \/>\n\u25cf Medium Temperature: Normal temperature -20\u2103\uff5e120\u2103,\u00a0 high temperature 120 ~ 250\u2103<br \/>\n\u25cf Ambient temperature:\u00a0 -40\u2103 ~ +120\u2103(electrical remote type -10 ~ 65\u2103)<br \/>\n\u25cf Viscosity DN15\uff1a \u22645mPa.s(H15.1\uff5eH15.3); \u226430mPa.s(H15.4\uff5eH15.9);\u00a0 DN25\uff1a \u2264250mPa.s;\u00a0 DN50\uff5eDN150\uff1a\u2264300mPa.s<br \/>\n\u25cf LCD Display,\u00a0 instant flow indication range: 0 ~ 50000<br \/>\n\u25cf Accumulative flow indication range: 0 ~ 99999999<br \/>\n\u25cf Output standard signal: two-wire 4~20 mA<br \/>\n\u25cf Pulse signal: minimum interval 50ms<br \/>\n\u25cf Alarm signal: collector open, MAX100mA@30VDC internal impedance 100\u03a9<br \/>\n\u25cf Power Supply:\u00a0 standard type 24V DC (10.8VDC ~ 36VDC);\u00a0 AC: 220V AC (85 ~ 265V AC);\u00a0 Battery type: 3.6@4AH Nickel-hydrogen battery<br \/>\n\u25cf Connection Standard\uff1a DIN2501 or ANSI Flange,\u00a0 Special Other standards on request<br \/>\n\u25cf Electrical Connection:\u00a0 M20\u00d71.5;\u00a0 1\/2\u201dNPT (optional)<br \/>\n\u25cf Enclosure Protection: IP65;\u00a0 Explosion Proof:\u00a0 Intrinsically safe- ExiaIICT3\uff5e6;\u00a0 Explosion isolation- ExdIIBT4<\/p>\n<p>&nbsp;<\/p>\n<p><strong>Field installation<\/strong><\/p>\n<p><img class=\"alignnone wp-image-629 size-full\" src=\"http:\/\/www.hginstrument.com\/wp-content\/uploads\/2021\/01\/hg-50-install1.jpg\" alt=\"hg 50 install1\" width=\"590\" height=\"382\" srcset=\"https:\/\/www.hginstrument.com\/wp-content\/uploads\/2021\/01\/hg-50-install1.jpg 590w, https:\/\/www.hginstrument.com\/wp-content\/uploads\/2021\/01\/hg-50-install1-300x194.jpg 300w\" sizes=\"(max-width: 590px) 100vw, 590px\" \/><\/p>\n<p>&nbsp;<\/p>\n<p>&nbsp;<\/p>","protected":false},"excerpt":{"rendered":"<p>Product name: Metal Tube Rotameter, also called Variable Area Flow Meter<\/p>\n<p>Application: Measure volume flow of liquid or gas,\u00a0 suitable for small flow rate process condition.<\/p>\n<p>&nbsp;<\/p>","protected":false},"featured_media":1397,"comment_status":"closed","ping_status":"closed","template":"","meta":[],"product_cat":[75,338],"product_tag":[],"acf":[],"_links":{"self":[{"href":"https:\/\/www.hginstrument.com\/pt\/wp-json\/wp\/v2\/product\/615"}],"collection":[{"href":"https:\/\/www.hginstrument.com\/pt\/wp-json\/wp\/v2\/product"}],"about":[{"href":"https:\/\/www.hginstrument.com\/pt\/wp-json\/wp\/v2\/types\/product"}],"replies":[{"embeddable":true,"href":"https:\/\/www.hginstrument.com\/pt\/wp-json\/wp\/v2\/comments?post=615"}],"wp:featuredmedia":[{"embeddable":true,"href":"https:\/\/www.hginstrument.com\/pt\/wp-json\/wp\/v2\/media\/1397"}],"wp:attachment":[{"href":"https:\/\/www.hginstrument.com\/pt\/wp-json\/wp\/v2\/media?parent=615"}],"wp:term":[{"taxonomy":"product_cat","embeddable":true,"href":"https:\/\/www.hginstrument.com\/pt\/wp-json\/wp\/v2\/product_cat?post=615"},{"taxonomy":"product_tag","embeddable":true,"href":"https:\/\/www.hginstrument.com\/pt\/wp-json\/wp\/v2\/product_tag?post=615"}],"curies":[{"name":"wp","href":"https:\/\/api.w.org\/{rel}","templated":true}]}}